{"id":86008,"date":"2025-08-18T11:54:37","date_gmt":"2025-08-18T10:54:37","guid":{"rendered":"https:\/\/truusk.store\/product\/sittstege-for-hons-4-sittstanger-vaderbestandig-for-4-6-hons-stal-tra\/"},"modified":"2026-03-12T09:37:11","modified_gmt":"2026-03-12T08:37:11","slug":"truusk-sittsteg-for-hons-4-sittstanger-vaderbestandig-for-4-6-hons-stal-tra","status":"publish","type":"product","link":"https:\/\/truusk.store\/sv\/produkt\/truusk-sittsteg-for-hons-4-sittstanger-vaderbestandig-for-4-6-hons-stal-tra\/","title":{"rendered":"TRUUSK Sittsteg f\u00f6r H\u00f6ns &#8211; 4 Sittst\u00e4nger &#8211; V\u00e4derbest\u00e4ndig &#8211; F\u00f6r 4-6 H\u00f6ns &#8211; St\u00e5l\/Tr\u00e4"},"content":{"rendered":"<p>Nu kan \u00e4ven dina h\u00f6ns kl\u00e4ttra upp p\u00e5 (karri\u00e4r-)stegen &#8211; med stegen fr\u00e5n TRUUSK! Tillverkad av robusta galvaniserade st\u00e5lr\u00f6r och h\u00f6gkvalitativa tr\u00e4pinnar, erbjuder denna innovativa sittsteg fyra plattformar p\u00e5 olika h\u00f6jder. Dina h\u00f6ns kommer att \u00e4lska att observera v\u00e4rlden uppifr\u00e5n medan de vilar, putsar sig eller fladdrar. Skapa en naturlig livsmilj\u00f6 som fr\u00e4mjar dina djurs v\u00e4lbefinnande och samtidigt skapar en harmonisk stallmilj\u00f6.<\/p>\n<p>Beskrivning:<\/p>\n<ul>\n<li> En rymlig design som ger h\u00f6nsen plats att vila<\/li>\n<li> V\u00e4derbest\u00e4ndiga, galvaniserade st\u00e5lr\u00f6r och tr\u00e4pinnar f\u00f6r maximal stabilitet<\/li>\n<li> Fyra separata sittst\u00e4nger, staplade vertikalt, erbjuder olika viloh\u00f6jder<\/li>\n<li> Ger h\u00f6norna m\u00f6jlighet att koppla av h\u00f6gt eller l\u00e5gt, beroende p\u00e5 individuell preferens eller dagens aktiviteter<\/li>\n<li> Passar s\u00f6ml\u00f6st in i de flesta standardh\u00f6nshus med 25mm-r\u00f6r f\u00f6r en enhetlig heminredning<\/li>\n<li> L\u00e4mplig f\u00f6r fyra till sex h\u00f6ns<\/li>\n<li> Montering kr\u00e4vs<\/li>\n<\/ul>\n<p>Tekniska data:<\/p>\n<ul>\n<li> F\u00e4rg: Silver+Naturtr\u00e4<\/li>\n<li> Material: Galvaniserat st\u00e5lr\u00f6r, grantr\u00e4<\/li>\n<li> Totala dimensioner: 140L x 86B x 2,5H cm<\/li>\n<li> M\u00e5tt p\u00e5 tr\u00e4pinnarna: (L\u00e4ngd) 80L cm, (Avst\u00e5nd) 25L cm<\/li>\n<li> L\u00e4ngd p\u00e5 det galvaniserade r\u00f6ret: 72L \/ 66L cm<\/li>\n<li> R\u00f6rets dimensioner: 25 mm i diameter<\/li>\n<li> B\u00e4rkapacitet: 10 kg<\/li>\n<\/ul>\n<p>Leveransinneh\u00e5ll:<\/p>\n<ul>\n<li> 1 x H\u00f6ns-sittstege<\/li>\n<li> 1 x Manual<\/li>\n<\/ul>\n","protected":false},"excerpt":{"rendered":"<p>Nu kan \u00e4ven dina h\u00f6ns kl\u00e4ttra upp p\u00e5 (karri\u00e4r-)stegen &#8211; med stegen fr\u00e5n TRUUSK! Tillverkad av robusta galvaniserade st\u00e5lr\u00f6r och&#8230;<\/p>\n","protected":false},"featured_media":85999,"template":"","meta":[],"product_brand":[],"product_cat":[895,601,602],"product_tag":[],"class_list":{"0":"post-86008","1":"product","2":"type-product","3":"status-publish","4":"has-post-thumbnail","6":"product_cat-djurutrustning","7":"product_cat-fageltillbehor","8":"product_cat-honshus","10":"first","11":"instock","12":"sale","13":"taxable","14":"shipping-taxable","15":"purchasable","16":"product-type-simple"},"yoast_head":"<!-- This site is optimized with the Yoast SEO plugin v25.4 - https:\/\/yoast.com\/wordpress\/plugins\/seo\/ -->\n<title>TRUUSK Sittsteg f\u00f6r H\u00f6ns - 4 Sittst\u00e4nger - V\u00e4derbest\u00e4ndig - F\u00f6r 4-6 H\u00f6ns - St\u00e5l\/Tr\u00e4 - TRUUSK - Hem, Tr\u00e4dg\u00e5rd &amp; Fritid<\/title>\n<meta name=\"robots\" content=\"index, follow, max-snippet:-1, max-image-preview:large, max-video-preview:-1\" \/>\n<link rel=\"canonical\" href=\"https:\/\/truusk.store\/sv\/produkt\/truusk-sittsteg-for-hons-4-sittstanger-vaderbestandig-for-4-6-hons-stal-tra\/\" \/>\n<meta property=\"og:locale\" content=\"sv_SE\" \/>\n<meta property=\"og:type\" content=\"article\" \/>\n<meta property=\"og:title\" content=\"TRUUSK Sittsteg f\u00f6r H\u00f6ns - 4 Sittst\u00e4nger - V\u00e4derbest\u00e4ndig - F\u00f6r 4-6 H\u00f6ns - St\u00e5l\/Tr\u00e4 - TRUUSK - Hem, Tr\u00e4dg\u00e5rd &amp; Fritid\" \/>\n<meta property=\"og:description\" content=\"Nu kan \u00e4ven dina h\u00f6ns kl\u00e4ttra upp p\u00e5 (karri\u00e4r-)stegen &#8211; med stegen fr\u00e5n TRUUSK! Tillverkad av robusta galvaniserade st\u00e5lr\u00f6r och...\" \/>\n<meta property=\"og:url\" content=\"https:\/\/truusk.store\/sv\/produkt\/truusk-sittsteg-for-hons-4-sittstanger-vaderbestandig-for-4-6-hons-stal-tra\/\" \/>\n<meta property=\"og:site_name\" content=\"TRUUSK - Hem, Tr\u00e4dg\u00e5rd &amp; Fritid\" \/>\n<meta property=\"article:modified_time\" content=\"2026-03-12T08:37:11+00:00\" \/>\n<meta property=\"og:image\" content=\"https:\/\/i0.wp.com\/truusk.se\/wp-content\/uploads\/2025\/08\/sittstege-for-hons-4-sittstanger-vaderbestandig-for-4-6-hons-stal-tra-1.webp?fit=2000%2C2000&ssl=1\" \/>\n\t<meta property=\"og:image:width\" content=\"2000\" \/>\n\t<meta property=\"og:image:height\" content=\"2000\" \/>\n\t<meta property=\"og:image:type\" content=\"image\/webp\" \/>\n<meta name=\"twitter:card\" content=\"summary_large_image\" \/>\n<meta name=\"twitter:label1\" content=\"Ber\u00e4knad l\u00e4stid\" \/>\n\t<meta name=\"twitter:data1\" content=\"1 minut\" \/>\n<!-- \/ Yoast SEO plugin. -->","yoast_head_json":{"title":"TRUUSK Sittsteg f\u00f6r H\u00f6ns - 4 Sittst\u00e4nger - V\u00e4derbest\u00e4ndig - F\u00f6r 4-6 H\u00f6ns - St\u00e5l\/Tr\u00e4 - TRUUSK - Hem, Tr\u00e4dg\u00e5rd &amp; Fritid","robots":{"index":"index","follow":"follow","max-snippet":"max-snippet:-1","max-image-preview":"max-image-preview:large","max-video-preview":"max-video-preview:-1"},"canonical":"https:\/\/truusk.store\/sv\/produkt\/truusk-sittsteg-for-hons-4-sittstanger-vaderbestandig-for-4-6-hons-stal-tra\/","og_locale":"sv_SE","og_type":"article","og_title":"TRUUSK Sittsteg f\u00f6r H\u00f6ns - 4 Sittst\u00e4nger - V\u00e4derbest\u00e4ndig - F\u00f6r 4-6 H\u00f6ns - St\u00e5l\/Tr\u00e4 - TRUUSK - Hem, Tr\u00e4dg\u00e5rd &amp; Fritid","og_description":"Nu kan \u00e4ven dina h\u00f6ns kl\u00e4ttra upp p\u00e5 (karri\u00e4r-)stegen &#8211; med stegen fr\u00e5n TRUUSK! Tillverkad av robusta galvaniserade st\u00e5lr\u00f6r och...","og_url":"https:\/\/truusk.store\/sv\/produkt\/truusk-sittsteg-for-hons-4-sittstanger-vaderbestandig-for-4-6-hons-stal-tra\/","og_site_name":"TRUUSK - Hem, Tr\u00e4dg\u00e5rd &amp; Fritid","article_modified_time":"2026-03-12T08:37:11+00:00","og_image":[{"width":2000,"height":2000,"url":"https:\/\/i0.wp.com\/truusk.se\/wp-content\/uploads\/2025\/08\/sittstege-for-hons-4-sittstanger-vaderbestandig-for-4-6-hons-stal-tra-1.webp?fit=2000%2C2000&ssl=1","type":"image\/webp"}],"twitter_card":"summary_large_image","twitter_misc":{"Ber\u00e4knad l\u00e4stid":"1 minut"},"schema":{"@context":"https:\/\/schema.org","@graph":[{"@type":"WebPage","@id":"https:\/\/truusk.store\/sv\/produkt\/truusk-sittsteg-for-hons-4-sittstanger-vaderbestandig-for-4-6-hons-stal-tra\/","url":"https:\/\/truusk.store\/sv\/produkt\/truusk-sittsteg-for-hons-4-sittstanger-vaderbestandig-for-4-6-hons-stal-tra\/","name":"TRUUSK Sittsteg f\u00f6r H\u00f6ns - 4 Sittst\u00e4nger - V\u00e4derbest\u00e4ndig - F\u00f6r 4-6 H\u00f6ns - St\u00e5l\/Tr\u00e4 - TRUUSK - Hem, Tr\u00e4dg\u00e5rd &amp; Fritid","isPartOf":{"@id":"https:\/\/truusk.store\/sv\/#website"},"primaryImageOfPage":{"@id":"https:\/\/truusk.store\/sv\/produkt\/truusk-sittsteg-for-hons-4-sittstanger-vaderbestandig-for-4-6-hons-stal-tra\/#primaryimage"},"image":{"@id":"https:\/\/truusk.store\/sv\/produkt\/truusk-sittsteg-for-hons-4-sittstanger-vaderbestandig-for-4-6-hons-stal-tra\/#primaryimage"},"thumbnailUrl":"https:\/\/i0.wp.com\/truusk.store\/wp-content\/uploads\/2025\/08\/sittstege-for-hons-4-sittstanger-vaderbestandig-for-4-6-hons-stal-tra-1.webp?fit=2000%2C2000&ssl=1","datePublished":"2025-08-18T10:54:37+00:00","dateModified":"2026-03-12T08:37:11+00:00","breadcrumb":{"@id":"https:\/\/truusk.store\/sv\/produkt\/truusk-sittsteg-for-hons-4-sittstanger-vaderbestandig-for-4-6-hons-stal-tra\/#breadcrumb"},"inLanguage":"sv-SE","potentialAction":[{"@type":"ReadAction","target":["https:\/\/truusk.store\/sv\/produkt\/truusk-sittsteg-for-hons-4-sittstanger-vaderbestandig-for-4-6-hons-stal-tra\/"]}]},{"@type":"ImageObject","inLanguage":"sv-SE","@id":"https:\/\/truusk.store\/sv\/produkt\/truusk-sittsteg-for-hons-4-sittstanger-vaderbestandig-for-4-6-hons-stal-tra\/#primaryimage","url":"https:\/\/i0.wp.com\/truusk.store\/wp-content\/uploads\/2025\/08\/sittstege-for-hons-4-sittstanger-vaderbestandig-for-4-6-hons-stal-tra-1.webp?fit=2000%2C2000&ssl=1","contentUrl":"https:\/\/i0.wp.com\/truusk.store\/wp-content\/uploads\/2025\/08\/sittstege-for-hons-4-sittstanger-vaderbestandig-for-4-6-hons-stal-tra-1.webp?fit=2000%2C2000&ssl=1","width":2000,"height":2000},{"@type":"BreadcrumbList","@id":"https:\/\/truusk.store\/sv\/produkt\/truusk-sittsteg-for-hons-4-sittstanger-vaderbestandig-for-4-6-hons-stal-tra\/#breadcrumb","itemListElement":[{"@type":"ListItem","position":1,"name":"Home","item":"https:\/\/truusk.store\/sv\/"},{"@type":"ListItem","position":2,"name":"Shop","item":"https:\/\/truusk.store\/shop\/"},{"@type":"ListItem","position":3,"name":"TRUUSK Sittsteg f\u00f6r H\u00f6ns &#8211; 4 Sittst\u00e4nger &#8211; V\u00e4derbest\u00e4ndig &#8211; F\u00f6r 4-6 H\u00f6ns &#8211; St\u00e5l\/Tr\u00e4"}]},{"@type":"WebSite","@id":"https:\/\/truusk.store\/sv\/#website","url":"https:\/\/truusk.store\/sv\/","name":"TRUUSK - Hem, Tr\u00e4dg\u00e5rd & Fritid","description":"","publisher":{"@id":"https:\/\/truusk.store\/sv\/#organization"},"potentialAction":[{"@type":"SearchAction","target":{"@type":"EntryPoint","urlTemplate":"https:\/\/truusk.store\/sv\/?s={search_term_string}"},"query-input":{"@type":"PropertyValueSpecification","valueRequired":true,"valueName":"search_term_string"}}],"inLanguage":"sv-SE"},{"@type":"Organization","@id":"https:\/\/truusk.store\/sv\/#organization","name":"TRUUSK - Hem, Tr\u00e4dg\u00e5rd & Fritid","url":"https:\/\/truusk.store\/sv\/","logo":{"@type":"ImageObject","inLanguage":"sv-SE","@id":"https:\/\/truusk.store\/sv\/#\/schema\/logo\/image\/","url":"https:\/\/i0.wp.com\/truusk.store\/wp-content\/uploads\/2026\/03\/cropped-TRUUSK.png?fit=2032%2C917&ssl=1","contentUrl":"https:\/\/i0.wp.com\/truusk.store\/wp-content\/uploads\/2026\/03\/cropped-TRUUSK.png?fit=2032%2C917&ssl=1","width":2032,"height":917,"caption":"TRUUSK - Hem, Tr\u00e4dg\u00e5rd & Fritid"},"image":{"@id":"https:\/\/truusk.store\/sv\/#\/schema\/logo\/image\/"}}]}},"jetpack_sharing_enabled":true,"_links":{"self":[{"href":"https:\/\/truusk.store\/sv\/wp-json\/wp\/v2\/product\/86008","targetHints":{"allow":["GET"]}}],"collection":[{"href":"https:\/\/truusk.store\/sv\/wp-json\/wp\/v2\/product"}],"about":[{"href":"https:\/\/truusk.store\/sv\/wp-json\/wp\/v2\/types\/product"}],"wp:featuredmedia":[{"embeddable":true,"href":"https:\/\/truusk.store\/sv\/wp-json\/wp\/v2\/media\/85999"}],"wp:attachment":[{"href":"https:\/\/truusk.store\/sv\/wp-json\/wp\/v2\/media?parent=86008"}],"wp:term":[{"taxonomy":"product_brand","embeddable":true,"href":"https:\/\/truusk.store\/sv\/wp-json\/wp\/v2\/product_brand?post=86008"},{"taxonomy":"product_cat","embeddable":true,"href":"https:\/\/truusk.store\/sv\/wp-json\/wp\/v2\/product_cat?post=86008"},{"taxonomy":"product_tag","embeddable":true,"href":"https:\/\/truusk.store\/sv\/wp-json\/wp\/v2\/product_tag?post=86008"}],"curies":[{"name":"wp","href":"https:\/\/api.w.org\/{rel}","templated":true}]}}