{"id":86039,"date":"2025-08-18T20:28:37","date_gmt":"2025-08-18T19:28:37","guid":{"rendered":"https:\/\/truusk.store\/product\/ankkahus-med-oppningsbart-lutande-tak-fagelhus-med-hojt-golv-och-ramp-grantra-100-x-825-x-91-cm\/"},"modified":"2026-03-12T09:41:27","modified_gmt":"2026-03-12T08:41:27","slug":"truusk-fagelhus-med-oppningsbart-tak-for-faglar-hojt-golv-ramp-grantra-100-x-825-x-91-cm","status":"publish","type":"product","link":"https:\/\/truusk.store\/sv\/produkt\/truusk-fagelhus-med-oppningsbart-tak-for-faglar-hojt-golv-ramp-grantra-100-x-825-x-91-cm\/","title":{"rendered":"TRUUSK F\u00e5gelhus Med \u00f6ppningsbart Tak &#8211; F\u00f6r F\u00e5glar &#8211; H\u00f6jt Golv &#8211; Ramp &#8211; Grantr\u00e4 &#8211; 100 x 82,5 x 91 cm"},"content":{"rendered":"<p>Detta ankhus fr\u00e5n TRUUSK \u00e4r designat f\u00f6r l\u00e5ngvarig anv\u00e4ndning, s\u00e5 att du och dina djur kan njuta av det s\u00e4song efter s\u00e4song. Ankh\u00f6nan \u00e4r gjord av robust massivt tr\u00e4 och fr\u00e4mre d\u00f6rren kan ocks\u00e5 anv\u00e4ndas som en ramp, s\u00e5 att ankorna har l\u00e4tt tillg\u00e5ng till insidan. Taket p\u00e5 sm\u00e5djurshuset kan l\u00e4tt \u00f6ppnas f\u00f6r kontroll eller reng\u00f6ring och den upph\u00f6jda golvet skyddar djuren fr\u00e5n fukt och kyla.<\/p>\n<p>Beskrivning:<\/p>\n<ul>\n<li> Detta ankhus skyddar ankor och dv\u00e4rgkaniner fr\u00e5n v\u00e4derp\u00e5verkan<\/li>\n<li> Tack vare det lutande taket och materialet av grantr\u00e4 \u00e4r detta f\u00e5gelhus l\u00e4mpligt f\u00f6r utomhusbruk<\/li>\n<li> Luft h\u00e5l p\u00e5 sidan ger god luftcirkulation<\/li>\n<li> En ramp p\u00e5 framsidan ger djuren l\u00e4tt tillg\u00e5ng<\/li>\n<li> Ing\u00e5ngsluckan kan anv\u00e4ndas som en ramp<\/li>\n<li> Det \u00f6ppningsbara taket p\u00e5 ankh\u00f6nan ger dig l\u00e4tt tillg\u00e5ng till insidan<\/li>\n<li> Ett justerbart inl\u00e4gg h\u00e5ller taket \u00f6ppet<\/li>\n<li> Ett lutande tak f\u00f6rhindrar vattenansamling<\/li>\n<\/ul>\n<p>Tekniska data:<\/p>\n<ul>\n<li> F\u00e4rg: Naturtr\u00e4<\/li>\n<li> Material: Grantr\u00e4<\/li>\n<li> Totala m\u00e5tt: 100L x 82,5B x 91H cm<\/li>\n<li> Storlek p\u00e5 huvudhuset: 90L x 70B x 84H cm<\/li>\n<li> D\u00f6rr: 28L x 32H cm<\/li>\n<\/ul>\n<p>Leveransinneh\u00e5ll:<\/p>\n<ul>\n<li> 1 x ankhus<\/li>\n<li> 1 x instruktioner<\/li>\n<\/ul>\n","protected":false},"excerpt":{"rendered":"<p>Detta ankhus fr\u00e5n TRUUSK \u00e4r designat f\u00f6r l\u00e5ngvarig anv\u00e4ndning, s\u00e5 att du och dina djur kan njuta av det s\u00e4song&#8230;<\/p>\n","protected":false},"featured_media":86030,"template":"","meta":[],"product_brand":[],"product_cat":[878,598,597],"product_tag":[],"class_list":{"0":"post-86039","1":"product","2":"type-product","3":"status-publish","4":"has-post-thumbnail","6":"product_cat-djurbehov","7":"product_cat-sma-djurstallar","8":"product_cat-sma-djurtillbehor","10":"first","11":"instock","12":"sale","13":"taxable","14":"shipping-taxable","15":"purchasable","16":"product-type-simple"},"yoast_head":"<!-- This site is optimized with the Yoast SEO plugin v25.4 - https:\/\/yoast.com\/wordpress\/plugins\/seo\/ -->\n<title>TRUUSK F\u00e5gelhus Med \u00f6ppningsbart Tak - F\u00f6r F\u00e5glar - H\u00f6jt Golv - Ramp - Grantr\u00e4 - 100 x 82,5 x 91 cm - TRUUSK - Hem, Tr\u00e4dg\u00e5rd &amp; Fritid<\/title>\n<meta name=\"robots\" content=\"index, follow, max-snippet:-1, max-image-preview:large, max-video-preview:-1\" \/>\n<link rel=\"canonical\" href=\"https:\/\/truusk.store\/sv\/produkt\/truusk-fagelhus-med-oppningsbart-tak-for-faglar-hojt-golv-ramp-grantra-100-x-825-x-91-cm\/\" \/>\n<meta property=\"og:locale\" content=\"sv_SE\" \/>\n<meta property=\"og:type\" content=\"article\" \/>\n<meta property=\"og:title\" content=\"TRUUSK F\u00e5gelhus Med \u00f6ppningsbart Tak - F\u00f6r F\u00e5glar - H\u00f6jt Golv - Ramp - Grantr\u00e4 - 100 x 82,5 x 91 cm - TRUUSK - Hem, Tr\u00e4dg\u00e5rd &amp; Fritid\" \/>\n<meta property=\"og:description\" content=\"Detta ankhus fr\u00e5n TRUUSK \u00e4r designat f\u00f6r l\u00e5ngvarig anv\u00e4ndning, s\u00e5 att du och dina djur kan njuta av det s\u00e4song...\" \/>\n<meta property=\"og:url\" content=\"https:\/\/truusk.store\/sv\/produkt\/truusk-fagelhus-med-oppningsbart-tak-for-faglar-hojt-golv-ramp-grantra-100-x-825-x-91-cm\/\" \/>\n<meta property=\"og:site_name\" content=\"TRUUSK - Hem, Tr\u00e4dg\u00e5rd &amp; Fritid\" \/>\n<meta property=\"article:modified_time\" content=\"2026-03-12T08:41:27+00:00\" \/>\n<meta property=\"og:image\" content=\"https:\/\/i0.wp.com\/truusk.se\/wp-content\/uploads\/2025\/08\/ankkahus-med-oppningsbart-lutande-tak-fagelhus-med-hojt-golv-och-ramp-grantra-100-x-825-x-91-cm-1.webp?fit=2000%2C2000&ssl=1\" \/>\n\t<meta property=\"og:image:width\" content=\"2000\" \/>\n\t<meta property=\"og:image:height\" content=\"2000\" \/>\n\t<meta property=\"og:image:type\" content=\"image\/webp\" \/>\n<meta name=\"twitter:card\" content=\"summary_large_image\" \/>\n<meta name=\"twitter:label1\" content=\"Ber\u00e4knad l\u00e4stid\" \/>\n\t<meta name=\"twitter:data1\" content=\"1 minut\" \/>\n<!-- \/ Yoast SEO plugin. -->","yoast_head_json":{"title":"TRUUSK F\u00e5gelhus Med \u00f6ppningsbart Tak - F\u00f6r F\u00e5glar - H\u00f6jt Golv - Ramp - Grantr\u00e4 - 100 x 82,5 x 91 cm - TRUUSK - Hem, Tr\u00e4dg\u00e5rd &amp; Fritid","robots":{"index":"index","follow":"follow","max-snippet":"max-snippet:-1","max-image-preview":"max-image-preview:large","max-video-preview":"max-video-preview:-1"},"canonical":"https:\/\/truusk.store\/sv\/produkt\/truusk-fagelhus-med-oppningsbart-tak-for-faglar-hojt-golv-ramp-grantra-100-x-825-x-91-cm\/","og_locale":"sv_SE","og_type":"article","og_title":"TRUUSK F\u00e5gelhus Med \u00f6ppningsbart Tak - F\u00f6r F\u00e5glar - H\u00f6jt Golv - Ramp - Grantr\u00e4 - 100 x 82,5 x 91 cm - TRUUSK - Hem, Tr\u00e4dg\u00e5rd &amp; Fritid","og_description":"Detta ankhus fr\u00e5n TRUUSK \u00e4r designat f\u00f6r l\u00e5ngvarig anv\u00e4ndning, s\u00e5 att du och dina djur kan njuta av det s\u00e4song...","og_url":"https:\/\/truusk.store\/sv\/produkt\/truusk-fagelhus-med-oppningsbart-tak-for-faglar-hojt-golv-ramp-grantra-100-x-825-x-91-cm\/","og_site_name":"TRUUSK - Hem, Tr\u00e4dg\u00e5rd &amp; Fritid","article_modified_time":"2026-03-12T08:41:27+00:00","og_image":[{"width":2000,"height":2000,"url":"https:\/\/i0.wp.com\/truusk.se\/wp-content\/uploads\/2025\/08\/ankkahus-med-oppningsbart-lutande-tak-fagelhus-med-hojt-golv-och-ramp-grantra-100-x-825-x-91-cm-1.webp?fit=2000%2C2000&ssl=1","type":"image\/webp"}],"twitter_card":"summary_large_image","twitter_misc":{"Ber\u00e4knad l\u00e4stid":"1 minut"},"schema":{"@context":"https:\/\/schema.org","@graph":[{"@type":"WebPage","@id":"https:\/\/truusk.store\/sv\/produkt\/truusk-fagelhus-med-oppningsbart-tak-for-faglar-hojt-golv-ramp-grantra-100-x-825-x-91-cm\/","url":"https:\/\/truusk.store\/sv\/produkt\/truusk-fagelhus-med-oppningsbart-tak-for-faglar-hojt-golv-ramp-grantra-100-x-825-x-91-cm\/","name":"TRUUSK F\u00e5gelhus Med \u00f6ppningsbart Tak - F\u00f6r F\u00e5glar - H\u00f6jt Golv - Ramp - Grantr\u00e4 - 100 x 82,5 x 91 cm - TRUUSK - Hem, Tr\u00e4dg\u00e5rd &amp; Fritid","isPartOf":{"@id":"https:\/\/truusk.store\/sv\/#website"},"primaryImageOfPage":{"@id":"https:\/\/truusk.store\/sv\/produkt\/truusk-fagelhus-med-oppningsbart-tak-for-faglar-hojt-golv-ramp-grantra-100-x-825-x-91-cm\/#primaryimage"},"image":{"@id":"https:\/\/truusk.store\/sv\/produkt\/truusk-fagelhus-med-oppningsbart-tak-for-faglar-hojt-golv-ramp-grantra-100-x-825-x-91-cm\/#primaryimage"},"thumbnailUrl":"https:\/\/i0.wp.com\/truusk.store\/wp-content\/uploads\/2025\/08\/ankkahus-med-oppningsbart-lutande-tak-fagelhus-med-hojt-golv-och-ramp-grantra-100-x-825-x-91-cm-1.webp?fit=2000%2C2000&ssl=1","datePublished":"2025-08-18T19:28:37+00:00","dateModified":"2026-03-12T08:41:27+00:00","breadcrumb":{"@id":"https:\/\/truusk.store\/sv\/produkt\/truusk-fagelhus-med-oppningsbart-tak-for-faglar-hojt-golv-ramp-grantra-100-x-825-x-91-cm\/#breadcrumb"},"inLanguage":"sv-SE","potentialAction":[{"@type":"ReadAction","target":["https:\/\/truusk.store\/sv\/produkt\/truusk-fagelhus-med-oppningsbart-tak-for-faglar-hojt-golv-ramp-grantra-100-x-825-x-91-cm\/"]}]},{"@type":"ImageObject","inLanguage":"sv-SE","@id":"https:\/\/truusk.store\/sv\/produkt\/truusk-fagelhus-med-oppningsbart-tak-for-faglar-hojt-golv-ramp-grantra-100-x-825-x-91-cm\/#primaryimage","url":"https:\/\/i0.wp.com\/truusk.store\/wp-content\/uploads\/2025\/08\/ankkahus-med-oppningsbart-lutande-tak-fagelhus-med-hojt-golv-och-ramp-grantra-100-x-825-x-91-cm-1.webp?fit=2000%2C2000&ssl=1","contentUrl":"https:\/\/i0.wp.com\/truusk.store\/wp-content\/uploads\/2025\/08\/ankkahus-med-oppningsbart-lutande-tak-fagelhus-med-hojt-golv-och-ramp-grantra-100-x-825-x-91-cm-1.webp?fit=2000%2C2000&ssl=1","width":2000,"height":2000},{"@type":"BreadcrumbList","@id":"https:\/\/truusk.store\/sv\/produkt\/truusk-fagelhus-med-oppningsbart-tak-for-faglar-hojt-golv-ramp-grantra-100-x-825-x-91-cm\/#breadcrumb","itemListElement":[{"@type":"ListItem","position":1,"name":"Home","item":"https:\/\/truusk.store\/sv\/"},{"@type":"ListItem","position":2,"name":"Shop","item":"https:\/\/truusk.store\/shop\/"},{"@type":"ListItem","position":3,"name":"TRUUSK F\u00e5gelhus Med \u00f6ppningsbart Tak &#8211; F\u00f6r F\u00e5glar &#8211; H\u00f6jt Golv &#8211; Ramp &#8211; Grantr\u00e4 &#8211; 100 x 82,5 x 91 cm"}]},{"@type":"WebSite","@id":"https:\/\/truusk.store\/sv\/#website","url":"https:\/\/truusk.store\/sv\/","name":"TRUUSK - Hem, Tr\u00e4dg\u00e5rd & Fritid","description":"","publisher":{"@id":"https:\/\/truusk.store\/sv\/#organization"},"potentialAction":[{"@type":"SearchAction","target":{"@type":"EntryPoint","urlTemplate":"https:\/\/truusk.store\/sv\/?s={search_term_string}"},"query-input":{"@type":"PropertyValueSpecification","valueRequired":true,"valueName":"search_term_string"}}],"inLanguage":"sv-SE"},{"@type":"Organization","@id":"https:\/\/truusk.store\/sv\/#organization","name":"TRUUSK - Hem, Tr\u00e4dg\u00e5rd & Fritid","url":"https:\/\/truusk.store\/sv\/","logo":{"@type":"ImageObject","inLanguage":"sv-SE","@id":"https:\/\/truusk.store\/sv\/#\/schema\/logo\/image\/","url":"https:\/\/i0.wp.com\/truusk.store\/wp-content\/uploads\/2026\/03\/cropped-TRUUSK.png?fit=2032%2C917&ssl=1","contentUrl":"https:\/\/i0.wp.com\/truusk.store\/wp-content\/uploads\/2026\/03\/cropped-TRUUSK.png?fit=2032%2C917&ssl=1","width":2032,"height":917,"caption":"TRUUSK - Hem, Tr\u00e4dg\u00e5rd & Fritid"},"image":{"@id":"https:\/\/truusk.store\/sv\/#\/schema\/logo\/image\/"}}]}},"jetpack_sharing_enabled":true,"_links":{"self":[{"href":"https:\/\/truusk.store\/sv\/wp-json\/wp\/v2\/product\/86039","targetHints":{"allow":["GET"]}}],"collection":[{"href":"https:\/\/truusk.store\/sv\/wp-json\/wp\/v2\/product"}],"about":[{"href":"https:\/\/truusk.store\/sv\/wp-json\/wp\/v2\/types\/product"}],"wp:featuredmedia":[{"embeddable":true,"href":"https:\/\/truusk.store\/sv\/wp-json\/wp\/v2\/media\/86030"}],"wp:attachment":[{"href":"https:\/\/truusk.store\/sv\/wp-json\/wp\/v2\/media?parent=86039"}],"wp:term":[{"taxonomy":"product_brand","embeddable":true,"href":"https:\/\/truusk.store\/sv\/wp-json\/wp\/v2\/product_brand?post=86039"},{"taxonomy":"product_cat","embeddable":true,"href":"https:\/\/truusk.store\/sv\/wp-json\/wp\/v2\/product_cat?post=86039"},{"taxonomy":"product_tag","embeddable":true,"href":"https:\/\/truusk.store\/sv\/wp-json\/wp\/v2\/product_tag?post=86039"}],"curies":[{"name":"wp","href":"https:\/\/api.w.org\/{rel}","templated":true}]}}