{"id":86069,"date":"2025-08-20T04:03:50","date_gmt":"2025-08-20T03:03:50","guid":{"rendered":"https:\/\/truusk.store\/product\/vaxthus-595x300x200cm-plastvaxthus-tomatvaxthus-med-dorr-fonster-folietunnel-av-galvaniserat-stal-planteringstunnel-drivhus-inkl-jordankare-rep-tradgardstunnel-vit\/"},"modified":"2026-03-12T08:55:17","modified_gmt":"2026-03-12T07:55:17","slug":"truusk-vaxthus-595x300x200cm-plastvaxthus-med-dorr-och-fonster-folietunnel-av-galvaniserat-stal-planteringstunnel-inkl","status":"publish","type":"product","link":"https:\/\/truusk.store\/sv\/produkt\/truusk-vaxthus-595x300x200cm-plastvaxthus-med-dorr-och-fonster-folietunnel-av-galvaniserat-stal-planteringstunnel-inkl\/","title":{"rendered":"TRUUSK V\u00e4xthus 595x300x200cm &#8211; Plastv\u00e4xthus Med D\u00f6rr och F\u00f6nster &#8211; Folietunnel av Galvaniserat St\u00e5l &#8211; Planteringstunnel &#8211; Inkl."},"content":{"rendered":"<p>Detta stora foliev\u00e4xthus fr\u00e5n TRUUSK erbjuder inte bara dina favoritv\u00e4xter gott om utrymme att v\u00e4xa och frodas, utan skyddar dem ocks\u00e5 mot d\u00e5ligt v\u00e4der och f\u00e5glar. V\u00e4xthuset \u00e4r h\u00e5llbart och utrustat med en frostskyddande, rivs\u00e4ker och UV-resistent folie. Det kan snabbt monteras upp och ner vid behov. Dessutom har det f\u00f6nster f\u00f6r att reglera luftutbytet och en stabil metallram f\u00f6r h\u00f6g stabilitet.<\/p>\n<p>Beskrivning:<\/p>\n<ul>\n<li>Foliev\u00e4xthus f\u00f6r olika v\u00e4xter<\/li>\n<li>Idealisk f\u00f6r s\u00e5dd, plantering och uppf\u00f6dning<\/li>\n<li>Stabil ram av galvaniserade metallr\u00f6r<\/li>\n<li>Folie av rivs\u00e4ker, UV-resistent plast (polyeten 140 g\/m\u00b2)<\/li>\n<li>H\u00e5llbar, l\u00e5nglivad och frostskyddande folie skyddar dina v\u00e4xter mot v\u00e4der<\/li>\n<li>Stor ing\u00e5ng: Rullport med dragkedja<\/li>\n<li>Gott om anv\u00e4ndbar och odlingsyta<\/li>\n<li>Sidf\u00f6nster med flugskyddsn\u00e4t ger optimal ventilation<\/li>\n<li>L\u00e4tt att reng\u00f6ra<\/li>\n<li>Snabbt och enkelt att montera upp och ner<\/li>\n<li>Tips: Folien \u00e4r 20 cm l\u00e4ngre \u00e4n metallramen p\u00e5 varje sida. Den nedre kanten kan gr\u00e4vas ner i marken eller belastas med stenar. Detta kan ytterligare f\u00f6rst\u00e4rka stabiliteten i v\u00e4xthuset<\/li>\n<li>OBS: F\u00f6r att f\u00f6rl\u00e4nga livsl\u00e4ngden m\u00e5ste du f\u00f6rst\u00e4rka den sj\u00e4lv mot d\u00e5ligt v\u00e4der (vind, regn, sn\u00f6, hagel etc.)<\/li>\n<\/ul>\n<p>Tekniska data:<\/p>\n<ul>\n<li>Material: PE, metallr\u00f6r<\/li>\n<li>F\u00e4rg: Vit<\/li>\n<li>Totala m\u00e5tt: 595L x 300B x 200H cm<\/li>\n<li>F\u00f6nster: 45L x 37B cm<\/li>\n<\/ul>\n<p>Leveransinneh\u00e5ll:<\/p>\n<ul>\n<li>1 x foliev\u00e4xthus<\/li>\n<li>F\u00e4stmaterial<\/li>\n<li>Monteringsanvisningar<\/li>\n<\/ul>\n","protected":false},"excerpt":{"rendered":"<p>Detta stora foliev\u00e4xthus fr\u00e5n TRUUSK erbjuder inte bara dina favoritv\u00e4xter gott om utrymme att v\u00e4xa och frodas, utan skyddar dem&#8230;<\/p>\n","protected":false},"featured_media":86060,"template":"","meta":[],"product_brand":[],"product_cat":[903,858,443],"product_tag":[],"class_list":{"0":"post-86069","1":"product","2":"type-product","3":"status-publish","4":"has-post-thumbnail","6":"product_cat-plastvaxthus","7":"product_cat-tradgard-terrass","8":"product_cat-vaxthus-tradgardsskotsel","10":"first","11":"instock","12":"sale","13":"taxable","14":"shipping-taxable","15":"purchasable","16":"product-type-simple"},"yoast_head":"<!-- This site is optimized with the Yoast SEO plugin v25.4 - https:\/\/yoast.com\/wordpress\/plugins\/seo\/ -->\n<title>TRUUSK V\u00e4xthus 595x300x200cm - Plastv\u00e4xthus Med D\u00f6rr och F\u00f6nster - Folietunnel av Galvaniserat St\u00e5l - Planteringstunnel - Inkl. - TRUUSK - Hem, Tr\u00e4dg\u00e5rd &amp; Fritid<\/title>\n<meta name=\"robots\" content=\"index, follow, max-snippet:-1, max-image-preview:large, max-video-preview:-1\" \/>\n<link rel=\"canonical\" href=\"https:\/\/truusk.store\/sv\/produkt\/truusk-vaxthus-595x300x200cm-plastvaxthus-med-dorr-och-fonster-folietunnel-av-galvaniserat-stal-planteringstunnel-inkl\/\" \/>\n<meta property=\"og:locale\" content=\"sv_SE\" \/>\n<meta property=\"og:type\" content=\"article\" \/>\n<meta property=\"og:title\" content=\"TRUUSK V\u00e4xthus 595x300x200cm - Plastv\u00e4xthus Med D\u00f6rr och F\u00f6nster - Folietunnel av Galvaniserat St\u00e5l - Planteringstunnel - Inkl. - TRUUSK - Hem, Tr\u00e4dg\u00e5rd &amp; Fritid\" \/>\n<meta property=\"og:description\" content=\"Detta stora foliev\u00e4xthus fr\u00e5n TRUUSK erbjuder inte bara dina favoritv\u00e4xter gott om utrymme att v\u00e4xa och frodas, utan skyddar dem...\" \/>\n<meta property=\"og:url\" content=\"https:\/\/truusk.store\/sv\/produkt\/truusk-vaxthus-595x300x200cm-plastvaxthus-med-dorr-och-fonster-folietunnel-av-galvaniserat-stal-planteringstunnel-inkl\/\" \/>\n<meta property=\"og:site_name\" content=\"TRUUSK - Hem, Tr\u00e4dg\u00e5rd &amp; Fritid\" \/>\n<meta property=\"article:modified_time\" content=\"2026-03-12T07:55:17+00:00\" \/>\n<meta property=\"og:image\" content=\"https:\/\/i0.wp.com\/truusk.se\/wp-content\/uploads\/2025\/08\/vaxthus-595x300x200cm-plastvaxthus-tomatvaxthus-med-dorr-fonster-folietunnel-av-galvaniserat-stal-planteringstunnel-drivhus-inkl-jordankare-rep-tradgardstunnel-vit-1.webp?fit=2000%2C2000&ssl=1\" \/>\n\t<meta property=\"og:image:width\" content=\"2000\" \/>\n\t<meta property=\"og:image:height\" content=\"2000\" \/>\n\t<meta property=\"og:image:type\" content=\"image\/webp\" \/>\n<meta name=\"twitter:card\" content=\"summary_large_image\" \/>\n<meta name=\"twitter:label1\" content=\"Ber\u00e4knad l\u00e4stid\" \/>\n\t<meta name=\"twitter:data1\" content=\"1 minut\" \/>\n<!-- \/ Yoast SEO plugin. -->","yoast_head_json":{"title":"TRUUSK V\u00e4xthus 595x300x200cm - Plastv\u00e4xthus Med D\u00f6rr och F\u00f6nster - Folietunnel av Galvaniserat St\u00e5l - Planteringstunnel - Inkl. - TRUUSK - Hem, Tr\u00e4dg\u00e5rd &amp; Fritid","robots":{"index":"index","follow":"follow","max-snippet":"max-snippet:-1","max-image-preview":"max-image-preview:large","max-video-preview":"max-video-preview:-1"},"canonical":"https:\/\/truusk.store\/sv\/produkt\/truusk-vaxthus-595x300x200cm-plastvaxthus-med-dorr-och-fonster-folietunnel-av-galvaniserat-stal-planteringstunnel-inkl\/","og_locale":"sv_SE","og_type":"article","og_title":"TRUUSK V\u00e4xthus 595x300x200cm - Plastv\u00e4xthus Med D\u00f6rr och F\u00f6nster - Folietunnel av Galvaniserat St\u00e5l - Planteringstunnel - Inkl. - TRUUSK - Hem, Tr\u00e4dg\u00e5rd &amp; Fritid","og_description":"Detta stora foliev\u00e4xthus fr\u00e5n TRUUSK erbjuder inte bara dina favoritv\u00e4xter gott om utrymme att v\u00e4xa och frodas, utan skyddar dem...","og_url":"https:\/\/truusk.store\/sv\/produkt\/truusk-vaxthus-595x300x200cm-plastvaxthus-med-dorr-och-fonster-folietunnel-av-galvaniserat-stal-planteringstunnel-inkl\/","og_site_name":"TRUUSK - Hem, Tr\u00e4dg\u00e5rd &amp; Fritid","article_modified_time":"2026-03-12T07:55:17+00:00","og_image":[{"width":2000,"height":2000,"url":"https:\/\/i0.wp.com\/truusk.se\/wp-content\/uploads\/2025\/08\/vaxthus-595x300x200cm-plastvaxthus-tomatvaxthus-med-dorr-fonster-folietunnel-av-galvaniserat-stal-planteringstunnel-drivhus-inkl-jordankare-rep-tradgardstunnel-vit-1.webp?fit=2000%2C2000&ssl=1","type":"image\/webp"}],"twitter_card":"summary_large_image","twitter_misc":{"Ber\u00e4knad l\u00e4stid":"1 minut"},"schema":{"@context":"https:\/\/schema.org","@graph":[{"@type":"WebPage","@id":"https:\/\/truusk.store\/sv\/produkt\/truusk-vaxthus-595x300x200cm-plastvaxthus-med-dorr-och-fonster-folietunnel-av-galvaniserat-stal-planteringstunnel-inkl\/","url":"https:\/\/truusk.store\/sv\/produkt\/truusk-vaxthus-595x300x200cm-plastvaxthus-med-dorr-och-fonster-folietunnel-av-galvaniserat-stal-planteringstunnel-inkl\/","name":"TRUUSK V\u00e4xthus 595x300x200cm - Plastv\u00e4xthus Med D\u00f6rr och F\u00f6nster - Folietunnel av Galvaniserat St\u00e5l - Planteringstunnel - Inkl. - TRUUSK - Hem, Tr\u00e4dg\u00e5rd &amp; Fritid","isPartOf":{"@id":"https:\/\/truusk.store\/sv\/#website"},"primaryImageOfPage":{"@id":"https:\/\/truusk.store\/sv\/produkt\/truusk-vaxthus-595x300x200cm-plastvaxthus-med-dorr-och-fonster-folietunnel-av-galvaniserat-stal-planteringstunnel-inkl\/#primaryimage"},"image":{"@id":"https:\/\/truusk.store\/sv\/produkt\/truusk-vaxthus-595x300x200cm-plastvaxthus-med-dorr-och-fonster-folietunnel-av-galvaniserat-stal-planteringstunnel-inkl\/#primaryimage"},"thumbnailUrl":"https:\/\/i0.wp.com\/truusk.store\/wp-content\/uploads\/2025\/08\/vaxthus-595x300x200cm-plastvaxthus-tomatvaxthus-med-dorr-fonster-folietunnel-av-galvaniserat-stal-planteringstunnel-drivhus-inkl-jordankare-rep-tradgardstunnel-vit-1.webp?fit=2000%2C2000&ssl=1","datePublished":"2025-08-20T03:03:50+00:00","dateModified":"2026-03-12T07:55:17+00:00","breadcrumb":{"@id":"https:\/\/truusk.store\/sv\/produkt\/truusk-vaxthus-595x300x200cm-plastvaxthus-med-dorr-och-fonster-folietunnel-av-galvaniserat-stal-planteringstunnel-inkl\/#breadcrumb"},"inLanguage":"sv-SE","potentialAction":[{"@type":"ReadAction","target":["https:\/\/truusk.store\/sv\/produkt\/truusk-vaxthus-595x300x200cm-plastvaxthus-med-dorr-och-fonster-folietunnel-av-galvaniserat-stal-planteringstunnel-inkl\/"]}]},{"@type":"ImageObject","inLanguage":"sv-SE","@id":"https:\/\/truusk.store\/sv\/produkt\/truusk-vaxthus-595x300x200cm-plastvaxthus-med-dorr-och-fonster-folietunnel-av-galvaniserat-stal-planteringstunnel-inkl\/#primaryimage","url":"https:\/\/i0.wp.com\/truusk.store\/wp-content\/uploads\/2025\/08\/vaxthus-595x300x200cm-plastvaxthus-tomatvaxthus-med-dorr-fonster-folietunnel-av-galvaniserat-stal-planteringstunnel-drivhus-inkl-jordankare-rep-tradgardstunnel-vit-1.webp?fit=2000%2C2000&ssl=1","contentUrl":"https:\/\/i0.wp.com\/truusk.store\/wp-content\/uploads\/2025\/08\/vaxthus-595x300x200cm-plastvaxthus-tomatvaxthus-med-dorr-fonster-folietunnel-av-galvaniserat-stal-planteringstunnel-drivhus-inkl-jordankare-rep-tradgardstunnel-vit-1.webp?fit=2000%2C2000&ssl=1","width":2000,"height":2000},{"@type":"BreadcrumbList","@id":"https:\/\/truusk.store\/sv\/produkt\/truusk-vaxthus-595x300x200cm-plastvaxthus-med-dorr-och-fonster-folietunnel-av-galvaniserat-stal-planteringstunnel-inkl\/#breadcrumb","itemListElement":[{"@type":"ListItem","position":1,"name":"Home","item":"https:\/\/truusk.store\/sv\/"},{"@type":"ListItem","position":2,"name":"Shop","item":"https:\/\/truusk.store\/shop\/"},{"@type":"ListItem","position":3,"name":"TRUUSK V\u00e4xthus 595x300x200cm &#8211; Plastv\u00e4xthus Med D\u00f6rr och F\u00f6nster &#8211; Folietunnel av Galvaniserat St\u00e5l &#8211; Planteringstunnel &#8211; Inkl."}]},{"@type":"WebSite","@id":"https:\/\/truusk.store\/sv\/#website","url":"https:\/\/truusk.store\/sv\/","name":"TRUUSK - Hem, Tr\u00e4dg\u00e5rd & Fritid","description":"","publisher":{"@id":"https:\/\/truusk.store\/sv\/#organization"},"potentialAction":[{"@type":"SearchAction","target":{"@type":"EntryPoint","urlTemplate":"https:\/\/truusk.store\/sv\/?s={search_term_string}"},"query-input":{"@type":"PropertyValueSpecification","valueRequired":true,"valueName":"search_term_string"}}],"inLanguage":"sv-SE"},{"@type":"Organization","@id":"https:\/\/truusk.store\/sv\/#organization","name":"TRUUSK - Hem, Tr\u00e4dg\u00e5rd & Fritid","url":"https:\/\/truusk.store\/sv\/","logo":{"@type":"ImageObject","inLanguage":"sv-SE","@id":"https:\/\/truusk.store\/sv\/#\/schema\/logo\/image\/","url":"https:\/\/i0.wp.com\/truusk.store\/wp-content\/uploads\/2026\/03\/cropped-TRUUSK.png?fit=2032%2C917&ssl=1","contentUrl":"https:\/\/i0.wp.com\/truusk.store\/wp-content\/uploads\/2026\/03\/cropped-TRUUSK.png?fit=2032%2C917&ssl=1","width":2032,"height":917,"caption":"TRUUSK - Hem, Tr\u00e4dg\u00e5rd & Fritid"},"image":{"@id":"https:\/\/truusk.store\/sv\/#\/schema\/logo\/image\/"}}]}},"jetpack_sharing_enabled":true,"_links":{"self":[{"href":"https:\/\/truusk.store\/sv\/wp-json\/wp\/v2\/product\/86069","targetHints":{"allow":["GET"]}}],"collection":[{"href":"https:\/\/truusk.store\/sv\/wp-json\/wp\/v2\/product"}],"about":[{"href":"https:\/\/truusk.store\/sv\/wp-json\/wp\/v2\/types\/product"}],"wp:featuredmedia":[{"embeddable":true,"href":"https:\/\/truusk.store\/sv\/wp-json\/wp\/v2\/media\/86060"}],"wp:attachment":[{"href":"https:\/\/truusk.store\/sv\/wp-json\/wp\/v2\/media?parent=86069"}],"wp:term":[{"taxonomy":"product_brand","embeddable":true,"href":"https:\/\/truusk.store\/sv\/wp-json\/wp\/v2\/product_brand?post=86069"},{"taxonomy":"product_cat","embeddable":true,"href":"https:\/\/truusk.store\/sv\/wp-json\/wp\/v2\/product_cat?post=86069"},{"taxonomy":"product_tag","embeddable":true,"href":"https:\/\/truusk.store\/sv\/wp-json\/wp\/v2\/product_tag?post=86069"}],"curies":[{"name":"wp","href":"https:\/\/api.w.org\/{rel}","templated":true}]}}