{"id":86179,"date":"2025-08-20T04:14:48","date_gmt":"2025-08-20T03:14:48","guid":{"rendered":"https:\/\/truusk.store\/product\/hamsterbur-i-tra-5-vaningar-nagarium-gnagarbur-smadjursbur-med-galler-tak-trabur-musbur-stor-bur-for-hamster-dvarg-hamster-60-x-40-x-120-cm-naturtra\/"},"modified":"2026-03-12T08:58:14","modified_gmt":"2026-03-12T07:58:14","slug":"truusk-hamsterbur-i-tra-5-vaningar-nagarium-gnagarbur-smadjursbur-med-galler-tak-stor-bur-for-hamster-dvarg-hamster-60","status":"publish","type":"product","link":"https:\/\/truusk.store\/sv\/produkt\/truusk-hamsterbur-i-tra-5-vaningar-nagarium-gnagarbur-smadjursbur-med-galler-tak-stor-bur-for-hamster-dvarg-hamster-60\/","title":{"rendered":"TRUUSK Hamsterbur i Tr\u00e4 5 V\u00e5ningar &#8211; Nagarium Gnagarbur &#8211; Sm\u00e5djursbur Med Galler Tak &#8211; Stor Bur F\u00f6r Hamster &#8211; Dv\u00e4rg Hamster &#8211; 60"},"content":{"rendered":"<p>Detta vackra, femv\u00e5ningshem f\u00f6r sm\u00e5 gnagare fr\u00e5n Pawhut best\u00e5r av 2 separata burar. Buren \u00e4r gjord av grantr\u00e4 och erbjuder inte bara mycket utrymme utan ocks\u00e5 underh\u00e5llningsm\u00f6jligheter. Det uppf\u00e4llbara locket \u00e4r f\u00f6rsedd med ett tr\u00e5dn\u00e4t, s\u00e5 att buren \u00e4r v\u00e4l ventilerad och mycket s\u00e4ker. De stora glasf\u00f6nstren fyller buren med rikligt dagsljus. Sidof\u00f6nstren och locket kan f\u00e4llas upp, vilket g\u00f6r det l\u00e4tt att reng\u00f6ra.<\/p>\n<p>Beskrivning:<\/p>\n<ul>\n<li> Buren best\u00e5r av 2 lika stora och separata burar<\/li>\n<li> Varje bur har en l\u00f6pramp och 5 olika h\u00f6ga plattformar f\u00f6r underh\u00e5llning<\/li>\n<li> H\u00f6gkvalitativ tillverkning av grantr\u00e4 och f\u00f6rzinkade tr\u00e5dar<\/li>\n<li> L\u00e4mplig f\u00f6r sm\u00e5 gnagare och djur av liknande storlek<\/li>\n<li> Locket och sidof\u00f6nstren kan f\u00e4llas upp f\u00f6r att underl\u00e4tta reng\u00f6ring<\/li>\n<li> Lock med tr\u00e5dn\u00e4t f\u00f6r mycket frisk luft<\/li>\n<li> Frontsidan med stora plexiglasf\u00f6nster f\u00f6r mycket dagsljus<\/li>\n<li> Hylla f\u00f6r mat, str\u00f6 eller v\u00e5rdprodukter<\/li>\n<li> Golv med vattenavvisande skyddsskikt<\/li>\n<li> Enkel och snabb montering<\/li>\n<\/ul>\n<p>Tekniska data:<\/p>\n<ul>\n<li> F\u00e4rg: Grantr\u00e4<\/li>\n<li> Material: Grantr\u00e4, f\u00f6rzinkade metalltr\u00e5dar, plexiglas<\/li>\n<li> Totala m\u00e5tt: L60 x B40 x H120 cm<\/li>\n<li> M\u00e5tt p\u00e5 hoppplattform: 24L x 17B cm(v\u00e4nster, stor), 15L x 19,5B cm(h\u00f6ger)<\/li>\n<li>12L x 10B cm(mitten)<\/li>\n<li> M\u00e5tt p\u00e5 plattform: 57L x 15B cm<\/li>\n<li> H\u00f6jd stort f\u00f6nster: 20,5 cm<\/li>\n<li> H\u00f6jd litet f\u00f6nster: 16 cm<\/li>\n<li> M\u00e5tt hylla: L60 x B40 cm<\/li>\n<\/ul>\n<p>Leveransinneh\u00e5ll:<\/p>\n<ul>\n<li> 1 x gnagarbur;<\/li>\n<\/ul>\n","protected":false},"excerpt":{"rendered":"<p>Detta vackra, femv\u00e5ningshem f\u00f6r sm\u00e5 gnagare fr\u00e5n Pawhut best\u00e5r av 2 separata burar. Buren \u00e4r gjord av grantr\u00e4 och erbjuder&#8230;<\/p>\n","protected":false},"featured_media":86170,"template":"","meta":[],"product_brand":[],"product_cat":[878,599,597],"product_tag":[],"class_list":{"0":"post-86179","1":"product","2":"type-product","3":"status-publish","4":"has-post-thumbnail","6":"product_cat-djurbehov","7":"product_cat-sma-djurburar","8":"product_cat-sma-djurtillbehor","10":"first","11":"instock","12":"sale","13":"taxable","14":"shipping-taxable","15":"purchasable","16":"product-type-simple"},"yoast_head":"<!-- This site is optimized with the Yoast SEO plugin v25.4 - https:\/\/yoast.com\/wordpress\/plugins\/seo\/ -->\n<title>TRUUSK Hamsterbur i Tr\u00e4 5 V\u00e5ningar - Nagarium Gnagarbur - Sm\u00e5djursbur Med Galler Tak - Stor Bur F\u00f6r Hamster - Dv\u00e4rg Hamster - 60 - TRUUSK - Hem, Tr\u00e4dg\u00e5rd &amp; Fritid<\/title>\n<meta name=\"robots\" content=\"index, follow, max-snippet:-1, max-image-preview:large, max-video-preview:-1\" \/>\n<link rel=\"canonical\" href=\"https:\/\/truusk.store\/sv\/produkt\/truusk-hamsterbur-i-tra-5-vaningar-nagarium-gnagarbur-smadjursbur-med-galler-tak-stor-bur-for-hamster-dvarg-hamster-60\/\" \/>\n<meta property=\"og:locale\" content=\"sv_SE\" \/>\n<meta property=\"og:type\" content=\"article\" \/>\n<meta property=\"og:title\" content=\"TRUUSK Hamsterbur i Tr\u00e4 5 V\u00e5ningar - Nagarium Gnagarbur - Sm\u00e5djursbur Med Galler Tak - Stor Bur F\u00f6r Hamster - Dv\u00e4rg Hamster - 60 - TRUUSK - Hem, Tr\u00e4dg\u00e5rd &amp; Fritid\" \/>\n<meta property=\"og:description\" content=\"Detta vackra, femv\u00e5ningshem f\u00f6r sm\u00e5 gnagare fr\u00e5n Pawhut best\u00e5r av 2 separata burar. Buren \u00e4r gjord av grantr\u00e4 och erbjuder...\" \/>\n<meta property=\"og:url\" content=\"https:\/\/truusk.store\/sv\/produkt\/truusk-hamsterbur-i-tra-5-vaningar-nagarium-gnagarbur-smadjursbur-med-galler-tak-stor-bur-for-hamster-dvarg-hamster-60\/\" \/>\n<meta property=\"og:site_name\" content=\"TRUUSK - Hem, Tr\u00e4dg\u00e5rd &amp; Fritid\" \/>\n<meta property=\"article:modified_time\" content=\"2026-03-12T07:58:14+00:00\" \/>\n<meta property=\"og:image\" content=\"https:\/\/i0.wp.com\/truusk.se\/wp-content\/uploads\/2025\/08\/hamsterbur-i-tra-5-vaningar-nagarium-gnagarbur-smadjursbur-med-galler-tak-trabur-musbur-stor-bur-for-hamster-dvarg-hamster-60-x-40-x-120-cm-naturtra-1.webp?fit=2000%2C2000&ssl=1\" \/>\n\t<meta property=\"og:image:width\" content=\"2000\" \/>\n\t<meta property=\"og:image:height\" content=\"2000\" \/>\n\t<meta property=\"og:image:type\" content=\"image\/webp\" \/>\n<meta name=\"twitter:card\" content=\"summary_large_image\" \/>\n<meta name=\"twitter:label1\" content=\"Ber\u00e4knad l\u00e4stid\" \/>\n\t<meta name=\"twitter:data1\" content=\"1 minut\" \/>\n<!-- \/ Yoast SEO plugin. -->","yoast_head_json":{"title":"TRUUSK Hamsterbur i Tr\u00e4 5 V\u00e5ningar - Nagarium Gnagarbur - Sm\u00e5djursbur Med Galler Tak - Stor Bur F\u00f6r Hamster - Dv\u00e4rg Hamster - 60 - TRUUSK - Hem, Tr\u00e4dg\u00e5rd &amp; Fritid","robots":{"index":"index","follow":"follow","max-snippet":"max-snippet:-1","max-image-preview":"max-image-preview:large","max-video-preview":"max-video-preview:-1"},"canonical":"https:\/\/truusk.store\/sv\/produkt\/truusk-hamsterbur-i-tra-5-vaningar-nagarium-gnagarbur-smadjursbur-med-galler-tak-stor-bur-for-hamster-dvarg-hamster-60\/","og_locale":"sv_SE","og_type":"article","og_title":"TRUUSK Hamsterbur i Tr\u00e4 5 V\u00e5ningar - Nagarium Gnagarbur - Sm\u00e5djursbur Med Galler Tak - Stor Bur F\u00f6r Hamster - Dv\u00e4rg Hamster - 60 - TRUUSK - Hem, Tr\u00e4dg\u00e5rd &amp; Fritid","og_description":"Detta vackra, femv\u00e5ningshem f\u00f6r sm\u00e5 gnagare fr\u00e5n Pawhut best\u00e5r av 2 separata burar. Buren \u00e4r gjord av grantr\u00e4 och erbjuder...","og_url":"https:\/\/truusk.store\/sv\/produkt\/truusk-hamsterbur-i-tra-5-vaningar-nagarium-gnagarbur-smadjursbur-med-galler-tak-stor-bur-for-hamster-dvarg-hamster-60\/","og_site_name":"TRUUSK - Hem, Tr\u00e4dg\u00e5rd &amp; Fritid","article_modified_time":"2026-03-12T07:58:14+00:00","og_image":[{"width":2000,"height":2000,"url":"https:\/\/i0.wp.com\/truusk.se\/wp-content\/uploads\/2025\/08\/hamsterbur-i-tra-5-vaningar-nagarium-gnagarbur-smadjursbur-med-galler-tak-trabur-musbur-stor-bur-for-hamster-dvarg-hamster-60-x-40-x-120-cm-naturtra-1.webp?fit=2000%2C2000&ssl=1","type":"image\/webp"}],"twitter_card":"summary_large_image","twitter_misc":{"Ber\u00e4knad l\u00e4stid":"1 minut"},"schema":{"@context":"https:\/\/schema.org","@graph":[{"@type":"WebPage","@id":"https:\/\/truusk.store\/sv\/produkt\/truusk-hamsterbur-i-tra-5-vaningar-nagarium-gnagarbur-smadjursbur-med-galler-tak-stor-bur-for-hamster-dvarg-hamster-60\/","url":"https:\/\/truusk.store\/sv\/produkt\/truusk-hamsterbur-i-tra-5-vaningar-nagarium-gnagarbur-smadjursbur-med-galler-tak-stor-bur-for-hamster-dvarg-hamster-60\/","name":"TRUUSK Hamsterbur i Tr\u00e4 5 V\u00e5ningar - Nagarium Gnagarbur - Sm\u00e5djursbur Med Galler Tak - Stor Bur F\u00f6r Hamster - Dv\u00e4rg Hamster - 60 - TRUUSK - Hem, Tr\u00e4dg\u00e5rd &amp; Fritid","isPartOf":{"@id":"https:\/\/truusk.store\/sv\/#website"},"primaryImageOfPage":{"@id":"https:\/\/truusk.store\/sv\/produkt\/truusk-hamsterbur-i-tra-5-vaningar-nagarium-gnagarbur-smadjursbur-med-galler-tak-stor-bur-for-hamster-dvarg-hamster-60\/#primaryimage"},"image":{"@id":"https:\/\/truusk.store\/sv\/produkt\/truusk-hamsterbur-i-tra-5-vaningar-nagarium-gnagarbur-smadjursbur-med-galler-tak-stor-bur-for-hamster-dvarg-hamster-60\/#primaryimage"},"thumbnailUrl":"https:\/\/i0.wp.com\/truusk.store\/wp-content\/uploads\/2025\/08\/hamsterbur-i-tra-5-vaningar-nagarium-gnagarbur-smadjursbur-med-galler-tak-trabur-musbur-stor-bur-for-hamster-dvarg-hamster-60-x-40-x-120-cm-naturtra-1.webp?fit=2000%2C2000&ssl=1","datePublished":"2025-08-20T03:14:48+00:00","dateModified":"2026-03-12T07:58:14+00:00","breadcrumb":{"@id":"https:\/\/truusk.store\/sv\/produkt\/truusk-hamsterbur-i-tra-5-vaningar-nagarium-gnagarbur-smadjursbur-med-galler-tak-stor-bur-for-hamster-dvarg-hamster-60\/#breadcrumb"},"inLanguage":"sv-SE","potentialAction":[{"@type":"ReadAction","target":["https:\/\/truusk.store\/sv\/produkt\/truusk-hamsterbur-i-tra-5-vaningar-nagarium-gnagarbur-smadjursbur-med-galler-tak-stor-bur-for-hamster-dvarg-hamster-60\/"]}]},{"@type":"ImageObject","inLanguage":"sv-SE","@id":"https:\/\/truusk.store\/sv\/produkt\/truusk-hamsterbur-i-tra-5-vaningar-nagarium-gnagarbur-smadjursbur-med-galler-tak-stor-bur-for-hamster-dvarg-hamster-60\/#primaryimage","url":"https:\/\/i0.wp.com\/truusk.store\/wp-content\/uploads\/2025\/08\/hamsterbur-i-tra-5-vaningar-nagarium-gnagarbur-smadjursbur-med-galler-tak-trabur-musbur-stor-bur-for-hamster-dvarg-hamster-60-x-40-x-120-cm-naturtra-1.webp?fit=2000%2C2000&ssl=1","contentUrl":"https:\/\/i0.wp.com\/truusk.store\/wp-content\/uploads\/2025\/08\/hamsterbur-i-tra-5-vaningar-nagarium-gnagarbur-smadjursbur-med-galler-tak-trabur-musbur-stor-bur-for-hamster-dvarg-hamster-60-x-40-x-120-cm-naturtra-1.webp?fit=2000%2C2000&ssl=1","width":2000,"height":2000},{"@type":"BreadcrumbList","@id":"https:\/\/truusk.store\/sv\/produkt\/truusk-hamsterbur-i-tra-5-vaningar-nagarium-gnagarbur-smadjursbur-med-galler-tak-stor-bur-for-hamster-dvarg-hamster-60\/#breadcrumb","itemListElement":[{"@type":"ListItem","position":1,"name":"Home","item":"https:\/\/truusk.store\/sv\/"},{"@type":"ListItem","position":2,"name":"Shop","item":"https:\/\/truusk.store\/shop\/"},{"@type":"ListItem","position":3,"name":"TRUUSK Hamsterbur i Tr\u00e4 5 V\u00e5ningar &#8211; Nagarium Gnagarbur &#8211; Sm\u00e5djursbur Med Galler Tak &#8211; Stor Bur F\u00f6r Hamster &#8211; Dv\u00e4rg Hamster &#8211; 60"}]},{"@type":"WebSite","@id":"https:\/\/truusk.store\/sv\/#website","url":"https:\/\/truusk.store\/sv\/","name":"TRUUSK - Hem, Tr\u00e4dg\u00e5rd & Fritid","description":"","publisher":{"@id":"https:\/\/truusk.store\/sv\/#organization"},"potentialAction":[{"@type":"SearchAction","target":{"@type":"EntryPoint","urlTemplate":"https:\/\/truusk.store\/sv\/?s={search_term_string}"},"query-input":{"@type":"PropertyValueSpecification","valueRequired":true,"valueName":"search_term_string"}}],"inLanguage":"sv-SE"},{"@type":"Organization","@id":"https:\/\/truusk.store\/sv\/#organization","name":"TRUUSK - Hem, Tr\u00e4dg\u00e5rd & Fritid","url":"https:\/\/truusk.store\/sv\/","logo":{"@type":"ImageObject","inLanguage":"sv-SE","@id":"https:\/\/truusk.store\/sv\/#\/schema\/logo\/image\/","url":"https:\/\/i0.wp.com\/truusk.store\/wp-content\/uploads\/2026\/03\/cropped-TRUUSK.png?fit=2032%2C917&ssl=1","contentUrl":"https:\/\/i0.wp.com\/truusk.store\/wp-content\/uploads\/2026\/03\/cropped-TRUUSK.png?fit=2032%2C917&ssl=1","width":2032,"height":917,"caption":"TRUUSK - Hem, Tr\u00e4dg\u00e5rd & Fritid"},"image":{"@id":"https:\/\/truusk.store\/sv\/#\/schema\/logo\/image\/"}}]}},"jetpack_sharing_enabled":true,"_links":{"self":[{"href":"https:\/\/truusk.store\/sv\/wp-json\/wp\/v2\/product\/86179","targetHints":{"allow":["GET"]}}],"collection":[{"href":"https:\/\/truusk.store\/sv\/wp-json\/wp\/v2\/product"}],"about":[{"href":"https:\/\/truusk.store\/sv\/wp-json\/wp\/v2\/types\/product"}],"wp:featuredmedia":[{"embeddable":true,"href":"https:\/\/truusk.store\/sv\/wp-json\/wp\/v2\/media\/86170"}],"wp:attachment":[{"href":"https:\/\/truusk.store\/sv\/wp-json\/wp\/v2\/media?parent=86179"}],"wp:term":[{"taxonomy":"product_brand","embeddable":true,"href":"https:\/\/truusk.store\/sv\/wp-json\/wp\/v2\/product_brand?post=86179"},{"taxonomy":"product_cat","embeddable":true,"href":"https:\/\/truusk.store\/sv\/wp-json\/wp\/v2\/product_cat?post=86179"},{"taxonomy":"product_tag","embeddable":true,"href":"https:\/\/truusk.store\/sv\/wp-json\/wp\/v2\/product_tag?post=86179"}],"curies":[{"name":"wp","href":"https:\/\/api.w.org\/{rel}","templated":true}]}}