{"id":86209,"date":"2025-08-20T04:17:57","date_gmt":"2025-08-20T03:17:57","guid":{"rendered":"https:\/\/truusk.store\/product\/liggcykel-med-lcd-display-8-stegs-justerbart-magnetmotstand-liggande-hemtranare-med-pulssensorer-justerbart-ryggstod-anvandarvikt-upp-till-110-kg-for-hemmagym\/"},"modified":"2026-03-12T08:59:42","modified_gmt":"2026-03-12T07:59:42","slug":"truusk-liggcykel-med-lcd-display-8-stegs-justerbart-magnetmotstand-liggande-hemtranare-med-pulssensorer-justerbart-ryggstod","status":"publish","type":"product","link":"https:\/\/truusk.store\/sv\/produkt\/truusk-liggcykel-med-lcd-display-8-stegs-justerbart-magnetmotstand-liggande-hemtranare-med-pulssensorer-justerbart-ryggstod\/","title":{"rendered":"TRUUSK Liggcykel Med LCD-display &#8211; 8-stegs Justerbart Magnetmotst\u00e5nd &#8211; Liggande Hemtr\u00e4nare Med Pulssensorer &#8211; Justerbart Ryggst\u00f6d"},"content":{"rendered":"<p>TRUUSK hemtr\u00e4naren \u00e4r en fantastisk tr\u00e4ningsutrustning f\u00f6r inomhustr\u00e4ning. LCD-sk\u00e4rmen kan registrera din tr\u00e4ningstid, hastighet, kalorier, avst\u00e5nd, k\u00f6rstr\u00e4cka, hj\u00e4rtfrekvens. H\u00f6g belastningsst\u00e5lr\u00f6r kan st\u00f6dja din kropp och s\u00e4kerst\u00e4lla balans under tr\u00e4ningen. Utrustad med tv\u00e5 hjul f\u00f6r enkel f\u00f6rflyttning fr\u00e5n en plats till en annan. Prova v\u00e5ra magnetiska hemtr\u00e4nare och h\u00e5ll dig i form.<\/p>\n<p>Beskrivning:<\/p>\n<ul>\n<li> L\u00e4mplig f\u00f6r hem, kontor och gym<\/li>\n<li> LCD-sk\u00e4rmen kan registrera dina tr\u00e4ningsdata<\/li>\n<li> Sitsavst\u00e5ndet kan justeras fram och tillbaka<\/li>\n<li> Inbyggd flaskh\u00e5llare h\u00e5ller flaskan l\u00e4ttillg\u00e4nglig<\/li>\n<li> Det inbyggda sv\u00e4nghjulet och den 8-stegs magnetiska motst\u00e5ndet m\u00f6jligg\u00f6r kontroll av hastigheten<\/li>\n<li> Tr\u00e4na benen, midjan och rumpan<\/li>\n<\/ul>\n<p> Tekniska data:<\/p>\n<ul>\n<li> F\u00e4rg: Gr\u00e5+Silver<\/li>\n<li> Material: Metall, ABS<\/li>\n<li> Totala dimensioner: 121,5-136L x 62,5B x 98 H cm<\/li>\n<li> Storlek p\u00e5 plastdyna: 28L x 37B cm<\/li>\n<li> B\u00e4rkapacitet: 110 kg<\/li>\n<\/ul>\n<p>Leveransinneh\u00e5ll:<\/p>\n<ul>\n<li> 1 x Magnetisk hemtr\u00e4nare<\/li>\n<li> 1 x Instruktioner<\/li>\n<\/ul>\n","protected":false},"excerpt":{"rendered":"<p>TRUUSK hemtr\u00e4naren \u00e4r en fantastisk tr\u00e4ningsutrustning f\u00f6r inomhustr\u00e4ning. LCD-sk\u00e4rmen kan registrera din tr\u00e4ningstid, hastighet, kalorier, avst\u00e5nd, k\u00f6rstr\u00e4cka, hj\u00e4rtfrekvens. H\u00f6g belastningsst\u00e5lr\u00f6r&#8230;<\/p>\n","protected":false},"featured_media":86200,"template":"","meta":[],"product_brand":[],"product_cat":[891,873,647],"product_tag":[],"class_list":{"0":"post-86209","1":"product","2":"type-product","3":"status-publish","4":"has-post-thumbnail","6":"product_cat-ergometer-hemtranare","7":"product_cat-fitness-styrketraning","8":"product_cat-sport-fritid","10":"first","11":"instock","12":"sale","13":"taxable","14":"shipping-taxable","15":"purchasable","16":"product-type-simple"},"yoast_head":"<!-- This site is optimized with the Yoast SEO plugin v25.4 - https:\/\/yoast.com\/wordpress\/plugins\/seo\/ -->\n<title>TRUUSK Liggcykel Med LCD-display - 8-stegs Justerbart Magnetmotst\u00e5nd - Liggande Hemtr\u00e4nare Med Pulssensorer - Justerbart Ryggst\u00f6d - TRUUSK - Hem, Tr\u00e4dg\u00e5rd &amp; Fritid<\/title>\n<meta name=\"robots\" content=\"index, follow, max-snippet:-1, max-image-preview:large, max-video-preview:-1\" \/>\n<link rel=\"canonical\" href=\"https:\/\/truusk.store\/sv\/produkt\/truusk-liggcykel-med-lcd-display-8-stegs-justerbart-magnetmotstand-liggande-hemtranare-med-pulssensorer-justerbart-ryggstod\/\" \/>\n<meta property=\"og:locale\" content=\"sv_SE\" \/>\n<meta property=\"og:type\" content=\"article\" \/>\n<meta property=\"og:title\" content=\"TRUUSK Liggcykel Med LCD-display - 8-stegs Justerbart Magnetmotst\u00e5nd - Liggande Hemtr\u00e4nare Med Pulssensorer - Justerbart Ryggst\u00f6d - TRUUSK - Hem, Tr\u00e4dg\u00e5rd &amp; Fritid\" \/>\n<meta property=\"og:description\" content=\"TRUUSK hemtr\u00e4naren \u00e4r en fantastisk tr\u00e4ningsutrustning f\u00f6r inomhustr\u00e4ning. LCD-sk\u00e4rmen kan registrera din tr\u00e4ningstid, hastighet, kalorier, avst\u00e5nd, k\u00f6rstr\u00e4cka, hj\u00e4rtfrekvens. H\u00f6g belastningsst\u00e5lr\u00f6r...\" \/>\n<meta property=\"og:url\" content=\"https:\/\/truusk.store\/sv\/produkt\/truusk-liggcykel-med-lcd-display-8-stegs-justerbart-magnetmotstand-liggande-hemtranare-med-pulssensorer-justerbart-ryggstod\/\" \/>\n<meta property=\"og:site_name\" content=\"TRUUSK - Hem, Tr\u00e4dg\u00e5rd &amp; Fritid\" \/>\n<meta property=\"article:modified_time\" content=\"2026-03-12T07:59:42+00:00\" \/>\n<meta property=\"og:image\" content=\"https:\/\/i0.wp.com\/truusk.se\/wp-content\/uploads\/2025\/08\/liggcykel-med-lcd-display-8-stegs-justerbart-magnetmotstand-liggande-hemtranare-med-pulssensorer-justerbart-ryggstod-anvandarvikt-upp-till-110-kg-for-hemmagym-1.webp?fit=2000%2C2000&ssl=1\" \/>\n\t<meta property=\"og:image:width\" content=\"2000\" \/>\n\t<meta property=\"og:image:height\" content=\"2000\" \/>\n\t<meta property=\"og:image:type\" content=\"image\/webp\" \/>\n<meta name=\"twitter:card\" content=\"summary_large_image\" \/>\n<meta name=\"twitter:label1\" content=\"Ber\u00e4knad l\u00e4stid\" \/>\n\t<meta name=\"twitter:data1\" content=\"1 minut\" \/>\n<!-- \/ Yoast SEO plugin. -->","yoast_head_json":{"title":"TRUUSK Liggcykel Med LCD-display - 8-stegs Justerbart Magnetmotst\u00e5nd - Liggande Hemtr\u00e4nare Med Pulssensorer - Justerbart Ryggst\u00f6d - TRUUSK - Hem, Tr\u00e4dg\u00e5rd &amp; Fritid","robots":{"index":"index","follow":"follow","max-snippet":"max-snippet:-1","max-image-preview":"max-image-preview:large","max-video-preview":"max-video-preview:-1"},"canonical":"https:\/\/truusk.store\/sv\/produkt\/truusk-liggcykel-med-lcd-display-8-stegs-justerbart-magnetmotstand-liggande-hemtranare-med-pulssensorer-justerbart-ryggstod\/","og_locale":"sv_SE","og_type":"article","og_title":"TRUUSK Liggcykel Med LCD-display - 8-stegs Justerbart Magnetmotst\u00e5nd - Liggande Hemtr\u00e4nare Med Pulssensorer - Justerbart Ryggst\u00f6d - TRUUSK - Hem, Tr\u00e4dg\u00e5rd &amp; Fritid","og_description":"TRUUSK hemtr\u00e4naren \u00e4r en fantastisk tr\u00e4ningsutrustning f\u00f6r inomhustr\u00e4ning. LCD-sk\u00e4rmen kan registrera din tr\u00e4ningstid, hastighet, kalorier, avst\u00e5nd, k\u00f6rstr\u00e4cka, hj\u00e4rtfrekvens. H\u00f6g belastningsst\u00e5lr\u00f6r...","og_url":"https:\/\/truusk.store\/sv\/produkt\/truusk-liggcykel-med-lcd-display-8-stegs-justerbart-magnetmotstand-liggande-hemtranare-med-pulssensorer-justerbart-ryggstod\/","og_site_name":"TRUUSK - Hem, Tr\u00e4dg\u00e5rd &amp; Fritid","article_modified_time":"2026-03-12T07:59:42+00:00","og_image":[{"width":2000,"height":2000,"url":"https:\/\/i0.wp.com\/truusk.se\/wp-content\/uploads\/2025\/08\/liggcykel-med-lcd-display-8-stegs-justerbart-magnetmotstand-liggande-hemtranare-med-pulssensorer-justerbart-ryggstod-anvandarvikt-upp-till-110-kg-for-hemmagym-1.webp?fit=2000%2C2000&ssl=1","type":"image\/webp"}],"twitter_card":"summary_large_image","twitter_misc":{"Ber\u00e4knad l\u00e4stid":"1 minut"},"schema":{"@context":"https:\/\/schema.org","@graph":[{"@type":"WebPage","@id":"https:\/\/truusk.store\/sv\/produkt\/truusk-liggcykel-med-lcd-display-8-stegs-justerbart-magnetmotstand-liggande-hemtranare-med-pulssensorer-justerbart-ryggstod\/","url":"https:\/\/truusk.store\/sv\/produkt\/truusk-liggcykel-med-lcd-display-8-stegs-justerbart-magnetmotstand-liggande-hemtranare-med-pulssensorer-justerbart-ryggstod\/","name":"TRUUSK Liggcykel Med LCD-display - 8-stegs Justerbart Magnetmotst\u00e5nd - Liggande Hemtr\u00e4nare Med Pulssensorer - Justerbart Ryggst\u00f6d - TRUUSK - Hem, Tr\u00e4dg\u00e5rd &amp; Fritid","isPartOf":{"@id":"https:\/\/truusk.store\/sv\/#website"},"primaryImageOfPage":{"@id":"https:\/\/truusk.store\/sv\/produkt\/truusk-liggcykel-med-lcd-display-8-stegs-justerbart-magnetmotstand-liggande-hemtranare-med-pulssensorer-justerbart-ryggstod\/#primaryimage"},"image":{"@id":"https:\/\/truusk.store\/sv\/produkt\/truusk-liggcykel-med-lcd-display-8-stegs-justerbart-magnetmotstand-liggande-hemtranare-med-pulssensorer-justerbart-ryggstod\/#primaryimage"},"thumbnailUrl":"https:\/\/i0.wp.com\/truusk.store\/wp-content\/uploads\/2025\/08\/liggcykel-med-lcd-display-8-stegs-justerbart-magnetmotstand-liggande-hemtranare-med-pulssensorer-justerbart-ryggstod-anvandarvikt-upp-till-110-kg-for-hemmagym-1.webp?fit=2000%2C2000&ssl=1","datePublished":"2025-08-20T03:17:57+00:00","dateModified":"2026-03-12T07:59:42+00:00","breadcrumb":{"@id":"https:\/\/truusk.store\/sv\/produkt\/truusk-liggcykel-med-lcd-display-8-stegs-justerbart-magnetmotstand-liggande-hemtranare-med-pulssensorer-justerbart-ryggstod\/#breadcrumb"},"inLanguage":"sv-SE","potentialAction":[{"@type":"ReadAction","target":["https:\/\/truusk.store\/sv\/produkt\/truusk-liggcykel-med-lcd-display-8-stegs-justerbart-magnetmotstand-liggande-hemtranare-med-pulssensorer-justerbart-ryggstod\/"]}]},{"@type":"ImageObject","inLanguage":"sv-SE","@id":"https:\/\/truusk.store\/sv\/produkt\/truusk-liggcykel-med-lcd-display-8-stegs-justerbart-magnetmotstand-liggande-hemtranare-med-pulssensorer-justerbart-ryggstod\/#primaryimage","url":"https:\/\/i0.wp.com\/truusk.store\/wp-content\/uploads\/2025\/08\/liggcykel-med-lcd-display-8-stegs-justerbart-magnetmotstand-liggande-hemtranare-med-pulssensorer-justerbart-ryggstod-anvandarvikt-upp-till-110-kg-for-hemmagym-1.webp?fit=2000%2C2000&ssl=1","contentUrl":"https:\/\/i0.wp.com\/truusk.store\/wp-content\/uploads\/2025\/08\/liggcykel-med-lcd-display-8-stegs-justerbart-magnetmotstand-liggande-hemtranare-med-pulssensorer-justerbart-ryggstod-anvandarvikt-upp-till-110-kg-for-hemmagym-1.webp?fit=2000%2C2000&ssl=1","width":2000,"height":2000},{"@type":"BreadcrumbList","@id":"https:\/\/truusk.store\/sv\/produkt\/truusk-liggcykel-med-lcd-display-8-stegs-justerbart-magnetmotstand-liggande-hemtranare-med-pulssensorer-justerbart-ryggstod\/#breadcrumb","itemListElement":[{"@type":"ListItem","position":1,"name":"Home","item":"https:\/\/truusk.store\/sv\/"},{"@type":"ListItem","position":2,"name":"Shop","item":"https:\/\/truusk.store\/shop\/"},{"@type":"ListItem","position":3,"name":"TRUUSK Liggcykel Med LCD-display &#8211; 8-stegs Justerbart Magnetmotst\u00e5nd &#8211; Liggande Hemtr\u00e4nare Med Pulssensorer &#8211; Justerbart Ryggst\u00f6d"}]},{"@type":"WebSite","@id":"https:\/\/truusk.store\/sv\/#website","url":"https:\/\/truusk.store\/sv\/","name":"TRUUSK - Hem, Tr\u00e4dg\u00e5rd & Fritid","description":"","publisher":{"@id":"https:\/\/truusk.store\/sv\/#organization"},"potentialAction":[{"@type":"SearchAction","target":{"@type":"EntryPoint","urlTemplate":"https:\/\/truusk.store\/sv\/?s={search_term_string}"},"query-input":{"@type":"PropertyValueSpecification","valueRequired":true,"valueName":"search_term_string"}}],"inLanguage":"sv-SE"},{"@type":"Organization","@id":"https:\/\/truusk.store\/sv\/#organization","name":"TRUUSK - Hem, Tr\u00e4dg\u00e5rd & Fritid","url":"https:\/\/truusk.store\/sv\/","logo":{"@type":"ImageObject","inLanguage":"sv-SE","@id":"https:\/\/truusk.store\/sv\/#\/schema\/logo\/image\/","url":"https:\/\/i0.wp.com\/truusk.store\/wp-content\/uploads\/2026\/03\/cropped-TRUUSK.png?fit=2032%2C917&ssl=1","contentUrl":"https:\/\/i0.wp.com\/truusk.store\/wp-content\/uploads\/2026\/03\/cropped-TRUUSK.png?fit=2032%2C917&ssl=1","width":2032,"height":917,"caption":"TRUUSK - Hem, Tr\u00e4dg\u00e5rd & Fritid"},"image":{"@id":"https:\/\/truusk.store\/sv\/#\/schema\/logo\/image\/"}}]}},"jetpack_sharing_enabled":true,"_links":{"self":[{"href":"https:\/\/truusk.store\/sv\/wp-json\/wp\/v2\/product\/86209","targetHints":{"allow":["GET"]}}],"collection":[{"href":"https:\/\/truusk.store\/sv\/wp-json\/wp\/v2\/product"}],"about":[{"href":"https:\/\/truusk.store\/sv\/wp-json\/wp\/v2\/types\/product"}],"wp:featuredmedia":[{"embeddable":true,"href":"https:\/\/truusk.store\/sv\/wp-json\/wp\/v2\/media\/86200"}],"wp:attachment":[{"href":"https:\/\/truusk.store\/sv\/wp-json\/wp\/v2\/media?parent=86209"}],"wp:term":[{"taxonomy":"product_brand","embeddable":true,"href":"https:\/\/truusk.store\/sv\/wp-json\/wp\/v2\/product_brand?post=86209"},{"taxonomy":"product_cat","embeddable":true,"href":"https:\/\/truusk.store\/sv\/wp-json\/wp\/v2\/product_cat?post=86209"},{"taxonomy":"product_tag","embeddable":true,"href":"https:\/\/truusk.store\/sv\/wp-json\/wp\/v2\/product_tag?post=86209"}],"curies":[{"name":"wp","href":"https:\/\/api.w.org\/{rel}","templated":true}]}}