{"id":86219,"date":"2025-08-20T04:18:36","date_gmt":"2025-08-20T03:18:36","guid":{"rendered":"https:\/\/truusk.store\/product\/handfat-mobil-handfat-barbar-inkl-hjul-51-cm-x-335-cm-x-103cm-vit\/"},"modified":"2026-03-12T09:00:32","modified_gmt":"2026-03-12T08:00:32","slug":"truusk-barbar-handfat-med-hjul-51-cm-x-335-cm-x-103-cm-vit-praktisk-och-latt-att-anvanda","status":"publish","type":"product","link":"https:\/\/truusk.store\/sv\/produkt\/truusk-barbar-handfat-med-hjul-51-cm-x-335-cm-x-103-cm-vit-praktisk-och-latt-att-anvanda\/","title":{"rendered":"TRUUSK B\u00e4rbar Handfat med Hjul &#8211; 51 cm x 33,5 cm x 103 cm &#8211; Vit &#8211; Praktisk och L\u00e4tt att Anv\u00e4nda"},"content":{"rendered":"<p>S\u00f6ker du en b\u00e4rbar handtv\u00e4tt? D\u00e5 rekommenderar vi denna b\u00e4rbara handtv\u00e4tt f\u00f6r utomhusbruk fr\u00e5n TRUUSK. Tack vare det inbyggda handtaget och hjulen kan du ta med det \u00f6verallt. Vattentanken p\u00e5 den mobila handtv\u00e4tten rymmer 17 liter. Den har en inbyggd tv\u00e5ldispenser, en handduksh\u00e5llare och en flexibel avloppsslang f\u00f6r avfallshantering. Perfekt f\u00f6r utomhusevenemang, byggarbetsplatser, camping, b\u00e5tturer och mycket mer.<\/p>\n<p>Beskrivning:<\/p>\n<ul>\n<li> Tillverkad av h\u00f6gkvalitativt, milj\u00f6v\u00e4nligt HDPE-material, robust och stabil f\u00f6r utomhusbruk<\/li>\n<li> Perfekt f\u00f6r utomhusevenemang, byggarbetsplatser, camping, picknick, BBQ, fiske och mer<\/li>\n<li> Vid varje p\u00e5fyllning finns 17 liter vatten direkt tillg\u00e4ngligt<\/li>\n<li> En inbyggd tv\u00e5ldispenser ing\u00e5r<\/li>\n<li> Flexibel vattenslang f\u00f6r enkel avfallshantering<\/li>\n<li> L\u00e4tt att b\u00e4ra och flytta, med inbyggt handtag och hjul, \u00e4ven n\u00e4r den \u00e4r fylld med vatten<\/li>\n<li> Enkel att montera, inga verktyg beh\u00f6vs<\/li>\n<\/ul>\n<p>Tekniska data:<\/p>\n<ul>\n<li> Material: HDPE<\/li>\n<li> F\u00e4rg: Ljusgr\u00e5<\/li>\n<li> Totala dimensioner: 51L x 33,5B x 103H cm<\/li>\n<li> Handtv\u00e4ttens dimensioner: 32,5L x 24B cm<\/li>\n<li> Vattentankens kapacitet: 17 L<\/li>\n<li> Handtankens kapacitet: 3,5 L<\/li>\n<li> Hjulstorlek: \u00d84,5 cm<\/li>\n<\/ul>\n<p>Inneh\u00e5ll:<\/p>\n<ul>\n<li> Campinghandtv\u00e4tt<\/li>\n<li> Instruktioner<\/li>\n<\/ul>\n","protected":false},"excerpt":{"rendered":"<p>S\u00f6ker du en b\u00e4rbar handtv\u00e4tt? D\u00e5 rekommenderar vi denna b\u00e4rbara handtv\u00e4tt f\u00f6r utomhusbruk fr\u00e5n TRUUSK. Tack vare det inbyggda handtaget&#8230;<\/p>\n","protected":false},"featured_media":86210,"template":"","meta":[],"product_brand":[],"product_cat":[867,963],"product_tag":[],"class_list":{"0":"post-86219","1":"product","2":"type-product","3":"status-publish","4":"has-post-thumbnail","6":"product_cat-byggmarknad","7":"product_cat-runt-om-huset","9":"first","10":"instock","11":"sale","12":"taxable","13":"shipping-taxable","14":"purchasable","15":"product-type-simple"},"yoast_head":"<!-- This site is optimized with the Yoast SEO plugin v25.4 - https:\/\/yoast.com\/wordpress\/plugins\/seo\/ -->\n<title>TRUUSK B\u00e4rbar Handfat med Hjul - 51 cm x 33,5 cm x 103 cm - Vit - Praktisk och L\u00e4tt att Anv\u00e4nda - TRUUSK - Hem, Tr\u00e4dg\u00e5rd &amp; Fritid<\/title>\n<meta name=\"robots\" content=\"index, follow, max-snippet:-1, max-image-preview:large, max-video-preview:-1\" \/>\n<link rel=\"canonical\" href=\"https:\/\/truusk.store\/sv\/produkt\/truusk-barbar-handfat-med-hjul-51-cm-x-335-cm-x-103-cm-vit-praktisk-och-latt-att-anvanda\/\" \/>\n<meta property=\"og:locale\" content=\"sv_SE\" \/>\n<meta property=\"og:type\" content=\"article\" \/>\n<meta property=\"og:title\" content=\"TRUUSK B\u00e4rbar Handfat med Hjul - 51 cm x 33,5 cm x 103 cm - Vit - Praktisk och L\u00e4tt att Anv\u00e4nda - TRUUSK - Hem, Tr\u00e4dg\u00e5rd &amp; Fritid\" \/>\n<meta property=\"og:description\" content=\"S\u00f6ker du en b\u00e4rbar handtv\u00e4tt? D\u00e5 rekommenderar vi denna b\u00e4rbara handtv\u00e4tt f\u00f6r utomhusbruk fr\u00e5n TRUUSK. Tack vare det inbyggda handtaget...\" \/>\n<meta property=\"og:url\" content=\"https:\/\/truusk.store\/sv\/produkt\/truusk-barbar-handfat-med-hjul-51-cm-x-335-cm-x-103-cm-vit-praktisk-och-latt-att-anvanda\/\" \/>\n<meta property=\"og:site_name\" content=\"TRUUSK - Hem, Tr\u00e4dg\u00e5rd &amp; Fritid\" \/>\n<meta property=\"article:modified_time\" content=\"2026-03-12T08:00:32+00:00\" \/>\n<meta property=\"og:image\" content=\"https:\/\/i0.wp.com\/truusk.se\/wp-content\/uploads\/2025\/08\/handfat-mobil-handfat-barbar-inkl-hjul-51-cm-x-335-cm-x-103cm-vit-1.webp?fit=2000%2C2000&ssl=1\" \/>\n\t<meta property=\"og:image:width\" content=\"2000\" \/>\n\t<meta property=\"og:image:height\" content=\"2000\" \/>\n\t<meta property=\"og:image:type\" content=\"image\/webp\" \/>\n<meta name=\"twitter:card\" content=\"summary_large_image\" \/>\n<meta name=\"twitter:label1\" content=\"Ber\u00e4knad l\u00e4stid\" \/>\n\t<meta name=\"twitter:data1\" content=\"1 minut\" \/>\n<!-- \/ Yoast SEO plugin. -->","yoast_head_json":{"title":"TRUUSK B\u00e4rbar Handfat med Hjul - 51 cm x 33,5 cm x 103 cm - Vit - Praktisk och L\u00e4tt att Anv\u00e4nda - TRUUSK - Hem, Tr\u00e4dg\u00e5rd &amp; Fritid","robots":{"index":"index","follow":"follow","max-snippet":"max-snippet:-1","max-image-preview":"max-image-preview:large","max-video-preview":"max-video-preview:-1"},"canonical":"https:\/\/truusk.store\/sv\/produkt\/truusk-barbar-handfat-med-hjul-51-cm-x-335-cm-x-103-cm-vit-praktisk-och-latt-att-anvanda\/","og_locale":"sv_SE","og_type":"article","og_title":"TRUUSK B\u00e4rbar Handfat med Hjul - 51 cm x 33,5 cm x 103 cm - Vit - Praktisk och L\u00e4tt att Anv\u00e4nda - TRUUSK - Hem, Tr\u00e4dg\u00e5rd &amp; Fritid","og_description":"S\u00f6ker du en b\u00e4rbar handtv\u00e4tt? D\u00e5 rekommenderar vi denna b\u00e4rbara handtv\u00e4tt f\u00f6r utomhusbruk fr\u00e5n TRUUSK. Tack vare det inbyggda handtaget...","og_url":"https:\/\/truusk.store\/sv\/produkt\/truusk-barbar-handfat-med-hjul-51-cm-x-335-cm-x-103-cm-vit-praktisk-och-latt-att-anvanda\/","og_site_name":"TRUUSK - Hem, Tr\u00e4dg\u00e5rd &amp; Fritid","article_modified_time":"2026-03-12T08:00:32+00:00","og_image":[{"width":2000,"height":2000,"url":"https:\/\/i0.wp.com\/truusk.se\/wp-content\/uploads\/2025\/08\/handfat-mobil-handfat-barbar-inkl-hjul-51-cm-x-335-cm-x-103cm-vit-1.webp?fit=2000%2C2000&ssl=1","type":"image\/webp"}],"twitter_card":"summary_large_image","twitter_misc":{"Ber\u00e4knad l\u00e4stid":"1 minut"},"schema":{"@context":"https:\/\/schema.org","@graph":[{"@type":"WebPage","@id":"https:\/\/truusk.store\/sv\/produkt\/truusk-barbar-handfat-med-hjul-51-cm-x-335-cm-x-103-cm-vit-praktisk-och-latt-att-anvanda\/","url":"https:\/\/truusk.store\/sv\/produkt\/truusk-barbar-handfat-med-hjul-51-cm-x-335-cm-x-103-cm-vit-praktisk-och-latt-att-anvanda\/","name":"TRUUSK B\u00e4rbar Handfat med Hjul - 51 cm x 33,5 cm x 103 cm - Vit - Praktisk och L\u00e4tt att Anv\u00e4nda - TRUUSK - Hem, Tr\u00e4dg\u00e5rd &amp; Fritid","isPartOf":{"@id":"https:\/\/truusk.store\/sv\/#website"},"primaryImageOfPage":{"@id":"https:\/\/truusk.store\/sv\/produkt\/truusk-barbar-handfat-med-hjul-51-cm-x-335-cm-x-103-cm-vit-praktisk-och-latt-att-anvanda\/#primaryimage"},"image":{"@id":"https:\/\/truusk.store\/sv\/produkt\/truusk-barbar-handfat-med-hjul-51-cm-x-335-cm-x-103-cm-vit-praktisk-och-latt-att-anvanda\/#primaryimage"},"thumbnailUrl":"https:\/\/i0.wp.com\/truusk.store\/wp-content\/uploads\/2025\/08\/handfat-mobil-handfat-barbar-inkl-hjul-51-cm-x-335-cm-x-103cm-vit-1.webp?fit=2000%2C2000&ssl=1","datePublished":"2025-08-20T03:18:36+00:00","dateModified":"2026-03-12T08:00:32+00:00","breadcrumb":{"@id":"https:\/\/truusk.store\/sv\/produkt\/truusk-barbar-handfat-med-hjul-51-cm-x-335-cm-x-103-cm-vit-praktisk-och-latt-att-anvanda\/#breadcrumb"},"inLanguage":"sv-SE","potentialAction":[{"@type":"ReadAction","target":["https:\/\/truusk.store\/sv\/produkt\/truusk-barbar-handfat-med-hjul-51-cm-x-335-cm-x-103-cm-vit-praktisk-och-latt-att-anvanda\/"]}]},{"@type":"ImageObject","inLanguage":"sv-SE","@id":"https:\/\/truusk.store\/sv\/produkt\/truusk-barbar-handfat-med-hjul-51-cm-x-335-cm-x-103-cm-vit-praktisk-och-latt-att-anvanda\/#primaryimage","url":"https:\/\/i0.wp.com\/truusk.store\/wp-content\/uploads\/2025\/08\/handfat-mobil-handfat-barbar-inkl-hjul-51-cm-x-335-cm-x-103cm-vit-1.webp?fit=2000%2C2000&ssl=1","contentUrl":"https:\/\/i0.wp.com\/truusk.store\/wp-content\/uploads\/2025\/08\/handfat-mobil-handfat-barbar-inkl-hjul-51-cm-x-335-cm-x-103cm-vit-1.webp?fit=2000%2C2000&ssl=1","width":2000,"height":2000},{"@type":"BreadcrumbList","@id":"https:\/\/truusk.store\/sv\/produkt\/truusk-barbar-handfat-med-hjul-51-cm-x-335-cm-x-103-cm-vit-praktisk-och-latt-att-anvanda\/#breadcrumb","itemListElement":[{"@type":"ListItem","position":1,"name":"Home","item":"https:\/\/truusk.store\/sv\/"},{"@type":"ListItem","position":2,"name":"Shop","item":"https:\/\/truusk.store\/shop\/"},{"@type":"ListItem","position":3,"name":"TRUUSK B\u00e4rbar Handfat med Hjul &#8211; 51 cm x 33,5 cm x 103 cm &#8211; Vit &#8211; Praktisk och L\u00e4tt att Anv\u00e4nda"}]},{"@type":"WebSite","@id":"https:\/\/truusk.store\/sv\/#website","url":"https:\/\/truusk.store\/sv\/","name":"TRUUSK - Hem, Tr\u00e4dg\u00e5rd & Fritid","description":"","publisher":{"@id":"https:\/\/truusk.store\/sv\/#organization"},"potentialAction":[{"@type":"SearchAction","target":{"@type":"EntryPoint","urlTemplate":"https:\/\/truusk.store\/sv\/?s={search_term_string}"},"query-input":{"@type":"PropertyValueSpecification","valueRequired":true,"valueName":"search_term_string"}}],"inLanguage":"sv-SE"},{"@type":"Organization","@id":"https:\/\/truusk.store\/sv\/#organization","name":"TRUUSK - Hem, Tr\u00e4dg\u00e5rd & Fritid","url":"https:\/\/truusk.store\/sv\/","logo":{"@type":"ImageObject","inLanguage":"sv-SE","@id":"https:\/\/truusk.store\/sv\/#\/schema\/logo\/image\/","url":"https:\/\/i0.wp.com\/truusk.store\/wp-content\/uploads\/2026\/03\/cropped-TRUUSK.png?fit=2032%2C917&ssl=1","contentUrl":"https:\/\/i0.wp.com\/truusk.store\/wp-content\/uploads\/2026\/03\/cropped-TRUUSK.png?fit=2032%2C917&ssl=1","width":2032,"height":917,"caption":"TRUUSK - Hem, Tr\u00e4dg\u00e5rd & Fritid"},"image":{"@id":"https:\/\/truusk.store\/sv\/#\/schema\/logo\/image\/"}}]}},"jetpack_sharing_enabled":true,"_links":{"self":[{"href":"https:\/\/truusk.store\/sv\/wp-json\/wp\/v2\/product\/86219","targetHints":{"allow":["GET"]}}],"collection":[{"href":"https:\/\/truusk.store\/sv\/wp-json\/wp\/v2\/product"}],"about":[{"href":"https:\/\/truusk.store\/sv\/wp-json\/wp\/v2\/types\/product"}],"wp:featuredmedia":[{"embeddable":true,"href":"https:\/\/truusk.store\/sv\/wp-json\/wp\/v2\/media\/86210"}],"wp:attachment":[{"href":"https:\/\/truusk.store\/sv\/wp-json\/wp\/v2\/media?parent=86219"}],"wp:term":[{"taxonomy":"product_brand","embeddable":true,"href":"https:\/\/truusk.store\/sv\/wp-json\/wp\/v2\/product_brand?post=86219"},{"taxonomy":"product_cat","embeddable":true,"href":"https:\/\/truusk.store\/sv\/wp-json\/wp\/v2\/product_cat?post=86219"},{"taxonomy":"product_tag","embeddable":true,"href":"https:\/\/truusk.store\/sv\/wp-json\/wp\/v2\/product_tag?post=86219"}],"curies":[{"name":"wp","href":"https:\/\/api.w.org\/{rel}","templated":true}]}}