{"id":86239,"date":"2025-08-20T04:20:22","date_gmt":"2025-08-20T03:20:22","guid":{"rendered":"https:\/\/truusk.store\/product\/terrassplattor-30-x-30-cm-9-stycken-081%e3%8e%a1-klickplattor-balkongplattor-med-klicksystem-draneringsfunktion-golvbelaggning-plattor-for-terrass-balkong-svart\/"},"modified":"2026-03-12T09:01:04","modified_gmt":"2026-03-12T08:01:04","slug":"truusk-terrassplattor-30x30-cm-9-stycken-081%e3%8e%a1-klickplattor-for-balkong-draneringsfunktion-golvbelaggning-svart","status":"publish","type":"product","link":"https:\/\/truusk.store\/sv\/produkt\/truusk-terrassplattor-30x30-cm-9-stycken-081%e3%8e%a1-klickplattor-for-balkong-draneringsfunktion-golvbelaggning-svart\/","title":{"rendered":"TRUUSK Terrassplattor 30&#215;30 cm &#8211; 9 stycken &#8211; 0,81\u33a1 &#8211; Klickplattor f\u00f6r Balkong &#8211; Dr\u00e4neringsfunktion &#8211; Golvbel\u00e4ggning &#8211; Svart"},"content":{"rendered":"<p>Vill du f\u00f6rsk\u00f6na golvet p\u00e5 din balkong eller terrass p\u00e5 ett framst\u00e5ende s\u00e4tt &#8211; p\u00e5 bara 10 minuter? Med dessa dekorativa och praktiska golvplattor kan du g\u00f6ra det! De \u00e4r milj\u00f6medvetna, tillverkade av \u00e5tervunnen plast och \u00e4r mycket l\u00e4tta. Med hj\u00e4lp av en modern klickmekanism kan plattorna l\u00e4ggas bekv\u00e4mt och snabbt, helt utan lim eller skruvar. De \u00e4r robusta och v\u00e4derbest\u00e4ndiga och \u00e4r idealiska f\u00f6r permanent utomhusbruk!<\/p>\n<p>Beskrivning:<\/p>\n<ul>\n<li> Tack vare klickteknologin beh\u00f6ver du varken lim eller skruvar f\u00f6r att s\u00e4tta ihop plattorna<\/li>\n<li> Med halkskyddande bel\u00e4ggning s\u00e5 att du kan g\u00e5 s\u00e4kert<\/li>\n<li> Tillverkade av milj\u00f6v\u00e4nliga, v\u00e4rmebest\u00e4ndiga och korrosionsfria material, \u00e4r dessa plattor idealiska f\u00f6r en m\u00e4ngd olika milj\u00f6er<\/li>\n<li> Tr\u00e4ets \u00e5dring \u00e5terskapas p\u00e5 ytan f\u00f6r att ge ett elegant, naturligt utseende<\/li>\n<li> Ett set best\u00e5r av 9 plattor, som tillsammans t\u00e4cker en yta p\u00e5 0,81 m\u00b2<\/li>\n<\/ul>\n<p>Tekniska data:<\/p>\n<ul>\n<li> Material: Plast<\/li>\n<li> F\u00e4rg: Svart<\/li>\n<li> Nettovikt: 2,7 kg<\/li>\n<li> M\u00e5tt per platta: 30B x 30T x 2H cm<\/li>\n<li> T\u00e4ckt yta: 0,81 m\u00b2<\/li>\n<\/ul>\n<p>Leveransinneh\u00e5ll:<\/p>\n<ul>\n<li> 9 x terrassplattor;<\/li>\n<\/ul>\n","protected":false},"excerpt":{"rendered":"<p>Vill du f\u00f6rsk\u00f6na golvet p\u00e5 din balkong eller terrass p\u00e5 ett framst\u00e5ende s\u00e4tt &#8211; p\u00e5 bara 10 minuter? Med dessa&#8230;<\/p>\n","protected":false},"featured_media":86230,"template":"","meta":[],"product_brand":[],"product_cat":[989,963],"product_tag":[],"class_list":{"0":"post-86239","1":"product","2":"type-product","3":"status-publish","4":"has-post-thumbnail","6":"product_cat-byggvaruhus","7":"product_cat-runt-om-huset","9":"first","10":"instock","11":"sale","12":"taxable","13":"shipping-taxable","14":"purchasable","15":"product-type-simple"},"yoast_head":"<!-- This site is optimized with the Yoast SEO plugin v25.4 - https:\/\/yoast.com\/wordpress\/plugins\/seo\/ -->\n<title>TRUUSK Terrassplattor 30x30 cm - 9 stycken - 0,81\u33a1 - Klickplattor f\u00f6r Balkong - Dr\u00e4neringsfunktion - Golvbel\u00e4ggning - Svart - TRUUSK - Hem, Tr\u00e4dg\u00e5rd &amp; Fritid<\/title>\n<meta name=\"robots\" content=\"index, follow, max-snippet:-1, max-image-preview:large, max-video-preview:-1\" \/>\n<link rel=\"canonical\" href=\"https:\/\/truusk.store\/sv\/produkt\/truusk-terrassplattor-30x30-cm-9-stycken-081%e3%8e%a1-klickplattor-for-balkong-draneringsfunktion-golvbelaggning-svart\/\" \/>\n<meta property=\"og:locale\" content=\"sv_SE\" \/>\n<meta property=\"og:type\" content=\"article\" \/>\n<meta property=\"og:title\" content=\"TRUUSK Terrassplattor 30x30 cm - 9 stycken - 0,81\u33a1 - Klickplattor f\u00f6r Balkong - Dr\u00e4neringsfunktion - Golvbel\u00e4ggning - Svart - TRUUSK - Hem, Tr\u00e4dg\u00e5rd &amp; Fritid\" \/>\n<meta property=\"og:description\" content=\"Vill du f\u00f6rsk\u00f6na golvet p\u00e5 din balkong eller terrass p\u00e5 ett framst\u00e5ende s\u00e4tt &#8211; p\u00e5 bara 10 minuter? Med dessa...\" \/>\n<meta property=\"og:url\" content=\"https:\/\/truusk.store\/sv\/produkt\/truusk-terrassplattor-30x30-cm-9-stycken-081%e3%8e%a1-klickplattor-for-balkong-draneringsfunktion-golvbelaggning-svart\/\" \/>\n<meta property=\"og:site_name\" content=\"TRUUSK - Hem, Tr\u00e4dg\u00e5rd &amp; Fritid\" \/>\n<meta property=\"article:modified_time\" content=\"2026-03-12T08:01:04+00:00\" \/>\n<meta property=\"og:image\" content=\"https:\/\/i0.wp.com\/truusk.se\/wp-content\/uploads\/2025\/08\/terrassplattor-30-x-30-cm-9-stycken-081e38ea1-klickplattor-balkongplattor-med-klicksystem-draneringsfunktion-golvbelaggning-plattor-for-terrass-balkong-svart-1.webp?fit=2000%2C2000&ssl=1\" \/>\n\t<meta property=\"og:image:width\" content=\"2000\" \/>\n\t<meta property=\"og:image:height\" content=\"2000\" \/>\n\t<meta property=\"og:image:type\" content=\"image\/webp\" \/>\n<meta name=\"twitter:card\" content=\"summary_large_image\" \/>\n<meta name=\"twitter:label1\" content=\"Ber\u00e4knad l\u00e4stid\" \/>\n\t<meta name=\"twitter:data1\" content=\"1 minut\" \/>\n<!-- \/ Yoast SEO plugin. -->","yoast_head_json":{"title":"TRUUSK Terrassplattor 30x30 cm - 9 stycken - 0,81\u33a1 - Klickplattor f\u00f6r Balkong - Dr\u00e4neringsfunktion - Golvbel\u00e4ggning - Svart - TRUUSK - Hem, Tr\u00e4dg\u00e5rd &amp; Fritid","robots":{"index":"index","follow":"follow","max-snippet":"max-snippet:-1","max-image-preview":"max-image-preview:large","max-video-preview":"max-video-preview:-1"},"canonical":"https:\/\/truusk.store\/sv\/produkt\/truusk-terrassplattor-30x30-cm-9-stycken-081%e3%8e%a1-klickplattor-for-balkong-draneringsfunktion-golvbelaggning-svart\/","og_locale":"sv_SE","og_type":"article","og_title":"TRUUSK Terrassplattor 30x30 cm - 9 stycken - 0,81\u33a1 - Klickplattor f\u00f6r Balkong - Dr\u00e4neringsfunktion - Golvbel\u00e4ggning - Svart - TRUUSK - Hem, Tr\u00e4dg\u00e5rd &amp; Fritid","og_description":"Vill du f\u00f6rsk\u00f6na golvet p\u00e5 din balkong eller terrass p\u00e5 ett framst\u00e5ende s\u00e4tt &#8211; p\u00e5 bara 10 minuter? Med dessa...","og_url":"https:\/\/truusk.store\/sv\/produkt\/truusk-terrassplattor-30x30-cm-9-stycken-081%e3%8e%a1-klickplattor-for-balkong-draneringsfunktion-golvbelaggning-svart\/","og_site_name":"TRUUSK - Hem, Tr\u00e4dg\u00e5rd &amp; Fritid","article_modified_time":"2026-03-12T08:01:04+00:00","og_image":[{"width":2000,"height":2000,"url":"https:\/\/i0.wp.com\/truusk.se\/wp-content\/uploads\/2025\/08\/terrassplattor-30-x-30-cm-9-stycken-081e38ea1-klickplattor-balkongplattor-med-klicksystem-draneringsfunktion-golvbelaggning-plattor-for-terrass-balkong-svart-1.webp?fit=2000%2C2000&ssl=1","type":"image\/webp"}],"twitter_card":"summary_large_image","twitter_misc":{"Ber\u00e4knad l\u00e4stid":"1 minut"},"schema":{"@context":"https:\/\/schema.org","@graph":[{"@type":"WebPage","@id":"https:\/\/truusk.store\/sv\/produkt\/truusk-terrassplattor-30x30-cm-9-stycken-081%e3%8e%a1-klickplattor-for-balkong-draneringsfunktion-golvbelaggning-svart\/","url":"https:\/\/truusk.store\/sv\/produkt\/truusk-terrassplattor-30x30-cm-9-stycken-081%e3%8e%a1-klickplattor-for-balkong-draneringsfunktion-golvbelaggning-svart\/","name":"TRUUSK Terrassplattor 30x30 cm - 9 stycken - 0,81\u33a1 - Klickplattor f\u00f6r Balkong - Dr\u00e4neringsfunktion - Golvbel\u00e4ggning - Svart - TRUUSK - Hem, Tr\u00e4dg\u00e5rd &amp; Fritid","isPartOf":{"@id":"https:\/\/truusk.store\/sv\/#website"},"primaryImageOfPage":{"@id":"https:\/\/truusk.store\/sv\/produkt\/truusk-terrassplattor-30x30-cm-9-stycken-081%e3%8e%a1-klickplattor-for-balkong-draneringsfunktion-golvbelaggning-svart\/#primaryimage"},"image":{"@id":"https:\/\/truusk.store\/sv\/produkt\/truusk-terrassplattor-30x30-cm-9-stycken-081%e3%8e%a1-klickplattor-for-balkong-draneringsfunktion-golvbelaggning-svart\/#primaryimage"},"thumbnailUrl":"https:\/\/i0.wp.com\/truusk.store\/wp-content\/uploads\/2025\/08\/terrassplattor-30-x-30-cm-9-stycken-081e38ea1-klickplattor-balkongplattor-med-klicksystem-draneringsfunktion-golvbelaggning-plattor-for-terrass-balkong-svart-1.webp?fit=2000%2C2000&ssl=1","datePublished":"2025-08-20T03:20:22+00:00","dateModified":"2026-03-12T08:01:04+00:00","breadcrumb":{"@id":"https:\/\/truusk.store\/sv\/produkt\/truusk-terrassplattor-30x30-cm-9-stycken-081%e3%8e%a1-klickplattor-for-balkong-draneringsfunktion-golvbelaggning-svart\/#breadcrumb"},"inLanguage":"sv-SE","potentialAction":[{"@type":"ReadAction","target":["https:\/\/truusk.store\/sv\/produkt\/truusk-terrassplattor-30x30-cm-9-stycken-081%e3%8e%a1-klickplattor-for-balkong-draneringsfunktion-golvbelaggning-svart\/"]}]},{"@type":"ImageObject","inLanguage":"sv-SE","@id":"https:\/\/truusk.store\/sv\/produkt\/truusk-terrassplattor-30x30-cm-9-stycken-081%e3%8e%a1-klickplattor-for-balkong-draneringsfunktion-golvbelaggning-svart\/#primaryimage","url":"https:\/\/i0.wp.com\/truusk.store\/wp-content\/uploads\/2025\/08\/terrassplattor-30-x-30-cm-9-stycken-081e38ea1-klickplattor-balkongplattor-med-klicksystem-draneringsfunktion-golvbelaggning-plattor-for-terrass-balkong-svart-1.webp?fit=2000%2C2000&ssl=1","contentUrl":"https:\/\/i0.wp.com\/truusk.store\/wp-content\/uploads\/2025\/08\/terrassplattor-30-x-30-cm-9-stycken-081e38ea1-klickplattor-balkongplattor-med-klicksystem-draneringsfunktion-golvbelaggning-plattor-for-terrass-balkong-svart-1.webp?fit=2000%2C2000&ssl=1","width":2000,"height":2000},{"@type":"BreadcrumbList","@id":"https:\/\/truusk.store\/sv\/produkt\/truusk-terrassplattor-30x30-cm-9-stycken-081%e3%8e%a1-klickplattor-for-balkong-draneringsfunktion-golvbelaggning-svart\/#breadcrumb","itemListElement":[{"@type":"ListItem","position":1,"name":"Home","item":"https:\/\/truusk.store\/sv\/"},{"@type":"ListItem","position":2,"name":"Shop","item":"https:\/\/truusk.store\/shop\/"},{"@type":"ListItem","position":3,"name":"TRUUSK Terrassplattor 30&#215;30 cm &#8211; 9 stycken &#8211; 0,81\u33a1 &#8211; Klickplattor f\u00f6r Balkong &#8211; Dr\u00e4neringsfunktion &#8211; Golvbel\u00e4ggning &#8211; Svart"}]},{"@type":"WebSite","@id":"https:\/\/truusk.store\/sv\/#website","url":"https:\/\/truusk.store\/sv\/","name":"TRUUSK - Hem, Tr\u00e4dg\u00e5rd & Fritid","description":"","publisher":{"@id":"https:\/\/truusk.store\/sv\/#organization"},"potentialAction":[{"@type":"SearchAction","target":{"@type":"EntryPoint","urlTemplate":"https:\/\/truusk.store\/sv\/?s={search_term_string}"},"query-input":{"@type":"PropertyValueSpecification","valueRequired":true,"valueName":"search_term_string"}}],"inLanguage":"sv-SE"},{"@type":"Organization","@id":"https:\/\/truusk.store\/sv\/#organization","name":"TRUUSK - Hem, Tr\u00e4dg\u00e5rd & Fritid","url":"https:\/\/truusk.store\/sv\/","logo":{"@type":"ImageObject","inLanguage":"sv-SE","@id":"https:\/\/truusk.store\/sv\/#\/schema\/logo\/image\/","url":"https:\/\/i0.wp.com\/truusk.store\/wp-content\/uploads\/2026\/03\/cropped-TRUUSK.png?fit=2032%2C917&ssl=1","contentUrl":"https:\/\/i0.wp.com\/truusk.store\/wp-content\/uploads\/2026\/03\/cropped-TRUUSK.png?fit=2032%2C917&ssl=1","width":2032,"height":917,"caption":"TRUUSK - Hem, Tr\u00e4dg\u00e5rd & Fritid"},"image":{"@id":"https:\/\/truusk.store\/sv\/#\/schema\/logo\/image\/"}}]}},"jetpack_sharing_enabled":true,"_links":{"self":[{"href":"https:\/\/truusk.store\/sv\/wp-json\/wp\/v2\/product\/86239","targetHints":{"allow":["GET"]}}],"collection":[{"href":"https:\/\/truusk.store\/sv\/wp-json\/wp\/v2\/product"}],"about":[{"href":"https:\/\/truusk.store\/sv\/wp-json\/wp\/v2\/types\/product"}],"wp:featuredmedia":[{"embeddable":true,"href":"https:\/\/truusk.store\/sv\/wp-json\/wp\/v2\/media\/86230"}],"wp:attachment":[{"href":"https:\/\/truusk.store\/sv\/wp-json\/wp\/v2\/media?parent=86239"}],"wp:term":[{"taxonomy":"product_brand","embeddable":true,"href":"https:\/\/truusk.store\/sv\/wp-json\/wp\/v2\/product_brand?post=86239"},{"taxonomy":"product_cat","embeddable":true,"href":"https:\/\/truusk.store\/sv\/wp-json\/wp\/v2\/product_cat?post=86239"},{"taxonomy":"product_tag","embeddable":true,"href":"https:\/\/truusk.store\/sv\/wp-json\/wp\/v2\/product_tag?post=86239"}],"curies":[{"name":"wp","href":"https:\/\/api.w.org\/{rel}","templated":true}]}}