{"id":86259,"date":"2025-08-20T04:22:29","date_gmt":"2025-08-20T03:22:29","guid":{"rendered":"https:\/\/truusk.store\/product\/boxningsset-med-slagboll-hojdjusterbar-inkl-boxningshandskar-126-144cm-svart\/"},"modified":"2026-03-12T09:01:36","modified_gmt":"2026-03-12T08:01:36","slug":"truusk-boxningsset-slagboll-med-hojdjustering-inklusive-boxningshandskar-justerbar-126-144cm-svart","status":"publish","type":"product","link":"https:\/\/truusk.store\/sv\/produkt\/truusk-boxningsset-slagboll-med-hojdjustering-inklusive-boxningshandskar-justerbar-126-144cm-svart\/","title":{"rendered":"TRUUSK Boxningsset &#8211; Slagboll med h\u00f6jdjustering &#8211; Inklusive boxningshandskar &#8211; Justerbar 126-144cm &#8211; Svart"},"content":{"rendered":"<p>Den h\u00e4r justerbara slagbollen, fr\u00e5n 126 till 144 cm, m\u00f6jligg\u00f6r ett varierat och utmanande tr\u00e4ning f\u00f6r olika kampsporter som engelsk boxning, fransk boxning, thaiboxning, Free Fight och Taekwondo. Ett m\u00e5ste f\u00f6r att f\u00f6rb\u00e4ttra dina slagtekniker och uth\u00e5llighet och bli m\u00e4stare!<\/p>\n<p>Beskrivning:<\/p>\n<ul>\n<li> H\u00f6gkvalitativ utrustning idealisk f\u00f6r en varierad och intensiv tr\u00e4ning f\u00f6r olika kampsporter: Engelsk boxning, Fransk boxning, Thaiboxning, Free Fight, Taekwondo etc.<\/li>\n<li> F\u00f6rkromad metallst\u00e5ng med fj\u00e4der och h\u00f6jdjusterbar boll i 4 olika positioner (126-144H cm)<\/li>\n<li> Viktbas f\u00f6r fyllning med vatten (13 Kg) eller sand<\/li>\n<li> Boll\u00f6verdrag av syntetmaterial, mycket bekv\u00e4mt och l\u00e4tt att underh\u00e5lla<\/li>\n<li> Alla tillbeh\u00f6r ing\u00e5r: luftpump, par handskar, viktbas<\/li>\n<li> Enkel montering och demontering<\/li>\n<\/ul>\n<p>Tekniska data:<\/p>\n<ul>\n<li> F\u00e4rg: Svart<\/li>\n<li> Material: Konstl\u00e4der, plast och st\u00e5l<\/li>\n<li> Totala dimensioner: 43L x 43B x 126-144H cm<\/li>\n<li> Bollm\u00e5tt: 30L x 24B cm<\/li>\n<li> Basdimensioner: 43L x 12B cm<\/li>\n<li> OBS: Fyllning med vatten (13 kg) eller sand<\/li>\n<li> Tillbeh\u00f6r: Luftpump + par boxhandskar<\/li>\n<\/ul>\n<p>Inneh\u00e5ll:<\/p>\n<ul>\n<li> 1 x Boxningsst\u00e4llning<\/li>\n<li> 1 x Par boxhandskar<\/li>\n<li> 1 x Luftpump<\/li>\n<li> Instruktioner<\/li>\n<\/ul>\n","protected":false},"excerpt":{"rendered":"<p>Den h\u00e4r justerbara slagbollen, fr\u00e5n 126 till 144 cm, m\u00f6jligg\u00f6r ett varierat och utmanande tr\u00e4ning f\u00f6r olika kampsporter som engelsk&#8230;<\/p>\n","protected":false},"featured_media":86250,"template":"","meta":[],"product_brand":[],"product_cat":[667,873,647],"product_tag":[],"class_list":{"0":"post-86259","1":"product","2":"type-product","3":"status-publish","4":"has-post-thumbnail","6":"product_cat-boxningssack","7":"product_cat-fitness-styrketraning","8":"product_cat-sport-fritid","10":"first","11":"instock","12":"sale","13":"taxable","14":"shipping-taxable","15":"purchasable","16":"product-type-simple"},"yoast_head":"<!-- This site is optimized with the Yoast SEO plugin v25.4 - https:\/\/yoast.com\/wordpress\/plugins\/seo\/ -->\n<title>TRUUSK Boxningsset - Slagboll med h\u00f6jdjustering - Inklusive boxningshandskar - Justerbar 126-144cm - Svart - TRUUSK - Hem, Tr\u00e4dg\u00e5rd &amp; Fritid<\/title>\n<meta name=\"robots\" content=\"index, follow, max-snippet:-1, max-image-preview:large, max-video-preview:-1\" \/>\n<link rel=\"canonical\" href=\"https:\/\/truusk.store\/sv\/produkt\/truusk-boxningsset-slagboll-med-hojdjustering-inklusive-boxningshandskar-justerbar-126-144cm-svart\/\" \/>\n<meta property=\"og:locale\" content=\"sv_SE\" \/>\n<meta property=\"og:type\" content=\"article\" \/>\n<meta property=\"og:title\" content=\"TRUUSK Boxningsset - Slagboll med h\u00f6jdjustering - Inklusive boxningshandskar - Justerbar 126-144cm - Svart - TRUUSK - Hem, Tr\u00e4dg\u00e5rd &amp; Fritid\" \/>\n<meta property=\"og:description\" content=\"Den h\u00e4r justerbara slagbollen, fr\u00e5n 126 till 144 cm, m\u00f6jligg\u00f6r ett varierat och utmanande tr\u00e4ning f\u00f6r olika kampsporter som engelsk...\" \/>\n<meta property=\"og:url\" content=\"https:\/\/truusk.store\/sv\/produkt\/truusk-boxningsset-slagboll-med-hojdjustering-inklusive-boxningshandskar-justerbar-126-144cm-svart\/\" \/>\n<meta property=\"og:site_name\" content=\"TRUUSK - Hem, Tr\u00e4dg\u00e5rd &amp; Fritid\" \/>\n<meta property=\"article:modified_time\" content=\"2026-03-12T08:01:36+00:00\" \/>\n<meta property=\"og:image\" content=\"https:\/\/i0.wp.com\/truusk.se\/wp-content\/uploads\/2025\/08\/boxningsset-med-slagboll-hojdjusterbar-inkl-boxningshandskar-126-144cm-svart-1.webp?fit=2000%2C2000&ssl=1\" \/>\n\t<meta property=\"og:image:width\" content=\"2000\" \/>\n\t<meta property=\"og:image:height\" content=\"2000\" \/>\n\t<meta property=\"og:image:type\" content=\"image\/webp\" \/>\n<meta name=\"twitter:card\" content=\"summary_large_image\" \/>\n<meta name=\"twitter:label1\" content=\"Ber\u00e4knad l\u00e4stid\" \/>\n\t<meta name=\"twitter:data1\" content=\"1 minut\" \/>\n<!-- \/ Yoast SEO plugin. -->","yoast_head_json":{"title":"TRUUSK Boxningsset - Slagboll med h\u00f6jdjustering - Inklusive boxningshandskar - Justerbar 126-144cm - Svart - TRUUSK - Hem, Tr\u00e4dg\u00e5rd &amp; Fritid","robots":{"index":"index","follow":"follow","max-snippet":"max-snippet:-1","max-image-preview":"max-image-preview:large","max-video-preview":"max-video-preview:-1"},"canonical":"https:\/\/truusk.store\/sv\/produkt\/truusk-boxningsset-slagboll-med-hojdjustering-inklusive-boxningshandskar-justerbar-126-144cm-svart\/","og_locale":"sv_SE","og_type":"article","og_title":"TRUUSK Boxningsset - Slagboll med h\u00f6jdjustering - Inklusive boxningshandskar - Justerbar 126-144cm - Svart - TRUUSK - Hem, Tr\u00e4dg\u00e5rd &amp; Fritid","og_description":"Den h\u00e4r justerbara slagbollen, fr\u00e5n 126 till 144 cm, m\u00f6jligg\u00f6r ett varierat och utmanande tr\u00e4ning f\u00f6r olika kampsporter som engelsk...","og_url":"https:\/\/truusk.store\/sv\/produkt\/truusk-boxningsset-slagboll-med-hojdjustering-inklusive-boxningshandskar-justerbar-126-144cm-svart\/","og_site_name":"TRUUSK - Hem, Tr\u00e4dg\u00e5rd &amp; Fritid","article_modified_time":"2026-03-12T08:01:36+00:00","og_image":[{"width":2000,"height":2000,"url":"https:\/\/i0.wp.com\/truusk.se\/wp-content\/uploads\/2025\/08\/boxningsset-med-slagboll-hojdjusterbar-inkl-boxningshandskar-126-144cm-svart-1.webp?fit=2000%2C2000&ssl=1","type":"image\/webp"}],"twitter_card":"summary_large_image","twitter_misc":{"Ber\u00e4knad l\u00e4stid":"1 minut"},"schema":{"@context":"https:\/\/schema.org","@graph":[{"@type":"WebPage","@id":"https:\/\/truusk.store\/sv\/produkt\/truusk-boxningsset-slagboll-med-hojdjustering-inklusive-boxningshandskar-justerbar-126-144cm-svart\/","url":"https:\/\/truusk.store\/sv\/produkt\/truusk-boxningsset-slagboll-med-hojdjustering-inklusive-boxningshandskar-justerbar-126-144cm-svart\/","name":"TRUUSK Boxningsset - Slagboll med h\u00f6jdjustering - Inklusive boxningshandskar - Justerbar 126-144cm - Svart - TRUUSK - Hem, Tr\u00e4dg\u00e5rd &amp; Fritid","isPartOf":{"@id":"https:\/\/truusk.store\/sv\/#website"},"primaryImageOfPage":{"@id":"https:\/\/truusk.store\/sv\/produkt\/truusk-boxningsset-slagboll-med-hojdjustering-inklusive-boxningshandskar-justerbar-126-144cm-svart\/#primaryimage"},"image":{"@id":"https:\/\/truusk.store\/sv\/produkt\/truusk-boxningsset-slagboll-med-hojdjustering-inklusive-boxningshandskar-justerbar-126-144cm-svart\/#primaryimage"},"thumbnailUrl":"https:\/\/i0.wp.com\/truusk.store\/wp-content\/uploads\/2025\/08\/boxningsset-med-slagboll-hojdjusterbar-inkl-boxningshandskar-126-144cm-svart-1.webp?fit=2000%2C2000&ssl=1","datePublished":"2025-08-20T03:22:29+00:00","dateModified":"2026-03-12T08:01:36+00:00","breadcrumb":{"@id":"https:\/\/truusk.store\/sv\/produkt\/truusk-boxningsset-slagboll-med-hojdjustering-inklusive-boxningshandskar-justerbar-126-144cm-svart\/#breadcrumb"},"inLanguage":"sv-SE","potentialAction":[{"@type":"ReadAction","target":["https:\/\/truusk.store\/sv\/produkt\/truusk-boxningsset-slagboll-med-hojdjustering-inklusive-boxningshandskar-justerbar-126-144cm-svart\/"]}]},{"@type":"ImageObject","inLanguage":"sv-SE","@id":"https:\/\/truusk.store\/sv\/produkt\/truusk-boxningsset-slagboll-med-hojdjustering-inklusive-boxningshandskar-justerbar-126-144cm-svart\/#primaryimage","url":"https:\/\/i0.wp.com\/truusk.store\/wp-content\/uploads\/2025\/08\/boxningsset-med-slagboll-hojdjusterbar-inkl-boxningshandskar-126-144cm-svart-1.webp?fit=2000%2C2000&ssl=1","contentUrl":"https:\/\/i0.wp.com\/truusk.store\/wp-content\/uploads\/2025\/08\/boxningsset-med-slagboll-hojdjusterbar-inkl-boxningshandskar-126-144cm-svart-1.webp?fit=2000%2C2000&ssl=1","width":2000,"height":2000},{"@type":"BreadcrumbList","@id":"https:\/\/truusk.store\/sv\/produkt\/truusk-boxningsset-slagboll-med-hojdjustering-inklusive-boxningshandskar-justerbar-126-144cm-svart\/#breadcrumb","itemListElement":[{"@type":"ListItem","position":1,"name":"Home","item":"https:\/\/truusk.store\/sv\/"},{"@type":"ListItem","position":2,"name":"Shop","item":"https:\/\/truusk.store\/shop\/"},{"@type":"ListItem","position":3,"name":"TRUUSK Boxningsset &#8211; Slagboll med h\u00f6jdjustering &#8211; Inklusive boxningshandskar &#8211; Justerbar 126-144cm &#8211; Svart"}]},{"@type":"WebSite","@id":"https:\/\/truusk.store\/sv\/#website","url":"https:\/\/truusk.store\/sv\/","name":"TRUUSK - Hem, Tr\u00e4dg\u00e5rd & Fritid","description":"","publisher":{"@id":"https:\/\/truusk.store\/sv\/#organization"},"potentialAction":[{"@type":"SearchAction","target":{"@type":"EntryPoint","urlTemplate":"https:\/\/truusk.store\/sv\/?s={search_term_string}"},"query-input":{"@type":"PropertyValueSpecification","valueRequired":true,"valueName":"search_term_string"}}],"inLanguage":"sv-SE"},{"@type":"Organization","@id":"https:\/\/truusk.store\/sv\/#organization","name":"TRUUSK - Hem, Tr\u00e4dg\u00e5rd & Fritid","url":"https:\/\/truusk.store\/sv\/","logo":{"@type":"ImageObject","inLanguage":"sv-SE","@id":"https:\/\/truusk.store\/sv\/#\/schema\/logo\/image\/","url":"https:\/\/i0.wp.com\/truusk.store\/wp-content\/uploads\/2026\/03\/cropped-TRUUSK.png?fit=2032%2C917&ssl=1","contentUrl":"https:\/\/i0.wp.com\/truusk.store\/wp-content\/uploads\/2026\/03\/cropped-TRUUSK.png?fit=2032%2C917&ssl=1","width":2032,"height":917,"caption":"TRUUSK - Hem, Tr\u00e4dg\u00e5rd & Fritid"},"image":{"@id":"https:\/\/truusk.store\/sv\/#\/schema\/logo\/image\/"}}]}},"jetpack_sharing_enabled":true,"_links":{"self":[{"href":"https:\/\/truusk.store\/sv\/wp-json\/wp\/v2\/product\/86259","targetHints":{"allow":["GET"]}}],"collection":[{"href":"https:\/\/truusk.store\/sv\/wp-json\/wp\/v2\/product"}],"about":[{"href":"https:\/\/truusk.store\/sv\/wp-json\/wp\/v2\/types\/product"}],"wp:featuredmedia":[{"embeddable":true,"href":"https:\/\/truusk.store\/sv\/wp-json\/wp\/v2\/media\/86250"}],"wp:attachment":[{"href":"https:\/\/truusk.store\/sv\/wp-json\/wp\/v2\/media?parent=86259"}],"wp:term":[{"taxonomy":"product_brand","embeddable":true,"href":"https:\/\/truusk.store\/sv\/wp-json\/wp\/v2\/product_brand?post=86259"},{"taxonomy":"product_cat","embeddable":true,"href":"https:\/\/truusk.store\/sv\/wp-json\/wp\/v2\/product_cat?post=86259"},{"taxonomy":"product_tag","embeddable":true,"href":"https:\/\/truusk.store\/sv\/wp-json\/wp\/v2\/product_tag?post=86259"}],"curies":[{"name":"wp","href":"https:\/\/api.w.org\/{rel}","templated":true}]}}