{"id":86299,"date":"2025-08-20T04:26:35","date_gmt":"2025-08-20T03:26:35","guid":{"rendered":"https:\/\/truusk.store\/product\/sit-up-bank-magtranare-med-traningsrep-traningsbank-multifunktion-justerbar-hopfallbar-110-kg-barformaga-stal-svartrod-137-x-51-x-50-66-cm\/"},"modified":"2026-03-12T09:02:10","modified_gmt":"2026-03-12T08:02:10","slug":"truusk-sit-up-bank-magtranare-traningsrep-justerbar-och-hopfallbar-110-kg-barformaga-stal-svart-och-rod-137-x-51-x","status":"publish","type":"product","link":"https:\/\/truusk.store\/sv\/produkt\/truusk-sit-up-bank-magtranare-traningsrep-justerbar-och-hopfallbar-110-kg-barformaga-stal-svart-och-rod-137-x-51-x\/","title":{"rendered":"TRUUSK Sit Up B\u00e4nk Magtr\u00e4nare &#8211; Tr\u00e4ningsrep &#8211; Justerbar och Hopf\u00e4llbar &#8211; 110 Kg B\u00e4rf\u00f6rm\u00e5ga &#8211; St\u00e5l &#8211; Svart och R\u00f6d &#8211; 137 x 51 x"},"content":{"rendered":"<p>Denna TRUUSK-sittb\u00e4nk \u00e4r det b\u00e4sta valet f\u00f6r att uppn\u00e5 den perfekta formen. Den kan anv\u00e4ndas f\u00f6r att tr\u00e4na din midja, magmuskler, ben och armar i din dagliga tr\u00e4ning. Den \u00e4r utm\u00e4rkt f\u00f6r anv\u00e4ndning hemma, p\u00e5 kontoret och p\u00e5 gymmet. Tillbringa bara lite tid varje dag p\u00e5 denna enhet och du kommer att b\u00f6rja se resultat och f\u00e5 dr\u00f6mkroppen du \u00f6nskar.<\/p>\n<p>Beskrivning:<\/p>\n<ul>\n<li> Tillverkad av starkt och h\u00e5llbart st\u00e5lr\u00f6r f\u00f6r l\u00e5ngvarig anv\u00e4ndning<\/li>\n<li> Utrustad med krokar f\u00f6r att h\u00e5lla str\u00e4ckband f\u00f6r dina personliga tr\u00e4ningsbehov<\/li>\n<li> Justerbart l\u00e5rst\u00f6d f\u00f6r anv\u00e4ndare av de flesta kroppsstorlekar<\/li>\n<li> Popliteal-st\u00f6det kan justeras upp och ner med 5 h\u00e5l (h\u00e5lavst\u00e5nd: 4,5 cm)<\/li>\n<li> Tjockt stoppad skum minskar ryggsm\u00e4rtor och skyddar dig under tr\u00e4ningen<\/li>\n<li> Utm\u00e4rkt f\u00f6r anv\u00e4ndning hemma, p\u00e5 kontoret och p\u00e5 gymmet<\/li>\n<li> Enkel montering kr\u00e4vs<\/li>\n<\/ul>\n<p> Tekniska data:<\/p>\n<ul>\n<li> Material: St\u00e5lr\u00f6r, EVA, PVC<\/li>\n<li> F\u00e4rg: Svart+R\u00f6d<\/li>\n<li> Totala m\u00e5tt: 137L x 51B x 50-66H cm<\/li>\n<li> 2 x bakv\u00e4ggstorlek: varje 50 x 30 cm<\/li>\n<li> Vikt storlek: 47B x 26T x 80H cm<\/li>\n<li> B\u00e4rkapacitet: 110 kg<\/li>\n<\/ul>\n<p>Leveransinneh\u00e5ll:<\/p>\n<ul>\n<li> 1 x Magtr\u00e4nare<\/li>\n<li> 1 x Par tr\u00e4ningsrep<\/li>\n<li> 1 x Fj\u00e4derdrag<\/li>\n<\/ul>\n","protected":false},"excerpt":{"rendered":"<p>Denna TRUUSK-sittb\u00e4nk \u00e4r det b\u00e4sta valet f\u00f6r att uppn\u00e5 den perfekta formen. Den kan anv\u00e4ndas f\u00f6r att tr\u00e4na din midja,&#8230;<\/p>\n","protected":false},"featured_media":86290,"template":"","meta":[],"product_brand":[],"product_cat":[873,647,665],"product_tag":[],"class_list":{"0":"post-86299","1":"product","2":"type-product","3":"status-publish","4":"has-post-thumbnail","6":"product_cat-fitness-styrketraning","7":"product_cat-sport-fritid","8":"product_cat-styrketraning","10":"first","11":"instock","12":"sale","13":"taxable","14":"shipping-taxable","15":"purchasable","16":"product-type-simple"},"yoast_head":"<!-- This site is optimized with the Yoast SEO plugin v25.4 - https:\/\/yoast.com\/wordpress\/plugins\/seo\/ -->\n<title>TRUUSK Sit Up B\u00e4nk Magtr\u00e4nare - Tr\u00e4ningsrep - Justerbar och Hopf\u00e4llbar - 110 Kg B\u00e4rf\u00f6rm\u00e5ga - St\u00e5l - Svart och R\u00f6d - 137 x 51 x - TRUUSK - Hem, Tr\u00e4dg\u00e5rd &amp; Fritid<\/title>\n<meta name=\"robots\" content=\"index, follow, max-snippet:-1, max-image-preview:large, max-video-preview:-1\" \/>\n<link rel=\"canonical\" href=\"https:\/\/truusk.store\/sv\/produkt\/truusk-sit-up-bank-magtranare-traningsrep-justerbar-och-hopfallbar-110-kg-barformaga-stal-svart-och-rod-137-x-51-x\/\" \/>\n<meta property=\"og:locale\" content=\"sv_SE\" \/>\n<meta property=\"og:type\" content=\"article\" \/>\n<meta property=\"og:title\" content=\"TRUUSK Sit Up B\u00e4nk Magtr\u00e4nare - Tr\u00e4ningsrep - Justerbar och Hopf\u00e4llbar - 110 Kg B\u00e4rf\u00f6rm\u00e5ga - St\u00e5l - Svart och R\u00f6d - 137 x 51 x - TRUUSK - Hem, Tr\u00e4dg\u00e5rd &amp; Fritid\" \/>\n<meta property=\"og:description\" content=\"Denna TRUUSK-sittb\u00e4nk \u00e4r det b\u00e4sta valet f\u00f6r att uppn\u00e5 den perfekta formen. Den kan anv\u00e4ndas f\u00f6r att tr\u00e4na din midja,...\" \/>\n<meta property=\"og:url\" content=\"https:\/\/truusk.store\/sv\/produkt\/truusk-sit-up-bank-magtranare-traningsrep-justerbar-och-hopfallbar-110-kg-barformaga-stal-svart-och-rod-137-x-51-x\/\" \/>\n<meta property=\"og:site_name\" content=\"TRUUSK - Hem, Tr\u00e4dg\u00e5rd &amp; Fritid\" \/>\n<meta property=\"article:modified_time\" content=\"2026-03-12T08:02:10+00:00\" \/>\n<meta property=\"og:image\" content=\"https:\/\/i0.wp.com\/truusk.se\/wp-content\/uploads\/2025\/08\/sit-up-bank-magtranare-med-traningsrep-traningsbank-multifunktion-justerbar-hopfallbar-110-kg-barformaga-stal-svartrod-137-x-51-x-50-66-cm-1.webp?fit=2000%2C2000&ssl=1\" \/>\n\t<meta property=\"og:image:width\" content=\"2000\" \/>\n\t<meta property=\"og:image:height\" content=\"2000\" \/>\n\t<meta property=\"og:image:type\" content=\"image\/webp\" \/>\n<meta name=\"twitter:card\" content=\"summary_large_image\" \/>\n<meta name=\"twitter:label1\" content=\"Ber\u00e4knad l\u00e4stid\" \/>\n\t<meta name=\"twitter:data1\" content=\"1 minut\" \/>\n<!-- \/ Yoast SEO plugin. -->","yoast_head_json":{"title":"TRUUSK Sit Up B\u00e4nk Magtr\u00e4nare - Tr\u00e4ningsrep - Justerbar och Hopf\u00e4llbar - 110 Kg B\u00e4rf\u00f6rm\u00e5ga - St\u00e5l - Svart och R\u00f6d - 137 x 51 x - TRUUSK - Hem, Tr\u00e4dg\u00e5rd &amp; Fritid","robots":{"index":"index","follow":"follow","max-snippet":"max-snippet:-1","max-image-preview":"max-image-preview:large","max-video-preview":"max-video-preview:-1"},"canonical":"https:\/\/truusk.store\/sv\/produkt\/truusk-sit-up-bank-magtranare-traningsrep-justerbar-och-hopfallbar-110-kg-barformaga-stal-svart-och-rod-137-x-51-x\/","og_locale":"sv_SE","og_type":"article","og_title":"TRUUSK Sit Up B\u00e4nk Magtr\u00e4nare - Tr\u00e4ningsrep - Justerbar och Hopf\u00e4llbar - 110 Kg B\u00e4rf\u00f6rm\u00e5ga - St\u00e5l - Svart och R\u00f6d - 137 x 51 x - TRUUSK - Hem, Tr\u00e4dg\u00e5rd &amp; Fritid","og_description":"Denna TRUUSK-sittb\u00e4nk \u00e4r det b\u00e4sta valet f\u00f6r att uppn\u00e5 den perfekta formen. Den kan anv\u00e4ndas f\u00f6r att tr\u00e4na din midja,...","og_url":"https:\/\/truusk.store\/sv\/produkt\/truusk-sit-up-bank-magtranare-traningsrep-justerbar-och-hopfallbar-110-kg-barformaga-stal-svart-och-rod-137-x-51-x\/","og_site_name":"TRUUSK - Hem, Tr\u00e4dg\u00e5rd &amp; Fritid","article_modified_time":"2026-03-12T08:02:10+00:00","og_image":[{"width":2000,"height":2000,"url":"https:\/\/i0.wp.com\/truusk.se\/wp-content\/uploads\/2025\/08\/sit-up-bank-magtranare-med-traningsrep-traningsbank-multifunktion-justerbar-hopfallbar-110-kg-barformaga-stal-svartrod-137-x-51-x-50-66-cm-1.webp?fit=2000%2C2000&ssl=1","type":"image\/webp"}],"twitter_card":"summary_large_image","twitter_misc":{"Ber\u00e4knad l\u00e4stid":"1 minut"},"schema":{"@context":"https:\/\/schema.org","@graph":[{"@type":"WebPage","@id":"https:\/\/truusk.store\/sv\/produkt\/truusk-sit-up-bank-magtranare-traningsrep-justerbar-och-hopfallbar-110-kg-barformaga-stal-svart-och-rod-137-x-51-x\/","url":"https:\/\/truusk.store\/sv\/produkt\/truusk-sit-up-bank-magtranare-traningsrep-justerbar-och-hopfallbar-110-kg-barformaga-stal-svart-och-rod-137-x-51-x\/","name":"TRUUSK Sit Up B\u00e4nk Magtr\u00e4nare - Tr\u00e4ningsrep - Justerbar och Hopf\u00e4llbar - 110 Kg B\u00e4rf\u00f6rm\u00e5ga - St\u00e5l - Svart och R\u00f6d - 137 x 51 x - TRUUSK - Hem, Tr\u00e4dg\u00e5rd &amp; Fritid","isPartOf":{"@id":"https:\/\/truusk.store\/sv\/#website"},"primaryImageOfPage":{"@id":"https:\/\/truusk.store\/sv\/produkt\/truusk-sit-up-bank-magtranare-traningsrep-justerbar-och-hopfallbar-110-kg-barformaga-stal-svart-och-rod-137-x-51-x\/#primaryimage"},"image":{"@id":"https:\/\/truusk.store\/sv\/produkt\/truusk-sit-up-bank-magtranare-traningsrep-justerbar-och-hopfallbar-110-kg-barformaga-stal-svart-och-rod-137-x-51-x\/#primaryimage"},"thumbnailUrl":"https:\/\/i0.wp.com\/truusk.store\/wp-content\/uploads\/2025\/08\/sit-up-bank-magtranare-med-traningsrep-traningsbank-multifunktion-justerbar-hopfallbar-110-kg-barformaga-stal-svartrod-137-x-51-x-50-66-cm-1.webp?fit=2000%2C2000&ssl=1","datePublished":"2025-08-20T03:26:35+00:00","dateModified":"2026-03-12T08:02:10+00:00","breadcrumb":{"@id":"https:\/\/truusk.store\/sv\/produkt\/truusk-sit-up-bank-magtranare-traningsrep-justerbar-och-hopfallbar-110-kg-barformaga-stal-svart-och-rod-137-x-51-x\/#breadcrumb"},"inLanguage":"sv-SE","potentialAction":[{"@type":"ReadAction","target":["https:\/\/truusk.store\/sv\/produkt\/truusk-sit-up-bank-magtranare-traningsrep-justerbar-och-hopfallbar-110-kg-barformaga-stal-svart-och-rod-137-x-51-x\/"]}]},{"@type":"ImageObject","inLanguage":"sv-SE","@id":"https:\/\/truusk.store\/sv\/produkt\/truusk-sit-up-bank-magtranare-traningsrep-justerbar-och-hopfallbar-110-kg-barformaga-stal-svart-och-rod-137-x-51-x\/#primaryimage","url":"https:\/\/i0.wp.com\/truusk.store\/wp-content\/uploads\/2025\/08\/sit-up-bank-magtranare-med-traningsrep-traningsbank-multifunktion-justerbar-hopfallbar-110-kg-barformaga-stal-svartrod-137-x-51-x-50-66-cm-1.webp?fit=2000%2C2000&ssl=1","contentUrl":"https:\/\/i0.wp.com\/truusk.store\/wp-content\/uploads\/2025\/08\/sit-up-bank-magtranare-med-traningsrep-traningsbank-multifunktion-justerbar-hopfallbar-110-kg-barformaga-stal-svartrod-137-x-51-x-50-66-cm-1.webp?fit=2000%2C2000&ssl=1","width":2000,"height":2000},{"@type":"BreadcrumbList","@id":"https:\/\/truusk.store\/sv\/produkt\/truusk-sit-up-bank-magtranare-traningsrep-justerbar-och-hopfallbar-110-kg-barformaga-stal-svart-och-rod-137-x-51-x\/#breadcrumb","itemListElement":[{"@type":"ListItem","position":1,"name":"Home","item":"https:\/\/truusk.store\/sv\/"},{"@type":"ListItem","position":2,"name":"Shop","item":"https:\/\/truusk.store\/shop\/"},{"@type":"ListItem","position":3,"name":"TRUUSK Sit Up B\u00e4nk Magtr\u00e4nare &#8211; Tr\u00e4ningsrep &#8211; Justerbar och Hopf\u00e4llbar &#8211; 110 Kg B\u00e4rf\u00f6rm\u00e5ga &#8211; St\u00e5l &#8211; Svart och R\u00f6d &#8211; 137 x 51 x"}]},{"@type":"WebSite","@id":"https:\/\/truusk.store\/sv\/#website","url":"https:\/\/truusk.store\/sv\/","name":"TRUUSK - Hem, Tr\u00e4dg\u00e5rd & Fritid","description":"","publisher":{"@id":"https:\/\/truusk.store\/sv\/#organization"},"potentialAction":[{"@type":"SearchAction","target":{"@type":"EntryPoint","urlTemplate":"https:\/\/truusk.store\/sv\/?s={search_term_string}"},"query-input":{"@type":"PropertyValueSpecification","valueRequired":true,"valueName":"search_term_string"}}],"inLanguage":"sv-SE"},{"@type":"Organization","@id":"https:\/\/truusk.store\/sv\/#organization","name":"TRUUSK - Hem, Tr\u00e4dg\u00e5rd & Fritid","url":"https:\/\/truusk.store\/sv\/","logo":{"@type":"ImageObject","inLanguage":"sv-SE","@id":"https:\/\/truusk.store\/sv\/#\/schema\/logo\/image\/","url":"https:\/\/i0.wp.com\/truusk.store\/wp-content\/uploads\/2026\/03\/cropped-TRUUSK.png?fit=2032%2C917&ssl=1","contentUrl":"https:\/\/i0.wp.com\/truusk.store\/wp-content\/uploads\/2026\/03\/cropped-TRUUSK.png?fit=2032%2C917&ssl=1","width":2032,"height":917,"caption":"TRUUSK - Hem, Tr\u00e4dg\u00e5rd & Fritid"},"image":{"@id":"https:\/\/truusk.store\/sv\/#\/schema\/logo\/image\/"}}]}},"jetpack_sharing_enabled":true,"_links":{"self":[{"href":"https:\/\/truusk.store\/sv\/wp-json\/wp\/v2\/product\/86299","targetHints":{"allow":["GET"]}}],"collection":[{"href":"https:\/\/truusk.store\/sv\/wp-json\/wp\/v2\/product"}],"about":[{"href":"https:\/\/truusk.store\/sv\/wp-json\/wp\/v2\/types\/product"}],"wp:featuredmedia":[{"embeddable":true,"href":"https:\/\/truusk.store\/sv\/wp-json\/wp\/v2\/media\/86290"}],"wp:attachment":[{"href":"https:\/\/truusk.store\/sv\/wp-json\/wp\/v2\/media?parent=86299"}],"wp:term":[{"taxonomy":"product_brand","embeddable":true,"href":"https:\/\/truusk.store\/sv\/wp-json\/wp\/v2\/product_brand?post=86299"},{"taxonomy":"product_cat","embeddable":true,"href":"https:\/\/truusk.store\/sv\/wp-json\/wp\/v2\/product_cat?post=86299"},{"taxonomy":"product_tag","embeddable":true,"href":"https:\/\/truusk.store\/sv\/wp-json\/wp\/v2\/product_tag?post=86299"}],"curies":[{"name":"wp","href":"https:\/\/api.w.org\/{rel}","templated":true}]}}