{"id":86329,"date":"2025-08-20T04:29:42","date_gmt":"2025-08-20T03:29:42","guid":{"rendered":"https:\/\/truusk.store\/product\/staende-spegel-helkroppsspegel-sminkspegel-upphojda-fotter-lattskott-mdf-vit-47-x-46-x-148-cm\/"},"modified":"2026-03-12T09:03:34","modified_gmt":"2026-03-12T08:03:34","slug":"truusk-staande-spegel-helkroppsspegel-sminkspegel-upphojda-fotter-lattskott-mdf-vit-47-x-46-x-148-cm","status":"publish","type":"product","link":"https:\/\/truusk.store\/sv\/produkt\/truusk-staande-spegel-helkroppsspegel-sminkspegel-upphojda-fotter-lattskott-mdf-vit-47-x-46-x-148-cm\/","title":{"rendered":"TRUUSK Staande Spegel &#8211; Helkroppsspegel &#8211; Sminkspegel &#8211; Upph\u00f6jda F\u00f6tter &#8211; L\u00e4ttsk\u00f6tt MDF &#8211; Vit &#8211; 47 x 46 x 148 cm"},"content":{"rendered":"<p>Vem har inte irriterat sig p\u00e5 en f\u00f6r liten spegel p\u00e5 morgonen? Men det beh\u00f6ver inte vara s\u00e5: Med denna helkroppsspegel fr\u00e5n TRUUSK har du din outfit i perfekt syn fr\u00e5n topp till t\u00e5. Tack vare de medf\u00f6ljande lutningsskruvarna kan du anv\u00e4nda spegeln i tv\u00e5 olika vinklar. Den enkla designen p\u00e5 helkroppsspegeln passar in i n\u00e4stan alla inredningsstilar. Ett vackert stycke f\u00f6r sovrummet eller omkl\u00e4dningsrummet, f\u00f6r hallen eller badrummet.<\/p>\n<p>Beskrivning:<\/p>\n<ul>\n<li> Enkel design i vitt harmoniserar med de flesta inredningsstilar<\/li>\n<li> Spegelns lutning \u00e4r justerbar<\/li>\n<li> M\u00e5ngsidiga anv\u00e4ndningsm\u00f6jligheter, till exempel i badrum, omkl\u00e4dningsrum, sovrum eller hall<\/li>\n<li> Enkel montering<\/li>\n<li> Tillbeh\u00f6r: 4 f\u00e4stskruvar och muttrar f\u00f6r foten, 2 f\u00e4stskruvar f\u00f6r spegeln, 2 skruvar f\u00f6r vinkeljustering<\/li>\n<\/ul>\n<p>Tekniska data:<\/p>\n<ul>\n<li> Material: MDF, glasspegel<\/li>\n<li> F\u00e4rg: Vit<\/li>\n<li> Totala m\u00e5tt: B47 x T46 x H148 cm<\/li>\n<li> Spegelstorlek: L118 x B42 x T1,8 cm (med ram), L108 x B32 x T0.3 cm (utan ram)<\/li>\n<\/ul>\n<p>Leveransinneh\u00e5ll:<\/p>\n<ul>\n<li> 1 x st\u00e5ende spegel<\/li>\n<li> Tillbeh\u00f6r<\/li>\n<li> 1 x monteringsanvisning<\/li>\n<\/ul>\n","protected":false},"excerpt":{"rendered":"<p>Vem har inte irriterat sig p\u00e5 en f\u00f6r liten spegel p\u00e5 morgonen? Men det beh\u00f6ver inte vara s\u00e5: Med denna&#8230;<\/p>\n","protected":false},"featured_media":86320,"template":"","meta":[],"product_brand":[],"product_cat":[893,871,1006],"product_tag":[],"class_list":{"0":"post-86329","1":"product","2":"type-product","3":"status-publish","4":"has-post-thumbnail","6":"product_cat-garderob-hall","7":"product_cat-hus-hem","8":"product_cat-staende-spegel","10":"first","11":"instock","12":"sale","13":"taxable","14":"shipping-taxable","15":"purchasable","16":"product-type-simple"},"yoast_head":"<!-- This site is optimized with the Yoast SEO plugin v25.4 - https:\/\/yoast.com\/wordpress\/plugins\/seo\/ -->\n<title>TRUUSK Staande Spegel - Helkroppsspegel - Sminkspegel - Upph\u00f6jda F\u00f6tter - L\u00e4ttsk\u00f6tt MDF - Vit - 47 x 46 x 148 cm - TRUUSK - Hem, Tr\u00e4dg\u00e5rd &amp; Fritid<\/title>\n<meta name=\"robots\" content=\"index, follow, max-snippet:-1, max-image-preview:large, max-video-preview:-1\" \/>\n<link rel=\"canonical\" href=\"https:\/\/truusk.store\/sv\/produkt\/truusk-staande-spegel-helkroppsspegel-sminkspegel-upphojda-fotter-lattskott-mdf-vit-47-x-46-x-148-cm\/\" \/>\n<meta property=\"og:locale\" content=\"sv_SE\" \/>\n<meta property=\"og:type\" content=\"article\" \/>\n<meta property=\"og:title\" content=\"TRUUSK Staande Spegel - Helkroppsspegel - Sminkspegel - Upph\u00f6jda F\u00f6tter - L\u00e4ttsk\u00f6tt MDF - Vit - 47 x 46 x 148 cm - TRUUSK - Hem, Tr\u00e4dg\u00e5rd &amp; Fritid\" \/>\n<meta property=\"og:description\" content=\"Vem har inte irriterat sig p\u00e5 en f\u00f6r liten spegel p\u00e5 morgonen? Men det beh\u00f6ver inte vara s\u00e5: Med denna...\" \/>\n<meta property=\"og:url\" content=\"https:\/\/truusk.store\/sv\/produkt\/truusk-staande-spegel-helkroppsspegel-sminkspegel-upphojda-fotter-lattskott-mdf-vit-47-x-46-x-148-cm\/\" \/>\n<meta property=\"og:site_name\" content=\"TRUUSK - Hem, Tr\u00e4dg\u00e5rd &amp; Fritid\" \/>\n<meta property=\"article:modified_time\" content=\"2026-03-12T08:03:34+00:00\" \/>\n<meta property=\"og:image\" content=\"https:\/\/i0.wp.com\/truusk.se\/wp-content\/uploads\/2025\/08\/staende-spegel-helkroppsspegel-sminkspegel-upphojda-fotter-lattskott-mdf-vit-47-x-46-x-148-cm-1.webp?fit=2000%2C2000&ssl=1\" \/>\n\t<meta property=\"og:image:width\" content=\"2000\" \/>\n\t<meta property=\"og:image:height\" content=\"2000\" \/>\n\t<meta property=\"og:image:type\" content=\"image\/webp\" \/>\n<meta name=\"twitter:card\" content=\"summary_large_image\" \/>\n<meta name=\"twitter:label1\" content=\"Ber\u00e4knad l\u00e4stid\" \/>\n\t<meta name=\"twitter:data1\" content=\"1 minut\" \/>\n<!-- \/ Yoast SEO plugin. -->","yoast_head_json":{"title":"TRUUSK Staande Spegel - Helkroppsspegel - Sminkspegel - Upph\u00f6jda F\u00f6tter - L\u00e4ttsk\u00f6tt MDF - Vit - 47 x 46 x 148 cm - TRUUSK - Hem, Tr\u00e4dg\u00e5rd &amp; Fritid","robots":{"index":"index","follow":"follow","max-snippet":"max-snippet:-1","max-image-preview":"max-image-preview:large","max-video-preview":"max-video-preview:-1"},"canonical":"https:\/\/truusk.store\/sv\/produkt\/truusk-staande-spegel-helkroppsspegel-sminkspegel-upphojda-fotter-lattskott-mdf-vit-47-x-46-x-148-cm\/","og_locale":"sv_SE","og_type":"article","og_title":"TRUUSK Staande Spegel - Helkroppsspegel - Sminkspegel - Upph\u00f6jda F\u00f6tter - L\u00e4ttsk\u00f6tt MDF - Vit - 47 x 46 x 148 cm - TRUUSK - Hem, Tr\u00e4dg\u00e5rd &amp; Fritid","og_description":"Vem har inte irriterat sig p\u00e5 en f\u00f6r liten spegel p\u00e5 morgonen? Men det beh\u00f6ver inte vara s\u00e5: Med denna...","og_url":"https:\/\/truusk.store\/sv\/produkt\/truusk-staande-spegel-helkroppsspegel-sminkspegel-upphojda-fotter-lattskott-mdf-vit-47-x-46-x-148-cm\/","og_site_name":"TRUUSK - Hem, Tr\u00e4dg\u00e5rd &amp; Fritid","article_modified_time":"2026-03-12T08:03:34+00:00","og_image":[{"width":2000,"height":2000,"url":"https:\/\/i0.wp.com\/truusk.se\/wp-content\/uploads\/2025\/08\/staende-spegel-helkroppsspegel-sminkspegel-upphojda-fotter-lattskott-mdf-vit-47-x-46-x-148-cm-1.webp?fit=2000%2C2000&ssl=1","type":"image\/webp"}],"twitter_card":"summary_large_image","twitter_misc":{"Ber\u00e4knad l\u00e4stid":"1 minut"},"schema":{"@context":"https:\/\/schema.org","@graph":[{"@type":"WebPage","@id":"https:\/\/truusk.store\/sv\/produkt\/truusk-staande-spegel-helkroppsspegel-sminkspegel-upphojda-fotter-lattskott-mdf-vit-47-x-46-x-148-cm\/","url":"https:\/\/truusk.store\/sv\/produkt\/truusk-staande-spegel-helkroppsspegel-sminkspegel-upphojda-fotter-lattskott-mdf-vit-47-x-46-x-148-cm\/","name":"TRUUSK Staande Spegel - Helkroppsspegel - Sminkspegel - Upph\u00f6jda F\u00f6tter - L\u00e4ttsk\u00f6tt MDF - Vit - 47 x 46 x 148 cm - TRUUSK - Hem, Tr\u00e4dg\u00e5rd &amp; Fritid","isPartOf":{"@id":"https:\/\/truusk.store\/sv\/#website"},"primaryImageOfPage":{"@id":"https:\/\/truusk.store\/sv\/produkt\/truusk-staande-spegel-helkroppsspegel-sminkspegel-upphojda-fotter-lattskott-mdf-vit-47-x-46-x-148-cm\/#primaryimage"},"image":{"@id":"https:\/\/truusk.store\/sv\/produkt\/truusk-staande-spegel-helkroppsspegel-sminkspegel-upphojda-fotter-lattskott-mdf-vit-47-x-46-x-148-cm\/#primaryimage"},"thumbnailUrl":"https:\/\/i0.wp.com\/truusk.store\/wp-content\/uploads\/2025\/08\/staende-spegel-helkroppsspegel-sminkspegel-upphojda-fotter-lattskott-mdf-vit-47-x-46-x-148-cm-1.webp?fit=2000%2C2000&ssl=1","datePublished":"2025-08-20T03:29:42+00:00","dateModified":"2026-03-12T08:03:34+00:00","breadcrumb":{"@id":"https:\/\/truusk.store\/sv\/produkt\/truusk-staande-spegel-helkroppsspegel-sminkspegel-upphojda-fotter-lattskott-mdf-vit-47-x-46-x-148-cm\/#breadcrumb"},"inLanguage":"sv-SE","potentialAction":[{"@type":"ReadAction","target":["https:\/\/truusk.store\/sv\/produkt\/truusk-staande-spegel-helkroppsspegel-sminkspegel-upphojda-fotter-lattskott-mdf-vit-47-x-46-x-148-cm\/"]}]},{"@type":"ImageObject","inLanguage":"sv-SE","@id":"https:\/\/truusk.store\/sv\/produkt\/truusk-staande-spegel-helkroppsspegel-sminkspegel-upphojda-fotter-lattskott-mdf-vit-47-x-46-x-148-cm\/#primaryimage","url":"https:\/\/i0.wp.com\/truusk.store\/wp-content\/uploads\/2025\/08\/staende-spegel-helkroppsspegel-sminkspegel-upphojda-fotter-lattskott-mdf-vit-47-x-46-x-148-cm-1.webp?fit=2000%2C2000&ssl=1","contentUrl":"https:\/\/i0.wp.com\/truusk.store\/wp-content\/uploads\/2025\/08\/staende-spegel-helkroppsspegel-sminkspegel-upphojda-fotter-lattskott-mdf-vit-47-x-46-x-148-cm-1.webp?fit=2000%2C2000&ssl=1","width":2000,"height":2000},{"@type":"BreadcrumbList","@id":"https:\/\/truusk.store\/sv\/produkt\/truusk-staande-spegel-helkroppsspegel-sminkspegel-upphojda-fotter-lattskott-mdf-vit-47-x-46-x-148-cm\/#breadcrumb","itemListElement":[{"@type":"ListItem","position":1,"name":"Home","item":"https:\/\/truusk.store\/sv\/"},{"@type":"ListItem","position":2,"name":"Shop","item":"https:\/\/truusk.store\/shop\/"},{"@type":"ListItem","position":3,"name":"TRUUSK Staande Spegel &#8211; Helkroppsspegel &#8211; Sminkspegel &#8211; Upph\u00f6jda F\u00f6tter &#8211; L\u00e4ttsk\u00f6tt MDF &#8211; Vit &#8211; 47 x 46 x 148 cm"}]},{"@type":"WebSite","@id":"https:\/\/truusk.store\/sv\/#website","url":"https:\/\/truusk.store\/sv\/","name":"TRUUSK - Hem, Tr\u00e4dg\u00e5rd & Fritid","description":"","publisher":{"@id":"https:\/\/truusk.store\/sv\/#organization"},"potentialAction":[{"@type":"SearchAction","target":{"@type":"EntryPoint","urlTemplate":"https:\/\/truusk.store\/sv\/?s={search_term_string}"},"query-input":{"@type":"PropertyValueSpecification","valueRequired":true,"valueName":"search_term_string"}}],"inLanguage":"sv-SE"},{"@type":"Organization","@id":"https:\/\/truusk.store\/sv\/#organization","name":"TRUUSK - Hem, Tr\u00e4dg\u00e5rd & Fritid","url":"https:\/\/truusk.store\/sv\/","logo":{"@type":"ImageObject","inLanguage":"sv-SE","@id":"https:\/\/truusk.store\/sv\/#\/schema\/logo\/image\/","url":"https:\/\/i0.wp.com\/truusk.store\/wp-content\/uploads\/2026\/03\/cropped-TRUUSK.png?fit=2032%2C917&ssl=1","contentUrl":"https:\/\/i0.wp.com\/truusk.store\/wp-content\/uploads\/2026\/03\/cropped-TRUUSK.png?fit=2032%2C917&ssl=1","width":2032,"height":917,"caption":"TRUUSK - Hem, Tr\u00e4dg\u00e5rd & Fritid"},"image":{"@id":"https:\/\/truusk.store\/sv\/#\/schema\/logo\/image\/"}}]}},"jetpack_sharing_enabled":true,"_links":{"self":[{"href":"https:\/\/truusk.store\/sv\/wp-json\/wp\/v2\/product\/86329","targetHints":{"allow":["GET"]}}],"collection":[{"href":"https:\/\/truusk.store\/sv\/wp-json\/wp\/v2\/product"}],"about":[{"href":"https:\/\/truusk.store\/sv\/wp-json\/wp\/v2\/types\/product"}],"wp:featuredmedia":[{"embeddable":true,"href":"https:\/\/truusk.store\/sv\/wp-json\/wp\/v2\/media\/86320"}],"wp:attachment":[{"href":"https:\/\/truusk.store\/sv\/wp-json\/wp\/v2\/media?parent=86329"}],"wp:term":[{"taxonomy":"product_brand","embeddable":true,"href":"https:\/\/truusk.store\/sv\/wp-json\/wp\/v2\/product_brand?post=86329"},{"taxonomy":"product_cat","embeddable":true,"href":"https:\/\/truusk.store\/sv\/wp-json\/wp\/v2\/product_cat?post=86329"},{"taxonomy":"product_tag","embeddable":true,"href":"https:\/\/truusk.store\/sv\/wp-json\/wp\/v2\/product_tag?post=86329"}],"curies":[{"name":"wp","href":"https:\/\/api.w.org\/{rel}","templated":true}]}}