{"id":86350,"date":"2025-08-20T04:31:50","date_gmt":"2025-08-20T03:31:50","guid":{"rendered":"https:\/\/truusk.store\/product\/glidsparssats-for-skjutdorr-tysta-hjul-utrymmesbesparande-kolstal-vit-183-cm\/"},"modified":"2026-03-12T09:03:37","modified_gmt":"2026-03-12T08:03:37","slug":"truusk-skjutdorr-glidsparssats-tysta-hjul-utrymmesbesparande-kolstal-vit-183-cm","status":"publish","type":"product","link":"https:\/\/truusk.store\/sv\/produkt\/truusk-skjutdorr-glidsparssats-tysta-hjul-utrymmesbesparande-kolstal-vit-183-cm\/","title":{"rendered":"TRUUSK Skjutd\u00f6rr Glidsp\u00e5rssats &#8211; Tysta Hjul &#8211; Utrymmesbesparande &#8211; Kolst\u00e5l &#8211; Vit &#8211; 183 cm"},"content":{"rendered":"<p>En lada d\u00f6rr l\u00e4gger till en stilfull blickf\u00e5ng i ditt hem. F\u00f6r att h\u00e4nga upp den beh\u00f6ver du ett l\u00e4mpligt skjutd\u00f6rrssystem. V\u00e4lj skjutd\u00f6rrsbeslag som \u00e4r lika framtr\u00e4dande som d\u00f6rren sj\u00e4lv. Skjutd\u00f6rrsbeslagssatsen till\u00e5ter en mjuk glidning av d\u00f6rren, idealisk f\u00f6r att spara utrymme d\u00e4r d\u00f6rren annars skulle \u00f6ppnas. Perfekt f\u00f6r korridorer, garage och sovrum &#8211; passar till alla rumdesigner.<\/p>\n<p>Beskrivning:<\/p>\n<ul>\n<li> L\u00e4gg till sk\u00f6nhet och modern stil i ditt hem, uppfyll dina DIY-behov<\/li>\n<li> L\u00e4mplig f\u00f6r vanliga tr\u00e4 d\u00f6rrar, glas d\u00f6rrar och panel tr\u00e4 d\u00f6rrar<\/li>\n<li> H\u00f6gkvalitativa hjul p\u00e5 skjutd\u00f6rrsbeslaget ger en smidig och tyst glidfunktion<\/li>\n<li> Utrymmesbesparande med en d\u00f6rr som glider l\u00e4ngs v\u00e4ggen och inte beh\u00f6ver n\u00e5gon sv\u00e4ngomr\u00e5de<\/li>\n<li> Skjutd\u00f6rrsbeslaget \u00e4r tillverkat av robust st\u00e5l f\u00f6r att b\u00e4ra upp till 100 kg<\/li>\n<li> L\u00e4mplig f\u00f6r d\u00f6rrpaneler med en tjocklek p\u00e5 35-45 mm och 40-45 mm<\/li>\n<li> Alla n\u00f6dv\u00e4ndiga skjutd\u00f6rrsbeslag och en manual f\u00f6r enkel montering ing\u00e5r<\/li>\n<\/ul>\n<p>Tekniska data:<\/p>\n<ul>\n<li> F\u00e4rg: Vit<\/li>\n<li> Material: Kolst\u00e5l<\/li>\n<li> Totala dimensioner: 183L x 4B x 0,6T cm<\/li>\n<li> L\u00e4mplig d\u00f6rrstorlek: 3,5 &#8211; 4T cm, 4 &#8211; 4,5T cm<\/li>\n<li> L\u00e4mplig d\u00f6rrbladsbredd: 91,5 cm<\/li>\n<li> Nettovikt: 5,5 kg<\/li>\n<li> Maximal d\u00f6rrbelastning: 100 kg<\/li>\n<li> Inneh\u00e5ller: 1 x skjutsp\u00e5r, 2 x hjul, 2 x d\u00f6rrstopp, 1 x golvledning, 2 x anti-hoppblock, 5 x kl\u00e4mf\u00e4ste och 1 x sorterad h\u00e5rdvara<\/li>\n<li> Obs: 1, Endast h\u00e5rdvara, d\u00f6rren ing\u00e5r inte<\/li>\n<li>2, Sp\u00e5ret kan klippas f\u00f6r att passa d\u00f6rrens storlek<\/li>\n<li>3, Produkten m\u00e5ste installeras p\u00e5 en solid b\u00e4rande v\u00e4gg, inte p\u00e5 en ih\u00e5lig v\u00e4gg<\/li>\n<\/ul>\n<p>Leveransinneh\u00e5ll:<\/p>\n<ul>\n<li> 1 x Beslag f\u00f6r skjutd\u00f6rr<\/li>\n<li> 1 x Instruktioner<\/li>\n<\/ul>\n","protected":false},"excerpt":{"rendered":"<p>En lada d\u00f6rr l\u00e4gger till en stilfull blickf\u00e5ng i ditt hem. F\u00f6r att h\u00e4nga upp den beh\u00f6ver du ett l\u00e4mpligt&#8230;<\/p>\n","protected":false},"featured_media":86340,"template":"","meta":[],"product_brand":[],"product_cat":[867,672,677],"product_tag":[],"class_list":{"0":"post-86350","1":"product","2":"type-product","3":"status-publish","4":"has-post-thumbnail","6":"product_cat-byggmarknad","7":"product_cat-runt-huset","8":"product_cat-skjutdorrsbeslag","10":"first","11":"instock","12":"sale","13":"taxable","14":"shipping-taxable","15":"purchasable","16":"product-type-simple"},"yoast_head":"<!-- This site is optimized with the Yoast SEO plugin v25.4 - https:\/\/yoast.com\/wordpress\/plugins\/seo\/ -->\n<title>TRUUSK Skjutd\u00f6rr Glidsp\u00e5rssats - Tysta Hjul - Utrymmesbesparande - Kolst\u00e5l - Vit - 183 cm - TRUUSK - Hem, Tr\u00e4dg\u00e5rd &amp; Fritid<\/title>\n<meta name=\"robots\" content=\"index, follow, max-snippet:-1, max-image-preview:large, max-video-preview:-1\" \/>\n<link rel=\"canonical\" href=\"https:\/\/truusk.store\/sv\/produkt\/truusk-skjutdorr-glidsparssats-tysta-hjul-utrymmesbesparande-kolstal-vit-183-cm\/\" \/>\n<meta property=\"og:locale\" content=\"sv_SE\" \/>\n<meta property=\"og:type\" content=\"article\" \/>\n<meta property=\"og:title\" content=\"TRUUSK Skjutd\u00f6rr Glidsp\u00e5rssats - Tysta Hjul - Utrymmesbesparande - Kolst\u00e5l - Vit - 183 cm - TRUUSK - Hem, Tr\u00e4dg\u00e5rd &amp; Fritid\" \/>\n<meta property=\"og:description\" content=\"En lada d\u00f6rr l\u00e4gger till en stilfull blickf\u00e5ng i ditt hem. F\u00f6r att h\u00e4nga upp den beh\u00f6ver du ett l\u00e4mpligt...\" \/>\n<meta property=\"og:url\" content=\"https:\/\/truusk.store\/sv\/produkt\/truusk-skjutdorr-glidsparssats-tysta-hjul-utrymmesbesparande-kolstal-vit-183-cm\/\" \/>\n<meta property=\"og:site_name\" content=\"TRUUSK - Hem, Tr\u00e4dg\u00e5rd &amp; Fritid\" \/>\n<meta property=\"article:modified_time\" content=\"2026-03-12T08:03:37+00:00\" \/>\n<meta property=\"og:image\" content=\"https:\/\/i0.wp.com\/truusk.se\/wp-content\/uploads\/2025\/08\/glidsparssats-for-skjutdorr-tysta-hjul-utrymmesbesparande-kolstal-vit-183-cm-1.webp?fit=1600%2C1600&ssl=1\" \/>\n\t<meta property=\"og:image:width\" content=\"1600\" \/>\n\t<meta property=\"og:image:height\" content=\"1600\" \/>\n\t<meta property=\"og:image:type\" content=\"image\/webp\" \/>\n<meta name=\"twitter:card\" content=\"summary_large_image\" \/>\n<meta name=\"twitter:label1\" content=\"Ber\u00e4knad l\u00e4stid\" \/>\n\t<meta name=\"twitter:data1\" content=\"1 minut\" \/>\n<!-- \/ Yoast SEO plugin. -->","yoast_head_json":{"title":"TRUUSK Skjutd\u00f6rr Glidsp\u00e5rssats - Tysta Hjul - Utrymmesbesparande - Kolst\u00e5l - Vit - 183 cm - TRUUSK - Hem, Tr\u00e4dg\u00e5rd &amp; Fritid","robots":{"index":"index","follow":"follow","max-snippet":"max-snippet:-1","max-image-preview":"max-image-preview:large","max-video-preview":"max-video-preview:-1"},"canonical":"https:\/\/truusk.store\/sv\/produkt\/truusk-skjutdorr-glidsparssats-tysta-hjul-utrymmesbesparande-kolstal-vit-183-cm\/","og_locale":"sv_SE","og_type":"article","og_title":"TRUUSK Skjutd\u00f6rr Glidsp\u00e5rssats - Tysta Hjul - Utrymmesbesparande - Kolst\u00e5l - Vit - 183 cm - TRUUSK - Hem, Tr\u00e4dg\u00e5rd &amp; Fritid","og_description":"En lada d\u00f6rr l\u00e4gger till en stilfull blickf\u00e5ng i ditt hem. F\u00f6r att h\u00e4nga upp den beh\u00f6ver du ett l\u00e4mpligt...","og_url":"https:\/\/truusk.store\/sv\/produkt\/truusk-skjutdorr-glidsparssats-tysta-hjul-utrymmesbesparande-kolstal-vit-183-cm\/","og_site_name":"TRUUSK - Hem, Tr\u00e4dg\u00e5rd &amp; Fritid","article_modified_time":"2026-03-12T08:03:37+00:00","og_image":[{"width":1600,"height":1600,"url":"https:\/\/i0.wp.com\/truusk.se\/wp-content\/uploads\/2025\/08\/glidsparssats-for-skjutdorr-tysta-hjul-utrymmesbesparande-kolstal-vit-183-cm-1.webp?fit=1600%2C1600&ssl=1","type":"image\/webp"}],"twitter_card":"summary_large_image","twitter_misc":{"Ber\u00e4knad l\u00e4stid":"1 minut"},"schema":{"@context":"https:\/\/schema.org","@graph":[{"@type":"WebPage","@id":"https:\/\/truusk.store\/sv\/produkt\/truusk-skjutdorr-glidsparssats-tysta-hjul-utrymmesbesparande-kolstal-vit-183-cm\/","url":"https:\/\/truusk.store\/sv\/produkt\/truusk-skjutdorr-glidsparssats-tysta-hjul-utrymmesbesparande-kolstal-vit-183-cm\/","name":"TRUUSK Skjutd\u00f6rr Glidsp\u00e5rssats - Tysta Hjul - Utrymmesbesparande - Kolst\u00e5l - Vit - 183 cm - TRUUSK - Hem, Tr\u00e4dg\u00e5rd &amp; Fritid","isPartOf":{"@id":"https:\/\/truusk.store\/sv\/#website"},"primaryImageOfPage":{"@id":"https:\/\/truusk.store\/sv\/produkt\/truusk-skjutdorr-glidsparssats-tysta-hjul-utrymmesbesparande-kolstal-vit-183-cm\/#primaryimage"},"image":{"@id":"https:\/\/truusk.store\/sv\/produkt\/truusk-skjutdorr-glidsparssats-tysta-hjul-utrymmesbesparande-kolstal-vit-183-cm\/#primaryimage"},"thumbnailUrl":"https:\/\/i0.wp.com\/truusk.store\/wp-content\/uploads\/2025\/08\/glidsparssats-for-skjutdorr-tysta-hjul-utrymmesbesparande-kolstal-vit-183-cm-1.webp?fit=1600%2C1600&ssl=1","datePublished":"2025-08-20T03:31:50+00:00","dateModified":"2026-03-12T08:03:37+00:00","breadcrumb":{"@id":"https:\/\/truusk.store\/sv\/produkt\/truusk-skjutdorr-glidsparssats-tysta-hjul-utrymmesbesparande-kolstal-vit-183-cm\/#breadcrumb"},"inLanguage":"sv-SE","potentialAction":[{"@type":"ReadAction","target":["https:\/\/truusk.store\/sv\/produkt\/truusk-skjutdorr-glidsparssats-tysta-hjul-utrymmesbesparande-kolstal-vit-183-cm\/"]}]},{"@type":"ImageObject","inLanguage":"sv-SE","@id":"https:\/\/truusk.store\/sv\/produkt\/truusk-skjutdorr-glidsparssats-tysta-hjul-utrymmesbesparande-kolstal-vit-183-cm\/#primaryimage","url":"https:\/\/i0.wp.com\/truusk.store\/wp-content\/uploads\/2025\/08\/glidsparssats-for-skjutdorr-tysta-hjul-utrymmesbesparande-kolstal-vit-183-cm-1.webp?fit=1600%2C1600&ssl=1","contentUrl":"https:\/\/i0.wp.com\/truusk.store\/wp-content\/uploads\/2025\/08\/glidsparssats-for-skjutdorr-tysta-hjul-utrymmesbesparande-kolstal-vit-183-cm-1.webp?fit=1600%2C1600&ssl=1","width":1600,"height":1600},{"@type":"BreadcrumbList","@id":"https:\/\/truusk.store\/sv\/produkt\/truusk-skjutdorr-glidsparssats-tysta-hjul-utrymmesbesparande-kolstal-vit-183-cm\/#breadcrumb","itemListElement":[{"@type":"ListItem","position":1,"name":"Home","item":"https:\/\/truusk.store\/sv\/"},{"@type":"ListItem","position":2,"name":"Shop","item":"https:\/\/truusk.store\/shop\/"},{"@type":"ListItem","position":3,"name":"TRUUSK Skjutd\u00f6rr Glidsp\u00e5rssats &#8211; Tysta Hjul &#8211; Utrymmesbesparande &#8211; Kolst\u00e5l &#8211; Vit &#8211; 183 cm"}]},{"@type":"WebSite","@id":"https:\/\/truusk.store\/sv\/#website","url":"https:\/\/truusk.store\/sv\/","name":"TRUUSK - Hem, Tr\u00e4dg\u00e5rd & Fritid","description":"","publisher":{"@id":"https:\/\/truusk.store\/sv\/#organization"},"potentialAction":[{"@type":"SearchAction","target":{"@type":"EntryPoint","urlTemplate":"https:\/\/truusk.store\/sv\/?s={search_term_string}"},"query-input":{"@type":"PropertyValueSpecification","valueRequired":true,"valueName":"search_term_string"}}],"inLanguage":"sv-SE"},{"@type":"Organization","@id":"https:\/\/truusk.store\/sv\/#organization","name":"TRUUSK - Hem, Tr\u00e4dg\u00e5rd & Fritid","url":"https:\/\/truusk.store\/sv\/","logo":{"@type":"ImageObject","inLanguage":"sv-SE","@id":"https:\/\/truusk.store\/sv\/#\/schema\/logo\/image\/","url":"https:\/\/i0.wp.com\/truusk.store\/wp-content\/uploads\/2026\/03\/cropped-TRUUSK.png?fit=2032%2C917&ssl=1","contentUrl":"https:\/\/i0.wp.com\/truusk.store\/wp-content\/uploads\/2026\/03\/cropped-TRUUSK.png?fit=2032%2C917&ssl=1","width":2032,"height":917,"caption":"TRUUSK - Hem, Tr\u00e4dg\u00e5rd & Fritid"},"image":{"@id":"https:\/\/truusk.store\/sv\/#\/schema\/logo\/image\/"}}]}},"jetpack_sharing_enabled":true,"_links":{"self":[{"href":"https:\/\/truusk.store\/sv\/wp-json\/wp\/v2\/product\/86350","targetHints":{"allow":["GET"]}}],"collection":[{"href":"https:\/\/truusk.store\/sv\/wp-json\/wp\/v2\/product"}],"about":[{"href":"https:\/\/truusk.store\/sv\/wp-json\/wp\/v2\/types\/product"}],"wp:featuredmedia":[{"embeddable":true,"href":"https:\/\/truusk.store\/sv\/wp-json\/wp\/v2\/media\/86340"}],"wp:attachment":[{"href":"https:\/\/truusk.store\/sv\/wp-json\/wp\/v2\/media?parent=86350"}],"wp:term":[{"taxonomy":"product_brand","embeddable":true,"href":"https:\/\/truusk.store\/sv\/wp-json\/wp\/v2\/product_brand?post=86350"},{"taxonomy":"product_cat","embeddable":true,"href":"https:\/\/truusk.store\/sv\/wp-json\/wp\/v2\/product_cat?post=86350"},{"taxonomy":"product_tag","embeddable":true,"href":"https:\/\/truusk.store\/sv\/wp-json\/wp\/v2\/product_tag?post=86350"}],"curies":[{"name":"wp","href":"https:\/\/api.w.org\/{rel}","templated":true}]}}