{"id":86359,"date":"2025-08-20T04:32:26","date_gmt":"2025-08-20T03:32:26","guid":{"rendered":"https:\/\/truusk.store\/product\/massagbord-hopfallbar-massageliggare-hojdjusterbar-massagebank-for-spa-salong-konstlader-tra-kramvit\/"},"modified":"2026-03-12T09:04:18","modified_gmt":"2026-03-12T08:04:18","slug":"truusk-hopfallbar-massageliggare-justerbar-hojd-konstlader-tra-kramvit","status":"publish","type":"product","link":"https:\/\/truusk.store\/sv\/produkt\/truusk-hopfallbar-massageliggare-justerbar-hojd-konstlader-tra-kramvit\/","title":{"rendered":"TRUUSK Hopf\u00e4llbar Massageliggare &#8211; Justerbar H\u00f6jd &#8211; Konstl\u00e4der &#8211; Tr\u00e4 &#8211; Kr\u00e4mvit"},"content":{"rendered":"<p>Denna b\u00e4rbara massageb\u00e4nk fr\u00e5n TRUUSK \u00e4r utm\u00e4rkt f\u00f6r massage och spa-behandlingar. B\u00e4nken \u00e4r tillverkad av robust boktr\u00e4 och kan b\u00e4ra upp till 250 kg. B\u00e4nken \u00e4r fast men mjukt vadderad och \u00f6vermaterialet \u00e4r gjort av konstl\u00e4der. Bordet \u00e4r h\u00f6jdbart och passar perfekt f\u00f6r personer av alla storlekar. Med sin hopf\u00e4llbara design kan b\u00e4nken sparas utrymmeseffektivt och tas med p\u00e5 resor.<\/p>\n<p>Beskrivning:<\/p>\n<ul>\n<li> Hopf\u00e4llbar och l\u00e4tt att transportera<\/li>\n<li> Enkel montering, utan verktyg<\/li>\n<li> Huvudst\u00f6det kan justeras och l\u00e5sas fr\u00e5n 0-90\u00b0<\/li>\n<li> Bredden p\u00e5 b\u00e5da armst\u00f6den kan justeras individuellt<\/li>\n<li> Idealisk f\u00f6r hemmabruk och att ta med p\u00e5 resor<\/li>\n<li> F\u00f6r \u00f6kad stabilitet \u00e4r ramen gjord av boktr\u00e4<\/li>\n<li> Denna massageb\u00e4nk erbjuder kvalitet, h\u00e5llbarhet och bra valuta f\u00f6r pengarna<\/li>\n<li> Inkluderar b\u00e4rv\u00e4ska<\/li>\n<\/ul>\n<p> Tekniska data:<\/p>\n<ul>\n<li> F\u00e4rg: Kr\u00e4m<\/li>\n<li> Material: Boktr\u00e4, konstl\u00e4der<\/li>\n<li> Maximal belastning: 250 kg<\/li>\n<li> M\u00e5tt: 210L x 81B x 67-92H cm<\/li>\n<li> Justerbar h\u00f6jd: 67-92 cm<\/li>\n<li> Tjocklek p\u00e5 konstl\u00e4der: 0,8 mm<\/li>\n<li> Tjocklek p\u00e5 skum: 4 cm<\/li>\n<li> Inkluderar b\u00e4rv\u00e4ska<\/li>\n<\/ul>\n<p>Leverans:<\/p>\n<ul>\n<li> 1 x Massagetable;<\/li>\n<\/ul>\n","protected":false},"excerpt":{"rendered":"<p>Denna b\u00e4rbara massageb\u00e4nk fr\u00e5n TRUUSK \u00e4r utm\u00e4rkt f\u00f6r massage och spa-behandlingar. B\u00e4nken \u00e4r tillverkad av robust boktr\u00e4 och kan b\u00e4ra&#8230;<\/p>\n","protected":false},"featured_media":86349,"template":"","meta":[],"product_brand":[],"product_cat":[867,1052],"product_tag":[],"class_list":{"0":"post-86359","1":"product","2":"type-product","3":"status-publish","4":"has-post-thumbnail","6":"product_cat-byggmarknad","7":"product_cat-halsa-mobilitet","9":"first","10":"instock","11":"sale","12":"taxable","13":"shipping-taxable","14":"purchasable","15":"product-type-simple"},"yoast_head":"<!-- This site is optimized with the Yoast SEO plugin v25.4 - https:\/\/yoast.com\/wordpress\/plugins\/seo\/ -->\n<title>TRUUSK Hopf\u00e4llbar Massageliggare - Justerbar H\u00f6jd - Konstl\u00e4der - Tr\u00e4 - Kr\u00e4mvit - TRUUSK - Hem, Tr\u00e4dg\u00e5rd &amp; Fritid<\/title>\n<meta name=\"robots\" content=\"index, follow, max-snippet:-1, max-image-preview:large, max-video-preview:-1\" \/>\n<link rel=\"canonical\" href=\"https:\/\/truusk.store\/sv\/produkt\/truusk-hopfallbar-massageliggare-justerbar-hojd-konstlader-tra-kramvit\/\" \/>\n<meta property=\"og:locale\" content=\"sv_SE\" \/>\n<meta property=\"og:type\" content=\"article\" \/>\n<meta property=\"og:title\" content=\"TRUUSK Hopf\u00e4llbar Massageliggare - Justerbar H\u00f6jd - Konstl\u00e4der - Tr\u00e4 - Kr\u00e4mvit - TRUUSK - Hem, Tr\u00e4dg\u00e5rd &amp; Fritid\" \/>\n<meta property=\"og:description\" content=\"Denna b\u00e4rbara massageb\u00e4nk fr\u00e5n TRUUSK \u00e4r utm\u00e4rkt f\u00f6r massage och spa-behandlingar. B\u00e4nken \u00e4r tillverkad av robust boktr\u00e4 och kan b\u00e4ra...\" \/>\n<meta property=\"og:url\" content=\"https:\/\/truusk.store\/sv\/produkt\/truusk-hopfallbar-massageliggare-justerbar-hojd-konstlader-tra-kramvit\/\" \/>\n<meta property=\"og:site_name\" content=\"TRUUSK - Hem, Tr\u00e4dg\u00e5rd &amp; Fritid\" \/>\n<meta property=\"article:modified_time\" content=\"2026-03-12T08:04:18+00:00\" \/>\n<meta property=\"og:image\" content=\"https:\/\/i0.wp.com\/truusk.se\/wp-content\/uploads\/2025\/08\/massagbord-hopfallbar-massageliggare-hojdjusterbar-massagebank-for-spa-salong-konstlader-tra-kramvit-1.webp?fit=2000%2C2000&ssl=1\" \/>\n\t<meta property=\"og:image:width\" content=\"2000\" \/>\n\t<meta property=\"og:image:height\" content=\"2000\" \/>\n\t<meta property=\"og:image:type\" content=\"image\/webp\" \/>\n<meta name=\"twitter:card\" content=\"summary_large_image\" \/>\n<meta name=\"twitter:label1\" content=\"Ber\u00e4knad l\u00e4stid\" \/>\n\t<meta name=\"twitter:data1\" content=\"1 minut\" \/>\n<!-- \/ Yoast SEO plugin. -->","yoast_head_json":{"title":"TRUUSK Hopf\u00e4llbar Massageliggare - Justerbar H\u00f6jd - Konstl\u00e4der - Tr\u00e4 - Kr\u00e4mvit - TRUUSK - Hem, Tr\u00e4dg\u00e5rd &amp; Fritid","robots":{"index":"index","follow":"follow","max-snippet":"max-snippet:-1","max-image-preview":"max-image-preview:large","max-video-preview":"max-video-preview:-1"},"canonical":"https:\/\/truusk.store\/sv\/produkt\/truusk-hopfallbar-massageliggare-justerbar-hojd-konstlader-tra-kramvit\/","og_locale":"sv_SE","og_type":"article","og_title":"TRUUSK Hopf\u00e4llbar Massageliggare - Justerbar H\u00f6jd - Konstl\u00e4der - Tr\u00e4 - Kr\u00e4mvit - TRUUSK - Hem, Tr\u00e4dg\u00e5rd &amp; Fritid","og_description":"Denna b\u00e4rbara massageb\u00e4nk fr\u00e5n TRUUSK \u00e4r utm\u00e4rkt f\u00f6r massage och spa-behandlingar. B\u00e4nken \u00e4r tillverkad av robust boktr\u00e4 och kan b\u00e4ra...","og_url":"https:\/\/truusk.store\/sv\/produkt\/truusk-hopfallbar-massageliggare-justerbar-hojd-konstlader-tra-kramvit\/","og_site_name":"TRUUSK - Hem, Tr\u00e4dg\u00e5rd &amp; Fritid","article_modified_time":"2026-03-12T08:04:18+00:00","og_image":[{"width":2000,"height":2000,"url":"https:\/\/i0.wp.com\/truusk.se\/wp-content\/uploads\/2025\/08\/massagbord-hopfallbar-massageliggare-hojdjusterbar-massagebank-for-spa-salong-konstlader-tra-kramvit-1.webp?fit=2000%2C2000&ssl=1","type":"image\/webp"}],"twitter_card":"summary_large_image","twitter_misc":{"Ber\u00e4knad l\u00e4stid":"1 minut"},"schema":{"@context":"https:\/\/schema.org","@graph":[{"@type":"WebPage","@id":"https:\/\/truusk.store\/sv\/produkt\/truusk-hopfallbar-massageliggare-justerbar-hojd-konstlader-tra-kramvit\/","url":"https:\/\/truusk.store\/sv\/produkt\/truusk-hopfallbar-massageliggare-justerbar-hojd-konstlader-tra-kramvit\/","name":"TRUUSK Hopf\u00e4llbar Massageliggare - Justerbar H\u00f6jd - Konstl\u00e4der - Tr\u00e4 - Kr\u00e4mvit - TRUUSK - Hem, Tr\u00e4dg\u00e5rd &amp; Fritid","isPartOf":{"@id":"https:\/\/truusk.store\/sv\/#website"},"primaryImageOfPage":{"@id":"https:\/\/truusk.store\/sv\/produkt\/truusk-hopfallbar-massageliggare-justerbar-hojd-konstlader-tra-kramvit\/#primaryimage"},"image":{"@id":"https:\/\/truusk.store\/sv\/produkt\/truusk-hopfallbar-massageliggare-justerbar-hojd-konstlader-tra-kramvit\/#primaryimage"},"thumbnailUrl":"https:\/\/i0.wp.com\/truusk.store\/wp-content\/uploads\/2025\/08\/massagbord-hopfallbar-massageliggare-hojdjusterbar-massagebank-for-spa-salong-konstlader-tra-kramvit-1.webp?fit=2000%2C2000&ssl=1","datePublished":"2025-08-20T03:32:26+00:00","dateModified":"2026-03-12T08:04:18+00:00","breadcrumb":{"@id":"https:\/\/truusk.store\/sv\/produkt\/truusk-hopfallbar-massageliggare-justerbar-hojd-konstlader-tra-kramvit\/#breadcrumb"},"inLanguage":"sv-SE","potentialAction":[{"@type":"ReadAction","target":["https:\/\/truusk.store\/sv\/produkt\/truusk-hopfallbar-massageliggare-justerbar-hojd-konstlader-tra-kramvit\/"]}]},{"@type":"ImageObject","inLanguage":"sv-SE","@id":"https:\/\/truusk.store\/sv\/produkt\/truusk-hopfallbar-massageliggare-justerbar-hojd-konstlader-tra-kramvit\/#primaryimage","url":"https:\/\/i0.wp.com\/truusk.store\/wp-content\/uploads\/2025\/08\/massagbord-hopfallbar-massageliggare-hojdjusterbar-massagebank-for-spa-salong-konstlader-tra-kramvit-1.webp?fit=2000%2C2000&ssl=1","contentUrl":"https:\/\/i0.wp.com\/truusk.store\/wp-content\/uploads\/2025\/08\/massagbord-hopfallbar-massageliggare-hojdjusterbar-massagebank-for-spa-salong-konstlader-tra-kramvit-1.webp?fit=2000%2C2000&ssl=1","width":2000,"height":2000},{"@type":"BreadcrumbList","@id":"https:\/\/truusk.store\/sv\/produkt\/truusk-hopfallbar-massageliggare-justerbar-hojd-konstlader-tra-kramvit\/#breadcrumb","itemListElement":[{"@type":"ListItem","position":1,"name":"Home","item":"https:\/\/truusk.store\/sv\/"},{"@type":"ListItem","position":2,"name":"Shop","item":"https:\/\/truusk.store\/shop\/"},{"@type":"ListItem","position":3,"name":"TRUUSK Hopf\u00e4llbar Massageliggare &#8211; Justerbar H\u00f6jd &#8211; Konstl\u00e4der &#8211; Tr\u00e4 &#8211; Kr\u00e4mvit"}]},{"@type":"WebSite","@id":"https:\/\/truusk.store\/sv\/#website","url":"https:\/\/truusk.store\/sv\/","name":"TRUUSK - Hem, Tr\u00e4dg\u00e5rd & Fritid","description":"","publisher":{"@id":"https:\/\/truusk.store\/sv\/#organization"},"potentialAction":[{"@type":"SearchAction","target":{"@type":"EntryPoint","urlTemplate":"https:\/\/truusk.store\/sv\/?s={search_term_string}"},"query-input":{"@type":"PropertyValueSpecification","valueRequired":true,"valueName":"search_term_string"}}],"inLanguage":"sv-SE"},{"@type":"Organization","@id":"https:\/\/truusk.store\/sv\/#organization","name":"TRUUSK - Hem, Tr\u00e4dg\u00e5rd & Fritid","url":"https:\/\/truusk.store\/sv\/","logo":{"@type":"ImageObject","inLanguage":"sv-SE","@id":"https:\/\/truusk.store\/sv\/#\/schema\/logo\/image\/","url":"https:\/\/i0.wp.com\/truusk.store\/wp-content\/uploads\/2026\/03\/cropped-TRUUSK.png?fit=2032%2C917&ssl=1","contentUrl":"https:\/\/i0.wp.com\/truusk.store\/wp-content\/uploads\/2026\/03\/cropped-TRUUSK.png?fit=2032%2C917&ssl=1","width":2032,"height":917,"caption":"TRUUSK - Hem, Tr\u00e4dg\u00e5rd & Fritid"},"image":{"@id":"https:\/\/truusk.store\/sv\/#\/schema\/logo\/image\/"}}]}},"jetpack_sharing_enabled":true,"_links":{"self":[{"href":"https:\/\/truusk.store\/sv\/wp-json\/wp\/v2\/product\/86359","targetHints":{"allow":["GET"]}}],"collection":[{"href":"https:\/\/truusk.store\/sv\/wp-json\/wp\/v2\/product"}],"about":[{"href":"https:\/\/truusk.store\/sv\/wp-json\/wp\/v2\/types\/product"}],"wp:featuredmedia":[{"embeddable":true,"href":"https:\/\/truusk.store\/sv\/wp-json\/wp\/v2\/media\/86349"}],"wp:attachment":[{"href":"https:\/\/truusk.store\/sv\/wp-json\/wp\/v2\/media?parent=86359"}],"wp:term":[{"taxonomy":"product_brand","embeddable":true,"href":"https:\/\/truusk.store\/sv\/wp-json\/wp\/v2\/product_brand?post=86359"},{"taxonomy":"product_cat","embeddable":true,"href":"https:\/\/truusk.store\/sv\/wp-json\/wp\/v2\/product_cat?post=86359"},{"taxonomy":"product_tag","embeddable":true,"href":"https:\/\/truusk.store\/sv\/wp-json\/wp\/v2\/product_tag?post=86359"}],"curies":[{"name":"wp","href":"https:\/\/api.w.org\/{rel}","templated":true}]}}