{"id":86369,"date":"2025-08-20T04:33:40","date_gmt":"2025-08-20T03:33:40","guid":{"rendered":"https:\/\/truusk.store\/product\/2-i-1-golvstol-ryggstod-justerbar-102-x-73-x-60-cm-beige\/"},"modified":"2026-03-12T08:55:31","modified_gmt":"2026-03-12T07:55:31","slug":"truusk-2-i-1-hundvagn-och-kattvagn-hopfallbar-med-regnskydd-natventiler-kudde-for-hundar-och-katter-upp-till-10-kg-khaki-16","status":"publish","type":"product","link":"https:\/\/truusk.store\/sv\/produkt\/truusk-2-i-1-hundvagn-och-kattvagn-hopfallbar-med-regnskydd-natventiler-kudde-for-hundar-och-katter-upp-till-10-kg-khaki-16\/","title":{"rendered":"TRUUSK 2-i-1 Hundvagn och Kattvagn &#8211; Hopf\u00e4llbar med Regnskydd &#8211; N\u00e4tventiler &#8211; Kudde &#8211; F\u00f6r Hundar och Katter upp till 10 kg &#8211; Khaki"},"content":{"rendered":"<p>V\u00e5rt 2-i-1-soffa och s\u00e4ngkombination fr\u00e5n TRUUSK \u00e4r ett avkopplande alternativ f\u00f6r sm\u00e5 utrymmen. Den bekv\u00e4mt vadderade ryggst\u00f6det och sittytan \u00e4r kl\u00e4dda med sammetliknande tyg och erbjuder perfekt avkoppling. Den 3-faldigt justerbara ryggst\u00f6det g\u00f6r att soffan snabbt kan anta en s\u00e4ngform och erbjuder s\u00e5ledes en njutbar sovplats. Den h\u00f6gkvalitativa metallramen ger den n\u00f6dv\u00e4ndiga stabiliteten och soffan kan justeras utan problem.<\/p>\n<p>Beskrivning:<\/p>\n<ul>\n<li> 2-i-1-design kombinerar mysig soffa med mjuk s\u00e4ng<\/li>\n<li> 3-faldigt justerbart ryggst\u00f6d f\u00f6r att anpassa sig till dina behov<\/li>\n<li> 5-stegs justerbart huvudst\u00f6d<\/li>\n<li> Mjuk skumvaddering och sammetliknande tyg\u00f6verdrag f\u00f6r h\u00f6g komfort<\/li>\n<li> L\u00e4mplig f\u00f6r l\u00e4sning, titta p\u00e5 TV, spel eller avkoppling<\/li>\n<li> Metallram f\u00f6r stabil h\u00e5llbarhet och h\u00e5llbarhet<\/li>\n<li> Utrymmesbesparande, hopf\u00e4llbar design<\/li>\n<li> Ingen montering kr\u00e4vs<\/li>\n<\/ul>\n<p> Tekniska data:<\/p>\n<ul>\n<li> F\u00e4rg: Beige<\/li>\n<li> Material: Metall, skum, sammet<\/li>\n<li> Totala m\u00e5tt: 102L x 73B x 60H cm (soffa), 102L x 173B x 11H cm (s\u00e4ng)<\/li>\n<li> Sittm\u00e5tt: 102L x 60B cm<\/li>\n<li> B\u00e4rkapacitet: 120 kg<\/li>\n<\/ul>\n<p>Leveransinneh\u00e5ll:<\/p>\n<ul>\n<li> 1 x golvsoffa<\/li>\n<li> 1 x instruktioner<\/li>\n<\/ul>\n","protected":false},"excerpt":{"rendered":"<p>V\u00e5rt 2-i-1-soffa och s\u00e4ngkombination fr\u00e5n TRUUSK \u00e4r ett avkopplande alternativ f\u00f6r sm\u00e5 utrymmen. Den bekv\u00e4mt vadderade ryggst\u00f6det och sittytan \u00e4r&#8230;<\/p>\n","protected":false},"featured_media":86360,"template":"","meta":[],"product_brand":[],"product_cat":[521,871,973,910],"product_tag":[],"class_list":{"0":"post-86369","1":"product","2":"type-product","3":"status-publish","4":"has-post-thumbnail","6":"product_cat-fatolj","7":"product_cat-hus-hem","8":"product_cat-sitzkissen","9":"product_cat-vardagsrum","11":"first","12":"instock","13":"sale","14":"taxable","15":"shipping-taxable","16":"purchasable","17":"product-type-simple"},"yoast_head":"<!-- This site is optimized with the Yoast SEO plugin v25.4 - https:\/\/yoast.com\/wordpress\/plugins\/seo\/ -->\n<title>TRUUSK 2-i-1 Hundvagn och Kattvagn - Hopf\u00e4llbar med Regnskydd - N\u00e4tventiler - Kudde - F\u00f6r Hundar och Katter upp till 10 kg - Khaki - TRUUSK - Hem, Tr\u00e4dg\u00e5rd &amp; Fritid<\/title>\n<meta name=\"robots\" content=\"index, follow, max-snippet:-1, max-image-preview:large, max-video-preview:-1\" \/>\n<link rel=\"canonical\" href=\"https:\/\/truusk.store\/sv\/produkt\/truusk-2-i-1-hundvagn-och-kattvagn-hopfallbar-med-regnskydd-natventiler-kudde-for-hundar-och-katter-upp-till-10-kg-khaki-16\/\" \/>\n<meta property=\"og:locale\" content=\"sv_SE\" \/>\n<meta property=\"og:type\" content=\"article\" \/>\n<meta property=\"og:title\" content=\"TRUUSK 2-i-1 Hundvagn och Kattvagn - Hopf\u00e4llbar med Regnskydd - N\u00e4tventiler - Kudde - F\u00f6r Hundar och Katter upp till 10 kg - Khaki - TRUUSK - Hem, Tr\u00e4dg\u00e5rd &amp; Fritid\" \/>\n<meta property=\"og:description\" content=\"V\u00e5rt 2-i-1-soffa och s\u00e4ngkombination fr\u00e5n TRUUSK \u00e4r ett avkopplande alternativ f\u00f6r sm\u00e5 utrymmen. Den bekv\u00e4mt vadderade ryggst\u00f6det och sittytan \u00e4r...\" \/>\n<meta property=\"og:url\" content=\"https:\/\/truusk.store\/sv\/produkt\/truusk-2-i-1-hundvagn-och-kattvagn-hopfallbar-med-regnskydd-natventiler-kudde-for-hundar-och-katter-upp-till-10-kg-khaki-16\/\" \/>\n<meta property=\"og:site_name\" content=\"TRUUSK - Hem, Tr\u00e4dg\u00e5rd &amp; Fritid\" \/>\n<meta property=\"article:modified_time\" content=\"2026-03-12T07:55:31+00:00\" \/>\n<meta property=\"og:image\" content=\"https:\/\/i0.wp.com\/truusk.se\/wp-content\/uploads\/2025\/08\/2-i-1-golvstol-ryggstod-justerbar-102-x-73-x-60-cm-beige-1.webp?fit=2000%2C2000&ssl=1\" \/>\n\t<meta property=\"og:image:width\" content=\"2000\" \/>\n\t<meta property=\"og:image:height\" content=\"2000\" \/>\n\t<meta property=\"og:image:type\" content=\"image\/webp\" \/>\n<meta name=\"twitter:card\" content=\"summary_large_image\" \/>\n<meta name=\"twitter:label1\" content=\"Ber\u00e4knad l\u00e4stid\" \/>\n\t<meta name=\"twitter:data1\" content=\"1 minut\" \/>\n<!-- \/ Yoast SEO plugin. -->","yoast_head_json":{"title":"TRUUSK 2-i-1 Hundvagn och Kattvagn - Hopf\u00e4llbar med Regnskydd - N\u00e4tventiler - Kudde - F\u00f6r Hundar och Katter upp till 10 kg - Khaki - TRUUSK - Hem, Tr\u00e4dg\u00e5rd &amp; Fritid","robots":{"index":"index","follow":"follow","max-snippet":"max-snippet:-1","max-image-preview":"max-image-preview:large","max-video-preview":"max-video-preview:-1"},"canonical":"https:\/\/truusk.store\/sv\/produkt\/truusk-2-i-1-hundvagn-och-kattvagn-hopfallbar-med-regnskydd-natventiler-kudde-for-hundar-och-katter-upp-till-10-kg-khaki-16\/","og_locale":"sv_SE","og_type":"article","og_title":"TRUUSK 2-i-1 Hundvagn och Kattvagn - Hopf\u00e4llbar med Regnskydd - N\u00e4tventiler - Kudde - F\u00f6r Hundar och Katter upp till 10 kg - Khaki - TRUUSK - Hem, Tr\u00e4dg\u00e5rd &amp; Fritid","og_description":"V\u00e5rt 2-i-1-soffa och s\u00e4ngkombination fr\u00e5n TRUUSK \u00e4r ett avkopplande alternativ f\u00f6r sm\u00e5 utrymmen. Den bekv\u00e4mt vadderade ryggst\u00f6det och sittytan \u00e4r...","og_url":"https:\/\/truusk.store\/sv\/produkt\/truusk-2-i-1-hundvagn-och-kattvagn-hopfallbar-med-regnskydd-natventiler-kudde-for-hundar-och-katter-upp-till-10-kg-khaki-16\/","og_site_name":"TRUUSK - Hem, Tr\u00e4dg\u00e5rd &amp; Fritid","article_modified_time":"2026-03-12T07:55:31+00:00","og_image":[{"width":2000,"height":2000,"url":"https:\/\/i0.wp.com\/truusk.se\/wp-content\/uploads\/2025\/08\/2-i-1-golvstol-ryggstod-justerbar-102-x-73-x-60-cm-beige-1.webp?fit=2000%2C2000&ssl=1","type":"image\/webp"}],"twitter_card":"summary_large_image","twitter_misc":{"Ber\u00e4knad l\u00e4stid":"1 minut"},"schema":{"@context":"https:\/\/schema.org","@graph":[{"@type":"WebPage","@id":"https:\/\/truusk.store\/sv\/produkt\/truusk-2-i-1-hundvagn-och-kattvagn-hopfallbar-med-regnskydd-natventiler-kudde-for-hundar-och-katter-upp-till-10-kg-khaki-16\/","url":"https:\/\/truusk.store\/sv\/produkt\/truusk-2-i-1-hundvagn-och-kattvagn-hopfallbar-med-regnskydd-natventiler-kudde-for-hundar-och-katter-upp-till-10-kg-khaki-16\/","name":"TRUUSK 2-i-1 Hundvagn och Kattvagn - Hopf\u00e4llbar med Regnskydd - N\u00e4tventiler - Kudde - F\u00f6r Hundar och Katter upp till 10 kg - Khaki - TRUUSK - Hem, Tr\u00e4dg\u00e5rd &amp; Fritid","isPartOf":{"@id":"https:\/\/truusk.store\/sv\/#website"},"primaryImageOfPage":{"@id":"https:\/\/truusk.store\/sv\/produkt\/truusk-2-i-1-hundvagn-och-kattvagn-hopfallbar-med-regnskydd-natventiler-kudde-for-hundar-och-katter-upp-till-10-kg-khaki-16\/#primaryimage"},"image":{"@id":"https:\/\/truusk.store\/sv\/produkt\/truusk-2-i-1-hundvagn-och-kattvagn-hopfallbar-med-regnskydd-natventiler-kudde-for-hundar-och-katter-upp-till-10-kg-khaki-16\/#primaryimage"},"thumbnailUrl":"https:\/\/i0.wp.com\/truusk.store\/wp-content\/uploads\/2025\/08\/2-i-1-golvstol-ryggstod-justerbar-102-x-73-x-60-cm-beige-1.webp?fit=2000%2C2000&ssl=1","datePublished":"2025-08-20T03:33:40+00:00","dateModified":"2026-03-12T07:55:31+00:00","breadcrumb":{"@id":"https:\/\/truusk.store\/sv\/produkt\/truusk-2-i-1-hundvagn-och-kattvagn-hopfallbar-med-regnskydd-natventiler-kudde-for-hundar-och-katter-upp-till-10-kg-khaki-16\/#breadcrumb"},"inLanguage":"sv-SE","potentialAction":[{"@type":"ReadAction","target":["https:\/\/truusk.store\/sv\/produkt\/truusk-2-i-1-hundvagn-och-kattvagn-hopfallbar-med-regnskydd-natventiler-kudde-for-hundar-och-katter-upp-till-10-kg-khaki-16\/"]}]},{"@type":"ImageObject","inLanguage":"sv-SE","@id":"https:\/\/truusk.store\/sv\/produkt\/truusk-2-i-1-hundvagn-och-kattvagn-hopfallbar-med-regnskydd-natventiler-kudde-for-hundar-och-katter-upp-till-10-kg-khaki-16\/#primaryimage","url":"https:\/\/i0.wp.com\/truusk.store\/wp-content\/uploads\/2025\/08\/2-i-1-golvstol-ryggstod-justerbar-102-x-73-x-60-cm-beige-1.webp?fit=2000%2C2000&ssl=1","contentUrl":"https:\/\/i0.wp.com\/truusk.store\/wp-content\/uploads\/2025\/08\/2-i-1-golvstol-ryggstod-justerbar-102-x-73-x-60-cm-beige-1.webp?fit=2000%2C2000&ssl=1","width":2000,"height":2000},{"@type":"BreadcrumbList","@id":"https:\/\/truusk.store\/sv\/produkt\/truusk-2-i-1-hundvagn-och-kattvagn-hopfallbar-med-regnskydd-natventiler-kudde-for-hundar-och-katter-upp-till-10-kg-khaki-16\/#breadcrumb","itemListElement":[{"@type":"ListItem","position":1,"name":"Home","item":"https:\/\/truusk.store\/sv\/"},{"@type":"ListItem","position":2,"name":"Shop","item":"https:\/\/truusk.store\/shop\/"},{"@type":"ListItem","position":3,"name":"TRUUSK 2-i-1 Hundvagn och Kattvagn &#8211; Hopf\u00e4llbar med Regnskydd &#8211; N\u00e4tventiler &#8211; Kudde &#8211; F\u00f6r Hundar och Katter upp till 10 kg &#8211; Khaki"}]},{"@type":"WebSite","@id":"https:\/\/truusk.store\/sv\/#website","url":"https:\/\/truusk.store\/sv\/","name":"TRUUSK - Hem, Tr\u00e4dg\u00e5rd & Fritid","description":"","publisher":{"@id":"https:\/\/truusk.store\/sv\/#organization"},"potentialAction":[{"@type":"SearchAction","target":{"@type":"EntryPoint","urlTemplate":"https:\/\/truusk.store\/sv\/?s={search_term_string}"},"query-input":{"@type":"PropertyValueSpecification","valueRequired":true,"valueName":"search_term_string"}}],"inLanguage":"sv-SE"},{"@type":"Organization","@id":"https:\/\/truusk.store\/sv\/#organization","name":"TRUUSK - Hem, Tr\u00e4dg\u00e5rd & Fritid","url":"https:\/\/truusk.store\/sv\/","logo":{"@type":"ImageObject","inLanguage":"sv-SE","@id":"https:\/\/truusk.store\/sv\/#\/schema\/logo\/image\/","url":"https:\/\/i0.wp.com\/truusk.store\/wp-content\/uploads\/2026\/03\/cropped-TRUUSK.png?fit=2032%2C917&ssl=1","contentUrl":"https:\/\/i0.wp.com\/truusk.store\/wp-content\/uploads\/2026\/03\/cropped-TRUUSK.png?fit=2032%2C917&ssl=1","width":2032,"height":917,"caption":"TRUUSK - Hem, Tr\u00e4dg\u00e5rd & Fritid"},"image":{"@id":"https:\/\/truusk.store\/sv\/#\/schema\/logo\/image\/"}}]}},"jetpack_sharing_enabled":true,"_links":{"self":[{"href":"https:\/\/truusk.store\/sv\/wp-json\/wp\/v2\/product\/86369","targetHints":{"allow":["GET"]}}],"collection":[{"href":"https:\/\/truusk.store\/sv\/wp-json\/wp\/v2\/product"}],"about":[{"href":"https:\/\/truusk.store\/sv\/wp-json\/wp\/v2\/types\/product"}],"wp:featuredmedia":[{"embeddable":true,"href":"https:\/\/truusk.store\/sv\/wp-json\/wp\/v2\/media\/86360"}],"wp:attachment":[{"href":"https:\/\/truusk.store\/sv\/wp-json\/wp\/v2\/media?parent=86369"}],"wp:term":[{"taxonomy":"product_brand","embeddable":true,"href":"https:\/\/truusk.store\/sv\/wp-json\/wp\/v2\/product_brand?post=86369"},{"taxonomy":"product_cat","embeddable":true,"href":"https:\/\/truusk.store\/sv\/wp-json\/wp\/v2\/product_cat?post=86369"},{"taxonomy":"product_tag","embeddable":true,"href":"https:\/\/truusk.store\/sv\/wp-json\/wp\/v2\/product_tag?post=86369"}],"curies":[{"name":"wp","href":"https:\/\/api.w.org\/{rel}","templated":true}]}}