{"id":86389,"date":"2025-08-20T04:35:41","date_gmt":"2025-08-20T03:35:41","guid":{"rendered":"https:\/\/truusk.store\/product\/tradgardslampa-utomhuslampa-solcellsdriven-8-timmars-drift-rattanlook-svart-215-x-215-x-61-cm\/"},"modified":"2026-03-12T09:06:30","modified_gmt":"2026-03-12T08:06:30","slug":"truusk-solcellsdriven-utomhuslampa-rattanlook-8-timmars-drift-svart-215-x-215-x-61-cm","status":"publish","type":"product","link":"https:\/\/truusk.store\/sv\/produkt\/truusk-solcellsdriven-utomhuslampa-rattanlook-8-timmars-drift-svart-215-x-215-x-61-cm\/","title":{"rendered":"TRUUSK Solcellsdriven Utomhuslampa &#8211; Rattanlook &#8211; 8 Timmars Drift &#8211; Svart &#8211; 21,5 x 21,5 x 61 cm"},"content":{"rendered":"<p>Denna solcellsdrivna tr\u00e4dg\u00e5rdslampa fr\u00e5n TRUUSK utm\u00e4rker sig med en karakt\u00e4rsfull fl\u00e4tning i tidl\u00f6s, naturlig rottinglook. Ramen av robust, pulverlackerat st\u00e5l \u00e4r inarbetad i en stegvis cylindrisk sk\u00e4rm, vilket ger en markant utseende och garanterar h\u00f6g stabilitet. Vid full laddning f\u00e5r du fulla \u00e5tta timmars drifttid, medan lampan automatiskt sl\u00e5s p\u00e5 och av och laddas under dagsljus, s\u00e5 ingen n\u00e4tanslutning kr\u00e4vs.<\/p>\n<p>Beskrivning:<\/p>\n<ul>\n<li> L\u00e4mplig f\u00f6r uppfarter, tr\u00e4dg\u00e5rdar, balkonger, verandor och andra utomhusomr\u00e5den<\/li>\n<li> Solpanel p\u00e5 toppen f\u00f6r laddning i solljus. Laddningstid = sex timmar<\/li>\n<li> Sl\u00e5r p\u00e5 och av automatiskt (l\u00e4get m\u00e5ste vara p\u00e5)<\/li>\n<li> Pulverlackerad st\u00e5lram, omsluten med vackert plastfl\u00e4tning i rottinglook<\/li>\n<li> Stor bas garanterar h\u00f6g stabilitet<\/li>\n<li> Enkel att montera<\/li>\n<\/ul>\n<p>Tekniska data:<\/p>\n<ul>\n<li> F\u00e4rg: Svart<\/li>\n<li> Material: PE, st\u00e5l, PP<\/li>\n<li> Totala m\u00e5tt: \u00d821,5 x 61H cm<\/li>\n<li> \u00d6vre del: \u00d815 cm<\/li>\n<li> Solpanel: 8,5L x 8,5B cm<\/li>\n<li> LED-ljusprestanda: 0,8 W<\/li>\n<li> Laddningstid: 6 timmar vid tillr\u00e4ckligt solljus<\/li>\n<li> Drifttid (fulladdad): 8 timmar<\/li>\n<li> Ljus: Varmt ljus (gult)<\/li>\n<\/ul>\n<p>Leveransinneh\u00e5ll:<\/p>\n<ul>\n<li> 1 x Rotting golvlampa<\/li>\n<li> 1 x Instruktioner<\/li>\n<\/ul>\n","protected":false},"excerpt":{"rendered":"<p>Denna solcellsdrivna tr\u00e4dg\u00e5rdslampa fr\u00e5n TRUUSK utm\u00e4rker sig med en karakt\u00e4rsfull fl\u00e4tning i tidl\u00f6s, naturlig rottinglook. Ramen av robust, pulverlackerat st\u00e5l&#8230;<\/p>\n","protected":false},"featured_media":86380,"template":"","meta":[],"product_brand":[],"product_cat":[858,465,464],"product_tag":[],"class_list":{"0":"post-86389","1":"product","2":"type-product","3":"status-publish","4":"has-post-thumbnail","6":"product_cat-tradgard-terrass","7":"product_cat-tradgardsbelysning","8":"product_cat-tradgardsdekoration","10":"first","11":"instock","12":"sale","13":"taxable","14":"shipping-taxable","15":"purchasable","16":"product-type-simple"},"yoast_head":"<!-- This site is optimized with the Yoast SEO plugin v25.4 - https:\/\/yoast.com\/wordpress\/plugins\/seo\/ -->\n<title>TRUUSK Solcellsdriven Utomhuslampa - Rattanlook - 8 Timmars Drift - Svart - 21,5 x 21,5 x 61 cm - TRUUSK - Hem, Tr\u00e4dg\u00e5rd &amp; Fritid<\/title>\n<meta name=\"robots\" content=\"index, follow, max-snippet:-1, max-image-preview:large, max-video-preview:-1\" \/>\n<link rel=\"canonical\" href=\"https:\/\/truusk.store\/sv\/produkt\/truusk-solcellsdriven-utomhuslampa-rattanlook-8-timmars-drift-svart-215-x-215-x-61-cm\/\" \/>\n<meta property=\"og:locale\" content=\"sv_SE\" \/>\n<meta property=\"og:type\" content=\"article\" \/>\n<meta property=\"og:title\" content=\"TRUUSK Solcellsdriven Utomhuslampa - Rattanlook - 8 Timmars Drift - Svart - 21,5 x 21,5 x 61 cm - TRUUSK - Hem, Tr\u00e4dg\u00e5rd &amp; Fritid\" \/>\n<meta property=\"og:description\" content=\"Denna solcellsdrivna tr\u00e4dg\u00e5rdslampa fr\u00e5n TRUUSK utm\u00e4rker sig med en karakt\u00e4rsfull fl\u00e4tning i tidl\u00f6s, naturlig rottinglook. Ramen av robust, pulverlackerat st\u00e5l...\" \/>\n<meta property=\"og:url\" content=\"https:\/\/truusk.store\/sv\/produkt\/truusk-solcellsdriven-utomhuslampa-rattanlook-8-timmars-drift-svart-215-x-215-x-61-cm\/\" \/>\n<meta property=\"og:site_name\" content=\"TRUUSK - Hem, Tr\u00e4dg\u00e5rd &amp; Fritid\" \/>\n<meta property=\"article:modified_time\" content=\"2026-03-12T08:06:30+00:00\" \/>\n<meta property=\"og:image\" content=\"https:\/\/i0.wp.com\/truusk.se\/wp-content\/uploads\/2025\/08\/tradgardslampa-utomhuslampa-solcellsdriven-8-timmars-drift-rattanlook-svart-215-x-215-x-61-cm-1.webp?fit=2000%2C2000&ssl=1\" \/>\n\t<meta property=\"og:image:width\" content=\"2000\" \/>\n\t<meta property=\"og:image:height\" content=\"2000\" \/>\n\t<meta property=\"og:image:type\" content=\"image\/webp\" \/>\n<meta name=\"twitter:card\" content=\"summary_large_image\" \/>\n<meta name=\"twitter:label1\" content=\"Ber\u00e4knad l\u00e4stid\" \/>\n\t<meta name=\"twitter:data1\" content=\"1 minut\" \/>\n<!-- \/ Yoast SEO plugin. -->","yoast_head_json":{"title":"TRUUSK Solcellsdriven Utomhuslampa - Rattanlook - 8 Timmars Drift - Svart - 21,5 x 21,5 x 61 cm - TRUUSK - Hem, Tr\u00e4dg\u00e5rd &amp; Fritid","robots":{"index":"index","follow":"follow","max-snippet":"max-snippet:-1","max-image-preview":"max-image-preview:large","max-video-preview":"max-video-preview:-1"},"canonical":"https:\/\/truusk.store\/sv\/produkt\/truusk-solcellsdriven-utomhuslampa-rattanlook-8-timmars-drift-svart-215-x-215-x-61-cm\/","og_locale":"sv_SE","og_type":"article","og_title":"TRUUSK Solcellsdriven Utomhuslampa - Rattanlook - 8 Timmars Drift - Svart - 21,5 x 21,5 x 61 cm - TRUUSK - Hem, Tr\u00e4dg\u00e5rd &amp; Fritid","og_description":"Denna solcellsdrivna tr\u00e4dg\u00e5rdslampa fr\u00e5n TRUUSK utm\u00e4rker sig med en karakt\u00e4rsfull fl\u00e4tning i tidl\u00f6s, naturlig rottinglook. Ramen av robust, pulverlackerat st\u00e5l...","og_url":"https:\/\/truusk.store\/sv\/produkt\/truusk-solcellsdriven-utomhuslampa-rattanlook-8-timmars-drift-svart-215-x-215-x-61-cm\/","og_site_name":"TRUUSK - Hem, Tr\u00e4dg\u00e5rd &amp; Fritid","article_modified_time":"2026-03-12T08:06:30+00:00","og_image":[{"width":2000,"height":2000,"url":"https:\/\/i0.wp.com\/truusk.se\/wp-content\/uploads\/2025\/08\/tradgardslampa-utomhuslampa-solcellsdriven-8-timmars-drift-rattanlook-svart-215-x-215-x-61-cm-1.webp?fit=2000%2C2000&ssl=1","type":"image\/webp"}],"twitter_card":"summary_large_image","twitter_misc":{"Ber\u00e4knad l\u00e4stid":"1 minut"},"schema":{"@context":"https:\/\/schema.org","@graph":[{"@type":"WebPage","@id":"https:\/\/truusk.store\/sv\/produkt\/truusk-solcellsdriven-utomhuslampa-rattanlook-8-timmars-drift-svart-215-x-215-x-61-cm\/","url":"https:\/\/truusk.store\/sv\/produkt\/truusk-solcellsdriven-utomhuslampa-rattanlook-8-timmars-drift-svart-215-x-215-x-61-cm\/","name":"TRUUSK Solcellsdriven Utomhuslampa - Rattanlook - 8 Timmars Drift - Svart - 21,5 x 21,5 x 61 cm - TRUUSK - Hem, Tr\u00e4dg\u00e5rd &amp; Fritid","isPartOf":{"@id":"https:\/\/truusk.store\/sv\/#website"},"primaryImageOfPage":{"@id":"https:\/\/truusk.store\/sv\/produkt\/truusk-solcellsdriven-utomhuslampa-rattanlook-8-timmars-drift-svart-215-x-215-x-61-cm\/#primaryimage"},"image":{"@id":"https:\/\/truusk.store\/sv\/produkt\/truusk-solcellsdriven-utomhuslampa-rattanlook-8-timmars-drift-svart-215-x-215-x-61-cm\/#primaryimage"},"thumbnailUrl":"https:\/\/i0.wp.com\/truusk.store\/wp-content\/uploads\/2025\/08\/tradgardslampa-utomhuslampa-solcellsdriven-8-timmars-drift-rattanlook-svart-215-x-215-x-61-cm-1.webp?fit=2000%2C2000&ssl=1","datePublished":"2025-08-20T03:35:41+00:00","dateModified":"2026-03-12T08:06:30+00:00","breadcrumb":{"@id":"https:\/\/truusk.store\/sv\/produkt\/truusk-solcellsdriven-utomhuslampa-rattanlook-8-timmars-drift-svart-215-x-215-x-61-cm\/#breadcrumb"},"inLanguage":"sv-SE","potentialAction":[{"@type":"ReadAction","target":["https:\/\/truusk.store\/sv\/produkt\/truusk-solcellsdriven-utomhuslampa-rattanlook-8-timmars-drift-svart-215-x-215-x-61-cm\/"]}]},{"@type":"ImageObject","inLanguage":"sv-SE","@id":"https:\/\/truusk.store\/sv\/produkt\/truusk-solcellsdriven-utomhuslampa-rattanlook-8-timmars-drift-svart-215-x-215-x-61-cm\/#primaryimage","url":"https:\/\/i0.wp.com\/truusk.store\/wp-content\/uploads\/2025\/08\/tradgardslampa-utomhuslampa-solcellsdriven-8-timmars-drift-rattanlook-svart-215-x-215-x-61-cm-1.webp?fit=2000%2C2000&ssl=1","contentUrl":"https:\/\/i0.wp.com\/truusk.store\/wp-content\/uploads\/2025\/08\/tradgardslampa-utomhuslampa-solcellsdriven-8-timmars-drift-rattanlook-svart-215-x-215-x-61-cm-1.webp?fit=2000%2C2000&ssl=1","width":2000,"height":2000},{"@type":"BreadcrumbList","@id":"https:\/\/truusk.store\/sv\/produkt\/truusk-solcellsdriven-utomhuslampa-rattanlook-8-timmars-drift-svart-215-x-215-x-61-cm\/#breadcrumb","itemListElement":[{"@type":"ListItem","position":1,"name":"Home","item":"https:\/\/truusk.store\/sv\/"},{"@type":"ListItem","position":2,"name":"Shop","item":"https:\/\/truusk.store\/shop\/"},{"@type":"ListItem","position":3,"name":"TRUUSK Solcellsdriven Utomhuslampa &#8211; Rattanlook &#8211; 8 Timmars Drift &#8211; Svart &#8211; 21,5 x 21,5 x 61 cm"}]},{"@type":"WebSite","@id":"https:\/\/truusk.store\/sv\/#website","url":"https:\/\/truusk.store\/sv\/","name":"TRUUSK - Hem, Tr\u00e4dg\u00e5rd & Fritid","description":"","publisher":{"@id":"https:\/\/truusk.store\/sv\/#organization"},"potentialAction":[{"@type":"SearchAction","target":{"@type":"EntryPoint","urlTemplate":"https:\/\/truusk.store\/sv\/?s={search_term_string}"},"query-input":{"@type":"PropertyValueSpecification","valueRequired":true,"valueName":"search_term_string"}}],"inLanguage":"sv-SE"},{"@type":"Organization","@id":"https:\/\/truusk.store\/sv\/#organization","name":"TRUUSK - Hem, Tr\u00e4dg\u00e5rd & Fritid","url":"https:\/\/truusk.store\/sv\/","logo":{"@type":"ImageObject","inLanguage":"sv-SE","@id":"https:\/\/truusk.store\/sv\/#\/schema\/logo\/image\/","url":"https:\/\/i0.wp.com\/truusk.store\/wp-content\/uploads\/2026\/03\/cropped-TRUUSK.png?fit=2032%2C917&ssl=1","contentUrl":"https:\/\/i0.wp.com\/truusk.store\/wp-content\/uploads\/2026\/03\/cropped-TRUUSK.png?fit=2032%2C917&ssl=1","width":2032,"height":917,"caption":"TRUUSK - Hem, Tr\u00e4dg\u00e5rd & Fritid"},"image":{"@id":"https:\/\/truusk.store\/sv\/#\/schema\/logo\/image\/"}}]}},"jetpack_sharing_enabled":true,"_links":{"self":[{"href":"https:\/\/truusk.store\/sv\/wp-json\/wp\/v2\/product\/86389","targetHints":{"allow":["GET"]}}],"collection":[{"href":"https:\/\/truusk.store\/sv\/wp-json\/wp\/v2\/product"}],"about":[{"href":"https:\/\/truusk.store\/sv\/wp-json\/wp\/v2\/types\/product"}],"wp:featuredmedia":[{"embeddable":true,"href":"https:\/\/truusk.store\/sv\/wp-json\/wp\/v2\/media\/86380"}],"wp:attachment":[{"href":"https:\/\/truusk.store\/sv\/wp-json\/wp\/v2\/media?parent=86389"}],"wp:term":[{"taxonomy":"product_brand","embeddable":true,"href":"https:\/\/truusk.store\/sv\/wp-json\/wp\/v2\/product_brand?post=86389"},{"taxonomy":"product_cat","embeddable":true,"href":"https:\/\/truusk.store\/sv\/wp-json\/wp\/v2\/product_cat?post=86389"},{"taxonomy":"product_tag","embeddable":true,"href":"https:\/\/truusk.store\/sv\/wp-json\/wp\/v2\/product_tag?post=86389"}],"curies":[{"name":"wp","href":"https:\/\/api.w.org\/{rel}","templated":true}]}}