{"id":86409,"date":"2025-08-20T04:37:35","date_gmt":"2025-08-20T03:37:35","guid":{"rendered":"https:\/\/truusk.store\/product\/byra-med-5-hopfallbara-tyglador-hylla-stabil-stalram-58-x-29-x-99-cm\/"},"modified":"2026-03-12T09:06:34","modified_gmt":"2026-03-12T08:06:34","slug":"truusk-byra-med-5-hopfallbara-tyglador-stabil-stalram-58-x-29-x-99-cm-organisera-ditt-hem-smidigt-och-stilrent","status":"publish","type":"product","link":"https:\/\/truusk.store\/sv\/produkt\/truusk-byra-med-5-hopfallbara-tyglador-stabil-stalram-58-x-29-x-99-cm-organisera-ditt-hem-smidigt-och-stilrent\/","title":{"rendered":"TRUUSK Byr\u00e5 Med 5 Hopf\u00e4llbara Tygl\u00e5dor &#8211; Stabil St\u00e5lram &#8211; 58 x 29 x 99 cm &#8211; Organisera Ditt Hem Smidigt och Stilrent"},"content":{"rendered":"<p>Letar du efter en smart l\u00f6sning f\u00f6r att optimera ditt f\u00f6rvaringsutrymme? Denna TRUUSK byr\u00e5 \u00e4r det perfekta valet f\u00f6r ditt sovrum. Med fem uttagbara tygl\u00e5dor erbjuder den plats f\u00f6r kl\u00e4der och tillbeh\u00f6r som hattar, strumpor, skor, halsdukar och filtar &#8211; allt l\u00e4ttillg\u00e4ngligt och snyggt f\u00f6rvarat. Den l\u00e4tta ramen p\u00e5 f\u00f6rvaringssk\u00e5pet g\u00f6r det enkelt att transportera, och n\u00e4r du inte beh\u00f6ver dem kan tygl\u00e5dorna f\u00e4llas ihop platt.<\/p>\n<p>Beskrivning:<\/p>\n<ul>\n<li> Denna byr\u00e5 \u00e4r utrustad med 5 tygl\u00e5dor som erbjuder mycket f\u00f6rvaringsutrymme<\/li>\n<li> Perfekt f\u00f6r sovrum, tv\u00e4ttstuga, vardagsrum, hall, entr\u00e9, garderob etc.<\/li>\n<li> Tygl\u00e5dorna kan f\u00e4llas ihop n\u00e4r de inte anv\u00e4nds<\/li>\n<li> St\u00e5lstomme och h\u00e5llbar MDF-yta p\u00e5 hallsk\u00e5pet erbjuder tillf\u00f6rlitlig styrka och stabilitet<\/li>\n<li> Justerbara f\u00f6tter p\u00e5 byr\u00e5n f\u00f6r oj\u00e4mnt golv \u00f6kar stabiliteten och skyddar golvet mot repor<\/li>\n<li> Montering kr\u00e4vs<\/li>\n<\/ul>\n<p> Tekniska data:<\/p>\n<ul>\n<li> F\u00e4rg: Flerf\u00e4rgad<\/li>\n<li> Material: Polyester, st\u00e5l, MDF<\/li>\n<li> Totala dimensioner: 58B x 29T x 99H cm<\/li>\n<li> Inre dimensioner p\u00e5 l\u00e5dan: 27,2B x 26,2T x 18,5H cm (liten), 53,2B x 27,2T x 18,5H cm (stor)<\/li>\n<li> Benh\u00f6jd: 7 cm<\/li>\n<li> B\u00e4rkapacitet: 34 kg (totalt), 5 kg (stor l\u00e5da), 2 kg (liten l\u00e5da), 15 kg (hylla)<\/li>\n<\/ul>\n<p> Leveransinneh\u00e5ll:<\/p>\n<ul>\n<li> 1 x byr\u00e5<\/li>\n<li> 1 x bruksanvisning<\/li>\n<\/ul>\n","protected":false},"excerpt":{"rendered":"<p>Letar du efter en smart l\u00f6sning f\u00f6r att optimera ditt f\u00f6rvaringsutrymme? Denna TRUUSK byr\u00e5 \u00e4r det perfekta valet f\u00f6r ditt&#8230;<\/p>\n","protected":false},"featured_media":86400,"template":"","meta":[],"product_brand":[],"product_cat":[956,871,910],"product_tag":[],"class_list":{"0":"post-86409","1":"product","2":"type-product","3":"status-publish","4":"has-post-thumbnail","6":"product_cat-byraer-sideboards","7":"product_cat-hus-hem","8":"product_cat-vardagsrum","10":"first","11":"instock","12":"sale","13":"taxable","14":"shipping-taxable","15":"purchasable","16":"product-type-simple"},"yoast_head":"<!-- This site is optimized with the Yoast SEO plugin v25.4 - https:\/\/yoast.com\/wordpress\/plugins\/seo\/ -->\n<title>TRUUSK Byr\u00e5 Med 5 Hopf\u00e4llbara Tygl\u00e5dor - Stabil St\u00e5lram - 58 x 29 x 99 cm - Organisera Ditt Hem Smidigt och Stilrent - TRUUSK - Hem, Tr\u00e4dg\u00e5rd &amp; Fritid<\/title>\n<meta name=\"robots\" content=\"index, follow, max-snippet:-1, max-image-preview:large, max-video-preview:-1\" \/>\n<link rel=\"canonical\" href=\"https:\/\/truusk.store\/sv\/produkt\/truusk-byra-med-5-hopfallbara-tyglador-stabil-stalram-58-x-29-x-99-cm-organisera-ditt-hem-smidigt-och-stilrent\/\" \/>\n<meta property=\"og:locale\" content=\"sv_SE\" \/>\n<meta property=\"og:type\" content=\"article\" \/>\n<meta property=\"og:title\" content=\"TRUUSK Byr\u00e5 Med 5 Hopf\u00e4llbara Tygl\u00e5dor - Stabil St\u00e5lram - 58 x 29 x 99 cm - Organisera Ditt Hem Smidigt och Stilrent - TRUUSK - Hem, Tr\u00e4dg\u00e5rd &amp; Fritid\" \/>\n<meta property=\"og:description\" content=\"Letar du efter en smart l\u00f6sning f\u00f6r att optimera ditt f\u00f6rvaringsutrymme? Denna TRUUSK byr\u00e5 \u00e4r det perfekta valet f\u00f6r ditt...\" \/>\n<meta property=\"og:url\" content=\"https:\/\/truusk.store\/sv\/produkt\/truusk-byra-med-5-hopfallbara-tyglador-stabil-stalram-58-x-29-x-99-cm-organisera-ditt-hem-smidigt-och-stilrent\/\" \/>\n<meta property=\"og:site_name\" content=\"TRUUSK - Hem, Tr\u00e4dg\u00e5rd &amp; Fritid\" \/>\n<meta property=\"article:modified_time\" content=\"2026-03-12T08:06:34+00:00\" \/>\n<meta property=\"og:image\" content=\"https:\/\/i0.wp.com\/truusk.se\/wp-content\/uploads\/2025\/08\/byra-med-5-hopfallbara-tyglador-hylla-stabil-stalram-58-x-29-x-99-cm-1.webp?fit=2000%2C2000&ssl=1\" \/>\n\t<meta property=\"og:image:width\" content=\"2000\" \/>\n\t<meta property=\"og:image:height\" content=\"2000\" \/>\n\t<meta property=\"og:image:type\" content=\"image\/webp\" \/>\n<meta name=\"twitter:card\" content=\"summary_large_image\" \/>\n<meta name=\"twitter:label1\" content=\"Ber\u00e4knad l\u00e4stid\" \/>\n\t<meta name=\"twitter:data1\" content=\"1 minut\" \/>\n<!-- \/ Yoast SEO plugin. -->","yoast_head_json":{"title":"TRUUSK Byr\u00e5 Med 5 Hopf\u00e4llbara Tygl\u00e5dor - Stabil St\u00e5lram - 58 x 29 x 99 cm - Organisera Ditt Hem Smidigt och Stilrent - TRUUSK - Hem, Tr\u00e4dg\u00e5rd &amp; Fritid","robots":{"index":"index","follow":"follow","max-snippet":"max-snippet:-1","max-image-preview":"max-image-preview:large","max-video-preview":"max-video-preview:-1"},"canonical":"https:\/\/truusk.store\/sv\/produkt\/truusk-byra-med-5-hopfallbara-tyglador-stabil-stalram-58-x-29-x-99-cm-organisera-ditt-hem-smidigt-och-stilrent\/","og_locale":"sv_SE","og_type":"article","og_title":"TRUUSK Byr\u00e5 Med 5 Hopf\u00e4llbara Tygl\u00e5dor - Stabil St\u00e5lram - 58 x 29 x 99 cm - Organisera Ditt Hem Smidigt och Stilrent - TRUUSK - Hem, Tr\u00e4dg\u00e5rd &amp; Fritid","og_description":"Letar du efter en smart l\u00f6sning f\u00f6r att optimera ditt f\u00f6rvaringsutrymme? Denna TRUUSK byr\u00e5 \u00e4r det perfekta valet f\u00f6r ditt...","og_url":"https:\/\/truusk.store\/sv\/produkt\/truusk-byra-med-5-hopfallbara-tyglador-stabil-stalram-58-x-29-x-99-cm-organisera-ditt-hem-smidigt-och-stilrent\/","og_site_name":"TRUUSK - Hem, Tr\u00e4dg\u00e5rd &amp; Fritid","article_modified_time":"2026-03-12T08:06:34+00:00","og_image":[{"width":2000,"height":2000,"url":"https:\/\/i0.wp.com\/truusk.se\/wp-content\/uploads\/2025\/08\/byra-med-5-hopfallbara-tyglador-hylla-stabil-stalram-58-x-29-x-99-cm-1.webp?fit=2000%2C2000&ssl=1","type":"image\/webp"}],"twitter_card":"summary_large_image","twitter_misc":{"Ber\u00e4knad l\u00e4stid":"1 minut"},"schema":{"@context":"https:\/\/schema.org","@graph":[{"@type":"WebPage","@id":"https:\/\/truusk.store\/sv\/produkt\/truusk-byra-med-5-hopfallbara-tyglador-stabil-stalram-58-x-29-x-99-cm-organisera-ditt-hem-smidigt-och-stilrent\/","url":"https:\/\/truusk.store\/sv\/produkt\/truusk-byra-med-5-hopfallbara-tyglador-stabil-stalram-58-x-29-x-99-cm-organisera-ditt-hem-smidigt-och-stilrent\/","name":"TRUUSK Byr\u00e5 Med 5 Hopf\u00e4llbara Tygl\u00e5dor - Stabil St\u00e5lram - 58 x 29 x 99 cm - Organisera Ditt Hem Smidigt och Stilrent - TRUUSK - Hem, Tr\u00e4dg\u00e5rd &amp; Fritid","isPartOf":{"@id":"https:\/\/truusk.store\/sv\/#website"},"primaryImageOfPage":{"@id":"https:\/\/truusk.store\/sv\/produkt\/truusk-byra-med-5-hopfallbara-tyglador-stabil-stalram-58-x-29-x-99-cm-organisera-ditt-hem-smidigt-och-stilrent\/#primaryimage"},"image":{"@id":"https:\/\/truusk.store\/sv\/produkt\/truusk-byra-med-5-hopfallbara-tyglador-stabil-stalram-58-x-29-x-99-cm-organisera-ditt-hem-smidigt-och-stilrent\/#primaryimage"},"thumbnailUrl":"https:\/\/i0.wp.com\/truusk.store\/wp-content\/uploads\/2025\/08\/byra-med-5-hopfallbara-tyglador-hylla-stabil-stalram-58-x-29-x-99-cm-1.webp?fit=2000%2C2000&ssl=1","datePublished":"2025-08-20T03:37:35+00:00","dateModified":"2026-03-12T08:06:34+00:00","breadcrumb":{"@id":"https:\/\/truusk.store\/sv\/produkt\/truusk-byra-med-5-hopfallbara-tyglador-stabil-stalram-58-x-29-x-99-cm-organisera-ditt-hem-smidigt-och-stilrent\/#breadcrumb"},"inLanguage":"sv-SE","potentialAction":[{"@type":"ReadAction","target":["https:\/\/truusk.store\/sv\/produkt\/truusk-byra-med-5-hopfallbara-tyglador-stabil-stalram-58-x-29-x-99-cm-organisera-ditt-hem-smidigt-och-stilrent\/"]}]},{"@type":"ImageObject","inLanguage":"sv-SE","@id":"https:\/\/truusk.store\/sv\/produkt\/truusk-byra-med-5-hopfallbara-tyglador-stabil-stalram-58-x-29-x-99-cm-organisera-ditt-hem-smidigt-och-stilrent\/#primaryimage","url":"https:\/\/i0.wp.com\/truusk.store\/wp-content\/uploads\/2025\/08\/byra-med-5-hopfallbara-tyglador-hylla-stabil-stalram-58-x-29-x-99-cm-1.webp?fit=2000%2C2000&ssl=1","contentUrl":"https:\/\/i0.wp.com\/truusk.store\/wp-content\/uploads\/2025\/08\/byra-med-5-hopfallbara-tyglador-hylla-stabil-stalram-58-x-29-x-99-cm-1.webp?fit=2000%2C2000&ssl=1","width":2000,"height":2000},{"@type":"BreadcrumbList","@id":"https:\/\/truusk.store\/sv\/produkt\/truusk-byra-med-5-hopfallbara-tyglador-stabil-stalram-58-x-29-x-99-cm-organisera-ditt-hem-smidigt-och-stilrent\/#breadcrumb","itemListElement":[{"@type":"ListItem","position":1,"name":"Home","item":"https:\/\/truusk.store\/sv\/"},{"@type":"ListItem","position":2,"name":"Shop","item":"https:\/\/truusk.store\/shop\/"},{"@type":"ListItem","position":3,"name":"TRUUSK Byr\u00e5 Med 5 Hopf\u00e4llbara Tygl\u00e5dor &#8211; Stabil St\u00e5lram &#8211; 58 x 29 x 99 cm &#8211; Organisera Ditt Hem Smidigt och Stilrent"}]},{"@type":"WebSite","@id":"https:\/\/truusk.store\/sv\/#website","url":"https:\/\/truusk.store\/sv\/","name":"TRUUSK - Hem, Tr\u00e4dg\u00e5rd & Fritid","description":"","publisher":{"@id":"https:\/\/truusk.store\/sv\/#organization"},"potentialAction":[{"@type":"SearchAction","target":{"@type":"EntryPoint","urlTemplate":"https:\/\/truusk.store\/sv\/?s={search_term_string}"},"query-input":{"@type":"PropertyValueSpecification","valueRequired":true,"valueName":"search_term_string"}}],"inLanguage":"sv-SE"},{"@type":"Organization","@id":"https:\/\/truusk.store\/sv\/#organization","name":"TRUUSK - Hem, Tr\u00e4dg\u00e5rd & Fritid","url":"https:\/\/truusk.store\/sv\/","logo":{"@type":"ImageObject","inLanguage":"sv-SE","@id":"https:\/\/truusk.store\/sv\/#\/schema\/logo\/image\/","url":"https:\/\/i0.wp.com\/truusk.store\/wp-content\/uploads\/2026\/03\/cropped-TRUUSK.png?fit=2032%2C917&ssl=1","contentUrl":"https:\/\/i0.wp.com\/truusk.store\/wp-content\/uploads\/2026\/03\/cropped-TRUUSK.png?fit=2032%2C917&ssl=1","width":2032,"height":917,"caption":"TRUUSK - Hem, Tr\u00e4dg\u00e5rd & Fritid"},"image":{"@id":"https:\/\/truusk.store\/sv\/#\/schema\/logo\/image\/"}}]}},"jetpack_sharing_enabled":true,"_links":{"self":[{"href":"https:\/\/truusk.store\/sv\/wp-json\/wp\/v2\/product\/86409","targetHints":{"allow":["GET"]}}],"collection":[{"href":"https:\/\/truusk.store\/sv\/wp-json\/wp\/v2\/product"}],"about":[{"href":"https:\/\/truusk.store\/sv\/wp-json\/wp\/v2\/types\/product"}],"wp:featuredmedia":[{"embeddable":true,"href":"https:\/\/truusk.store\/sv\/wp-json\/wp\/v2\/media\/86400"}],"wp:attachment":[{"href":"https:\/\/truusk.store\/sv\/wp-json\/wp\/v2\/media?parent=86409"}],"wp:term":[{"taxonomy":"product_brand","embeddable":true,"href":"https:\/\/truusk.store\/sv\/wp-json\/wp\/v2\/product_brand?post=86409"},{"taxonomy":"product_cat","embeddable":true,"href":"https:\/\/truusk.store\/sv\/wp-json\/wp\/v2\/product_cat?post=86409"},{"taxonomy":"product_tag","embeddable":true,"href":"https:\/\/truusk.store\/sv\/wp-json\/wp\/v2\/product_tag?post=86409"}],"curies":[{"name":"wp","href":"https:\/\/api.w.org\/{rel}","templated":true}]}}