{"id":86429,"date":"2025-08-20T04:39:32","date_gmt":"2025-08-20T03:39:32","guid":{"rendered":"https:\/\/truusk.store\/product\/konstgjord-julgran-180-cm-tall-med-724-grenar-metallstall-for-inomhus\/"},"modified":"2026-03-12T09:07:18","modified_gmt":"2026-03-12T08:07:18","slug":"truusk-konstgjord-julgran-180-cm-724-grenar-metallstall-for-inomhus","status":"publish","type":"product","link":"https:\/\/truusk.store\/sv\/produkt\/truusk-konstgjord-julgran-180-cm-724-grenar-metallstall-for-inomhus\/","title":{"rendered":"TRUUSK Konstgjord Julgran 180 cm &#8211; 724 grenar &#8211; Metallst\u00e4ll &#8211; F\u00f6r inomhus"},"content":{"rendered":"<p>Har du n\u00e5gonsin \u00f6verv\u00e4gt att k\u00f6pa ett riktigt julgran eftersom m\u00e5nga konstgjorda tr\u00e4d helt enkelt inte ser \u00e4kta ut? Du \u00e4r p\u00e5 r\u00e4tt plats. TRUUSK konstgjorda julgran utstr\u00e5lar naturlig sk\u00f6nhet med sin fluffiga tallutseende och olika formade blad. Metallramen p\u00e5 julgranen \u00e4r mycket l\u00e4tt att montera och demontera. V\u00e4nta inte l\u00e4ngre!<\/p>\n<p>Beskrivning:<\/p>\n<ul>\n<li> 180 cm h\u00f6g julgran med mycket realistiskt utseende<\/li>\n<li> Med 724 grenar i tv\u00e5 olika utf\u00f6randen: rundade och spetsiga<\/li>\n<li> St\u00e4llningen f\u00f6r julgranen \u00e4r avtagbar och hopf\u00e4llbar f\u00f6r att underl\u00e4tta f\u00f6rvaring<\/li>\n<li> Basen och metallst\u00f6det f\u00f6r julgranen ger mer stabilitet och h\u00e5llbarhet<\/li>\n<li> De h\u00f6ga grenarna \u00e4r brands\u00e4kra f\u00f6r att erbjuda mer s\u00e4kerhet<\/li>\n<li> Endast l\u00e4mplig f\u00f6r inomhusbruk, inte f\u00f6r utomhusbruk<\/li>\n<li> Dekorationer ing\u00e5r inte<\/li>\n<li> Obs: F\u00f6r ett mer realistiskt utseende, sprid ut alla toppar individuellt, detta tar cirka 25-30 minuter<\/li>\n<\/ul>\n<p> Tekniska data:<\/p>\n<ul>\n<li> F\u00e4rg: Gr\u00f6n<\/li>\n<li> Material: Plast, st\u00e5l<\/li>\n<li> Totala dimensioner: \u00d890 x 180H cm<\/li>\n<li> Antal toppar: 724<\/li>\n<\/ul>\n<p>Leveransinneh\u00e5ll:<\/p>\n<ul>\n<li> 1 x Julgran<\/li>\n<li> 1 x St\u00e4llning<\/li>\n<li> 1 x Bruksanvisning<\/li>\n<\/ul>\n","protected":false},"excerpt":{"rendered":"<p>Har du n\u00e5gonsin \u00f6verv\u00e4gt att k\u00f6pa ett riktigt julgran eftersom m\u00e5nga konstgjorda tr\u00e4d helt enkelt inte ser \u00e4kta ut? Du&#8230;<\/p>\n","protected":false},"featured_media":86420,"template":"","meta":[],"product_brand":[],"product_cat":[706,709,894],"product_tag":[],"class_list":{"0":"post-86429","1":"product","2":"type-product","3":"status-publish","4":"has-post-thumbnail","6":"product_cat-julgranar","7":"product_cat-julgranar-over-180cm","8":"product_cat-julvarld","10":"first","11":"instock","12":"sale","13":"taxable","14":"shipping-taxable","15":"purchasable","16":"product-type-simple"},"yoast_head":"<!-- This site is optimized with the Yoast SEO plugin v25.4 - https:\/\/yoast.com\/wordpress\/plugins\/seo\/ -->\n<title>TRUUSK Konstgjord Julgran 180 cm - 724 grenar - Metallst\u00e4ll - F\u00f6r inomhus - TRUUSK - Hem, Tr\u00e4dg\u00e5rd &amp; Fritid<\/title>\n<meta name=\"robots\" content=\"index, follow, max-snippet:-1, max-image-preview:large, max-video-preview:-1\" \/>\n<link rel=\"canonical\" href=\"https:\/\/truusk.store\/sv\/produkt\/truusk-konstgjord-julgran-180-cm-724-grenar-metallstall-for-inomhus\/\" \/>\n<meta property=\"og:locale\" content=\"sv_SE\" \/>\n<meta property=\"og:type\" content=\"article\" \/>\n<meta property=\"og:title\" content=\"TRUUSK Konstgjord Julgran 180 cm - 724 grenar - Metallst\u00e4ll - F\u00f6r inomhus - TRUUSK - Hem, Tr\u00e4dg\u00e5rd &amp; Fritid\" \/>\n<meta property=\"og:description\" content=\"Har du n\u00e5gonsin \u00f6verv\u00e4gt att k\u00f6pa ett riktigt julgran eftersom m\u00e5nga konstgjorda tr\u00e4d helt enkelt inte ser \u00e4kta ut? Du...\" \/>\n<meta property=\"og:url\" content=\"https:\/\/truusk.store\/sv\/produkt\/truusk-konstgjord-julgran-180-cm-724-grenar-metallstall-for-inomhus\/\" \/>\n<meta property=\"og:site_name\" content=\"TRUUSK - Hem, Tr\u00e4dg\u00e5rd &amp; Fritid\" \/>\n<meta property=\"article:modified_time\" content=\"2026-03-12T08:07:18+00:00\" \/>\n<meta property=\"og:image\" content=\"https:\/\/i0.wp.com\/truusk.se\/wp-content\/uploads\/2025\/08\/konstgjord-julgran-180-cm-tall-med-724-grenar-metallstall-for-inomhus-1.webp?fit=2000%2C2000&ssl=1\" \/>\n\t<meta property=\"og:image:width\" content=\"2000\" \/>\n\t<meta property=\"og:image:height\" content=\"2000\" \/>\n\t<meta property=\"og:image:type\" content=\"image\/webp\" \/>\n<meta name=\"twitter:card\" content=\"summary_large_image\" \/>\n<meta name=\"twitter:label1\" content=\"Ber\u00e4knad l\u00e4stid\" \/>\n\t<meta name=\"twitter:data1\" content=\"1 minut\" \/>\n<!-- \/ Yoast SEO plugin. -->","yoast_head_json":{"title":"TRUUSK Konstgjord Julgran 180 cm - 724 grenar - Metallst\u00e4ll - F\u00f6r inomhus - TRUUSK - Hem, Tr\u00e4dg\u00e5rd &amp; Fritid","robots":{"index":"index","follow":"follow","max-snippet":"max-snippet:-1","max-image-preview":"max-image-preview:large","max-video-preview":"max-video-preview:-1"},"canonical":"https:\/\/truusk.store\/sv\/produkt\/truusk-konstgjord-julgran-180-cm-724-grenar-metallstall-for-inomhus\/","og_locale":"sv_SE","og_type":"article","og_title":"TRUUSK Konstgjord Julgran 180 cm - 724 grenar - Metallst\u00e4ll - F\u00f6r inomhus - TRUUSK - Hem, Tr\u00e4dg\u00e5rd &amp; Fritid","og_description":"Har du n\u00e5gonsin \u00f6verv\u00e4gt att k\u00f6pa ett riktigt julgran eftersom m\u00e5nga konstgjorda tr\u00e4d helt enkelt inte ser \u00e4kta ut? Du...","og_url":"https:\/\/truusk.store\/sv\/produkt\/truusk-konstgjord-julgran-180-cm-724-grenar-metallstall-for-inomhus\/","og_site_name":"TRUUSK - Hem, Tr\u00e4dg\u00e5rd &amp; Fritid","article_modified_time":"2026-03-12T08:07:18+00:00","og_image":[{"width":2000,"height":2000,"url":"https:\/\/i0.wp.com\/truusk.se\/wp-content\/uploads\/2025\/08\/konstgjord-julgran-180-cm-tall-med-724-grenar-metallstall-for-inomhus-1.webp?fit=2000%2C2000&ssl=1","type":"image\/webp"}],"twitter_card":"summary_large_image","twitter_misc":{"Ber\u00e4knad l\u00e4stid":"1 minut"},"schema":{"@context":"https:\/\/schema.org","@graph":[{"@type":"WebPage","@id":"https:\/\/truusk.store\/sv\/produkt\/truusk-konstgjord-julgran-180-cm-724-grenar-metallstall-for-inomhus\/","url":"https:\/\/truusk.store\/sv\/produkt\/truusk-konstgjord-julgran-180-cm-724-grenar-metallstall-for-inomhus\/","name":"TRUUSK Konstgjord Julgran 180 cm - 724 grenar - Metallst\u00e4ll - F\u00f6r inomhus - TRUUSK - Hem, Tr\u00e4dg\u00e5rd &amp; Fritid","isPartOf":{"@id":"https:\/\/truusk.store\/sv\/#website"},"primaryImageOfPage":{"@id":"https:\/\/truusk.store\/sv\/produkt\/truusk-konstgjord-julgran-180-cm-724-grenar-metallstall-for-inomhus\/#primaryimage"},"image":{"@id":"https:\/\/truusk.store\/sv\/produkt\/truusk-konstgjord-julgran-180-cm-724-grenar-metallstall-for-inomhus\/#primaryimage"},"thumbnailUrl":"https:\/\/i0.wp.com\/truusk.store\/wp-content\/uploads\/2025\/08\/konstgjord-julgran-180-cm-tall-med-724-grenar-metallstall-for-inomhus-1.webp?fit=2000%2C2000&ssl=1","datePublished":"2025-08-20T03:39:32+00:00","dateModified":"2026-03-12T08:07:18+00:00","breadcrumb":{"@id":"https:\/\/truusk.store\/sv\/produkt\/truusk-konstgjord-julgran-180-cm-724-grenar-metallstall-for-inomhus\/#breadcrumb"},"inLanguage":"sv-SE","potentialAction":[{"@type":"ReadAction","target":["https:\/\/truusk.store\/sv\/produkt\/truusk-konstgjord-julgran-180-cm-724-grenar-metallstall-for-inomhus\/"]}]},{"@type":"ImageObject","inLanguage":"sv-SE","@id":"https:\/\/truusk.store\/sv\/produkt\/truusk-konstgjord-julgran-180-cm-724-grenar-metallstall-for-inomhus\/#primaryimage","url":"https:\/\/i0.wp.com\/truusk.store\/wp-content\/uploads\/2025\/08\/konstgjord-julgran-180-cm-tall-med-724-grenar-metallstall-for-inomhus-1.webp?fit=2000%2C2000&ssl=1","contentUrl":"https:\/\/i0.wp.com\/truusk.store\/wp-content\/uploads\/2025\/08\/konstgjord-julgran-180-cm-tall-med-724-grenar-metallstall-for-inomhus-1.webp?fit=2000%2C2000&ssl=1","width":2000,"height":2000},{"@type":"BreadcrumbList","@id":"https:\/\/truusk.store\/sv\/produkt\/truusk-konstgjord-julgran-180-cm-724-grenar-metallstall-for-inomhus\/#breadcrumb","itemListElement":[{"@type":"ListItem","position":1,"name":"Home","item":"https:\/\/truusk.store\/sv\/"},{"@type":"ListItem","position":2,"name":"Shop","item":"https:\/\/truusk.store\/shop\/"},{"@type":"ListItem","position":3,"name":"TRUUSK Konstgjord Julgran 180 cm &#8211; 724 grenar &#8211; Metallst\u00e4ll &#8211; F\u00f6r inomhus"}]},{"@type":"WebSite","@id":"https:\/\/truusk.store\/sv\/#website","url":"https:\/\/truusk.store\/sv\/","name":"TRUUSK - Hem, Tr\u00e4dg\u00e5rd & Fritid","description":"","publisher":{"@id":"https:\/\/truusk.store\/sv\/#organization"},"potentialAction":[{"@type":"SearchAction","target":{"@type":"EntryPoint","urlTemplate":"https:\/\/truusk.store\/sv\/?s={search_term_string}"},"query-input":{"@type":"PropertyValueSpecification","valueRequired":true,"valueName":"search_term_string"}}],"inLanguage":"sv-SE"},{"@type":"Organization","@id":"https:\/\/truusk.store\/sv\/#organization","name":"TRUUSK - Hem, Tr\u00e4dg\u00e5rd & Fritid","url":"https:\/\/truusk.store\/sv\/","logo":{"@type":"ImageObject","inLanguage":"sv-SE","@id":"https:\/\/truusk.store\/sv\/#\/schema\/logo\/image\/","url":"https:\/\/i0.wp.com\/truusk.store\/wp-content\/uploads\/2026\/03\/cropped-TRUUSK.png?fit=2032%2C917&ssl=1","contentUrl":"https:\/\/i0.wp.com\/truusk.store\/wp-content\/uploads\/2026\/03\/cropped-TRUUSK.png?fit=2032%2C917&ssl=1","width":2032,"height":917,"caption":"TRUUSK - Hem, Tr\u00e4dg\u00e5rd & Fritid"},"image":{"@id":"https:\/\/truusk.store\/sv\/#\/schema\/logo\/image\/"}}]}},"jetpack_sharing_enabled":true,"_links":{"self":[{"href":"https:\/\/truusk.store\/sv\/wp-json\/wp\/v2\/product\/86429","targetHints":{"allow":["GET"]}}],"collection":[{"href":"https:\/\/truusk.store\/sv\/wp-json\/wp\/v2\/product"}],"about":[{"href":"https:\/\/truusk.store\/sv\/wp-json\/wp\/v2\/types\/product"}],"wp:featuredmedia":[{"embeddable":true,"href":"https:\/\/truusk.store\/sv\/wp-json\/wp\/v2\/media\/86420"}],"wp:attachment":[{"href":"https:\/\/truusk.store\/sv\/wp-json\/wp\/v2\/media?parent=86429"}],"wp:term":[{"taxonomy":"product_brand","embeddable":true,"href":"https:\/\/truusk.store\/sv\/wp-json\/wp\/v2\/product_brand?post=86429"},{"taxonomy":"product_cat","embeddable":true,"href":"https:\/\/truusk.store\/sv\/wp-json\/wp\/v2\/product_cat?post=86429"},{"taxonomy":"product_tag","embeddable":true,"href":"https:\/\/truusk.store\/sv\/wp-json\/wp\/v2\/product_tag?post=86429"}],"curies":[{"name":"wp","href":"https:\/\/api.w.org\/{rel}","templated":true}]}}