{"id":8644,"date":"2024-02-13T09:24:01","date_gmt":"2024-02-13T08:24:01","guid":{"rendered":"https:\/\/truusk.store\/product\/hundgrind-sparrgrind-skyddsgrind-for-husdjur-74-1475-cm-hundgrind-inklusive-3-olika-forlangningar-trappgrind-utan-borrning-metall-plast-svart\/"},"modified":"2026-03-12T08:55:49","modified_gmt":"2026-03-12T07:55:49","slug":"truusk-hundgrind-justerbar-74-1475-cm-inkl-3-forlangningar-trappgrind-utan-borrning-metall-och-plast-svart","status":"publish","type":"product","link":"https:\/\/truusk.store\/sv\/produkt\/truusk-hundgrind-justerbar-74-1475-cm-inkl-3-forlangningar-trappgrind-utan-borrning-metall-och-plast-svart\/","title":{"rendered":"TRUUSK Hundgrind &#8211; Justerbar 74-147,5 cm &#8211; Inkl 3 f\u00f6rl\u00e4ngningar &#8211; Trappgrind utan borrning &#8211; Metall och plast &#8211; Svart"},"content":{"rendered":"<p>Denna barngrind \u00e4r utm\u00e4rkt f\u00f6r att h\u00e5lla dina husdjur inomhus genom att anv\u00e4nda den framf\u00f6r d\u00f6rren f\u00f6r att h\u00e5lla husdjuren inomhus. Det \u00e4r ocks\u00e5 ett bra s\u00e4kerhetsf\u00f6rem\u00e5l om du vill skilja dina husdjur fr\u00e5n barn i huset. Gallret \u00e4r tillverkat av behandlat j\u00e4rn f\u00f6r att s\u00e4kerst\u00e4lla stabilitet och h\u00e5llbarhet. Gallret \u00e4r f\u00f6rsett med f\u00f6rl\u00e4ngningar och justerskruvar;<\/p>\n<h3>Beskrivning:<\/h3>\n<ul>\n<li>Tryck- och lyfthandtaget m\u00f6jligg\u00f6r enkel och snabb in- och urstigning<\/li>\n<li>Tillverkad av behandlat j\u00e4rn f\u00f6r styrka och h\u00e5llbarhet<\/li>\n<li>Intelligent l\u00e5sdesign ger dig mer bekv\u00e4mlighet<\/li>\n<li>Perfekt f\u00f6r hush\u00e5ll med husdjur<\/li>\n<li>Den maximala f\u00f6rl\u00e4ngningsl\u00e4ngden \u00e4r upp till 147,5 cm<\/li>\n<li>L\u00e4tt vikt och platsbesparande<\/li>\n<li>L\u00e4mplig f\u00f6r d\u00f6rr\u00f6ppningar, korridorer, trappor, etc.<\/li>\n<li>Montering kr\u00e4vs<\/li>\n<\/ul>\n<h3>Teknisk data:<\/h3>\n<ul>\n<li>Material: metall, plast<\/li>\n<li>Svart f\u00e4rg<\/li>\n<li>\u00d6vergripande m\u00e5tt: 136,3 W x 76,2 H cm (utan f\u00f6rl\u00e4ngning)<\/li>\n<li>M\u00e5tt p\u00e5 f\u00f6rl\u00e4ngningarna: 17,5W x 76,2H cm, 20,3W x 76,2H cm, 30,5W x 76,2H cm<\/li>\n<li>Entr\u00e9bredd: 49 cm<\/li>\n<li>Staketets avst\u00e5nd: 5 cm<\/li>\n<li>Nettovikt: 6kg<\/li>\n<\/ul>\n<h3>Leveransens omfattning:<\/h3>\n<ul>\n<li>1 x skyddsd\u00f6rr<\/li>\n<li>4 x justeringsskruvar<\/li>\n<li>4 x runda dubbelh\u00e4ftande tejper<\/li>\n<li>4 x skruvar<\/li>\n<li>3 x f\u00f6rl\u00e4ngningar<\/li>\n<li>1 x Instruktioner<\/li>\n<\/ul>\n","protected":false},"excerpt":{"rendered":"<p>Denna barngrind \u00e4r utm\u00e4rkt f\u00f6r att h\u00e5lla dina husdjur inomhus genom att anv\u00e4nda den framf\u00f6r d\u00f6rren f\u00f6r att h\u00e5lla husdjuren&#8230;<\/p>\n","protected":false},"featured_media":8645,"template":"","meta":[],"product_brand":[],"product_cat":[577,574,573],"product_tag":[],"class_list":{"0":"post-8644","1":"product","2":"type-product","3":"status-publish","4":"has-post-thumbnail","6":"product_cat-hundgrindar-avdelare","7":"product_cat-hundtillbehor","8":"product_cat-husdjursmaterial","10":"first","11":"instock","12":"sale","13":"taxable","14":"shipping-taxable","15":"purchasable","16":"product-type-simple"},"yoast_head":"<!-- This site is optimized with the Yoast SEO plugin v25.4 - https:\/\/yoast.com\/wordpress\/plugins\/seo\/ -->\n<title>TRUUSK Hundgrind - Justerbar 74-147,5 cm - Inkl 3 f\u00f6rl\u00e4ngningar - Trappgrind utan borrning - Metall och plast - Svart - TRUUSK - Hem, Tr\u00e4dg\u00e5rd &amp; Fritid<\/title>\n<meta name=\"robots\" content=\"index, follow, max-snippet:-1, max-image-preview:large, max-video-preview:-1\" \/>\n<link rel=\"canonical\" href=\"https:\/\/truusk.store\/sv\/produkt\/truusk-hundgrind-justerbar-74-1475-cm-inkl-3-forlangningar-trappgrind-utan-borrning-metall-och-plast-svart\/\" \/>\n<meta property=\"og:locale\" content=\"sv_SE\" \/>\n<meta property=\"og:type\" content=\"article\" \/>\n<meta property=\"og:title\" content=\"TRUUSK Hundgrind - Justerbar 74-147,5 cm - Inkl 3 f\u00f6rl\u00e4ngningar - Trappgrind utan borrning - Metall och plast - Svart - TRUUSK - Hem, Tr\u00e4dg\u00e5rd &amp; Fritid\" \/>\n<meta property=\"og:description\" content=\"Denna barngrind \u00e4r utm\u00e4rkt f\u00f6r att h\u00e5lla dina husdjur inomhus genom att anv\u00e4nda den framf\u00f6r d\u00f6rren f\u00f6r att h\u00e5lla husdjuren...\" \/>\n<meta property=\"og:url\" content=\"https:\/\/truusk.store\/sv\/produkt\/truusk-hundgrind-justerbar-74-1475-cm-inkl-3-forlangningar-trappgrind-utan-borrning-metall-och-plast-svart\/\" \/>\n<meta property=\"og:site_name\" content=\"TRUUSK - Hem, Tr\u00e4dg\u00e5rd &amp; Fritid\" \/>\n<meta property=\"article:modified_time\" content=\"2026-03-12T07:55:49+00:00\" \/>\n<meta property=\"og:image\" content=\"https:\/\/i0.wp.com\/truusk.se\/wp-content\/uploads\/2024\/02\/hundgrind-sparrgrind-skyddsgrind-for-husdjur-74-1475-cm-hundgrind-inklusive-3-olika-forlangningar-trappgrind-utan-borrning-metall-plast-svart.webp?fit=800%2C800&ssl=1\" \/>\n\t<meta property=\"og:image:width\" content=\"800\" \/>\n\t<meta property=\"og:image:height\" content=\"800\" \/>\n\t<meta property=\"og:image:type\" content=\"image\/webp\" \/>\n<meta name=\"twitter:card\" content=\"summary_large_image\" \/>\n<meta name=\"twitter:label1\" content=\"Ber\u00e4knad l\u00e4stid\" \/>\n\t<meta name=\"twitter:data1\" content=\"1 minut\" \/>\n<!-- \/ Yoast SEO plugin. -->","yoast_head_json":{"title":"TRUUSK Hundgrind - Justerbar 74-147,5 cm - Inkl 3 f\u00f6rl\u00e4ngningar - Trappgrind utan borrning - Metall och plast - Svart - TRUUSK - Hem, Tr\u00e4dg\u00e5rd &amp; Fritid","robots":{"index":"index","follow":"follow","max-snippet":"max-snippet:-1","max-image-preview":"max-image-preview:large","max-video-preview":"max-video-preview:-1"},"canonical":"https:\/\/truusk.store\/sv\/produkt\/truusk-hundgrind-justerbar-74-1475-cm-inkl-3-forlangningar-trappgrind-utan-borrning-metall-och-plast-svart\/","og_locale":"sv_SE","og_type":"article","og_title":"TRUUSK Hundgrind - Justerbar 74-147,5 cm - Inkl 3 f\u00f6rl\u00e4ngningar - Trappgrind utan borrning - Metall och plast - Svart - TRUUSK - Hem, Tr\u00e4dg\u00e5rd &amp; Fritid","og_description":"Denna barngrind \u00e4r utm\u00e4rkt f\u00f6r att h\u00e5lla dina husdjur inomhus genom att anv\u00e4nda den framf\u00f6r d\u00f6rren f\u00f6r att h\u00e5lla husdjuren...","og_url":"https:\/\/truusk.store\/sv\/produkt\/truusk-hundgrind-justerbar-74-1475-cm-inkl-3-forlangningar-trappgrind-utan-borrning-metall-och-plast-svart\/","og_site_name":"TRUUSK - Hem, Tr\u00e4dg\u00e5rd &amp; Fritid","article_modified_time":"2026-03-12T07:55:49+00:00","og_image":[{"width":800,"height":800,"url":"https:\/\/i0.wp.com\/truusk.se\/wp-content\/uploads\/2024\/02\/hundgrind-sparrgrind-skyddsgrind-for-husdjur-74-1475-cm-hundgrind-inklusive-3-olika-forlangningar-trappgrind-utan-borrning-metall-plast-svart.webp?fit=800%2C800&ssl=1","type":"image\/webp"}],"twitter_card":"summary_large_image","twitter_misc":{"Ber\u00e4knad l\u00e4stid":"1 minut"},"schema":{"@context":"https:\/\/schema.org","@graph":[{"@type":"WebPage","@id":"https:\/\/truusk.store\/sv\/produkt\/truusk-hundgrind-justerbar-74-1475-cm-inkl-3-forlangningar-trappgrind-utan-borrning-metall-och-plast-svart\/","url":"https:\/\/truusk.store\/sv\/produkt\/truusk-hundgrind-justerbar-74-1475-cm-inkl-3-forlangningar-trappgrind-utan-borrning-metall-och-plast-svart\/","name":"TRUUSK Hundgrind - Justerbar 74-147,5 cm - Inkl 3 f\u00f6rl\u00e4ngningar - Trappgrind utan borrning - Metall och plast - Svart - TRUUSK - Hem, Tr\u00e4dg\u00e5rd &amp; Fritid","isPartOf":{"@id":"https:\/\/truusk.store\/sv\/#website"},"primaryImageOfPage":{"@id":"https:\/\/truusk.store\/sv\/produkt\/truusk-hundgrind-justerbar-74-1475-cm-inkl-3-forlangningar-trappgrind-utan-borrning-metall-och-plast-svart\/#primaryimage"},"image":{"@id":"https:\/\/truusk.store\/sv\/produkt\/truusk-hundgrind-justerbar-74-1475-cm-inkl-3-forlangningar-trappgrind-utan-borrning-metall-och-plast-svart\/#primaryimage"},"thumbnailUrl":"https:\/\/i0.wp.com\/truusk.store\/wp-content\/uploads\/2024\/02\/hundgrind-sparrgrind-skyddsgrind-for-husdjur-74-1475-cm-hundgrind-inklusive-3-olika-forlangningar-trappgrind-utan-borrning-metall-plast-svart.webp?fit=800%2C800&ssl=1","datePublished":"2024-02-13T08:24:01+00:00","dateModified":"2026-03-12T07:55:49+00:00","breadcrumb":{"@id":"https:\/\/truusk.store\/sv\/produkt\/truusk-hundgrind-justerbar-74-1475-cm-inkl-3-forlangningar-trappgrind-utan-borrning-metall-och-plast-svart\/#breadcrumb"},"inLanguage":"sv-SE","potentialAction":[{"@type":"ReadAction","target":["https:\/\/truusk.store\/sv\/produkt\/truusk-hundgrind-justerbar-74-1475-cm-inkl-3-forlangningar-trappgrind-utan-borrning-metall-och-plast-svart\/"]}]},{"@type":"ImageObject","inLanguage":"sv-SE","@id":"https:\/\/truusk.store\/sv\/produkt\/truusk-hundgrind-justerbar-74-1475-cm-inkl-3-forlangningar-trappgrind-utan-borrning-metall-och-plast-svart\/#primaryimage","url":"https:\/\/i0.wp.com\/truusk.store\/wp-content\/uploads\/2024\/02\/hundgrind-sparrgrind-skyddsgrind-for-husdjur-74-1475-cm-hundgrind-inklusive-3-olika-forlangningar-trappgrind-utan-borrning-metall-plast-svart.webp?fit=800%2C800&ssl=1","contentUrl":"https:\/\/i0.wp.com\/truusk.store\/wp-content\/uploads\/2024\/02\/hundgrind-sparrgrind-skyddsgrind-for-husdjur-74-1475-cm-hundgrind-inklusive-3-olika-forlangningar-trappgrind-utan-borrning-metall-plast-svart.webp?fit=800%2C800&ssl=1","width":800,"height":800,"caption":"Hundgrind, Sp\u00e4rrgrind, Skyddsgrind F\u00f6r Husdjur, 74-147,5 Cm, Hundgrind Inklusive 3 Olika F\u00f6rl\u00e4ngningar, Trappgrind Utan Borrning, Metall, Plast, Svart 1"},{"@type":"BreadcrumbList","@id":"https:\/\/truusk.store\/sv\/produkt\/truusk-hundgrind-justerbar-74-1475-cm-inkl-3-forlangningar-trappgrind-utan-borrning-metall-och-plast-svart\/#breadcrumb","itemListElement":[{"@type":"ListItem","position":1,"name":"Home","item":"https:\/\/truusk.store\/sv\/"},{"@type":"ListItem","position":2,"name":"Shop","item":"https:\/\/truusk.store\/shop\/"},{"@type":"ListItem","position":3,"name":"TRUUSK Hundgrind &#8211; Justerbar 74-147,5 cm &#8211; Inkl 3 f\u00f6rl\u00e4ngningar &#8211; Trappgrind utan borrning &#8211; Metall och plast &#8211; Svart"}]},{"@type":"WebSite","@id":"https:\/\/truusk.store\/sv\/#website","url":"https:\/\/truusk.store\/sv\/","name":"TRUUSK - Hem, Tr\u00e4dg\u00e5rd & Fritid","description":"","publisher":{"@id":"https:\/\/truusk.store\/sv\/#organization"},"potentialAction":[{"@type":"SearchAction","target":{"@type":"EntryPoint","urlTemplate":"https:\/\/truusk.store\/sv\/?s={search_term_string}"},"query-input":{"@type":"PropertyValueSpecification","valueRequired":true,"valueName":"search_term_string"}}],"inLanguage":"sv-SE"},{"@type":"Organization","@id":"https:\/\/truusk.store\/sv\/#organization","name":"TRUUSK - Hem, Tr\u00e4dg\u00e5rd & Fritid","url":"https:\/\/truusk.store\/sv\/","logo":{"@type":"ImageObject","inLanguage":"sv-SE","@id":"https:\/\/truusk.store\/sv\/#\/schema\/logo\/image\/","url":"https:\/\/i0.wp.com\/truusk.store\/wp-content\/uploads\/2026\/03\/cropped-TRUUSK.png?fit=2032%2C917&ssl=1","contentUrl":"https:\/\/i0.wp.com\/truusk.store\/wp-content\/uploads\/2026\/03\/cropped-TRUUSK.png?fit=2032%2C917&ssl=1","width":2032,"height":917,"caption":"TRUUSK - Hem, Tr\u00e4dg\u00e5rd & Fritid"},"image":{"@id":"https:\/\/truusk.store\/sv\/#\/schema\/logo\/image\/"}}]}},"jetpack_sharing_enabled":true,"_links":{"self":[{"href":"https:\/\/truusk.store\/sv\/wp-json\/wp\/v2\/product\/8644","targetHints":{"allow":["GET"]}}],"collection":[{"href":"https:\/\/truusk.store\/sv\/wp-json\/wp\/v2\/product"}],"about":[{"href":"https:\/\/truusk.store\/sv\/wp-json\/wp\/v2\/types\/product"}],"wp:featuredmedia":[{"embeddable":true,"href":"https:\/\/truusk.store\/sv\/wp-json\/wp\/v2\/media\/8645"}],"wp:attachment":[{"href":"https:\/\/truusk.store\/sv\/wp-json\/wp\/v2\/media?parent=8644"}],"wp:term":[{"taxonomy":"product_brand","embeddable":true,"href":"https:\/\/truusk.store\/sv\/wp-json\/wp\/v2\/product_brand?post=8644"},{"taxonomy":"product_cat","embeddable":true,"href":"https:\/\/truusk.store\/sv\/wp-json\/wp\/v2\/product_cat?post=8644"},{"taxonomy":"product_tag","embeddable":true,"href":"https:\/\/truusk.store\/sv\/wp-json\/wp\/v2\/product_tag?post=8644"}],"curies":[{"name":"wp","href":"https:\/\/api.w.org\/{rel}","templated":true}]}}