{"id":86459,"date":"2025-08-20T04:42:34","date_gmt":"2025-08-20T03:42:34","guid":{"rendered":"https:\/\/truusk.store\/product\/stepper-fitnessutrustning-lcd-skarm-halkfria-pedaler-stal-och-abs-55x44x108-cm-upp-till-100-kg\/"},"modified":"2026-03-12T09:08:20","modified_gmt":"2026-03-12T08:08:20","slug":"truusk-stepper-fitnessutrustning-lcd-skarm-halkfria-pedaler-stal-och-abs-55x44x108-cm-upp-till-100-kg","status":"publish","type":"product","link":"https:\/\/truusk.store\/sv\/produkt\/truusk-stepper-fitnessutrustning-lcd-skarm-halkfria-pedaler-stal-och-abs-55x44x108-cm-upp-till-100-kg\/","title":{"rendered":"TRUUSK Stepper Fitnessutrustning &#8211; LCD-sk\u00e4rm &#8211; Halkfria Pedaler &#8211; St\u00e5l Och ABS &#8211; 55x44x108 Cm &#8211; Upp Till 100 Kg"},"content":{"rendered":"<p>Upplev en effektiv och skonsam underkroppstr\u00e4ning med TRUUSK Stepper. St\u00e4rk dina vader, l\u00e5r och skinkor samtidigt som du br\u00e4nner kalorier och \u00f6kar din uth\u00e5llighet. Det bekv\u00e4ma handtaget och den mycket stabila st\u00e5lramen ger dig p\u00e5litligt st\u00f6d vid varje steg. Halkfria pedaler ger s\u00e4kerhet, och den praktiska LCD-sk\u00e4rmen visar antal steg, tid och kalorier. Perfekt f\u00f6r din hemtr\u00e4ning &#8211; b\u00f6rja nu!<\/p>\n<p>Beskrivning:<\/p>\n<ul>\n<li> Effektiv och skonsam tr\u00e4ning av underkroppen: vader, l\u00e5r och skinkor f\u00e5r mer styrka, stabilitet, uth\u00e5llighet och en vackrare form, samtidigt som du effektivt br\u00e4nner kalorier<\/li>\n<li> LCD-sk\u00e4rmen visar tid, antal steg och br\u00e4nda kalorier<\/li>\n<li> Halkfria, st\u00f6td\u00e4mpande pedaler skyddar dina leder och ger mer s\u00e4kerhet<\/li>\n<li> L\u00e4mplig f\u00f6r anv\u00e4ndning hemma eller p\u00e5 gymmet<\/li>\n<li> Maximal belastning: 100 kg, montering kr\u00e4vs<\/li>\n<\/ul>\n<p> Tekniska data:<\/p>\n<ul>\n<li> F\u00e4rg: Bl\u00e5+Svart<\/li>\n<li> Material: St\u00e5l, ABS<\/li>\n<li> Totala dimensioner: 55L x 44B x 108H cm<\/li>\n<li> M\u00e5tt per pedal: 32L x 11B cm<\/li>\n<li> Handtagets m\u00e5tt: 44B x 108H cm<\/li>\n<li> Stegomr\u00e5de: 12-30 cm<\/li>\n<li> Belastningskapacitet: 100 kg<\/li>\n<\/ul>\n<p>Leveransinneh\u00e5ll:<\/p>\n<ul>\n<li> 1 x Stepper<\/li>\n<li> 1 x Bruksanvisning<\/li>\n<\/ul>\n","protected":false},"excerpt":{"rendered":"<p>Upplev en effektiv och skonsam underkroppstr\u00e4ning med TRUUSK Stepper. St\u00e4rk dina vader, l\u00e5r och skinkor samtidigt som du br\u00e4nner kalorier&#8230;<\/p>\n","protected":false},"featured_media":86450,"template":"","meta":[],"product_brand":[],"product_cat":[980,647,971],"product_tag":[],"class_list":{"0":"post-86459","1":"product","2":"type-product","3":"status-publish","4":"has-post-thumbnail","6":"product_cat-fitness-kraftsport","7":"product_cat-sport-fritid","8":"product_cat-steppbrador-mini-stepper","10":"first","11":"instock","12":"sale","13":"taxable","14":"shipping-taxable","15":"purchasable","16":"product-type-simple"},"yoast_head":"<!-- This site is optimized with the Yoast SEO plugin v25.4 - https:\/\/yoast.com\/wordpress\/plugins\/seo\/ -->\n<title>TRUUSK Stepper Fitnessutrustning - LCD-sk\u00e4rm - Halkfria Pedaler - St\u00e5l Och ABS - 55x44x108 Cm - Upp Till 100 Kg - TRUUSK - Hem, Tr\u00e4dg\u00e5rd &amp; Fritid<\/title>\n<meta name=\"robots\" content=\"index, follow, max-snippet:-1, max-image-preview:large, max-video-preview:-1\" \/>\n<link rel=\"canonical\" href=\"https:\/\/truusk.store\/sv\/produkt\/truusk-stepper-fitnessutrustning-lcd-skarm-halkfria-pedaler-stal-och-abs-55x44x108-cm-upp-till-100-kg\/\" \/>\n<meta property=\"og:locale\" content=\"sv_SE\" \/>\n<meta property=\"og:type\" content=\"article\" \/>\n<meta property=\"og:title\" content=\"TRUUSK Stepper Fitnessutrustning - LCD-sk\u00e4rm - Halkfria Pedaler - St\u00e5l Och ABS - 55x44x108 Cm - Upp Till 100 Kg - TRUUSK - Hem, Tr\u00e4dg\u00e5rd &amp; Fritid\" \/>\n<meta property=\"og:description\" content=\"Upplev en effektiv och skonsam underkroppstr\u00e4ning med TRUUSK Stepper. St\u00e4rk dina vader, l\u00e5r och skinkor samtidigt som du br\u00e4nner kalorier...\" \/>\n<meta property=\"og:url\" content=\"https:\/\/truusk.store\/sv\/produkt\/truusk-stepper-fitnessutrustning-lcd-skarm-halkfria-pedaler-stal-och-abs-55x44x108-cm-upp-till-100-kg\/\" \/>\n<meta property=\"og:site_name\" content=\"TRUUSK - Hem, Tr\u00e4dg\u00e5rd &amp; Fritid\" \/>\n<meta property=\"article:modified_time\" content=\"2026-03-12T08:08:20+00:00\" \/>\n<meta property=\"og:image\" content=\"https:\/\/i0.wp.com\/truusk.se\/wp-content\/uploads\/2025\/08\/stepper-fitnessutrustning-lcd-skarm-halkfria-pedaler-stal-och-abs-55x44x108-cm-upp-till-100-kg-1.webp?fit=2000%2C2000&ssl=1\" \/>\n\t<meta property=\"og:image:width\" content=\"2000\" \/>\n\t<meta property=\"og:image:height\" content=\"2000\" \/>\n\t<meta property=\"og:image:type\" content=\"image\/webp\" \/>\n<meta name=\"twitter:card\" content=\"summary_large_image\" \/>\n<meta name=\"twitter:label1\" content=\"Ber\u00e4knad l\u00e4stid\" \/>\n\t<meta name=\"twitter:data1\" content=\"1 minut\" \/>\n<!-- \/ Yoast SEO plugin. -->","yoast_head_json":{"title":"TRUUSK Stepper Fitnessutrustning - LCD-sk\u00e4rm - Halkfria Pedaler - St\u00e5l Och ABS - 55x44x108 Cm - Upp Till 100 Kg - TRUUSK - Hem, Tr\u00e4dg\u00e5rd &amp; Fritid","robots":{"index":"index","follow":"follow","max-snippet":"max-snippet:-1","max-image-preview":"max-image-preview:large","max-video-preview":"max-video-preview:-1"},"canonical":"https:\/\/truusk.store\/sv\/produkt\/truusk-stepper-fitnessutrustning-lcd-skarm-halkfria-pedaler-stal-och-abs-55x44x108-cm-upp-till-100-kg\/","og_locale":"sv_SE","og_type":"article","og_title":"TRUUSK Stepper Fitnessutrustning - LCD-sk\u00e4rm - Halkfria Pedaler - St\u00e5l Och ABS - 55x44x108 Cm - Upp Till 100 Kg - TRUUSK - Hem, Tr\u00e4dg\u00e5rd &amp; Fritid","og_description":"Upplev en effektiv och skonsam underkroppstr\u00e4ning med TRUUSK Stepper. St\u00e4rk dina vader, l\u00e5r och skinkor samtidigt som du br\u00e4nner kalorier...","og_url":"https:\/\/truusk.store\/sv\/produkt\/truusk-stepper-fitnessutrustning-lcd-skarm-halkfria-pedaler-stal-och-abs-55x44x108-cm-upp-till-100-kg\/","og_site_name":"TRUUSK - Hem, Tr\u00e4dg\u00e5rd &amp; Fritid","article_modified_time":"2026-03-12T08:08:20+00:00","og_image":[{"width":2000,"height":2000,"url":"https:\/\/i0.wp.com\/truusk.se\/wp-content\/uploads\/2025\/08\/stepper-fitnessutrustning-lcd-skarm-halkfria-pedaler-stal-och-abs-55x44x108-cm-upp-till-100-kg-1.webp?fit=2000%2C2000&ssl=1","type":"image\/webp"}],"twitter_card":"summary_large_image","twitter_misc":{"Ber\u00e4knad l\u00e4stid":"1 minut"},"schema":{"@context":"https:\/\/schema.org","@graph":[{"@type":"WebPage","@id":"https:\/\/truusk.store\/sv\/produkt\/truusk-stepper-fitnessutrustning-lcd-skarm-halkfria-pedaler-stal-och-abs-55x44x108-cm-upp-till-100-kg\/","url":"https:\/\/truusk.store\/sv\/produkt\/truusk-stepper-fitnessutrustning-lcd-skarm-halkfria-pedaler-stal-och-abs-55x44x108-cm-upp-till-100-kg\/","name":"TRUUSK Stepper Fitnessutrustning - LCD-sk\u00e4rm - Halkfria Pedaler - St\u00e5l Och ABS - 55x44x108 Cm - Upp Till 100 Kg - TRUUSK - Hem, Tr\u00e4dg\u00e5rd &amp; Fritid","isPartOf":{"@id":"https:\/\/truusk.store\/sv\/#website"},"primaryImageOfPage":{"@id":"https:\/\/truusk.store\/sv\/produkt\/truusk-stepper-fitnessutrustning-lcd-skarm-halkfria-pedaler-stal-och-abs-55x44x108-cm-upp-till-100-kg\/#primaryimage"},"image":{"@id":"https:\/\/truusk.store\/sv\/produkt\/truusk-stepper-fitnessutrustning-lcd-skarm-halkfria-pedaler-stal-och-abs-55x44x108-cm-upp-till-100-kg\/#primaryimage"},"thumbnailUrl":"https:\/\/i0.wp.com\/truusk.store\/wp-content\/uploads\/2025\/08\/stepper-fitnessutrustning-lcd-skarm-halkfria-pedaler-stal-och-abs-55x44x108-cm-upp-till-100-kg-1.webp?fit=2000%2C2000&ssl=1","datePublished":"2025-08-20T03:42:34+00:00","dateModified":"2026-03-12T08:08:20+00:00","breadcrumb":{"@id":"https:\/\/truusk.store\/sv\/produkt\/truusk-stepper-fitnessutrustning-lcd-skarm-halkfria-pedaler-stal-och-abs-55x44x108-cm-upp-till-100-kg\/#breadcrumb"},"inLanguage":"sv-SE","potentialAction":[{"@type":"ReadAction","target":["https:\/\/truusk.store\/sv\/produkt\/truusk-stepper-fitnessutrustning-lcd-skarm-halkfria-pedaler-stal-och-abs-55x44x108-cm-upp-till-100-kg\/"]}]},{"@type":"ImageObject","inLanguage":"sv-SE","@id":"https:\/\/truusk.store\/sv\/produkt\/truusk-stepper-fitnessutrustning-lcd-skarm-halkfria-pedaler-stal-och-abs-55x44x108-cm-upp-till-100-kg\/#primaryimage","url":"https:\/\/i0.wp.com\/truusk.store\/wp-content\/uploads\/2025\/08\/stepper-fitnessutrustning-lcd-skarm-halkfria-pedaler-stal-och-abs-55x44x108-cm-upp-till-100-kg-1.webp?fit=2000%2C2000&ssl=1","contentUrl":"https:\/\/i0.wp.com\/truusk.store\/wp-content\/uploads\/2025\/08\/stepper-fitnessutrustning-lcd-skarm-halkfria-pedaler-stal-och-abs-55x44x108-cm-upp-till-100-kg-1.webp?fit=2000%2C2000&ssl=1","width":2000,"height":2000},{"@type":"BreadcrumbList","@id":"https:\/\/truusk.store\/sv\/produkt\/truusk-stepper-fitnessutrustning-lcd-skarm-halkfria-pedaler-stal-och-abs-55x44x108-cm-upp-till-100-kg\/#breadcrumb","itemListElement":[{"@type":"ListItem","position":1,"name":"Home","item":"https:\/\/truusk.store\/sv\/"},{"@type":"ListItem","position":2,"name":"Shop","item":"https:\/\/truusk.store\/shop\/"},{"@type":"ListItem","position":3,"name":"TRUUSK Stepper Fitnessutrustning &#8211; LCD-sk\u00e4rm &#8211; Halkfria Pedaler &#8211; St\u00e5l Och ABS &#8211; 55x44x108 Cm &#8211; Upp Till 100 Kg"}]},{"@type":"WebSite","@id":"https:\/\/truusk.store\/sv\/#website","url":"https:\/\/truusk.store\/sv\/","name":"TRUUSK - Hem, Tr\u00e4dg\u00e5rd & Fritid","description":"","publisher":{"@id":"https:\/\/truusk.store\/sv\/#organization"},"potentialAction":[{"@type":"SearchAction","target":{"@type":"EntryPoint","urlTemplate":"https:\/\/truusk.store\/sv\/?s={search_term_string}"},"query-input":{"@type":"PropertyValueSpecification","valueRequired":true,"valueName":"search_term_string"}}],"inLanguage":"sv-SE"},{"@type":"Organization","@id":"https:\/\/truusk.store\/sv\/#organization","name":"TRUUSK - Hem, Tr\u00e4dg\u00e5rd & Fritid","url":"https:\/\/truusk.store\/sv\/","logo":{"@type":"ImageObject","inLanguage":"sv-SE","@id":"https:\/\/truusk.store\/sv\/#\/schema\/logo\/image\/","url":"https:\/\/i0.wp.com\/truusk.store\/wp-content\/uploads\/2026\/03\/cropped-TRUUSK.png?fit=2032%2C917&ssl=1","contentUrl":"https:\/\/i0.wp.com\/truusk.store\/wp-content\/uploads\/2026\/03\/cropped-TRUUSK.png?fit=2032%2C917&ssl=1","width":2032,"height":917,"caption":"TRUUSK - Hem, Tr\u00e4dg\u00e5rd & Fritid"},"image":{"@id":"https:\/\/truusk.store\/sv\/#\/schema\/logo\/image\/"}}]}},"jetpack_sharing_enabled":true,"_links":{"self":[{"href":"https:\/\/truusk.store\/sv\/wp-json\/wp\/v2\/product\/86459","targetHints":{"allow":["GET"]}}],"collection":[{"href":"https:\/\/truusk.store\/sv\/wp-json\/wp\/v2\/product"}],"about":[{"href":"https:\/\/truusk.store\/sv\/wp-json\/wp\/v2\/types\/product"}],"wp:featuredmedia":[{"embeddable":true,"href":"https:\/\/truusk.store\/sv\/wp-json\/wp\/v2\/media\/86450"}],"wp:attachment":[{"href":"https:\/\/truusk.store\/sv\/wp-json\/wp\/v2\/media?parent=86459"}],"wp:term":[{"taxonomy":"product_brand","embeddable":true,"href":"https:\/\/truusk.store\/sv\/wp-json\/wp\/v2\/product_brand?post=86459"},{"taxonomy":"product_cat","embeddable":true,"href":"https:\/\/truusk.store\/sv\/wp-json\/wp\/v2\/product_cat?post=86459"},{"taxonomy":"product_tag","embeddable":true,"href":"https:\/\/truusk.store\/sv\/wp-json\/wp\/v2\/product_tag?post=86459"}],"curies":[{"name":"wp","href":"https:\/\/api.w.org\/{rel}","templated":true}]}}