{"id":86498,"date":"2025-08-20T04:46:22","date_gmt":"2025-08-20T03:46:22","guid":{"rendered":"https:\/\/truusk.store\/product\/2-delat-fatoljset-fatolj-med-fotpall-relaxfatolj-med-fotpall-hojdjusterbar-lutande-ryggstod-brun\/"},"modified":"2026-03-12T09:08:38","modified_gmt":"2026-03-12T08:08:38","slug":"truusk-2-delat-fatoljset-med-fotpall-hojdjusterbar-lutande-ryggstod-brun","status":"publish","type":"product","link":"https:\/\/truusk.store\/sv\/produkt\/truusk-2-delat-fatoljset-med-fotpall-hojdjusterbar-lutande-ryggstod-brun\/","title":{"rendered":"TRUUSK 2-delat F\u00e5t\u00f6ljset &#8211; Med Fotpall &#8211; H\u00f6jdjusterbar &#8211; Lutande Ryggst\u00f6d &#8211; Brun"},"content":{"rendered":"<p>Efter en l\u00e5ng dag finns det inget b\u00e4ttre \u00e4n att slappna av i en stor, bekv\u00e4m f\u00e5t\u00f6lj. Detta TRUUSK-set med en manuellt justerbar relaxf\u00e5t\u00f6lj och en pall har allt du beh\u00f6ver. Runtom bekv\u00e4mt stoppad och kl\u00e4dd med sl\u00e4tt konstl\u00e4der, erbjuder f\u00e5t\u00f6ljen en h\u00f6g ryggst\u00f6d och sv\u00e4ngda armst\u00f6d och passar b\u00e5de i ditt hem och p\u00e5 kontoret!<\/p>\n<p>Beskrivning:<\/p>\n<ul>\n<li> Metallram f\u00f6r styrka, stabilitet och formbest\u00e4ndighet<\/li>\n<li> TV-f\u00e5t\u00f6ljen lutar 145\u00b0.<\/li>\n<li> 360\u00b0 roterande fot av TV-f\u00e5t\u00f6ljen f\u00f6r att r\u00f6ra sig \u00e5t sidan<\/li>\n<li> Plysch stoppning, en h\u00f6g ryggst\u00f6d och sv\u00e4ngda armst\u00f6d f\u00f6r o\u00f6vertr\u00e4ffad komfort<\/li>\n<li> Elegant och stilfull konstl\u00e4derkl\u00e4dsel<\/li>\n<li> Maximal vikt: F\u00e5t\u00f6lj 160 kg, Pall 20 kg<\/li>\n<li> Montering kr\u00e4vs<\/li>\n<\/ul>\n<p> Tekniska data:<\/p>\n<ul>\n<li> F\u00e4rg: Brun<\/li>\n<li> Material: Konstl\u00e4der, skum, metall<\/li>\n<li> F\u00e5t\u00f6lj dimension: (uppr\u00e4tt) 76B x 81D x 101H cm<\/li>\n<li> F\u00e5t\u00f6lj dimension: (lutad) 76B x 103D x 91H cm<\/li>\n<li> Pall dimension: 50B x 41D x 41H cm<\/li>\n<li> Sitsdimension: 51,5B x 50D x 45H cm<\/li>\n<li> Armst\u00f6dsh\u00f6jd: 58 cm<\/li>\n<li> Lutningsvinkel f\u00f6r f\u00e5t\u00f6ljen: 145\u00b0<\/li>\n<\/ul>\n<p>Leveransinneh\u00e5ll:<\/p>\n<ul>\n<li> 1 x Relaxf\u00e5t\u00f6lj<\/li>\n<li> 1 x Pall<\/li>\n<\/ul>\n","protected":false},"excerpt":{"rendered":"<p>Efter en l\u00e5ng dag finns det inget b\u00e4ttre \u00e4n att slappna av i en stor, bekv\u00e4m f\u00e5t\u00f6lj. Detta TRUUSK-set med&#8230;<\/p>\n","protected":false},"featured_media":86489,"template":"","meta":[],"product_brand":[],"product_cat":[521,871,920,910],"product_tag":[],"class_list":{"0":"post-86498","1":"product","2":"type-product","3":"status-publish","4":"has-post-thumbnail","6":"product_cat-fatolj","7":"product_cat-hus-hem","8":"product_cat-relaxsessel-mit-hocker","9":"product_cat-vardagsrum","11":"first","12":"instock","13":"sale","14":"taxable","15":"shipping-taxable","16":"purchasable","17":"product-type-simple"},"yoast_head":"<!-- This site is optimized with the Yoast SEO plugin v25.4 - https:\/\/yoast.com\/wordpress\/plugins\/seo\/ -->\n<title>TRUUSK 2-delat F\u00e5t\u00f6ljset - Med Fotpall - H\u00f6jdjusterbar - Lutande Ryggst\u00f6d - Brun - TRUUSK - Hem, Tr\u00e4dg\u00e5rd &amp; Fritid<\/title>\n<meta name=\"robots\" content=\"index, follow, max-snippet:-1, max-image-preview:large, max-video-preview:-1\" \/>\n<link rel=\"canonical\" href=\"https:\/\/truusk.store\/sv\/produkt\/truusk-2-delat-fatoljset-med-fotpall-hojdjusterbar-lutande-ryggstod-brun\/\" \/>\n<meta property=\"og:locale\" content=\"sv_SE\" \/>\n<meta property=\"og:type\" content=\"article\" \/>\n<meta property=\"og:title\" content=\"TRUUSK 2-delat F\u00e5t\u00f6ljset - Med Fotpall - H\u00f6jdjusterbar - Lutande Ryggst\u00f6d - Brun - TRUUSK - Hem, Tr\u00e4dg\u00e5rd &amp; Fritid\" \/>\n<meta property=\"og:description\" content=\"Efter en l\u00e5ng dag finns det inget b\u00e4ttre \u00e4n att slappna av i en stor, bekv\u00e4m f\u00e5t\u00f6lj. Detta TRUUSK-set med...\" \/>\n<meta property=\"og:url\" content=\"https:\/\/truusk.store\/sv\/produkt\/truusk-2-delat-fatoljset-med-fotpall-hojdjusterbar-lutande-ryggstod-brun\/\" \/>\n<meta property=\"og:site_name\" content=\"TRUUSK - Hem, Tr\u00e4dg\u00e5rd &amp; Fritid\" \/>\n<meta property=\"article:modified_time\" content=\"2026-03-12T08:08:38+00:00\" \/>\n<meta property=\"og:image\" content=\"https:\/\/i0.wp.com\/truusk.se\/wp-content\/uploads\/2025\/08\/2-delat-fatoljset-fatolj-med-fotpall-relaxfatolj-med-fotpall-hojdjusterbar-lutande-ryggstod-brun-1.webp?fit=2000%2C2000&ssl=1\" \/>\n\t<meta property=\"og:image:width\" content=\"2000\" \/>\n\t<meta property=\"og:image:height\" content=\"2000\" \/>\n\t<meta property=\"og:image:type\" content=\"image\/webp\" \/>\n<meta name=\"twitter:card\" content=\"summary_large_image\" \/>\n<meta name=\"twitter:label1\" content=\"Ber\u00e4knad l\u00e4stid\" \/>\n\t<meta name=\"twitter:data1\" content=\"1 minut\" \/>\n<!-- \/ Yoast SEO plugin. -->","yoast_head_json":{"title":"TRUUSK 2-delat F\u00e5t\u00f6ljset - Med Fotpall - H\u00f6jdjusterbar - Lutande Ryggst\u00f6d - Brun - TRUUSK - Hem, Tr\u00e4dg\u00e5rd &amp; Fritid","robots":{"index":"index","follow":"follow","max-snippet":"max-snippet:-1","max-image-preview":"max-image-preview:large","max-video-preview":"max-video-preview:-1"},"canonical":"https:\/\/truusk.store\/sv\/produkt\/truusk-2-delat-fatoljset-med-fotpall-hojdjusterbar-lutande-ryggstod-brun\/","og_locale":"sv_SE","og_type":"article","og_title":"TRUUSK 2-delat F\u00e5t\u00f6ljset - Med Fotpall - H\u00f6jdjusterbar - Lutande Ryggst\u00f6d - Brun - TRUUSK - Hem, Tr\u00e4dg\u00e5rd &amp; Fritid","og_description":"Efter en l\u00e5ng dag finns det inget b\u00e4ttre \u00e4n att slappna av i en stor, bekv\u00e4m f\u00e5t\u00f6lj. Detta TRUUSK-set med...","og_url":"https:\/\/truusk.store\/sv\/produkt\/truusk-2-delat-fatoljset-med-fotpall-hojdjusterbar-lutande-ryggstod-brun\/","og_site_name":"TRUUSK - Hem, Tr\u00e4dg\u00e5rd &amp; Fritid","article_modified_time":"2026-03-12T08:08:38+00:00","og_image":[{"width":2000,"height":2000,"url":"https:\/\/i0.wp.com\/truusk.se\/wp-content\/uploads\/2025\/08\/2-delat-fatoljset-fatolj-med-fotpall-relaxfatolj-med-fotpall-hojdjusterbar-lutande-ryggstod-brun-1.webp?fit=2000%2C2000&ssl=1","type":"image\/webp"}],"twitter_card":"summary_large_image","twitter_misc":{"Ber\u00e4knad l\u00e4stid":"1 minut"},"schema":{"@context":"https:\/\/schema.org","@graph":[{"@type":"WebPage","@id":"https:\/\/truusk.store\/sv\/produkt\/truusk-2-delat-fatoljset-med-fotpall-hojdjusterbar-lutande-ryggstod-brun\/","url":"https:\/\/truusk.store\/sv\/produkt\/truusk-2-delat-fatoljset-med-fotpall-hojdjusterbar-lutande-ryggstod-brun\/","name":"TRUUSK 2-delat F\u00e5t\u00f6ljset - Med Fotpall - H\u00f6jdjusterbar - Lutande Ryggst\u00f6d - Brun - TRUUSK - Hem, Tr\u00e4dg\u00e5rd &amp; Fritid","isPartOf":{"@id":"https:\/\/truusk.store\/sv\/#website"},"primaryImageOfPage":{"@id":"https:\/\/truusk.store\/sv\/produkt\/truusk-2-delat-fatoljset-med-fotpall-hojdjusterbar-lutande-ryggstod-brun\/#primaryimage"},"image":{"@id":"https:\/\/truusk.store\/sv\/produkt\/truusk-2-delat-fatoljset-med-fotpall-hojdjusterbar-lutande-ryggstod-brun\/#primaryimage"},"thumbnailUrl":"https:\/\/i0.wp.com\/truusk.store\/wp-content\/uploads\/2025\/08\/2-delat-fatoljset-fatolj-med-fotpall-relaxfatolj-med-fotpall-hojdjusterbar-lutande-ryggstod-brun-1.webp?fit=2000%2C2000&ssl=1","datePublished":"2025-08-20T03:46:22+00:00","dateModified":"2026-03-12T08:08:38+00:00","breadcrumb":{"@id":"https:\/\/truusk.store\/sv\/produkt\/truusk-2-delat-fatoljset-med-fotpall-hojdjusterbar-lutande-ryggstod-brun\/#breadcrumb"},"inLanguage":"sv-SE","potentialAction":[{"@type":"ReadAction","target":["https:\/\/truusk.store\/sv\/produkt\/truusk-2-delat-fatoljset-med-fotpall-hojdjusterbar-lutande-ryggstod-brun\/"]}]},{"@type":"ImageObject","inLanguage":"sv-SE","@id":"https:\/\/truusk.store\/sv\/produkt\/truusk-2-delat-fatoljset-med-fotpall-hojdjusterbar-lutande-ryggstod-brun\/#primaryimage","url":"https:\/\/i0.wp.com\/truusk.store\/wp-content\/uploads\/2025\/08\/2-delat-fatoljset-fatolj-med-fotpall-relaxfatolj-med-fotpall-hojdjusterbar-lutande-ryggstod-brun-1.webp?fit=2000%2C2000&ssl=1","contentUrl":"https:\/\/i0.wp.com\/truusk.store\/wp-content\/uploads\/2025\/08\/2-delat-fatoljset-fatolj-med-fotpall-relaxfatolj-med-fotpall-hojdjusterbar-lutande-ryggstod-brun-1.webp?fit=2000%2C2000&ssl=1","width":2000,"height":2000},{"@type":"BreadcrumbList","@id":"https:\/\/truusk.store\/sv\/produkt\/truusk-2-delat-fatoljset-med-fotpall-hojdjusterbar-lutande-ryggstod-brun\/#breadcrumb","itemListElement":[{"@type":"ListItem","position":1,"name":"Home","item":"https:\/\/truusk.store\/sv\/"},{"@type":"ListItem","position":2,"name":"Shop","item":"https:\/\/truusk.store\/shop\/"},{"@type":"ListItem","position":3,"name":"TRUUSK 2-delat F\u00e5t\u00f6ljset &#8211; Med Fotpall &#8211; H\u00f6jdjusterbar &#8211; Lutande Ryggst\u00f6d &#8211; Brun"}]},{"@type":"WebSite","@id":"https:\/\/truusk.store\/sv\/#website","url":"https:\/\/truusk.store\/sv\/","name":"TRUUSK - Hem, Tr\u00e4dg\u00e5rd & Fritid","description":"","publisher":{"@id":"https:\/\/truusk.store\/sv\/#organization"},"potentialAction":[{"@type":"SearchAction","target":{"@type":"EntryPoint","urlTemplate":"https:\/\/truusk.store\/sv\/?s={search_term_string}"},"query-input":{"@type":"PropertyValueSpecification","valueRequired":true,"valueName":"search_term_string"}}],"inLanguage":"sv-SE"},{"@type":"Organization","@id":"https:\/\/truusk.store\/sv\/#organization","name":"TRUUSK - Hem, Tr\u00e4dg\u00e5rd & Fritid","url":"https:\/\/truusk.store\/sv\/","logo":{"@type":"ImageObject","inLanguage":"sv-SE","@id":"https:\/\/truusk.store\/sv\/#\/schema\/logo\/image\/","url":"https:\/\/i0.wp.com\/truusk.store\/wp-content\/uploads\/2026\/03\/cropped-TRUUSK.png?fit=2032%2C917&ssl=1","contentUrl":"https:\/\/i0.wp.com\/truusk.store\/wp-content\/uploads\/2026\/03\/cropped-TRUUSK.png?fit=2032%2C917&ssl=1","width":2032,"height":917,"caption":"TRUUSK - Hem, Tr\u00e4dg\u00e5rd & Fritid"},"image":{"@id":"https:\/\/truusk.store\/sv\/#\/schema\/logo\/image\/"}}]}},"jetpack_sharing_enabled":true,"_links":{"self":[{"href":"https:\/\/truusk.store\/sv\/wp-json\/wp\/v2\/product\/86498","targetHints":{"allow":["GET"]}}],"collection":[{"href":"https:\/\/truusk.store\/sv\/wp-json\/wp\/v2\/product"}],"about":[{"href":"https:\/\/truusk.store\/sv\/wp-json\/wp\/v2\/types\/product"}],"wp:featuredmedia":[{"embeddable":true,"href":"https:\/\/truusk.store\/sv\/wp-json\/wp\/v2\/media\/86489"}],"wp:attachment":[{"href":"https:\/\/truusk.store\/sv\/wp-json\/wp\/v2\/media?parent=86498"}],"wp:term":[{"taxonomy":"product_brand","embeddable":true,"href":"https:\/\/truusk.store\/sv\/wp-json\/wp\/v2\/product_brand?post=86498"},{"taxonomy":"product_cat","embeddable":true,"href":"https:\/\/truusk.store\/sv\/wp-json\/wp\/v2\/product_cat?post=86498"},{"taxonomy":"product_tag","embeddable":true,"href":"https:\/\/truusk.store\/sv\/wp-json\/wp\/v2\/product_tag?post=86498"}],"curies":[{"name":"wp","href":"https:\/\/api.w.org\/{rel}","templated":true}]}}