{"id":86518,"date":"2025-08-20T04:49:00","date_gmt":"2025-08-20T03:49:00","guid":{"rendered":"https:\/\/truusk.store\/product\/hylla-bambuhylla-3-hyllplan-bambu-62-cm-x-33-cm-x-80-cm-natur\/"},"modified":"2026-03-12T09:11:33","modified_gmt":"2026-03-12T08:11:33","slug":"truusk-bambuhylla-med-3-hyllplan-naturlig-bambu-62-cm-x-33-cm-x-80-cm-hallbar-och-stilren","status":"publish","type":"product","link":"https:\/\/truusk.store\/sv\/produkt\/truusk-bambuhylla-med-3-hyllplan-naturlig-bambu-62-cm-x-33-cm-x-80-cm-hallbar-och-stilren\/","title":{"rendered":"TRUUSK Bambuhylla med 3 hyllplan &#8211; Naturlig bambu &#8211; 62 cm x 33 cm x 80 cm &#8211; H\u00e5llbar och stilren"},"content":{"rendered":"<p>Spara utrymme och skapa ordning med TRUUSK badrumshylla. Bambuhyllan kan anv\u00e4ndas separat eller kopplas samman med en annan hylla f\u00f6r att m\u00f6jligg\u00f6ra flera arrangemang. Tack vare den minimalistiska designen kan du anpassa den med f\u00e4rg. Den m\u00e5ngsidiga hyllan \u00e4r tillverkad av naturlig bambu och ger ett avslappnat, rustikt utseende i ditt hem.<\/p>\n<p>Beskrivning:<\/p>\n<ul>\n<li> 3 \u00f6ppna hyllor<\/li>\n<li> K\u00f6kshyllan kan anv\u00e4ndas enskilt eller bredvid en annan hylla<\/li>\n<li> Avst\u00e5nd mellan hyllplanen: 27,5 cm<\/li>\n<li> H\u00f6jd \u00f6ver golvet: 17 cm. Utrymme f\u00f6r reng\u00f6ring under<\/li>\n<li> Varje hyllplan p\u00e5 frist\u00e5ende hyllan kan belastas med upp till 10 kg<\/li>\n<li> Montering kr\u00e4vs<\/li>\n<\/ul>\n<p>Tekniska data:<\/p>\n<ul>\n<li> F\u00e4rg: Natur<\/li>\n<li> Material: Bambu<\/li>\n<li> Totala dimensioner: 62L x 33B x 80H cm<\/li>\n<li> Viktkapacitet: 30 kg (totalt), 10 kg (varje fack)<\/li>\n<\/ul>\n<p>Leveransinneh\u00e5ll:<\/p>\n<ul>\n<li> 1 x Badrumshylla<\/li>\n<li> 1 x Bruksanvisning<\/li>\n<\/ul>\n","protected":false},"excerpt":{"rendered":"<p>Spara utrymme och skapa ordning med TRUUSK badrumshylla. Bambuhyllan kan anv\u00e4ndas separat eller kopplas samman med en annan hylla f\u00f6r&#8230;<\/p>\n","protected":false},"featured_media":86509,"template":"","meta":[],"product_brand":[],"product_cat":[915,549,871],"product_tag":[],"class_list":{"0":"post-86518","1":"product","2":"type-product","3":"status-publish","4":"has-post-thumbnail","6":"product_cat-badrum","7":"product_cat-badrumshyllor","8":"product_cat-hus-hem","10":"first","11":"instock","12":"sale","13":"taxable","14":"shipping-taxable","15":"purchasable","16":"product-type-simple"},"yoast_head":"<!-- This site is optimized with the Yoast SEO plugin v25.4 - https:\/\/yoast.com\/wordpress\/plugins\/seo\/ -->\n<title>TRUUSK Bambuhylla med 3 hyllplan - Naturlig bambu - 62 cm x 33 cm x 80 cm - H\u00e5llbar och stilren - TRUUSK - Hem, Tr\u00e4dg\u00e5rd &amp; Fritid<\/title>\n<meta name=\"robots\" content=\"index, follow, max-snippet:-1, max-image-preview:large, max-video-preview:-1\" \/>\n<link rel=\"canonical\" href=\"https:\/\/truusk.store\/sv\/produkt\/truusk-bambuhylla-med-3-hyllplan-naturlig-bambu-62-cm-x-33-cm-x-80-cm-hallbar-och-stilren\/\" \/>\n<meta property=\"og:locale\" content=\"sv_SE\" \/>\n<meta property=\"og:type\" content=\"article\" \/>\n<meta property=\"og:title\" content=\"TRUUSK Bambuhylla med 3 hyllplan - Naturlig bambu - 62 cm x 33 cm x 80 cm - H\u00e5llbar och stilren - TRUUSK - Hem, Tr\u00e4dg\u00e5rd &amp; Fritid\" \/>\n<meta property=\"og:description\" content=\"Spara utrymme och skapa ordning med TRUUSK badrumshylla. Bambuhyllan kan anv\u00e4ndas separat eller kopplas samman med en annan hylla f\u00f6r...\" \/>\n<meta property=\"og:url\" content=\"https:\/\/truusk.store\/sv\/produkt\/truusk-bambuhylla-med-3-hyllplan-naturlig-bambu-62-cm-x-33-cm-x-80-cm-hallbar-och-stilren\/\" \/>\n<meta property=\"og:site_name\" content=\"TRUUSK - Hem, Tr\u00e4dg\u00e5rd &amp; Fritid\" \/>\n<meta property=\"article:modified_time\" content=\"2026-03-12T08:11:33+00:00\" \/>\n<meta property=\"og:image\" content=\"https:\/\/i0.wp.com\/truusk.se\/wp-content\/uploads\/2025\/08\/hylla-bambuhylla-3-hyllplan-bambu-62-cm-x-33-cm-x-80-cm-natur-1.webp?fit=2000%2C2000&ssl=1\" \/>\n\t<meta property=\"og:image:width\" content=\"2000\" \/>\n\t<meta property=\"og:image:height\" content=\"2000\" \/>\n\t<meta property=\"og:image:type\" content=\"image\/webp\" \/>\n<meta name=\"twitter:card\" content=\"summary_large_image\" \/>\n<meta name=\"twitter:label1\" content=\"Ber\u00e4knad l\u00e4stid\" \/>\n\t<meta name=\"twitter:data1\" content=\"1 minut\" \/>\n<!-- \/ Yoast SEO plugin. -->","yoast_head_json":{"title":"TRUUSK Bambuhylla med 3 hyllplan - Naturlig bambu - 62 cm x 33 cm x 80 cm - H\u00e5llbar och stilren - TRUUSK - Hem, Tr\u00e4dg\u00e5rd &amp; Fritid","robots":{"index":"index","follow":"follow","max-snippet":"max-snippet:-1","max-image-preview":"max-image-preview:large","max-video-preview":"max-video-preview:-1"},"canonical":"https:\/\/truusk.store\/sv\/produkt\/truusk-bambuhylla-med-3-hyllplan-naturlig-bambu-62-cm-x-33-cm-x-80-cm-hallbar-och-stilren\/","og_locale":"sv_SE","og_type":"article","og_title":"TRUUSK Bambuhylla med 3 hyllplan - Naturlig bambu - 62 cm x 33 cm x 80 cm - H\u00e5llbar och stilren - TRUUSK - Hem, Tr\u00e4dg\u00e5rd &amp; Fritid","og_description":"Spara utrymme och skapa ordning med TRUUSK badrumshylla. Bambuhyllan kan anv\u00e4ndas separat eller kopplas samman med en annan hylla f\u00f6r...","og_url":"https:\/\/truusk.store\/sv\/produkt\/truusk-bambuhylla-med-3-hyllplan-naturlig-bambu-62-cm-x-33-cm-x-80-cm-hallbar-och-stilren\/","og_site_name":"TRUUSK - Hem, Tr\u00e4dg\u00e5rd &amp; Fritid","article_modified_time":"2026-03-12T08:11:33+00:00","og_image":[{"width":2000,"height":2000,"url":"https:\/\/i0.wp.com\/truusk.se\/wp-content\/uploads\/2025\/08\/hylla-bambuhylla-3-hyllplan-bambu-62-cm-x-33-cm-x-80-cm-natur-1.webp?fit=2000%2C2000&ssl=1","type":"image\/webp"}],"twitter_card":"summary_large_image","twitter_misc":{"Ber\u00e4knad l\u00e4stid":"1 minut"},"schema":{"@context":"https:\/\/schema.org","@graph":[{"@type":"WebPage","@id":"https:\/\/truusk.store\/sv\/produkt\/truusk-bambuhylla-med-3-hyllplan-naturlig-bambu-62-cm-x-33-cm-x-80-cm-hallbar-och-stilren\/","url":"https:\/\/truusk.store\/sv\/produkt\/truusk-bambuhylla-med-3-hyllplan-naturlig-bambu-62-cm-x-33-cm-x-80-cm-hallbar-och-stilren\/","name":"TRUUSK Bambuhylla med 3 hyllplan - Naturlig bambu - 62 cm x 33 cm x 80 cm - H\u00e5llbar och stilren - TRUUSK - Hem, Tr\u00e4dg\u00e5rd &amp; Fritid","isPartOf":{"@id":"https:\/\/truusk.store\/sv\/#website"},"primaryImageOfPage":{"@id":"https:\/\/truusk.store\/sv\/produkt\/truusk-bambuhylla-med-3-hyllplan-naturlig-bambu-62-cm-x-33-cm-x-80-cm-hallbar-och-stilren\/#primaryimage"},"image":{"@id":"https:\/\/truusk.store\/sv\/produkt\/truusk-bambuhylla-med-3-hyllplan-naturlig-bambu-62-cm-x-33-cm-x-80-cm-hallbar-och-stilren\/#primaryimage"},"thumbnailUrl":"https:\/\/i0.wp.com\/truusk.store\/wp-content\/uploads\/2025\/08\/hylla-bambuhylla-3-hyllplan-bambu-62-cm-x-33-cm-x-80-cm-natur-1.webp?fit=2000%2C2000&ssl=1","datePublished":"2025-08-20T03:49:00+00:00","dateModified":"2026-03-12T08:11:33+00:00","breadcrumb":{"@id":"https:\/\/truusk.store\/sv\/produkt\/truusk-bambuhylla-med-3-hyllplan-naturlig-bambu-62-cm-x-33-cm-x-80-cm-hallbar-och-stilren\/#breadcrumb"},"inLanguage":"sv-SE","potentialAction":[{"@type":"ReadAction","target":["https:\/\/truusk.store\/sv\/produkt\/truusk-bambuhylla-med-3-hyllplan-naturlig-bambu-62-cm-x-33-cm-x-80-cm-hallbar-och-stilren\/"]}]},{"@type":"ImageObject","inLanguage":"sv-SE","@id":"https:\/\/truusk.store\/sv\/produkt\/truusk-bambuhylla-med-3-hyllplan-naturlig-bambu-62-cm-x-33-cm-x-80-cm-hallbar-och-stilren\/#primaryimage","url":"https:\/\/i0.wp.com\/truusk.store\/wp-content\/uploads\/2025\/08\/hylla-bambuhylla-3-hyllplan-bambu-62-cm-x-33-cm-x-80-cm-natur-1.webp?fit=2000%2C2000&ssl=1","contentUrl":"https:\/\/i0.wp.com\/truusk.store\/wp-content\/uploads\/2025\/08\/hylla-bambuhylla-3-hyllplan-bambu-62-cm-x-33-cm-x-80-cm-natur-1.webp?fit=2000%2C2000&ssl=1","width":2000,"height":2000},{"@type":"BreadcrumbList","@id":"https:\/\/truusk.store\/sv\/produkt\/truusk-bambuhylla-med-3-hyllplan-naturlig-bambu-62-cm-x-33-cm-x-80-cm-hallbar-och-stilren\/#breadcrumb","itemListElement":[{"@type":"ListItem","position":1,"name":"Home","item":"https:\/\/truusk.store\/sv\/"},{"@type":"ListItem","position":2,"name":"Shop","item":"https:\/\/truusk.store\/shop\/"},{"@type":"ListItem","position":3,"name":"TRUUSK Bambuhylla med 3 hyllplan &#8211; Naturlig bambu &#8211; 62 cm x 33 cm x 80 cm &#8211; H\u00e5llbar och stilren"}]},{"@type":"WebSite","@id":"https:\/\/truusk.store\/sv\/#website","url":"https:\/\/truusk.store\/sv\/","name":"TRUUSK - Hem, Tr\u00e4dg\u00e5rd & Fritid","description":"","publisher":{"@id":"https:\/\/truusk.store\/sv\/#organization"},"potentialAction":[{"@type":"SearchAction","target":{"@type":"EntryPoint","urlTemplate":"https:\/\/truusk.store\/sv\/?s={search_term_string}"},"query-input":{"@type":"PropertyValueSpecification","valueRequired":true,"valueName":"search_term_string"}}],"inLanguage":"sv-SE"},{"@type":"Organization","@id":"https:\/\/truusk.store\/sv\/#organization","name":"TRUUSK - Hem, Tr\u00e4dg\u00e5rd & Fritid","url":"https:\/\/truusk.store\/sv\/","logo":{"@type":"ImageObject","inLanguage":"sv-SE","@id":"https:\/\/truusk.store\/sv\/#\/schema\/logo\/image\/","url":"https:\/\/i0.wp.com\/truusk.store\/wp-content\/uploads\/2026\/03\/cropped-TRUUSK.png?fit=2032%2C917&ssl=1","contentUrl":"https:\/\/i0.wp.com\/truusk.store\/wp-content\/uploads\/2026\/03\/cropped-TRUUSK.png?fit=2032%2C917&ssl=1","width":2032,"height":917,"caption":"TRUUSK - Hem, Tr\u00e4dg\u00e5rd & Fritid"},"image":{"@id":"https:\/\/truusk.store\/sv\/#\/schema\/logo\/image\/"}}]}},"jetpack_sharing_enabled":true,"_links":{"self":[{"href":"https:\/\/truusk.store\/sv\/wp-json\/wp\/v2\/product\/86518","targetHints":{"allow":["GET"]}}],"collection":[{"href":"https:\/\/truusk.store\/sv\/wp-json\/wp\/v2\/product"}],"about":[{"href":"https:\/\/truusk.store\/sv\/wp-json\/wp\/v2\/types\/product"}],"wp:featuredmedia":[{"embeddable":true,"href":"https:\/\/truusk.store\/sv\/wp-json\/wp\/v2\/media\/86509"}],"wp:attachment":[{"href":"https:\/\/truusk.store\/sv\/wp-json\/wp\/v2\/media?parent=86518"}],"wp:term":[{"taxonomy":"product_brand","embeddable":true,"href":"https:\/\/truusk.store\/sv\/wp-json\/wp\/v2\/product_brand?post=86518"},{"taxonomy":"product_cat","embeddable":true,"href":"https:\/\/truusk.store\/sv\/wp-json\/wp\/v2\/product_cat?post=86518"},{"taxonomy":"product_tag","embeddable":true,"href":"https:\/\/truusk.store\/sv\/wp-json\/wp\/v2\/product_tag?post=86518"}],"curies":[{"name":"wp","href":"https:\/\/api.w.org\/{rel}","templated":true}]}}