{"id":86558,"date":"2025-08-20T04:52:24","date_gmt":"2025-08-20T03:52:24","guid":{"rendered":"https:\/\/truusk.store\/product\/ritstol-med-fotstod-5-hjul-hojdjusterbar-stal-mesh-tyg-svart\/"},"modified":"2026-03-12T09:13:19","modified_gmt":"2026-03-12T08:13:19","slug":"truusk-hundvagn-och-kattvagn-2-i-1-hopfallbar-regnskydd-natventilation-kudde-for-hundar-och-katter-upp-till-10-kg","status":"publish","type":"product","link":"https:\/\/truusk.store\/sv\/produkt\/truusk-hundvagn-och-kattvagn-2-i-1-hopfallbar-regnskydd-natventilation-kudde-for-hundar-och-katter-upp-till-10-kg\/","title":{"rendered":"TRUUSK Hundvagn och Kattvagn 2-i-1 &#8211; Hopf\u00e4llbar &#8211; Regnskydd &#8211; N\u00e4tventilation &#8211; Kudde &#8211; F\u00f6r Hundar och Katter upp till 10 kg &#8211;"},"content":{"rendered":"<p>P\u00e5 denna kontorsstol fr\u00e5n TRUUSK \u00e4r det bekv\u00e4mt att sitta \u00e4ven under l\u00e4ngre perioder. Sittytan \u00e4r bekv\u00e4mt vadderad, medan en ryggst\u00f6d av andningsbart mesh-tyg ger god ventilation. Sitsen \u00e4r h\u00f6jdjusterbar och kan enkelt anpassas efter dina behov eller individuella preferenser. 5 roterande hjul ger god r\u00f6rlighet och flexibelt arbete. Denna kontorsstol erbjuder komfort p\u00e5 alla niv\u00e5er.<\/p>\n<p>Beskrivning:<\/p>\n<ul>\n<li> Den h\u00f6ga kontorsstolen \u00e4r idealisk f\u00f6r h\u00f6ga arbetsbord<\/li>\n<li> Ergonomisk design och en mjukt vadderad sits f\u00f6r \u00f6kad komfort<\/li>\n<li> Ovansidan av mesh-tyg \u00e4r andningsbar och bekv\u00e4m<\/li>\n<li> H\u00f6jdjusterbar och med fotst\u00f6d f\u00f6r bekv\u00e4mt sittande<\/li>\n<li> 5 roterande hjul ger enkel och snabb r\u00f6rlighet<\/li>\n<li> Montering kr\u00e4vs<\/li>\n<li> Anv\u00e4nd en mild sugning f\u00f6r att undvika anv\u00e4ndning av slipmedel.<\/li>\n<\/ul>\n<p>Tekniska data:<\/p>\n<ul>\n<li> F\u00e4rg: Svart<\/li>\n<li> Material: Mesh-tyg (100% polyester), skum, st\u00e5l, nylon<\/li>\n<li> Totala m\u00e5tt: 60L x 56B x 110-132H cm<\/li>\n<li> Sitsm\u00e5tt: 48L x 49B x 65,5-87H cm<\/li>\n<li> Storlek p\u00e5 ryggst\u00f6d: 44,5B x 45,5H cm<\/li>\n<li> Armst\u00f6dets h\u00f6jd (till sitsen): 19 cm<\/li>\n<li> Fotst\u00f6dets h\u00f6jd: 18-46 cm<\/li>\n<li> Total viktkapacitet: 120 kg<\/li>\n<\/ul>\n<p>Ing\u00e5r:<\/p>\n<ul>\n<li> 1 x ritstol<\/li>\n<li> 1 x instruktioner<\/li>\n<\/ul>\n","protected":false},"excerpt":{"rendered":"<p>P\u00e5 denna kontorsstol fr\u00e5n TRUUSK \u00e4r det bekv\u00e4mt att sitta \u00e4ven under l\u00e4ngre perioder. Sittytan \u00e4r bekv\u00e4mt vadderad, medan en&#8230;<\/p>\n","protected":false},"featured_media":86549,"template":"","meta":[],"product_brand":[],"product_cat":[872,871,516],"product_tag":[],"class_list":{"0":"post-86558","1":"product","2":"type-product","3":"status-publish","4":"has-post-thumbnail","6":"product_cat-hemmakontor-arbetsplats","7":"product_cat-hus-hem","8":"product_cat-kontorsstolar","10":"first","11":"instock","12":"sale","13":"taxable","14":"shipping-taxable","15":"purchasable","16":"product-type-simple"},"yoast_head":"<!-- This site is optimized with the Yoast SEO plugin v25.4 - https:\/\/yoast.com\/wordpress\/plugins\/seo\/ -->\n<title>TRUUSK Hundvagn och Kattvagn 2-i-1 - Hopf\u00e4llbar - Regnskydd - N\u00e4tventilation - Kudde - F\u00f6r Hundar och Katter upp till 10 kg - TRUUSK - Hem, Tr\u00e4dg\u00e5rd &amp; Fritid<\/title>\n<meta name=\"robots\" content=\"index, follow, max-snippet:-1, max-image-preview:large, max-video-preview:-1\" \/>\n<link rel=\"canonical\" href=\"https:\/\/truusk.store\/sv\/produkt\/truusk-hundvagn-och-kattvagn-2-i-1-hopfallbar-regnskydd-natventilation-kudde-for-hundar-och-katter-upp-till-10-kg\/\" \/>\n<meta property=\"og:locale\" content=\"sv_SE\" \/>\n<meta property=\"og:type\" content=\"article\" \/>\n<meta property=\"og:title\" content=\"TRUUSK Hundvagn och Kattvagn 2-i-1 - Hopf\u00e4llbar - Regnskydd - N\u00e4tventilation - Kudde - F\u00f6r Hundar och Katter upp till 10 kg - TRUUSK - Hem, Tr\u00e4dg\u00e5rd &amp; Fritid\" \/>\n<meta property=\"og:description\" content=\"P\u00e5 denna kontorsstol fr\u00e5n TRUUSK \u00e4r det bekv\u00e4mt att sitta \u00e4ven under l\u00e4ngre perioder. Sittytan \u00e4r bekv\u00e4mt vadderad, medan en...\" \/>\n<meta property=\"og:url\" content=\"https:\/\/truusk.store\/sv\/produkt\/truusk-hundvagn-och-kattvagn-2-i-1-hopfallbar-regnskydd-natventilation-kudde-for-hundar-och-katter-upp-till-10-kg\/\" \/>\n<meta property=\"og:site_name\" content=\"TRUUSK - Hem, Tr\u00e4dg\u00e5rd &amp; Fritid\" \/>\n<meta property=\"article:modified_time\" content=\"2026-03-12T08:13:19+00:00\" \/>\n<meta property=\"og:image\" content=\"https:\/\/i0.wp.com\/truusk.se\/wp-content\/uploads\/2025\/08\/ritstol-med-fotstod-5-hjul-hojdjusterbar-stal-mesh-tyg-svart-1.webp?fit=2000%2C2000&ssl=1\" \/>\n\t<meta property=\"og:image:width\" content=\"2000\" \/>\n\t<meta property=\"og:image:height\" content=\"2000\" \/>\n\t<meta property=\"og:image:type\" content=\"image\/webp\" \/>\n<meta name=\"twitter:card\" content=\"summary_large_image\" \/>\n<meta name=\"twitter:label1\" content=\"Ber\u00e4knad l\u00e4stid\" \/>\n\t<meta name=\"twitter:data1\" content=\"1 minut\" \/>\n<!-- \/ Yoast SEO plugin. -->","yoast_head_json":{"title":"TRUUSK Hundvagn och Kattvagn 2-i-1 - Hopf\u00e4llbar - Regnskydd - N\u00e4tventilation - Kudde - F\u00f6r Hundar och Katter upp till 10 kg - TRUUSK - Hem, Tr\u00e4dg\u00e5rd &amp; Fritid","robots":{"index":"index","follow":"follow","max-snippet":"max-snippet:-1","max-image-preview":"max-image-preview:large","max-video-preview":"max-video-preview:-1"},"canonical":"https:\/\/truusk.store\/sv\/produkt\/truusk-hundvagn-och-kattvagn-2-i-1-hopfallbar-regnskydd-natventilation-kudde-for-hundar-och-katter-upp-till-10-kg\/","og_locale":"sv_SE","og_type":"article","og_title":"TRUUSK Hundvagn och Kattvagn 2-i-1 - Hopf\u00e4llbar - Regnskydd - N\u00e4tventilation - Kudde - F\u00f6r Hundar och Katter upp till 10 kg - TRUUSK - Hem, Tr\u00e4dg\u00e5rd &amp; Fritid","og_description":"P\u00e5 denna kontorsstol fr\u00e5n TRUUSK \u00e4r det bekv\u00e4mt att sitta \u00e4ven under l\u00e4ngre perioder. Sittytan \u00e4r bekv\u00e4mt vadderad, medan en...","og_url":"https:\/\/truusk.store\/sv\/produkt\/truusk-hundvagn-och-kattvagn-2-i-1-hopfallbar-regnskydd-natventilation-kudde-for-hundar-och-katter-upp-till-10-kg\/","og_site_name":"TRUUSK - Hem, Tr\u00e4dg\u00e5rd &amp; Fritid","article_modified_time":"2026-03-12T08:13:19+00:00","og_image":[{"width":2000,"height":2000,"url":"https:\/\/i0.wp.com\/truusk.se\/wp-content\/uploads\/2025\/08\/ritstol-med-fotstod-5-hjul-hojdjusterbar-stal-mesh-tyg-svart-1.webp?fit=2000%2C2000&ssl=1","type":"image\/webp"}],"twitter_card":"summary_large_image","twitter_misc":{"Ber\u00e4knad l\u00e4stid":"1 minut"},"schema":{"@context":"https:\/\/schema.org","@graph":[{"@type":"WebPage","@id":"https:\/\/truusk.store\/sv\/produkt\/truusk-hundvagn-och-kattvagn-2-i-1-hopfallbar-regnskydd-natventilation-kudde-for-hundar-och-katter-upp-till-10-kg\/","url":"https:\/\/truusk.store\/sv\/produkt\/truusk-hundvagn-och-kattvagn-2-i-1-hopfallbar-regnskydd-natventilation-kudde-for-hundar-och-katter-upp-till-10-kg\/","name":"TRUUSK Hundvagn och Kattvagn 2-i-1 - Hopf\u00e4llbar - Regnskydd - N\u00e4tventilation - Kudde - F\u00f6r Hundar och Katter upp till 10 kg - TRUUSK - Hem, Tr\u00e4dg\u00e5rd &amp; Fritid","isPartOf":{"@id":"https:\/\/truusk.store\/sv\/#website"},"primaryImageOfPage":{"@id":"https:\/\/truusk.store\/sv\/produkt\/truusk-hundvagn-och-kattvagn-2-i-1-hopfallbar-regnskydd-natventilation-kudde-for-hundar-och-katter-upp-till-10-kg\/#primaryimage"},"image":{"@id":"https:\/\/truusk.store\/sv\/produkt\/truusk-hundvagn-och-kattvagn-2-i-1-hopfallbar-regnskydd-natventilation-kudde-for-hundar-och-katter-upp-till-10-kg\/#primaryimage"},"thumbnailUrl":"https:\/\/i0.wp.com\/truusk.store\/wp-content\/uploads\/2025\/08\/ritstol-med-fotstod-5-hjul-hojdjusterbar-stal-mesh-tyg-svart-1.webp?fit=2000%2C2000&ssl=1","datePublished":"2025-08-20T03:52:24+00:00","dateModified":"2026-03-12T08:13:19+00:00","breadcrumb":{"@id":"https:\/\/truusk.store\/sv\/produkt\/truusk-hundvagn-och-kattvagn-2-i-1-hopfallbar-regnskydd-natventilation-kudde-for-hundar-och-katter-upp-till-10-kg\/#breadcrumb"},"inLanguage":"sv-SE","potentialAction":[{"@type":"ReadAction","target":["https:\/\/truusk.store\/sv\/produkt\/truusk-hundvagn-och-kattvagn-2-i-1-hopfallbar-regnskydd-natventilation-kudde-for-hundar-och-katter-upp-till-10-kg\/"]}]},{"@type":"ImageObject","inLanguage":"sv-SE","@id":"https:\/\/truusk.store\/sv\/produkt\/truusk-hundvagn-och-kattvagn-2-i-1-hopfallbar-regnskydd-natventilation-kudde-for-hundar-och-katter-upp-till-10-kg\/#primaryimage","url":"https:\/\/i0.wp.com\/truusk.store\/wp-content\/uploads\/2025\/08\/ritstol-med-fotstod-5-hjul-hojdjusterbar-stal-mesh-tyg-svart-1.webp?fit=2000%2C2000&ssl=1","contentUrl":"https:\/\/i0.wp.com\/truusk.store\/wp-content\/uploads\/2025\/08\/ritstol-med-fotstod-5-hjul-hojdjusterbar-stal-mesh-tyg-svart-1.webp?fit=2000%2C2000&ssl=1","width":2000,"height":2000},{"@type":"BreadcrumbList","@id":"https:\/\/truusk.store\/sv\/produkt\/truusk-hundvagn-och-kattvagn-2-i-1-hopfallbar-regnskydd-natventilation-kudde-for-hundar-och-katter-upp-till-10-kg\/#breadcrumb","itemListElement":[{"@type":"ListItem","position":1,"name":"Home","item":"https:\/\/truusk.store\/sv\/"},{"@type":"ListItem","position":2,"name":"Shop","item":"https:\/\/truusk.store\/shop\/"},{"@type":"ListItem","position":3,"name":"TRUUSK Hundvagn och Kattvagn 2-i-1 &#8211; Hopf\u00e4llbar &#8211; Regnskydd &#8211; N\u00e4tventilation &#8211; Kudde &#8211; F\u00f6r Hundar och Katter upp till 10 kg &#8211;"}]},{"@type":"WebSite","@id":"https:\/\/truusk.store\/sv\/#website","url":"https:\/\/truusk.store\/sv\/","name":"TRUUSK - Hem, Tr\u00e4dg\u00e5rd & Fritid","description":"","publisher":{"@id":"https:\/\/truusk.store\/sv\/#organization"},"potentialAction":[{"@type":"SearchAction","target":{"@type":"EntryPoint","urlTemplate":"https:\/\/truusk.store\/sv\/?s={search_term_string}"},"query-input":{"@type":"PropertyValueSpecification","valueRequired":true,"valueName":"search_term_string"}}],"inLanguage":"sv-SE"},{"@type":"Organization","@id":"https:\/\/truusk.store\/sv\/#organization","name":"TRUUSK - Hem, Tr\u00e4dg\u00e5rd & Fritid","url":"https:\/\/truusk.store\/sv\/","logo":{"@type":"ImageObject","inLanguage":"sv-SE","@id":"https:\/\/truusk.store\/sv\/#\/schema\/logo\/image\/","url":"https:\/\/i0.wp.com\/truusk.store\/wp-content\/uploads\/2026\/03\/cropped-TRUUSK.png?fit=2032%2C917&ssl=1","contentUrl":"https:\/\/i0.wp.com\/truusk.store\/wp-content\/uploads\/2026\/03\/cropped-TRUUSK.png?fit=2032%2C917&ssl=1","width":2032,"height":917,"caption":"TRUUSK - Hem, Tr\u00e4dg\u00e5rd & Fritid"},"image":{"@id":"https:\/\/truusk.store\/sv\/#\/schema\/logo\/image\/"}}]}},"jetpack_sharing_enabled":true,"_links":{"self":[{"href":"https:\/\/truusk.store\/sv\/wp-json\/wp\/v2\/product\/86558","targetHints":{"allow":["GET"]}}],"collection":[{"href":"https:\/\/truusk.store\/sv\/wp-json\/wp\/v2\/product"}],"about":[{"href":"https:\/\/truusk.store\/sv\/wp-json\/wp\/v2\/types\/product"}],"wp:featuredmedia":[{"embeddable":true,"href":"https:\/\/truusk.store\/sv\/wp-json\/wp\/v2\/media\/86549"}],"wp:attachment":[{"href":"https:\/\/truusk.store\/sv\/wp-json\/wp\/v2\/media?parent=86558"}],"wp:term":[{"taxonomy":"product_brand","embeddable":true,"href":"https:\/\/truusk.store\/sv\/wp-json\/wp\/v2\/product_brand?post=86558"},{"taxonomy":"product_cat","embeddable":true,"href":"https:\/\/truusk.store\/sv\/wp-json\/wp\/v2\/product_cat?post=86558"},{"taxonomy":"product_tag","embeddable":true,"href":"https:\/\/truusk.store\/sv\/wp-json\/wp\/v2\/product_tag?post=86558"}],"curies":[{"name":"wp","href":"https:\/\/api.w.org\/{rel}","templated":true}]}}