{"id":86578,"date":"2025-08-20T04:54:29","date_gmt":"2025-08-20T03:54:29","guid":{"rendered":"https:\/\/truusk.store\/product\/badrumshylla-3-oppna-fack-lada-lamelldorr-bambu-32-x-30-x-163-cm\/"},"modified":"2026-03-12T09:14:18","modified_gmt":"2026-03-12T08:14:18","slug":"truusk-badrumshylla-3-oppna-fack-lada-lamelldorr-bambu-32-x-30-x-163-cm","status":"publish","type":"product","link":"https:\/\/truusk.store\/sv\/produkt\/truusk-badrumshylla-3-oppna-fack-lada-lamelldorr-bambu-32-x-30-x-163-cm\/","title":{"rendered":"TRUUSK Badrumshylla &#8211; 3 \u00f6ppna fack &#8211; L\u00e5da &#8211; Lamelld\u00f6rr &#8211; Bambu &#8211; 32 X 30 X 163 cm"},"content":{"rendered":"<p>Detta stilfulla, smala badrumssk\u00e5p fr\u00e5n TRUUSK skapar ordning i ditt badrum och kombinerar \u00f6ppen och st\u00e4ngd f\u00f6rvaring &#8211; perfekt f\u00f6r mindre utrymmen. Tillverkat av slitstark bambu, ger badrumssk\u00e5pet ditt badrum en naturlig, varm utstr\u00e5lning och \u00e4r perfekt f\u00f6r daglig anv\u00e4ndning. Njut av kombinationen av badrumssk\u00e5pets funktionalitet och estetik medan du organiserar dina n\u00f6dv\u00e4ndigheter med stil.<\/p>\n<p>Beskrivning:<\/p>\n<ul>\n<li> Kompakt och h\u00f6gt badrumssk\u00e5p passar perfekt i tr\u00e5nga utrymmen<\/li>\n<li> Naturligt och varmt utseende passar f\u00f6r de flesta badrumsstilar, vardagsrum och korridorer<\/li>\n<li> Har tre \u00f6ppna hyllor, en l\u00e5da och ett sk\u00e5pfack f\u00f6r mycket f\u00f6rvaring och organisering<\/li>\n<li> Tillverkad av bambu f\u00f6r en solid konstruktion<\/li>\n<li> Lamelld\u00f6rren p\u00e5 det nedre badrumssk\u00e5pet ger ventilation f\u00f6r objekten<\/li>\n<li> Badrumssk\u00e5pets tipp-skydd garanterar din s\u00e4kerhet<\/li>\n<li> Montering kr\u00e4vs<\/li>\n<\/ul>\n<p> Tekniska data:<\/p>\n<ul>\n<li> F\u00e4rg: Naturtr\u00e4<\/li>\n<li> Material: Bambu<\/li>\n<li> Totala dimensioner: 32L x 30B x 163H<\/li>\n<li> \u00d6ppna hyllfack: 29,5L x 28,5B x 25,5\/25,5\/25,5H cm<\/li>\n<li> Inre m\u00e5tt p\u00e5 l\u00e5dan: 27,5L x 27,5B x 8,8H cm<\/li>\n<li> Inre m\u00e5tt p\u00e5 sk\u00e5pet: 29L x 28,5B x 29,5\/34,7H cm<\/li>\n<li> B\u00e4rkapacitet: 15 kg<\/li>\n<\/ul>\n<p> Leveransinneh\u00e5ll:<\/p>\n<ul>\n<li> 1 x Badrumssk\u00e5p<\/li>\n<li> 1 x Bruksanvisning<\/li>\n<\/ul>\n","protected":false},"excerpt":{"rendered":"<p>Detta stilfulla, smala badrumssk\u00e5p fr\u00e5n TRUUSK skapar ordning i ditt badrum och kombinerar \u00f6ppen och st\u00e4ngd f\u00f6rvaring &#8211; perfekt f\u00f6r&#8230;<\/p>\n","protected":false},"featured_media":86569,"template":"","meta":[],"product_brand":[],"product_cat":[915,535,871],"product_tag":[],"class_list":{"0":"post-86578","1":"product","2":"type-product","3":"status-publish","4":"has-post-thumbnail","6":"product_cat-badrum","7":"product_cat-badrumsskap","8":"product_cat-hus-hem","10":"first","11":"instock","12":"sale","13":"taxable","14":"shipping-taxable","15":"purchasable","16":"product-type-simple"},"yoast_head":"<!-- This site is optimized with the Yoast SEO plugin v25.4 - https:\/\/yoast.com\/wordpress\/plugins\/seo\/ -->\n<title>TRUUSK Badrumshylla - 3 \u00f6ppna fack - L\u00e5da - Lamelld\u00f6rr - Bambu - 32 X 30 X 163 cm - TRUUSK - Hem, Tr\u00e4dg\u00e5rd &amp; Fritid<\/title>\n<meta name=\"robots\" content=\"index, follow, max-snippet:-1, max-image-preview:large, max-video-preview:-1\" \/>\n<link rel=\"canonical\" href=\"https:\/\/truusk.store\/sv\/produkt\/truusk-badrumshylla-3-oppna-fack-lada-lamelldorr-bambu-32-x-30-x-163-cm\/\" \/>\n<meta property=\"og:locale\" content=\"sv_SE\" \/>\n<meta property=\"og:type\" content=\"article\" \/>\n<meta property=\"og:title\" content=\"TRUUSK Badrumshylla - 3 \u00f6ppna fack - L\u00e5da - Lamelld\u00f6rr - Bambu - 32 X 30 X 163 cm - TRUUSK - Hem, Tr\u00e4dg\u00e5rd &amp; Fritid\" \/>\n<meta property=\"og:description\" content=\"Detta stilfulla, smala badrumssk\u00e5p fr\u00e5n TRUUSK skapar ordning i ditt badrum och kombinerar \u00f6ppen och st\u00e4ngd f\u00f6rvaring &#8211; perfekt f\u00f6r...\" \/>\n<meta property=\"og:url\" content=\"https:\/\/truusk.store\/sv\/produkt\/truusk-badrumshylla-3-oppna-fack-lada-lamelldorr-bambu-32-x-30-x-163-cm\/\" \/>\n<meta property=\"og:site_name\" content=\"TRUUSK - Hem, Tr\u00e4dg\u00e5rd &amp; Fritid\" \/>\n<meta property=\"article:modified_time\" content=\"2026-03-12T08:14:18+00:00\" \/>\n<meta property=\"og:image\" content=\"https:\/\/i0.wp.com\/truusk.se\/wp-content\/uploads\/2025\/08\/badrumshylla-3-oppna-fack-lada-lamelldorr-bambu-32-x-30-x-163-cm-1.webp?fit=2000%2C2000&ssl=1\" \/>\n\t<meta property=\"og:image:width\" content=\"2000\" \/>\n\t<meta property=\"og:image:height\" content=\"2000\" \/>\n\t<meta property=\"og:image:type\" content=\"image\/webp\" \/>\n<meta name=\"twitter:card\" content=\"summary_large_image\" \/>\n<meta name=\"twitter:label1\" content=\"Ber\u00e4knad l\u00e4stid\" \/>\n\t<meta name=\"twitter:data1\" content=\"1 minut\" \/>\n<!-- \/ Yoast SEO plugin. -->","yoast_head_json":{"title":"TRUUSK Badrumshylla - 3 \u00f6ppna fack - L\u00e5da - Lamelld\u00f6rr - Bambu - 32 X 30 X 163 cm - TRUUSK - Hem, Tr\u00e4dg\u00e5rd &amp; Fritid","robots":{"index":"index","follow":"follow","max-snippet":"max-snippet:-1","max-image-preview":"max-image-preview:large","max-video-preview":"max-video-preview:-1"},"canonical":"https:\/\/truusk.store\/sv\/produkt\/truusk-badrumshylla-3-oppna-fack-lada-lamelldorr-bambu-32-x-30-x-163-cm\/","og_locale":"sv_SE","og_type":"article","og_title":"TRUUSK Badrumshylla - 3 \u00f6ppna fack - L\u00e5da - Lamelld\u00f6rr - Bambu - 32 X 30 X 163 cm - TRUUSK - Hem, Tr\u00e4dg\u00e5rd &amp; Fritid","og_description":"Detta stilfulla, smala badrumssk\u00e5p fr\u00e5n TRUUSK skapar ordning i ditt badrum och kombinerar \u00f6ppen och st\u00e4ngd f\u00f6rvaring &#8211; perfekt f\u00f6r...","og_url":"https:\/\/truusk.store\/sv\/produkt\/truusk-badrumshylla-3-oppna-fack-lada-lamelldorr-bambu-32-x-30-x-163-cm\/","og_site_name":"TRUUSK - Hem, Tr\u00e4dg\u00e5rd &amp; Fritid","article_modified_time":"2026-03-12T08:14:18+00:00","og_image":[{"width":2000,"height":2000,"url":"https:\/\/i0.wp.com\/truusk.se\/wp-content\/uploads\/2025\/08\/badrumshylla-3-oppna-fack-lada-lamelldorr-bambu-32-x-30-x-163-cm-1.webp?fit=2000%2C2000&ssl=1","type":"image\/webp"}],"twitter_card":"summary_large_image","twitter_misc":{"Ber\u00e4knad l\u00e4stid":"1 minut"},"schema":{"@context":"https:\/\/schema.org","@graph":[{"@type":"WebPage","@id":"https:\/\/truusk.store\/sv\/produkt\/truusk-badrumshylla-3-oppna-fack-lada-lamelldorr-bambu-32-x-30-x-163-cm\/","url":"https:\/\/truusk.store\/sv\/produkt\/truusk-badrumshylla-3-oppna-fack-lada-lamelldorr-bambu-32-x-30-x-163-cm\/","name":"TRUUSK Badrumshylla - 3 \u00f6ppna fack - L\u00e5da - Lamelld\u00f6rr - Bambu - 32 X 30 X 163 cm - TRUUSK - Hem, Tr\u00e4dg\u00e5rd &amp; Fritid","isPartOf":{"@id":"https:\/\/truusk.store\/sv\/#website"},"primaryImageOfPage":{"@id":"https:\/\/truusk.store\/sv\/produkt\/truusk-badrumshylla-3-oppna-fack-lada-lamelldorr-bambu-32-x-30-x-163-cm\/#primaryimage"},"image":{"@id":"https:\/\/truusk.store\/sv\/produkt\/truusk-badrumshylla-3-oppna-fack-lada-lamelldorr-bambu-32-x-30-x-163-cm\/#primaryimage"},"thumbnailUrl":"https:\/\/i0.wp.com\/truusk.store\/wp-content\/uploads\/2025\/08\/badrumshylla-3-oppna-fack-lada-lamelldorr-bambu-32-x-30-x-163-cm-1.webp?fit=2000%2C2000&ssl=1","datePublished":"2025-08-20T03:54:29+00:00","dateModified":"2026-03-12T08:14:18+00:00","breadcrumb":{"@id":"https:\/\/truusk.store\/sv\/produkt\/truusk-badrumshylla-3-oppna-fack-lada-lamelldorr-bambu-32-x-30-x-163-cm\/#breadcrumb"},"inLanguage":"sv-SE","potentialAction":[{"@type":"ReadAction","target":["https:\/\/truusk.store\/sv\/produkt\/truusk-badrumshylla-3-oppna-fack-lada-lamelldorr-bambu-32-x-30-x-163-cm\/"]}]},{"@type":"ImageObject","inLanguage":"sv-SE","@id":"https:\/\/truusk.store\/sv\/produkt\/truusk-badrumshylla-3-oppna-fack-lada-lamelldorr-bambu-32-x-30-x-163-cm\/#primaryimage","url":"https:\/\/i0.wp.com\/truusk.store\/wp-content\/uploads\/2025\/08\/badrumshylla-3-oppna-fack-lada-lamelldorr-bambu-32-x-30-x-163-cm-1.webp?fit=2000%2C2000&ssl=1","contentUrl":"https:\/\/i0.wp.com\/truusk.store\/wp-content\/uploads\/2025\/08\/badrumshylla-3-oppna-fack-lada-lamelldorr-bambu-32-x-30-x-163-cm-1.webp?fit=2000%2C2000&ssl=1","width":2000,"height":2000},{"@type":"BreadcrumbList","@id":"https:\/\/truusk.store\/sv\/produkt\/truusk-badrumshylla-3-oppna-fack-lada-lamelldorr-bambu-32-x-30-x-163-cm\/#breadcrumb","itemListElement":[{"@type":"ListItem","position":1,"name":"Home","item":"https:\/\/truusk.store\/sv\/"},{"@type":"ListItem","position":2,"name":"Shop","item":"https:\/\/truusk.store\/shop\/"},{"@type":"ListItem","position":3,"name":"TRUUSK Badrumshylla &#8211; 3 \u00f6ppna fack &#8211; L\u00e5da &#8211; Lamelld\u00f6rr &#8211; Bambu &#8211; 32 X 30 X 163 cm"}]},{"@type":"WebSite","@id":"https:\/\/truusk.store\/sv\/#website","url":"https:\/\/truusk.store\/sv\/","name":"TRUUSK - Hem, Tr\u00e4dg\u00e5rd & Fritid","description":"","publisher":{"@id":"https:\/\/truusk.store\/sv\/#organization"},"potentialAction":[{"@type":"SearchAction","target":{"@type":"EntryPoint","urlTemplate":"https:\/\/truusk.store\/sv\/?s={search_term_string}"},"query-input":{"@type":"PropertyValueSpecification","valueRequired":true,"valueName":"search_term_string"}}],"inLanguage":"sv-SE"},{"@type":"Organization","@id":"https:\/\/truusk.store\/sv\/#organization","name":"TRUUSK - Hem, Tr\u00e4dg\u00e5rd & Fritid","url":"https:\/\/truusk.store\/sv\/","logo":{"@type":"ImageObject","inLanguage":"sv-SE","@id":"https:\/\/truusk.store\/sv\/#\/schema\/logo\/image\/","url":"https:\/\/i0.wp.com\/truusk.store\/wp-content\/uploads\/2026\/03\/cropped-TRUUSK.png?fit=2032%2C917&ssl=1","contentUrl":"https:\/\/i0.wp.com\/truusk.store\/wp-content\/uploads\/2026\/03\/cropped-TRUUSK.png?fit=2032%2C917&ssl=1","width":2032,"height":917,"caption":"TRUUSK - Hem, Tr\u00e4dg\u00e5rd & Fritid"},"image":{"@id":"https:\/\/truusk.store\/sv\/#\/schema\/logo\/image\/"}}]}},"jetpack_sharing_enabled":true,"_links":{"self":[{"href":"https:\/\/truusk.store\/sv\/wp-json\/wp\/v2\/product\/86578","targetHints":{"allow":["GET"]}}],"collection":[{"href":"https:\/\/truusk.store\/sv\/wp-json\/wp\/v2\/product"}],"about":[{"href":"https:\/\/truusk.store\/sv\/wp-json\/wp\/v2\/types\/product"}],"wp:featuredmedia":[{"embeddable":true,"href":"https:\/\/truusk.store\/sv\/wp-json\/wp\/v2\/media\/86569"}],"wp:attachment":[{"href":"https:\/\/truusk.store\/sv\/wp-json\/wp\/v2\/media?parent=86578"}],"wp:term":[{"taxonomy":"product_brand","embeddable":true,"href":"https:\/\/truusk.store\/sv\/wp-json\/wp\/v2\/product_brand?post=86578"},{"taxonomy":"product_cat","embeddable":true,"href":"https:\/\/truusk.store\/sv\/wp-json\/wp\/v2\/product_cat?post=86578"},{"taxonomy":"product_tag","embeddable":true,"href":"https:\/\/truusk.store\/sv\/wp-json\/wp\/v2\/product_tag?post=86578"}],"curies":[{"name":"wp","href":"https:\/\/api.w.org\/{rel}","templated":true}]}}