{"id":86598,"date":"2025-08-20T04:56:32","date_gmt":"2025-08-20T03:56:32","guid":{"rendered":"https:\/\/truusk.store\/product\/saftbyggsats-for-barn-skumblock-kvadrat-trappa-ramp-konstlader-flerfargad\/"},"modified":"2026-03-12T09:14:29","modified_gmt":"2026-03-12T08:14:29","slug":"truusk-saftbyggsats-for-barn-skumblock-kvadrat-trappa-ramp-konstlader-flerfargad","status":"publish","type":"product","link":"https:\/\/truusk.store\/sv\/produkt\/truusk-saftbyggsats-for-barn-skumblock-kvadrat-trappa-ramp-konstlader-flerfargad\/","title":{"rendered":"TRUUSK Saftbyggsats F\u00f6r Barn &#8211; Skumblock &#8211; Kvadrat &#8211; Trappa &#8211; Ramp &#8211; Konstl\u00e4der &#8211; Flerf\u00e4rgad"},"content":{"rendered":"<p>Uppt\u00e4ck TRUUSK mjukblock-set \u2013 den perfekta lekplatsen f\u00f6r dina sm\u00e5! Med f\u00e4rgglada, olika formade skumblock fr\u00e4mjar det dina barns fantasi och kreativitet. De mjuka skumblocken erbjuder en s\u00e4ker milj\u00f6 f\u00f6r att springa, hoppa och krypa. Tack vare enkel reng\u00f6ring med desinfektionsservetter f\u00f6rblir allt hygieniskt. Ge dina barn o\u00e4ndligt med kul och en s\u00e4ker lekmilj\u00f6!<\/p>\n<p>Beskrivning:<\/p>\n<ul>\n<li> Sju skumblock som erbjuder kul och fr\u00e4mjar kreativitet<\/li>\n<li> Mjukt blockset med ett kvadrat, trappor, en ramp, sektor- och lutande delar<\/li>\n<li> L\u00e4tt att reng\u00f6ra \u2013 torka bara av med en desinfektionsservett<\/li>\n<li> Rekommenderad \u00e5lder: 12-36 m\u00e5nader<\/li>\n<li> Certifierad \u00e5lder: 12-36 m\u00e5nader<\/li>\n<li> Maximal belastning av mjuka block 60 kg, ingen montering kr\u00e4vs<\/li>\n<\/ul>\n<p>Tekniska data:<\/p>\n<ul>\n<li> F\u00e4rg: Flerf\u00e4rgad<\/li>\n<li> Material: Konstl\u00e4der, EPE<\/li>\n<li> M\u00e5tt: 170L x 130B x 40H cm<\/li>\n<li> Bl\u00e5 kvadratisk block: 55L x 40B x 38H cm<\/li>\n<li> Lila: 40L x 27,5B x 27,5H cm<\/li>\n<li> M\u00f6rkbl\u00e5: 45L x 30B x 15H cm<\/li>\n<li> Halvcylindrisk block: 40L x 30B x 27,5H cm<\/li>\n<li> Ovalt block: 55L x 40B x 3H cm<\/li>\n<li> Trapetsformad block: 55L x 40B x 25H cm<\/li>\n<li> Rekommenderad \u00e5lder: 12-36 m\u00e5nader<\/li>\n<li> Certifierad \u00e5lder: 12-36 m\u00e5nader<\/li>\n<\/ul>\n<p>Leveransinneh\u00e5ll:<\/p>\n<ul>\n<li> 1 x Mjukspelset f\u00f6r barn<\/li>\n<li> 1 x Instruktioner<\/li>\n<\/ul>\n","protected":false},"excerpt":{"rendered":"<p>Uppt\u00e4ck TRUUSK mjukblock-set \u2013 den perfekta lekplatsen f\u00f6r dina sm\u00e5! Med f\u00e4rgglada, olika formade skumblock fr\u00e4mjar det dina barns fantasi&#8230;<\/p>\n","protected":false},"featured_media":86589,"template":"","meta":[],"product_brand":[],"product_cat":[880,919,918],"product_tag":[],"class_list":{"0":"post-86598","1":"product","2":"type-product","3":"status-publish","4":"has-post-thumbnail","6":"product_cat-baby-barn-2","7":"product_cat-byggklossar","8":"product_cat-leksaker","10":"first","11":"instock","12":"sale","13":"taxable","14":"shipping-taxable","15":"purchasable","16":"product-type-simple"},"yoast_head":"<!-- This site is optimized with the Yoast SEO plugin v25.4 - https:\/\/yoast.com\/wordpress\/plugins\/seo\/ -->\n<title>TRUUSK Saftbyggsats F\u00f6r Barn - Skumblock - Kvadrat - Trappa - Ramp - Konstl\u00e4der - Flerf\u00e4rgad - TRUUSK - Hem, Tr\u00e4dg\u00e5rd &amp; Fritid<\/title>\n<meta name=\"robots\" content=\"index, follow, max-snippet:-1, max-image-preview:large, max-video-preview:-1\" \/>\n<link rel=\"canonical\" href=\"https:\/\/truusk.store\/sv\/produkt\/truusk-saftbyggsats-for-barn-skumblock-kvadrat-trappa-ramp-konstlader-flerfargad\/\" \/>\n<meta property=\"og:locale\" content=\"sv_SE\" \/>\n<meta property=\"og:type\" content=\"article\" \/>\n<meta property=\"og:title\" content=\"TRUUSK Saftbyggsats F\u00f6r Barn - Skumblock - Kvadrat - Trappa - Ramp - Konstl\u00e4der - Flerf\u00e4rgad - TRUUSK - Hem, Tr\u00e4dg\u00e5rd &amp; Fritid\" \/>\n<meta property=\"og:description\" content=\"Uppt\u00e4ck TRUUSK mjukblock-set \u2013 den perfekta lekplatsen f\u00f6r dina sm\u00e5! Med f\u00e4rgglada, olika formade skumblock fr\u00e4mjar det dina barns fantasi...\" \/>\n<meta property=\"og:url\" content=\"https:\/\/truusk.store\/sv\/produkt\/truusk-saftbyggsats-for-barn-skumblock-kvadrat-trappa-ramp-konstlader-flerfargad\/\" \/>\n<meta property=\"og:site_name\" content=\"TRUUSK - Hem, Tr\u00e4dg\u00e5rd &amp; Fritid\" \/>\n<meta property=\"article:modified_time\" content=\"2026-03-12T08:14:29+00:00\" \/>\n<meta property=\"og:image\" content=\"https:\/\/i0.wp.com\/truusk.se\/wp-content\/uploads\/2025\/08\/saftbyggsats-for-barn-skumblock-kvadrat-trappa-ramp-konstlader-flerfargad-1.webp?fit=2000%2C2000&ssl=1\" \/>\n\t<meta property=\"og:image:width\" content=\"2000\" \/>\n\t<meta property=\"og:image:height\" content=\"2000\" \/>\n\t<meta property=\"og:image:type\" content=\"image\/webp\" \/>\n<meta name=\"twitter:card\" content=\"summary_large_image\" \/>\n<meta name=\"twitter:label1\" content=\"Ber\u00e4knad l\u00e4stid\" \/>\n\t<meta name=\"twitter:data1\" content=\"1 minut\" \/>\n<!-- \/ Yoast SEO plugin. -->","yoast_head_json":{"title":"TRUUSK Saftbyggsats F\u00f6r Barn - Skumblock - Kvadrat - Trappa - Ramp - Konstl\u00e4der - Flerf\u00e4rgad - TRUUSK - Hem, Tr\u00e4dg\u00e5rd &amp; Fritid","robots":{"index":"index","follow":"follow","max-snippet":"max-snippet:-1","max-image-preview":"max-image-preview:large","max-video-preview":"max-video-preview:-1"},"canonical":"https:\/\/truusk.store\/sv\/produkt\/truusk-saftbyggsats-for-barn-skumblock-kvadrat-trappa-ramp-konstlader-flerfargad\/","og_locale":"sv_SE","og_type":"article","og_title":"TRUUSK Saftbyggsats F\u00f6r Barn - Skumblock - Kvadrat - Trappa - Ramp - Konstl\u00e4der - Flerf\u00e4rgad - TRUUSK - Hem, Tr\u00e4dg\u00e5rd &amp; Fritid","og_description":"Uppt\u00e4ck TRUUSK mjukblock-set \u2013 den perfekta lekplatsen f\u00f6r dina sm\u00e5! Med f\u00e4rgglada, olika formade skumblock fr\u00e4mjar det dina barns fantasi...","og_url":"https:\/\/truusk.store\/sv\/produkt\/truusk-saftbyggsats-for-barn-skumblock-kvadrat-trappa-ramp-konstlader-flerfargad\/","og_site_name":"TRUUSK - Hem, Tr\u00e4dg\u00e5rd &amp; Fritid","article_modified_time":"2026-03-12T08:14:29+00:00","og_image":[{"width":2000,"height":2000,"url":"https:\/\/i0.wp.com\/truusk.se\/wp-content\/uploads\/2025\/08\/saftbyggsats-for-barn-skumblock-kvadrat-trappa-ramp-konstlader-flerfargad-1.webp?fit=2000%2C2000&ssl=1","type":"image\/webp"}],"twitter_card":"summary_large_image","twitter_misc":{"Ber\u00e4knad l\u00e4stid":"1 minut"},"schema":{"@context":"https:\/\/schema.org","@graph":[{"@type":"WebPage","@id":"https:\/\/truusk.store\/sv\/produkt\/truusk-saftbyggsats-for-barn-skumblock-kvadrat-trappa-ramp-konstlader-flerfargad\/","url":"https:\/\/truusk.store\/sv\/produkt\/truusk-saftbyggsats-for-barn-skumblock-kvadrat-trappa-ramp-konstlader-flerfargad\/","name":"TRUUSK Saftbyggsats F\u00f6r Barn - Skumblock - Kvadrat - Trappa - Ramp - Konstl\u00e4der - Flerf\u00e4rgad - TRUUSK - Hem, Tr\u00e4dg\u00e5rd &amp; Fritid","isPartOf":{"@id":"https:\/\/truusk.store\/sv\/#website"},"primaryImageOfPage":{"@id":"https:\/\/truusk.store\/sv\/produkt\/truusk-saftbyggsats-for-barn-skumblock-kvadrat-trappa-ramp-konstlader-flerfargad\/#primaryimage"},"image":{"@id":"https:\/\/truusk.store\/sv\/produkt\/truusk-saftbyggsats-for-barn-skumblock-kvadrat-trappa-ramp-konstlader-flerfargad\/#primaryimage"},"thumbnailUrl":"https:\/\/i0.wp.com\/truusk.store\/wp-content\/uploads\/2025\/08\/saftbyggsats-for-barn-skumblock-kvadrat-trappa-ramp-konstlader-flerfargad-1.webp?fit=2000%2C2000&ssl=1","datePublished":"2025-08-20T03:56:32+00:00","dateModified":"2026-03-12T08:14:29+00:00","breadcrumb":{"@id":"https:\/\/truusk.store\/sv\/produkt\/truusk-saftbyggsats-for-barn-skumblock-kvadrat-trappa-ramp-konstlader-flerfargad\/#breadcrumb"},"inLanguage":"sv-SE","potentialAction":[{"@type":"ReadAction","target":["https:\/\/truusk.store\/sv\/produkt\/truusk-saftbyggsats-for-barn-skumblock-kvadrat-trappa-ramp-konstlader-flerfargad\/"]}]},{"@type":"ImageObject","inLanguage":"sv-SE","@id":"https:\/\/truusk.store\/sv\/produkt\/truusk-saftbyggsats-for-barn-skumblock-kvadrat-trappa-ramp-konstlader-flerfargad\/#primaryimage","url":"https:\/\/i0.wp.com\/truusk.store\/wp-content\/uploads\/2025\/08\/saftbyggsats-for-barn-skumblock-kvadrat-trappa-ramp-konstlader-flerfargad-1.webp?fit=2000%2C2000&ssl=1","contentUrl":"https:\/\/i0.wp.com\/truusk.store\/wp-content\/uploads\/2025\/08\/saftbyggsats-for-barn-skumblock-kvadrat-trappa-ramp-konstlader-flerfargad-1.webp?fit=2000%2C2000&ssl=1","width":2000,"height":2000},{"@type":"BreadcrumbList","@id":"https:\/\/truusk.store\/sv\/produkt\/truusk-saftbyggsats-for-barn-skumblock-kvadrat-trappa-ramp-konstlader-flerfargad\/#breadcrumb","itemListElement":[{"@type":"ListItem","position":1,"name":"Home","item":"https:\/\/truusk.store\/sv\/"},{"@type":"ListItem","position":2,"name":"Shop","item":"https:\/\/truusk.store\/shop\/"},{"@type":"ListItem","position":3,"name":"TRUUSK Saftbyggsats F\u00f6r Barn &#8211; Skumblock &#8211; Kvadrat &#8211; Trappa &#8211; Ramp &#8211; Konstl\u00e4der &#8211; Flerf\u00e4rgad"}]},{"@type":"WebSite","@id":"https:\/\/truusk.store\/sv\/#website","url":"https:\/\/truusk.store\/sv\/","name":"TRUUSK - Hem, Tr\u00e4dg\u00e5rd & Fritid","description":"","publisher":{"@id":"https:\/\/truusk.store\/sv\/#organization"},"potentialAction":[{"@type":"SearchAction","target":{"@type":"EntryPoint","urlTemplate":"https:\/\/truusk.store\/sv\/?s={search_term_string}"},"query-input":{"@type":"PropertyValueSpecification","valueRequired":true,"valueName":"search_term_string"}}],"inLanguage":"sv-SE"},{"@type":"Organization","@id":"https:\/\/truusk.store\/sv\/#organization","name":"TRUUSK - Hem, Tr\u00e4dg\u00e5rd & Fritid","url":"https:\/\/truusk.store\/sv\/","logo":{"@type":"ImageObject","inLanguage":"sv-SE","@id":"https:\/\/truusk.store\/sv\/#\/schema\/logo\/image\/","url":"https:\/\/i0.wp.com\/truusk.store\/wp-content\/uploads\/2026\/03\/cropped-TRUUSK.png?fit=2032%2C917&ssl=1","contentUrl":"https:\/\/i0.wp.com\/truusk.store\/wp-content\/uploads\/2026\/03\/cropped-TRUUSK.png?fit=2032%2C917&ssl=1","width":2032,"height":917,"caption":"TRUUSK - Hem, Tr\u00e4dg\u00e5rd & Fritid"},"image":{"@id":"https:\/\/truusk.store\/sv\/#\/schema\/logo\/image\/"}}]}},"jetpack_sharing_enabled":true,"_links":{"self":[{"href":"https:\/\/truusk.store\/sv\/wp-json\/wp\/v2\/product\/86598","targetHints":{"allow":["GET"]}}],"collection":[{"href":"https:\/\/truusk.store\/sv\/wp-json\/wp\/v2\/product"}],"about":[{"href":"https:\/\/truusk.store\/sv\/wp-json\/wp\/v2\/types\/product"}],"wp:featuredmedia":[{"embeddable":true,"href":"https:\/\/truusk.store\/sv\/wp-json\/wp\/v2\/media\/86589"}],"wp:attachment":[{"href":"https:\/\/truusk.store\/sv\/wp-json\/wp\/v2\/media?parent=86598"}],"wp:term":[{"taxonomy":"product_brand","embeddable":true,"href":"https:\/\/truusk.store\/sv\/wp-json\/wp\/v2\/product_brand?post=86598"},{"taxonomy":"product_cat","embeddable":true,"href":"https:\/\/truusk.store\/sv\/wp-json\/wp\/v2\/product_cat?post=86598"},{"taxonomy":"product_tag","embeddable":true,"href":"https:\/\/truusk.store\/sv\/wp-json\/wp\/v2\/product_tag?post=86598"}],"curies":[{"name":"wp","href":"https:\/\/api.w.org\/{rel}","templated":true}]}}