{"id":86608,"date":"2025-08-20T04:57:34","date_gmt":"2025-08-20T03:57:34","guid":{"rendered":"https:\/\/truusk.store\/product\/golvlampa-med-hyllor-staende-lampa-tra-26-x-26-x-160-cm-for-vardagsrum-sovrum-utan-glodlampa\/"},"modified":"2026-03-12T09:01:47","modified_gmt":"2026-03-12T08:01:47","slug":"truusk-golvlampa-med-hyllor-staende-lampa-i-tra-26-x-26-x-160-cm-for-vardagsrum-sovrum-utan-glodlampa","status":"publish","type":"product","link":"https:\/\/truusk.store\/sv\/produkt\/truusk-golvlampa-med-hyllor-staende-lampa-i-tra-26-x-26-x-160-cm-for-vardagsrum-sovrum-utan-glodlampa\/","title":{"rendered":"TRUUSK Golvlampa Med Hyllor &#8211; St\u00e5ende Lampa i Tr\u00e4 &#8211; 26 x 26 x 160 cm &#8211; F\u00f6r Vardagsrum \/ Sovrum &#8211; Utan Gl\u00f6dlampa"},"content":{"rendered":"<p>Elegant och funktionell, v\u00e5r TRUUSK golvbelysning f\u00f6r vardagsrum kombinerar stilfull f\u00f6rvaring med mjuk belysning. Visa upp b\u00f6cker, dekorativa f\u00f6rem\u00e5l eller v\u00e4xter p\u00e5 de tre \u00f6ppna hyllorna i golvlampan och skapa en mysig atmosf\u00e4r med den inbyggda st\u00e5lampan.<\/p>\n<p>Beskrivning:<\/p>\n<ul>\n<li> Enkel design av golvlampan, idealisk f\u00f6r vardagsrum och sovrum<\/li>\n<li> Tillverkad av robusta MDF-plattor<\/li>\n<li> 3 hyllor i st\u00e5lampan erbjuder gott om f\u00f6rvaringsutrymme<\/li>\n<li> Med mjuk belysning tack vare akryllampsk\u00e4rmen<\/li>\n<li> Kompakta m\u00e5tt<\/li>\n<li> Med rustik brun melaminbel\u00e4ggning g\u00f6r golvlampan vattenavvisande och l\u00e4tt att underh\u00e5lla<\/li>\n<li> Enkel och snabb montering<\/li>\n<\/ul>\n<p> Tekniska data:<\/p>\n<ul>\n<li> F\u00e4rg: Rustikt brun+Vit<\/li>\n<li> Material: MDF<\/li>\n<li> Totala dimensioner: 26L x 26B x 160H cm<\/li>\n<li> H\u00f6jd per hylla: 39 cm<\/li>\n<li> Sp\u00e4nning: 230 V\/50 Hz<\/li>\n<li> Lampsockel: E27 upp till 40 W (ing\u00e5r ej)<\/li>\n<li> Kabell\u00e4ngd: 1,8 m<\/li>\n<li> Utan gl\u00f6dlampa<\/li>\n<\/ul>\n<p>Leveransinneh\u00e5ll:<\/p>\n<ul>\n<li> 1 x st\u00e5ende hylla<\/li>\n<li> 1 x monteringsanvisning<\/li>\n<\/ul>\n","protected":false},"excerpt":{"rendered":"<p>Elegant och funktionell, v\u00e5r TRUUSK golvbelysning f\u00f6r vardagsrum kombinerar stilfull f\u00f6rvaring med mjuk belysning. Visa upp b\u00f6cker, dekorativa f\u00f6rem\u00e5l eller&#8230;<\/p>\n","protected":false},"featured_media":86599,"template":"","meta":[],"product_brand":[],"product_cat":[486,907,871],"product_tag":[],"class_list":{"0":"post-86608","1":"product","2":"type-product","3":"status-publish","4":"has-post-thumbnail","6":"product_cat-belysning","7":"product_cat-golvlampor","8":"product_cat-hus-hem","10":"first","11":"instock","12":"sale","13":"taxable","14":"shipping-taxable","15":"purchasable","16":"product-type-simple"},"yoast_head":"<!-- This site is optimized with the Yoast SEO plugin v25.4 - https:\/\/yoast.com\/wordpress\/plugins\/seo\/ -->\n<title>TRUUSK Golvlampa Med Hyllor - St\u00e5ende Lampa i Tr\u00e4 - 26 x 26 x 160 cm - F\u00f6r Vardagsrum \/ Sovrum - Utan Gl\u00f6dlampa - TRUUSK - Hem, Tr\u00e4dg\u00e5rd &amp; Fritid<\/title>\n<meta name=\"robots\" content=\"index, follow, max-snippet:-1, max-image-preview:large, max-video-preview:-1\" \/>\n<link rel=\"canonical\" href=\"https:\/\/truusk.store\/sv\/produkt\/truusk-golvlampa-med-hyllor-staende-lampa-i-tra-26-x-26-x-160-cm-for-vardagsrum-sovrum-utan-glodlampa\/\" \/>\n<meta property=\"og:locale\" content=\"sv_SE\" \/>\n<meta property=\"og:type\" content=\"article\" \/>\n<meta property=\"og:title\" content=\"TRUUSK Golvlampa Med Hyllor - St\u00e5ende Lampa i Tr\u00e4 - 26 x 26 x 160 cm - F\u00f6r Vardagsrum \/ Sovrum - Utan Gl\u00f6dlampa - TRUUSK - Hem, Tr\u00e4dg\u00e5rd &amp; Fritid\" \/>\n<meta property=\"og:description\" content=\"Elegant och funktionell, v\u00e5r TRUUSK golvbelysning f\u00f6r vardagsrum kombinerar stilfull f\u00f6rvaring med mjuk belysning. Visa upp b\u00f6cker, dekorativa f\u00f6rem\u00e5l eller...\" \/>\n<meta property=\"og:url\" content=\"https:\/\/truusk.store\/sv\/produkt\/truusk-golvlampa-med-hyllor-staende-lampa-i-tra-26-x-26-x-160-cm-for-vardagsrum-sovrum-utan-glodlampa\/\" \/>\n<meta property=\"og:site_name\" content=\"TRUUSK - Hem, Tr\u00e4dg\u00e5rd &amp; Fritid\" \/>\n<meta property=\"article:modified_time\" content=\"2026-03-12T08:01:47+00:00\" \/>\n<meta property=\"og:image\" content=\"https:\/\/i0.wp.com\/truusk.se\/wp-content\/uploads\/2025\/08\/golvlampa-med-hyllor-staende-lampa-tra-26-x-26-x-160-cm-for-vardagsrum-sovrum-utan-glodlampa-1.webp?fit=2000%2C2000&ssl=1\" \/>\n\t<meta property=\"og:image:width\" content=\"2000\" \/>\n\t<meta property=\"og:image:height\" content=\"2000\" \/>\n\t<meta property=\"og:image:type\" content=\"image\/webp\" \/>\n<meta name=\"twitter:card\" content=\"summary_large_image\" \/>\n<meta name=\"twitter:label1\" content=\"Ber\u00e4knad l\u00e4stid\" \/>\n\t<meta name=\"twitter:data1\" content=\"1 minut\" \/>\n<!-- \/ Yoast SEO plugin. -->","yoast_head_json":{"title":"TRUUSK Golvlampa Med Hyllor - St\u00e5ende Lampa i Tr\u00e4 - 26 x 26 x 160 cm - F\u00f6r Vardagsrum \/ Sovrum - Utan Gl\u00f6dlampa - TRUUSK - Hem, Tr\u00e4dg\u00e5rd &amp; Fritid","robots":{"index":"index","follow":"follow","max-snippet":"max-snippet:-1","max-image-preview":"max-image-preview:large","max-video-preview":"max-video-preview:-1"},"canonical":"https:\/\/truusk.store\/sv\/produkt\/truusk-golvlampa-med-hyllor-staende-lampa-i-tra-26-x-26-x-160-cm-for-vardagsrum-sovrum-utan-glodlampa\/","og_locale":"sv_SE","og_type":"article","og_title":"TRUUSK Golvlampa Med Hyllor - St\u00e5ende Lampa i Tr\u00e4 - 26 x 26 x 160 cm - F\u00f6r Vardagsrum \/ Sovrum - Utan Gl\u00f6dlampa - TRUUSK - Hem, Tr\u00e4dg\u00e5rd &amp; Fritid","og_description":"Elegant och funktionell, v\u00e5r TRUUSK golvbelysning f\u00f6r vardagsrum kombinerar stilfull f\u00f6rvaring med mjuk belysning. Visa upp b\u00f6cker, dekorativa f\u00f6rem\u00e5l eller...","og_url":"https:\/\/truusk.store\/sv\/produkt\/truusk-golvlampa-med-hyllor-staende-lampa-i-tra-26-x-26-x-160-cm-for-vardagsrum-sovrum-utan-glodlampa\/","og_site_name":"TRUUSK - Hem, Tr\u00e4dg\u00e5rd &amp; Fritid","article_modified_time":"2026-03-12T08:01:47+00:00","og_image":[{"width":2000,"height":2000,"url":"https:\/\/i0.wp.com\/truusk.se\/wp-content\/uploads\/2025\/08\/golvlampa-med-hyllor-staende-lampa-tra-26-x-26-x-160-cm-for-vardagsrum-sovrum-utan-glodlampa-1.webp?fit=2000%2C2000&ssl=1","type":"image\/webp"}],"twitter_card":"summary_large_image","twitter_misc":{"Ber\u00e4knad l\u00e4stid":"1 minut"},"schema":{"@context":"https:\/\/schema.org","@graph":[{"@type":"WebPage","@id":"https:\/\/truusk.store\/sv\/produkt\/truusk-golvlampa-med-hyllor-staende-lampa-i-tra-26-x-26-x-160-cm-for-vardagsrum-sovrum-utan-glodlampa\/","url":"https:\/\/truusk.store\/sv\/produkt\/truusk-golvlampa-med-hyllor-staende-lampa-i-tra-26-x-26-x-160-cm-for-vardagsrum-sovrum-utan-glodlampa\/","name":"TRUUSK Golvlampa Med Hyllor - St\u00e5ende Lampa i Tr\u00e4 - 26 x 26 x 160 cm - F\u00f6r Vardagsrum \/ Sovrum - Utan Gl\u00f6dlampa - TRUUSK - Hem, Tr\u00e4dg\u00e5rd &amp; Fritid","isPartOf":{"@id":"https:\/\/truusk.store\/sv\/#website"},"primaryImageOfPage":{"@id":"https:\/\/truusk.store\/sv\/produkt\/truusk-golvlampa-med-hyllor-staende-lampa-i-tra-26-x-26-x-160-cm-for-vardagsrum-sovrum-utan-glodlampa\/#primaryimage"},"image":{"@id":"https:\/\/truusk.store\/sv\/produkt\/truusk-golvlampa-med-hyllor-staende-lampa-i-tra-26-x-26-x-160-cm-for-vardagsrum-sovrum-utan-glodlampa\/#primaryimage"},"thumbnailUrl":"https:\/\/i0.wp.com\/truusk.store\/wp-content\/uploads\/2025\/08\/golvlampa-med-hyllor-staende-lampa-tra-26-x-26-x-160-cm-for-vardagsrum-sovrum-utan-glodlampa-1.webp?fit=2000%2C2000&ssl=1","datePublished":"2025-08-20T03:57:34+00:00","dateModified":"2026-03-12T08:01:47+00:00","breadcrumb":{"@id":"https:\/\/truusk.store\/sv\/produkt\/truusk-golvlampa-med-hyllor-staende-lampa-i-tra-26-x-26-x-160-cm-for-vardagsrum-sovrum-utan-glodlampa\/#breadcrumb"},"inLanguage":"sv-SE","potentialAction":[{"@type":"ReadAction","target":["https:\/\/truusk.store\/sv\/produkt\/truusk-golvlampa-med-hyllor-staende-lampa-i-tra-26-x-26-x-160-cm-for-vardagsrum-sovrum-utan-glodlampa\/"]}]},{"@type":"ImageObject","inLanguage":"sv-SE","@id":"https:\/\/truusk.store\/sv\/produkt\/truusk-golvlampa-med-hyllor-staende-lampa-i-tra-26-x-26-x-160-cm-for-vardagsrum-sovrum-utan-glodlampa\/#primaryimage","url":"https:\/\/i0.wp.com\/truusk.store\/wp-content\/uploads\/2025\/08\/golvlampa-med-hyllor-staende-lampa-tra-26-x-26-x-160-cm-for-vardagsrum-sovrum-utan-glodlampa-1.webp?fit=2000%2C2000&ssl=1","contentUrl":"https:\/\/i0.wp.com\/truusk.store\/wp-content\/uploads\/2025\/08\/golvlampa-med-hyllor-staende-lampa-tra-26-x-26-x-160-cm-for-vardagsrum-sovrum-utan-glodlampa-1.webp?fit=2000%2C2000&ssl=1","width":2000,"height":2000},{"@type":"BreadcrumbList","@id":"https:\/\/truusk.store\/sv\/produkt\/truusk-golvlampa-med-hyllor-staende-lampa-i-tra-26-x-26-x-160-cm-for-vardagsrum-sovrum-utan-glodlampa\/#breadcrumb","itemListElement":[{"@type":"ListItem","position":1,"name":"Home","item":"https:\/\/truusk.store\/sv\/"},{"@type":"ListItem","position":2,"name":"Shop","item":"https:\/\/truusk.store\/shop\/"},{"@type":"ListItem","position":3,"name":"TRUUSK Golvlampa Med Hyllor &#8211; St\u00e5ende Lampa i Tr\u00e4 &#8211; 26 x 26 x 160 cm &#8211; F\u00f6r Vardagsrum \/ Sovrum &#8211; Utan Gl\u00f6dlampa"}]},{"@type":"WebSite","@id":"https:\/\/truusk.store\/sv\/#website","url":"https:\/\/truusk.store\/sv\/","name":"TRUUSK - Hem, Tr\u00e4dg\u00e5rd & Fritid","description":"","publisher":{"@id":"https:\/\/truusk.store\/sv\/#organization"},"potentialAction":[{"@type":"SearchAction","target":{"@type":"EntryPoint","urlTemplate":"https:\/\/truusk.store\/sv\/?s={search_term_string}"},"query-input":{"@type":"PropertyValueSpecification","valueRequired":true,"valueName":"search_term_string"}}],"inLanguage":"sv-SE"},{"@type":"Organization","@id":"https:\/\/truusk.store\/sv\/#organization","name":"TRUUSK - Hem, Tr\u00e4dg\u00e5rd & Fritid","url":"https:\/\/truusk.store\/sv\/","logo":{"@type":"ImageObject","inLanguage":"sv-SE","@id":"https:\/\/truusk.store\/sv\/#\/schema\/logo\/image\/","url":"https:\/\/i0.wp.com\/truusk.store\/wp-content\/uploads\/2026\/03\/cropped-TRUUSK.png?fit=2032%2C917&ssl=1","contentUrl":"https:\/\/i0.wp.com\/truusk.store\/wp-content\/uploads\/2026\/03\/cropped-TRUUSK.png?fit=2032%2C917&ssl=1","width":2032,"height":917,"caption":"TRUUSK - Hem, Tr\u00e4dg\u00e5rd & Fritid"},"image":{"@id":"https:\/\/truusk.store\/sv\/#\/schema\/logo\/image\/"}}]}},"jetpack_sharing_enabled":true,"_links":{"self":[{"href":"https:\/\/truusk.store\/sv\/wp-json\/wp\/v2\/product\/86608","targetHints":{"allow":["GET"]}}],"collection":[{"href":"https:\/\/truusk.store\/sv\/wp-json\/wp\/v2\/product"}],"about":[{"href":"https:\/\/truusk.store\/sv\/wp-json\/wp\/v2\/types\/product"}],"wp:featuredmedia":[{"embeddable":true,"href":"https:\/\/truusk.store\/sv\/wp-json\/wp\/v2\/media\/86599"}],"wp:attachment":[{"href":"https:\/\/truusk.store\/sv\/wp-json\/wp\/v2\/media?parent=86608"}],"wp:term":[{"taxonomy":"product_brand","embeddable":true,"href":"https:\/\/truusk.store\/sv\/wp-json\/wp\/v2\/product_brand?post=86608"},{"taxonomy":"product_cat","embeddable":true,"href":"https:\/\/truusk.store\/sv\/wp-json\/wp\/v2\/product_cat?post=86608"},{"taxonomy":"product_tag","embeddable":true,"href":"https:\/\/truusk.store\/sv\/wp-json\/wp\/v2\/product_tag?post=86608"}],"curies":[{"name":"wp","href":"https:\/\/api.w.org\/{rel}","templated":true}]}}