{"id":86668,"date":"2025-08-20T05:03:37","date_gmt":"2025-08-20T04:03:37","guid":{"rendered":"https:\/\/truusk.store\/product\/accentstol-relaxstol-med-justerbart-fotstod-bjorktraram-upp-till-120-kg-665-x-94-x-100-cm-gra\/"},"modified":"2026-03-12T09:15:27","modified_gmt":"2026-03-12T08:15:27","slug":"truusk-accentstol-med-justerbart-fotstod-bjorktraram-upp-till-120-kg-665-x-94-x-100-cm-gra","status":"publish","type":"product","link":"https:\/\/truusk.store\/sv\/produkt\/truusk-accentstol-med-justerbart-fotstod-bjorktraram-upp-till-120-kg-665-x-94-x-100-cm-gra\/","title":{"rendered":"TRUUSK Accentstol med Justerbart Fotst\u00f6d &#8211; Bj\u00f6rktr\u00e4ram &#8211; Upp till 120 kg &#8211; 66,5 x 94 x 100 cm &#8211; Gr\u00e5"},"content":{"rendered":"<p>Slappna av med stil i v\u00e5r eleganta relaxstol fr\u00e5n TRUUSK. Den harmoniska kombinationen av ljust tr\u00e4 och gr\u00e5tt kl\u00e4dsel ger ditt hem en tidl\u00f6s charm. Njut av den gener\u00f6sa, vadderade sittytan och den mjuka omfamningen av det naturliga bomullskl\u00e4dseln. Den femstegs justerbara fotst\u00f6det p\u00e5 relaxstolen g\u00f6r att du kan lyfta upp f\u00f6tterna och njuta av stunden med en god bok eller en uppfriskande dryck &#8211; din perfekta tillflyktsort v\u00e4ntar p\u00e5 dig!<\/p>\n<p>Beskrivning:<\/p>\n<ul>\n<li> Relaxstol med justerbart fotst\u00f6d i 5 positioner<\/li>\n<li> H\u00f6g densitet skumstoppning av matstolen f\u00f6r h\u00f6g komfort<\/li>\n<li> Stabil, robust bj\u00f6rktr\u00e4struktur, belastningsbar upp till 120 kg<\/li>\n<li> Denna matstol har armst\u00f6d f\u00f6r extra st\u00f6d<\/li>\n<li> Avtagbar och tv\u00e4ttbar kudde<\/li>\n<li> Praktisk och m\u00e5ngsidig, idealisk f\u00f6r alla rum i huset: vardagsrum, salong, sovrum\u2026<\/li>\n<\/ul>\n<p>Tekniska data:<\/p>\n<ul>\n<li> F\u00e4rg: Gr\u00e5<\/li>\n<li> Material: Polyester, bj\u00f6rktr\u00e4, skum<\/li>\n<li> Totala dimensioner: 66,5L x 94B x 100H cm<\/li>\n<li> Ryggst\u00f6d: 75L x 55B x 71H cm<\/li>\n<li> Ryggst\u00f6dets h\u00f6jd: 71 cm<\/li>\n<li> Sitsstorlek: 55,5L x 51,5B x 40H cm<\/li>\n<li> M\u00e5tt p\u00e5 fotpallen: 55,5L x 33B cm<\/li>\n<li> Ram specifikationer: 60L x 22B mm (av bj\u00f6rktr\u00e4)<\/li>\n<li> Belastningskapacitet: 120 kg<\/li>\n<\/ul>\n<p>Leverans inneh\u00e5ller:<\/p>\n<ul>\n<li> 1 x Relaxstol inkl. dyna<\/li>\n<li> 1 x Monteringsanvisning<\/li>\n<\/ul>\n","protected":false},"excerpt":{"rendered":"<p>Slappna av med stil i v\u00e5r eleganta relaxstol fr\u00e5n TRUUSK. Den harmoniska kombinationen av ljust tr\u00e4 och gr\u00e5tt kl\u00e4dsel ger&#8230;<\/p>\n","protected":false},"featured_media":86659,"template":"","meta":[],"product_brand":[],"product_cat":[451,858,450],"product_tag":[],"class_list":{"0":"post-86668","1":"product","2":"type-product","3":"status-publish","4":"has-post-thumbnail","6":"product_cat-solstolar","7":"product_cat-tradgard-terrass","8":"product_cat-tradgardsmobler","10":"first","11":"instock","12":"sale","13":"taxable","14":"shipping-taxable","15":"purchasable","16":"product-type-simple"},"yoast_head":"<!-- This site is optimized with the Yoast SEO plugin v25.4 - https:\/\/yoast.com\/wordpress\/plugins\/seo\/ -->\n<title>TRUUSK Accentstol med Justerbart Fotst\u00f6d - Bj\u00f6rktr\u00e4ram - Upp till 120 kg - 66,5 x 94 x 100 cm - Gr\u00e5 - TRUUSK - Hem, Tr\u00e4dg\u00e5rd &amp; Fritid<\/title>\n<meta name=\"robots\" content=\"index, follow, max-snippet:-1, max-image-preview:large, max-video-preview:-1\" \/>\n<link rel=\"canonical\" href=\"https:\/\/truusk.store\/sv\/produkt\/truusk-accentstol-med-justerbart-fotstod-bjorktraram-upp-till-120-kg-665-x-94-x-100-cm-gra\/\" \/>\n<meta property=\"og:locale\" content=\"sv_SE\" \/>\n<meta property=\"og:type\" content=\"article\" \/>\n<meta property=\"og:title\" content=\"TRUUSK Accentstol med Justerbart Fotst\u00f6d - Bj\u00f6rktr\u00e4ram - Upp till 120 kg - 66,5 x 94 x 100 cm - Gr\u00e5 - TRUUSK - Hem, Tr\u00e4dg\u00e5rd &amp; Fritid\" \/>\n<meta property=\"og:description\" content=\"Slappna av med stil i v\u00e5r eleganta relaxstol fr\u00e5n TRUUSK. Den harmoniska kombinationen av ljust tr\u00e4 och gr\u00e5tt kl\u00e4dsel ger...\" \/>\n<meta property=\"og:url\" content=\"https:\/\/truusk.store\/sv\/produkt\/truusk-accentstol-med-justerbart-fotstod-bjorktraram-upp-till-120-kg-665-x-94-x-100-cm-gra\/\" \/>\n<meta property=\"og:site_name\" content=\"TRUUSK - Hem, Tr\u00e4dg\u00e5rd &amp; Fritid\" \/>\n<meta property=\"article:modified_time\" content=\"2026-03-12T08:15:27+00:00\" \/>\n<meta property=\"og:image\" content=\"https:\/\/i0.wp.com\/truusk.se\/wp-content\/uploads\/2025\/08\/accentstol-relaxstol-med-justerbart-fotstod-bjorktraram-upp-till-120-kg-665-x-94-x-100-cm-gra-1.webp?fit=2000%2C2000&ssl=1\" \/>\n\t<meta property=\"og:image:width\" content=\"2000\" \/>\n\t<meta property=\"og:image:height\" content=\"2000\" \/>\n\t<meta property=\"og:image:type\" content=\"image\/webp\" \/>\n<meta name=\"twitter:card\" content=\"summary_large_image\" \/>\n<meta name=\"twitter:label1\" content=\"Ber\u00e4knad l\u00e4stid\" \/>\n\t<meta name=\"twitter:data1\" content=\"1 minut\" \/>\n<!-- \/ Yoast SEO plugin. -->","yoast_head_json":{"title":"TRUUSK Accentstol med Justerbart Fotst\u00f6d - Bj\u00f6rktr\u00e4ram - Upp till 120 kg - 66,5 x 94 x 100 cm - Gr\u00e5 - TRUUSK - Hem, Tr\u00e4dg\u00e5rd &amp; Fritid","robots":{"index":"index","follow":"follow","max-snippet":"max-snippet:-1","max-image-preview":"max-image-preview:large","max-video-preview":"max-video-preview:-1"},"canonical":"https:\/\/truusk.store\/sv\/produkt\/truusk-accentstol-med-justerbart-fotstod-bjorktraram-upp-till-120-kg-665-x-94-x-100-cm-gra\/","og_locale":"sv_SE","og_type":"article","og_title":"TRUUSK Accentstol med Justerbart Fotst\u00f6d - Bj\u00f6rktr\u00e4ram - Upp till 120 kg - 66,5 x 94 x 100 cm - Gr\u00e5 - TRUUSK - Hem, Tr\u00e4dg\u00e5rd &amp; Fritid","og_description":"Slappna av med stil i v\u00e5r eleganta relaxstol fr\u00e5n TRUUSK. Den harmoniska kombinationen av ljust tr\u00e4 och gr\u00e5tt kl\u00e4dsel ger...","og_url":"https:\/\/truusk.store\/sv\/produkt\/truusk-accentstol-med-justerbart-fotstod-bjorktraram-upp-till-120-kg-665-x-94-x-100-cm-gra\/","og_site_name":"TRUUSK - Hem, Tr\u00e4dg\u00e5rd &amp; Fritid","article_modified_time":"2026-03-12T08:15:27+00:00","og_image":[{"width":2000,"height":2000,"url":"https:\/\/i0.wp.com\/truusk.se\/wp-content\/uploads\/2025\/08\/accentstol-relaxstol-med-justerbart-fotstod-bjorktraram-upp-till-120-kg-665-x-94-x-100-cm-gra-1.webp?fit=2000%2C2000&ssl=1","type":"image\/webp"}],"twitter_card":"summary_large_image","twitter_misc":{"Ber\u00e4knad l\u00e4stid":"1 minut"},"schema":{"@context":"https:\/\/schema.org","@graph":[{"@type":"WebPage","@id":"https:\/\/truusk.store\/sv\/produkt\/truusk-accentstol-med-justerbart-fotstod-bjorktraram-upp-till-120-kg-665-x-94-x-100-cm-gra\/","url":"https:\/\/truusk.store\/sv\/produkt\/truusk-accentstol-med-justerbart-fotstod-bjorktraram-upp-till-120-kg-665-x-94-x-100-cm-gra\/","name":"TRUUSK Accentstol med Justerbart Fotst\u00f6d - Bj\u00f6rktr\u00e4ram - Upp till 120 kg - 66,5 x 94 x 100 cm - Gr\u00e5 - TRUUSK - Hem, Tr\u00e4dg\u00e5rd &amp; Fritid","isPartOf":{"@id":"https:\/\/truusk.store\/sv\/#website"},"primaryImageOfPage":{"@id":"https:\/\/truusk.store\/sv\/produkt\/truusk-accentstol-med-justerbart-fotstod-bjorktraram-upp-till-120-kg-665-x-94-x-100-cm-gra\/#primaryimage"},"image":{"@id":"https:\/\/truusk.store\/sv\/produkt\/truusk-accentstol-med-justerbart-fotstod-bjorktraram-upp-till-120-kg-665-x-94-x-100-cm-gra\/#primaryimage"},"thumbnailUrl":"https:\/\/i0.wp.com\/truusk.store\/wp-content\/uploads\/2025\/08\/accentstol-relaxstol-med-justerbart-fotstod-bjorktraram-upp-till-120-kg-665-x-94-x-100-cm-gra-1.webp?fit=2000%2C2000&ssl=1","datePublished":"2025-08-20T04:03:37+00:00","dateModified":"2026-03-12T08:15:27+00:00","breadcrumb":{"@id":"https:\/\/truusk.store\/sv\/produkt\/truusk-accentstol-med-justerbart-fotstod-bjorktraram-upp-till-120-kg-665-x-94-x-100-cm-gra\/#breadcrumb"},"inLanguage":"sv-SE","potentialAction":[{"@type":"ReadAction","target":["https:\/\/truusk.store\/sv\/produkt\/truusk-accentstol-med-justerbart-fotstod-bjorktraram-upp-till-120-kg-665-x-94-x-100-cm-gra\/"]}]},{"@type":"ImageObject","inLanguage":"sv-SE","@id":"https:\/\/truusk.store\/sv\/produkt\/truusk-accentstol-med-justerbart-fotstod-bjorktraram-upp-till-120-kg-665-x-94-x-100-cm-gra\/#primaryimage","url":"https:\/\/i0.wp.com\/truusk.store\/wp-content\/uploads\/2025\/08\/accentstol-relaxstol-med-justerbart-fotstod-bjorktraram-upp-till-120-kg-665-x-94-x-100-cm-gra-1.webp?fit=2000%2C2000&ssl=1","contentUrl":"https:\/\/i0.wp.com\/truusk.store\/wp-content\/uploads\/2025\/08\/accentstol-relaxstol-med-justerbart-fotstod-bjorktraram-upp-till-120-kg-665-x-94-x-100-cm-gra-1.webp?fit=2000%2C2000&ssl=1","width":2000,"height":2000},{"@type":"BreadcrumbList","@id":"https:\/\/truusk.store\/sv\/produkt\/truusk-accentstol-med-justerbart-fotstod-bjorktraram-upp-till-120-kg-665-x-94-x-100-cm-gra\/#breadcrumb","itemListElement":[{"@type":"ListItem","position":1,"name":"Home","item":"https:\/\/truusk.store\/sv\/"},{"@type":"ListItem","position":2,"name":"Shop","item":"https:\/\/truusk.store\/shop\/"},{"@type":"ListItem","position":3,"name":"TRUUSK Accentstol med Justerbart Fotst\u00f6d &#8211; Bj\u00f6rktr\u00e4ram &#8211; Upp till 120 kg &#8211; 66,5 x 94 x 100 cm &#8211; Gr\u00e5"}]},{"@type":"WebSite","@id":"https:\/\/truusk.store\/sv\/#website","url":"https:\/\/truusk.store\/sv\/","name":"TRUUSK - Hem, Tr\u00e4dg\u00e5rd & Fritid","description":"","publisher":{"@id":"https:\/\/truusk.store\/sv\/#organization"},"potentialAction":[{"@type":"SearchAction","target":{"@type":"EntryPoint","urlTemplate":"https:\/\/truusk.store\/sv\/?s={search_term_string}"},"query-input":{"@type":"PropertyValueSpecification","valueRequired":true,"valueName":"search_term_string"}}],"inLanguage":"sv-SE"},{"@type":"Organization","@id":"https:\/\/truusk.store\/sv\/#organization","name":"TRUUSK - Hem, Tr\u00e4dg\u00e5rd & Fritid","url":"https:\/\/truusk.store\/sv\/","logo":{"@type":"ImageObject","inLanguage":"sv-SE","@id":"https:\/\/truusk.store\/sv\/#\/schema\/logo\/image\/","url":"https:\/\/i0.wp.com\/truusk.store\/wp-content\/uploads\/2026\/03\/cropped-TRUUSK.png?fit=2032%2C917&ssl=1","contentUrl":"https:\/\/i0.wp.com\/truusk.store\/wp-content\/uploads\/2026\/03\/cropped-TRUUSK.png?fit=2032%2C917&ssl=1","width":2032,"height":917,"caption":"TRUUSK - Hem, Tr\u00e4dg\u00e5rd & Fritid"},"image":{"@id":"https:\/\/truusk.store\/sv\/#\/schema\/logo\/image\/"}}]}},"jetpack_sharing_enabled":true,"_links":{"self":[{"href":"https:\/\/truusk.store\/sv\/wp-json\/wp\/v2\/product\/86668","targetHints":{"allow":["GET"]}}],"collection":[{"href":"https:\/\/truusk.store\/sv\/wp-json\/wp\/v2\/product"}],"about":[{"href":"https:\/\/truusk.store\/sv\/wp-json\/wp\/v2\/types\/product"}],"wp:featuredmedia":[{"embeddable":true,"href":"https:\/\/truusk.store\/sv\/wp-json\/wp\/v2\/media\/86659"}],"wp:attachment":[{"href":"https:\/\/truusk.store\/sv\/wp-json\/wp\/v2\/media?parent=86668"}],"wp:term":[{"taxonomy":"product_brand","embeddable":true,"href":"https:\/\/truusk.store\/sv\/wp-json\/wp\/v2\/product_brand?post=86668"},{"taxonomy":"product_cat","embeddable":true,"href":"https:\/\/truusk.store\/sv\/wp-json\/wp\/v2\/product_cat?post=86668"},{"taxonomy":"product_tag","embeddable":true,"href":"https:\/\/truusk.store\/sv\/wp-json\/wp\/v2\/product_tag?post=86668"}],"curies":[{"name":"wp","href":"https:\/\/api.w.org\/{rel}","templated":true}]}}