{"id":86708,"date":"2025-08-20T05:07:33","date_gmt":"2025-08-20T04:07:33","guid":{"rendered":"https:\/\/truusk.store\/product\/elegant-lounge-stol-med-traram-och-skumstoppning-sammetseffekt-for-vardagsrum-sovrum-gra\/"},"modified":"2026-03-12T09:16:35","modified_gmt":"2026-03-12T08:16:35","slug":"truusk-elegant-lounge-stol-med-traram-och-skumstoppning-sammetseffekt-for-vardagsrum-och-sovrum-gra","status":"publish","type":"product","link":"https:\/\/truusk.store\/sv\/produkt\/truusk-elegant-lounge-stol-med-traram-och-skumstoppning-sammetseffekt-for-vardagsrum-och-sovrum-gra\/","title":{"rendered":"TRUUSK Elegant Lounge-stol med Tr\u00e4ram och Skumstoppning &#8211; Sammetseffekt &#8211; F\u00f6r Vardagsrum och Sovrum &#8211; Gr\u00e5"},"content":{"rendered":"<p>Ge efter f\u00f6r charmen hos denna eleganta stoppade stol med en struktur av gummitr\u00e4 och kuddar i gr\u00e5 sammetlook. Den ger ditt hem en mysig atmosf\u00e4r och passar flexibelt till m\u00e5nga inredningsstilar. Tack vare den djupa sittytan p\u00e5 f\u00e5t\u00f6ljen, den l\u00e4tt lutande ryggst\u00f6det och de breda armst\u00f6den njuter du av h\u00f6gsta komfort. G\u00f6r dig bekv\u00e4m i lugn och ro.<\/p>\n<p>Beskrivning:<\/p>\n<ul>\n<li> Relaxstol med ram av gummitr\u00e4 och kuddar i gr\u00e5 sammetlook, idealisk f\u00f6r att ge ditt inre en mysig atmosf\u00e4r<\/li>\n<li> \u00d6verdrag av h\u00f6gdensitetstyg i sammetlook<\/li>\n<li> Totalt 3 kuddar ing\u00e5r: sittkudde, ryggkudde och dekorationskudde<\/li>\n<li> Ram och ben p\u00e5 sminkstolen av gummitr\u00e4: maximal stabilitet och h\u00e5llbarhet<\/li>\n<li> B\u00e4r upp till 120 Kg<\/li>\n<li> Enkel montering tack vare den medf\u00f6ljande, illustrerade instruktionen<\/li>\n<\/ul>\n<p> Tekniska data:<\/p>\n<ul>\n<li> F\u00e4rg: Gr\u00e5<\/li>\n<li> Material: Sammetlook(100% Polyester), gummitr\u00e4, skum<\/li>\n<li> Totala dimensioner: 61L x 78B x 76H cm<\/li>\n<li> Sitsstorlek: 53L x 56B x 38H cm<\/li>\n<li> Sitskuddens tjocklek: 16 cm<\/li>\n<li> Ryggst\u00f6dets dimensioner: 57L x 50B cm<\/li>\n<li> Ryggkuddens tjocklek: 11 cm<\/li>\n<li> M\u00e5tt dekorationskudde: 54L x 15B x 33H cm<\/li>\n<li> Maximal belastningskapacitet: 120 kg<\/li>\n<\/ul>\n<p>Leveransinneh\u00e5ll:<\/p>\n<ul>\n<li> 1 x Lounge stol<\/li>\n<li> 1 x Handbok<\/li>\n<\/ul>\n","protected":false},"excerpt":{"rendered":"<p>Ge efter f\u00f6r charmen hos denna eleganta stoppade stol med en struktur av gummitr\u00e4 och kuddar i gr\u00e5 sammetlook. Den&#8230;<\/p>\n","protected":false},"featured_media":86699,"template":"","meta":[],"product_brand":[],"product_cat":[871,519,910],"product_tag":[],"class_list":{"0":"post-86708","1":"product","2":"type-product","3":"status-publish","4":"has-post-thumbnail","6":"product_cat-hus-hem","7":"product_cat-stoppade-stolar","8":"product_cat-vardagsrum","10":"first","11":"instock","12":"sale","13":"taxable","14":"shipping-taxable","15":"purchasable","16":"product-type-simple"},"yoast_head":"<!-- This site is optimized with the Yoast SEO plugin v25.4 - https:\/\/yoast.com\/wordpress\/plugins\/seo\/ -->\n<title>TRUUSK Elegant Lounge-stol med Tr\u00e4ram och Skumstoppning - Sammetseffekt - F\u00f6r Vardagsrum och Sovrum - Gr\u00e5 - TRUUSK - Hem, Tr\u00e4dg\u00e5rd &amp; Fritid<\/title>\n<meta name=\"robots\" content=\"index, follow, max-snippet:-1, max-image-preview:large, max-video-preview:-1\" \/>\n<link rel=\"canonical\" href=\"https:\/\/truusk.store\/sv\/produkt\/truusk-elegant-lounge-stol-med-traram-och-skumstoppning-sammetseffekt-for-vardagsrum-och-sovrum-gra\/\" \/>\n<meta property=\"og:locale\" content=\"sv_SE\" \/>\n<meta property=\"og:type\" content=\"article\" \/>\n<meta property=\"og:title\" content=\"TRUUSK Elegant Lounge-stol med Tr\u00e4ram och Skumstoppning - Sammetseffekt - F\u00f6r Vardagsrum och Sovrum - Gr\u00e5 - TRUUSK - Hem, Tr\u00e4dg\u00e5rd &amp; Fritid\" \/>\n<meta property=\"og:description\" content=\"Ge efter f\u00f6r charmen hos denna eleganta stoppade stol med en struktur av gummitr\u00e4 och kuddar i gr\u00e5 sammetlook. Den...\" \/>\n<meta property=\"og:url\" content=\"https:\/\/truusk.store\/sv\/produkt\/truusk-elegant-lounge-stol-med-traram-och-skumstoppning-sammetseffekt-for-vardagsrum-och-sovrum-gra\/\" \/>\n<meta property=\"og:site_name\" content=\"TRUUSK - Hem, Tr\u00e4dg\u00e5rd &amp; Fritid\" \/>\n<meta property=\"article:modified_time\" content=\"2026-03-12T08:16:35+00:00\" \/>\n<meta property=\"og:image\" content=\"https:\/\/i0.wp.com\/truusk.se\/wp-content\/uploads\/2025\/08\/elegant-lounge-stol-med-traram-och-skumstoppning-sammetseffekt-for-vardagsrum-sovrum-gra-1.webp?fit=2000%2C2000&ssl=1\" \/>\n\t<meta property=\"og:image:width\" content=\"2000\" \/>\n\t<meta property=\"og:image:height\" content=\"2000\" \/>\n\t<meta property=\"og:image:type\" content=\"image\/webp\" \/>\n<meta name=\"twitter:card\" content=\"summary_large_image\" \/>\n<meta name=\"twitter:label1\" content=\"Ber\u00e4knad l\u00e4stid\" \/>\n\t<meta name=\"twitter:data1\" content=\"1 minut\" \/>\n<!-- \/ Yoast SEO plugin. -->","yoast_head_json":{"title":"TRUUSK Elegant Lounge-stol med Tr\u00e4ram och Skumstoppning - Sammetseffekt - F\u00f6r Vardagsrum och Sovrum - Gr\u00e5 - TRUUSK - Hem, Tr\u00e4dg\u00e5rd &amp; Fritid","robots":{"index":"index","follow":"follow","max-snippet":"max-snippet:-1","max-image-preview":"max-image-preview:large","max-video-preview":"max-video-preview:-1"},"canonical":"https:\/\/truusk.store\/sv\/produkt\/truusk-elegant-lounge-stol-med-traram-och-skumstoppning-sammetseffekt-for-vardagsrum-och-sovrum-gra\/","og_locale":"sv_SE","og_type":"article","og_title":"TRUUSK Elegant Lounge-stol med Tr\u00e4ram och Skumstoppning - Sammetseffekt - F\u00f6r Vardagsrum och Sovrum - Gr\u00e5 - TRUUSK - Hem, Tr\u00e4dg\u00e5rd &amp; Fritid","og_description":"Ge efter f\u00f6r charmen hos denna eleganta stoppade stol med en struktur av gummitr\u00e4 och kuddar i gr\u00e5 sammetlook. Den...","og_url":"https:\/\/truusk.store\/sv\/produkt\/truusk-elegant-lounge-stol-med-traram-och-skumstoppning-sammetseffekt-for-vardagsrum-och-sovrum-gra\/","og_site_name":"TRUUSK - Hem, Tr\u00e4dg\u00e5rd &amp; Fritid","article_modified_time":"2026-03-12T08:16:35+00:00","og_image":[{"width":2000,"height":2000,"url":"https:\/\/i0.wp.com\/truusk.se\/wp-content\/uploads\/2025\/08\/elegant-lounge-stol-med-traram-och-skumstoppning-sammetseffekt-for-vardagsrum-sovrum-gra-1.webp?fit=2000%2C2000&ssl=1","type":"image\/webp"}],"twitter_card":"summary_large_image","twitter_misc":{"Ber\u00e4knad l\u00e4stid":"1 minut"},"schema":{"@context":"https:\/\/schema.org","@graph":[{"@type":"WebPage","@id":"https:\/\/truusk.store\/sv\/produkt\/truusk-elegant-lounge-stol-med-traram-och-skumstoppning-sammetseffekt-for-vardagsrum-och-sovrum-gra\/","url":"https:\/\/truusk.store\/sv\/produkt\/truusk-elegant-lounge-stol-med-traram-och-skumstoppning-sammetseffekt-for-vardagsrum-och-sovrum-gra\/","name":"TRUUSK Elegant Lounge-stol med Tr\u00e4ram och Skumstoppning - Sammetseffekt - F\u00f6r Vardagsrum och Sovrum - Gr\u00e5 - TRUUSK - Hem, Tr\u00e4dg\u00e5rd &amp; Fritid","isPartOf":{"@id":"https:\/\/truusk.store\/sv\/#website"},"primaryImageOfPage":{"@id":"https:\/\/truusk.store\/sv\/produkt\/truusk-elegant-lounge-stol-med-traram-och-skumstoppning-sammetseffekt-for-vardagsrum-och-sovrum-gra\/#primaryimage"},"image":{"@id":"https:\/\/truusk.store\/sv\/produkt\/truusk-elegant-lounge-stol-med-traram-och-skumstoppning-sammetseffekt-for-vardagsrum-och-sovrum-gra\/#primaryimage"},"thumbnailUrl":"https:\/\/i0.wp.com\/truusk.store\/wp-content\/uploads\/2025\/08\/elegant-lounge-stol-med-traram-och-skumstoppning-sammetseffekt-for-vardagsrum-sovrum-gra-1.webp?fit=2000%2C2000&ssl=1","datePublished":"2025-08-20T04:07:33+00:00","dateModified":"2026-03-12T08:16:35+00:00","breadcrumb":{"@id":"https:\/\/truusk.store\/sv\/produkt\/truusk-elegant-lounge-stol-med-traram-och-skumstoppning-sammetseffekt-for-vardagsrum-och-sovrum-gra\/#breadcrumb"},"inLanguage":"sv-SE","potentialAction":[{"@type":"ReadAction","target":["https:\/\/truusk.store\/sv\/produkt\/truusk-elegant-lounge-stol-med-traram-och-skumstoppning-sammetseffekt-for-vardagsrum-och-sovrum-gra\/"]}]},{"@type":"ImageObject","inLanguage":"sv-SE","@id":"https:\/\/truusk.store\/sv\/produkt\/truusk-elegant-lounge-stol-med-traram-och-skumstoppning-sammetseffekt-for-vardagsrum-och-sovrum-gra\/#primaryimage","url":"https:\/\/i0.wp.com\/truusk.store\/wp-content\/uploads\/2025\/08\/elegant-lounge-stol-med-traram-och-skumstoppning-sammetseffekt-for-vardagsrum-sovrum-gra-1.webp?fit=2000%2C2000&ssl=1","contentUrl":"https:\/\/i0.wp.com\/truusk.store\/wp-content\/uploads\/2025\/08\/elegant-lounge-stol-med-traram-och-skumstoppning-sammetseffekt-for-vardagsrum-sovrum-gra-1.webp?fit=2000%2C2000&ssl=1","width":2000,"height":2000},{"@type":"BreadcrumbList","@id":"https:\/\/truusk.store\/sv\/produkt\/truusk-elegant-lounge-stol-med-traram-och-skumstoppning-sammetseffekt-for-vardagsrum-och-sovrum-gra\/#breadcrumb","itemListElement":[{"@type":"ListItem","position":1,"name":"Home","item":"https:\/\/truusk.store\/sv\/"},{"@type":"ListItem","position":2,"name":"Shop","item":"https:\/\/truusk.store\/shop\/"},{"@type":"ListItem","position":3,"name":"TRUUSK Elegant Lounge-stol med Tr\u00e4ram och Skumstoppning &#8211; Sammetseffekt &#8211; F\u00f6r Vardagsrum och Sovrum &#8211; Gr\u00e5"}]},{"@type":"WebSite","@id":"https:\/\/truusk.store\/sv\/#website","url":"https:\/\/truusk.store\/sv\/","name":"TRUUSK - Hem, Tr\u00e4dg\u00e5rd & Fritid","description":"","publisher":{"@id":"https:\/\/truusk.store\/sv\/#organization"},"potentialAction":[{"@type":"SearchAction","target":{"@type":"EntryPoint","urlTemplate":"https:\/\/truusk.store\/sv\/?s={search_term_string}"},"query-input":{"@type":"PropertyValueSpecification","valueRequired":true,"valueName":"search_term_string"}}],"inLanguage":"sv-SE"},{"@type":"Organization","@id":"https:\/\/truusk.store\/sv\/#organization","name":"TRUUSK - Hem, Tr\u00e4dg\u00e5rd & Fritid","url":"https:\/\/truusk.store\/sv\/","logo":{"@type":"ImageObject","inLanguage":"sv-SE","@id":"https:\/\/truusk.store\/sv\/#\/schema\/logo\/image\/","url":"https:\/\/i0.wp.com\/truusk.store\/wp-content\/uploads\/2026\/03\/cropped-TRUUSK.png?fit=2032%2C917&ssl=1","contentUrl":"https:\/\/i0.wp.com\/truusk.store\/wp-content\/uploads\/2026\/03\/cropped-TRUUSK.png?fit=2032%2C917&ssl=1","width":2032,"height":917,"caption":"TRUUSK - Hem, Tr\u00e4dg\u00e5rd & Fritid"},"image":{"@id":"https:\/\/truusk.store\/sv\/#\/schema\/logo\/image\/"}}]}},"jetpack_sharing_enabled":true,"_links":{"self":[{"href":"https:\/\/truusk.store\/sv\/wp-json\/wp\/v2\/product\/86708","targetHints":{"allow":["GET"]}}],"collection":[{"href":"https:\/\/truusk.store\/sv\/wp-json\/wp\/v2\/product"}],"about":[{"href":"https:\/\/truusk.store\/sv\/wp-json\/wp\/v2\/types\/product"}],"wp:featuredmedia":[{"embeddable":true,"href":"https:\/\/truusk.store\/sv\/wp-json\/wp\/v2\/media\/86699"}],"wp:attachment":[{"href":"https:\/\/truusk.store\/sv\/wp-json\/wp\/v2\/media?parent=86708"}],"wp:term":[{"taxonomy":"product_brand","embeddable":true,"href":"https:\/\/truusk.store\/sv\/wp-json\/wp\/v2\/product_brand?post=86708"},{"taxonomy":"product_cat","embeddable":true,"href":"https:\/\/truusk.store\/sv\/wp-json\/wp\/v2\/product_cat?post=86708"},{"taxonomy":"product_tag","embeddable":true,"href":"https:\/\/truusk.store\/sv\/wp-json\/wp\/v2\/product_tag?post=86708"}],"curies":[{"name":"wp","href":"https:\/\/api.w.org\/{rel}","templated":true}]}}