{"id":86728,"date":"2025-08-20T05:09:41","date_gmt":"2025-08-20T04:09:41","guid":{"rendered":"https:\/\/truusk.store\/product\/justerbar-klatterstallning-202-242-cm-halkfri-jutesnore-stolpe-spanskiva-gron-gul\/"},"modified":"2026-03-12T09:17:19","modified_gmt":"2026-03-12T08:17:19","slug":"truusk-justerbar-klatterstallning-202-242-cm-halkfri-jutesnore-stolpe-spanskiva-gron-gul","status":"publish","type":"product","link":"https:\/\/truusk.store\/sv\/produkt\/truusk-justerbar-klatterstallning-202-242-cm-halkfri-jutesnore-stolpe-spanskiva-gron-gul\/","title":{"rendered":"TRUUSK Justerbar Kl\u00e4tterst\u00e4llning 202-242 cm &#8211; Halkfri &#8211; Jutesn\u00f6re-stolpe &#8211; Sp\u00e5nskiva &#8211; Gr\u00f6n\/Gul"},"content":{"rendered":"<p>Uppt\u00e4ck den ideala tillflyktsorten f\u00f6r din katt med TRUUSK kattr\u00e4d fr\u00e5n golv till tak. H\u00f6jden p\u00e5 kl\u00f6str\u00e4det kan enkelt justeras och h\u00e5lls stabilt med hj\u00e4lp av sp\u00e4nnst\u00e5ngen. Flera niv\u00e5er inbjuder till kl\u00e4ttring och erbjuder mysiga viloplatser. H\u00f6rnkl\u00f6str\u00e4det, designat med konstgjorda blad, ger k\u00e4nslan av att vara utomhus. Kl\u00f6spelare m\u00f6jligg\u00f6r omfattande klo slipning. En perfekt plats f\u00f6r katter att vara helt sig sj\u00e4lva.<\/p>\n<p>Beskrivning:<\/p>\n<ul>\n<li> H\u00f6jden p\u00e5 kl\u00f6str\u00e4det kan justeras fr\u00e5n 202 till 242 cm<\/li>\n<li> H\u00f6rnkl\u00f6str\u00e4dets anti-slip kit f\u00f6r extra s\u00e4kerhet<\/li>\n<li> Sisalrep-kolonner p\u00e5 kl\u00f6str\u00e4det tillfredsst\u00e4ller kl\u00f6- och gr\u00e4vinstinkter<\/li>\n<li> Tillverkad av sp\u00e5nskiva f\u00f6r \u00f6kad stabilitet<\/li>\n<li> Designad med konstgjorda blad, kl\u00e4tterv\u00e4xter och tr\u00e4dg\u00e5rdsdekorationer<\/li>\n<li> L\u00e4mplig f\u00f6r katter under 5 kg<\/li>\n<li> Montering kr\u00e4vs<\/li>\n<\/ul>\n<p> Tekniska data:<\/p>\n<ul>\n<li> F\u00e4rg: Gr\u00f6n+Gul<\/li>\n<li> Material: Sp\u00e5nskiva, ABS, Jute<\/li>\n<li> M\u00e5tt: 37L x 21B x 202 &#8211; 242H cm<\/li>\n<li> Bas: 37L x 21B cm<\/li>\n<li> Sittst\u00e4nger: 37L x 21B cm<\/li>\n<li> Stolpar: \u00d89,6 cm<\/li>\n<li> Rekommenderad kattvikt: 5 kg<\/li>\n<\/ul>\n<p>Leveransinneh\u00e5ll:<\/p>\n<ul>\n<li> 1 x Kl\u00f6str\u00e4d<\/li>\n<li> 1 x Bruksanvisning<\/li>\n<\/ul>\n","protected":false},"excerpt":{"rendered":"<p>Uppt\u00e4ck den ideala tillflyktsorten f\u00f6r din katt med TRUUSK kattr\u00e4d fr\u00e5n golv till tak. H\u00f6jden p\u00e5 kl\u00f6str\u00e4det kan enkelt justeras&#8230;<\/p>\n","protected":false},"featured_media":86719,"template":"","meta":[],"product_brand":[],"product_cat":[878,588,879],"product_tag":[],"class_list":{"0":"post-86728","1":"product","2":"type-product","3":"status-publish","4":"has-post-thumbnail","6":"product_cat-djurbehov","7":"product_cat-katttillbehor","8":"product_cat-klostrad","10":"first","11":"instock","12":"sale","13":"taxable","14":"shipping-taxable","15":"purchasable","16":"product-type-simple"},"yoast_head":"<!-- This site is optimized with the Yoast SEO plugin v25.4 - https:\/\/yoast.com\/wordpress\/plugins\/seo\/ -->\n<title>TRUUSK Justerbar Kl\u00e4tterst\u00e4llning 202-242 cm - Halkfri - Jutesn\u00f6re-stolpe - Sp\u00e5nskiva - Gr\u00f6n\/Gul - TRUUSK - Hem, Tr\u00e4dg\u00e5rd &amp; Fritid<\/title>\n<meta name=\"robots\" content=\"index, follow, max-snippet:-1, max-image-preview:large, max-video-preview:-1\" \/>\n<link rel=\"canonical\" href=\"https:\/\/truusk.store\/sv\/produkt\/truusk-justerbar-klatterstallning-202-242-cm-halkfri-jutesnore-stolpe-spanskiva-gron-gul\/\" \/>\n<meta property=\"og:locale\" content=\"sv_SE\" \/>\n<meta property=\"og:type\" content=\"article\" \/>\n<meta property=\"og:title\" content=\"TRUUSK Justerbar Kl\u00e4tterst\u00e4llning 202-242 cm - Halkfri - Jutesn\u00f6re-stolpe - Sp\u00e5nskiva - Gr\u00f6n\/Gul - TRUUSK - Hem, Tr\u00e4dg\u00e5rd &amp; Fritid\" \/>\n<meta property=\"og:description\" content=\"Uppt\u00e4ck den ideala tillflyktsorten f\u00f6r din katt med TRUUSK kattr\u00e4d fr\u00e5n golv till tak. H\u00f6jden p\u00e5 kl\u00f6str\u00e4det kan enkelt justeras...\" \/>\n<meta property=\"og:url\" content=\"https:\/\/truusk.store\/sv\/produkt\/truusk-justerbar-klatterstallning-202-242-cm-halkfri-jutesnore-stolpe-spanskiva-gron-gul\/\" \/>\n<meta property=\"og:site_name\" content=\"TRUUSK - Hem, Tr\u00e4dg\u00e5rd &amp; Fritid\" \/>\n<meta property=\"article:modified_time\" content=\"2026-03-12T08:17:19+00:00\" \/>\n<meta property=\"og:image\" content=\"https:\/\/i0.wp.com\/truusk.se\/wp-content\/uploads\/2025\/08\/justerbar-klatterstallning-202-242-cm-halkfri-jutesnore-stolpe-spanskiva-gron-gul-1.webp?fit=2000%2C2000&ssl=1\" \/>\n\t<meta property=\"og:image:width\" content=\"2000\" \/>\n\t<meta property=\"og:image:height\" content=\"2000\" \/>\n\t<meta property=\"og:image:type\" content=\"image\/webp\" \/>\n<meta name=\"twitter:card\" content=\"summary_large_image\" \/>\n<meta name=\"twitter:label1\" content=\"Ber\u00e4knad l\u00e4stid\" \/>\n\t<meta name=\"twitter:data1\" content=\"1 minut\" \/>\n<!-- \/ Yoast SEO plugin. -->","yoast_head_json":{"title":"TRUUSK Justerbar Kl\u00e4tterst\u00e4llning 202-242 cm - Halkfri - Jutesn\u00f6re-stolpe - Sp\u00e5nskiva - Gr\u00f6n\/Gul - TRUUSK - Hem, Tr\u00e4dg\u00e5rd &amp; Fritid","robots":{"index":"index","follow":"follow","max-snippet":"max-snippet:-1","max-image-preview":"max-image-preview:large","max-video-preview":"max-video-preview:-1"},"canonical":"https:\/\/truusk.store\/sv\/produkt\/truusk-justerbar-klatterstallning-202-242-cm-halkfri-jutesnore-stolpe-spanskiva-gron-gul\/","og_locale":"sv_SE","og_type":"article","og_title":"TRUUSK Justerbar Kl\u00e4tterst\u00e4llning 202-242 cm - Halkfri - Jutesn\u00f6re-stolpe - Sp\u00e5nskiva - Gr\u00f6n\/Gul - TRUUSK - Hem, Tr\u00e4dg\u00e5rd &amp; Fritid","og_description":"Uppt\u00e4ck den ideala tillflyktsorten f\u00f6r din katt med TRUUSK kattr\u00e4d fr\u00e5n golv till tak. H\u00f6jden p\u00e5 kl\u00f6str\u00e4det kan enkelt justeras...","og_url":"https:\/\/truusk.store\/sv\/produkt\/truusk-justerbar-klatterstallning-202-242-cm-halkfri-jutesnore-stolpe-spanskiva-gron-gul\/","og_site_name":"TRUUSK - Hem, Tr\u00e4dg\u00e5rd &amp; Fritid","article_modified_time":"2026-03-12T08:17:19+00:00","og_image":[{"width":2000,"height":2000,"url":"https:\/\/i0.wp.com\/truusk.se\/wp-content\/uploads\/2025\/08\/justerbar-klatterstallning-202-242-cm-halkfri-jutesnore-stolpe-spanskiva-gron-gul-1.webp?fit=2000%2C2000&ssl=1","type":"image\/webp"}],"twitter_card":"summary_large_image","twitter_misc":{"Ber\u00e4knad l\u00e4stid":"1 minut"},"schema":{"@context":"https:\/\/schema.org","@graph":[{"@type":"WebPage","@id":"https:\/\/truusk.store\/sv\/produkt\/truusk-justerbar-klatterstallning-202-242-cm-halkfri-jutesnore-stolpe-spanskiva-gron-gul\/","url":"https:\/\/truusk.store\/sv\/produkt\/truusk-justerbar-klatterstallning-202-242-cm-halkfri-jutesnore-stolpe-spanskiva-gron-gul\/","name":"TRUUSK Justerbar Kl\u00e4tterst\u00e4llning 202-242 cm - Halkfri - Jutesn\u00f6re-stolpe - Sp\u00e5nskiva - Gr\u00f6n\/Gul - TRUUSK - Hem, Tr\u00e4dg\u00e5rd &amp; Fritid","isPartOf":{"@id":"https:\/\/truusk.store\/sv\/#website"},"primaryImageOfPage":{"@id":"https:\/\/truusk.store\/sv\/produkt\/truusk-justerbar-klatterstallning-202-242-cm-halkfri-jutesnore-stolpe-spanskiva-gron-gul\/#primaryimage"},"image":{"@id":"https:\/\/truusk.store\/sv\/produkt\/truusk-justerbar-klatterstallning-202-242-cm-halkfri-jutesnore-stolpe-spanskiva-gron-gul\/#primaryimage"},"thumbnailUrl":"https:\/\/i0.wp.com\/truusk.store\/wp-content\/uploads\/2025\/08\/justerbar-klatterstallning-202-242-cm-halkfri-jutesnore-stolpe-spanskiva-gron-gul-1.webp?fit=2000%2C2000&ssl=1","datePublished":"2025-08-20T04:09:41+00:00","dateModified":"2026-03-12T08:17:19+00:00","breadcrumb":{"@id":"https:\/\/truusk.store\/sv\/produkt\/truusk-justerbar-klatterstallning-202-242-cm-halkfri-jutesnore-stolpe-spanskiva-gron-gul\/#breadcrumb"},"inLanguage":"sv-SE","potentialAction":[{"@type":"ReadAction","target":["https:\/\/truusk.store\/sv\/produkt\/truusk-justerbar-klatterstallning-202-242-cm-halkfri-jutesnore-stolpe-spanskiva-gron-gul\/"]}]},{"@type":"ImageObject","inLanguage":"sv-SE","@id":"https:\/\/truusk.store\/sv\/produkt\/truusk-justerbar-klatterstallning-202-242-cm-halkfri-jutesnore-stolpe-spanskiva-gron-gul\/#primaryimage","url":"https:\/\/i0.wp.com\/truusk.store\/wp-content\/uploads\/2025\/08\/justerbar-klatterstallning-202-242-cm-halkfri-jutesnore-stolpe-spanskiva-gron-gul-1.webp?fit=2000%2C2000&ssl=1","contentUrl":"https:\/\/i0.wp.com\/truusk.store\/wp-content\/uploads\/2025\/08\/justerbar-klatterstallning-202-242-cm-halkfri-jutesnore-stolpe-spanskiva-gron-gul-1.webp?fit=2000%2C2000&ssl=1","width":2000,"height":2000},{"@type":"BreadcrumbList","@id":"https:\/\/truusk.store\/sv\/produkt\/truusk-justerbar-klatterstallning-202-242-cm-halkfri-jutesnore-stolpe-spanskiva-gron-gul\/#breadcrumb","itemListElement":[{"@type":"ListItem","position":1,"name":"Home","item":"https:\/\/truusk.store\/sv\/"},{"@type":"ListItem","position":2,"name":"Shop","item":"https:\/\/truusk.store\/shop\/"},{"@type":"ListItem","position":3,"name":"TRUUSK Justerbar Kl\u00e4tterst\u00e4llning 202-242 cm &#8211; Halkfri &#8211; Jutesn\u00f6re-stolpe &#8211; Sp\u00e5nskiva &#8211; Gr\u00f6n\/Gul"}]},{"@type":"WebSite","@id":"https:\/\/truusk.store\/sv\/#website","url":"https:\/\/truusk.store\/sv\/","name":"TRUUSK - Hem, Tr\u00e4dg\u00e5rd & Fritid","description":"","publisher":{"@id":"https:\/\/truusk.store\/sv\/#organization"},"potentialAction":[{"@type":"SearchAction","target":{"@type":"EntryPoint","urlTemplate":"https:\/\/truusk.store\/sv\/?s={search_term_string}"},"query-input":{"@type":"PropertyValueSpecification","valueRequired":true,"valueName":"search_term_string"}}],"inLanguage":"sv-SE"},{"@type":"Organization","@id":"https:\/\/truusk.store\/sv\/#organization","name":"TRUUSK - Hem, Tr\u00e4dg\u00e5rd & Fritid","url":"https:\/\/truusk.store\/sv\/","logo":{"@type":"ImageObject","inLanguage":"sv-SE","@id":"https:\/\/truusk.store\/sv\/#\/schema\/logo\/image\/","url":"https:\/\/i0.wp.com\/truusk.store\/wp-content\/uploads\/2026\/03\/cropped-TRUUSK.png?fit=2032%2C917&ssl=1","contentUrl":"https:\/\/i0.wp.com\/truusk.store\/wp-content\/uploads\/2026\/03\/cropped-TRUUSK.png?fit=2032%2C917&ssl=1","width":2032,"height":917,"caption":"TRUUSK - Hem, Tr\u00e4dg\u00e5rd & Fritid"},"image":{"@id":"https:\/\/truusk.store\/sv\/#\/schema\/logo\/image\/"}}]}},"jetpack_sharing_enabled":true,"_links":{"self":[{"href":"https:\/\/truusk.store\/sv\/wp-json\/wp\/v2\/product\/86728","targetHints":{"allow":["GET"]}}],"collection":[{"href":"https:\/\/truusk.store\/sv\/wp-json\/wp\/v2\/product"}],"about":[{"href":"https:\/\/truusk.store\/sv\/wp-json\/wp\/v2\/types\/product"}],"wp:featuredmedia":[{"embeddable":true,"href":"https:\/\/truusk.store\/sv\/wp-json\/wp\/v2\/media\/86719"}],"wp:attachment":[{"href":"https:\/\/truusk.store\/sv\/wp-json\/wp\/v2\/media?parent=86728"}],"wp:term":[{"taxonomy":"product_brand","embeddable":true,"href":"https:\/\/truusk.store\/sv\/wp-json\/wp\/v2\/product_brand?post=86728"},{"taxonomy":"product_cat","embeddable":true,"href":"https:\/\/truusk.store\/sv\/wp-json\/wp\/v2\/product_cat?post=86728"},{"taxonomy":"product_tag","embeddable":true,"href":"https:\/\/truusk.store\/sv\/wp-json\/wp\/v2\/product_tag?post=86728"}],"curies":[{"name":"wp","href":"https:\/\/api.w.org\/{rel}","templated":true}]}}