{"id":86748,"date":"2025-08-20T05:11:50","date_gmt":"2025-08-20T04:11:50","guid":{"rendered":"https:\/\/truusk.store\/product\/terrarium-for-reptiler-amfibier-glidande-glasdorrar-ventilationsgaller-120x50x50cm\/"},"modified":"2026-03-12T09:18:40","modified_gmt":"2026-03-12T08:18:40","slug":"truusk-terrarium-for-reptiler-amfibier-glidande-glasdorrar-ventilationsgaller-120x50x50cm","status":"publish","type":"product","link":"https:\/\/truusk.store\/sv\/produkt\/truusk-terrarium-for-reptiler-amfibier-glidande-glasdorrar-ventilationsgaller-120x50x50cm\/","title":{"rendered":"TRUUSK Terrarium f\u00f6r Reptiler\/Amfibier &#8211; Glidande Glasd\u00f6rrar &#8211; Ventilationsgaller &#8211; 120x50x50cm"},"content":{"rendered":"<p>Skapa det perfekta hemmet f\u00f6r dina reptiler med TRUUSK-terrariet. Oavsett om det \u00e4r land, vatten eller regnskog &#8211; skapa en milj\u00f6 d\u00e4r dina djur trivs. Breda ventilationsgaller ger optimal ventilation och svalka, medan det kylisolerande h\u00f6ljet imponerar med sin stabilitet. Genom den stora glasd\u00f6rren till matningsl\u00e5dan kan du observera dina reptiler i deras naturliga milj\u00f6. F\u00f6r extra v\u00e4rme kan en v\u00e4rmematta enkelt integreras.<\/p>\n<p>Beskrivning:<\/p>\n<ul>\n<li> Ventilationsgaller ger l\u00e4mplig ventilation av terrariet<\/li>\n<li> Skjutd\u00f6rrar av transparent glas ger fri utsikt \u00f6ver dina husdjur<\/li>\n<li> H\u00f6jd av OSB-plattor ger utm\u00e4rkt v\u00e4rmeisolering<\/li>\n<li> F\u00f6r extra v\u00e4rme kan en v\u00e4rmematta placeras p\u00e5 golvet<\/li>\n<li> Bel\u00e4ggning av reptilavelboxen med konstharts skyddar terrariet ytterligare mot fukt<\/li>\n<li> L\u00e4mplig f\u00f6r \u00f6dlor, grodor, paddor, ormar, kameleontar och andra reptiler och amfibier<\/li>\n<li> Enkel montering kr\u00e4vs<\/li>\n<\/ul>\n<p>Tekniska data:<\/p>\n<ul>\n<li> F\u00e4rg: Tr\u00e4<\/li>\n<li> Material: OSB-platta (tr\u00e4material), h\u00e4rdat glas, st\u00e5l<\/li>\n<li> M\u00e5tt: 120L x 50B x 50H cm. Framd\u00f6rr: 53L x 21,5H cm. Enskilt andningsn\u00e4tspanel: \u00d6ver: 55,2L x 5,5H cm. Under: 55,2L x 12H cm<\/li>\n<li> Obs: Reptiler eller dekorationer ing\u00e5r inte i leveransen<\/li>\n<\/ul>\n<p>Leverans:<\/p>\n<ul>\n<li> 1 x Terrarium<\/li>\n<li> 1 x Handbok<\/li>\n<\/ul>\n","protected":false},"excerpt":{"rendered":"<p>Skapa det perfekta hemmet f\u00f6r dina reptiler med TRUUSK-terrariet. Oavsett om det \u00e4r land, vatten eller regnskog &#8211; skapa en&#8230;<\/p>\n","protected":false},"featured_media":86739,"template":"","meta":[],"product_brand":[],"product_cat":[878,597,955],"product_tag":[],"class_list":{"0":"post-86748","1":"product","2":"type-product","3":"status-publish","4":"has-post-thumbnail","6":"product_cat-djurbehov","7":"product_cat-sma-djurtillbehor","8":"product_cat-utomhushagn","10":"first","11":"instock","12":"sale","13":"taxable","14":"shipping-taxable","15":"purchasable","16":"product-type-simple"},"yoast_head":"<!-- This site is optimized with the Yoast SEO plugin v25.4 - https:\/\/yoast.com\/wordpress\/plugins\/seo\/ -->\n<title>TRUUSK Terrarium f\u00f6r Reptiler\/Amfibier - Glidande Glasd\u00f6rrar - Ventilationsgaller - 120x50x50cm - TRUUSK - Hem, Tr\u00e4dg\u00e5rd &amp; Fritid<\/title>\n<meta name=\"robots\" content=\"index, follow, max-snippet:-1, max-image-preview:large, max-video-preview:-1\" \/>\n<link rel=\"canonical\" href=\"https:\/\/truusk.store\/sv\/produkt\/truusk-terrarium-for-reptiler-amfibier-glidande-glasdorrar-ventilationsgaller-120x50x50cm\/\" \/>\n<meta property=\"og:locale\" content=\"sv_SE\" \/>\n<meta property=\"og:type\" content=\"article\" \/>\n<meta property=\"og:title\" content=\"TRUUSK Terrarium f\u00f6r Reptiler\/Amfibier - Glidande Glasd\u00f6rrar - Ventilationsgaller - 120x50x50cm - TRUUSK - Hem, Tr\u00e4dg\u00e5rd &amp; Fritid\" \/>\n<meta property=\"og:description\" content=\"Skapa det perfekta hemmet f\u00f6r dina reptiler med TRUUSK-terrariet. Oavsett om det \u00e4r land, vatten eller regnskog &#8211; skapa en...\" \/>\n<meta property=\"og:url\" content=\"https:\/\/truusk.store\/sv\/produkt\/truusk-terrarium-for-reptiler-amfibier-glidande-glasdorrar-ventilationsgaller-120x50x50cm\/\" \/>\n<meta property=\"og:site_name\" content=\"TRUUSK - Hem, Tr\u00e4dg\u00e5rd &amp; Fritid\" \/>\n<meta property=\"article:modified_time\" content=\"2026-03-12T08:18:40+00:00\" \/>\n<meta property=\"og:image\" content=\"https:\/\/i0.wp.com\/truusk.se\/wp-content\/uploads\/2025\/08\/terrarium-for-reptiler-amfibier-glidande-glasdorrar-ventilationsgaller-120x50x50cm-1.webp?fit=2000%2C2000&ssl=1\" \/>\n\t<meta property=\"og:image:width\" content=\"2000\" \/>\n\t<meta property=\"og:image:height\" content=\"2000\" \/>\n\t<meta property=\"og:image:type\" content=\"image\/webp\" \/>\n<meta name=\"twitter:card\" content=\"summary_large_image\" \/>\n<meta name=\"twitter:label1\" content=\"Ber\u00e4knad l\u00e4stid\" \/>\n\t<meta name=\"twitter:data1\" content=\"1 minut\" \/>\n<!-- \/ Yoast SEO plugin. -->","yoast_head_json":{"title":"TRUUSK Terrarium f\u00f6r Reptiler\/Amfibier - Glidande Glasd\u00f6rrar - Ventilationsgaller - 120x50x50cm - TRUUSK - Hem, Tr\u00e4dg\u00e5rd &amp; Fritid","robots":{"index":"index","follow":"follow","max-snippet":"max-snippet:-1","max-image-preview":"max-image-preview:large","max-video-preview":"max-video-preview:-1"},"canonical":"https:\/\/truusk.store\/sv\/produkt\/truusk-terrarium-for-reptiler-amfibier-glidande-glasdorrar-ventilationsgaller-120x50x50cm\/","og_locale":"sv_SE","og_type":"article","og_title":"TRUUSK Terrarium f\u00f6r Reptiler\/Amfibier - Glidande Glasd\u00f6rrar - Ventilationsgaller - 120x50x50cm - TRUUSK - Hem, Tr\u00e4dg\u00e5rd &amp; Fritid","og_description":"Skapa det perfekta hemmet f\u00f6r dina reptiler med TRUUSK-terrariet. Oavsett om det \u00e4r land, vatten eller regnskog &#8211; skapa en...","og_url":"https:\/\/truusk.store\/sv\/produkt\/truusk-terrarium-for-reptiler-amfibier-glidande-glasdorrar-ventilationsgaller-120x50x50cm\/","og_site_name":"TRUUSK - Hem, Tr\u00e4dg\u00e5rd &amp; Fritid","article_modified_time":"2026-03-12T08:18:40+00:00","og_image":[{"width":2000,"height":2000,"url":"https:\/\/i0.wp.com\/truusk.se\/wp-content\/uploads\/2025\/08\/terrarium-for-reptiler-amfibier-glidande-glasdorrar-ventilationsgaller-120x50x50cm-1.webp?fit=2000%2C2000&ssl=1","type":"image\/webp"}],"twitter_card":"summary_large_image","twitter_misc":{"Ber\u00e4knad l\u00e4stid":"1 minut"},"schema":{"@context":"https:\/\/schema.org","@graph":[{"@type":"WebPage","@id":"https:\/\/truusk.store\/sv\/produkt\/truusk-terrarium-for-reptiler-amfibier-glidande-glasdorrar-ventilationsgaller-120x50x50cm\/","url":"https:\/\/truusk.store\/sv\/produkt\/truusk-terrarium-for-reptiler-amfibier-glidande-glasdorrar-ventilationsgaller-120x50x50cm\/","name":"TRUUSK Terrarium f\u00f6r Reptiler\/Amfibier - Glidande Glasd\u00f6rrar - Ventilationsgaller - 120x50x50cm - TRUUSK - Hem, Tr\u00e4dg\u00e5rd &amp; Fritid","isPartOf":{"@id":"https:\/\/truusk.store\/sv\/#website"},"primaryImageOfPage":{"@id":"https:\/\/truusk.store\/sv\/produkt\/truusk-terrarium-for-reptiler-amfibier-glidande-glasdorrar-ventilationsgaller-120x50x50cm\/#primaryimage"},"image":{"@id":"https:\/\/truusk.store\/sv\/produkt\/truusk-terrarium-for-reptiler-amfibier-glidande-glasdorrar-ventilationsgaller-120x50x50cm\/#primaryimage"},"thumbnailUrl":"https:\/\/i0.wp.com\/truusk.store\/wp-content\/uploads\/2025\/08\/terrarium-for-reptiler-amfibier-glidande-glasdorrar-ventilationsgaller-120x50x50cm-1.webp?fit=2000%2C2000&ssl=1","datePublished":"2025-08-20T04:11:50+00:00","dateModified":"2026-03-12T08:18:40+00:00","breadcrumb":{"@id":"https:\/\/truusk.store\/sv\/produkt\/truusk-terrarium-for-reptiler-amfibier-glidande-glasdorrar-ventilationsgaller-120x50x50cm\/#breadcrumb"},"inLanguage":"sv-SE","potentialAction":[{"@type":"ReadAction","target":["https:\/\/truusk.store\/sv\/produkt\/truusk-terrarium-for-reptiler-amfibier-glidande-glasdorrar-ventilationsgaller-120x50x50cm\/"]}]},{"@type":"ImageObject","inLanguage":"sv-SE","@id":"https:\/\/truusk.store\/sv\/produkt\/truusk-terrarium-for-reptiler-amfibier-glidande-glasdorrar-ventilationsgaller-120x50x50cm\/#primaryimage","url":"https:\/\/i0.wp.com\/truusk.store\/wp-content\/uploads\/2025\/08\/terrarium-for-reptiler-amfibier-glidande-glasdorrar-ventilationsgaller-120x50x50cm-1.webp?fit=2000%2C2000&ssl=1","contentUrl":"https:\/\/i0.wp.com\/truusk.store\/wp-content\/uploads\/2025\/08\/terrarium-for-reptiler-amfibier-glidande-glasdorrar-ventilationsgaller-120x50x50cm-1.webp?fit=2000%2C2000&ssl=1","width":2000,"height":2000},{"@type":"BreadcrumbList","@id":"https:\/\/truusk.store\/sv\/produkt\/truusk-terrarium-for-reptiler-amfibier-glidande-glasdorrar-ventilationsgaller-120x50x50cm\/#breadcrumb","itemListElement":[{"@type":"ListItem","position":1,"name":"Home","item":"https:\/\/truusk.store\/sv\/"},{"@type":"ListItem","position":2,"name":"Shop","item":"https:\/\/truusk.store\/shop\/"},{"@type":"ListItem","position":3,"name":"TRUUSK Terrarium f\u00f6r Reptiler\/Amfibier &#8211; Glidande Glasd\u00f6rrar &#8211; Ventilationsgaller &#8211; 120x50x50cm"}]},{"@type":"WebSite","@id":"https:\/\/truusk.store\/sv\/#website","url":"https:\/\/truusk.store\/sv\/","name":"TRUUSK - Hem, Tr\u00e4dg\u00e5rd & Fritid","description":"","publisher":{"@id":"https:\/\/truusk.store\/sv\/#organization"},"potentialAction":[{"@type":"SearchAction","target":{"@type":"EntryPoint","urlTemplate":"https:\/\/truusk.store\/sv\/?s={search_term_string}"},"query-input":{"@type":"PropertyValueSpecification","valueRequired":true,"valueName":"search_term_string"}}],"inLanguage":"sv-SE"},{"@type":"Organization","@id":"https:\/\/truusk.store\/sv\/#organization","name":"TRUUSK - Hem, Tr\u00e4dg\u00e5rd & Fritid","url":"https:\/\/truusk.store\/sv\/","logo":{"@type":"ImageObject","inLanguage":"sv-SE","@id":"https:\/\/truusk.store\/sv\/#\/schema\/logo\/image\/","url":"https:\/\/i0.wp.com\/truusk.store\/wp-content\/uploads\/2026\/03\/cropped-TRUUSK.png?fit=2032%2C917&ssl=1","contentUrl":"https:\/\/i0.wp.com\/truusk.store\/wp-content\/uploads\/2026\/03\/cropped-TRUUSK.png?fit=2032%2C917&ssl=1","width":2032,"height":917,"caption":"TRUUSK - Hem, Tr\u00e4dg\u00e5rd & Fritid"},"image":{"@id":"https:\/\/truusk.store\/sv\/#\/schema\/logo\/image\/"}}]}},"jetpack_sharing_enabled":true,"_links":{"self":[{"href":"https:\/\/truusk.store\/sv\/wp-json\/wp\/v2\/product\/86748","targetHints":{"allow":["GET"]}}],"collection":[{"href":"https:\/\/truusk.store\/sv\/wp-json\/wp\/v2\/product"}],"about":[{"href":"https:\/\/truusk.store\/sv\/wp-json\/wp\/v2\/types\/product"}],"wp:featuredmedia":[{"embeddable":true,"href":"https:\/\/truusk.store\/sv\/wp-json\/wp\/v2\/media\/86739"}],"wp:attachment":[{"href":"https:\/\/truusk.store\/sv\/wp-json\/wp\/v2\/media?parent=86748"}],"wp:term":[{"taxonomy":"product_brand","embeddable":true,"href":"https:\/\/truusk.store\/sv\/wp-json\/wp\/v2\/product_brand?post=86748"},{"taxonomy":"product_cat","embeddable":true,"href":"https:\/\/truusk.store\/sv\/wp-json\/wp\/v2\/product_cat?post=86748"},{"taxonomy":"product_tag","embeddable":true,"href":"https:\/\/truusk.store\/sv\/wp-json\/wp\/v2\/product_tag?post=86748"}],"curies":[{"name":"wp","href":"https:\/\/api.w.org\/{rel}","templated":true}]}}