{"id":86758,"date":"2025-08-20T05:12:47","date_gmt":"2025-08-20T04:12:47","guid":{"rendered":"https:\/\/truusk.store\/product\/tradgardsbord-for-6-personer-vaderbestandigt-hardat-glas-terrassbord-150-cm-x-90-cm-x-74-cm-svart\/"},"modified":"2026-03-12T09:20:24","modified_gmt":"2026-03-12T08:20:24","slug":"truusk-tradgardsbord-for-6-personer-vaderbestandigt-hardat-glas-terrassbord-150-x-90-x-74-cm-svart","status":"publish","type":"product","link":"https:\/\/truusk.store\/sv\/produkt\/truusk-tradgardsbord-for-6-personer-vaderbestandigt-hardat-glas-terrassbord-150-x-90-x-74-cm-svart\/","title":{"rendered":"TRUUSK Tr\u00e4dg\u00e5rdsbord f\u00f6r 6 personer &#8211; V\u00e4derbest\u00e4ndigt h\u00e4rdat glas &#8211; Terrassbord 150 x 90 x 74 cm &#8211; Svart"},"content":{"rendered":"<p>Vill du l\u00e4sa utomhus? Beh\u00f6ver du ett bord? Denna tr\u00e4dg\u00e5rdsbord fr\u00e5n TRUUSK kommer att bli mittpunkten f\u00f6r varje tr\u00e4dg\u00e5rdsfest. Bordet har inte bara en modern design, utan \u00e4r ocks\u00e5 mycket l\u00e4tt att underh\u00e5lla och stabilt. Den robusta aluminiumramen och bordsskivan av h\u00e4rdat glas \u00e4r robusta och l\u00e4tta att underh\u00e5lla. Detta bord passar f\u00f6r tr\u00e4dg\u00e5rden, terrassen, verandan och mycket mer. Njut nu av en utomhusmiddag med detta tr\u00e4dg\u00e5rdsbord fr\u00e5n TRUUSK.<\/p>\n<p>Beskrivning:<\/p>\n<ul>\n<li> Tr\u00e4dg\u00e5rdsbord av aluminium och h\u00e4rdat glas, erbjuder plats f\u00f6r 6 personer<\/li>\n<li> Bordsskiva av l\u00e4tt reng\u00f6rbart, svart h\u00e4rdat glas<\/li>\n<li> V\u00e4derbest\u00e4ndig, tack vare rostfritt aluminium och glas<\/li>\n<li> Justerbara niv\u00e5f\u00f6tter h\u00e5ller bordet stabilt \u00e4ven p\u00e5 oj\u00e4mnt underlag och skyddar golvet mot skador<\/li>\n<li> Svart glasskiva och minimalistisk design f\u00f6r en modern look, perfekt f\u00f6r anv\u00e4ndning inomhus och utomhus<\/li>\n<li> Montering kr\u00e4vs<\/li>\n<\/ul>\n<p>Tekniska data:<\/p>\n<ul>\n<li> F\u00e4rg: Svart<\/li>\n<li> Material: Aluminium, h\u00e4rdat glas<\/li>\n<li> Totala m\u00e5tt: 150L x 90B x 74H cm<\/li>\n<li> Tjocklek p\u00e5 bordsskivan: 5mm<\/li>\n<li> Viktkapacitet: 50kg<\/li>\n<\/ul>\n<p>Ing\u00e5r i leveransen:<\/p>\n<ul>\n<li> 1 x Tr\u00e4dg\u00e5rdsbord<\/li>\n<li> 1 x Instruktioner<\/li>\n<\/ul>\n","protected":false},"excerpt":{"rendered":"<p>Vill du l\u00e4sa utomhus? Beh\u00f6ver du ett bord? Denna tr\u00e4dg\u00e5rdsbord fr\u00e5n TRUUSK kommer att bli mittpunkten f\u00f6r varje tr\u00e4dg\u00e5rdsfest. Bordet&#8230;<\/p>\n","protected":false},"featured_media":86749,"template":"","meta":[],"product_brand":[],"product_cat":[858,457,450],"product_tag":[],"class_list":{"0":"post-86758","1":"product","2":"type-product","3":"status-publish","4":"has-post-thumbnail","6":"product_cat-tradgard-terrass","7":"product_cat-tradgardsbord","8":"product_cat-tradgardsmobler","10":"first","11":"instock","12":"sale","13":"taxable","14":"shipping-taxable","15":"purchasable","16":"product-type-simple"},"yoast_head":"<!-- This site is optimized with the Yoast SEO plugin v25.4 - https:\/\/yoast.com\/wordpress\/plugins\/seo\/ -->\n<title>TRUUSK Tr\u00e4dg\u00e5rdsbord f\u00f6r 6 personer - V\u00e4derbest\u00e4ndigt h\u00e4rdat glas - Terrassbord 150 x 90 x 74 cm - Svart - TRUUSK - Hem, Tr\u00e4dg\u00e5rd &amp; Fritid<\/title>\n<meta name=\"robots\" content=\"index, follow, max-snippet:-1, max-image-preview:large, max-video-preview:-1\" \/>\n<link rel=\"canonical\" href=\"https:\/\/truusk.store\/sv\/produkt\/truusk-tradgardsbord-for-6-personer-vaderbestandigt-hardat-glas-terrassbord-150-x-90-x-74-cm-svart\/\" \/>\n<meta property=\"og:locale\" content=\"sv_SE\" \/>\n<meta property=\"og:type\" content=\"article\" \/>\n<meta property=\"og:title\" content=\"TRUUSK Tr\u00e4dg\u00e5rdsbord f\u00f6r 6 personer - V\u00e4derbest\u00e4ndigt h\u00e4rdat glas - Terrassbord 150 x 90 x 74 cm - Svart - TRUUSK - Hem, Tr\u00e4dg\u00e5rd &amp; Fritid\" \/>\n<meta property=\"og:description\" content=\"Vill du l\u00e4sa utomhus? Beh\u00f6ver du ett bord? Denna tr\u00e4dg\u00e5rdsbord fr\u00e5n TRUUSK kommer att bli mittpunkten f\u00f6r varje tr\u00e4dg\u00e5rdsfest. Bordet...\" \/>\n<meta property=\"og:url\" content=\"https:\/\/truusk.store\/sv\/produkt\/truusk-tradgardsbord-for-6-personer-vaderbestandigt-hardat-glas-terrassbord-150-x-90-x-74-cm-svart\/\" \/>\n<meta property=\"og:site_name\" content=\"TRUUSK - Hem, Tr\u00e4dg\u00e5rd &amp; Fritid\" \/>\n<meta property=\"article:modified_time\" content=\"2026-03-12T08:20:24+00:00\" \/>\n<meta property=\"og:image\" content=\"https:\/\/i0.wp.com\/truusk.se\/wp-content\/uploads\/2025\/08\/tradgardsbord-for-6-personer-vaderbestandigt-hardat-glas-terrassbord-150-cm-x-90-cm-x-74-cm-svart-1.webp?fit=2000%2C2000&ssl=1\" \/>\n\t<meta property=\"og:image:width\" content=\"2000\" \/>\n\t<meta property=\"og:image:height\" content=\"2000\" \/>\n\t<meta property=\"og:image:type\" content=\"image\/webp\" \/>\n<meta name=\"twitter:card\" content=\"summary_large_image\" \/>\n<meta name=\"twitter:label1\" content=\"Ber\u00e4knad l\u00e4stid\" \/>\n\t<meta name=\"twitter:data1\" content=\"1 minut\" \/>\n<!-- \/ Yoast SEO plugin. -->","yoast_head_json":{"title":"TRUUSK Tr\u00e4dg\u00e5rdsbord f\u00f6r 6 personer - V\u00e4derbest\u00e4ndigt h\u00e4rdat glas - Terrassbord 150 x 90 x 74 cm - Svart - TRUUSK - Hem, Tr\u00e4dg\u00e5rd &amp; Fritid","robots":{"index":"index","follow":"follow","max-snippet":"max-snippet:-1","max-image-preview":"max-image-preview:large","max-video-preview":"max-video-preview:-1"},"canonical":"https:\/\/truusk.store\/sv\/produkt\/truusk-tradgardsbord-for-6-personer-vaderbestandigt-hardat-glas-terrassbord-150-x-90-x-74-cm-svart\/","og_locale":"sv_SE","og_type":"article","og_title":"TRUUSK Tr\u00e4dg\u00e5rdsbord f\u00f6r 6 personer - V\u00e4derbest\u00e4ndigt h\u00e4rdat glas - Terrassbord 150 x 90 x 74 cm - Svart - TRUUSK - Hem, Tr\u00e4dg\u00e5rd &amp; Fritid","og_description":"Vill du l\u00e4sa utomhus? Beh\u00f6ver du ett bord? Denna tr\u00e4dg\u00e5rdsbord fr\u00e5n TRUUSK kommer att bli mittpunkten f\u00f6r varje tr\u00e4dg\u00e5rdsfest. Bordet...","og_url":"https:\/\/truusk.store\/sv\/produkt\/truusk-tradgardsbord-for-6-personer-vaderbestandigt-hardat-glas-terrassbord-150-x-90-x-74-cm-svart\/","og_site_name":"TRUUSK - Hem, Tr\u00e4dg\u00e5rd &amp; Fritid","article_modified_time":"2026-03-12T08:20:24+00:00","og_image":[{"width":2000,"height":2000,"url":"https:\/\/i0.wp.com\/truusk.se\/wp-content\/uploads\/2025\/08\/tradgardsbord-for-6-personer-vaderbestandigt-hardat-glas-terrassbord-150-cm-x-90-cm-x-74-cm-svart-1.webp?fit=2000%2C2000&ssl=1","type":"image\/webp"}],"twitter_card":"summary_large_image","twitter_misc":{"Ber\u00e4knad l\u00e4stid":"1 minut"},"schema":{"@context":"https:\/\/schema.org","@graph":[{"@type":"WebPage","@id":"https:\/\/truusk.store\/sv\/produkt\/truusk-tradgardsbord-for-6-personer-vaderbestandigt-hardat-glas-terrassbord-150-x-90-x-74-cm-svart\/","url":"https:\/\/truusk.store\/sv\/produkt\/truusk-tradgardsbord-for-6-personer-vaderbestandigt-hardat-glas-terrassbord-150-x-90-x-74-cm-svart\/","name":"TRUUSK Tr\u00e4dg\u00e5rdsbord f\u00f6r 6 personer - V\u00e4derbest\u00e4ndigt h\u00e4rdat glas - Terrassbord 150 x 90 x 74 cm - Svart - TRUUSK - Hem, Tr\u00e4dg\u00e5rd &amp; Fritid","isPartOf":{"@id":"https:\/\/truusk.store\/sv\/#website"},"primaryImageOfPage":{"@id":"https:\/\/truusk.store\/sv\/produkt\/truusk-tradgardsbord-for-6-personer-vaderbestandigt-hardat-glas-terrassbord-150-x-90-x-74-cm-svart\/#primaryimage"},"image":{"@id":"https:\/\/truusk.store\/sv\/produkt\/truusk-tradgardsbord-for-6-personer-vaderbestandigt-hardat-glas-terrassbord-150-x-90-x-74-cm-svart\/#primaryimage"},"thumbnailUrl":"https:\/\/i0.wp.com\/truusk.store\/wp-content\/uploads\/2025\/08\/tradgardsbord-for-6-personer-vaderbestandigt-hardat-glas-terrassbord-150-cm-x-90-cm-x-74-cm-svart-1.webp?fit=2000%2C2000&ssl=1","datePublished":"2025-08-20T04:12:47+00:00","dateModified":"2026-03-12T08:20:24+00:00","breadcrumb":{"@id":"https:\/\/truusk.store\/sv\/produkt\/truusk-tradgardsbord-for-6-personer-vaderbestandigt-hardat-glas-terrassbord-150-x-90-x-74-cm-svart\/#breadcrumb"},"inLanguage":"sv-SE","potentialAction":[{"@type":"ReadAction","target":["https:\/\/truusk.store\/sv\/produkt\/truusk-tradgardsbord-for-6-personer-vaderbestandigt-hardat-glas-terrassbord-150-x-90-x-74-cm-svart\/"]}]},{"@type":"ImageObject","inLanguage":"sv-SE","@id":"https:\/\/truusk.store\/sv\/produkt\/truusk-tradgardsbord-for-6-personer-vaderbestandigt-hardat-glas-terrassbord-150-x-90-x-74-cm-svart\/#primaryimage","url":"https:\/\/i0.wp.com\/truusk.store\/wp-content\/uploads\/2025\/08\/tradgardsbord-for-6-personer-vaderbestandigt-hardat-glas-terrassbord-150-cm-x-90-cm-x-74-cm-svart-1.webp?fit=2000%2C2000&ssl=1","contentUrl":"https:\/\/i0.wp.com\/truusk.store\/wp-content\/uploads\/2025\/08\/tradgardsbord-for-6-personer-vaderbestandigt-hardat-glas-terrassbord-150-cm-x-90-cm-x-74-cm-svart-1.webp?fit=2000%2C2000&ssl=1","width":2000,"height":2000},{"@type":"BreadcrumbList","@id":"https:\/\/truusk.store\/sv\/produkt\/truusk-tradgardsbord-for-6-personer-vaderbestandigt-hardat-glas-terrassbord-150-x-90-x-74-cm-svart\/#breadcrumb","itemListElement":[{"@type":"ListItem","position":1,"name":"Home","item":"https:\/\/truusk.store\/sv\/"},{"@type":"ListItem","position":2,"name":"Shop","item":"https:\/\/truusk.store\/shop\/"},{"@type":"ListItem","position":3,"name":"TRUUSK Tr\u00e4dg\u00e5rdsbord f\u00f6r 6 personer &#8211; V\u00e4derbest\u00e4ndigt h\u00e4rdat glas &#8211; Terrassbord 150 x 90 x 74 cm &#8211; Svart"}]},{"@type":"WebSite","@id":"https:\/\/truusk.store\/sv\/#website","url":"https:\/\/truusk.store\/sv\/","name":"TRUUSK - Hem, Tr\u00e4dg\u00e5rd & Fritid","description":"","publisher":{"@id":"https:\/\/truusk.store\/sv\/#organization"},"potentialAction":[{"@type":"SearchAction","target":{"@type":"EntryPoint","urlTemplate":"https:\/\/truusk.store\/sv\/?s={search_term_string}"},"query-input":{"@type":"PropertyValueSpecification","valueRequired":true,"valueName":"search_term_string"}}],"inLanguage":"sv-SE"},{"@type":"Organization","@id":"https:\/\/truusk.store\/sv\/#organization","name":"TRUUSK - Hem, Tr\u00e4dg\u00e5rd & Fritid","url":"https:\/\/truusk.store\/sv\/","logo":{"@type":"ImageObject","inLanguage":"sv-SE","@id":"https:\/\/truusk.store\/sv\/#\/schema\/logo\/image\/","url":"https:\/\/i0.wp.com\/truusk.store\/wp-content\/uploads\/2026\/03\/cropped-TRUUSK.png?fit=2032%2C917&ssl=1","contentUrl":"https:\/\/i0.wp.com\/truusk.store\/wp-content\/uploads\/2026\/03\/cropped-TRUUSK.png?fit=2032%2C917&ssl=1","width":2032,"height":917,"caption":"TRUUSK - Hem, Tr\u00e4dg\u00e5rd & Fritid"},"image":{"@id":"https:\/\/truusk.store\/sv\/#\/schema\/logo\/image\/"}}]}},"jetpack_sharing_enabled":true,"_links":{"self":[{"href":"https:\/\/truusk.store\/sv\/wp-json\/wp\/v2\/product\/86758","targetHints":{"allow":["GET"]}}],"collection":[{"href":"https:\/\/truusk.store\/sv\/wp-json\/wp\/v2\/product"}],"about":[{"href":"https:\/\/truusk.store\/sv\/wp-json\/wp\/v2\/types\/product"}],"wp:featuredmedia":[{"embeddable":true,"href":"https:\/\/truusk.store\/sv\/wp-json\/wp\/v2\/media\/86749"}],"wp:attachment":[{"href":"https:\/\/truusk.store\/sv\/wp-json\/wp\/v2\/media?parent=86758"}],"wp:term":[{"taxonomy":"product_brand","embeddable":true,"href":"https:\/\/truusk.store\/sv\/wp-json\/wp\/v2\/product_brand?post=86758"},{"taxonomy":"product_cat","embeddable":true,"href":"https:\/\/truusk.store\/sv\/wp-json\/wp\/v2\/product_cat?post=86758"},{"taxonomy":"product_tag","embeddable":true,"href":"https:\/\/truusk.store\/sv\/wp-json\/wp\/v2\/product_tag?post=86758"}],"curies":[{"name":"wp","href":"https:\/\/api.w.org\/{rel}","templated":true}]}}