{"id":86768,"date":"2025-08-20T05:13:42","date_gmt":"2025-08-20T04:13:42","guid":{"rendered":"https:\/\/truusk.store\/product\/spegelskap-badrumsskap-3-hyllplan-rostfritt-stal-40x12x60cm-svart\/"},"modified":"2026-03-12T09:20:27","modified_gmt":"2026-03-12T08:20:27","slug":"truusk-badrumsskap-med-3-hyllplan-rostfritt-stal-svart-40x12x60cm-modern-design","status":"publish","type":"product","link":"https:\/\/truusk.store\/sv\/produkt\/truusk-badrumsskap-med-3-hyllplan-rostfritt-stal-svart-40x12x60cm-modern-design\/","title":{"rendered":"TRUUSK Badrumssk\u00e5p med 3 hyllplan &#8211; Rostfritt st\u00e5l &#8211; Svart &#8211; 40x12x60cm &#8211; Modern design"},"content":{"rendered":"<p>Maximera ditt lagringsutrymme med TRUUSK spegelsk\u00e5p. Detta v\u00e4ggsk\u00e5p utnyttjar utrymmet bakom spegeln optimalt och erbjuder plats f\u00f6r alla dina badrumsartiklar, fr\u00e5n h\u00f6ga ansiktskr\u00e4mer med pumpdispenser till sminktuber. G\u00e5ngj\u00e4rnen p\u00e5 v\u00e4ggsk\u00e5pet \u00e4r inte bara rostfria, de d\u00e4mpar ocks\u00e5 ljudet n\u00e4r du \u00f6ppnar och st\u00e4nger sk\u00e5pet, s\u00e5 att ingen st\u00f6rs om du anv\u00e4nder spegeln p\u00e5 natten.<\/p>\n<p>Beskrivning:<\/p>\n<ul>\n<li> M\u00e5ngsidigt anv\u00e4ndbar som sk\u00e5p f\u00f6r kosmetika, mediciner eller toalettartiklar i badrummet<\/li>\n<li> Utrymmesbesparande f\u00f6rvaring tack vare hyllor dolda bakom spegeln<\/li>\n<li> Tre v\u00e5ningar med en h\u00f6jd p\u00e5 19 cm var ger tillr\u00e4ckligt med utrymme f\u00f6r st\u00f6rre kosmetikprodukter och dagliga hygienartiklar<\/li>\n<li> Spegeld\u00f6rren p\u00e5 badrumssk\u00e5pet erbjuder en klar, distorsionsfri reflektion f\u00f6r v\u00e5rdrutinen<\/li>\n<li> Utrustad med vadderade, rostfria st\u00e5lg\u00e5ngj\u00e4rn som garanterar en tyst och mjuk \u00f6ppning av d\u00f6rren<\/li>\n<li> Robust ram p\u00e5 v\u00e4ggsk\u00e5pet i rostfritt st\u00e5l<\/li>\n<li> Ingen montering kr\u00e4vs<\/li>\n<\/ul>\n<p> Tekniska data:<\/p>\n<ul>\n<li> F\u00e4rg: Svart<\/li>\n<li> Material: Rostfritt st\u00e5l, glas<\/li>\n<li> Totala dimensioner: 40B x 12T x 60H cm<\/li>\n<li> Spegelyta: 35,5B x 55,5H cm<\/li>\n<li> Inre dimensioner p\u00e5 sk\u00e5pet: 39,5B x 8T x 59H cm<\/li>\n<li> B\u00e4rf\u00f6rm\u00e5ga: 15 kg (totalt), 5 kg (per hylla)<\/li>\n<\/ul>\n<p> Leveransinneh\u00e5ll:<\/p>\n<ul>\n<li> 1 x spegelsk\u00e5p<\/li>\n<li> 1 x handbok<\/li>\n<\/ul>\n","protected":false},"excerpt":{"rendered":"<p>Maximera ditt lagringsutrymme med TRUUSK spegelsk\u00e5p. Detta v\u00e4ggsk\u00e5p utnyttjar utrymmet bakom spegeln optimalt och erbjuder plats f\u00f6r alla dina badrumsartiklar,&#8230;<\/p>\n","protected":false},"featured_media":86759,"template":"","meta":[],"product_brand":[],"product_cat":[915,535,871],"product_tag":[],"class_list":{"0":"post-86768","1":"product","2":"type-product","3":"status-publish","4":"has-post-thumbnail","6":"product_cat-badrum","7":"product_cat-badrumsskap","8":"product_cat-hus-hem","10":"first","11":"instock","12":"sale","13":"taxable","14":"shipping-taxable","15":"purchasable","16":"product-type-simple"},"yoast_head":"<!-- This site is optimized with the Yoast SEO plugin v25.4 - https:\/\/yoast.com\/wordpress\/plugins\/seo\/ -->\n<title>TRUUSK Badrumssk\u00e5p med 3 hyllplan - Rostfritt st\u00e5l - Svart - 40x12x60cm - Modern design - TRUUSK - Hem, Tr\u00e4dg\u00e5rd &amp; Fritid<\/title>\n<meta name=\"robots\" content=\"index, follow, max-snippet:-1, max-image-preview:large, max-video-preview:-1\" \/>\n<link rel=\"canonical\" href=\"https:\/\/truusk.store\/sv\/produkt\/truusk-badrumsskap-med-3-hyllplan-rostfritt-stal-svart-40x12x60cm-modern-design\/\" \/>\n<meta property=\"og:locale\" content=\"sv_SE\" \/>\n<meta property=\"og:type\" content=\"article\" \/>\n<meta property=\"og:title\" content=\"TRUUSK Badrumssk\u00e5p med 3 hyllplan - Rostfritt st\u00e5l - Svart - 40x12x60cm - Modern design - TRUUSK - Hem, Tr\u00e4dg\u00e5rd &amp; Fritid\" \/>\n<meta property=\"og:description\" content=\"Maximera ditt lagringsutrymme med TRUUSK spegelsk\u00e5p. Detta v\u00e4ggsk\u00e5p utnyttjar utrymmet bakom spegeln optimalt och erbjuder plats f\u00f6r alla dina badrumsartiklar,...\" \/>\n<meta property=\"og:url\" content=\"https:\/\/truusk.store\/sv\/produkt\/truusk-badrumsskap-med-3-hyllplan-rostfritt-stal-svart-40x12x60cm-modern-design\/\" \/>\n<meta property=\"og:site_name\" content=\"TRUUSK - Hem, Tr\u00e4dg\u00e5rd &amp; Fritid\" \/>\n<meta property=\"article:modified_time\" content=\"2026-03-12T08:20:27+00:00\" \/>\n<meta property=\"og:image\" content=\"https:\/\/i0.wp.com\/truusk.se\/wp-content\/uploads\/2025\/08\/spegelskap-badrumsskap-3-hyllplan-rostfritt-stal-40x12x60cm-svart-1.webp?fit=2000%2C2000&ssl=1\" \/>\n\t<meta property=\"og:image:width\" content=\"2000\" \/>\n\t<meta property=\"og:image:height\" content=\"2000\" \/>\n\t<meta property=\"og:image:type\" content=\"image\/webp\" \/>\n<meta name=\"twitter:card\" content=\"summary_large_image\" \/>\n<meta name=\"twitter:label1\" content=\"Ber\u00e4knad l\u00e4stid\" \/>\n\t<meta name=\"twitter:data1\" content=\"1 minut\" \/>\n<!-- \/ Yoast SEO plugin. -->","yoast_head_json":{"title":"TRUUSK Badrumssk\u00e5p med 3 hyllplan - Rostfritt st\u00e5l - Svart - 40x12x60cm - Modern design - TRUUSK - Hem, Tr\u00e4dg\u00e5rd &amp; Fritid","robots":{"index":"index","follow":"follow","max-snippet":"max-snippet:-1","max-image-preview":"max-image-preview:large","max-video-preview":"max-video-preview:-1"},"canonical":"https:\/\/truusk.store\/sv\/produkt\/truusk-badrumsskap-med-3-hyllplan-rostfritt-stal-svart-40x12x60cm-modern-design\/","og_locale":"sv_SE","og_type":"article","og_title":"TRUUSK Badrumssk\u00e5p med 3 hyllplan - Rostfritt st\u00e5l - Svart - 40x12x60cm - Modern design - TRUUSK - Hem, Tr\u00e4dg\u00e5rd &amp; Fritid","og_description":"Maximera ditt lagringsutrymme med TRUUSK spegelsk\u00e5p. Detta v\u00e4ggsk\u00e5p utnyttjar utrymmet bakom spegeln optimalt och erbjuder plats f\u00f6r alla dina badrumsartiklar,...","og_url":"https:\/\/truusk.store\/sv\/produkt\/truusk-badrumsskap-med-3-hyllplan-rostfritt-stal-svart-40x12x60cm-modern-design\/","og_site_name":"TRUUSK - Hem, Tr\u00e4dg\u00e5rd &amp; Fritid","article_modified_time":"2026-03-12T08:20:27+00:00","og_image":[{"width":2000,"height":2000,"url":"https:\/\/i0.wp.com\/truusk.se\/wp-content\/uploads\/2025\/08\/spegelskap-badrumsskap-3-hyllplan-rostfritt-stal-40x12x60cm-svart-1.webp?fit=2000%2C2000&ssl=1","type":"image\/webp"}],"twitter_card":"summary_large_image","twitter_misc":{"Ber\u00e4knad l\u00e4stid":"1 minut"},"schema":{"@context":"https:\/\/schema.org","@graph":[{"@type":"WebPage","@id":"https:\/\/truusk.store\/sv\/produkt\/truusk-badrumsskap-med-3-hyllplan-rostfritt-stal-svart-40x12x60cm-modern-design\/","url":"https:\/\/truusk.store\/sv\/produkt\/truusk-badrumsskap-med-3-hyllplan-rostfritt-stal-svart-40x12x60cm-modern-design\/","name":"TRUUSK Badrumssk\u00e5p med 3 hyllplan - Rostfritt st\u00e5l - Svart - 40x12x60cm - Modern design - TRUUSK - Hem, Tr\u00e4dg\u00e5rd &amp; Fritid","isPartOf":{"@id":"https:\/\/truusk.store\/sv\/#website"},"primaryImageOfPage":{"@id":"https:\/\/truusk.store\/sv\/produkt\/truusk-badrumsskap-med-3-hyllplan-rostfritt-stal-svart-40x12x60cm-modern-design\/#primaryimage"},"image":{"@id":"https:\/\/truusk.store\/sv\/produkt\/truusk-badrumsskap-med-3-hyllplan-rostfritt-stal-svart-40x12x60cm-modern-design\/#primaryimage"},"thumbnailUrl":"https:\/\/i0.wp.com\/truusk.store\/wp-content\/uploads\/2025\/08\/spegelskap-badrumsskap-3-hyllplan-rostfritt-stal-40x12x60cm-svart-1.webp?fit=2000%2C2000&ssl=1","datePublished":"2025-08-20T04:13:42+00:00","dateModified":"2026-03-12T08:20:27+00:00","breadcrumb":{"@id":"https:\/\/truusk.store\/sv\/produkt\/truusk-badrumsskap-med-3-hyllplan-rostfritt-stal-svart-40x12x60cm-modern-design\/#breadcrumb"},"inLanguage":"sv-SE","potentialAction":[{"@type":"ReadAction","target":["https:\/\/truusk.store\/sv\/produkt\/truusk-badrumsskap-med-3-hyllplan-rostfritt-stal-svart-40x12x60cm-modern-design\/"]}]},{"@type":"ImageObject","inLanguage":"sv-SE","@id":"https:\/\/truusk.store\/sv\/produkt\/truusk-badrumsskap-med-3-hyllplan-rostfritt-stal-svart-40x12x60cm-modern-design\/#primaryimage","url":"https:\/\/i0.wp.com\/truusk.store\/wp-content\/uploads\/2025\/08\/spegelskap-badrumsskap-3-hyllplan-rostfritt-stal-40x12x60cm-svart-1.webp?fit=2000%2C2000&ssl=1","contentUrl":"https:\/\/i0.wp.com\/truusk.store\/wp-content\/uploads\/2025\/08\/spegelskap-badrumsskap-3-hyllplan-rostfritt-stal-40x12x60cm-svart-1.webp?fit=2000%2C2000&ssl=1","width":2000,"height":2000},{"@type":"BreadcrumbList","@id":"https:\/\/truusk.store\/sv\/produkt\/truusk-badrumsskap-med-3-hyllplan-rostfritt-stal-svart-40x12x60cm-modern-design\/#breadcrumb","itemListElement":[{"@type":"ListItem","position":1,"name":"Home","item":"https:\/\/truusk.store\/sv\/"},{"@type":"ListItem","position":2,"name":"Shop","item":"https:\/\/truusk.store\/shop\/"},{"@type":"ListItem","position":3,"name":"TRUUSK Badrumssk\u00e5p med 3 hyllplan &#8211; Rostfritt st\u00e5l &#8211; Svart &#8211; 40x12x60cm &#8211; Modern design"}]},{"@type":"WebSite","@id":"https:\/\/truusk.store\/sv\/#website","url":"https:\/\/truusk.store\/sv\/","name":"TRUUSK - Hem, Tr\u00e4dg\u00e5rd & Fritid","description":"","publisher":{"@id":"https:\/\/truusk.store\/sv\/#organization"},"potentialAction":[{"@type":"SearchAction","target":{"@type":"EntryPoint","urlTemplate":"https:\/\/truusk.store\/sv\/?s={search_term_string}"},"query-input":{"@type":"PropertyValueSpecification","valueRequired":true,"valueName":"search_term_string"}}],"inLanguage":"sv-SE"},{"@type":"Organization","@id":"https:\/\/truusk.store\/sv\/#organization","name":"TRUUSK - Hem, Tr\u00e4dg\u00e5rd & Fritid","url":"https:\/\/truusk.store\/sv\/","logo":{"@type":"ImageObject","inLanguage":"sv-SE","@id":"https:\/\/truusk.store\/sv\/#\/schema\/logo\/image\/","url":"https:\/\/i0.wp.com\/truusk.store\/wp-content\/uploads\/2026\/03\/cropped-TRUUSK.png?fit=2032%2C917&ssl=1","contentUrl":"https:\/\/i0.wp.com\/truusk.store\/wp-content\/uploads\/2026\/03\/cropped-TRUUSK.png?fit=2032%2C917&ssl=1","width":2032,"height":917,"caption":"TRUUSK - Hem, Tr\u00e4dg\u00e5rd & Fritid"},"image":{"@id":"https:\/\/truusk.store\/sv\/#\/schema\/logo\/image\/"}}]}},"jetpack_sharing_enabled":true,"_links":{"self":[{"href":"https:\/\/truusk.store\/sv\/wp-json\/wp\/v2\/product\/86768","targetHints":{"allow":["GET"]}}],"collection":[{"href":"https:\/\/truusk.store\/sv\/wp-json\/wp\/v2\/product"}],"about":[{"href":"https:\/\/truusk.store\/sv\/wp-json\/wp\/v2\/types\/product"}],"wp:featuredmedia":[{"embeddable":true,"href":"https:\/\/truusk.store\/sv\/wp-json\/wp\/v2\/media\/86759"}],"wp:attachment":[{"href":"https:\/\/truusk.store\/sv\/wp-json\/wp\/v2\/media?parent=86768"}],"wp:term":[{"taxonomy":"product_brand","embeddable":true,"href":"https:\/\/truusk.store\/sv\/wp-json\/wp\/v2\/product_brand?post=86768"},{"taxonomy":"product_cat","embeddable":true,"href":"https:\/\/truusk.store\/sv\/wp-json\/wp\/v2\/product_cat?post=86768"},{"taxonomy":"product_tag","embeddable":true,"href":"https:\/\/truusk.store\/sv\/wp-json\/wp\/v2\/product_tag?post=86768"}],"curies":[{"name":"wp","href":"https:\/\/api.w.org\/{rel}","templated":true}]}}