{"id":86778,"date":"2025-08-20T05:14:34","date_gmt":"2025-08-20T04:14:34","guid":{"rendered":"https:\/\/truusk.store\/product\/parasollfot-18-kg-cementfyllning-kompakt-form-plastholje-svart-455-x-455-x-33-cm\/"},"modified":"2026-03-12T09:21:28","modified_gmt":"2026-03-12T08:21:28","slug":"truusk-parasollfot-18-kg-cementfyllning-kompakt-form-plastholje-svart-455-x-455-x-33-cm","status":"publish","type":"product","link":"https:\/\/truusk.store\/sv\/produkt\/truusk-parasollfot-18-kg-cementfyllning-kompakt-form-plastholje-svart-455-x-455-x-33-cm\/","title":{"rendered":"TRUUSK Parasollfot, 18 Kg &#8211; Cementfyllning &#8211; Kompakt Form &#8211; Plasth\u00f6lje &#8211; Svart &#8211; 45,5 x 45,5 x 33 cm"},"content":{"rendered":"<p>Njut av gr\u00f6nskan i din tr\u00e4dg\u00e5rd med denna attraktiva parasollfot fr\u00e5n TRUUSK. Kombinera enkelt ditt parasoll med ett bord och stolar f\u00f6r att skapa en oas av avkoppling. V\u00e5r parasollfot h\u00e5ller ditt parasoll s\u00e4kert p\u00e5 plats, s\u00e5 att parasollet kan ge dig behaglig skugga. Parasollfoten \u00e4r fylld med betong och \u00e4r d\u00e4rf\u00f6r s\u00e4rskilt kompakt, \u00e4ven om den v\u00e4ger hela 18 kg.<\/p>\n<p>Beskrivning:<\/p>\n<ul>\n<li> Parasollfotens vikt \u00e4r l\u00e4mplig f\u00f6r st\u00e4ngerna p\u00e5 tr\u00e4dg\u00e5rdsparasoll \u00d834mm, \u00d838mm och \u00d848mm<\/li>\n<li> Tillverkad av v\u00e4derbest\u00e4ndigt plasth\u00f6lje, fyllt med cement inuti och med pulverlackerad mastinsats av metall f\u00f6r utomhusbruk<\/li>\n<li> F\u00f6r att h\u00e5lla parasollet stabilt och plant finns justerbara f\u00f6tter under foten<\/li>\n<li> L\u00e4mplig f\u00f6r anv\u00e4ndning i tr\u00e4dg\u00e5rden, p\u00e5 terrassen, vid poolen eller i andra utomhusomr\u00e5den<\/li>\n<li> Enkel montering kr\u00e4vs<\/li>\n<\/ul>\n<p>Tekniska data:<\/p>\n<ul>\n<li> F\u00e4rg: Svart<\/li>\n<li> Material: PE, Cement<\/li>\n<li> Vikt: 18 kg<\/li>\n<li> Totala m\u00e5tt: 45,5L x 45,5B x 33H cm<\/li>\n<li> M\u00e5tt bottenplatta: 45,5L x 45,5B x 7H cm<\/li>\n<li> M\u00e5tt mastinsats: \u00d85,2 x 25H cm<\/li>\n<li> Passar till parasollst\u00e4nger med diameter: \u00d834 mm, \u00d838 mm, och \u00d848 mm<\/li>\n<li> Passande TRUUSK parasoll-SKUs: 84D-117GN, 84D-117BU, v\u00e4nligen kontakta v\u00e5r kundservice f\u00f6r fler passande parasollartiklar.<\/li>\n<li> Notera: V\u00e4nligen m\u00e4t diametern p\u00e5 din parasollstolpe i f\u00f6rv\u00e4g f\u00f6r att s\u00e4kerst\u00e4lla att v\u00e5r parasollfot passar.<\/li>\n<\/ul>\n<p>Leveransinneh\u00e5ll:<\/p>\n<ul>\n<li> 1 x Parasollfot<\/li>\n<li> 1 x Instruktioner<\/li>\n<\/ul>\n","protected":false},"excerpt":{"rendered":"<p>Njut av gr\u00f6nskan i din tr\u00e4dg\u00e5rd med denna attraktiva parasollfot fr\u00e5n TRUUSK. Kombinera enkelt ditt parasoll med ett bord och&#8230;<\/p>\n","protected":false},"featured_media":86769,"template":"","meta":[],"product_brand":[],"product_cat":[886,862,1028,858],"product_tag":[],"class_list":{"0":"post-86778","1":"product","2":"type-product","3":"status-publish","4":"has-post-thumbnail","6":"product_cat-schirmstander","7":"product_cat-sol-insynsskydd","8":"product_cat-tillbehor-for-parasoller","9":"product_cat-tradgard-terrass","11":"first","12":"instock","13":"sale","14":"taxable","15":"shipping-taxable","16":"purchasable","17":"product-type-simple"},"yoast_head":"<!-- This site is optimized with the Yoast SEO plugin v25.4 - https:\/\/yoast.com\/wordpress\/plugins\/seo\/ -->\n<title>TRUUSK Parasollfot, 18 Kg - Cementfyllning - Kompakt Form - Plasth\u00f6lje - Svart - 45,5 x 45,5 x 33 cm - TRUUSK - Hem, Tr\u00e4dg\u00e5rd &amp; Fritid<\/title>\n<meta name=\"robots\" content=\"index, follow, max-snippet:-1, max-image-preview:large, max-video-preview:-1\" \/>\n<link rel=\"canonical\" href=\"https:\/\/truusk.store\/sv\/produkt\/truusk-parasollfot-18-kg-cementfyllning-kompakt-form-plastholje-svart-455-x-455-x-33-cm\/\" \/>\n<meta property=\"og:locale\" content=\"sv_SE\" \/>\n<meta property=\"og:type\" content=\"article\" \/>\n<meta property=\"og:title\" content=\"TRUUSK Parasollfot, 18 Kg - Cementfyllning - Kompakt Form - Plasth\u00f6lje - Svart - 45,5 x 45,5 x 33 cm - TRUUSK - Hem, Tr\u00e4dg\u00e5rd &amp; Fritid\" \/>\n<meta property=\"og:description\" content=\"Njut av gr\u00f6nskan i din tr\u00e4dg\u00e5rd med denna attraktiva parasollfot fr\u00e5n TRUUSK. Kombinera enkelt ditt parasoll med ett bord och...\" \/>\n<meta property=\"og:url\" content=\"https:\/\/truusk.store\/sv\/produkt\/truusk-parasollfot-18-kg-cementfyllning-kompakt-form-plastholje-svart-455-x-455-x-33-cm\/\" \/>\n<meta property=\"og:site_name\" content=\"TRUUSK - Hem, Tr\u00e4dg\u00e5rd &amp; Fritid\" \/>\n<meta property=\"article:modified_time\" content=\"2026-03-12T08:21:28+00:00\" \/>\n<meta property=\"og:image\" content=\"https:\/\/i0.wp.com\/truusk.se\/wp-content\/uploads\/2025\/08\/parasollfot-18-kg-cementfyllning-kompakt-form-plastholje-svart-455-x-455-x-33-cm-1.webp?fit=2000%2C2000&ssl=1\" \/>\n\t<meta property=\"og:image:width\" content=\"2000\" \/>\n\t<meta property=\"og:image:height\" content=\"2000\" \/>\n\t<meta property=\"og:image:type\" content=\"image\/webp\" \/>\n<meta name=\"twitter:card\" content=\"summary_large_image\" \/>\n<meta name=\"twitter:label1\" content=\"Ber\u00e4knad l\u00e4stid\" \/>\n\t<meta name=\"twitter:data1\" content=\"1 minut\" \/>\n<!-- \/ Yoast SEO plugin. -->","yoast_head_json":{"title":"TRUUSK Parasollfot, 18 Kg - Cementfyllning - Kompakt Form - Plasth\u00f6lje - Svart - 45,5 x 45,5 x 33 cm - TRUUSK - Hem, Tr\u00e4dg\u00e5rd &amp; Fritid","robots":{"index":"index","follow":"follow","max-snippet":"max-snippet:-1","max-image-preview":"max-image-preview:large","max-video-preview":"max-video-preview:-1"},"canonical":"https:\/\/truusk.store\/sv\/produkt\/truusk-parasollfot-18-kg-cementfyllning-kompakt-form-plastholje-svart-455-x-455-x-33-cm\/","og_locale":"sv_SE","og_type":"article","og_title":"TRUUSK Parasollfot, 18 Kg - Cementfyllning - Kompakt Form - Plasth\u00f6lje - Svart - 45,5 x 45,5 x 33 cm - TRUUSK - Hem, Tr\u00e4dg\u00e5rd &amp; Fritid","og_description":"Njut av gr\u00f6nskan i din tr\u00e4dg\u00e5rd med denna attraktiva parasollfot fr\u00e5n TRUUSK. Kombinera enkelt ditt parasoll med ett bord och...","og_url":"https:\/\/truusk.store\/sv\/produkt\/truusk-parasollfot-18-kg-cementfyllning-kompakt-form-plastholje-svart-455-x-455-x-33-cm\/","og_site_name":"TRUUSK - Hem, Tr\u00e4dg\u00e5rd &amp; Fritid","article_modified_time":"2026-03-12T08:21:28+00:00","og_image":[{"width":2000,"height":2000,"url":"https:\/\/i0.wp.com\/truusk.se\/wp-content\/uploads\/2025\/08\/parasollfot-18-kg-cementfyllning-kompakt-form-plastholje-svart-455-x-455-x-33-cm-1.webp?fit=2000%2C2000&ssl=1","type":"image\/webp"}],"twitter_card":"summary_large_image","twitter_misc":{"Ber\u00e4knad l\u00e4stid":"1 minut"},"schema":{"@context":"https:\/\/schema.org","@graph":[{"@type":"WebPage","@id":"https:\/\/truusk.store\/sv\/produkt\/truusk-parasollfot-18-kg-cementfyllning-kompakt-form-plastholje-svart-455-x-455-x-33-cm\/","url":"https:\/\/truusk.store\/sv\/produkt\/truusk-parasollfot-18-kg-cementfyllning-kompakt-form-plastholje-svart-455-x-455-x-33-cm\/","name":"TRUUSK Parasollfot, 18 Kg - Cementfyllning - Kompakt Form - Plasth\u00f6lje - Svart - 45,5 x 45,5 x 33 cm - TRUUSK - Hem, Tr\u00e4dg\u00e5rd &amp; Fritid","isPartOf":{"@id":"https:\/\/truusk.store\/sv\/#website"},"primaryImageOfPage":{"@id":"https:\/\/truusk.store\/sv\/produkt\/truusk-parasollfot-18-kg-cementfyllning-kompakt-form-plastholje-svart-455-x-455-x-33-cm\/#primaryimage"},"image":{"@id":"https:\/\/truusk.store\/sv\/produkt\/truusk-parasollfot-18-kg-cementfyllning-kompakt-form-plastholje-svart-455-x-455-x-33-cm\/#primaryimage"},"thumbnailUrl":"https:\/\/i0.wp.com\/truusk.store\/wp-content\/uploads\/2025\/08\/parasollfot-18-kg-cementfyllning-kompakt-form-plastholje-svart-455-x-455-x-33-cm-1.webp?fit=2000%2C2000&ssl=1","datePublished":"2025-08-20T04:14:34+00:00","dateModified":"2026-03-12T08:21:28+00:00","breadcrumb":{"@id":"https:\/\/truusk.store\/sv\/produkt\/truusk-parasollfot-18-kg-cementfyllning-kompakt-form-plastholje-svart-455-x-455-x-33-cm\/#breadcrumb"},"inLanguage":"sv-SE","potentialAction":[{"@type":"ReadAction","target":["https:\/\/truusk.store\/sv\/produkt\/truusk-parasollfot-18-kg-cementfyllning-kompakt-form-plastholje-svart-455-x-455-x-33-cm\/"]}]},{"@type":"ImageObject","inLanguage":"sv-SE","@id":"https:\/\/truusk.store\/sv\/produkt\/truusk-parasollfot-18-kg-cementfyllning-kompakt-form-plastholje-svart-455-x-455-x-33-cm\/#primaryimage","url":"https:\/\/i0.wp.com\/truusk.store\/wp-content\/uploads\/2025\/08\/parasollfot-18-kg-cementfyllning-kompakt-form-plastholje-svart-455-x-455-x-33-cm-1.webp?fit=2000%2C2000&ssl=1","contentUrl":"https:\/\/i0.wp.com\/truusk.store\/wp-content\/uploads\/2025\/08\/parasollfot-18-kg-cementfyllning-kompakt-form-plastholje-svart-455-x-455-x-33-cm-1.webp?fit=2000%2C2000&ssl=1","width":2000,"height":2000},{"@type":"BreadcrumbList","@id":"https:\/\/truusk.store\/sv\/produkt\/truusk-parasollfot-18-kg-cementfyllning-kompakt-form-plastholje-svart-455-x-455-x-33-cm\/#breadcrumb","itemListElement":[{"@type":"ListItem","position":1,"name":"Home","item":"https:\/\/truusk.store\/sv\/"},{"@type":"ListItem","position":2,"name":"Shop","item":"https:\/\/truusk.store\/shop\/"},{"@type":"ListItem","position":3,"name":"TRUUSK Parasollfot, 18 Kg &#8211; Cementfyllning &#8211; Kompakt Form &#8211; Plasth\u00f6lje &#8211; Svart &#8211; 45,5 x 45,5 x 33 cm"}]},{"@type":"WebSite","@id":"https:\/\/truusk.store\/sv\/#website","url":"https:\/\/truusk.store\/sv\/","name":"TRUUSK - Hem, Tr\u00e4dg\u00e5rd & Fritid","description":"","publisher":{"@id":"https:\/\/truusk.store\/sv\/#organization"},"potentialAction":[{"@type":"SearchAction","target":{"@type":"EntryPoint","urlTemplate":"https:\/\/truusk.store\/sv\/?s={search_term_string}"},"query-input":{"@type":"PropertyValueSpecification","valueRequired":true,"valueName":"search_term_string"}}],"inLanguage":"sv-SE"},{"@type":"Organization","@id":"https:\/\/truusk.store\/sv\/#organization","name":"TRUUSK - Hem, Tr\u00e4dg\u00e5rd & Fritid","url":"https:\/\/truusk.store\/sv\/","logo":{"@type":"ImageObject","inLanguage":"sv-SE","@id":"https:\/\/truusk.store\/sv\/#\/schema\/logo\/image\/","url":"https:\/\/i0.wp.com\/truusk.store\/wp-content\/uploads\/2026\/03\/cropped-TRUUSK.png?fit=2032%2C917&ssl=1","contentUrl":"https:\/\/i0.wp.com\/truusk.store\/wp-content\/uploads\/2026\/03\/cropped-TRUUSK.png?fit=2032%2C917&ssl=1","width":2032,"height":917,"caption":"TRUUSK - Hem, Tr\u00e4dg\u00e5rd & Fritid"},"image":{"@id":"https:\/\/truusk.store\/sv\/#\/schema\/logo\/image\/"}}]}},"jetpack_sharing_enabled":true,"_links":{"self":[{"href":"https:\/\/truusk.store\/sv\/wp-json\/wp\/v2\/product\/86778","targetHints":{"allow":["GET"]}}],"collection":[{"href":"https:\/\/truusk.store\/sv\/wp-json\/wp\/v2\/product"}],"about":[{"href":"https:\/\/truusk.store\/sv\/wp-json\/wp\/v2\/types\/product"}],"wp:featuredmedia":[{"embeddable":true,"href":"https:\/\/truusk.store\/sv\/wp-json\/wp\/v2\/media\/86769"}],"wp:attachment":[{"href":"https:\/\/truusk.store\/sv\/wp-json\/wp\/v2\/media?parent=86778"}],"wp:term":[{"taxonomy":"product_brand","embeddable":true,"href":"https:\/\/truusk.store\/sv\/wp-json\/wp\/v2\/product_brand?post=86778"},{"taxonomy":"product_cat","embeddable":true,"href":"https:\/\/truusk.store\/sv\/wp-json\/wp\/v2\/product_cat?post=86778"},{"taxonomy":"product_tag","embeddable":true,"href":"https:\/\/truusk.store\/sv\/wp-json\/wp\/v2\/product_tag?post=86778"}],"curies":[{"name":"wp","href":"https:\/\/api.w.org\/{rel}","templated":true}]}}