{"id":86788,"date":"2025-08-20T05:15:42","date_gmt":"2025-08-20T04:15:42","guid":{"rendered":"https:\/\/truusk.store\/product\/takflakt-med-led-ljus-2-i-1-design-med-timer-fjarrkontroll-taklampa-med-flakt-vitnaturtra\/"},"modified":"2026-03-12T09:22:18","modified_gmt":"2026-03-12T08:22:18","slug":"truusk-takflakt-med-led-ljus-2-i-1-design-timer-fjarrkontroll-vitnaturtra","status":"publish","type":"product","link":"https:\/\/truusk.store\/sv\/produkt\/truusk-takflakt-med-led-ljus-2-i-1-design-timer-fjarrkontroll-vitnaturtra\/","title":{"rendered":"TRUUSK Takfl\u00e4kt med LED-ljus &#8211; 2-i-1 design &#8211; Timer &#8211; Fj\u00e4rrkontroll &#8211; Vit+Naturtr\u00e4"},"content":{"rendered":"<p>Modernisera ditt hem stilfullt med den vita TRUUSK takfl\u00e4kten med belysning. De eleganta MDF-bladen och de tre hastighetsniv\u00e5erna, kombinerat med en h\u00e5llbar belysning (upp till 50 000 timmar), g\u00f6r takfl\u00e4kten till en praktisk enhet. Bekv\u00e4mt styrd fr\u00e5n s\u00e4ngen eller soffan med fj\u00e4rrkontroll, \u00e4r denna kombination av takfl\u00e4kt s\u00e4rskilt ett m\u00e5ste f\u00f6r varje hem under sommaren!<\/p>\n<p>Beskrivning:<\/p>\n<ul>\n<li> 2-i-1: Takfl\u00e4kt med LED-ljus<\/li>\n<li> Takfl\u00e4kt med 3 hastigheter (h\u00f6g, medel, l\u00e5g)<\/li>\n<li> Vitt LED-ljus med 4000K och en livsl\u00e4ngd p\u00e5 cirka 50 000 timmar. Takfl\u00e4kten \u00e4r behagligt tyst (45 dB)<\/li>\n<li> Timer p\u00e5 1\/2\/4 timmar f\u00f6r att programmera driftstiden<\/li>\n<li> Tillverkad med tv\u00e5f\u00e4rgade MDF-blad, p\u00e5 ena sidan vit och p\u00e5 den andra naturligt tr\u00e4<\/li>\n<li> Fj\u00e4rrkontroll med stor r\u00e4ckvidd och modern tr\u00e5dl\u00f6s teknik<\/li>\n<li> L\u00e4mplig f\u00f6r olika rum<\/li>\n<li> Alla n\u00f6dv\u00e4ndiga tillbeh\u00f6r f\u00f6r installationen ing\u00e5r<\/li>\n<li> Montering kr\u00e4vs<\/li>\n<\/ul>\n<p> Tekniska data:<\/p>\n<ul>\n<li> F\u00e4rg: Vit+Naturtr\u00e4<\/li>\n<li> Material: Metall, MDF, Glas<\/li>\n<li> Totala dimensioner: \u00d8112 x 25H cm<\/li>\n<li> M\u00e5tt p\u00e5 en bladspets: 53L x 12,4B cm (enskilt)<\/li>\n<li> Kabell\u00e4ngd: 30 cm<\/li>\n<li> R\u00e4ckvidd f\u00f6r fj\u00e4rrkontroll: 10 m<\/li>\n<li> L\u00e4mplig f\u00f6r: 2,6-3 m (takh\u00f6jd), 16 m\u00b2 (rum)<\/li>\n<li> Ljudniv\u00e5: 45 dB<\/li>\n<li> Sp\u00e4nning: 230 V \/ 50 Hz<\/li>\n<li> Effekt: 48 W<\/li>\n<li> Batterier: Batteri 2 x AAA, 1,5 V (ing\u00e5r ej)<\/li>\n<\/ul>\n<p>Leveransinneh\u00e5ll:<\/p>\n<ul>\n<li> 1 x Takfl\u00e4kt med ljus<\/li>\n<li> 1 x Fj\u00e4rrkontroll<\/li>\n<li> 1 x Bruksanvisning<\/li>\n<\/ul>\n","protected":false},"excerpt":{"rendered":"<p>Modernisera ditt hem stilfullt med den vita TRUUSK takfl\u00e4kten med belysning. De eleganta MDF-bladen och de tre hastighetsniv\u00e5erna, kombinerat med&#8230;<\/p>\n","protected":false},"featured_media":86779,"template":"","meta":[],"product_brand":[],"product_cat":[867,1016,905],"product_tag":[],"class_list":{"0":"post-86788","1":"product","2":"type-product","3":"status-publish","4":"has-post-thumbnail","6":"product_cat-byggmarknad","7":"product_cat-flaktar-luftkonditioneringar","8":"product_cat-klimatkontroll-flaktar","10":"first","11":"instock","12":"sale","13":"taxable","14":"shipping-taxable","15":"purchasable","16":"product-type-simple"},"yoast_head":"<!-- This site is optimized with the Yoast SEO plugin v25.4 - https:\/\/yoast.com\/wordpress\/plugins\/seo\/ -->\n<title>TRUUSK Takfl\u00e4kt med LED-ljus - 2-i-1 design - Timer - Fj\u00e4rrkontroll - Vit+Naturtr\u00e4 - TRUUSK - Hem, Tr\u00e4dg\u00e5rd &amp; Fritid<\/title>\n<meta name=\"robots\" content=\"index, follow, max-snippet:-1, max-image-preview:large, max-video-preview:-1\" \/>\n<link rel=\"canonical\" href=\"https:\/\/truusk.store\/sv\/produkt\/truusk-takflakt-med-led-ljus-2-i-1-design-timer-fjarrkontroll-vitnaturtra\/\" \/>\n<meta property=\"og:locale\" content=\"sv_SE\" \/>\n<meta property=\"og:type\" content=\"article\" \/>\n<meta property=\"og:title\" content=\"TRUUSK Takfl\u00e4kt med LED-ljus - 2-i-1 design - Timer - Fj\u00e4rrkontroll - Vit+Naturtr\u00e4 - TRUUSK - Hem, Tr\u00e4dg\u00e5rd &amp; Fritid\" \/>\n<meta property=\"og:description\" content=\"Modernisera ditt hem stilfullt med den vita TRUUSK takfl\u00e4kten med belysning. De eleganta MDF-bladen och de tre hastighetsniv\u00e5erna, kombinerat med...\" \/>\n<meta property=\"og:url\" content=\"https:\/\/truusk.store\/sv\/produkt\/truusk-takflakt-med-led-ljus-2-i-1-design-timer-fjarrkontroll-vitnaturtra\/\" \/>\n<meta property=\"og:site_name\" content=\"TRUUSK - Hem, Tr\u00e4dg\u00e5rd &amp; Fritid\" \/>\n<meta property=\"article:modified_time\" content=\"2026-03-12T08:22:18+00:00\" \/>\n<meta property=\"og:image\" content=\"https:\/\/i0.wp.com\/truusk.se\/wp-content\/uploads\/2025\/08\/takflakt-med-led-ljus-2-i-1-design-med-timer-fjarrkontroll-taklampa-med-flakt-vitnaturtra-1.webp?fit=2000%2C2000&ssl=1\" \/>\n\t<meta property=\"og:image:width\" content=\"2000\" \/>\n\t<meta property=\"og:image:height\" content=\"2000\" \/>\n\t<meta property=\"og:image:type\" content=\"image\/webp\" \/>\n<meta name=\"twitter:card\" content=\"summary_large_image\" \/>\n<meta name=\"twitter:label1\" content=\"Ber\u00e4knad l\u00e4stid\" \/>\n\t<meta name=\"twitter:data1\" content=\"1 minut\" \/>\n<!-- \/ Yoast SEO plugin. -->","yoast_head_json":{"title":"TRUUSK Takfl\u00e4kt med LED-ljus - 2-i-1 design - Timer - Fj\u00e4rrkontroll - Vit+Naturtr\u00e4 - TRUUSK - Hem, Tr\u00e4dg\u00e5rd &amp; Fritid","robots":{"index":"index","follow":"follow","max-snippet":"max-snippet:-1","max-image-preview":"max-image-preview:large","max-video-preview":"max-video-preview:-1"},"canonical":"https:\/\/truusk.store\/sv\/produkt\/truusk-takflakt-med-led-ljus-2-i-1-design-timer-fjarrkontroll-vitnaturtra\/","og_locale":"sv_SE","og_type":"article","og_title":"TRUUSK Takfl\u00e4kt med LED-ljus - 2-i-1 design - Timer - Fj\u00e4rrkontroll - Vit+Naturtr\u00e4 - TRUUSK - Hem, Tr\u00e4dg\u00e5rd &amp; Fritid","og_description":"Modernisera ditt hem stilfullt med den vita TRUUSK takfl\u00e4kten med belysning. De eleganta MDF-bladen och de tre hastighetsniv\u00e5erna, kombinerat med...","og_url":"https:\/\/truusk.store\/sv\/produkt\/truusk-takflakt-med-led-ljus-2-i-1-design-timer-fjarrkontroll-vitnaturtra\/","og_site_name":"TRUUSK - Hem, Tr\u00e4dg\u00e5rd &amp; Fritid","article_modified_time":"2026-03-12T08:22:18+00:00","og_image":[{"width":2000,"height":2000,"url":"https:\/\/i0.wp.com\/truusk.se\/wp-content\/uploads\/2025\/08\/takflakt-med-led-ljus-2-i-1-design-med-timer-fjarrkontroll-taklampa-med-flakt-vitnaturtra-1.webp?fit=2000%2C2000&ssl=1","type":"image\/webp"}],"twitter_card":"summary_large_image","twitter_misc":{"Ber\u00e4knad l\u00e4stid":"1 minut"},"schema":{"@context":"https:\/\/schema.org","@graph":[{"@type":"WebPage","@id":"https:\/\/truusk.store\/sv\/produkt\/truusk-takflakt-med-led-ljus-2-i-1-design-timer-fjarrkontroll-vitnaturtra\/","url":"https:\/\/truusk.store\/sv\/produkt\/truusk-takflakt-med-led-ljus-2-i-1-design-timer-fjarrkontroll-vitnaturtra\/","name":"TRUUSK Takfl\u00e4kt med LED-ljus - 2-i-1 design - Timer - Fj\u00e4rrkontroll - Vit+Naturtr\u00e4 - TRUUSK - Hem, Tr\u00e4dg\u00e5rd &amp; Fritid","isPartOf":{"@id":"https:\/\/truusk.store\/sv\/#website"},"primaryImageOfPage":{"@id":"https:\/\/truusk.store\/sv\/produkt\/truusk-takflakt-med-led-ljus-2-i-1-design-timer-fjarrkontroll-vitnaturtra\/#primaryimage"},"image":{"@id":"https:\/\/truusk.store\/sv\/produkt\/truusk-takflakt-med-led-ljus-2-i-1-design-timer-fjarrkontroll-vitnaturtra\/#primaryimage"},"thumbnailUrl":"https:\/\/i0.wp.com\/truusk.store\/wp-content\/uploads\/2025\/08\/takflakt-med-led-ljus-2-i-1-design-med-timer-fjarrkontroll-taklampa-med-flakt-vitnaturtra-1.webp?fit=2000%2C2000&ssl=1","datePublished":"2025-08-20T04:15:42+00:00","dateModified":"2026-03-12T08:22:18+00:00","breadcrumb":{"@id":"https:\/\/truusk.store\/sv\/produkt\/truusk-takflakt-med-led-ljus-2-i-1-design-timer-fjarrkontroll-vitnaturtra\/#breadcrumb"},"inLanguage":"sv-SE","potentialAction":[{"@type":"ReadAction","target":["https:\/\/truusk.store\/sv\/produkt\/truusk-takflakt-med-led-ljus-2-i-1-design-timer-fjarrkontroll-vitnaturtra\/"]}]},{"@type":"ImageObject","inLanguage":"sv-SE","@id":"https:\/\/truusk.store\/sv\/produkt\/truusk-takflakt-med-led-ljus-2-i-1-design-timer-fjarrkontroll-vitnaturtra\/#primaryimage","url":"https:\/\/i0.wp.com\/truusk.store\/wp-content\/uploads\/2025\/08\/takflakt-med-led-ljus-2-i-1-design-med-timer-fjarrkontroll-taklampa-med-flakt-vitnaturtra-1.webp?fit=2000%2C2000&ssl=1","contentUrl":"https:\/\/i0.wp.com\/truusk.store\/wp-content\/uploads\/2025\/08\/takflakt-med-led-ljus-2-i-1-design-med-timer-fjarrkontroll-taklampa-med-flakt-vitnaturtra-1.webp?fit=2000%2C2000&ssl=1","width":2000,"height":2000},{"@type":"BreadcrumbList","@id":"https:\/\/truusk.store\/sv\/produkt\/truusk-takflakt-med-led-ljus-2-i-1-design-timer-fjarrkontroll-vitnaturtra\/#breadcrumb","itemListElement":[{"@type":"ListItem","position":1,"name":"Home","item":"https:\/\/truusk.store\/sv\/"},{"@type":"ListItem","position":2,"name":"Shop","item":"https:\/\/truusk.store\/shop\/"},{"@type":"ListItem","position":3,"name":"TRUUSK Takfl\u00e4kt med LED-ljus &#8211; 2-i-1 design &#8211; Timer &#8211; Fj\u00e4rrkontroll &#8211; Vit+Naturtr\u00e4"}]},{"@type":"WebSite","@id":"https:\/\/truusk.store\/sv\/#website","url":"https:\/\/truusk.store\/sv\/","name":"TRUUSK - Hem, Tr\u00e4dg\u00e5rd & Fritid","description":"","publisher":{"@id":"https:\/\/truusk.store\/sv\/#organization"},"potentialAction":[{"@type":"SearchAction","target":{"@type":"EntryPoint","urlTemplate":"https:\/\/truusk.store\/sv\/?s={search_term_string}"},"query-input":{"@type":"PropertyValueSpecification","valueRequired":true,"valueName":"search_term_string"}}],"inLanguage":"sv-SE"},{"@type":"Organization","@id":"https:\/\/truusk.store\/sv\/#organization","name":"TRUUSK - Hem, Tr\u00e4dg\u00e5rd & Fritid","url":"https:\/\/truusk.store\/sv\/","logo":{"@type":"ImageObject","inLanguage":"sv-SE","@id":"https:\/\/truusk.store\/sv\/#\/schema\/logo\/image\/","url":"https:\/\/i0.wp.com\/truusk.store\/wp-content\/uploads\/2026\/03\/cropped-TRUUSK.png?fit=2032%2C917&ssl=1","contentUrl":"https:\/\/i0.wp.com\/truusk.store\/wp-content\/uploads\/2026\/03\/cropped-TRUUSK.png?fit=2032%2C917&ssl=1","width":2032,"height":917,"caption":"TRUUSK - Hem, Tr\u00e4dg\u00e5rd & Fritid"},"image":{"@id":"https:\/\/truusk.store\/sv\/#\/schema\/logo\/image\/"}}]}},"jetpack_sharing_enabled":true,"_links":{"self":[{"href":"https:\/\/truusk.store\/sv\/wp-json\/wp\/v2\/product\/86788","targetHints":{"allow":["GET"]}}],"collection":[{"href":"https:\/\/truusk.store\/sv\/wp-json\/wp\/v2\/product"}],"about":[{"href":"https:\/\/truusk.store\/sv\/wp-json\/wp\/v2\/types\/product"}],"wp:featuredmedia":[{"embeddable":true,"href":"https:\/\/truusk.store\/sv\/wp-json\/wp\/v2\/media\/86779"}],"wp:attachment":[{"href":"https:\/\/truusk.store\/sv\/wp-json\/wp\/v2\/media?parent=86788"}],"wp:term":[{"taxonomy":"product_brand","embeddable":true,"href":"https:\/\/truusk.store\/sv\/wp-json\/wp\/v2\/product_brand?post=86788"},{"taxonomy":"product_cat","embeddable":true,"href":"https:\/\/truusk.store\/sv\/wp-json\/wp\/v2\/product_cat?post=86788"},{"taxonomy":"product_tag","embeddable":true,"href":"https:\/\/truusk.store\/sv\/wp-json\/wp\/v2\/product_tag?post=86788"}],"curies":[{"name":"wp","href":"https:\/\/api.w.org\/{rel}","templated":true}]}}