{"id":86858,"date":"2025-08-20T05:22:24","date_gmt":"2025-08-20T04:22:24","guid":{"rendered":"https:\/\/truusk.store\/product\/liten-klostrad-46-cm-kattrad-med-lekbollar-klosplatta-sisalrep-plysch-kattrad-med-hojd-plattform-grotta-for-katter-gra\/"},"modified":"2026-03-12T09:27:12","modified_gmt":"2026-03-12T08:27:12","slug":"truusk-kattetrad-46-cm-lekbollar-klosplatta-sisalrep-plysch-hojd-plattform-grotta-gra","status":"publish","type":"product","link":"https:\/\/truusk.store\/sv\/produkt\/truusk-kattetrad-46-cm-lekbollar-klosplatta-sisalrep-plysch-hojd-plattform-grotta-gra\/","title":{"rendered":"TRUUSK Kattetr\u00e4d 46 cm &#8211; Lekbollar &#8211; Kl\u00f6splatta &#8211; Sisalrep &#8211; Plysch &#8211; H\u00f6jd Plattform &#8211; Grotta &#8211; Gr\u00e5"},"content":{"rendered":"<p>Tillfredsst\u00e4ll din katts naturliga instinkter p\u00e5 ett s\u00e4kert s\u00e4tt med v\u00e5rt kl\u00f6str\u00e4d fr\u00e5n TRUUSK! V\u00e5rt kattkl\u00f6str\u00e4d erbjuder med sin naturliga sisal kl\u00f6syta och den mysiga plysch\u00f6verdraget en elegant och mysig tillflyktsort f\u00f6r katter. Dessutom har katten en liten kattgrotta p\u00e5 detta katttr\u00e4d som en tillflyktsort och en plyschig kattleksak f\u00f6r o\u00e4ndlig underh\u00e5llning.<\/p>\n<p>Beskrivning:<\/p>\n<ul>\n<li> Med kattleksak f\u00f6r att underh\u00e5lla din katt<\/li>\n<li> T\u00e4ckt med mjuk och mysig plysch som dina katter kommer att \u00e4lska<\/li>\n<li> Den upph\u00f6jda plattformen p\u00e5 aktivitetskl\u00f6str\u00e4det erbjuder dina katter en bekv\u00e4m plats att koppla av och observera<\/li>\n<li> Sisalstolpar och kattkl\u00f6spanel p\u00e5 kl\u00f6str\u00e4det \u00e4r d\u00e4r f\u00f6r att tillfredsst\u00e4lla dina katters kl\u00f6sbeteende och skydda dina m\u00f6bler fr\u00e5n repor<\/li>\n<li> Kattkl\u00f6str\u00e4det \u00e4r tillverkat av milj\u00f6v\u00e4nliga material<\/li>\n<li> Eleganta gr\u00e5 och svarta f\u00e4rgtoner p\u00e5 katttr\u00e4det, passar till alla inredningar<\/li>\n<li> L\u00e4mplig f\u00f6r katter upp till 4 kg<\/li>\n<li> Enkel montering<\/li>\n<\/ul>\n<p> Tekniska data:<\/p>\n<ul>\n<li> F\u00e4rg: Gr\u00e5<\/li>\n<li> Material: Klass E1 sp\u00e5nskiva, plysch, sisal<\/li>\n<li> Totala m\u00e5tt: 35,5L x 37B x 46H cm<\/li>\n<li> M\u00e5tt p\u00e5 kl\u00f6spanelen: 20B x 15H cm<\/li>\n<li> M\u00e5tt p\u00e5 kl\u00f6str\u00e4det: \u00d85,5 x 34H cm<\/li>\n<li> Tjocklek p\u00e5 kl\u00f6str\u00e4dets v\u00e4gg: 4 mm<\/li>\n<li> M\u00e5tt p\u00e5 plattformen: \u00d829 x 8H cm<\/li>\n<li> B\u00e4rkapacitet: 30 kg<\/li>\n<\/ul>\n<p>Leveransinneh\u00e5ll:<\/p>\n<ul>\n<li> 1 x kl\u00f6str\u00e4d<\/li>\n<li> 1 x instruktioner<\/li>\n<\/ul>\n","protected":false},"excerpt":{"rendered":"<p>Tillfredsst\u00e4ll din katts naturliga instinkter p\u00e5 ett s\u00e4kert s\u00e4tt med v\u00e5rt kl\u00f6str\u00e4d fr\u00e5n TRUUSK! V\u00e5rt kattkl\u00f6str\u00e4d erbjuder med sin naturliga&#8230;<\/p>\n","protected":false},"featured_media":86849,"template":"","meta":[],"product_brand":[],"product_cat":[878,588,879],"product_tag":[],"class_list":{"0":"post-86858","1":"product","2":"type-product","3":"status-publish","4":"has-post-thumbnail","6":"product_cat-djurbehov","7":"product_cat-katttillbehor","8":"product_cat-klostrad","10":"first","11":"instock","12":"sale","13":"taxable","14":"shipping-taxable","15":"purchasable","16":"product-type-simple"},"yoast_head":"<!-- This site is optimized with the Yoast SEO plugin v25.4 - https:\/\/yoast.com\/wordpress\/plugins\/seo\/ -->\n<title>TRUUSK Kattetr\u00e4d 46 cm - Lekbollar - Kl\u00f6splatta - Sisalrep - Plysch - H\u00f6jd Plattform - Grotta - Gr\u00e5 - TRUUSK - Hem, Tr\u00e4dg\u00e5rd &amp; Fritid<\/title>\n<meta name=\"robots\" content=\"index, follow, max-snippet:-1, max-image-preview:large, max-video-preview:-1\" \/>\n<link rel=\"canonical\" href=\"https:\/\/truusk.store\/sv\/produkt\/truusk-kattetrad-46-cm-lekbollar-klosplatta-sisalrep-plysch-hojd-plattform-grotta-gra\/\" \/>\n<meta property=\"og:locale\" content=\"sv_SE\" \/>\n<meta property=\"og:type\" content=\"article\" \/>\n<meta property=\"og:title\" content=\"TRUUSK Kattetr\u00e4d 46 cm - Lekbollar - Kl\u00f6splatta - Sisalrep - Plysch - H\u00f6jd Plattform - Grotta - Gr\u00e5 - TRUUSK - Hem, Tr\u00e4dg\u00e5rd &amp; Fritid\" \/>\n<meta property=\"og:description\" content=\"Tillfredsst\u00e4ll din katts naturliga instinkter p\u00e5 ett s\u00e4kert s\u00e4tt med v\u00e5rt kl\u00f6str\u00e4d fr\u00e5n TRUUSK! V\u00e5rt kattkl\u00f6str\u00e4d erbjuder med sin naturliga...\" \/>\n<meta property=\"og:url\" content=\"https:\/\/truusk.store\/sv\/produkt\/truusk-kattetrad-46-cm-lekbollar-klosplatta-sisalrep-plysch-hojd-plattform-grotta-gra\/\" \/>\n<meta property=\"og:site_name\" content=\"TRUUSK - Hem, Tr\u00e4dg\u00e5rd &amp; Fritid\" \/>\n<meta property=\"article:modified_time\" content=\"2026-03-12T08:27:12+00:00\" \/>\n<meta property=\"og:image\" content=\"https:\/\/i0.wp.com\/truusk.se\/wp-content\/uploads\/2025\/08\/liten-klostrad-46-cm-kattrad-med-lekbollar-klosplatta-sisalrep-plysch-kattrad-med-hojd-plattform-grotta-for-katter-gra-1.webp?fit=2000%2C2000&ssl=1\" \/>\n\t<meta property=\"og:image:width\" content=\"2000\" \/>\n\t<meta property=\"og:image:height\" content=\"2000\" \/>\n\t<meta property=\"og:image:type\" content=\"image\/webp\" \/>\n<meta name=\"twitter:card\" content=\"summary_large_image\" \/>\n<meta name=\"twitter:label1\" content=\"Ber\u00e4knad l\u00e4stid\" \/>\n\t<meta name=\"twitter:data1\" content=\"1 minut\" \/>\n<!-- \/ Yoast SEO plugin. -->","yoast_head_json":{"title":"TRUUSK Kattetr\u00e4d 46 cm - Lekbollar - Kl\u00f6splatta - Sisalrep - Plysch - H\u00f6jd Plattform - Grotta - Gr\u00e5 - TRUUSK - Hem, Tr\u00e4dg\u00e5rd &amp; Fritid","robots":{"index":"index","follow":"follow","max-snippet":"max-snippet:-1","max-image-preview":"max-image-preview:large","max-video-preview":"max-video-preview:-1"},"canonical":"https:\/\/truusk.store\/sv\/produkt\/truusk-kattetrad-46-cm-lekbollar-klosplatta-sisalrep-plysch-hojd-plattform-grotta-gra\/","og_locale":"sv_SE","og_type":"article","og_title":"TRUUSK Kattetr\u00e4d 46 cm - Lekbollar - Kl\u00f6splatta - Sisalrep - Plysch - H\u00f6jd Plattform - Grotta - Gr\u00e5 - TRUUSK - Hem, Tr\u00e4dg\u00e5rd &amp; Fritid","og_description":"Tillfredsst\u00e4ll din katts naturliga instinkter p\u00e5 ett s\u00e4kert s\u00e4tt med v\u00e5rt kl\u00f6str\u00e4d fr\u00e5n TRUUSK! V\u00e5rt kattkl\u00f6str\u00e4d erbjuder med sin naturliga...","og_url":"https:\/\/truusk.store\/sv\/produkt\/truusk-kattetrad-46-cm-lekbollar-klosplatta-sisalrep-plysch-hojd-plattform-grotta-gra\/","og_site_name":"TRUUSK - Hem, Tr\u00e4dg\u00e5rd &amp; Fritid","article_modified_time":"2026-03-12T08:27:12+00:00","og_image":[{"width":2000,"height":2000,"url":"https:\/\/i0.wp.com\/truusk.se\/wp-content\/uploads\/2025\/08\/liten-klostrad-46-cm-kattrad-med-lekbollar-klosplatta-sisalrep-plysch-kattrad-med-hojd-plattform-grotta-for-katter-gra-1.webp?fit=2000%2C2000&ssl=1","type":"image\/webp"}],"twitter_card":"summary_large_image","twitter_misc":{"Ber\u00e4knad l\u00e4stid":"1 minut"},"schema":{"@context":"https:\/\/schema.org","@graph":[{"@type":"WebPage","@id":"https:\/\/truusk.store\/sv\/produkt\/truusk-kattetrad-46-cm-lekbollar-klosplatta-sisalrep-plysch-hojd-plattform-grotta-gra\/","url":"https:\/\/truusk.store\/sv\/produkt\/truusk-kattetrad-46-cm-lekbollar-klosplatta-sisalrep-plysch-hojd-plattform-grotta-gra\/","name":"TRUUSK Kattetr\u00e4d 46 cm - Lekbollar - Kl\u00f6splatta - Sisalrep - Plysch - H\u00f6jd Plattform - Grotta - Gr\u00e5 - TRUUSK - Hem, Tr\u00e4dg\u00e5rd &amp; Fritid","isPartOf":{"@id":"https:\/\/truusk.store\/sv\/#website"},"primaryImageOfPage":{"@id":"https:\/\/truusk.store\/sv\/produkt\/truusk-kattetrad-46-cm-lekbollar-klosplatta-sisalrep-plysch-hojd-plattform-grotta-gra\/#primaryimage"},"image":{"@id":"https:\/\/truusk.store\/sv\/produkt\/truusk-kattetrad-46-cm-lekbollar-klosplatta-sisalrep-plysch-hojd-plattform-grotta-gra\/#primaryimage"},"thumbnailUrl":"https:\/\/i0.wp.com\/truusk.store\/wp-content\/uploads\/2025\/08\/liten-klostrad-46-cm-kattrad-med-lekbollar-klosplatta-sisalrep-plysch-kattrad-med-hojd-plattform-grotta-for-katter-gra-1.webp?fit=2000%2C2000&ssl=1","datePublished":"2025-08-20T04:22:24+00:00","dateModified":"2026-03-12T08:27:12+00:00","breadcrumb":{"@id":"https:\/\/truusk.store\/sv\/produkt\/truusk-kattetrad-46-cm-lekbollar-klosplatta-sisalrep-plysch-hojd-plattform-grotta-gra\/#breadcrumb"},"inLanguage":"sv-SE","potentialAction":[{"@type":"ReadAction","target":["https:\/\/truusk.store\/sv\/produkt\/truusk-kattetrad-46-cm-lekbollar-klosplatta-sisalrep-plysch-hojd-plattform-grotta-gra\/"]}]},{"@type":"ImageObject","inLanguage":"sv-SE","@id":"https:\/\/truusk.store\/sv\/produkt\/truusk-kattetrad-46-cm-lekbollar-klosplatta-sisalrep-plysch-hojd-plattform-grotta-gra\/#primaryimage","url":"https:\/\/i0.wp.com\/truusk.store\/wp-content\/uploads\/2025\/08\/liten-klostrad-46-cm-kattrad-med-lekbollar-klosplatta-sisalrep-plysch-kattrad-med-hojd-plattform-grotta-for-katter-gra-1.webp?fit=2000%2C2000&ssl=1","contentUrl":"https:\/\/i0.wp.com\/truusk.store\/wp-content\/uploads\/2025\/08\/liten-klostrad-46-cm-kattrad-med-lekbollar-klosplatta-sisalrep-plysch-kattrad-med-hojd-plattform-grotta-for-katter-gra-1.webp?fit=2000%2C2000&ssl=1","width":2000,"height":2000},{"@type":"BreadcrumbList","@id":"https:\/\/truusk.store\/sv\/produkt\/truusk-kattetrad-46-cm-lekbollar-klosplatta-sisalrep-plysch-hojd-plattform-grotta-gra\/#breadcrumb","itemListElement":[{"@type":"ListItem","position":1,"name":"Home","item":"https:\/\/truusk.store\/sv\/"},{"@type":"ListItem","position":2,"name":"Shop","item":"https:\/\/truusk.store\/shop\/"},{"@type":"ListItem","position":3,"name":"TRUUSK Kattetr\u00e4d 46 cm &#8211; Lekbollar &#8211; Kl\u00f6splatta &#8211; Sisalrep &#8211; Plysch &#8211; H\u00f6jd Plattform &#8211; Grotta &#8211; Gr\u00e5"}]},{"@type":"WebSite","@id":"https:\/\/truusk.store\/sv\/#website","url":"https:\/\/truusk.store\/sv\/","name":"TRUUSK - Hem, Tr\u00e4dg\u00e5rd & Fritid","description":"","publisher":{"@id":"https:\/\/truusk.store\/sv\/#organization"},"potentialAction":[{"@type":"SearchAction","target":{"@type":"EntryPoint","urlTemplate":"https:\/\/truusk.store\/sv\/?s={search_term_string}"},"query-input":{"@type":"PropertyValueSpecification","valueRequired":true,"valueName":"search_term_string"}}],"inLanguage":"sv-SE"},{"@type":"Organization","@id":"https:\/\/truusk.store\/sv\/#organization","name":"TRUUSK - Hem, Tr\u00e4dg\u00e5rd & Fritid","url":"https:\/\/truusk.store\/sv\/","logo":{"@type":"ImageObject","inLanguage":"sv-SE","@id":"https:\/\/truusk.store\/sv\/#\/schema\/logo\/image\/","url":"https:\/\/i0.wp.com\/truusk.store\/wp-content\/uploads\/2026\/03\/cropped-TRUUSK.png?fit=2032%2C917&ssl=1","contentUrl":"https:\/\/i0.wp.com\/truusk.store\/wp-content\/uploads\/2026\/03\/cropped-TRUUSK.png?fit=2032%2C917&ssl=1","width":2032,"height":917,"caption":"TRUUSK - Hem, Tr\u00e4dg\u00e5rd & Fritid"},"image":{"@id":"https:\/\/truusk.store\/sv\/#\/schema\/logo\/image\/"}}]}},"jetpack_sharing_enabled":true,"_links":{"self":[{"href":"https:\/\/truusk.store\/sv\/wp-json\/wp\/v2\/product\/86858","targetHints":{"allow":["GET"]}}],"collection":[{"href":"https:\/\/truusk.store\/sv\/wp-json\/wp\/v2\/product"}],"about":[{"href":"https:\/\/truusk.store\/sv\/wp-json\/wp\/v2\/types\/product"}],"wp:featuredmedia":[{"embeddable":true,"href":"https:\/\/truusk.store\/sv\/wp-json\/wp\/v2\/media\/86849"}],"wp:attachment":[{"href":"https:\/\/truusk.store\/sv\/wp-json\/wp\/v2\/media?parent=86858"}],"wp:term":[{"taxonomy":"product_brand","embeddable":true,"href":"https:\/\/truusk.store\/sv\/wp-json\/wp\/v2\/product_brand?post=86858"},{"taxonomy":"product_cat","embeddable":true,"href":"https:\/\/truusk.store\/sv\/wp-json\/wp\/v2\/product_cat?post=86858"},{"taxonomy":"product_tag","embeddable":true,"href":"https:\/\/truusk.store\/sv\/wp-json\/wp\/v2\/product_tag?post=86858"}],"curies":[{"name":"wp","href":"https:\/\/api.w.org\/{rel}","templated":true}]}}