{"id":86928,"date":"2025-08-20T05:29:41","date_gmt":"2025-08-20T04:29:41","guid":{"rendered":"https:\/\/truusk.store\/product\/elektrisk-barnbil-barntraktor-inkl-foraldrafjarrkontroll-max-hastighet-pa-6-km-h-gron-svart\/"},"modified":"2026-03-12T09:31:06","modified_gmt":"2026-03-12T08:31:06","slug":"truusk-elektrisk-barnbil-inkl-foraldrafjarrkontroll-max-6-km-h-gron-svart","status":"publish","type":"product","link":"https:\/\/truusk.store\/sv\/produkt\/truusk-elektrisk-barnbil-inkl-foraldrafjarrkontroll-max-6-km-h-gron-svart\/","title":{"rendered":"TRUUSK Elektrisk Barnbil &#8211; Inkl. F\u00f6r\u00e4ldrafj\u00e4rrkontroll &#8211; Max. 6 km\/h &#8211; Gr\u00f6n + Svart"},"content":{"rendered":"<p>Stimulera ditt barns uppt\u00e4ckarlust med v\u00e5r TRUUSK barnsparktraktor! Detta \u00e4r mer \u00e4n bara en leksak &#8211; det \u00f6ppnar d\u00f6rren till o\u00e4ndlig fantasi och utveckling. Se hur de utforskar sin omgivning med den avtagbara sl\u00e4pvagnen och transporterar leksaker och skatter l\u00e4ngs v\u00e4gen. V\u00e5r sparktraktor fr\u00e4mjar kreativitet, motoriska f\u00e4rdigheter och uppt\u00e4ckarlust. L\u00e5t ditt barns \u00e4ventyrslust blomstra!<\/p>\n<p>Beskrivning:<\/p>\n<ul>\n<li> Avtagbar sl\u00e4pvagn f\u00f6r leksakstransport<\/li>\n<li> Tuta, startljud och musik f\u00f6r extra roligt<\/li>\n<li> 7 str\u00e5lkastare och 4 bakljus f\u00f6r k\u00f6rkul<\/li>\n<li> Effektindikator f\u00f6r batteri\u00f6vervakning<\/li>\n<li> Plasthjul f\u00f6r kr\u00e4vande terr\u00e4ng<\/li>\n<li> Fj\u00e4rrkontroll f\u00f6r f\u00f6r\u00e4ldrakontroll eller barnv\u00e4nlig anv\u00e4ndning, max. 6 km\/h<\/li>\n<li> Monteringen kr\u00e4vs<\/li>\n<\/ul>\n<p>Tekniska data:<\/p>\n<ul>\n<li> F\u00e4rg: Gr\u00f6n<\/li>\n<li> Material: Plast, Metall<\/li>\n<li> Totalstorlek: 136,5B x 50T x 52,5H cm<\/li>\n<li> Sitsstorlek: 28L x 14B x 21H cm<\/li>\n<li> Hastighet: 3-6KM\/H<\/li>\n<li> Plasthjulstorlek: \u00d826cm, \u00d822cm<\/li>\n<li> Batteri: 12V 4,5AH x 1<\/li>\n<li> Kontrollavst\u00e5nd: 15M<\/li>\n<li> F\u00f6rsta laddning: 6-8 timmar. Regelbundet: 8-12 timmar<\/li>\n<li> Drifttid: 45 minuter<\/li>\n<li> Certifierad \u00e5lder: 3+ \u00e5r gammal. L\u00e4mplig \u00e5lder: 3-6 \u00e5r gammal<\/li>\n<li> Viktkapacitet: 30 kg<\/li>\n<li> OBS:<\/li>\n<li> 1. 2 x 1,5V AAA-batterier ing\u00e5r inte<\/li>\n<li> 2. \u00d6vervaka alltid dina barn n\u00e4r de k\u00f6r<\/li>\n<\/ul>\n<p>Leveransinneh\u00e5ll:<\/p>\n<ul>\n<li> 1 x Elektrisk \u00e5kfordon<\/li>\n<li> 1 x Instruktioner<\/li>\n<\/ul>\n","protected":false},"excerpt":{"rendered":"<p>Stimulera ditt barns uppt\u00e4ckarlust med v\u00e5r TRUUSK barnsparktraktor! Detta \u00e4r mer \u00e4n bara en leksak &#8211; det \u00f6ppnar d\u00f6rren till&#8230;<\/p>\n","protected":false},"featured_media":86919,"template":"","meta":[],"product_brand":[],"product_cat":[880,610,1066],"product_tag":[],"class_list":{"0":"post-86928","1":"product","2":"type-product","3":"status-publish","4":"has-post-thumbnail","6":"product_cat-baby-barn-2","7":"product_cat-barnfordon","8":"product_cat-barns-elbilar","10":"first","11":"instock","12":"sale","13":"taxable","14":"shipping-taxable","15":"purchasable","16":"product-type-simple"},"yoast_head":"<!-- This site is optimized with the Yoast SEO plugin v25.4 - https:\/\/yoast.com\/wordpress\/plugins\/seo\/ -->\n<title>TRUUSK Elektrisk Barnbil - Inkl. F\u00f6r\u00e4ldrafj\u00e4rrkontroll - Max. 6 km\/h - Gr\u00f6n + Svart - TRUUSK - Hem, Tr\u00e4dg\u00e5rd &amp; Fritid<\/title>\n<meta name=\"robots\" content=\"index, follow, max-snippet:-1, max-image-preview:large, max-video-preview:-1\" \/>\n<link rel=\"canonical\" href=\"https:\/\/truusk.store\/sv\/produkt\/truusk-elektrisk-barnbil-inkl-foraldrafjarrkontroll-max-6-km-h-gron-svart\/\" \/>\n<meta property=\"og:locale\" content=\"sv_SE\" \/>\n<meta property=\"og:type\" content=\"article\" \/>\n<meta property=\"og:title\" content=\"TRUUSK Elektrisk Barnbil - Inkl. F\u00f6r\u00e4ldrafj\u00e4rrkontroll - Max. 6 km\/h - Gr\u00f6n + Svart - TRUUSK - Hem, Tr\u00e4dg\u00e5rd &amp; Fritid\" \/>\n<meta property=\"og:description\" content=\"Stimulera ditt barns uppt\u00e4ckarlust med v\u00e5r TRUUSK barnsparktraktor! Detta \u00e4r mer \u00e4n bara en leksak &#8211; det \u00f6ppnar d\u00f6rren till...\" \/>\n<meta property=\"og:url\" content=\"https:\/\/truusk.store\/sv\/produkt\/truusk-elektrisk-barnbil-inkl-foraldrafjarrkontroll-max-6-km-h-gron-svart\/\" \/>\n<meta property=\"og:site_name\" content=\"TRUUSK - Hem, Tr\u00e4dg\u00e5rd &amp; Fritid\" \/>\n<meta property=\"article:modified_time\" content=\"2026-03-12T08:31:06+00:00\" \/>\n<meta property=\"og:image\" content=\"https:\/\/i0.wp.com\/truusk.se\/wp-content\/uploads\/2025\/08\/elektrisk-barnbil-barntraktor-inkl-foraldrafjarrkontroll-max-hastighet-pa-6-km-h-gron-svart-1.webp?fit=2000%2C2000&ssl=1\" \/>\n\t<meta property=\"og:image:width\" content=\"2000\" \/>\n\t<meta property=\"og:image:height\" content=\"2000\" \/>\n\t<meta property=\"og:image:type\" content=\"image\/webp\" \/>\n<meta name=\"twitter:card\" content=\"summary_large_image\" \/>\n<meta name=\"twitter:label1\" content=\"Ber\u00e4knad l\u00e4stid\" \/>\n\t<meta name=\"twitter:data1\" content=\"1 minut\" \/>\n<!-- \/ Yoast SEO plugin. -->","yoast_head_json":{"title":"TRUUSK Elektrisk Barnbil - Inkl. F\u00f6r\u00e4ldrafj\u00e4rrkontroll - Max. 6 km\/h - Gr\u00f6n + Svart - TRUUSK - Hem, Tr\u00e4dg\u00e5rd &amp; Fritid","robots":{"index":"index","follow":"follow","max-snippet":"max-snippet:-1","max-image-preview":"max-image-preview:large","max-video-preview":"max-video-preview:-1"},"canonical":"https:\/\/truusk.store\/sv\/produkt\/truusk-elektrisk-barnbil-inkl-foraldrafjarrkontroll-max-6-km-h-gron-svart\/","og_locale":"sv_SE","og_type":"article","og_title":"TRUUSK Elektrisk Barnbil - Inkl. F\u00f6r\u00e4ldrafj\u00e4rrkontroll - Max. 6 km\/h - Gr\u00f6n + Svart - TRUUSK - Hem, Tr\u00e4dg\u00e5rd &amp; Fritid","og_description":"Stimulera ditt barns uppt\u00e4ckarlust med v\u00e5r TRUUSK barnsparktraktor! Detta \u00e4r mer \u00e4n bara en leksak &#8211; det \u00f6ppnar d\u00f6rren till...","og_url":"https:\/\/truusk.store\/sv\/produkt\/truusk-elektrisk-barnbil-inkl-foraldrafjarrkontroll-max-6-km-h-gron-svart\/","og_site_name":"TRUUSK - Hem, Tr\u00e4dg\u00e5rd &amp; Fritid","article_modified_time":"2026-03-12T08:31:06+00:00","og_image":[{"width":2000,"height":2000,"url":"https:\/\/i0.wp.com\/truusk.se\/wp-content\/uploads\/2025\/08\/elektrisk-barnbil-barntraktor-inkl-foraldrafjarrkontroll-max-hastighet-pa-6-km-h-gron-svart-1.webp?fit=2000%2C2000&ssl=1","type":"image\/webp"}],"twitter_card":"summary_large_image","twitter_misc":{"Ber\u00e4knad l\u00e4stid":"1 minut"},"schema":{"@context":"https:\/\/schema.org","@graph":[{"@type":"WebPage","@id":"https:\/\/truusk.store\/sv\/produkt\/truusk-elektrisk-barnbil-inkl-foraldrafjarrkontroll-max-6-km-h-gron-svart\/","url":"https:\/\/truusk.store\/sv\/produkt\/truusk-elektrisk-barnbil-inkl-foraldrafjarrkontroll-max-6-km-h-gron-svart\/","name":"TRUUSK Elektrisk Barnbil - Inkl. F\u00f6r\u00e4ldrafj\u00e4rrkontroll - Max. 6 km\/h - Gr\u00f6n + Svart - TRUUSK - Hem, Tr\u00e4dg\u00e5rd &amp; Fritid","isPartOf":{"@id":"https:\/\/truusk.store\/sv\/#website"},"primaryImageOfPage":{"@id":"https:\/\/truusk.store\/sv\/produkt\/truusk-elektrisk-barnbil-inkl-foraldrafjarrkontroll-max-6-km-h-gron-svart\/#primaryimage"},"image":{"@id":"https:\/\/truusk.store\/sv\/produkt\/truusk-elektrisk-barnbil-inkl-foraldrafjarrkontroll-max-6-km-h-gron-svart\/#primaryimage"},"thumbnailUrl":"https:\/\/i0.wp.com\/truusk.store\/wp-content\/uploads\/2025\/08\/elektrisk-barnbil-barntraktor-inkl-foraldrafjarrkontroll-max-hastighet-pa-6-km-h-gron-svart-1.webp?fit=2000%2C2000&ssl=1","datePublished":"2025-08-20T04:29:41+00:00","dateModified":"2026-03-12T08:31:06+00:00","breadcrumb":{"@id":"https:\/\/truusk.store\/sv\/produkt\/truusk-elektrisk-barnbil-inkl-foraldrafjarrkontroll-max-6-km-h-gron-svart\/#breadcrumb"},"inLanguage":"sv-SE","potentialAction":[{"@type":"ReadAction","target":["https:\/\/truusk.store\/sv\/produkt\/truusk-elektrisk-barnbil-inkl-foraldrafjarrkontroll-max-6-km-h-gron-svart\/"]}]},{"@type":"ImageObject","inLanguage":"sv-SE","@id":"https:\/\/truusk.store\/sv\/produkt\/truusk-elektrisk-barnbil-inkl-foraldrafjarrkontroll-max-6-km-h-gron-svart\/#primaryimage","url":"https:\/\/i0.wp.com\/truusk.store\/wp-content\/uploads\/2025\/08\/elektrisk-barnbil-barntraktor-inkl-foraldrafjarrkontroll-max-hastighet-pa-6-km-h-gron-svart-1.webp?fit=2000%2C2000&ssl=1","contentUrl":"https:\/\/i0.wp.com\/truusk.store\/wp-content\/uploads\/2025\/08\/elektrisk-barnbil-barntraktor-inkl-foraldrafjarrkontroll-max-hastighet-pa-6-km-h-gron-svart-1.webp?fit=2000%2C2000&ssl=1","width":2000,"height":2000},{"@type":"BreadcrumbList","@id":"https:\/\/truusk.store\/sv\/produkt\/truusk-elektrisk-barnbil-inkl-foraldrafjarrkontroll-max-6-km-h-gron-svart\/#breadcrumb","itemListElement":[{"@type":"ListItem","position":1,"name":"Home","item":"https:\/\/truusk.store\/sv\/"},{"@type":"ListItem","position":2,"name":"Shop","item":"https:\/\/truusk.store\/shop\/"},{"@type":"ListItem","position":3,"name":"TRUUSK Elektrisk Barnbil &#8211; Inkl. F\u00f6r\u00e4ldrafj\u00e4rrkontroll &#8211; Max. 6 km\/h &#8211; Gr\u00f6n + Svart"}]},{"@type":"WebSite","@id":"https:\/\/truusk.store\/sv\/#website","url":"https:\/\/truusk.store\/sv\/","name":"TRUUSK - Hem, Tr\u00e4dg\u00e5rd & Fritid","description":"","publisher":{"@id":"https:\/\/truusk.store\/sv\/#organization"},"potentialAction":[{"@type":"SearchAction","target":{"@type":"EntryPoint","urlTemplate":"https:\/\/truusk.store\/sv\/?s={search_term_string}"},"query-input":{"@type":"PropertyValueSpecification","valueRequired":true,"valueName":"search_term_string"}}],"inLanguage":"sv-SE"},{"@type":"Organization","@id":"https:\/\/truusk.store\/sv\/#organization","name":"TRUUSK - Hem, Tr\u00e4dg\u00e5rd & Fritid","url":"https:\/\/truusk.store\/sv\/","logo":{"@type":"ImageObject","inLanguage":"sv-SE","@id":"https:\/\/truusk.store\/sv\/#\/schema\/logo\/image\/","url":"https:\/\/i0.wp.com\/truusk.store\/wp-content\/uploads\/2026\/03\/cropped-TRUUSK.png?fit=2032%2C917&ssl=1","contentUrl":"https:\/\/i0.wp.com\/truusk.store\/wp-content\/uploads\/2026\/03\/cropped-TRUUSK.png?fit=2032%2C917&ssl=1","width":2032,"height":917,"caption":"TRUUSK - Hem, Tr\u00e4dg\u00e5rd & Fritid"},"image":{"@id":"https:\/\/truusk.store\/sv\/#\/schema\/logo\/image\/"}}]}},"jetpack_sharing_enabled":true,"_links":{"self":[{"href":"https:\/\/truusk.store\/sv\/wp-json\/wp\/v2\/product\/86928","targetHints":{"allow":["GET"]}}],"collection":[{"href":"https:\/\/truusk.store\/sv\/wp-json\/wp\/v2\/product"}],"about":[{"href":"https:\/\/truusk.store\/sv\/wp-json\/wp\/v2\/types\/product"}],"wp:featuredmedia":[{"embeddable":true,"href":"https:\/\/truusk.store\/sv\/wp-json\/wp\/v2\/media\/86919"}],"wp:attachment":[{"href":"https:\/\/truusk.store\/sv\/wp-json\/wp\/v2\/media?parent=86928"}],"wp:term":[{"taxonomy":"product_brand","embeddable":true,"href":"https:\/\/truusk.store\/sv\/wp-json\/wp\/v2\/product_brand?post=86928"},{"taxonomy":"product_cat","embeddable":true,"href":"https:\/\/truusk.store\/sv\/wp-json\/wp\/v2\/product_cat?post=86928"},{"taxonomy":"product_tag","embeddable":true,"href":"https:\/\/truusk.store\/sv\/wp-json\/wp\/v2\/product_tag?post=86928"}],"curies":[{"name":"wp","href":"https:\/\/api.w.org\/{rel}","templated":true}]}}