{"id":86968,"date":"2025-08-20T05:33:33","date_gmt":"2025-08-20T04:33:33","guid":{"rendered":"https:\/\/truusk.store\/product\/sportnow-multifunktionell-traningsstation-med-65-kg-viktblock-justerbar-for-hemtraning-stal-konstlader\/"},"modified":"2026-03-12T09:31:17","modified_gmt":"2026-03-12T08:31:17","slug":"truusk-multifunktionell-traningsstation-med-65-kg-viktblock-justerbar-for-hemtraning-stal-konstlader","status":"publish","type":"product","link":"https:\/\/truusk.store\/sv\/produkt\/truusk-multifunktionell-traningsstation-med-65-kg-viktblock-justerbar-for-hemtraning-stal-konstlader\/","title":{"rendered":"TRUUSK Multifunktionell Tr\u00e4ningsstation &#8211; Med 65 Kg Viktblock &#8211; Justerbar &#8211; F\u00f6r Hemtr\u00e4ning &#8211; St\u00e5l &#8211; Konstl\u00e4der"},"content":{"rendered":"<p>Optimera din tr\u00e4ning med SPORTNOW Fitnessstation. Denna enhet m\u00f6jligg\u00f6r en omfattande helkroppsstyrketr\u00e4ning och riktar sig till olika muskelgrupper. Oavsett om det \u00e4r latdrag, Pec Fly, bencurls, benf\u00f6rl\u00e4ngningar, dips, push-ups eller sit-ups p\u00e5 fitness tornet &#8211; allt \u00e4r m\u00f6jligt. B\u00f6rja med en bekv\u00e4m vikt p\u00e5 upp till 65 kg och \u00f6ka kontinuerligt. Utnyttja hela potentialen i ditt hemgym f\u00f6r att bli h\u00e4lsosammare och starkare.<\/p>\n<p>Beskrivning:<\/p>\n<ul>\n<li> Flera \u00f6vningar m\u00f6jliga, inklusive b\u00e4nkpress, benstr\u00e4ckning, l\u00e5ga\/h\u00f6ga rullande drag, sit-ups, armh\u00e4vningar och dips<\/li>\n<li> Vadderat s\u00e4te och ryggst\u00f6d p\u00e5 krafttornet f\u00f6r komfort<\/li>\n<li> Arm-Curl-Pad, armb\u00e5gspads och sit-up-b\u00e4nk h\u00f6jdbara<\/li>\n<li> Bred bas h\u00e5ller konstruktionen balanserad<\/li>\n<li> En kompakt design av fitnessstationen som kan anv\u00e4ndas av tre personer samtidigt<\/li>\n<li> Tr\u00e4nar biceps, rygg, br\u00f6st, ben, mage, axlar och rumpa<\/li>\n<li> Maximal belastning 110 kg, montering kr\u00e4vs<\/li>\n<\/ul>\n<p>Tekniska data:<\/p>\n<ul>\n<li> F\u00e4rg: Svart<\/li>\n<li> Material: St\u00e5l, konstl\u00e4der<\/li>\n<li> Totala dimensioner: 225L x 175B x 200H cm<\/li>\n<li> S\u00e4te: 56H x 35L x 33B cm<\/li>\n<li> Ryggst\u00f6d: 70L x 28B cm (fram) och 36L x 20B cm (h\u00f6ger)<\/li>\n<li> Preacher Pad: 50L x 26B x 93-108H cm<\/li>\n<li> Maximal utdragsl\u00e4ngd: 120 cm<\/li>\n<li> Magb\u00e4nk: 100L x 28B x 52-68H cm<\/li>\n<li> Armb\u00e5gspads: 25L x 12B x 130-170H cm<\/li>\n<li> Viktblock: 65 kg<\/li>\n<li> Maximal belastning: 110 kg<\/li>\n<\/ul>\n<p>Leveransinneh\u00e5ll:<\/p>\n<ul>\n<li> 1 x Kraftstation<\/li>\n<li> 1 x Manual<\/li>\n<\/ul>\n","protected":false},"excerpt":{"rendered":"<p>Optimera din tr\u00e4ning med SPORTNOW Fitnessstation. Denna enhet m\u00f6jligg\u00f6r en omfattande helkroppsstyrketr\u00e4ning och riktar sig till olika muskelgrupper. Oavsett om&#8230;<\/p>\n","protected":false},"featured_media":86959,"template":"","meta":[],"product_brand":[],"product_cat":[873,647,665],"product_tag":[],"class_list":{"0":"post-86968","1":"product","2":"type-product","3":"status-publish","4":"has-post-thumbnail","6":"product_cat-fitness-styrketraning","7":"product_cat-sport-fritid","8":"product_cat-styrketraning","10":"first","11":"instock","12":"sale","13":"taxable","14":"shipping-taxable","15":"purchasable","16":"product-type-simple"},"yoast_head":"<!-- This site is optimized with the Yoast SEO plugin v25.4 - https:\/\/yoast.com\/wordpress\/plugins\/seo\/ -->\n<title>TRUUSK Multifunktionell Tr\u00e4ningsstation - Med 65 Kg Viktblock - Justerbar - F\u00f6r Hemtr\u00e4ning - St\u00e5l - Konstl\u00e4der - TRUUSK - Hem, Tr\u00e4dg\u00e5rd &amp; Fritid<\/title>\n<meta name=\"robots\" content=\"index, follow, max-snippet:-1, max-image-preview:large, max-video-preview:-1\" \/>\n<link rel=\"canonical\" href=\"https:\/\/truusk.store\/sv\/produkt\/truusk-multifunktionell-traningsstation-med-65-kg-viktblock-justerbar-for-hemtraning-stal-konstlader\/\" \/>\n<meta property=\"og:locale\" content=\"sv_SE\" \/>\n<meta property=\"og:type\" content=\"article\" \/>\n<meta property=\"og:title\" content=\"TRUUSK Multifunktionell Tr\u00e4ningsstation - Med 65 Kg Viktblock - Justerbar - F\u00f6r Hemtr\u00e4ning - St\u00e5l - Konstl\u00e4der - TRUUSK - Hem, Tr\u00e4dg\u00e5rd &amp; Fritid\" \/>\n<meta property=\"og:description\" content=\"Optimera din tr\u00e4ning med SPORTNOW Fitnessstation. Denna enhet m\u00f6jligg\u00f6r en omfattande helkroppsstyrketr\u00e4ning och riktar sig till olika muskelgrupper. Oavsett om...\" \/>\n<meta property=\"og:url\" content=\"https:\/\/truusk.store\/sv\/produkt\/truusk-multifunktionell-traningsstation-med-65-kg-viktblock-justerbar-for-hemtraning-stal-konstlader\/\" \/>\n<meta property=\"og:site_name\" content=\"TRUUSK - Hem, Tr\u00e4dg\u00e5rd &amp; Fritid\" \/>\n<meta property=\"article:modified_time\" content=\"2026-03-12T08:31:17+00:00\" \/>\n<meta property=\"og:image\" content=\"https:\/\/i0.wp.com\/truusk.se\/wp-content\/uploads\/2025\/08\/sportnow-multifunktionell-traningsstation-med-65-kg-viktblock-justerbar-for-hemtraning-stal-konstlader-1.webp?fit=2000%2C2000&ssl=1\" \/>\n\t<meta property=\"og:image:width\" content=\"2000\" \/>\n\t<meta property=\"og:image:height\" content=\"2000\" \/>\n\t<meta property=\"og:image:type\" content=\"image\/webp\" \/>\n<meta name=\"twitter:card\" content=\"summary_large_image\" \/>\n<meta name=\"twitter:label1\" content=\"Ber\u00e4knad l\u00e4stid\" \/>\n\t<meta name=\"twitter:data1\" content=\"1 minut\" \/>\n<!-- \/ Yoast SEO plugin. -->","yoast_head_json":{"title":"TRUUSK Multifunktionell Tr\u00e4ningsstation - Med 65 Kg Viktblock - Justerbar - F\u00f6r Hemtr\u00e4ning - St\u00e5l - Konstl\u00e4der - TRUUSK - Hem, Tr\u00e4dg\u00e5rd &amp; Fritid","robots":{"index":"index","follow":"follow","max-snippet":"max-snippet:-1","max-image-preview":"max-image-preview:large","max-video-preview":"max-video-preview:-1"},"canonical":"https:\/\/truusk.store\/sv\/produkt\/truusk-multifunktionell-traningsstation-med-65-kg-viktblock-justerbar-for-hemtraning-stal-konstlader\/","og_locale":"sv_SE","og_type":"article","og_title":"TRUUSK Multifunktionell Tr\u00e4ningsstation - Med 65 Kg Viktblock - Justerbar - F\u00f6r Hemtr\u00e4ning - St\u00e5l - Konstl\u00e4der - TRUUSK - Hem, Tr\u00e4dg\u00e5rd &amp; Fritid","og_description":"Optimera din tr\u00e4ning med SPORTNOW Fitnessstation. Denna enhet m\u00f6jligg\u00f6r en omfattande helkroppsstyrketr\u00e4ning och riktar sig till olika muskelgrupper. Oavsett om...","og_url":"https:\/\/truusk.store\/sv\/produkt\/truusk-multifunktionell-traningsstation-med-65-kg-viktblock-justerbar-for-hemtraning-stal-konstlader\/","og_site_name":"TRUUSK - Hem, Tr\u00e4dg\u00e5rd &amp; Fritid","article_modified_time":"2026-03-12T08:31:17+00:00","og_image":[{"width":2000,"height":2000,"url":"https:\/\/i0.wp.com\/truusk.se\/wp-content\/uploads\/2025\/08\/sportnow-multifunktionell-traningsstation-med-65-kg-viktblock-justerbar-for-hemtraning-stal-konstlader-1.webp?fit=2000%2C2000&ssl=1","type":"image\/webp"}],"twitter_card":"summary_large_image","twitter_misc":{"Ber\u00e4knad l\u00e4stid":"1 minut"},"schema":{"@context":"https:\/\/schema.org","@graph":[{"@type":"WebPage","@id":"https:\/\/truusk.store\/sv\/produkt\/truusk-multifunktionell-traningsstation-med-65-kg-viktblock-justerbar-for-hemtraning-stal-konstlader\/","url":"https:\/\/truusk.store\/sv\/produkt\/truusk-multifunktionell-traningsstation-med-65-kg-viktblock-justerbar-for-hemtraning-stal-konstlader\/","name":"TRUUSK Multifunktionell Tr\u00e4ningsstation - Med 65 Kg Viktblock - Justerbar - F\u00f6r Hemtr\u00e4ning - St\u00e5l - Konstl\u00e4der - TRUUSK - Hem, Tr\u00e4dg\u00e5rd &amp; Fritid","isPartOf":{"@id":"https:\/\/truusk.store\/sv\/#website"},"primaryImageOfPage":{"@id":"https:\/\/truusk.store\/sv\/produkt\/truusk-multifunktionell-traningsstation-med-65-kg-viktblock-justerbar-for-hemtraning-stal-konstlader\/#primaryimage"},"image":{"@id":"https:\/\/truusk.store\/sv\/produkt\/truusk-multifunktionell-traningsstation-med-65-kg-viktblock-justerbar-for-hemtraning-stal-konstlader\/#primaryimage"},"thumbnailUrl":"https:\/\/i0.wp.com\/truusk.store\/wp-content\/uploads\/2025\/08\/sportnow-multifunktionell-traningsstation-med-65-kg-viktblock-justerbar-for-hemtraning-stal-konstlader-1.webp?fit=2000%2C2000&ssl=1","datePublished":"2025-08-20T04:33:33+00:00","dateModified":"2026-03-12T08:31:17+00:00","breadcrumb":{"@id":"https:\/\/truusk.store\/sv\/produkt\/truusk-multifunktionell-traningsstation-med-65-kg-viktblock-justerbar-for-hemtraning-stal-konstlader\/#breadcrumb"},"inLanguage":"sv-SE","potentialAction":[{"@type":"ReadAction","target":["https:\/\/truusk.store\/sv\/produkt\/truusk-multifunktionell-traningsstation-med-65-kg-viktblock-justerbar-for-hemtraning-stal-konstlader\/"]}]},{"@type":"ImageObject","inLanguage":"sv-SE","@id":"https:\/\/truusk.store\/sv\/produkt\/truusk-multifunktionell-traningsstation-med-65-kg-viktblock-justerbar-for-hemtraning-stal-konstlader\/#primaryimage","url":"https:\/\/i0.wp.com\/truusk.store\/wp-content\/uploads\/2025\/08\/sportnow-multifunktionell-traningsstation-med-65-kg-viktblock-justerbar-for-hemtraning-stal-konstlader-1.webp?fit=2000%2C2000&ssl=1","contentUrl":"https:\/\/i0.wp.com\/truusk.store\/wp-content\/uploads\/2025\/08\/sportnow-multifunktionell-traningsstation-med-65-kg-viktblock-justerbar-for-hemtraning-stal-konstlader-1.webp?fit=2000%2C2000&ssl=1","width":2000,"height":2000},{"@type":"BreadcrumbList","@id":"https:\/\/truusk.store\/sv\/produkt\/truusk-multifunktionell-traningsstation-med-65-kg-viktblock-justerbar-for-hemtraning-stal-konstlader\/#breadcrumb","itemListElement":[{"@type":"ListItem","position":1,"name":"Home","item":"https:\/\/truusk.store\/sv\/"},{"@type":"ListItem","position":2,"name":"Shop","item":"https:\/\/truusk.store\/shop\/"},{"@type":"ListItem","position":3,"name":"TRUUSK Multifunktionell Tr\u00e4ningsstation &#8211; Med 65 Kg Viktblock &#8211; Justerbar &#8211; F\u00f6r Hemtr\u00e4ning &#8211; St\u00e5l &#8211; Konstl\u00e4der"}]},{"@type":"WebSite","@id":"https:\/\/truusk.store\/sv\/#website","url":"https:\/\/truusk.store\/sv\/","name":"TRUUSK - Hem, Tr\u00e4dg\u00e5rd & Fritid","description":"","publisher":{"@id":"https:\/\/truusk.store\/sv\/#organization"},"potentialAction":[{"@type":"SearchAction","target":{"@type":"EntryPoint","urlTemplate":"https:\/\/truusk.store\/sv\/?s={search_term_string}"},"query-input":{"@type":"PropertyValueSpecification","valueRequired":true,"valueName":"search_term_string"}}],"inLanguage":"sv-SE"},{"@type":"Organization","@id":"https:\/\/truusk.store\/sv\/#organization","name":"TRUUSK - Hem, Tr\u00e4dg\u00e5rd & Fritid","url":"https:\/\/truusk.store\/sv\/","logo":{"@type":"ImageObject","inLanguage":"sv-SE","@id":"https:\/\/truusk.store\/sv\/#\/schema\/logo\/image\/","url":"https:\/\/i0.wp.com\/truusk.store\/wp-content\/uploads\/2026\/03\/cropped-TRUUSK.png?fit=2032%2C917&ssl=1","contentUrl":"https:\/\/i0.wp.com\/truusk.store\/wp-content\/uploads\/2026\/03\/cropped-TRUUSK.png?fit=2032%2C917&ssl=1","width":2032,"height":917,"caption":"TRUUSK - Hem, Tr\u00e4dg\u00e5rd & Fritid"},"image":{"@id":"https:\/\/truusk.store\/sv\/#\/schema\/logo\/image\/"}}]}},"jetpack_sharing_enabled":true,"_links":{"self":[{"href":"https:\/\/truusk.store\/sv\/wp-json\/wp\/v2\/product\/86968","targetHints":{"allow":["GET"]}}],"collection":[{"href":"https:\/\/truusk.store\/sv\/wp-json\/wp\/v2\/product"}],"about":[{"href":"https:\/\/truusk.store\/sv\/wp-json\/wp\/v2\/types\/product"}],"wp:featuredmedia":[{"embeddable":true,"href":"https:\/\/truusk.store\/sv\/wp-json\/wp\/v2\/media\/86959"}],"wp:attachment":[{"href":"https:\/\/truusk.store\/sv\/wp-json\/wp\/v2\/media?parent=86968"}],"wp:term":[{"taxonomy":"product_brand","embeddable":true,"href":"https:\/\/truusk.store\/sv\/wp-json\/wp\/v2\/product_brand?post=86968"},{"taxonomy":"product_cat","embeddable":true,"href":"https:\/\/truusk.store\/sv\/wp-json\/wp\/v2\/product_cat?post=86968"},{"taxonomy":"product_tag","embeddable":true,"href":"https:\/\/truusk.store\/sv\/wp-json\/wp\/v2\/product_tag?post=86968"}],"curies":[{"name":"wp","href":"https:\/\/api.w.org\/{rel}","templated":true}]}}