{"id":86978,"date":"2025-08-20T05:34:26","date_gmt":"2025-08-20T04:34:26","guid":{"rendered":"https:\/\/truusk.store\/product\/aiyaplay-3-i-1-barnstaffli-med-pappersrulle-kritbrada-whiteboard-forvaringskorgar-54-x-465-x-93-cm-gron\/"},"modified":"2026-03-12T09:31:28","modified_gmt":"2026-03-12T08:31:28","slug":"truusk-3-i-1-kattvagn-och-hundbuggy-hopfallbar-med-regnskydd-natventiler-kudde-forvaringskorg-for-hundar-och-katter-upp","status":"publish","type":"product","link":"https:\/\/truusk.store\/sv\/produkt\/truusk-3-i-1-kattvagn-och-hundbuggy-hopfallbar-med-regnskydd-natventiler-kudde-forvaringskorg-for-hundar-och-katter-upp\/","title":{"rendered":"TRUUSK 3-i-1 Kattvagn och Hundbuggy &#8211; Hopf\u00e4llbar med Regnskydd &#8211; N\u00e4tventiler &#8211; Kudde &#8211; F\u00f6rvaringskorg &#8211; F\u00f6r Hundar och Katter upp"},"content":{"rendered":"<p>Inspirera ditt barns kreativitet med detta m\u00e5ngsidiga och stiliga skrivtavleset fr\u00e5n AIYAPLAY! Oavsett om dina sm\u00e5 skissar, klottrar eller \u00f6var p\u00e5 att skriva bokst\u00e4ver, kommer barnens tavla att fascinera och underh\u00e5lla dem medan de enkelt v\u00e4xlar mellan svarta tavlan, whiteboard och pappersrulle. Detta whiteboard-set levereras med praktiska f\u00f6rvaringskorgar f\u00f6r att h\u00e5lla alla konstmaterial snyggt organiserade. Extra gulligt: Det lekfulla, barnv\u00e4nliga djurdesignet.<\/p>\n<p>Beskrivning:<\/p>\n<ul>\n<li> 3-i-1-design: Tavelsidan \u00e4r idealisk f\u00f6r anv\u00e4ndning med krita, whiteboardsidan \u00e4r utm\u00e4rkt f\u00f6r vattenbaserade mark\u00f6rer och pappersrullen ger extra utrymme (krita, mark\u00f6rer och suddgummi ska skaffas separat)<\/li>\n<li> Inneh\u00e5ller tv\u00e5 f\u00f6rvaringskorgar f\u00f6r barnens m\u00e5lning och leksaksredskap<\/li>\n<li> Utvecklad f\u00f6r barn i \u00e5ldern 3 till 8 \u00e5r, s\u00e5 att de kan arbeta bekv\u00e4mt med den st\u00e5ende eller sittande<\/li>\n<li> Stabil sadeltaksdesign och robusta MDF- och furumaterial garanterar s\u00e4kerhet<\/li>\n<li> Det s\u00f6ta djurdesignet ger din inredning en livlig touch<\/li>\n<li> Enkel montering<\/li>\n<\/ul>\n<p>Tekniska specifikationer:<\/p>\n<ul>\n<li> F\u00e4rg: Gr\u00f6n<\/li>\n<li> Material: MDF, furu<\/li>\n<li> Totala dimensioner: 54L x 46,5B x 93H cm<\/li>\n<li> Tavelstorlek: 47B x 38H cm<\/li>\n<li> Bredd p\u00e5 pappersrulle: 35 cm<\/li>\n<li> Korgdimensioner: 27L x 24B x 14,5H cm. Avst\u00e5nd till golvet: 17 cm<\/li>\n<li> Rekommenderad \u00e5lder: 3-8 \u00e5r. Certifiering: Fr\u00e5n 3 \u00e5r<\/li>\n<li> Belastningskapacitet: 0,5 kg (korg)<\/li>\n<\/ul>\n<p>Inneh\u00e5ll:<\/p>\n<ul>\n<li> 1 x Barns tavleset<\/li>\n<li> 1 x Instruktioner<\/li>\n<\/ul>\n","protected":false},"excerpt":{"rendered":"<p>Inspirera ditt barns kreativitet med detta m\u00e5ngsidiga och stiliga skrivtavleset fr\u00e5n AIYAPLAY! Oavsett om dina sm\u00e5 skissar, klottrar eller \u00f6var&#8230;<\/p>\n","protected":false},"featured_media":86969,"template":"","meta":[],"product_brand":[],"product_cat":[656,647,945],"product_tag":[],"class_list":{"0":"post-86978","1":"product","2":"type-product","3":"status-publish","4":"has-post-thumbnail","6":"product_cat-spel-hobby","7":"product_cat-sport-fritid","8":"product_cat-stafflier","10":"first","11":"instock","12":"sale","13":"taxable","14":"shipping-taxable","15":"purchasable","16":"product-type-simple"},"yoast_head":"<!-- This site is optimized with the Yoast SEO plugin v25.4 - https:\/\/yoast.com\/wordpress\/plugins\/seo\/ -->\n<title>TRUUSK 3-i-1 Kattvagn och Hundbuggy - Hopf\u00e4llbar med Regnskydd - N\u00e4tventiler - Kudde - F\u00f6rvaringskorg - F\u00f6r Hundar och Katter upp - TRUUSK - Hem, Tr\u00e4dg\u00e5rd &amp; Fritid<\/title>\n<meta name=\"robots\" content=\"index, follow, max-snippet:-1, max-image-preview:large, max-video-preview:-1\" \/>\n<link rel=\"canonical\" href=\"https:\/\/truusk.store\/sv\/produkt\/truusk-3-i-1-kattvagn-och-hundbuggy-hopfallbar-med-regnskydd-natventiler-kudde-forvaringskorg-for-hundar-och-katter-upp\/\" \/>\n<meta property=\"og:locale\" content=\"sv_SE\" \/>\n<meta property=\"og:type\" content=\"article\" \/>\n<meta property=\"og:title\" content=\"TRUUSK 3-i-1 Kattvagn och Hundbuggy - Hopf\u00e4llbar med Regnskydd - N\u00e4tventiler - Kudde - F\u00f6rvaringskorg - F\u00f6r Hundar och Katter upp - TRUUSK - Hem, Tr\u00e4dg\u00e5rd &amp; Fritid\" \/>\n<meta property=\"og:description\" content=\"Inspirera ditt barns kreativitet med detta m\u00e5ngsidiga och stiliga skrivtavleset fr\u00e5n AIYAPLAY! Oavsett om dina sm\u00e5 skissar, klottrar eller \u00f6var...\" \/>\n<meta property=\"og:url\" content=\"https:\/\/truusk.store\/sv\/produkt\/truusk-3-i-1-kattvagn-och-hundbuggy-hopfallbar-med-regnskydd-natventiler-kudde-forvaringskorg-for-hundar-och-katter-upp\/\" \/>\n<meta property=\"og:site_name\" content=\"TRUUSK - Hem, Tr\u00e4dg\u00e5rd &amp; Fritid\" \/>\n<meta property=\"article:modified_time\" content=\"2026-03-12T08:31:28+00:00\" \/>\n<meta property=\"og:image\" content=\"https:\/\/i0.wp.com\/truusk.se\/wp-content\/uploads\/2025\/08\/aiyaplay-3-i-1-barnstaffli-med-pappersrulle-kritbrada-whiteboard-forvaringskorgar-54-x-465-x-93-cm-gron-1.webp?fit=2000%2C2000&ssl=1\" \/>\n\t<meta property=\"og:image:width\" content=\"2000\" \/>\n\t<meta property=\"og:image:height\" content=\"2000\" \/>\n\t<meta property=\"og:image:type\" content=\"image\/webp\" \/>\n<meta name=\"twitter:card\" content=\"summary_large_image\" \/>\n<meta name=\"twitter:label1\" content=\"Ber\u00e4knad l\u00e4stid\" \/>\n\t<meta name=\"twitter:data1\" content=\"1 minut\" \/>\n<!-- \/ Yoast SEO plugin. -->","yoast_head_json":{"title":"TRUUSK 3-i-1 Kattvagn och Hundbuggy - Hopf\u00e4llbar med Regnskydd - N\u00e4tventiler - Kudde - F\u00f6rvaringskorg - F\u00f6r Hundar och Katter upp - TRUUSK - Hem, Tr\u00e4dg\u00e5rd &amp; Fritid","robots":{"index":"index","follow":"follow","max-snippet":"max-snippet:-1","max-image-preview":"max-image-preview:large","max-video-preview":"max-video-preview:-1"},"canonical":"https:\/\/truusk.store\/sv\/produkt\/truusk-3-i-1-kattvagn-och-hundbuggy-hopfallbar-med-regnskydd-natventiler-kudde-forvaringskorg-for-hundar-och-katter-upp\/","og_locale":"sv_SE","og_type":"article","og_title":"TRUUSK 3-i-1 Kattvagn och Hundbuggy - Hopf\u00e4llbar med Regnskydd - N\u00e4tventiler - Kudde - F\u00f6rvaringskorg - F\u00f6r Hundar och Katter upp - TRUUSK - Hem, Tr\u00e4dg\u00e5rd &amp; Fritid","og_description":"Inspirera ditt barns kreativitet med detta m\u00e5ngsidiga och stiliga skrivtavleset fr\u00e5n AIYAPLAY! Oavsett om dina sm\u00e5 skissar, klottrar eller \u00f6var...","og_url":"https:\/\/truusk.store\/sv\/produkt\/truusk-3-i-1-kattvagn-och-hundbuggy-hopfallbar-med-regnskydd-natventiler-kudde-forvaringskorg-for-hundar-och-katter-upp\/","og_site_name":"TRUUSK - Hem, Tr\u00e4dg\u00e5rd &amp; Fritid","article_modified_time":"2026-03-12T08:31:28+00:00","og_image":[{"width":2000,"height":2000,"url":"https:\/\/i0.wp.com\/truusk.se\/wp-content\/uploads\/2025\/08\/aiyaplay-3-i-1-barnstaffli-med-pappersrulle-kritbrada-whiteboard-forvaringskorgar-54-x-465-x-93-cm-gron-1.webp?fit=2000%2C2000&ssl=1","type":"image\/webp"}],"twitter_card":"summary_large_image","twitter_misc":{"Ber\u00e4knad l\u00e4stid":"1 minut"},"schema":{"@context":"https:\/\/schema.org","@graph":[{"@type":"WebPage","@id":"https:\/\/truusk.store\/sv\/produkt\/truusk-3-i-1-kattvagn-och-hundbuggy-hopfallbar-med-regnskydd-natventiler-kudde-forvaringskorg-for-hundar-och-katter-upp\/","url":"https:\/\/truusk.store\/sv\/produkt\/truusk-3-i-1-kattvagn-och-hundbuggy-hopfallbar-med-regnskydd-natventiler-kudde-forvaringskorg-for-hundar-och-katter-upp\/","name":"TRUUSK 3-i-1 Kattvagn och Hundbuggy - Hopf\u00e4llbar med Regnskydd - N\u00e4tventiler - Kudde - F\u00f6rvaringskorg - F\u00f6r Hundar och Katter upp - TRUUSK - Hem, Tr\u00e4dg\u00e5rd &amp; Fritid","isPartOf":{"@id":"https:\/\/truusk.store\/sv\/#website"},"primaryImageOfPage":{"@id":"https:\/\/truusk.store\/sv\/produkt\/truusk-3-i-1-kattvagn-och-hundbuggy-hopfallbar-med-regnskydd-natventiler-kudde-forvaringskorg-for-hundar-och-katter-upp\/#primaryimage"},"image":{"@id":"https:\/\/truusk.store\/sv\/produkt\/truusk-3-i-1-kattvagn-och-hundbuggy-hopfallbar-med-regnskydd-natventiler-kudde-forvaringskorg-for-hundar-och-katter-upp\/#primaryimage"},"thumbnailUrl":"https:\/\/i0.wp.com\/truusk.store\/wp-content\/uploads\/2025\/08\/aiyaplay-3-i-1-barnstaffli-med-pappersrulle-kritbrada-whiteboard-forvaringskorgar-54-x-465-x-93-cm-gron-1.webp?fit=2000%2C2000&ssl=1","datePublished":"2025-08-20T04:34:26+00:00","dateModified":"2026-03-12T08:31:28+00:00","breadcrumb":{"@id":"https:\/\/truusk.store\/sv\/produkt\/truusk-3-i-1-kattvagn-och-hundbuggy-hopfallbar-med-regnskydd-natventiler-kudde-forvaringskorg-for-hundar-och-katter-upp\/#breadcrumb"},"inLanguage":"sv-SE","potentialAction":[{"@type":"ReadAction","target":["https:\/\/truusk.store\/sv\/produkt\/truusk-3-i-1-kattvagn-och-hundbuggy-hopfallbar-med-regnskydd-natventiler-kudde-forvaringskorg-for-hundar-och-katter-upp\/"]}]},{"@type":"ImageObject","inLanguage":"sv-SE","@id":"https:\/\/truusk.store\/sv\/produkt\/truusk-3-i-1-kattvagn-och-hundbuggy-hopfallbar-med-regnskydd-natventiler-kudde-forvaringskorg-for-hundar-och-katter-upp\/#primaryimage","url":"https:\/\/i0.wp.com\/truusk.store\/wp-content\/uploads\/2025\/08\/aiyaplay-3-i-1-barnstaffli-med-pappersrulle-kritbrada-whiteboard-forvaringskorgar-54-x-465-x-93-cm-gron-1.webp?fit=2000%2C2000&ssl=1","contentUrl":"https:\/\/i0.wp.com\/truusk.store\/wp-content\/uploads\/2025\/08\/aiyaplay-3-i-1-barnstaffli-med-pappersrulle-kritbrada-whiteboard-forvaringskorgar-54-x-465-x-93-cm-gron-1.webp?fit=2000%2C2000&ssl=1","width":2000,"height":2000},{"@type":"BreadcrumbList","@id":"https:\/\/truusk.store\/sv\/produkt\/truusk-3-i-1-kattvagn-och-hundbuggy-hopfallbar-med-regnskydd-natventiler-kudde-forvaringskorg-for-hundar-och-katter-upp\/#breadcrumb","itemListElement":[{"@type":"ListItem","position":1,"name":"Home","item":"https:\/\/truusk.store\/sv\/"},{"@type":"ListItem","position":2,"name":"Shop","item":"https:\/\/truusk.store\/shop\/"},{"@type":"ListItem","position":3,"name":"TRUUSK 3-i-1 Kattvagn och Hundbuggy &#8211; Hopf\u00e4llbar med Regnskydd &#8211; N\u00e4tventiler &#8211; Kudde &#8211; F\u00f6rvaringskorg &#8211; F\u00f6r Hundar och Katter upp"}]},{"@type":"WebSite","@id":"https:\/\/truusk.store\/sv\/#website","url":"https:\/\/truusk.store\/sv\/","name":"TRUUSK - Hem, Tr\u00e4dg\u00e5rd & Fritid","description":"","publisher":{"@id":"https:\/\/truusk.store\/sv\/#organization"},"potentialAction":[{"@type":"SearchAction","target":{"@type":"EntryPoint","urlTemplate":"https:\/\/truusk.store\/sv\/?s={search_term_string}"},"query-input":{"@type":"PropertyValueSpecification","valueRequired":true,"valueName":"search_term_string"}}],"inLanguage":"sv-SE"},{"@type":"Organization","@id":"https:\/\/truusk.store\/sv\/#organization","name":"TRUUSK - Hem, Tr\u00e4dg\u00e5rd & Fritid","url":"https:\/\/truusk.store\/sv\/","logo":{"@type":"ImageObject","inLanguage":"sv-SE","@id":"https:\/\/truusk.store\/sv\/#\/schema\/logo\/image\/","url":"https:\/\/i0.wp.com\/truusk.store\/wp-content\/uploads\/2026\/03\/cropped-TRUUSK.png?fit=2032%2C917&ssl=1","contentUrl":"https:\/\/i0.wp.com\/truusk.store\/wp-content\/uploads\/2026\/03\/cropped-TRUUSK.png?fit=2032%2C917&ssl=1","width":2032,"height":917,"caption":"TRUUSK - Hem, Tr\u00e4dg\u00e5rd & Fritid"},"image":{"@id":"https:\/\/truusk.store\/sv\/#\/schema\/logo\/image\/"}}]}},"jetpack_sharing_enabled":true,"_links":{"self":[{"href":"https:\/\/truusk.store\/sv\/wp-json\/wp\/v2\/product\/86978","targetHints":{"allow":["GET"]}}],"collection":[{"href":"https:\/\/truusk.store\/sv\/wp-json\/wp\/v2\/product"}],"about":[{"href":"https:\/\/truusk.store\/sv\/wp-json\/wp\/v2\/types\/product"}],"wp:featuredmedia":[{"embeddable":true,"href":"https:\/\/truusk.store\/sv\/wp-json\/wp\/v2\/media\/86969"}],"wp:attachment":[{"href":"https:\/\/truusk.store\/sv\/wp-json\/wp\/v2\/media?parent=86978"}],"wp:term":[{"taxonomy":"product_brand","embeddable":true,"href":"https:\/\/truusk.store\/sv\/wp-json\/wp\/v2\/product_brand?post=86978"},{"taxonomy":"product_cat","embeddable":true,"href":"https:\/\/truusk.store\/sv\/wp-json\/wp\/v2\/product_cat?post=86978"},{"taxonomy":"product_tag","embeddable":true,"href":"https:\/\/truusk.store\/sv\/wp-json\/wp\/v2\/product_tag?post=86978"}],"curies":[{"name":"wp","href":"https:\/\/api.w.org\/{rel}","templated":true}]}}