{"id":86998,"date":"2025-08-20T05:36:21","date_gmt":"2025-08-20T04:36:21","guid":{"rendered":"https:\/\/truusk.store\/product\/kontorsstol-med-massagefunktion-ergonomisk-66x67x115-123cm-ljusbrun\/"},"modified":"2026-03-12T09:31:32","modified_gmt":"2026-03-12T08:31:32","slug":"truusk-kontorsstol-med-massagefunktion-ergonomisk-design-justerbar-hojd-mjukt-ljusbrunt-material-66x67x115-123cm","status":"publish","type":"product","link":"https:\/\/truusk.store\/sv\/produkt\/truusk-kontorsstol-med-massagefunktion-ergonomisk-design-justerbar-hojd-mjukt-ljusbrunt-material-66x67x115-123cm\/","title":{"rendered":"TRUUSK Kontorsstol Med Massagefunktion &#8211; Ergonomisk Design &#8211; Justerbar H\u00f6jd &#8211; Mjukt Ljusbrunt Material &#8211; 66x67x115-123cm"},"content":{"rendered":"<p>Om du arbetar hemifr\u00e5n eller tillbringar mycket tid p\u00e5 arbetsplatsen beh\u00f6ver du en bekv\u00e4m stol som klarar av l\u00e5nga sittningar. Denna TRUUSK skrivbordsstol uppfyller inte bara dessa krav, utan imponerar ocks\u00e5 med sin stoppning och lutningsfunktion. Den inbyggda massagefunktionen i kontorsstolen \u00e4r en av de m\u00e5nga detaljerna som g\u00f6r din vardag enklare. Komfort och funktionalitet \u00e4r grunden f\u00f6r en kvalitetsstol fr\u00e5n TRUUSK.<\/p>\n<p>Beskrivning:<\/p>\n<ul>\n<li> Modern, elegant och enkel datorstol. Ger en touch av modernitet till ditt kontor, sovrum eller vardagsrum<\/li>\n<li> Kontorsstol med massagefunktion (6 vibrationsmassagepunkter: 4 p\u00e5 ryggen, 2 p\u00e5 sittkudden)<\/li>\n<li> Massagefunktionen \u00e4r idealisk f\u00f6r optimal avkoppling av din kropp<\/li>\n<li> Sitt h\u00f6jden kan justeras fr\u00e5n 46 till 54 cm (med hydrauliskt spak)<\/li>\n<li> 360\u00b0 roterande skrivbordsstol, 5-stj\u00e4rnigt fotkors med 5 360\u00b0 roterande hjul. Utm\u00e4rkt r\u00f6rlighet<\/li>\n<li> Ryggst\u00f6det kan lutas fr\u00e5n 90\u00b0 till 155\u00b0, idealiskt f\u00f6r en paus<\/li>\n<li> Ficka f\u00f6r fj\u00e4rrkontroll<\/li>\n<li> Enkel, snabb montering (illustrerad monteringsanvisning ing\u00e5r)<\/li>\n<\/ul>\n<p> Tekniska data:<\/p>\n<ul>\n<li> F\u00e4rg: Brun<\/li>\n<li> Material: Konstl\u00e4der, skum, st\u00e5l<\/li>\n<li> Totala dimensioner: 66B x 67D x 115-123H cm<\/li>\n<li> M\u00e5tt i liggande position: 66B x 122D x 90H cm<\/li>\n<li> Sitsstorlek: 53B x 52D x 46-54H cm<\/li>\n<li> Armst\u00f6dsh\u00f6jd: 23 cm<\/li>\n<li> Ryggst\u00f6dsdimensioner: 74B x 52D x 66H cm<\/li>\n<li> Tjocklek p\u00e5 huvudst\u00f6d: 12 cm<\/li>\n<li> Fotst\u00f6dsstorlek: 22B x 34D cm<\/li>\n<li> Kabell\u00e4ngd: 1,2 m<\/li>\n<li> Max. Rekommenderad belastning: 120 kg<\/li>\n<li> Ing\u00e5ng: 100-240V, 50\/60Hz<\/li>\n<li> Utg\u00e5ng: 12V\/1A, 12W<\/li>\n<\/ul>\n<p>Leveransinneh\u00e5ll:<\/p>\n<ul>\n<li> 1 x Massagekontorsstol<\/li>\n<li> 1 x Monteringsanvisning<\/li>\n<\/ul>\n","protected":false},"excerpt":{"rendered":"<p>Om du arbetar hemifr\u00e5n eller tillbringar mycket tid p\u00e5 arbetsplatsen beh\u00f6ver du en bekv\u00e4m stol som klarar av l\u00e5nga sittningar&#8230;.<\/p>\n","protected":false},"featured_media":86989,"template":"","meta":[],"product_brand":[],"product_cat":[872,871,516],"product_tag":[],"class_list":{"0":"post-86998","1":"product","2":"type-product","3":"status-publish","4":"has-post-thumbnail","6":"product_cat-hemmakontor-arbetsplats","7":"product_cat-hus-hem","8":"product_cat-kontorsstolar","10":"first","11":"instock","12":"sale","13":"taxable","14":"shipping-taxable","15":"purchasable","16":"product-type-simple"},"yoast_head":"<!-- This site is optimized with the Yoast SEO plugin v25.4 - https:\/\/yoast.com\/wordpress\/plugins\/seo\/ -->\n<title>TRUUSK Kontorsstol Med Massagefunktion - Ergonomisk Design - Justerbar H\u00f6jd - Mjukt Ljusbrunt Material - 66x67x115-123cm - TRUUSK - Hem, Tr\u00e4dg\u00e5rd &amp; Fritid<\/title>\n<meta name=\"robots\" content=\"index, follow, max-snippet:-1, max-image-preview:large, max-video-preview:-1\" \/>\n<link rel=\"canonical\" href=\"https:\/\/truusk.store\/sv\/produkt\/truusk-kontorsstol-med-massagefunktion-ergonomisk-design-justerbar-hojd-mjukt-ljusbrunt-material-66x67x115-123cm\/\" \/>\n<meta property=\"og:locale\" content=\"sv_SE\" \/>\n<meta property=\"og:type\" content=\"article\" \/>\n<meta property=\"og:title\" content=\"TRUUSK Kontorsstol Med Massagefunktion - Ergonomisk Design - Justerbar H\u00f6jd - Mjukt Ljusbrunt Material - 66x67x115-123cm - TRUUSK - Hem, Tr\u00e4dg\u00e5rd &amp; Fritid\" \/>\n<meta property=\"og:description\" content=\"Om du arbetar hemifr\u00e5n eller tillbringar mycket tid p\u00e5 arbetsplatsen beh\u00f6ver du en bekv\u00e4m stol som klarar av l\u00e5nga sittningar....\" \/>\n<meta property=\"og:url\" content=\"https:\/\/truusk.store\/sv\/produkt\/truusk-kontorsstol-med-massagefunktion-ergonomisk-design-justerbar-hojd-mjukt-ljusbrunt-material-66x67x115-123cm\/\" \/>\n<meta property=\"og:site_name\" content=\"TRUUSK - Hem, Tr\u00e4dg\u00e5rd &amp; Fritid\" \/>\n<meta property=\"article:modified_time\" content=\"2026-03-12T08:31:32+00:00\" \/>\n<meta property=\"og:image\" content=\"https:\/\/i0.wp.com\/truusk.se\/wp-content\/uploads\/2025\/08\/kontorsstol-med-massagefunktion-ergonomisk-66x67x115-123cm-ljusbrun-1.webp?fit=2000%2C2000&ssl=1\" \/>\n\t<meta property=\"og:image:width\" content=\"2000\" \/>\n\t<meta property=\"og:image:height\" content=\"2000\" \/>\n\t<meta property=\"og:image:type\" content=\"image\/webp\" \/>\n<meta name=\"twitter:card\" content=\"summary_large_image\" \/>\n<meta name=\"twitter:label1\" content=\"Ber\u00e4knad l\u00e4stid\" \/>\n\t<meta name=\"twitter:data1\" content=\"1 minut\" \/>\n<!-- \/ Yoast SEO plugin. -->","yoast_head_json":{"title":"TRUUSK Kontorsstol Med Massagefunktion - Ergonomisk Design - Justerbar H\u00f6jd - Mjukt Ljusbrunt Material - 66x67x115-123cm - TRUUSK - Hem, Tr\u00e4dg\u00e5rd &amp; Fritid","robots":{"index":"index","follow":"follow","max-snippet":"max-snippet:-1","max-image-preview":"max-image-preview:large","max-video-preview":"max-video-preview:-1"},"canonical":"https:\/\/truusk.store\/sv\/produkt\/truusk-kontorsstol-med-massagefunktion-ergonomisk-design-justerbar-hojd-mjukt-ljusbrunt-material-66x67x115-123cm\/","og_locale":"sv_SE","og_type":"article","og_title":"TRUUSK Kontorsstol Med Massagefunktion - Ergonomisk Design - Justerbar H\u00f6jd - Mjukt Ljusbrunt Material - 66x67x115-123cm - TRUUSK - Hem, Tr\u00e4dg\u00e5rd &amp; Fritid","og_description":"Om du arbetar hemifr\u00e5n eller tillbringar mycket tid p\u00e5 arbetsplatsen beh\u00f6ver du en bekv\u00e4m stol som klarar av l\u00e5nga sittningar....","og_url":"https:\/\/truusk.store\/sv\/produkt\/truusk-kontorsstol-med-massagefunktion-ergonomisk-design-justerbar-hojd-mjukt-ljusbrunt-material-66x67x115-123cm\/","og_site_name":"TRUUSK - Hem, Tr\u00e4dg\u00e5rd &amp; Fritid","article_modified_time":"2026-03-12T08:31:32+00:00","og_image":[{"width":2000,"height":2000,"url":"https:\/\/i0.wp.com\/truusk.se\/wp-content\/uploads\/2025\/08\/kontorsstol-med-massagefunktion-ergonomisk-66x67x115-123cm-ljusbrun-1.webp?fit=2000%2C2000&ssl=1","type":"image\/webp"}],"twitter_card":"summary_large_image","twitter_misc":{"Ber\u00e4knad l\u00e4stid":"1 minut"},"schema":{"@context":"https:\/\/schema.org","@graph":[{"@type":"WebPage","@id":"https:\/\/truusk.store\/sv\/produkt\/truusk-kontorsstol-med-massagefunktion-ergonomisk-design-justerbar-hojd-mjukt-ljusbrunt-material-66x67x115-123cm\/","url":"https:\/\/truusk.store\/sv\/produkt\/truusk-kontorsstol-med-massagefunktion-ergonomisk-design-justerbar-hojd-mjukt-ljusbrunt-material-66x67x115-123cm\/","name":"TRUUSK Kontorsstol Med Massagefunktion - Ergonomisk Design - Justerbar H\u00f6jd - Mjukt Ljusbrunt Material - 66x67x115-123cm - TRUUSK - Hem, Tr\u00e4dg\u00e5rd &amp; Fritid","isPartOf":{"@id":"https:\/\/truusk.store\/sv\/#website"},"primaryImageOfPage":{"@id":"https:\/\/truusk.store\/sv\/produkt\/truusk-kontorsstol-med-massagefunktion-ergonomisk-design-justerbar-hojd-mjukt-ljusbrunt-material-66x67x115-123cm\/#primaryimage"},"image":{"@id":"https:\/\/truusk.store\/sv\/produkt\/truusk-kontorsstol-med-massagefunktion-ergonomisk-design-justerbar-hojd-mjukt-ljusbrunt-material-66x67x115-123cm\/#primaryimage"},"thumbnailUrl":"https:\/\/i0.wp.com\/truusk.store\/wp-content\/uploads\/2025\/08\/kontorsstol-med-massagefunktion-ergonomisk-66x67x115-123cm-ljusbrun-1.webp?fit=2000%2C2000&ssl=1","datePublished":"2025-08-20T04:36:21+00:00","dateModified":"2026-03-12T08:31:32+00:00","breadcrumb":{"@id":"https:\/\/truusk.store\/sv\/produkt\/truusk-kontorsstol-med-massagefunktion-ergonomisk-design-justerbar-hojd-mjukt-ljusbrunt-material-66x67x115-123cm\/#breadcrumb"},"inLanguage":"sv-SE","potentialAction":[{"@type":"ReadAction","target":["https:\/\/truusk.store\/sv\/produkt\/truusk-kontorsstol-med-massagefunktion-ergonomisk-design-justerbar-hojd-mjukt-ljusbrunt-material-66x67x115-123cm\/"]}]},{"@type":"ImageObject","inLanguage":"sv-SE","@id":"https:\/\/truusk.store\/sv\/produkt\/truusk-kontorsstol-med-massagefunktion-ergonomisk-design-justerbar-hojd-mjukt-ljusbrunt-material-66x67x115-123cm\/#primaryimage","url":"https:\/\/i0.wp.com\/truusk.store\/wp-content\/uploads\/2025\/08\/kontorsstol-med-massagefunktion-ergonomisk-66x67x115-123cm-ljusbrun-1.webp?fit=2000%2C2000&ssl=1","contentUrl":"https:\/\/i0.wp.com\/truusk.store\/wp-content\/uploads\/2025\/08\/kontorsstol-med-massagefunktion-ergonomisk-66x67x115-123cm-ljusbrun-1.webp?fit=2000%2C2000&ssl=1","width":2000,"height":2000},{"@type":"BreadcrumbList","@id":"https:\/\/truusk.store\/sv\/produkt\/truusk-kontorsstol-med-massagefunktion-ergonomisk-design-justerbar-hojd-mjukt-ljusbrunt-material-66x67x115-123cm\/#breadcrumb","itemListElement":[{"@type":"ListItem","position":1,"name":"Home","item":"https:\/\/truusk.store\/sv\/"},{"@type":"ListItem","position":2,"name":"Shop","item":"https:\/\/truusk.store\/shop\/"},{"@type":"ListItem","position":3,"name":"TRUUSK Kontorsstol Med Massagefunktion &#8211; Ergonomisk Design &#8211; Justerbar H\u00f6jd &#8211; Mjukt Ljusbrunt Material &#8211; 66x67x115-123cm"}]},{"@type":"WebSite","@id":"https:\/\/truusk.store\/sv\/#website","url":"https:\/\/truusk.store\/sv\/","name":"TRUUSK - Hem, Tr\u00e4dg\u00e5rd & Fritid","description":"","publisher":{"@id":"https:\/\/truusk.store\/sv\/#organization"},"potentialAction":[{"@type":"SearchAction","target":{"@type":"EntryPoint","urlTemplate":"https:\/\/truusk.store\/sv\/?s={search_term_string}"},"query-input":{"@type":"PropertyValueSpecification","valueRequired":true,"valueName":"search_term_string"}}],"inLanguage":"sv-SE"},{"@type":"Organization","@id":"https:\/\/truusk.store\/sv\/#organization","name":"TRUUSK - Hem, Tr\u00e4dg\u00e5rd & Fritid","url":"https:\/\/truusk.store\/sv\/","logo":{"@type":"ImageObject","inLanguage":"sv-SE","@id":"https:\/\/truusk.store\/sv\/#\/schema\/logo\/image\/","url":"https:\/\/i0.wp.com\/truusk.store\/wp-content\/uploads\/2026\/03\/cropped-TRUUSK.png?fit=2032%2C917&ssl=1","contentUrl":"https:\/\/i0.wp.com\/truusk.store\/wp-content\/uploads\/2026\/03\/cropped-TRUUSK.png?fit=2032%2C917&ssl=1","width":2032,"height":917,"caption":"TRUUSK - Hem, Tr\u00e4dg\u00e5rd & Fritid"},"image":{"@id":"https:\/\/truusk.store\/sv\/#\/schema\/logo\/image\/"}}]}},"jetpack_sharing_enabled":true,"_links":{"self":[{"href":"https:\/\/truusk.store\/sv\/wp-json\/wp\/v2\/product\/86998","targetHints":{"allow":["GET"]}}],"collection":[{"href":"https:\/\/truusk.store\/sv\/wp-json\/wp\/v2\/product"}],"about":[{"href":"https:\/\/truusk.store\/sv\/wp-json\/wp\/v2\/types\/product"}],"wp:featuredmedia":[{"embeddable":true,"href":"https:\/\/truusk.store\/sv\/wp-json\/wp\/v2\/media\/86989"}],"wp:attachment":[{"href":"https:\/\/truusk.store\/sv\/wp-json\/wp\/v2\/media?parent=86998"}],"wp:term":[{"taxonomy":"product_brand","embeddable":true,"href":"https:\/\/truusk.store\/sv\/wp-json\/wp\/v2\/product_brand?post=86998"},{"taxonomy":"product_cat","embeddable":true,"href":"https:\/\/truusk.store\/sv\/wp-json\/wp\/v2\/product_cat?post=86998"},{"taxonomy":"product_tag","embeddable":true,"href":"https:\/\/truusk.store\/sv\/wp-json\/wp\/v2\/product_tag?post=86998"}],"curies":[{"name":"wp","href":"https:\/\/api.w.org\/{rel}","templated":true}]}}