{"id":87008,"date":"2025-08-20T05:37:51","date_gmt":"2025-08-20T04:37:51","guid":{"rendered":"https:\/\/truusk.store\/product\/elektrisk-barnmotorcykel-honda-3-km-h-ljudeffekter-for-18-36-manader-rod\/"},"modified":"2026-03-12T09:32:24","modified_gmt":"2026-03-12T08:32:24","slug":"truusk-elektrisk-barnmotorcykel-honda-3-km-h-ljudeffekter-for-18-36-manader-rod","status":"publish","type":"product","link":"https:\/\/truusk.store\/sv\/produkt\/truusk-elektrisk-barnmotorcykel-honda-3-km-h-ljudeffekter-for-18-36-manader-rod\/","title":{"rendered":"TRUUSK Elektrisk Barnmotorcykel Honda &#8211; 3 Km\/h &#8211; Ljudeffekter &#8211; F\u00f6r 18-36 M\u00e5nader &#8211; R\u00f6d"},"content":{"rendered":"<p>O\u00e4ndlig chopper-kul med TRUUSK Elektrisk Barnmotorcykel! Oavsett om det \u00e4r mjuk glidning p\u00e5 asfalt, snabb k\u00f6rning p\u00e5 kullersten eller korsning av betongv\u00e4gar &#8211; denna elektriska motorcykel lovar sp\u00e4nnande \u00e4ventyr under kvalitetsst\u00e4mpeln fr\u00e5n Honda. Med autentiska startljud och horn k\u00e4nner varje barn sig som en riktig biker. S\u00e4ker, h\u00f6gkvalitativ k\u00f6rning som skapar of\u00f6rgl\u00f6mliga minnen.<\/p>\n<p>Beskrivning:<\/p>\n<ul>\n<li> Officiellt licensierad Honda CRF450RL elektrisk barnmotorcykel f\u00f6r autentisk k\u00f6rning<\/li>\n<li> Med horn och startljud som g\u00f6r k\u00f6rupplevelsen realistisk<\/li>\n<li> Garanterar en mjuk \u00e5ktur p\u00e5 asfalt, betongplattor och cement<\/li>\n<li> Breda, strukturerade d\u00e4ck p\u00e5 barnets elektriska motorcykel ger en stabil och lugn \u00e5ktur<\/li>\n<li> Erbjuder upp till en timmes k\u00f6rning vid en hastighet av 3 km\/h<\/li>\n<li> Montering kr\u00e4vs<\/li>\n<\/ul>\n<p>Tekniska data:<\/p>\n<ul>\n<li> F\u00e4rg: R\u00f6d+Svart<\/li>\n<li> Material: Plast, Metall<\/li>\n<li> M\u00e5tt: 71L x 40,5B x 43,5H cm.<\/li>\n<li> Sits: (Fr\u00e5n golvet) 11,5B x 26T x 31H cm<\/li>\n<li> Laddningstid: (F\u00f6rsta g\u00e5ngen)6-8 timmar, (Regelbundet)8-12 timmar<\/li>\n<li> Batteri: 6V 4AH<\/li>\n<li> Drifttid: 1 timme<\/li>\n<li> Hastighet: 3 km\/h<\/li>\n<li> Hjul: \u03a621,5 cm<\/li>\n<li> B\u00e4rkapacitet: 25 kg<\/li>\n<li> Kvalifikation\/rekommenderad \u00e5lder: 18-36 m\u00e5nader<\/li>\n<li> Notera: \u00d6vervaka alltid dina barn n\u00e4r de k\u00f6r.<\/li>\n<\/ul>\n<p>Leveransinneh\u00e5ll:<\/p>\n<ul>\n<li> 1 x Elektrisk Ride-On Motorcykel<\/li>\n<li> 1 x Bruksanvisning<\/li>\n<\/ul>\n","protected":false},"excerpt":{"rendered":"<p>O\u00e4ndlig chopper-kul med TRUUSK Elektrisk Barnmotorcykel! Oavsett om det \u00e4r mjuk glidning p\u00e5 asfalt, snabb k\u00f6rning p\u00e5 kullersten eller korsning&#8230;<\/p>\n","protected":false},"featured_media":86999,"template":"","meta":[],"product_brand":[],"product_cat":[880,610,1071],"product_tag":[],"class_list":{"0":"post-87008","1":"product","2":"type-product","3":"status-publish","4":"has-post-thumbnail","6":"product_cat-baby-barn-2","7":"product_cat-barnfordon","8":"product_cat-barns-eldrivna-motorcyklar","10":"first","11":"instock","12":"sale","13":"taxable","14":"shipping-taxable","15":"purchasable","16":"product-type-simple"},"yoast_head":"<!-- This site is optimized with the Yoast SEO plugin v25.4 - https:\/\/yoast.com\/wordpress\/plugins\/seo\/ -->\n<title>TRUUSK Elektrisk Barnmotorcykel Honda - 3 Km\/h - Ljudeffekter - F\u00f6r 18-36 M\u00e5nader - R\u00f6d - TRUUSK - Hem, Tr\u00e4dg\u00e5rd &amp; Fritid<\/title>\n<meta name=\"robots\" content=\"index, follow, max-snippet:-1, max-image-preview:large, max-video-preview:-1\" \/>\n<link rel=\"canonical\" href=\"https:\/\/truusk.store\/sv\/produkt\/truusk-elektrisk-barnmotorcykel-honda-3-km-h-ljudeffekter-for-18-36-manader-rod\/\" \/>\n<meta property=\"og:locale\" content=\"sv_SE\" \/>\n<meta property=\"og:type\" content=\"article\" \/>\n<meta property=\"og:title\" content=\"TRUUSK Elektrisk Barnmotorcykel Honda - 3 Km\/h - Ljudeffekter - F\u00f6r 18-36 M\u00e5nader - R\u00f6d - TRUUSK - Hem, Tr\u00e4dg\u00e5rd &amp; Fritid\" \/>\n<meta property=\"og:description\" content=\"O\u00e4ndlig chopper-kul med TRUUSK Elektrisk Barnmotorcykel! Oavsett om det \u00e4r mjuk glidning p\u00e5 asfalt, snabb k\u00f6rning p\u00e5 kullersten eller korsning...\" \/>\n<meta property=\"og:url\" content=\"https:\/\/truusk.store\/sv\/produkt\/truusk-elektrisk-barnmotorcykel-honda-3-km-h-ljudeffekter-for-18-36-manader-rod\/\" \/>\n<meta property=\"og:site_name\" content=\"TRUUSK - Hem, Tr\u00e4dg\u00e5rd &amp; Fritid\" \/>\n<meta property=\"article:modified_time\" content=\"2026-03-12T08:32:24+00:00\" \/>\n<meta property=\"og:image\" content=\"https:\/\/i0.wp.com\/truusk.se\/wp-content\/uploads\/2025\/08\/elektrisk-barnmotorcykel-honda-3-km-h-ljudeffekter-for-18-36-manader-rod-1.webp?fit=2000%2C2000&ssl=1\" \/>\n\t<meta property=\"og:image:width\" content=\"2000\" \/>\n\t<meta property=\"og:image:height\" content=\"2000\" \/>\n\t<meta property=\"og:image:type\" content=\"image\/webp\" \/>\n<meta name=\"twitter:card\" content=\"summary_large_image\" \/>\n<meta name=\"twitter:label1\" content=\"Ber\u00e4knad l\u00e4stid\" \/>\n\t<meta name=\"twitter:data1\" content=\"1 minut\" \/>\n<!-- \/ Yoast SEO plugin. -->","yoast_head_json":{"title":"TRUUSK Elektrisk Barnmotorcykel Honda - 3 Km\/h - Ljudeffekter - F\u00f6r 18-36 M\u00e5nader - R\u00f6d - TRUUSK - Hem, Tr\u00e4dg\u00e5rd &amp; Fritid","robots":{"index":"index","follow":"follow","max-snippet":"max-snippet:-1","max-image-preview":"max-image-preview:large","max-video-preview":"max-video-preview:-1"},"canonical":"https:\/\/truusk.store\/sv\/produkt\/truusk-elektrisk-barnmotorcykel-honda-3-km-h-ljudeffekter-for-18-36-manader-rod\/","og_locale":"sv_SE","og_type":"article","og_title":"TRUUSK Elektrisk Barnmotorcykel Honda - 3 Km\/h - Ljudeffekter - F\u00f6r 18-36 M\u00e5nader - R\u00f6d - TRUUSK - Hem, Tr\u00e4dg\u00e5rd &amp; Fritid","og_description":"O\u00e4ndlig chopper-kul med TRUUSK Elektrisk Barnmotorcykel! Oavsett om det \u00e4r mjuk glidning p\u00e5 asfalt, snabb k\u00f6rning p\u00e5 kullersten eller korsning...","og_url":"https:\/\/truusk.store\/sv\/produkt\/truusk-elektrisk-barnmotorcykel-honda-3-km-h-ljudeffekter-for-18-36-manader-rod\/","og_site_name":"TRUUSK - Hem, Tr\u00e4dg\u00e5rd &amp; Fritid","article_modified_time":"2026-03-12T08:32:24+00:00","og_image":[{"width":2000,"height":2000,"url":"https:\/\/i0.wp.com\/truusk.se\/wp-content\/uploads\/2025\/08\/elektrisk-barnmotorcykel-honda-3-km-h-ljudeffekter-for-18-36-manader-rod-1.webp?fit=2000%2C2000&ssl=1","type":"image\/webp"}],"twitter_card":"summary_large_image","twitter_misc":{"Ber\u00e4knad l\u00e4stid":"1 minut"},"schema":{"@context":"https:\/\/schema.org","@graph":[{"@type":"WebPage","@id":"https:\/\/truusk.store\/sv\/produkt\/truusk-elektrisk-barnmotorcykel-honda-3-km-h-ljudeffekter-for-18-36-manader-rod\/","url":"https:\/\/truusk.store\/sv\/produkt\/truusk-elektrisk-barnmotorcykel-honda-3-km-h-ljudeffekter-for-18-36-manader-rod\/","name":"TRUUSK Elektrisk Barnmotorcykel Honda - 3 Km\/h - Ljudeffekter - F\u00f6r 18-36 M\u00e5nader - R\u00f6d - TRUUSK - Hem, Tr\u00e4dg\u00e5rd &amp; Fritid","isPartOf":{"@id":"https:\/\/truusk.store\/sv\/#website"},"primaryImageOfPage":{"@id":"https:\/\/truusk.store\/sv\/produkt\/truusk-elektrisk-barnmotorcykel-honda-3-km-h-ljudeffekter-for-18-36-manader-rod\/#primaryimage"},"image":{"@id":"https:\/\/truusk.store\/sv\/produkt\/truusk-elektrisk-barnmotorcykel-honda-3-km-h-ljudeffekter-for-18-36-manader-rod\/#primaryimage"},"thumbnailUrl":"https:\/\/i0.wp.com\/truusk.store\/wp-content\/uploads\/2025\/08\/elektrisk-barnmotorcykel-honda-3-km-h-ljudeffekter-for-18-36-manader-rod-1.webp?fit=2000%2C2000&ssl=1","datePublished":"2025-08-20T04:37:51+00:00","dateModified":"2026-03-12T08:32:24+00:00","breadcrumb":{"@id":"https:\/\/truusk.store\/sv\/produkt\/truusk-elektrisk-barnmotorcykel-honda-3-km-h-ljudeffekter-for-18-36-manader-rod\/#breadcrumb"},"inLanguage":"sv-SE","potentialAction":[{"@type":"ReadAction","target":["https:\/\/truusk.store\/sv\/produkt\/truusk-elektrisk-barnmotorcykel-honda-3-km-h-ljudeffekter-for-18-36-manader-rod\/"]}]},{"@type":"ImageObject","inLanguage":"sv-SE","@id":"https:\/\/truusk.store\/sv\/produkt\/truusk-elektrisk-barnmotorcykel-honda-3-km-h-ljudeffekter-for-18-36-manader-rod\/#primaryimage","url":"https:\/\/i0.wp.com\/truusk.store\/wp-content\/uploads\/2025\/08\/elektrisk-barnmotorcykel-honda-3-km-h-ljudeffekter-for-18-36-manader-rod-1.webp?fit=2000%2C2000&ssl=1","contentUrl":"https:\/\/i0.wp.com\/truusk.store\/wp-content\/uploads\/2025\/08\/elektrisk-barnmotorcykel-honda-3-km-h-ljudeffekter-for-18-36-manader-rod-1.webp?fit=2000%2C2000&ssl=1","width":2000,"height":2000},{"@type":"BreadcrumbList","@id":"https:\/\/truusk.store\/sv\/produkt\/truusk-elektrisk-barnmotorcykel-honda-3-km-h-ljudeffekter-for-18-36-manader-rod\/#breadcrumb","itemListElement":[{"@type":"ListItem","position":1,"name":"Home","item":"https:\/\/truusk.store\/sv\/"},{"@type":"ListItem","position":2,"name":"Shop","item":"https:\/\/truusk.store\/shop\/"},{"@type":"ListItem","position":3,"name":"TRUUSK Elektrisk Barnmotorcykel Honda &#8211; 3 Km\/h &#8211; Ljudeffekter &#8211; F\u00f6r 18-36 M\u00e5nader &#8211; R\u00f6d"}]},{"@type":"WebSite","@id":"https:\/\/truusk.store\/sv\/#website","url":"https:\/\/truusk.store\/sv\/","name":"TRUUSK - Hem, Tr\u00e4dg\u00e5rd & Fritid","description":"","publisher":{"@id":"https:\/\/truusk.store\/sv\/#organization"},"potentialAction":[{"@type":"SearchAction","target":{"@type":"EntryPoint","urlTemplate":"https:\/\/truusk.store\/sv\/?s={search_term_string}"},"query-input":{"@type":"PropertyValueSpecification","valueRequired":true,"valueName":"search_term_string"}}],"inLanguage":"sv-SE"},{"@type":"Organization","@id":"https:\/\/truusk.store\/sv\/#organization","name":"TRUUSK - Hem, Tr\u00e4dg\u00e5rd & Fritid","url":"https:\/\/truusk.store\/sv\/","logo":{"@type":"ImageObject","inLanguage":"sv-SE","@id":"https:\/\/truusk.store\/sv\/#\/schema\/logo\/image\/","url":"https:\/\/i0.wp.com\/truusk.store\/wp-content\/uploads\/2026\/03\/cropped-TRUUSK.png?fit=2032%2C917&ssl=1","contentUrl":"https:\/\/i0.wp.com\/truusk.store\/wp-content\/uploads\/2026\/03\/cropped-TRUUSK.png?fit=2032%2C917&ssl=1","width":2032,"height":917,"caption":"TRUUSK - Hem, Tr\u00e4dg\u00e5rd & Fritid"},"image":{"@id":"https:\/\/truusk.store\/sv\/#\/schema\/logo\/image\/"}}]}},"jetpack_sharing_enabled":true,"_links":{"self":[{"href":"https:\/\/truusk.store\/sv\/wp-json\/wp\/v2\/product\/87008","targetHints":{"allow":["GET"]}}],"collection":[{"href":"https:\/\/truusk.store\/sv\/wp-json\/wp\/v2\/product"}],"about":[{"href":"https:\/\/truusk.store\/sv\/wp-json\/wp\/v2\/types\/product"}],"wp:featuredmedia":[{"embeddable":true,"href":"https:\/\/truusk.store\/sv\/wp-json\/wp\/v2\/media\/86999"}],"wp:attachment":[{"href":"https:\/\/truusk.store\/sv\/wp-json\/wp\/v2\/media?parent=87008"}],"wp:term":[{"taxonomy":"product_brand","embeddable":true,"href":"https:\/\/truusk.store\/sv\/wp-json\/wp\/v2\/product_brand?post=87008"},{"taxonomy":"product_cat","embeddable":true,"href":"https:\/\/truusk.store\/sv\/wp-json\/wp\/v2\/product_cat?post=87008"},{"taxonomy":"product_tag","embeddable":true,"href":"https:\/\/truusk.store\/sv\/wp-json\/wp\/v2\/product_tag?post=87008"}],"curies":[{"name":"wp","href":"https:\/\/api.w.org\/{rel}","templated":true}]}}