{"id":87028,"date":"2025-08-20T05:39:29","date_gmt":"2025-08-20T04:39:29","guid":{"rendered":"https:\/\/truusk.store\/product\/soffa-sang-6-stegs-justerbar-ryggstod-linneutseende-upp-till-120-kg-kram\/"},"modified":"2026-03-12T09:33:20","modified_gmt":"2026-03-12T08:33:20","slug":"truusk-soffa-sang-6-stegs-justerbar-ryggstod-linneutseende-upp-till-120-kg-kram","status":"publish","type":"product","link":"https:\/\/truusk.store\/sv\/produkt\/truusk-soffa-sang-6-stegs-justerbar-ryggstod-linneutseende-upp-till-120-kg-kram\/","title":{"rendered":"TRUUSK Soffa-s\u00e4ng &#8211; 6-stegs justerbar ryggst\u00f6d &#8211; Linneutseende &#8211; Upp till 120 kg &#8211; Kr\u00e4m"},"content":{"rendered":"<p>Uppt\u00e4ck denna TRUUSK b\u00e4ddsoffa med sovfunktion. Denna eleganta soffa med sovfunktion kombinerar stil och funktionalitet p\u00e5 ett imponerande s\u00e4tt. Njut av avkopplande timmar, ta en tupplur eller titta p\u00e5 en film medan du bekv\u00e4mt lutar dig tillbaka. Med sin kompakta design \u00e4r denna b\u00e4ddsoffa idealisk f\u00f6r sm\u00e5 utrymmen och kan vid behov omvandlas till en praktisk g\u00e4sts\u00e4ng d\u00e4r dina g\u00e4ster kan g\u00f6ra det bekv\u00e4mt f\u00f6r sig.<\/p>\n<p>Beskrivning:<\/p>\n<ul>\n<li> Kan anv\u00e4ndas som relaxstol, liggstol och g\u00e4sts\u00e4ng f\u00f6r \u00f6vernattningar<\/li>\n<li> 6-stegs justerbar ryggst\u00f6d f\u00f6r s\u00e4ngstolen: 100\u00b0, 115\u00b0, 125\u00b0, 140\u00b0, 160\u00b0, 180\u00b0<\/li>\n<li> Andningsbart linne-look \u00f6verdrag \u00e4r rynkfritt och slitstarkt<\/li>\n<li> Extra kudde och vadderad sits p\u00e5 b\u00e4ddsoffan f\u00f6r maximal komfort<\/li>\n<li> Knapph\u00e4ftning och dekorerade sidokanter p\u00e5 soffs\u00e4ngen ger en elegant touch<\/li>\n<li> Metallram f\u00f6r stabilitet och h\u00e5llbarhet<\/li>\n<li> Enkel montering kr\u00e4vs<\/li>\n<\/ul>\n<p> Tekniska data:<\/p>\n<ul>\n<li> F\u00e4rg: Kr\u00e4mvit<\/li>\n<li> Material: Linneimitation (100 % polyester), skum, metall, gummitr\u00e4<\/li>\n<li> M\u00e5tt soffa: 72L x 78B x 79H cm<\/li>\n<li> M\u00e5tt s\u00e4ng: 72L x 190B x 25H cm<\/li>\n<li> Sitsstorlek: 72B x 62T cm<\/li>\n<li> Tjocklek p\u00e5 sitsen: 11 cm<\/li>\n<li> Storlek ryggst\u00f6d: 72B x 41H cm<\/li>\n<li> Kuddstorlek: 60B x 34T cm<\/li>\n<li> B\u00e4rkapacitet: 120 kg<\/li>\n<\/ul>\n<p>Leveransinneh\u00e5ll:<\/p>\n<ul>\n<li> 1 x B\u00e4ddsoffa<\/li>\n<li> 1 x Kudde<\/li>\n<li> 1 x Instruktioner<\/li>\n<\/ul>\n","protected":false},"excerpt":{"rendered":"<p>Uppt\u00e4ck denna TRUUSK b\u00e4ddsoffa med sovfunktion. Denna eleganta soffa med sovfunktion kombinerar stil och funktionalitet p\u00e5 ett imponerande s\u00e4tt. Njut&#8230;<\/p>\n","protected":false},"featured_media":87019,"template":"","meta":[],"product_brand":[],"product_cat":[521,871,951,910],"product_tag":[],"class_list":{"0":"post-87028","1":"product","2":"type-product","3":"status-publish","4":"has-post-thumbnail","6":"product_cat-fatolj","7":"product_cat-hus-hem","8":"product_cat-schlafsessel","9":"product_cat-vardagsrum","11":"first","12":"instock","13":"sale","14":"taxable","15":"shipping-taxable","16":"purchasable","17":"product-type-simple"},"yoast_head":"<!-- This site is optimized with the Yoast SEO plugin v25.4 - https:\/\/yoast.com\/wordpress\/plugins\/seo\/ -->\n<title>TRUUSK Soffa-s\u00e4ng - 6-stegs justerbar ryggst\u00f6d - Linneutseende - Upp till 120 kg - Kr\u00e4m - TRUUSK - Hem, Tr\u00e4dg\u00e5rd &amp; Fritid<\/title>\n<meta name=\"robots\" content=\"index, follow, max-snippet:-1, max-image-preview:large, max-video-preview:-1\" \/>\n<link rel=\"canonical\" href=\"https:\/\/truusk.store\/sv\/produkt\/truusk-soffa-sang-6-stegs-justerbar-ryggstod-linneutseende-upp-till-120-kg-kram\/\" \/>\n<meta property=\"og:locale\" content=\"sv_SE\" \/>\n<meta property=\"og:type\" content=\"article\" \/>\n<meta property=\"og:title\" content=\"TRUUSK Soffa-s\u00e4ng - 6-stegs justerbar ryggst\u00f6d - Linneutseende - Upp till 120 kg - Kr\u00e4m - TRUUSK - Hem, Tr\u00e4dg\u00e5rd &amp; Fritid\" \/>\n<meta property=\"og:description\" content=\"Uppt\u00e4ck denna TRUUSK b\u00e4ddsoffa med sovfunktion. Denna eleganta soffa med sovfunktion kombinerar stil och funktionalitet p\u00e5 ett imponerande s\u00e4tt. Njut...\" \/>\n<meta property=\"og:url\" content=\"https:\/\/truusk.store\/sv\/produkt\/truusk-soffa-sang-6-stegs-justerbar-ryggstod-linneutseende-upp-till-120-kg-kram\/\" \/>\n<meta property=\"og:site_name\" content=\"TRUUSK - Hem, Tr\u00e4dg\u00e5rd &amp; Fritid\" \/>\n<meta property=\"article:modified_time\" content=\"2026-03-12T08:33:20+00:00\" \/>\n<meta property=\"og:image\" content=\"https:\/\/i0.wp.com\/truusk.se\/wp-content\/uploads\/2025\/08\/soffa-sang-6-stegs-justerbar-ryggstod-linneutseende-upp-till-120-kg-kram-1.webp?fit=2000%2C2000&ssl=1\" \/>\n\t<meta property=\"og:image:width\" content=\"2000\" \/>\n\t<meta property=\"og:image:height\" content=\"2000\" \/>\n\t<meta property=\"og:image:type\" content=\"image\/webp\" \/>\n<meta name=\"twitter:card\" content=\"summary_large_image\" \/>\n<meta name=\"twitter:label1\" content=\"Ber\u00e4knad l\u00e4stid\" \/>\n\t<meta name=\"twitter:data1\" content=\"1 minut\" \/>\n<!-- \/ Yoast SEO plugin. -->","yoast_head_json":{"title":"TRUUSK Soffa-s\u00e4ng - 6-stegs justerbar ryggst\u00f6d - Linneutseende - Upp till 120 kg - Kr\u00e4m - TRUUSK - Hem, Tr\u00e4dg\u00e5rd &amp; Fritid","robots":{"index":"index","follow":"follow","max-snippet":"max-snippet:-1","max-image-preview":"max-image-preview:large","max-video-preview":"max-video-preview:-1"},"canonical":"https:\/\/truusk.store\/sv\/produkt\/truusk-soffa-sang-6-stegs-justerbar-ryggstod-linneutseende-upp-till-120-kg-kram\/","og_locale":"sv_SE","og_type":"article","og_title":"TRUUSK Soffa-s\u00e4ng - 6-stegs justerbar ryggst\u00f6d - Linneutseende - Upp till 120 kg - Kr\u00e4m - TRUUSK - Hem, Tr\u00e4dg\u00e5rd &amp; Fritid","og_description":"Uppt\u00e4ck denna TRUUSK b\u00e4ddsoffa med sovfunktion. Denna eleganta soffa med sovfunktion kombinerar stil och funktionalitet p\u00e5 ett imponerande s\u00e4tt. Njut...","og_url":"https:\/\/truusk.store\/sv\/produkt\/truusk-soffa-sang-6-stegs-justerbar-ryggstod-linneutseende-upp-till-120-kg-kram\/","og_site_name":"TRUUSK - Hem, Tr\u00e4dg\u00e5rd &amp; Fritid","article_modified_time":"2026-03-12T08:33:20+00:00","og_image":[{"width":2000,"height":2000,"url":"https:\/\/i0.wp.com\/truusk.se\/wp-content\/uploads\/2025\/08\/soffa-sang-6-stegs-justerbar-ryggstod-linneutseende-upp-till-120-kg-kram-1.webp?fit=2000%2C2000&ssl=1","type":"image\/webp"}],"twitter_card":"summary_large_image","twitter_misc":{"Ber\u00e4knad l\u00e4stid":"1 minut"},"schema":{"@context":"https:\/\/schema.org","@graph":[{"@type":"WebPage","@id":"https:\/\/truusk.store\/sv\/produkt\/truusk-soffa-sang-6-stegs-justerbar-ryggstod-linneutseende-upp-till-120-kg-kram\/","url":"https:\/\/truusk.store\/sv\/produkt\/truusk-soffa-sang-6-stegs-justerbar-ryggstod-linneutseende-upp-till-120-kg-kram\/","name":"TRUUSK Soffa-s\u00e4ng - 6-stegs justerbar ryggst\u00f6d - Linneutseende - Upp till 120 kg - Kr\u00e4m - TRUUSK - Hem, Tr\u00e4dg\u00e5rd &amp; Fritid","isPartOf":{"@id":"https:\/\/truusk.store\/sv\/#website"},"primaryImageOfPage":{"@id":"https:\/\/truusk.store\/sv\/produkt\/truusk-soffa-sang-6-stegs-justerbar-ryggstod-linneutseende-upp-till-120-kg-kram\/#primaryimage"},"image":{"@id":"https:\/\/truusk.store\/sv\/produkt\/truusk-soffa-sang-6-stegs-justerbar-ryggstod-linneutseende-upp-till-120-kg-kram\/#primaryimage"},"thumbnailUrl":"https:\/\/i0.wp.com\/truusk.store\/wp-content\/uploads\/2025\/08\/soffa-sang-6-stegs-justerbar-ryggstod-linneutseende-upp-till-120-kg-kram-1.webp?fit=2000%2C2000&ssl=1","datePublished":"2025-08-20T04:39:29+00:00","dateModified":"2026-03-12T08:33:20+00:00","breadcrumb":{"@id":"https:\/\/truusk.store\/sv\/produkt\/truusk-soffa-sang-6-stegs-justerbar-ryggstod-linneutseende-upp-till-120-kg-kram\/#breadcrumb"},"inLanguage":"sv-SE","potentialAction":[{"@type":"ReadAction","target":["https:\/\/truusk.store\/sv\/produkt\/truusk-soffa-sang-6-stegs-justerbar-ryggstod-linneutseende-upp-till-120-kg-kram\/"]}]},{"@type":"ImageObject","inLanguage":"sv-SE","@id":"https:\/\/truusk.store\/sv\/produkt\/truusk-soffa-sang-6-stegs-justerbar-ryggstod-linneutseende-upp-till-120-kg-kram\/#primaryimage","url":"https:\/\/i0.wp.com\/truusk.store\/wp-content\/uploads\/2025\/08\/soffa-sang-6-stegs-justerbar-ryggstod-linneutseende-upp-till-120-kg-kram-1.webp?fit=2000%2C2000&ssl=1","contentUrl":"https:\/\/i0.wp.com\/truusk.store\/wp-content\/uploads\/2025\/08\/soffa-sang-6-stegs-justerbar-ryggstod-linneutseende-upp-till-120-kg-kram-1.webp?fit=2000%2C2000&ssl=1","width":2000,"height":2000},{"@type":"BreadcrumbList","@id":"https:\/\/truusk.store\/sv\/produkt\/truusk-soffa-sang-6-stegs-justerbar-ryggstod-linneutseende-upp-till-120-kg-kram\/#breadcrumb","itemListElement":[{"@type":"ListItem","position":1,"name":"Home","item":"https:\/\/truusk.store\/sv\/"},{"@type":"ListItem","position":2,"name":"Shop","item":"https:\/\/truusk.store\/shop\/"},{"@type":"ListItem","position":3,"name":"TRUUSK Soffa-s\u00e4ng &#8211; 6-stegs justerbar ryggst\u00f6d &#8211; Linneutseende &#8211; Upp till 120 kg &#8211; Kr\u00e4m"}]},{"@type":"WebSite","@id":"https:\/\/truusk.store\/sv\/#website","url":"https:\/\/truusk.store\/sv\/","name":"TRUUSK - Hem, Tr\u00e4dg\u00e5rd & Fritid","description":"","publisher":{"@id":"https:\/\/truusk.store\/sv\/#organization"},"potentialAction":[{"@type":"SearchAction","target":{"@type":"EntryPoint","urlTemplate":"https:\/\/truusk.store\/sv\/?s={search_term_string}"},"query-input":{"@type":"PropertyValueSpecification","valueRequired":true,"valueName":"search_term_string"}}],"inLanguage":"sv-SE"},{"@type":"Organization","@id":"https:\/\/truusk.store\/sv\/#organization","name":"TRUUSK - Hem, Tr\u00e4dg\u00e5rd & Fritid","url":"https:\/\/truusk.store\/sv\/","logo":{"@type":"ImageObject","inLanguage":"sv-SE","@id":"https:\/\/truusk.store\/sv\/#\/schema\/logo\/image\/","url":"https:\/\/i0.wp.com\/truusk.store\/wp-content\/uploads\/2026\/03\/cropped-TRUUSK.png?fit=2032%2C917&ssl=1","contentUrl":"https:\/\/i0.wp.com\/truusk.store\/wp-content\/uploads\/2026\/03\/cropped-TRUUSK.png?fit=2032%2C917&ssl=1","width":2032,"height":917,"caption":"TRUUSK - Hem, Tr\u00e4dg\u00e5rd & Fritid"},"image":{"@id":"https:\/\/truusk.store\/sv\/#\/schema\/logo\/image\/"}}]}},"jetpack_sharing_enabled":true,"_links":{"self":[{"href":"https:\/\/truusk.store\/sv\/wp-json\/wp\/v2\/product\/87028","targetHints":{"allow":["GET"]}}],"collection":[{"href":"https:\/\/truusk.store\/sv\/wp-json\/wp\/v2\/product"}],"about":[{"href":"https:\/\/truusk.store\/sv\/wp-json\/wp\/v2\/types\/product"}],"wp:featuredmedia":[{"embeddable":true,"href":"https:\/\/truusk.store\/sv\/wp-json\/wp\/v2\/media\/87019"}],"wp:attachment":[{"href":"https:\/\/truusk.store\/sv\/wp-json\/wp\/v2\/media?parent=87028"}],"wp:term":[{"taxonomy":"product_brand","embeddable":true,"href":"https:\/\/truusk.store\/sv\/wp-json\/wp\/v2\/product_brand?post=87028"},{"taxonomy":"product_cat","embeddable":true,"href":"https:\/\/truusk.store\/sv\/wp-json\/wp\/v2\/product_cat?post=87028"},{"taxonomy":"product_tag","embeddable":true,"href":"https:\/\/truusk.store\/sv\/wp-json\/wp\/v2\/product_tag?post=87028"}],"curies":[{"name":"wp","href":"https:\/\/api.w.org\/{rel}","templated":true}]}}