{"id":8703,"date":"2024-02-13T09:25:30","date_gmt":"2024-02-13T08:25:30","guid":{"rendered":"https:\/\/truusk.store\/product\/xxl-parasoll-med-korsstativ-inklusive-handvev-vaderbestandig-270cm-x-440cm-x-250-cm-gra\/"},"modified":"2026-03-12T08:55:50","modified_gmt":"2026-03-12T07:55:50","slug":"truusk-xxl-parasoll-med-korsstativ-handvev-inkluderat-vaderbestandig-270cm-x-440cm-x-250cm-gra","status":"publish","type":"product","link":"https:\/\/truusk.store\/sv\/produkt\/truusk-xxl-parasoll-med-korsstativ-handvev-inkluderat-vaderbestandig-270cm-x-440cm-x-250cm-gra\/","title":{"rendered":"TRUUSK XXL Parasoll Med Korsstativ &#8211; Handvev Inkluderat &#8211; V\u00e4derbest\u00e4ndig &#8211; 270cm X 440cm X 250cm &#8211; Gr\u00e5"},"content":{"rendered":"<p>Detta XXL-parasoll erbjuder sval skugga p\u00e5 soliga dagar. Tack vare sin handvev \u00e4r den snabb och enkel att \u00f6ppna. Oavsett om du \u00e4r i tr\u00e4dg\u00e5rden, terrassen eller stranden &#8211; detta XXL-parasoll skyddar dig fr\u00e5n f\u00f6r mycket sol och l\u00e4tt regn. Tv\u00e5 integrerade ventilations\u00f6ppningar ger \u00f6kat luftmotst\u00e5nd och ger bra ventilation. Koppla av nu under detta superstora parasoll.<\/p>\n<h3>Beskrivning:<\/h3>\n<ul>\n<li>XXL parasoll f\u00f6r tr\u00e4dg\u00e5rden, terrassen eller stranden<\/li>\n<li>En 2-delad paraplyst\u00e5ng och 12 metallstag s\u00e4kerst\u00e4ller ett stabilt stativ<\/li>\n<li>Paraplyet kan enkelt \u00f6ppnas och st\u00e4ngas med en praktisk handvev<\/li>\n<li>2 ventilations\u00f6ppningar ger skydd mot att v\u00e4lta p\u00e5 grund av f\u00f6r mycket vind och ger bra ventilation<\/li>\n<li>Med robust korsstativ. OBS: Paraplyet kr\u00e4ver en motvikt p\u00e5 ca 80 kg<\/li>\n<li>Enkel konstruktion<\/li>\n<\/ul>\n<h3>Teknisk data:<\/h3>\n<ul>\n<li>Material: metall, polyester<\/li>\n<li>M\u00e5tt: L440 x B270 x H250 cm<\/li>\n<li>M\u00e5tt (enkelt soltak): 270 cm<\/li>\n<li>M\u00e5tt (tv\u00e4rstativ): L100 x B100 x H6 cm<\/li>\n<li>Paraplypinne: 4,8 cm<\/li>\n<li>F\u00e4rg: M\u00f6rkgr\u00e5<\/li>\n<\/ul>\n<h3>Leveransens omfattning:<\/h3>\n<ul>\n<li>1 x Dubbelparasoll<\/li>\n<li>1 x Monteringsanvisning<\/li>\n<li>VIKTIGT: Vi levererar varan till trottoarkanten utan kostnad. Se till att du anger r\u00e4tt adress och telefonnummer.<\/li>\n<\/ul>\n","protected":false},"excerpt":{"rendered":"<p>Detta XXL-parasoll erbjuder sval skugga p\u00e5 soliga dagar. Tack vare sin handvev \u00e4r den snabb och enkel att \u00f6ppna. Oavsett&#8230;<\/p>\n","protected":false},"featured_media":8704,"template":"","meta":[],"product_brand":[],"product_cat":[472,471,435],"product_tag":[],"class_list":{"0":"post-8703","1":"product","2":"type-product","3":"status-publish","4":"has-post-thumbnail","6":"product_cat-parasoller","7":"product_cat-solskydd-integritetsskydd","8":"product_cat-tradgard-och-terrass","10":"first","11":"instock","12":"sale","13":"taxable","14":"shipping-taxable","15":"purchasable","16":"product-type-simple"},"yoast_head":"<!-- This site is optimized with the Yoast SEO plugin v25.4 - https:\/\/yoast.com\/wordpress\/plugins\/seo\/ -->\n<title>TRUUSK XXL Parasoll Med Korsstativ - Handvev Inkluderat - V\u00e4derbest\u00e4ndig - 270cm X 440cm X 250cm - Gr\u00e5 - TRUUSK - Hem, Tr\u00e4dg\u00e5rd &amp; Fritid<\/title>\n<meta name=\"robots\" content=\"index, follow, max-snippet:-1, max-image-preview:large, max-video-preview:-1\" \/>\n<link rel=\"canonical\" href=\"https:\/\/truusk.store\/sv\/produkt\/truusk-xxl-parasoll-med-korsstativ-handvev-inkluderat-vaderbestandig-270cm-x-440cm-x-250cm-gra\/\" \/>\n<meta property=\"og:locale\" content=\"sv_SE\" \/>\n<meta property=\"og:type\" content=\"article\" \/>\n<meta property=\"og:title\" content=\"TRUUSK XXL Parasoll Med Korsstativ - Handvev Inkluderat - V\u00e4derbest\u00e4ndig - 270cm X 440cm X 250cm - Gr\u00e5 - TRUUSK - Hem, Tr\u00e4dg\u00e5rd &amp; Fritid\" \/>\n<meta property=\"og:description\" content=\"Detta XXL-parasoll erbjuder sval skugga p\u00e5 soliga dagar. Tack vare sin handvev \u00e4r den snabb och enkel att \u00f6ppna. Oavsett...\" \/>\n<meta property=\"og:url\" content=\"https:\/\/truusk.store\/sv\/produkt\/truusk-xxl-parasoll-med-korsstativ-handvev-inkluderat-vaderbestandig-270cm-x-440cm-x-250cm-gra\/\" \/>\n<meta property=\"og:site_name\" content=\"TRUUSK - Hem, Tr\u00e4dg\u00e5rd &amp; Fritid\" \/>\n<meta property=\"article:modified_time\" content=\"2026-03-12T07:55:50+00:00\" \/>\n<meta property=\"og:image\" content=\"https:\/\/i0.wp.com\/truusk.se\/wp-content\/uploads\/2024\/02\/xxl-parasoll-med-korsstativ-inklusive-handvev-vaderbestandig-270cm-x-440cm-x-250-cm-gra.webp?fit=800%2C800&ssl=1\" \/>\n\t<meta property=\"og:image:width\" content=\"800\" \/>\n\t<meta property=\"og:image:height\" content=\"800\" \/>\n\t<meta property=\"og:image:type\" content=\"image\/webp\" \/>\n<meta name=\"twitter:card\" content=\"summary_large_image\" \/>\n<meta name=\"twitter:label1\" content=\"Ber\u00e4knad l\u00e4stid\" \/>\n\t<meta name=\"twitter:data1\" content=\"1 minut\" \/>\n<!-- \/ Yoast SEO plugin. -->","yoast_head_json":{"title":"TRUUSK XXL Parasoll Med Korsstativ - Handvev Inkluderat - V\u00e4derbest\u00e4ndig - 270cm X 440cm X 250cm - Gr\u00e5 - TRUUSK - Hem, Tr\u00e4dg\u00e5rd &amp; Fritid","robots":{"index":"index","follow":"follow","max-snippet":"max-snippet:-1","max-image-preview":"max-image-preview:large","max-video-preview":"max-video-preview:-1"},"canonical":"https:\/\/truusk.store\/sv\/produkt\/truusk-xxl-parasoll-med-korsstativ-handvev-inkluderat-vaderbestandig-270cm-x-440cm-x-250cm-gra\/","og_locale":"sv_SE","og_type":"article","og_title":"TRUUSK XXL Parasoll Med Korsstativ - Handvev Inkluderat - V\u00e4derbest\u00e4ndig - 270cm X 440cm X 250cm - Gr\u00e5 - TRUUSK - Hem, Tr\u00e4dg\u00e5rd &amp; Fritid","og_description":"Detta XXL-parasoll erbjuder sval skugga p\u00e5 soliga dagar. Tack vare sin handvev \u00e4r den snabb och enkel att \u00f6ppna. Oavsett...","og_url":"https:\/\/truusk.store\/sv\/produkt\/truusk-xxl-parasoll-med-korsstativ-handvev-inkluderat-vaderbestandig-270cm-x-440cm-x-250cm-gra\/","og_site_name":"TRUUSK - Hem, Tr\u00e4dg\u00e5rd &amp; Fritid","article_modified_time":"2026-03-12T07:55:50+00:00","og_image":[{"width":800,"height":800,"url":"https:\/\/i0.wp.com\/truusk.se\/wp-content\/uploads\/2024\/02\/xxl-parasoll-med-korsstativ-inklusive-handvev-vaderbestandig-270cm-x-440cm-x-250-cm-gra.webp?fit=800%2C800&ssl=1","type":"image\/webp"}],"twitter_card":"summary_large_image","twitter_misc":{"Ber\u00e4knad l\u00e4stid":"1 minut"},"schema":{"@context":"https:\/\/schema.org","@graph":[{"@type":"WebPage","@id":"https:\/\/truusk.store\/sv\/produkt\/truusk-xxl-parasoll-med-korsstativ-handvev-inkluderat-vaderbestandig-270cm-x-440cm-x-250cm-gra\/","url":"https:\/\/truusk.store\/sv\/produkt\/truusk-xxl-parasoll-med-korsstativ-handvev-inkluderat-vaderbestandig-270cm-x-440cm-x-250cm-gra\/","name":"TRUUSK XXL Parasoll Med Korsstativ - Handvev Inkluderat - V\u00e4derbest\u00e4ndig - 270cm X 440cm X 250cm - Gr\u00e5 - TRUUSK - Hem, Tr\u00e4dg\u00e5rd &amp; Fritid","isPartOf":{"@id":"https:\/\/truusk.store\/sv\/#website"},"primaryImageOfPage":{"@id":"https:\/\/truusk.store\/sv\/produkt\/truusk-xxl-parasoll-med-korsstativ-handvev-inkluderat-vaderbestandig-270cm-x-440cm-x-250cm-gra\/#primaryimage"},"image":{"@id":"https:\/\/truusk.store\/sv\/produkt\/truusk-xxl-parasoll-med-korsstativ-handvev-inkluderat-vaderbestandig-270cm-x-440cm-x-250cm-gra\/#primaryimage"},"thumbnailUrl":"https:\/\/i0.wp.com\/truusk.store\/wp-content\/uploads\/2024\/02\/xxl-parasoll-med-korsstativ-inklusive-handvev-vaderbestandig-270cm-x-440cm-x-250-cm-gra.webp?fit=800%2C800&ssl=1","datePublished":"2024-02-13T08:25:30+00:00","dateModified":"2026-03-12T07:55:50+00:00","breadcrumb":{"@id":"https:\/\/truusk.store\/sv\/produkt\/truusk-xxl-parasoll-med-korsstativ-handvev-inkluderat-vaderbestandig-270cm-x-440cm-x-250cm-gra\/#breadcrumb"},"inLanguage":"sv-SE","potentialAction":[{"@type":"ReadAction","target":["https:\/\/truusk.store\/sv\/produkt\/truusk-xxl-parasoll-med-korsstativ-handvev-inkluderat-vaderbestandig-270cm-x-440cm-x-250cm-gra\/"]}]},{"@type":"ImageObject","inLanguage":"sv-SE","@id":"https:\/\/truusk.store\/sv\/produkt\/truusk-xxl-parasoll-med-korsstativ-handvev-inkluderat-vaderbestandig-270cm-x-440cm-x-250cm-gra\/#primaryimage","url":"https:\/\/i0.wp.com\/truusk.store\/wp-content\/uploads\/2024\/02\/xxl-parasoll-med-korsstativ-inklusive-handvev-vaderbestandig-270cm-x-440cm-x-250-cm-gra.webp?fit=800%2C800&ssl=1","contentUrl":"https:\/\/i0.wp.com\/truusk.store\/wp-content\/uploads\/2024\/02\/xxl-parasoll-med-korsstativ-inklusive-handvev-vaderbestandig-270cm-x-440cm-x-250-cm-gra.webp?fit=800%2C800&ssl=1","width":800,"height":800,"caption":"XXL Parasoll Med Korsstativ Inklusive Handvev, V\u00e4derbest\u00e4ndig 270cm X 440cm X 250 Cm Gr\u00e5 1"},{"@type":"BreadcrumbList","@id":"https:\/\/truusk.store\/sv\/produkt\/truusk-xxl-parasoll-med-korsstativ-handvev-inkluderat-vaderbestandig-270cm-x-440cm-x-250cm-gra\/#breadcrumb","itemListElement":[{"@type":"ListItem","position":1,"name":"Home","item":"https:\/\/truusk.store\/sv\/"},{"@type":"ListItem","position":2,"name":"Shop","item":"https:\/\/truusk.store\/shop\/"},{"@type":"ListItem","position":3,"name":"TRUUSK XXL Parasoll Med Korsstativ &#8211; Handvev Inkluderat &#8211; V\u00e4derbest\u00e4ndig &#8211; 270cm X 440cm X 250cm &#8211; Gr\u00e5"}]},{"@type":"WebSite","@id":"https:\/\/truusk.store\/sv\/#website","url":"https:\/\/truusk.store\/sv\/","name":"TRUUSK - Hem, Tr\u00e4dg\u00e5rd & Fritid","description":"","publisher":{"@id":"https:\/\/truusk.store\/sv\/#organization"},"potentialAction":[{"@type":"SearchAction","target":{"@type":"EntryPoint","urlTemplate":"https:\/\/truusk.store\/sv\/?s={search_term_string}"},"query-input":{"@type":"PropertyValueSpecification","valueRequired":true,"valueName":"search_term_string"}}],"inLanguage":"sv-SE"},{"@type":"Organization","@id":"https:\/\/truusk.store\/sv\/#organization","name":"TRUUSK - Hem, Tr\u00e4dg\u00e5rd & Fritid","url":"https:\/\/truusk.store\/sv\/","logo":{"@type":"ImageObject","inLanguage":"sv-SE","@id":"https:\/\/truusk.store\/sv\/#\/schema\/logo\/image\/","url":"https:\/\/i0.wp.com\/truusk.store\/wp-content\/uploads\/2026\/03\/cropped-TRUUSK.png?fit=2032%2C917&ssl=1","contentUrl":"https:\/\/i0.wp.com\/truusk.store\/wp-content\/uploads\/2026\/03\/cropped-TRUUSK.png?fit=2032%2C917&ssl=1","width":2032,"height":917,"caption":"TRUUSK - Hem, Tr\u00e4dg\u00e5rd & Fritid"},"image":{"@id":"https:\/\/truusk.store\/sv\/#\/schema\/logo\/image\/"}}]}},"jetpack_sharing_enabled":true,"_links":{"self":[{"href":"https:\/\/truusk.store\/sv\/wp-json\/wp\/v2\/product\/8703","targetHints":{"allow":["GET"]}}],"collection":[{"href":"https:\/\/truusk.store\/sv\/wp-json\/wp\/v2\/product"}],"about":[{"href":"https:\/\/truusk.store\/sv\/wp-json\/wp\/v2\/types\/product"}],"wp:featuredmedia":[{"embeddable":true,"href":"https:\/\/truusk.store\/sv\/wp-json\/wp\/v2\/media\/8704"}],"wp:attachment":[{"href":"https:\/\/truusk.store\/sv\/wp-json\/wp\/v2\/media?parent=8703"}],"wp:term":[{"taxonomy":"product_brand","embeddable":true,"href":"https:\/\/truusk.store\/sv\/wp-json\/wp\/v2\/product_brand?post=8703"},{"taxonomy":"product_cat","embeddable":true,"href":"https:\/\/truusk.store\/sv\/wp-json\/wp\/v2\/product_cat?post=8703"},{"taxonomy":"product_tag","embeddable":true,"href":"https:\/\/truusk.store\/sv\/wp-json\/wp\/v2\/product_tag?post=8703"}],"curies":[{"name":"wp","href":"https:\/\/api.w.org\/{rel}","templated":true}]}}