{"id":87068,"date":"2025-08-20T05:43:40","date_gmt":"2025-08-20T04:43:40","guid":{"rendered":"https:\/\/truusk.store\/product\/valphage-husdjursinhagnad-12-paneler-pa-80x80-cm-2-dorrar-stalram-gra\/"},"modified":"2026-03-12T09:35:23","modified_gmt":"2026-03-12T08:35:23","slug":"truusk-husdjursinhagnad-12-paneler-80x80-cm-2-dorrar-stalram-gra","status":"publish","type":"product","link":"https:\/\/truusk.store\/sv\/produkt\/truusk-husdjursinhagnad-12-paneler-80x80-cm-2-dorrar-stalram-gra\/","title":{"rendered":"TRUUSK Husdjursinh\u00e4gnad, 12 Paneler 80&#215;80 cm &#8211; 2 D\u00f6rrar &#8211; St\u00e5lram &#8211; Gr\u00e5"},"content":{"rendered":"<p>Uppt\u00e4ck det m\u00e5ngsidiga TRUUSK hundh\u00e4gnet! Best\u00e5ende av 12 anpassningsbara paneler, kan det flexibelt anpassas efter dina behov. Oavsett om det anv\u00e4nds som ett gener\u00f6st h\u00e4gn eller delas upp i tv\u00e5 delar, m\u00f6jligg\u00f6r det separation av olika husdjur. Tv\u00e5 passaged\u00f6rrar och en s\u00e4ker l\u00e5sning garanterar h\u00f6gsta s\u00e4kerhet. Din \u00e4lskling kan koppla av och r\u00f6ra sig i det rymliga inre utrymmet.<\/p>\n<p>Beskrivning:<\/p>\n<ul>\n<li> 12 paneler kan st\u00e4llas upp som rektangel, kvadrat, &#8221;L&#8221;-form eller i andra former<\/li>\n<li> Kan anv\u00e4ndas som 2 husdjursh\u00e4gn<\/li>\n<li> Med 2 l\u00e5sbara d\u00f6rrar<\/li>\n<li> L\u00e4mplig f\u00f6r inomhus- och utomhusbruk<\/li>\n<li> Tillverkad av metallr\u00f6r och st\u00e5ltr\u00e5dar f\u00f6r h\u00f6g stabilitet<\/li>\n<li> L\u00e4mplig f\u00f6r sm\u00e5 hundar upp till en axelh\u00f6jd p\u00e5 50 cm<\/li>\n<li> H\u00e5ller ditt husdjur s\u00e4kert inuti och erbjuder samtidigt tillr\u00e4ckligt med utrymme f\u00f6r att leka och vila<\/li>\n<li> Enkel att montera och demontera<\/li>\n<\/ul>\n<p> Tekniska data:<\/p>\n<ul>\n<li> F\u00e4rg: Gr\u00e5<\/li>\n<li> Material: St\u00e5l<\/li>\n<li> M\u00e5tt p\u00e5 varje panel: 80B x 80H cm<\/li>\n<li> D\u00f6rrstorlek: 38B x 53H cm<\/li>\n<li> Storlek p\u00e5 galler: 5,3B x 15H cm<\/li>\n<\/ul>\n<p>Leveransinneh\u00e5ll:<\/p>\n<ul>\n<li> 1 x Husdjursl\u00f6pning<\/li>\n<li> 12 x Anslutningsst\u00e4nger<\/li>\n<li> 1 x Handbok<\/li>\n<\/ul>\n","protected":false},"excerpt":{"rendered":"<p>Uppt\u00e4ck det m\u00e5ngsidiga TRUUSK hundh\u00e4gnet! Best\u00e5ende av 12 anpassningsbara paneler, kan det flexibelt anpassas efter dina behov. Oavsett om det&#8230;<\/p>\n","protected":false},"featured_media":87059,"template":"","meta":[],"product_brand":[],"product_cat":[878,928,597],"product_tag":[],"class_list":{"0":"post-87068","1":"product","2":"type-product","3":"status-publish","4":"has-post-thumbnail","6":"product_cat-djurbehov","7":"product_cat-frigangshagn","8":"product_cat-sma-djurtillbehor","10":"first","11":"instock","12":"sale","13":"taxable","14":"shipping-taxable","15":"purchasable","16":"product-type-simple"},"yoast_head":"<!-- This site is optimized with the Yoast SEO plugin v25.4 - https:\/\/yoast.com\/wordpress\/plugins\/seo\/ -->\n<title>TRUUSK Husdjursinh\u00e4gnad, 12 Paneler 80x80 cm - 2 D\u00f6rrar - St\u00e5lram - Gr\u00e5 - TRUUSK - Hem, Tr\u00e4dg\u00e5rd &amp; Fritid<\/title>\n<meta name=\"robots\" content=\"index, follow, max-snippet:-1, max-image-preview:large, max-video-preview:-1\" \/>\n<link rel=\"canonical\" href=\"https:\/\/truusk.store\/sv\/produkt\/truusk-husdjursinhagnad-12-paneler-80x80-cm-2-dorrar-stalram-gra\/\" \/>\n<meta property=\"og:locale\" content=\"sv_SE\" \/>\n<meta property=\"og:type\" content=\"article\" \/>\n<meta property=\"og:title\" content=\"TRUUSK Husdjursinh\u00e4gnad, 12 Paneler 80x80 cm - 2 D\u00f6rrar - St\u00e5lram - Gr\u00e5 - TRUUSK - Hem, Tr\u00e4dg\u00e5rd &amp; Fritid\" \/>\n<meta property=\"og:description\" content=\"Uppt\u00e4ck det m\u00e5ngsidiga TRUUSK hundh\u00e4gnet! Best\u00e5ende av 12 anpassningsbara paneler, kan det flexibelt anpassas efter dina behov. Oavsett om det...\" \/>\n<meta property=\"og:url\" content=\"https:\/\/truusk.store\/sv\/produkt\/truusk-husdjursinhagnad-12-paneler-80x80-cm-2-dorrar-stalram-gra\/\" \/>\n<meta property=\"og:site_name\" content=\"TRUUSK - Hem, Tr\u00e4dg\u00e5rd &amp; Fritid\" \/>\n<meta property=\"article:modified_time\" content=\"2026-03-12T08:35:23+00:00\" \/>\n<meta property=\"og:image\" content=\"https:\/\/i0.wp.com\/truusk.se\/wp-content\/uploads\/2025\/08\/valphage-husdjursinhagnad-12-paneler-pa-80x80-cm-2-dorrar-stalram-gra-1.webp?fit=2000%2C2000&ssl=1\" \/>\n\t<meta property=\"og:image:width\" content=\"2000\" \/>\n\t<meta property=\"og:image:height\" content=\"2000\" \/>\n\t<meta property=\"og:image:type\" content=\"image\/webp\" \/>\n<meta name=\"twitter:card\" content=\"summary_large_image\" \/>\n<meta name=\"twitter:label1\" content=\"Ber\u00e4knad l\u00e4stid\" \/>\n\t<meta name=\"twitter:data1\" content=\"1 minut\" \/>\n<!-- \/ Yoast SEO plugin. -->","yoast_head_json":{"title":"TRUUSK Husdjursinh\u00e4gnad, 12 Paneler 80x80 cm - 2 D\u00f6rrar - St\u00e5lram - Gr\u00e5 - TRUUSK - Hem, Tr\u00e4dg\u00e5rd &amp; Fritid","robots":{"index":"index","follow":"follow","max-snippet":"max-snippet:-1","max-image-preview":"max-image-preview:large","max-video-preview":"max-video-preview:-1"},"canonical":"https:\/\/truusk.store\/sv\/produkt\/truusk-husdjursinhagnad-12-paneler-80x80-cm-2-dorrar-stalram-gra\/","og_locale":"sv_SE","og_type":"article","og_title":"TRUUSK Husdjursinh\u00e4gnad, 12 Paneler 80x80 cm - 2 D\u00f6rrar - St\u00e5lram - Gr\u00e5 - TRUUSK - Hem, Tr\u00e4dg\u00e5rd &amp; Fritid","og_description":"Uppt\u00e4ck det m\u00e5ngsidiga TRUUSK hundh\u00e4gnet! Best\u00e5ende av 12 anpassningsbara paneler, kan det flexibelt anpassas efter dina behov. Oavsett om det...","og_url":"https:\/\/truusk.store\/sv\/produkt\/truusk-husdjursinhagnad-12-paneler-80x80-cm-2-dorrar-stalram-gra\/","og_site_name":"TRUUSK - Hem, Tr\u00e4dg\u00e5rd &amp; Fritid","article_modified_time":"2026-03-12T08:35:23+00:00","og_image":[{"width":2000,"height":2000,"url":"https:\/\/i0.wp.com\/truusk.se\/wp-content\/uploads\/2025\/08\/valphage-husdjursinhagnad-12-paneler-pa-80x80-cm-2-dorrar-stalram-gra-1.webp?fit=2000%2C2000&ssl=1","type":"image\/webp"}],"twitter_card":"summary_large_image","twitter_misc":{"Ber\u00e4knad l\u00e4stid":"1 minut"},"schema":{"@context":"https:\/\/schema.org","@graph":[{"@type":"WebPage","@id":"https:\/\/truusk.store\/sv\/produkt\/truusk-husdjursinhagnad-12-paneler-80x80-cm-2-dorrar-stalram-gra\/","url":"https:\/\/truusk.store\/sv\/produkt\/truusk-husdjursinhagnad-12-paneler-80x80-cm-2-dorrar-stalram-gra\/","name":"TRUUSK Husdjursinh\u00e4gnad, 12 Paneler 80x80 cm - 2 D\u00f6rrar - St\u00e5lram - Gr\u00e5 - TRUUSK - Hem, Tr\u00e4dg\u00e5rd &amp; Fritid","isPartOf":{"@id":"https:\/\/truusk.store\/sv\/#website"},"primaryImageOfPage":{"@id":"https:\/\/truusk.store\/sv\/produkt\/truusk-husdjursinhagnad-12-paneler-80x80-cm-2-dorrar-stalram-gra\/#primaryimage"},"image":{"@id":"https:\/\/truusk.store\/sv\/produkt\/truusk-husdjursinhagnad-12-paneler-80x80-cm-2-dorrar-stalram-gra\/#primaryimage"},"thumbnailUrl":"https:\/\/i0.wp.com\/truusk.store\/wp-content\/uploads\/2025\/08\/valphage-husdjursinhagnad-12-paneler-pa-80x80-cm-2-dorrar-stalram-gra-1.webp?fit=2000%2C2000&ssl=1","datePublished":"2025-08-20T04:43:40+00:00","dateModified":"2026-03-12T08:35:23+00:00","breadcrumb":{"@id":"https:\/\/truusk.store\/sv\/produkt\/truusk-husdjursinhagnad-12-paneler-80x80-cm-2-dorrar-stalram-gra\/#breadcrumb"},"inLanguage":"sv-SE","potentialAction":[{"@type":"ReadAction","target":["https:\/\/truusk.store\/sv\/produkt\/truusk-husdjursinhagnad-12-paneler-80x80-cm-2-dorrar-stalram-gra\/"]}]},{"@type":"ImageObject","inLanguage":"sv-SE","@id":"https:\/\/truusk.store\/sv\/produkt\/truusk-husdjursinhagnad-12-paneler-80x80-cm-2-dorrar-stalram-gra\/#primaryimage","url":"https:\/\/i0.wp.com\/truusk.store\/wp-content\/uploads\/2025\/08\/valphage-husdjursinhagnad-12-paneler-pa-80x80-cm-2-dorrar-stalram-gra-1.webp?fit=2000%2C2000&ssl=1","contentUrl":"https:\/\/i0.wp.com\/truusk.store\/wp-content\/uploads\/2025\/08\/valphage-husdjursinhagnad-12-paneler-pa-80x80-cm-2-dorrar-stalram-gra-1.webp?fit=2000%2C2000&ssl=1","width":2000,"height":2000},{"@type":"BreadcrumbList","@id":"https:\/\/truusk.store\/sv\/produkt\/truusk-husdjursinhagnad-12-paneler-80x80-cm-2-dorrar-stalram-gra\/#breadcrumb","itemListElement":[{"@type":"ListItem","position":1,"name":"Home","item":"https:\/\/truusk.store\/sv\/"},{"@type":"ListItem","position":2,"name":"Shop","item":"https:\/\/truusk.store\/shop\/"},{"@type":"ListItem","position":3,"name":"TRUUSK Husdjursinh\u00e4gnad, 12 Paneler 80&#215;80 cm &#8211; 2 D\u00f6rrar &#8211; St\u00e5lram &#8211; Gr\u00e5"}]},{"@type":"WebSite","@id":"https:\/\/truusk.store\/sv\/#website","url":"https:\/\/truusk.store\/sv\/","name":"TRUUSK - Hem, Tr\u00e4dg\u00e5rd & Fritid","description":"","publisher":{"@id":"https:\/\/truusk.store\/sv\/#organization"},"potentialAction":[{"@type":"SearchAction","target":{"@type":"EntryPoint","urlTemplate":"https:\/\/truusk.store\/sv\/?s={search_term_string}"},"query-input":{"@type":"PropertyValueSpecification","valueRequired":true,"valueName":"search_term_string"}}],"inLanguage":"sv-SE"},{"@type":"Organization","@id":"https:\/\/truusk.store\/sv\/#organization","name":"TRUUSK - Hem, Tr\u00e4dg\u00e5rd & Fritid","url":"https:\/\/truusk.store\/sv\/","logo":{"@type":"ImageObject","inLanguage":"sv-SE","@id":"https:\/\/truusk.store\/sv\/#\/schema\/logo\/image\/","url":"https:\/\/i0.wp.com\/truusk.store\/wp-content\/uploads\/2026\/03\/cropped-TRUUSK.png?fit=2032%2C917&ssl=1","contentUrl":"https:\/\/i0.wp.com\/truusk.store\/wp-content\/uploads\/2026\/03\/cropped-TRUUSK.png?fit=2032%2C917&ssl=1","width":2032,"height":917,"caption":"TRUUSK - Hem, Tr\u00e4dg\u00e5rd & Fritid"},"image":{"@id":"https:\/\/truusk.store\/sv\/#\/schema\/logo\/image\/"}}]}},"jetpack_sharing_enabled":true,"_links":{"self":[{"href":"https:\/\/truusk.store\/sv\/wp-json\/wp\/v2\/product\/87068","targetHints":{"allow":["GET"]}}],"collection":[{"href":"https:\/\/truusk.store\/sv\/wp-json\/wp\/v2\/product"}],"about":[{"href":"https:\/\/truusk.store\/sv\/wp-json\/wp\/v2\/types\/product"}],"wp:featuredmedia":[{"embeddable":true,"href":"https:\/\/truusk.store\/sv\/wp-json\/wp\/v2\/media\/87059"}],"wp:attachment":[{"href":"https:\/\/truusk.store\/sv\/wp-json\/wp\/v2\/media?parent=87068"}],"wp:term":[{"taxonomy":"product_brand","embeddable":true,"href":"https:\/\/truusk.store\/sv\/wp-json\/wp\/v2\/product_brand?post=87068"},{"taxonomy":"product_cat","embeddable":true,"href":"https:\/\/truusk.store\/sv\/wp-json\/wp\/v2\/product_cat?post=87068"},{"taxonomy":"product_tag","embeddable":true,"href":"https:\/\/truusk.store\/sv\/wp-json\/wp\/v2\/product_tag?post=87068"}],"curies":[{"name":"wp","href":"https:\/\/api.w.org\/{rel}","templated":true}]}}