{"id":87088,"date":"2025-08-20T05:45:24","date_gmt":"2025-08-20T04:45:24","guid":{"rendered":"https:\/\/truusk.store\/product\/polyrattan-kuddlada-tyginnerfoder-latt-att-oppna-stanga-metallram-75b-x-75t-x-70h-cm-svart\/"},"modified":"2026-03-12T09:35:35","modified_gmt":"2026-03-12T08:35:35","slug":"truusk-polyrattan-kattlada-tyginnerfoder-latt-att-oppna-stanga-metallram-75b-x-75t-x-70h-cm-svart","status":"publish","type":"product","link":"https:\/\/truusk.store\/sv\/produkt\/truusk-polyrattan-kattlada-tyginnerfoder-latt-att-oppna-stanga-metallram-75b-x-75t-x-70h-cm-svart\/","title":{"rendered":"TRUUSK Polyrattan Kattl\u00e5da &#8211; Tyginnerfoder &#8211; L\u00e4tt Att \u00d6ppna\/St\u00e4nga &#8211; Metallram &#8211; 75B X 75T X 70H Cm &#8211; Svart"},"content":{"rendered":"<p>F\u00f6rvara dina sittdynor, tr\u00e4dg\u00e5rdsverktyg eller leksaker alltid rena och l\u00e4ttillg\u00e4ngliga med denna tidl\u00f6sa dynl\u00e5da. Den robusta dynl\u00e5dan med metallram erbjuder inte bara effektivt skydd, utan ger ocks\u00e5 din utomhusmilj\u00f6 en naturligt elegant estetik. Tack vare vattent\u00e4theten \u00e4r den perfekt f\u00f6r utomhusomr\u00e5den som veranda, terrass, balkong eller tr\u00e4dg\u00e5rd. Det b\u00e4sta valet f\u00f6r stilfull utomhusf\u00f6rvaring!<\/p>\n<p>Beskrivning:<\/p>\n<ul>\n<li> Rymlig utomhus Polyrattan f\u00f6rvaringsl\u00e5da f\u00f6r sittdynor, verktyg, kl\u00e4der och leksaker<\/li>\n<li> Robust pulverlackerad st\u00e5lram, omsluten med Polyrattan kl\u00e4dsel<\/li>\n<li> S\u00e4ker och snabb pneumatisk lyftare av dynl\u00e5dan f\u00f6r enkel \u00f6ppning<\/li>\n<li> Inkluderar innerfoder f\u00f6r att skydda de f\u00f6rvarade objekten<\/li>\n<li> Perfekt f\u00f6r anv\u00e4ndning vid poolen, p\u00e5 terrassen, i tr\u00e4dg\u00e5rden, i badrummet eller i spaet<\/li>\n<li> Enkel montering kr\u00e4vs<\/li>\n<\/ul>\n<p>Tekniska data:<\/p>\n<ul>\n<li> F\u00e4rg: Sand+Svart<\/li>\n<li> Material: St\u00e5l, PE-Rattan, Polyester<\/li>\n<li> Totala dimensioner: 75L x 75B x 70H cm<\/li>\n<li> Inre dimensioner: 70L x 70B x 64H cm<\/li>\n<li> B\u00e4rkapacitet: 50 kg<\/li>\n<\/ul>\n<p>Leveransinneh\u00e5ll:<\/p>\n<ul>\n<li> 1 x Polyrattan f\u00f6rvaringsl\u00e5da<\/li>\n<li> 1 x Handbok<\/li>\n<\/ul>\n","protected":false},"excerpt":{"rendered":"<p>F\u00f6rvara dina sittdynor, tr\u00e4dg\u00e5rdsverktyg eller leksaker alltid rena och l\u00e4ttillg\u00e4ngliga med denna tidl\u00f6sa dynl\u00e5da. Den robusta dynl\u00e5dan med metallram erbjuder&#8230;<\/p>\n","protected":false},"featured_media":87079,"template":"","meta":[],"product_brand":[],"product_cat":[1035,858,450],"product_tag":[],"class_list":{"0":"post-87088","1":"product","2":"type-product","3":"status-publish","4":"has-post-thumbnail","6":"product_cat-polyrattan-tradgardsmobler","7":"product_cat-tradgard-terrass","8":"product_cat-tradgardsmobler","10":"first","11":"instock","12":"sale","13":"taxable","14":"shipping-taxable","15":"purchasable","16":"product-type-simple"},"yoast_head":"<!-- This site is optimized with the Yoast SEO plugin v25.4 - https:\/\/yoast.com\/wordpress\/plugins\/seo\/ -->\n<title>TRUUSK Polyrattan Kattl\u00e5da - Tyginnerfoder - L\u00e4tt Att \u00d6ppna\/St\u00e4nga - Metallram - 75B X 75T X 70H Cm - Svart - TRUUSK - Hem, Tr\u00e4dg\u00e5rd &amp; Fritid<\/title>\n<meta name=\"robots\" content=\"index, follow, max-snippet:-1, max-image-preview:large, max-video-preview:-1\" \/>\n<link rel=\"canonical\" href=\"https:\/\/truusk.store\/sv\/produkt\/truusk-polyrattan-kattlada-tyginnerfoder-latt-att-oppna-stanga-metallram-75b-x-75t-x-70h-cm-svart\/\" \/>\n<meta property=\"og:locale\" content=\"sv_SE\" \/>\n<meta property=\"og:type\" content=\"article\" \/>\n<meta property=\"og:title\" content=\"TRUUSK Polyrattan Kattl\u00e5da - Tyginnerfoder - L\u00e4tt Att \u00d6ppna\/St\u00e4nga - Metallram - 75B X 75T X 70H Cm - Svart - TRUUSK - Hem, Tr\u00e4dg\u00e5rd &amp; Fritid\" \/>\n<meta property=\"og:description\" content=\"F\u00f6rvara dina sittdynor, tr\u00e4dg\u00e5rdsverktyg eller leksaker alltid rena och l\u00e4ttillg\u00e4ngliga med denna tidl\u00f6sa dynl\u00e5da. Den robusta dynl\u00e5dan med metallram erbjuder...\" \/>\n<meta property=\"og:url\" content=\"https:\/\/truusk.store\/sv\/produkt\/truusk-polyrattan-kattlada-tyginnerfoder-latt-att-oppna-stanga-metallram-75b-x-75t-x-70h-cm-svart\/\" \/>\n<meta property=\"og:site_name\" content=\"TRUUSK - Hem, Tr\u00e4dg\u00e5rd &amp; Fritid\" \/>\n<meta property=\"article:modified_time\" content=\"2026-03-12T08:35:35+00:00\" \/>\n<meta property=\"og:image\" content=\"https:\/\/i0.wp.com\/truusk.se\/wp-content\/uploads\/2025\/08\/polyrattan-kuddlada-tyginnerfoder-latt-att-oppna-stanga-metallram-75b-x-75t-x-70h-cm-svart-1.webp?fit=2000%2C2000&ssl=1\" \/>\n\t<meta property=\"og:image:width\" content=\"2000\" \/>\n\t<meta property=\"og:image:height\" content=\"2000\" \/>\n\t<meta property=\"og:image:type\" content=\"image\/webp\" \/>\n<meta name=\"twitter:card\" content=\"summary_large_image\" \/>\n<meta name=\"twitter:label1\" content=\"Ber\u00e4knad l\u00e4stid\" \/>\n\t<meta name=\"twitter:data1\" content=\"1 minut\" \/>\n<!-- \/ Yoast SEO plugin. -->","yoast_head_json":{"title":"TRUUSK Polyrattan Kattl\u00e5da - Tyginnerfoder - L\u00e4tt Att \u00d6ppna\/St\u00e4nga - Metallram - 75B X 75T X 70H Cm - Svart - TRUUSK - Hem, Tr\u00e4dg\u00e5rd &amp; Fritid","robots":{"index":"index","follow":"follow","max-snippet":"max-snippet:-1","max-image-preview":"max-image-preview:large","max-video-preview":"max-video-preview:-1"},"canonical":"https:\/\/truusk.store\/sv\/produkt\/truusk-polyrattan-kattlada-tyginnerfoder-latt-att-oppna-stanga-metallram-75b-x-75t-x-70h-cm-svart\/","og_locale":"sv_SE","og_type":"article","og_title":"TRUUSK Polyrattan Kattl\u00e5da - Tyginnerfoder - L\u00e4tt Att \u00d6ppna\/St\u00e4nga - Metallram - 75B X 75T X 70H Cm - Svart - TRUUSK - Hem, Tr\u00e4dg\u00e5rd &amp; Fritid","og_description":"F\u00f6rvara dina sittdynor, tr\u00e4dg\u00e5rdsverktyg eller leksaker alltid rena och l\u00e4ttillg\u00e4ngliga med denna tidl\u00f6sa dynl\u00e5da. Den robusta dynl\u00e5dan med metallram erbjuder...","og_url":"https:\/\/truusk.store\/sv\/produkt\/truusk-polyrattan-kattlada-tyginnerfoder-latt-att-oppna-stanga-metallram-75b-x-75t-x-70h-cm-svart\/","og_site_name":"TRUUSK - Hem, Tr\u00e4dg\u00e5rd &amp; Fritid","article_modified_time":"2026-03-12T08:35:35+00:00","og_image":[{"width":2000,"height":2000,"url":"https:\/\/i0.wp.com\/truusk.se\/wp-content\/uploads\/2025\/08\/polyrattan-kuddlada-tyginnerfoder-latt-att-oppna-stanga-metallram-75b-x-75t-x-70h-cm-svart-1.webp?fit=2000%2C2000&ssl=1","type":"image\/webp"}],"twitter_card":"summary_large_image","twitter_misc":{"Ber\u00e4knad l\u00e4stid":"1 minut"},"schema":{"@context":"https:\/\/schema.org","@graph":[{"@type":"WebPage","@id":"https:\/\/truusk.store\/sv\/produkt\/truusk-polyrattan-kattlada-tyginnerfoder-latt-att-oppna-stanga-metallram-75b-x-75t-x-70h-cm-svart\/","url":"https:\/\/truusk.store\/sv\/produkt\/truusk-polyrattan-kattlada-tyginnerfoder-latt-att-oppna-stanga-metallram-75b-x-75t-x-70h-cm-svart\/","name":"TRUUSK Polyrattan Kattl\u00e5da - Tyginnerfoder - L\u00e4tt Att \u00d6ppna\/St\u00e4nga - Metallram - 75B X 75T X 70H Cm - Svart - TRUUSK - Hem, Tr\u00e4dg\u00e5rd &amp; Fritid","isPartOf":{"@id":"https:\/\/truusk.store\/sv\/#website"},"primaryImageOfPage":{"@id":"https:\/\/truusk.store\/sv\/produkt\/truusk-polyrattan-kattlada-tyginnerfoder-latt-att-oppna-stanga-metallram-75b-x-75t-x-70h-cm-svart\/#primaryimage"},"image":{"@id":"https:\/\/truusk.store\/sv\/produkt\/truusk-polyrattan-kattlada-tyginnerfoder-latt-att-oppna-stanga-metallram-75b-x-75t-x-70h-cm-svart\/#primaryimage"},"thumbnailUrl":"https:\/\/i0.wp.com\/truusk.store\/wp-content\/uploads\/2025\/08\/polyrattan-kuddlada-tyginnerfoder-latt-att-oppna-stanga-metallram-75b-x-75t-x-70h-cm-svart-1.webp?fit=2000%2C2000&ssl=1","datePublished":"2025-08-20T04:45:24+00:00","dateModified":"2026-03-12T08:35:35+00:00","breadcrumb":{"@id":"https:\/\/truusk.store\/sv\/produkt\/truusk-polyrattan-kattlada-tyginnerfoder-latt-att-oppna-stanga-metallram-75b-x-75t-x-70h-cm-svart\/#breadcrumb"},"inLanguage":"sv-SE","potentialAction":[{"@type":"ReadAction","target":["https:\/\/truusk.store\/sv\/produkt\/truusk-polyrattan-kattlada-tyginnerfoder-latt-att-oppna-stanga-metallram-75b-x-75t-x-70h-cm-svart\/"]}]},{"@type":"ImageObject","inLanguage":"sv-SE","@id":"https:\/\/truusk.store\/sv\/produkt\/truusk-polyrattan-kattlada-tyginnerfoder-latt-att-oppna-stanga-metallram-75b-x-75t-x-70h-cm-svart\/#primaryimage","url":"https:\/\/i0.wp.com\/truusk.store\/wp-content\/uploads\/2025\/08\/polyrattan-kuddlada-tyginnerfoder-latt-att-oppna-stanga-metallram-75b-x-75t-x-70h-cm-svart-1.webp?fit=2000%2C2000&ssl=1","contentUrl":"https:\/\/i0.wp.com\/truusk.store\/wp-content\/uploads\/2025\/08\/polyrattan-kuddlada-tyginnerfoder-latt-att-oppna-stanga-metallram-75b-x-75t-x-70h-cm-svart-1.webp?fit=2000%2C2000&ssl=1","width":2000,"height":2000},{"@type":"BreadcrumbList","@id":"https:\/\/truusk.store\/sv\/produkt\/truusk-polyrattan-kattlada-tyginnerfoder-latt-att-oppna-stanga-metallram-75b-x-75t-x-70h-cm-svart\/#breadcrumb","itemListElement":[{"@type":"ListItem","position":1,"name":"Home","item":"https:\/\/truusk.store\/sv\/"},{"@type":"ListItem","position":2,"name":"Shop","item":"https:\/\/truusk.store\/shop\/"},{"@type":"ListItem","position":3,"name":"TRUUSK Polyrattan Kattl\u00e5da &#8211; Tyginnerfoder &#8211; L\u00e4tt Att \u00d6ppna\/St\u00e4nga &#8211; Metallram &#8211; 75B X 75T X 70H Cm &#8211; Svart"}]},{"@type":"WebSite","@id":"https:\/\/truusk.store\/sv\/#website","url":"https:\/\/truusk.store\/sv\/","name":"TRUUSK - Hem, Tr\u00e4dg\u00e5rd & Fritid","description":"","publisher":{"@id":"https:\/\/truusk.store\/sv\/#organization"},"potentialAction":[{"@type":"SearchAction","target":{"@type":"EntryPoint","urlTemplate":"https:\/\/truusk.store\/sv\/?s={search_term_string}"},"query-input":{"@type":"PropertyValueSpecification","valueRequired":true,"valueName":"search_term_string"}}],"inLanguage":"sv-SE"},{"@type":"Organization","@id":"https:\/\/truusk.store\/sv\/#organization","name":"TRUUSK - Hem, Tr\u00e4dg\u00e5rd & Fritid","url":"https:\/\/truusk.store\/sv\/","logo":{"@type":"ImageObject","inLanguage":"sv-SE","@id":"https:\/\/truusk.store\/sv\/#\/schema\/logo\/image\/","url":"https:\/\/i0.wp.com\/truusk.store\/wp-content\/uploads\/2026\/03\/cropped-TRUUSK.png?fit=2032%2C917&ssl=1","contentUrl":"https:\/\/i0.wp.com\/truusk.store\/wp-content\/uploads\/2026\/03\/cropped-TRUUSK.png?fit=2032%2C917&ssl=1","width":2032,"height":917,"caption":"TRUUSK - Hem, Tr\u00e4dg\u00e5rd & Fritid"},"image":{"@id":"https:\/\/truusk.store\/sv\/#\/schema\/logo\/image\/"}}]}},"jetpack_sharing_enabled":true,"_links":{"self":[{"href":"https:\/\/truusk.store\/sv\/wp-json\/wp\/v2\/product\/87088","targetHints":{"allow":["GET"]}}],"collection":[{"href":"https:\/\/truusk.store\/sv\/wp-json\/wp\/v2\/product"}],"about":[{"href":"https:\/\/truusk.store\/sv\/wp-json\/wp\/v2\/types\/product"}],"wp:featuredmedia":[{"embeddable":true,"href":"https:\/\/truusk.store\/sv\/wp-json\/wp\/v2\/media\/87079"}],"wp:attachment":[{"href":"https:\/\/truusk.store\/sv\/wp-json\/wp\/v2\/media?parent=87088"}],"wp:term":[{"taxonomy":"product_brand","embeddable":true,"href":"https:\/\/truusk.store\/sv\/wp-json\/wp\/v2\/product_brand?post=87088"},{"taxonomy":"product_cat","embeddable":true,"href":"https:\/\/truusk.store\/sv\/wp-json\/wp\/v2\/product_cat?post=87088"},{"taxonomy":"product_tag","embeddable":true,"href":"https:\/\/truusk.store\/sv\/wp-json\/wp\/v2\/product_tag?post=87088"}],"curies":[{"name":"wp","href":"https:\/\/api.w.org\/{rel}","templated":true}]}}