{"id":87128,"date":"2025-08-20T05:49:46","date_gmt":"2025-08-20T04:49:46","guid":{"rendered":"https:\/\/truusk.store\/product\/hamsterbur-for-syriska-hamstrar-och-dvarghamstrar-med-plattform-hangbro-hydda-85x45x44-cm\/"},"modified":"2026-03-12T09:37:05","modified_gmt":"2026-03-12T08:37:05","slug":"truusk-hamsterbur-for-syriska-och-dvarg-hamstrar-plattform-hangbro-hydda-85x45x44-cm","status":"publish","type":"product","link":"https:\/\/truusk.store\/sv\/produkt\/truusk-hamsterbur-for-syriska-och-dvarg-hamstrar-plattform-hangbro-hydda-85x45x44-cm\/","title":{"rendered":"TRUUSK Hamsterbur f\u00f6r Syriska och Dv\u00e4rg Hamstrar &#8211; Plattform &#8211; H\u00e4ngbro &#8211; Hydda &#8211; 85x45x44 cm"},"content":{"rendered":"<p>Upplev gl\u00e4djen att introducera dina barn till ansvar och n\u00f6jet med ett litet husdjur, med TRUUSK sm\u00e5djursbur &#8211; det perfekta hemmet f\u00f6r din dv\u00e4rghamster. Denna rymliga bur erbjuder inte bara plats f\u00f6r tr\u00e4flis, utan ocks\u00e5 m\u00e5nga lekm\u00f6jligheter som kommer att gl\u00e4dja ditt lilla husdjur. Med en h\u00e4ngbro, en mysig stuga och praktiska stegar blir varje dag ett \u00e4ventyr. Den l\u00e4ttillg\u00e4ngliga \u00f6vre d\u00f6rren ger enkel v\u00e5rd och s\u00e4kerhet, s\u00e5 att hela familjen kan interagera utan bekymmer. En perfekt introduktion till husdjursv\u00e4rlden!<\/p>\n<p>Beskrivning:<\/p>\n<ul>\n<li> Med en plattform f\u00f6r att ut\u00f6ka aktivitetsomr\u00e5det<\/li>\n<li> Inneh\u00e5ller en h\u00e4ngbro, en stuga och mycket mer f\u00f6r r\u00f6relse- och g\u00f6mst\u00e4llen<\/li>\n<li> Tillverkad av grantr\u00e4 f\u00f6r extra stabilitet<\/li>\n<li> Kan \u00f6ppnas uppifr\u00e5n f\u00f6r enkel \u00e5tkomst och interaktion<\/li>\n<li> Frontpanelen p\u00e5 sm\u00e5djursstallet \u00e4r gjord av transparent material f\u00f6r enkel insyn i ditt husdjurs liv<\/li>\n<li> Sidventilations\u00f6ppningar p\u00e5 dv\u00e4rghamsterburen fr\u00e4mjar luftcirkulation<\/li>\n<li> L\u00e4mplig f\u00f6r dv\u00e4rghamstrar<\/li>\n<li> Montering kr\u00e4vs<\/li>\n<\/ul>\n<p>Tekniska data:<\/p>\n<ul>\n<li> F\u00e4rg: Naturtr\u00e4<\/li>\n<li> Material: Grantr\u00e4, akryl, flerskiktsplatta<\/li>\n<li> Totala dimensioner: 85L x 45B x 44H cm<\/li>\n<li> \u00d6vre d\u00f6rr: 85L x 27B cm<\/li>\n<li> Stuga: 43L x 31B x 15H cm<\/li>\n<li> Stege: 22,5L x 8B cm, 30L x 8B cm<\/li>\n<li> Plattform: 28L x 15B x 13H cm<\/li>\n<li> H\u00e4ngbro: 13,5L x 8B cm<\/li>\n<li> F\u00f6rvaringsomr\u00e5de: 85L x 20,5B cm<\/li>\n<\/ul>\n<p>Leverans inneh\u00e5ller:<\/p>\n<ul>\n<li> 1 x Dv\u00e4rghamsterbur<\/li>\n<li> 1 x Instruktioner<\/li>\n<\/ul>\n","protected":false},"excerpt":{"rendered":"<p>Upplev gl\u00e4djen att introducera dina barn till ansvar och n\u00f6jet med ett litet husdjur, med TRUUSK sm\u00e5djursbur &#8211; det perfekta&#8230;<\/p>\n","protected":false},"featured_media":87119,"template":"","meta":[],"product_brand":[],"product_cat":[878,599,597],"product_tag":[],"class_list":{"0":"post-87128","1":"product","2":"type-product","3":"status-publish","4":"has-post-thumbnail","6":"product_cat-djurbehov","7":"product_cat-sma-djurburar","8":"product_cat-sma-djurtillbehor","10":"first","11":"instock","12":"sale","13":"taxable","14":"shipping-taxable","15":"purchasable","16":"product-type-simple"},"yoast_head":"<!-- This site is optimized with the Yoast SEO plugin v25.4 - https:\/\/yoast.com\/wordpress\/plugins\/seo\/ -->\n<title>TRUUSK Hamsterbur f\u00f6r Syriska och Dv\u00e4rg Hamstrar - Plattform - H\u00e4ngbro - Hydda - 85x45x44 cm - TRUUSK - Hem, Tr\u00e4dg\u00e5rd &amp; Fritid<\/title>\n<meta name=\"robots\" content=\"index, follow, max-snippet:-1, max-image-preview:large, max-video-preview:-1\" \/>\n<link rel=\"canonical\" href=\"https:\/\/truusk.store\/sv\/produkt\/truusk-hamsterbur-for-syriska-och-dvarg-hamstrar-plattform-hangbro-hydda-85x45x44-cm\/\" \/>\n<meta property=\"og:locale\" content=\"sv_SE\" \/>\n<meta property=\"og:type\" content=\"article\" \/>\n<meta property=\"og:title\" content=\"TRUUSK Hamsterbur f\u00f6r Syriska och Dv\u00e4rg Hamstrar - Plattform - H\u00e4ngbro - Hydda - 85x45x44 cm - TRUUSK - Hem, Tr\u00e4dg\u00e5rd &amp; Fritid\" \/>\n<meta property=\"og:description\" content=\"Upplev gl\u00e4djen att introducera dina barn till ansvar och n\u00f6jet med ett litet husdjur, med TRUUSK sm\u00e5djursbur &#8211; det perfekta...\" \/>\n<meta property=\"og:url\" content=\"https:\/\/truusk.store\/sv\/produkt\/truusk-hamsterbur-for-syriska-och-dvarg-hamstrar-plattform-hangbro-hydda-85x45x44-cm\/\" \/>\n<meta property=\"og:site_name\" content=\"TRUUSK - Hem, Tr\u00e4dg\u00e5rd &amp; Fritid\" \/>\n<meta property=\"article:modified_time\" content=\"2026-03-12T08:37:05+00:00\" \/>\n<meta property=\"og:image\" content=\"https:\/\/i0.wp.com\/truusk.se\/wp-content\/uploads\/2025\/08\/hamsterbur-for-syriska-hamstrar-och-dvarghamstrar-med-plattform-hangbro-hydda-85x45x44-cm-1.webp?fit=2000%2C2000&ssl=1\" \/>\n\t<meta property=\"og:image:width\" content=\"2000\" \/>\n\t<meta property=\"og:image:height\" content=\"2000\" \/>\n\t<meta property=\"og:image:type\" content=\"image\/webp\" \/>\n<meta name=\"twitter:card\" content=\"summary_large_image\" \/>\n<meta name=\"twitter:label1\" content=\"Ber\u00e4knad l\u00e4stid\" \/>\n\t<meta name=\"twitter:data1\" content=\"1 minut\" \/>\n<!-- \/ Yoast SEO plugin. -->","yoast_head_json":{"title":"TRUUSK Hamsterbur f\u00f6r Syriska och Dv\u00e4rg Hamstrar - Plattform - H\u00e4ngbro - Hydda - 85x45x44 cm - TRUUSK - Hem, Tr\u00e4dg\u00e5rd &amp; Fritid","robots":{"index":"index","follow":"follow","max-snippet":"max-snippet:-1","max-image-preview":"max-image-preview:large","max-video-preview":"max-video-preview:-1"},"canonical":"https:\/\/truusk.store\/sv\/produkt\/truusk-hamsterbur-for-syriska-och-dvarg-hamstrar-plattform-hangbro-hydda-85x45x44-cm\/","og_locale":"sv_SE","og_type":"article","og_title":"TRUUSK Hamsterbur f\u00f6r Syriska och Dv\u00e4rg Hamstrar - Plattform - H\u00e4ngbro - Hydda - 85x45x44 cm - TRUUSK - Hem, Tr\u00e4dg\u00e5rd &amp; Fritid","og_description":"Upplev gl\u00e4djen att introducera dina barn till ansvar och n\u00f6jet med ett litet husdjur, med TRUUSK sm\u00e5djursbur &#8211; det perfekta...","og_url":"https:\/\/truusk.store\/sv\/produkt\/truusk-hamsterbur-for-syriska-och-dvarg-hamstrar-plattform-hangbro-hydda-85x45x44-cm\/","og_site_name":"TRUUSK - Hem, Tr\u00e4dg\u00e5rd &amp; Fritid","article_modified_time":"2026-03-12T08:37:05+00:00","og_image":[{"width":2000,"height":2000,"url":"https:\/\/i0.wp.com\/truusk.se\/wp-content\/uploads\/2025\/08\/hamsterbur-for-syriska-hamstrar-och-dvarghamstrar-med-plattform-hangbro-hydda-85x45x44-cm-1.webp?fit=2000%2C2000&ssl=1","type":"image\/webp"}],"twitter_card":"summary_large_image","twitter_misc":{"Ber\u00e4knad l\u00e4stid":"1 minut"},"schema":{"@context":"https:\/\/schema.org","@graph":[{"@type":"WebPage","@id":"https:\/\/truusk.store\/sv\/produkt\/truusk-hamsterbur-for-syriska-och-dvarg-hamstrar-plattform-hangbro-hydda-85x45x44-cm\/","url":"https:\/\/truusk.store\/sv\/produkt\/truusk-hamsterbur-for-syriska-och-dvarg-hamstrar-plattform-hangbro-hydda-85x45x44-cm\/","name":"TRUUSK Hamsterbur f\u00f6r Syriska och Dv\u00e4rg Hamstrar - Plattform - H\u00e4ngbro - Hydda - 85x45x44 cm - TRUUSK - Hem, Tr\u00e4dg\u00e5rd &amp; Fritid","isPartOf":{"@id":"https:\/\/truusk.store\/sv\/#website"},"primaryImageOfPage":{"@id":"https:\/\/truusk.store\/sv\/produkt\/truusk-hamsterbur-for-syriska-och-dvarg-hamstrar-plattform-hangbro-hydda-85x45x44-cm\/#primaryimage"},"image":{"@id":"https:\/\/truusk.store\/sv\/produkt\/truusk-hamsterbur-for-syriska-och-dvarg-hamstrar-plattform-hangbro-hydda-85x45x44-cm\/#primaryimage"},"thumbnailUrl":"https:\/\/i0.wp.com\/truusk.store\/wp-content\/uploads\/2025\/08\/hamsterbur-for-syriska-hamstrar-och-dvarghamstrar-med-plattform-hangbro-hydda-85x45x44-cm-1.webp?fit=2000%2C2000&ssl=1","datePublished":"2025-08-20T04:49:46+00:00","dateModified":"2026-03-12T08:37:05+00:00","breadcrumb":{"@id":"https:\/\/truusk.store\/sv\/produkt\/truusk-hamsterbur-for-syriska-och-dvarg-hamstrar-plattform-hangbro-hydda-85x45x44-cm\/#breadcrumb"},"inLanguage":"sv-SE","potentialAction":[{"@type":"ReadAction","target":["https:\/\/truusk.store\/sv\/produkt\/truusk-hamsterbur-for-syriska-och-dvarg-hamstrar-plattform-hangbro-hydda-85x45x44-cm\/"]}]},{"@type":"ImageObject","inLanguage":"sv-SE","@id":"https:\/\/truusk.store\/sv\/produkt\/truusk-hamsterbur-for-syriska-och-dvarg-hamstrar-plattform-hangbro-hydda-85x45x44-cm\/#primaryimage","url":"https:\/\/i0.wp.com\/truusk.store\/wp-content\/uploads\/2025\/08\/hamsterbur-for-syriska-hamstrar-och-dvarghamstrar-med-plattform-hangbro-hydda-85x45x44-cm-1.webp?fit=2000%2C2000&ssl=1","contentUrl":"https:\/\/i0.wp.com\/truusk.store\/wp-content\/uploads\/2025\/08\/hamsterbur-for-syriska-hamstrar-och-dvarghamstrar-med-plattform-hangbro-hydda-85x45x44-cm-1.webp?fit=2000%2C2000&ssl=1","width":2000,"height":2000},{"@type":"BreadcrumbList","@id":"https:\/\/truusk.store\/sv\/produkt\/truusk-hamsterbur-for-syriska-och-dvarg-hamstrar-plattform-hangbro-hydda-85x45x44-cm\/#breadcrumb","itemListElement":[{"@type":"ListItem","position":1,"name":"Home","item":"https:\/\/truusk.store\/sv\/"},{"@type":"ListItem","position":2,"name":"Shop","item":"https:\/\/truusk.store\/shop\/"},{"@type":"ListItem","position":3,"name":"TRUUSK Hamsterbur f\u00f6r Syriska och Dv\u00e4rg Hamstrar &#8211; Plattform &#8211; H\u00e4ngbro &#8211; Hydda &#8211; 85x45x44 cm"}]},{"@type":"WebSite","@id":"https:\/\/truusk.store\/sv\/#website","url":"https:\/\/truusk.store\/sv\/","name":"TRUUSK - Hem, Tr\u00e4dg\u00e5rd & Fritid","description":"","publisher":{"@id":"https:\/\/truusk.store\/sv\/#organization"},"potentialAction":[{"@type":"SearchAction","target":{"@type":"EntryPoint","urlTemplate":"https:\/\/truusk.store\/sv\/?s={search_term_string}"},"query-input":{"@type":"PropertyValueSpecification","valueRequired":true,"valueName":"search_term_string"}}],"inLanguage":"sv-SE"},{"@type":"Organization","@id":"https:\/\/truusk.store\/sv\/#organization","name":"TRUUSK - Hem, Tr\u00e4dg\u00e5rd & Fritid","url":"https:\/\/truusk.store\/sv\/","logo":{"@type":"ImageObject","inLanguage":"sv-SE","@id":"https:\/\/truusk.store\/sv\/#\/schema\/logo\/image\/","url":"https:\/\/i0.wp.com\/truusk.store\/wp-content\/uploads\/2026\/03\/cropped-TRUUSK.png?fit=2032%2C917&ssl=1","contentUrl":"https:\/\/i0.wp.com\/truusk.store\/wp-content\/uploads\/2026\/03\/cropped-TRUUSK.png?fit=2032%2C917&ssl=1","width":2032,"height":917,"caption":"TRUUSK - Hem, Tr\u00e4dg\u00e5rd & Fritid"},"image":{"@id":"https:\/\/truusk.store\/sv\/#\/schema\/logo\/image\/"}}]}},"jetpack_sharing_enabled":true,"_links":{"self":[{"href":"https:\/\/truusk.store\/sv\/wp-json\/wp\/v2\/product\/87128","targetHints":{"allow":["GET"]}}],"collection":[{"href":"https:\/\/truusk.store\/sv\/wp-json\/wp\/v2\/product"}],"about":[{"href":"https:\/\/truusk.store\/sv\/wp-json\/wp\/v2\/types\/product"}],"wp:featuredmedia":[{"embeddable":true,"href":"https:\/\/truusk.store\/sv\/wp-json\/wp\/v2\/media\/87119"}],"wp:attachment":[{"href":"https:\/\/truusk.store\/sv\/wp-json\/wp\/v2\/media?parent=87128"}],"wp:term":[{"taxonomy":"product_brand","embeddable":true,"href":"https:\/\/truusk.store\/sv\/wp-json\/wp\/v2\/product_brand?post=87128"},{"taxonomy":"product_cat","embeddable":true,"href":"https:\/\/truusk.store\/sv\/wp-json\/wp\/v2\/product_cat?post=87128"},{"taxonomy":"product_tag","embeddable":true,"href":"https:\/\/truusk.store\/sv\/wp-json\/wp\/v2\/product_tag?post=87128"}],"curies":[{"name":"wp","href":"https:\/\/api.w.org\/{rel}","templated":true}]}}