{"id":8713,"date":"2024-02-13T09:25:43","date_gmt":"2024-02-13T08:25:43","guid":{"rendered":"https:\/\/truusk.store\/product\/rullbehallare-mobilt-arkivskap-med-3-lador-kontorsskap-forvaring-stal-vit-39-x-48-x-59-cm\/"},"modified":"2026-03-12T08:55:50","modified_gmt":"2026-03-12T07:55:50","slug":"truusk-mobilt-arkivskap-med-3-lador-for-kontor-och-forvaring-stal-vit-39-x-48-x-59-cm","status":"publish","type":"product","link":"https:\/\/truusk.store\/sv\/produkt\/truusk-mobilt-arkivskap-med-3-lador-for-kontor-och-forvaring-stal-vit-39-x-48-x-59-cm\/","title":{"rendered":"TRUUSK Mobilt Arkivsk\u00e5p Med 3 L\u00e5dor &#8211; F\u00f6r Kontor och F\u00f6rvaring &#8211; St\u00e5l &#8211; Vit &#8211; 39 x 48 x 59 cm"},"content":{"rendered":"<p>H\u00e5ll dina viktiga dokument organiserade, s\u00e4kra och skyddade med dessa mobila arkivsk\u00e5p. Detta arkivsk\u00e5p erbjuder gott om f\u00f6rvaringsutrymme, det har 2 l\u00e5dor f\u00f6r ditt kontorsmaterial och en stor l\u00e5da f\u00f6r upph\u00e4ngning av mappar och andra viktiga dokument. Denna vertikala design har en attraktiv finish och \u00e4r kompakt byggd f\u00f6r mindre utrymmen, perfekt f\u00f6r ditt hem eller kontor. Tack vare sina 4 rundstr\u00e5lande hjul \u00e4r den l\u00e4tt att flytta runt hemma eller p\u00e5 kontoret. Tillverkade av slitstarkt st\u00e5l, kan arkivsk\u00e5pen anv\u00e4ndas i \u00e5ratal. Dessutom har den \u00f6versta l\u00e5dan ett l\u00e5s som kan l\u00e5sa alla tre l\u00e5dorna samtidigt f\u00f6r att skydda din integritet.<\/p>\n<h3>Beskrivning:<\/h3>\n<ul>\n<li>Passar bra i alla kontorsinredningar, passar under de flesta skrivbord eller hemstudier<\/li>\n<li>Gott om lagringsutrymme f\u00f6r filer och andra viktiga dokument<\/li>\n<li>En stor l\u00e5da f\u00f6r h\u00e4ngande filer (laglig storlek, A4, letter-format)<\/li>\n<li>4 rundstr\u00e5lande hjul f\u00f6r enkel r\u00f6relse<\/li>\n<li>1 hjul under mappl\u00e5dan f\u00f6rhindrar tippning<\/li>\n<li>Kallvalsad st\u00e5lkonstruktion f\u00f6r styrka och stabilitet<\/li>\n<li>Utrustad med 1 pennask, positionen kan justeras<\/li>\n<li>1 l\u00e5s s\u00e4krar alla tre l\u00e5dorna<\/li>\n<li>Montering kr\u00e4vs<\/li>\n<\/ul>\n<h3>Teknisk data:<\/h3>\n<ul>\n<li>F\u00e4rg vit<\/li>\n<li>Material: st\u00e5l<\/li>\n<li>\u00d6vergripande m\u00e5tt: B39 x D48 x H59cm<\/li>\n<li>L\u00e5dm\u00e5tt: B32,6 x D43,2 x H7 cm (standard), B32,6 x D43,2 x H23,8 cm (stor)<\/li>\n<li>Lastkapacitet: 15 kg (per l\u00e5da), 50 kg (totalt)<\/li>\n<li>Nettovikt: 19,5 kg<\/li>\n<\/ul>\n<h3>Leveransens omfattning:<\/h3>\n<ul>\n<li>1 x Arkivsk\u00e5p<\/li>\n<li>1 x manuell<\/li>\n<li>2 x nycklar<\/li>\n<\/ul>\n","protected":false},"excerpt":{"rendered":"<p>H\u00e5ll dina viktiga dokument organiserade, s\u00e4kra och skyddade med dessa mobila arkivsk\u00e5p. Detta arkivsk\u00e5p erbjuder gott om f\u00f6rvaringsutrymme, det har&#8230;<\/p>\n","protected":false},"featured_media":8714,"template":"","meta":[],"product_brand":[],"product_cat":[533,485,528],"product_tag":[],"class_list":{"0":"post-8713","1":"product","2":"type-product","3":"status-publish","4":"has-post-thumbnail","6":"product_cat-arkivskap-rullcontainer","7":"product_cat-hus-bo","8":"product_cat-skap-byraer","10":"first","11":"instock","12":"sale","13":"taxable","14":"shipping-taxable","15":"purchasable","16":"product-type-simple"},"yoast_head":"<!-- This site is optimized with the Yoast SEO plugin v25.4 - https:\/\/yoast.com\/wordpress\/plugins\/seo\/ -->\n<title>TRUUSK Mobilt Arkivsk\u00e5p Med 3 L\u00e5dor - F\u00f6r Kontor och F\u00f6rvaring - St\u00e5l - Vit - 39 x 48 x 59 cm - TRUUSK - Hem, Tr\u00e4dg\u00e5rd &amp; Fritid<\/title>\n<meta name=\"robots\" content=\"index, follow, max-snippet:-1, max-image-preview:large, max-video-preview:-1\" \/>\n<link rel=\"canonical\" href=\"https:\/\/truusk.store\/sv\/produkt\/truusk-mobilt-arkivskap-med-3-lador-for-kontor-och-forvaring-stal-vit-39-x-48-x-59-cm\/\" \/>\n<meta property=\"og:locale\" content=\"sv_SE\" \/>\n<meta property=\"og:type\" content=\"article\" \/>\n<meta property=\"og:title\" content=\"TRUUSK Mobilt Arkivsk\u00e5p Med 3 L\u00e5dor - F\u00f6r Kontor och F\u00f6rvaring - St\u00e5l - Vit - 39 x 48 x 59 cm - TRUUSK - Hem, Tr\u00e4dg\u00e5rd &amp; Fritid\" \/>\n<meta property=\"og:description\" content=\"H\u00e5ll dina viktiga dokument organiserade, s\u00e4kra och skyddade med dessa mobila arkivsk\u00e5p. Detta arkivsk\u00e5p erbjuder gott om f\u00f6rvaringsutrymme, det har...\" \/>\n<meta property=\"og:url\" content=\"https:\/\/truusk.store\/sv\/produkt\/truusk-mobilt-arkivskap-med-3-lador-for-kontor-och-forvaring-stal-vit-39-x-48-x-59-cm\/\" \/>\n<meta property=\"og:site_name\" content=\"TRUUSK - Hem, Tr\u00e4dg\u00e5rd &amp; Fritid\" \/>\n<meta property=\"article:modified_time\" content=\"2026-03-12T07:55:50+00:00\" \/>\n<meta property=\"og:image\" content=\"https:\/\/i0.wp.com\/truusk.se\/wp-content\/uploads\/2024\/02\/rullbehallare-mobilt-arkivskap-med-3-lador-kontorsskap-forvaring-stal-vit-39-x-48-x-59-cm.webp?fit=800%2C800&ssl=1\" \/>\n\t<meta property=\"og:image:width\" content=\"800\" \/>\n\t<meta property=\"og:image:height\" content=\"800\" \/>\n\t<meta property=\"og:image:type\" content=\"image\/webp\" \/>\n<meta name=\"twitter:card\" content=\"summary_large_image\" \/>\n<meta name=\"twitter:label1\" content=\"Ber\u00e4knad l\u00e4stid\" \/>\n\t<meta name=\"twitter:data1\" content=\"1 minut\" \/>\n<!-- \/ Yoast SEO plugin. -->","yoast_head_json":{"title":"TRUUSK Mobilt Arkivsk\u00e5p Med 3 L\u00e5dor - F\u00f6r Kontor och F\u00f6rvaring - St\u00e5l - Vit - 39 x 48 x 59 cm - TRUUSK - Hem, Tr\u00e4dg\u00e5rd &amp; Fritid","robots":{"index":"index","follow":"follow","max-snippet":"max-snippet:-1","max-image-preview":"max-image-preview:large","max-video-preview":"max-video-preview:-1"},"canonical":"https:\/\/truusk.store\/sv\/produkt\/truusk-mobilt-arkivskap-med-3-lador-for-kontor-och-forvaring-stal-vit-39-x-48-x-59-cm\/","og_locale":"sv_SE","og_type":"article","og_title":"TRUUSK Mobilt Arkivsk\u00e5p Med 3 L\u00e5dor - F\u00f6r Kontor och F\u00f6rvaring - St\u00e5l - Vit - 39 x 48 x 59 cm - TRUUSK - Hem, Tr\u00e4dg\u00e5rd &amp; Fritid","og_description":"H\u00e5ll dina viktiga dokument organiserade, s\u00e4kra och skyddade med dessa mobila arkivsk\u00e5p. Detta arkivsk\u00e5p erbjuder gott om f\u00f6rvaringsutrymme, det har...","og_url":"https:\/\/truusk.store\/sv\/produkt\/truusk-mobilt-arkivskap-med-3-lador-for-kontor-och-forvaring-stal-vit-39-x-48-x-59-cm\/","og_site_name":"TRUUSK - Hem, Tr\u00e4dg\u00e5rd &amp; Fritid","article_modified_time":"2026-03-12T07:55:50+00:00","og_image":[{"width":800,"height":800,"url":"https:\/\/i0.wp.com\/truusk.se\/wp-content\/uploads\/2024\/02\/rullbehallare-mobilt-arkivskap-med-3-lador-kontorsskap-forvaring-stal-vit-39-x-48-x-59-cm.webp?fit=800%2C800&ssl=1","type":"image\/webp"}],"twitter_card":"summary_large_image","twitter_misc":{"Ber\u00e4knad l\u00e4stid":"1 minut"},"schema":{"@context":"https:\/\/schema.org","@graph":[{"@type":"WebPage","@id":"https:\/\/truusk.store\/sv\/produkt\/truusk-mobilt-arkivskap-med-3-lador-for-kontor-och-forvaring-stal-vit-39-x-48-x-59-cm\/","url":"https:\/\/truusk.store\/sv\/produkt\/truusk-mobilt-arkivskap-med-3-lador-for-kontor-och-forvaring-stal-vit-39-x-48-x-59-cm\/","name":"TRUUSK Mobilt Arkivsk\u00e5p Med 3 L\u00e5dor - F\u00f6r Kontor och F\u00f6rvaring - St\u00e5l - Vit - 39 x 48 x 59 cm - TRUUSK - Hem, Tr\u00e4dg\u00e5rd &amp; Fritid","isPartOf":{"@id":"https:\/\/truusk.store\/sv\/#website"},"primaryImageOfPage":{"@id":"https:\/\/truusk.store\/sv\/produkt\/truusk-mobilt-arkivskap-med-3-lador-for-kontor-och-forvaring-stal-vit-39-x-48-x-59-cm\/#primaryimage"},"image":{"@id":"https:\/\/truusk.store\/sv\/produkt\/truusk-mobilt-arkivskap-med-3-lador-for-kontor-och-forvaring-stal-vit-39-x-48-x-59-cm\/#primaryimage"},"thumbnailUrl":"https:\/\/i0.wp.com\/truusk.store\/wp-content\/uploads\/2024\/02\/rullbehallare-mobilt-arkivskap-med-3-lador-kontorsskap-forvaring-stal-vit-39-x-48-x-59-cm.webp?fit=800%2C800&ssl=1","datePublished":"2024-02-13T08:25:43+00:00","dateModified":"2026-03-12T07:55:50+00:00","breadcrumb":{"@id":"https:\/\/truusk.store\/sv\/produkt\/truusk-mobilt-arkivskap-med-3-lador-for-kontor-och-forvaring-stal-vit-39-x-48-x-59-cm\/#breadcrumb"},"inLanguage":"sv-SE","potentialAction":[{"@type":"ReadAction","target":["https:\/\/truusk.store\/sv\/produkt\/truusk-mobilt-arkivskap-med-3-lador-for-kontor-och-forvaring-stal-vit-39-x-48-x-59-cm\/"]}]},{"@type":"ImageObject","inLanguage":"sv-SE","@id":"https:\/\/truusk.store\/sv\/produkt\/truusk-mobilt-arkivskap-med-3-lador-for-kontor-och-forvaring-stal-vit-39-x-48-x-59-cm\/#primaryimage","url":"https:\/\/i0.wp.com\/truusk.store\/wp-content\/uploads\/2024\/02\/rullbehallare-mobilt-arkivskap-med-3-lador-kontorsskap-forvaring-stal-vit-39-x-48-x-59-cm.webp?fit=800%2C800&ssl=1","contentUrl":"https:\/\/i0.wp.com\/truusk.store\/wp-content\/uploads\/2024\/02\/rullbehallare-mobilt-arkivskap-med-3-lador-kontorsskap-forvaring-stal-vit-39-x-48-x-59-cm.webp?fit=800%2C800&ssl=1","width":800,"height":800,"caption":"Rullbeh\u00e5llare, Mobilt Arkivsk\u00e5p Med 3 L\u00e5dor, Kontorssk\u00e5p, F\u00f6rvaring, St\u00e5l, Vit, 39 X 48 X 59 Cm 1"},{"@type":"BreadcrumbList","@id":"https:\/\/truusk.store\/sv\/produkt\/truusk-mobilt-arkivskap-med-3-lador-for-kontor-och-forvaring-stal-vit-39-x-48-x-59-cm\/#breadcrumb","itemListElement":[{"@type":"ListItem","position":1,"name":"Home","item":"https:\/\/truusk.store\/sv\/"},{"@type":"ListItem","position":2,"name":"Shop","item":"https:\/\/truusk.store\/shop\/"},{"@type":"ListItem","position":3,"name":"TRUUSK Mobilt Arkivsk\u00e5p Med 3 L\u00e5dor &#8211; F\u00f6r Kontor och F\u00f6rvaring &#8211; St\u00e5l &#8211; Vit &#8211; 39 x 48 x 59 cm"}]},{"@type":"WebSite","@id":"https:\/\/truusk.store\/sv\/#website","url":"https:\/\/truusk.store\/sv\/","name":"TRUUSK - Hem, Tr\u00e4dg\u00e5rd & Fritid","description":"","publisher":{"@id":"https:\/\/truusk.store\/sv\/#organization"},"potentialAction":[{"@type":"SearchAction","target":{"@type":"EntryPoint","urlTemplate":"https:\/\/truusk.store\/sv\/?s={search_term_string}"},"query-input":{"@type":"PropertyValueSpecification","valueRequired":true,"valueName":"search_term_string"}}],"inLanguage":"sv-SE"},{"@type":"Organization","@id":"https:\/\/truusk.store\/sv\/#organization","name":"TRUUSK - Hem, Tr\u00e4dg\u00e5rd & Fritid","url":"https:\/\/truusk.store\/sv\/","logo":{"@type":"ImageObject","inLanguage":"sv-SE","@id":"https:\/\/truusk.store\/sv\/#\/schema\/logo\/image\/","url":"https:\/\/i0.wp.com\/truusk.store\/wp-content\/uploads\/2026\/03\/cropped-TRUUSK.png?fit=2032%2C917&ssl=1","contentUrl":"https:\/\/i0.wp.com\/truusk.store\/wp-content\/uploads\/2026\/03\/cropped-TRUUSK.png?fit=2032%2C917&ssl=1","width":2032,"height":917,"caption":"TRUUSK - Hem, Tr\u00e4dg\u00e5rd & Fritid"},"image":{"@id":"https:\/\/truusk.store\/sv\/#\/schema\/logo\/image\/"}}]}},"jetpack_sharing_enabled":true,"_links":{"self":[{"href":"https:\/\/truusk.store\/sv\/wp-json\/wp\/v2\/product\/8713","targetHints":{"allow":["GET"]}}],"collection":[{"href":"https:\/\/truusk.store\/sv\/wp-json\/wp\/v2\/product"}],"about":[{"href":"https:\/\/truusk.store\/sv\/wp-json\/wp\/v2\/types\/product"}],"wp:featuredmedia":[{"embeddable":true,"href":"https:\/\/truusk.store\/sv\/wp-json\/wp\/v2\/media\/8714"}],"wp:attachment":[{"href":"https:\/\/truusk.store\/sv\/wp-json\/wp\/v2\/media?parent=8713"}],"wp:term":[{"taxonomy":"product_brand","embeddable":true,"href":"https:\/\/truusk.store\/sv\/wp-json\/wp\/v2\/product_brand?post=8713"},{"taxonomy":"product_cat","embeddable":true,"href":"https:\/\/truusk.store\/sv\/wp-json\/wp\/v2\/product_cat?post=8713"},{"taxonomy":"product_tag","embeddable":true,"href":"https:\/\/truusk.store\/sv\/wp-json\/wp\/v2\/product_tag?post=8713"}],"curies":[{"name":"wp","href":"https:\/\/api.w.org\/{rel}","templated":true}]}}