{"id":87158,"date":"2025-08-20T05:52:23","date_gmt":"2025-08-20T04:52:23","guid":{"rendered":"https:\/\/truusk.store\/product\/agility-set-for-hundar-4-delar-inkl-barvaska-plast-89x69x99-cm-vitorange\/"},"modified":"2026-03-12T09:37:18","modified_gmt":"2026-03-12T08:37:18","slug":"truusk-agility-set-for-hundar-4-delar-inkl-barvaska-plast-89x69x99-cm-vitorange","status":"publish","type":"product","link":"https:\/\/truusk.store\/sv\/produkt\/truusk-agility-set-for-hundar-4-delar-inkl-barvaska-plast-89x69x99-cm-vitorange\/","title":{"rendered":"TRUUSK Agility-set f\u00f6r Hundar &#8211; 4-delar &#8211; Inkl. B\u00e4rv\u00e4ska &#8211; Plast &#8211; 89x69x99 cm &#8211; Vit+Orange"},"content":{"rendered":"<p>Sl\u00e4pp loss din hunds fulla potential med v\u00e5rt Agility-set! Detta 4-delade set erbjuder allt du beh\u00f6ver f\u00f6r effektiv tr\u00e4ning. Fr\u00e4mja din fyrbenta v\u00e4ns skicklighet och n\u00f6je medan han bem\u00e4strar utmanande hinder. Tack vare den praktiska Oxford-b\u00e4rp\u00e5sen \u00e4r setet l\u00e4tt att transportera och f\u00f6rvara. Njut av gemensamma, aktiva timmar!<\/p>\n<p>Beskrivning:<\/p>\n<ul>\n<li> 4-delat hundagilityset f\u00f6r komplett agilitytr\u00e4ning<\/li>\n<li> Enkel transport med 600D Oxford-b\u00e4rp\u00e5se f\u00f6r f\u00f6rvaring<\/li>\n<li> Tillverkad av plast f\u00f6r stabilitet<\/li>\n<li> Fyra markpinnar f\u00f6r stabilitet p\u00e5 plana ytor<\/li>\n<li> Utmanande kurvor och hinder f\u00f6r att utveckla koordination<\/li>\n<li> Fr\u00e4mjar din hunds r\u00f6relse och berikar den gemensamma tiden du tillbringar med ditt husdjur<\/li>\n<li> Snabb montering och demontering f\u00f6r enkel tr\u00e4ning<\/li>\n<\/ul>\n<p>Tekniska data:<\/p>\n<ul>\n<li> F\u00e4rg: Vit+Orange<\/li>\n<li> Material: PE, ABS, Oxford<\/li>\n<li> M\u00e5tt: 89L x 69B x 99H cm<\/li>\n<li> L\u00e4ngd L2 markpinne: 30 cm<\/li>\n<li> Horisontell st\u00e5ngl\u00e4ngd: 81 cm<\/li>\n<li> Vertikal st\u00e5ng h\u00f6jd: 40 cm<\/li>\n<li> Slangl\u00e4ngd: 74 cm<\/li>\n<\/ul>\n<p>Leveransinneh\u00e5ll:<\/p>\n<ul>\n<li> 1 x Husdjur Agility Set<\/li>\n<li> 1 x B\u00e4rp\u00e5se<\/li>\n<li> 4 x U-formade markpinnar<\/li>\n<li> 1 x Instruktioner<\/li>\n<\/ul>\n","protected":false},"excerpt":{"rendered":"<p>Sl\u00e4pp loss din hunds fulla potential med v\u00e5rt Agility-set! Detta 4-delade set erbjuder allt du beh\u00f6ver f\u00f6r effektiv tr\u00e4ning. Fr\u00e4mja&#8230;<\/p>\n","protected":false},"featured_media":87149,"template":"","meta":[],"product_brand":[],"product_cat":[578,895,574],"product_tag":[],"class_list":{"0":"post-87158","1":"product","2":"type-product","3":"status-publish","4":"has-post-thumbnail","6":"product_cat-agility-set","7":"product_cat-djurutrustning","8":"product_cat-hundtillbehor","10":"first","11":"instock","12":"sale","13":"taxable","14":"shipping-taxable","15":"purchasable","16":"product-type-simple"},"yoast_head":"<!-- This site is optimized with the Yoast SEO plugin v25.4 - https:\/\/yoast.com\/wordpress\/plugins\/seo\/ -->\n<title>TRUUSK Agility-set f\u00f6r Hundar - 4-delar - Inkl. B\u00e4rv\u00e4ska - Plast - 89x69x99 cm - Vit+Orange - TRUUSK - Hem, Tr\u00e4dg\u00e5rd &amp; Fritid<\/title>\n<meta name=\"robots\" content=\"index, follow, max-snippet:-1, max-image-preview:large, max-video-preview:-1\" \/>\n<link rel=\"canonical\" href=\"https:\/\/truusk.store\/sv\/produkt\/truusk-agility-set-for-hundar-4-delar-inkl-barvaska-plast-89x69x99-cm-vitorange\/\" \/>\n<meta property=\"og:locale\" content=\"sv_SE\" \/>\n<meta property=\"og:type\" content=\"article\" \/>\n<meta property=\"og:title\" content=\"TRUUSK Agility-set f\u00f6r Hundar - 4-delar - Inkl. B\u00e4rv\u00e4ska - Plast - 89x69x99 cm - Vit+Orange - TRUUSK - Hem, Tr\u00e4dg\u00e5rd &amp; Fritid\" \/>\n<meta property=\"og:description\" content=\"Sl\u00e4pp loss din hunds fulla potential med v\u00e5rt Agility-set! Detta 4-delade set erbjuder allt du beh\u00f6ver f\u00f6r effektiv tr\u00e4ning. Fr\u00e4mja...\" \/>\n<meta property=\"og:url\" content=\"https:\/\/truusk.store\/sv\/produkt\/truusk-agility-set-for-hundar-4-delar-inkl-barvaska-plast-89x69x99-cm-vitorange\/\" \/>\n<meta property=\"og:site_name\" content=\"TRUUSK - Hem, Tr\u00e4dg\u00e5rd &amp; Fritid\" \/>\n<meta property=\"article:modified_time\" content=\"2026-03-12T08:37:18+00:00\" \/>\n<meta property=\"og:image\" content=\"https:\/\/i0.wp.com\/truusk.se\/wp-content\/uploads\/2025\/08\/agility-set-for-hundar-4-delar-inkl-barvaska-plast-89x69x99-cm-vitorange-1.webp?fit=1600%2C1600&ssl=1\" \/>\n\t<meta property=\"og:image:width\" content=\"1600\" \/>\n\t<meta property=\"og:image:height\" content=\"1600\" \/>\n\t<meta property=\"og:image:type\" content=\"image\/webp\" \/>\n<meta name=\"twitter:card\" content=\"summary_large_image\" \/>\n<meta name=\"twitter:label1\" content=\"Ber\u00e4knad l\u00e4stid\" \/>\n\t<meta name=\"twitter:data1\" content=\"1 minut\" \/>\n<!-- \/ Yoast SEO plugin. -->","yoast_head_json":{"title":"TRUUSK Agility-set f\u00f6r Hundar - 4-delar - Inkl. B\u00e4rv\u00e4ska - Plast - 89x69x99 cm - Vit+Orange - TRUUSK - Hem, Tr\u00e4dg\u00e5rd &amp; Fritid","robots":{"index":"index","follow":"follow","max-snippet":"max-snippet:-1","max-image-preview":"max-image-preview:large","max-video-preview":"max-video-preview:-1"},"canonical":"https:\/\/truusk.store\/sv\/produkt\/truusk-agility-set-for-hundar-4-delar-inkl-barvaska-plast-89x69x99-cm-vitorange\/","og_locale":"sv_SE","og_type":"article","og_title":"TRUUSK Agility-set f\u00f6r Hundar - 4-delar - Inkl. B\u00e4rv\u00e4ska - Plast - 89x69x99 cm - Vit+Orange - TRUUSK - Hem, Tr\u00e4dg\u00e5rd &amp; Fritid","og_description":"Sl\u00e4pp loss din hunds fulla potential med v\u00e5rt Agility-set! Detta 4-delade set erbjuder allt du beh\u00f6ver f\u00f6r effektiv tr\u00e4ning. Fr\u00e4mja...","og_url":"https:\/\/truusk.store\/sv\/produkt\/truusk-agility-set-for-hundar-4-delar-inkl-barvaska-plast-89x69x99-cm-vitorange\/","og_site_name":"TRUUSK - Hem, Tr\u00e4dg\u00e5rd &amp; Fritid","article_modified_time":"2026-03-12T08:37:18+00:00","og_image":[{"width":1600,"height":1600,"url":"https:\/\/i0.wp.com\/truusk.se\/wp-content\/uploads\/2025\/08\/agility-set-for-hundar-4-delar-inkl-barvaska-plast-89x69x99-cm-vitorange-1.webp?fit=1600%2C1600&ssl=1","type":"image\/webp"}],"twitter_card":"summary_large_image","twitter_misc":{"Ber\u00e4knad l\u00e4stid":"1 minut"},"schema":{"@context":"https:\/\/schema.org","@graph":[{"@type":"WebPage","@id":"https:\/\/truusk.store\/sv\/produkt\/truusk-agility-set-for-hundar-4-delar-inkl-barvaska-plast-89x69x99-cm-vitorange\/","url":"https:\/\/truusk.store\/sv\/produkt\/truusk-agility-set-for-hundar-4-delar-inkl-barvaska-plast-89x69x99-cm-vitorange\/","name":"TRUUSK Agility-set f\u00f6r Hundar - 4-delar - Inkl. B\u00e4rv\u00e4ska - Plast - 89x69x99 cm - Vit+Orange - TRUUSK - Hem, Tr\u00e4dg\u00e5rd &amp; Fritid","isPartOf":{"@id":"https:\/\/truusk.store\/sv\/#website"},"primaryImageOfPage":{"@id":"https:\/\/truusk.store\/sv\/produkt\/truusk-agility-set-for-hundar-4-delar-inkl-barvaska-plast-89x69x99-cm-vitorange\/#primaryimage"},"image":{"@id":"https:\/\/truusk.store\/sv\/produkt\/truusk-agility-set-for-hundar-4-delar-inkl-barvaska-plast-89x69x99-cm-vitorange\/#primaryimage"},"thumbnailUrl":"https:\/\/i0.wp.com\/truusk.store\/wp-content\/uploads\/2025\/08\/agility-set-for-hundar-4-delar-inkl-barvaska-plast-89x69x99-cm-vitorange-1.webp?fit=1600%2C1600&ssl=1","datePublished":"2025-08-20T04:52:23+00:00","dateModified":"2026-03-12T08:37:18+00:00","breadcrumb":{"@id":"https:\/\/truusk.store\/sv\/produkt\/truusk-agility-set-for-hundar-4-delar-inkl-barvaska-plast-89x69x99-cm-vitorange\/#breadcrumb"},"inLanguage":"sv-SE","potentialAction":[{"@type":"ReadAction","target":["https:\/\/truusk.store\/sv\/produkt\/truusk-agility-set-for-hundar-4-delar-inkl-barvaska-plast-89x69x99-cm-vitorange\/"]}]},{"@type":"ImageObject","inLanguage":"sv-SE","@id":"https:\/\/truusk.store\/sv\/produkt\/truusk-agility-set-for-hundar-4-delar-inkl-barvaska-plast-89x69x99-cm-vitorange\/#primaryimage","url":"https:\/\/i0.wp.com\/truusk.store\/wp-content\/uploads\/2025\/08\/agility-set-for-hundar-4-delar-inkl-barvaska-plast-89x69x99-cm-vitorange-1.webp?fit=1600%2C1600&ssl=1","contentUrl":"https:\/\/i0.wp.com\/truusk.store\/wp-content\/uploads\/2025\/08\/agility-set-for-hundar-4-delar-inkl-barvaska-plast-89x69x99-cm-vitorange-1.webp?fit=1600%2C1600&ssl=1","width":1600,"height":1600},{"@type":"BreadcrumbList","@id":"https:\/\/truusk.store\/sv\/produkt\/truusk-agility-set-for-hundar-4-delar-inkl-barvaska-plast-89x69x99-cm-vitorange\/#breadcrumb","itemListElement":[{"@type":"ListItem","position":1,"name":"Home","item":"https:\/\/truusk.store\/sv\/"},{"@type":"ListItem","position":2,"name":"Shop","item":"https:\/\/truusk.store\/shop\/"},{"@type":"ListItem","position":3,"name":"TRUUSK Agility-set f\u00f6r Hundar &#8211; 4-delar &#8211; Inkl. B\u00e4rv\u00e4ska &#8211; Plast &#8211; 89x69x99 cm &#8211; Vit+Orange"}]},{"@type":"WebSite","@id":"https:\/\/truusk.store\/sv\/#website","url":"https:\/\/truusk.store\/sv\/","name":"TRUUSK - Hem, Tr\u00e4dg\u00e5rd & Fritid","description":"","publisher":{"@id":"https:\/\/truusk.store\/sv\/#organization"},"potentialAction":[{"@type":"SearchAction","target":{"@type":"EntryPoint","urlTemplate":"https:\/\/truusk.store\/sv\/?s={search_term_string}"},"query-input":{"@type":"PropertyValueSpecification","valueRequired":true,"valueName":"search_term_string"}}],"inLanguage":"sv-SE"},{"@type":"Organization","@id":"https:\/\/truusk.store\/sv\/#organization","name":"TRUUSK - Hem, Tr\u00e4dg\u00e5rd & Fritid","url":"https:\/\/truusk.store\/sv\/","logo":{"@type":"ImageObject","inLanguage":"sv-SE","@id":"https:\/\/truusk.store\/sv\/#\/schema\/logo\/image\/","url":"https:\/\/i0.wp.com\/truusk.store\/wp-content\/uploads\/2026\/03\/cropped-TRUUSK.png?fit=2032%2C917&ssl=1","contentUrl":"https:\/\/i0.wp.com\/truusk.store\/wp-content\/uploads\/2026\/03\/cropped-TRUUSK.png?fit=2032%2C917&ssl=1","width":2032,"height":917,"caption":"TRUUSK - Hem, Tr\u00e4dg\u00e5rd & Fritid"},"image":{"@id":"https:\/\/truusk.store\/sv\/#\/schema\/logo\/image\/"}}]}},"jetpack_sharing_enabled":true,"_links":{"self":[{"href":"https:\/\/truusk.store\/sv\/wp-json\/wp\/v2\/product\/87158","targetHints":{"allow":["GET"]}}],"collection":[{"href":"https:\/\/truusk.store\/sv\/wp-json\/wp\/v2\/product"}],"about":[{"href":"https:\/\/truusk.store\/sv\/wp-json\/wp\/v2\/types\/product"}],"wp:featuredmedia":[{"embeddable":true,"href":"https:\/\/truusk.store\/sv\/wp-json\/wp\/v2\/media\/87149"}],"wp:attachment":[{"href":"https:\/\/truusk.store\/sv\/wp-json\/wp\/v2\/media?parent=87158"}],"wp:term":[{"taxonomy":"product_brand","embeddable":true,"href":"https:\/\/truusk.store\/sv\/wp-json\/wp\/v2\/product_brand?post=87158"},{"taxonomy":"product_cat","embeddable":true,"href":"https:\/\/truusk.store\/sv\/wp-json\/wp\/v2\/product_cat?post=87158"},{"taxonomy":"product_tag","embeddable":true,"href":"https:\/\/truusk.store\/sv\/wp-json\/wp\/v2\/product_tag?post=87158"}],"curies":[{"name":"wp","href":"https:\/\/api.w.org\/{rel}","templated":true}]}}