{"id":87168,"date":"2025-08-20T05:53:32","date_gmt":"2025-08-20T04:53:32","guid":{"rendered":"https:\/\/truusk.store\/product\/sportnow-badminton-set-med-2-racketar-3-fjaderbollar-hojdjusterbar-107-155-cm-svart-gron\/"},"modified":"2026-03-12T09:37:19","modified_gmt":"2026-03-12T08:37:19","slug":"truusk-badmintonset-med-2-racketar-3-fjaderbollar-justerbar-hojd-107-155-cm-svart-gron","status":"publish","type":"product","link":"https:\/\/truusk.store\/sv\/produkt\/truusk-badmintonset-med-2-racketar-3-fjaderbollar-justerbar-hojd-107-155-cm-svart-gron\/","title":{"rendered":"TRUUSK Badmintonset med 2 racketar &#8211; 3 fj\u00e4derbollar &#8211; Justerbar h\u00f6jd 107-155 cm &#8211; Svart-Gr\u00f6n"},"content":{"rendered":"<p>Uppt\u00e4ck det m\u00e5ngsidiga SPORTNOW badmintonn\u00e4tsetet &#8211; din perfekta f\u00f6ljeslagare f\u00f6r sportaktiviteter! Detta kompletta badmintonn\u00e4tset inneh\u00e5ller h\u00f6gkvalitativa racketar och bollar f\u00f6r badminton, pickleball och volleyboll, ett justerbart n\u00e4t (107-155 cm) samt en luftpump. Oavsett om det \u00e4r i tr\u00e4dg\u00e5rden, p\u00e5 stranden eller i skolan &#8211; du kan spela var som helst! Fr\u00e4mja din kondition och njut av roliga, aktiva stunder med v\u00e4nner och familj.<\/p>\n<p>Beskrivning:<\/p>\n<ul>\n<li> Komplett sportset SPORTNOW: 2 badmintonracketar, 3 fj\u00e4derbollar, 2 pickleballracketar, 2 pickleballbollar, 1 volleyboll, 1 n\u00e4t med stativ och 1 pump<\/li>\n<li> H\u00f6jdjusterbar fr\u00e5n 107 till 155 cm f\u00f6r badminton, pickleball och volleyboll<\/li>\n<li> Robust, korrosionsbest\u00e4ndig metallram f\u00f6r badmintonn\u00e4t f\u00f6r l\u00e5ngvarig anv\u00e4ndning<\/li>\n<li> H\u00f6gkvalitativt plastvolleyn\u00e4t f\u00f6r sporter som badminton och volleyboll<\/li>\n<li> Snabb installation<\/li>\n<li> Kan st\u00e4llas upp p\u00e5 alla underlag, tack vare stabiliserande f\u00f6tter<\/li>\n<\/ul>\n<p>Tekniska data:<\/p>\n<ul>\n<li> F\u00e4rger: Svart+Gr\u00f6n<\/li>\n<li> Material: St\u00e5l, Plast<\/li>\n<li> Totala dimensioner: 510L x 103B x 107-155H cm<\/li>\n<li> N\u00e4tets dimensioner: 510L x 72B cm<\/li>\n<li> Maskdimensioner: 4L x 4H cm<\/li>\n<li> Lagringsdimensioner: 95L x 23B x 16H cm<\/li>\n<\/ul>\n<p>Leveransinneh\u00e5ll:<\/p>\n<ul>\n<li> 2 x badmintonracketar<\/li>\n<li> 3 x badmintonbollar<\/li>\n<li> 2 x pickleballracketar<\/li>\n<li> 2 x pickleballbollar<\/li>\n<li> 1 x volleyboll<\/li>\n<li> 1 x pump<\/li>\n<li> 1 x n\u00e4t med stativ<\/li>\n<li> 1 x instruktionsbok<\/li>\n<\/ul>\n","protected":false},"excerpt":{"rendered":"<p>Uppt\u00e4ck det m\u00e5ngsidiga SPORTNOW badmintonn\u00e4tsetet &#8211; din perfekta f\u00f6ljeslagare f\u00f6r sportaktiviteter! Detta kompletta badmintonn\u00e4tset inneh\u00e5ller h\u00f6gkvalitativa racketar och bollar f\u00f6r&#8230;<\/p>\n","protected":false},"featured_media":87159,"template":"","meta":[],"product_brand":[],"product_cat":[982,647],"product_tag":[],"class_list":{"0":"post-87168","1":"product","2":"type-product","3":"status-publish","4":"has-post-thumbnail","6":"product_cat-bollsport","7":"product_cat-sport-fritid","9":"first","10":"instock","11":"sale","12":"taxable","13":"shipping-taxable","14":"purchasable","15":"product-type-simple"},"yoast_head":"<!-- This site is optimized with the Yoast SEO plugin v25.4 - https:\/\/yoast.com\/wordpress\/plugins\/seo\/ -->\n<title>TRUUSK Badmintonset med 2 racketar - 3 fj\u00e4derbollar - Justerbar h\u00f6jd 107-155 cm - Svart-Gr\u00f6n - TRUUSK - Hem, Tr\u00e4dg\u00e5rd &amp; Fritid<\/title>\n<meta name=\"robots\" content=\"index, follow, max-snippet:-1, max-image-preview:large, max-video-preview:-1\" \/>\n<link rel=\"canonical\" href=\"https:\/\/truusk.store\/sv\/produkt\/truusk-badmintonset-med-2-racketar-3-fjaderbollar-justerbar-hojd-107-155-cm-svart-gron\/\" \/>\n<meta property=\"og:locale\" content=\"sv_SE\" \/>\n<meta property=\"og:type\" content=\"article\" \/>\n<meta property=\"og:title\" content=\"TRUUSK Badmintonset med 2 racketar - 3 fj\u00e4derbollar - Justerbar h\u00f6jd 107-155 cm - Svart-Gr\u00f6n - TRUUSK - Hem, Tr\u00e4dg\u00e5rd &amp; Fritid\" \/>\n<meta property=\"og:description\" content=\"Uppt\u00e4ck det m\u00e5ngsidiga SPORTNOW badmintonn\u00e4tsetet &#8211; din perfekta f\u00f6ljeslagare f\u00f6r sportaktiviteter! Detta kompletta badmintonn\u00e4tset inneh\u00e5ller h\u00f6gkvalitativa racketar och bollar f\u00f6r...\" \/>\n<meta property=\"og:url\" content=\"https:\/\/truusk.store\/sv\/produkt\/truusk-badmintonset-med-2-racketar-3-fjaderbollar-justerbar-hojd-107-155-cm-svart-gron\/\" \/>\n<meta property=\"og:site_name\" content=\"TRUUSK - Hem, Tr\u00e4dg\u00e5rd &amp; Fritid\" \/>\n<meta property=\"article:modified_time\" content=\"2026-03-12T08:37:19+00:00\" \/>\n<meta property=\"og:image\" content=\"https:\/\/i0.wp.com\/truusk.se\/wp-content\/uploads\/2025\/08\/sportnow-badminton-set-med-2-racketar-3-fjaderbollar-hojdjusterbar-107-155-cm-svart-gron-1.webp?fit=2000%2C2000&ssl=1\" \/>\n\t<meta property=\"og:image:width\" content=\"2000\" \/>\n\t<meta property=\"og:image:height\" content=\"2000\" \/>\n\t<meta property=\"og:image:type\" content=\"image\/webp\" \/>\n<meta name=\"twitter:card\" content=\"summary_large_image\" \/>\n<meta name=\"twitter:label1\" content=\"Ber\u00e4knad l\u00e4stid\" \/>\n\t<meta name=\"twitter:data1\" content=\"1 minut\" \/>\n<!-- \/ Yoast SEO plugin. -->","yoast_head_json":{"title":"TRUUSK Badmintonset med 2 racketar - 3 fj\u00e4derbollar - Justerbar h\u00f6jd 107-155 cm - Svart-Gr\u00f6n - TRUUSK - Hem, Tr\u00e4dg\u00e5rd &amp; Fritid","robots":{"index":"index","follow":"follow","max-snippet":"max-snippet:-1","max-image-preview":"max-image-preview:large","max-video-preview":"max-video-preview:-1"},"canonical":"https:\/\/truusk.store\/sv\/produkt\/truusk-badmintonset-med-2-racketar-3-fjaderbollar-justerbar-hojd-107-155-cm-svart-gron\/","og_locale":"sv_SE","og_type":"article","og_title":"TRUUSK Badmintonset med 2 racketar - 3 fj\u00e4derbollar - Justerbar h\u00f6jd 107-155 cm - Svart-Gr\u00f6n - TRUUSK - Hem, Tr\u00e4dg\u00e5rd &amp; Fritid","og_description":"Uppt\u00e4ck det m\u00e5ngsidiga SPORTNOW badmintonn\u00e4tsetet &#8211; din perfekta f\u00f6ljeslagare f\u00f6r sportaktiviteter! Detta kompletta badmintonn\u00e4tset inneh\u00e5ller h\u00f6gkvalitativa racketar och bollar f\u00f6r...","og_url":"https:\/\/truusk.store\/sv\/produkt\/truusk-badmintonset-med-2-racketar-3-fjaderbollar-justerbar-hojd-107-155-cm-svart-gron\/","og_site_name":"TRUUSK - Hem, Tr\u00e4dg\u00e5rd &amp; Fritid","article_modified_time":"2026-03-12T08:37:19+00:00","og_image":[{"width":2000,"height":2000,"url":"https:\/\/i0.wp.com\/truusk.se\/wp-content\/uploads\/2025\/08\/sportnow-badminton-set-med-2-racketar-3-fjaderbollar-hojdjusterbar-107-155-cm-svart-gron-1.webp?fit=2000%2C2000&ssl=1","type":"image\/webp"}],"twitter_card":"summary_large_image","twitter_misc":{"Ber\u00e4knad l\u00e4stid":"1 minut"},"schema":{"@context":"https:\/\/schema.org","@graph":[{"@type":"WebPage","@id":"https:\/\/truusk.store\/sv\/produkt\/truusk-badmintonset-med-2-racketar-3-fjaderbollar-justerbar-hojd-107-155-cm-svart-gron\/","url":"https:\/\/truusk.store\/sv\/produkt\/truusk-badmintonset-med-2-racketar-3-fjaderbollar-justerbar-hojd-107-155-cm-svart-gron\/","name":"TRUUSK Badmintonset med 2 racketar - 3 fj\u00e4derbollar - Justerbar h\u00f6jd 107-155 cm - Svart-Gr\u00f6n - TRUUSK - Hem, Tr\u00e4dg\u00e5rd &amp; Fritid","isPartOf":{"@id":"https:\/\/truusk.store\/sv\/#website"},"primaryImageOfPage":{"@id":"https:\/\/truusk.store\/sv\/produkt\/truusk-badmintonset-med-2-racketar-3-fjaderbollar-justerbar-hojd-107-155-cm-svart-gron\/#primaryimage"},"image":{"@id":"https:\/\/truusk.store\/sv\/produkt\/truusk-badmintonset-med-2-racketar-3-fjaderbollar-justerbar-hojd-107-155-cm-svart-gron\/#primaryimage"},"thumbnailUrl":"https:\/\/i0.wp.com\/truusk.store\/wp-content\/uploads\/2025\/08\/sportnow-badminton-set-med-2-racketar-3-fjaderbollar-hojdjusterbar-107-155-cm-svart-gron-1.webp?fit=2000%2C2000&ssl=1","datePublished":"2025-08-20T04:53:32+00:00","dateModified":"2026-03-12T08:37:19+00:00","breadcrumb":{"@id":"https:\/\/truusk.store\/sv\/produkt\/truusk-badmintonset-med-2-racketar-3-fjaderbollar-justerbar-hojd-107-155-cm-svart-gron\/#breadcrumb"},"inLanguage":"sv-SE","potentialAction":[{"@type":"ReadAction","target":["https:\/\/truusk.store\/sv\/produkt\/truusk-badmintonset-med-2-racketar-3-fjaderbollar-justerbar-hojd-107-155-cm-svart-gron\/"]}]},{"@type":"ImageObject","inLanguage":"sv-SE","@id":"https:\/\/truusk.store\/sv\/produkt\/truusk-badmintonset-med-2-racketar-3-fjaderbollar-justerbar-hojd-107-155-cm-svart-gron\/#primaryimage","url":"https:\/\/i0.wp.com\/truusk.store\/wp-content\/uploads\/2025\/08\/sportnow-badminton-set-med-2-racketar-3-fjaderbollar-hojdjusterbar-107-155-cm-svart-gron-1.webp?fit=2000%2C2000&ssl=1","contentUrl":"https:\/\/i0.wp.com\/truusk.store\/wp-content\/uploads\/2025\/08\/sportnow-badminton-set-med-2-racketar-3-fjaderbollar-hojdjusterbar-107-155-cm-svart-gron-1.webp?fit=2000%2C2000&ssl=1","width":2000,"height":2000},{"@type":"BreadcrumbList","@id":"https:\/\/truusk.store\/sv\/produkt\/truusk-badmintonset-med-2-racketar-3-fjaderbollar-justerbar-hojd-107-155-cm-svart-gron\/#breadcrumb","itemListElement":[{"@type":"ListItem","position":1,"name":"Home","item":"https:\/\/truusk.store\/sv\/"},{"@type":"ListItem","position":2,"name":"Shop","item":"https:\/\/truusk.store\/shop\/"},{"@type":"ListItem","position":3,"name":"TRUUSK Badmintonset med 2 racketar &#8211; 3 fj\u00e4derbollar &#8211; Justerbar h\u00f6jd 107-155 cm &#8211; Svart-Gr\u00f6n"}]},{"@type":"WebSite","@id":"https:\/\/truusk.store\/sv\/#website","url":"https:\/\/truusk.store\/sv\/","name":"TRUUSK - Hem, Tr\u00e4dg\u00e5rd & Fritid","description":"","publisher":{"@id":"https:\/\/truusk.store\/sv\/#organization"},"potentialAction":[{"@type":"SearchAction","target":{"@type":"EntryPoint","urlTemplate":"https:\/\/truusk.store\/sv\/?s={search_term_string}"},"query-input":{"@type":"PropertyValueSpecification","valueRequired":true,"valueName":"search_term_string"}}],"inLanguage":"sv-SE"},{"@type":"Organization","@id":"https:\/\/truusk.store\/sv\/#organization","name":"TRUUSK - Hem, Tr\u00e4dg\u00e5rd & Fritid","url":"https:\/\/truusk.store\/sv\/","logo":{"@type":"ImageObject","inLanguage":"sv-SE","@id":"https:\/\/truusk.store\/sv\/#\/schema\/logo\/image\/","url":"https:\/\/i0.wp.com\/truusk.store\/wp-content\/uploads\/2026\/03\/cropped-TRUUSK.png?fit=2032%2C917&ssl=1","contentUrl":"https:\/\/i0.wp.com\/truusk.store\/wp-content\/uploads\/2026\/03\/cropped-TRUUSK.png?fit=2032%2C917&ssl=1","width":2032,"height":917,"caption":"TRUUSK - Hem, Tr\u00e4dg\u00e5rd & Fritid"},"image":{"@id":"https:\/\/truusk.store\/sv\/#\/schema\/logo\/image\/"}}]}},"jetpack_sharing_enabled":true,"_links":{"self":[{"href":"https:\/\/truusk.store\/sv\/wp-json\/wp\/v2\/product\/87168","targetHints":{"allow":["GET"]}}],"collection":[{"href":"https:\/\/truusk.store\/sv\/wp-json\/wp\/v2\/product"}],"about":[{"href":"https:\/\/truusk.store\/sv\/wp-json\/wp\/v2\/types\/product"}],"wp:featuredmedia":[{"embeddable":true,"href":"https:\/\/truusk.store\/sv\/wp-json\/wp\/v2\/media\/87159"}],"wp:attachment":[{"href":"https:\/\/truusk.store\/sv\/wp-json\/wp\/v2\/media?parent=87168"}],"wp:term":[{"taxonomy":"product_brand","embeddable":true,"href":"https:\/\/truusk.store\/sv\/wp-json\/wp\/v2\/product_brand?post=87168"},{"taxonomy":"product_cat","embeddable":true,"href":"https:\/\/truusk.store\/sv\/wp-json\/wp\/v2\/product_cat?post=87168"},{"taxonomy":"product_tag","embeddable":true,"href":"https:\/\/truusk.store\/sv\/wp-json\/wp\/v2\/product_tag?post=87168"}],"curies":[{"name":"wp","href":"https:\/\/api.w.org\/{rel}","templated":true}]}}