{"id":87178,"date":"2025-08-20T05:54:33","date_gmt":"2025-08-20T04:54:33","guid":{"rendered":"https:\/\/truusk.store\/product\/landningsstang-fristaende-sittstang-for-papegojor-1-stege-1-gunga-matkoppar-60-x-60-x-138-cm-vit-natur\/"},"modified":"2026-03-12T09:37:28","modified_gmt":"2026-03-12T08:37:28","slug":"truusk-fristaende-papegoj-sittstang-1-stege-1-gunga-matkoppar-60-x-60-x-138-cm-vit-natur","status":"publish","type":"product","link":"https:\/\/truusk.store\/sv\/produkt\/truusk-fristaende-papegoj-sittstang-1-stege-1-gunga-matkoppar-60-x-60-x-138-cm-vit-natur\/","title":{"rendered":"TRUUSK Frist\u00e5ende Papegoj Sittst\u00e5ng &#8211; 1 Stege, 1 Gunga &#8211; Matkoppar &#8211; 60 x 60 x 138 cm &#8211; Vit\/Natur"},"content":{"rendered":"<p>Ge din f\u00e5gel en plats att leka och vila med TRUUSK f\u00e5gelbord. Utrustad med fyra hjul, varav tv\u00e5 har bromsar, kan den enkelt flyttas mellan rum eller fr\u00e5n inomhus till utomhus. Med en sittst\u00e5ng, en stege och en gunga samt 2 rostfria sk\u00e5lar uppfyller den f\u00e5gelns dagliga behov. Tillverkad av st\u00e5l och tr\u00e4 \u00e4r detta f\u00e5gelbord utformat f\u00f6r daglig anv\u00e4ndning. G\u00f6r ditt husdjurs liv mer f\u00e4rgglatt med TRUUSK!<\/p>\n<p>Beskrivning:<\/p>\n<ul>\n<li> Fyra hjul, varav tv\u00e5 har bromsar, underl\u00e4ttar flyttning<\/li>\n<li> Inneh\u00e5ller en sittst\u00e5ng, en stege och en gunga samt 2 rostfria sk\u00e5lar f\u00f6r f\u00e5glarnas vila och lek<\/li>\n<li> Rymlig rund uppsamlingsbricka f\u00e5ngar och h\u00e5ller all oordning f\u00f6r att f\u00f6renkla reng\u00f6ringen<\/li>\n<li> Tillverkad av st\u00e5l och tr\u00e4, \u00e4r det tillr\u00e4ckligt starkt f\u00f6r daglig anv\u00e4ndning<\/li>\n<li> L\u00e4mplig f\u00f6r sm\u00e5 papegojor<\/li>\n<li> Montering kr\u00e4vs<\/li>\n<\/ul>\n<p>Tekniska data:<\/p>\n<ul>\n<li> F\u00e4rg: Vit<\/li>\n<li> Material: St\u00e5l, grantr\u00e4<\/li>\n<li> Totala dimensioner: \u00d860 x 138H cm<\/li>\n<li> Rund palett: \u00d860 x 4H cm<\/li>\n<li> H\u00f6jd \u00f6ver marken: 75H cm<\/li>\n<li> Sittst\u00e4nger: 15L x \u00d82,5 cm (mitten), 45L x \u00d83 cm (\u00f6verst)<\/li>\n<li> Matb\u00e4gare: \u00d811 x 4,3H cm<\/li>\n<li> Utliggare: 38,5L x 13,5B cm<\/li>\n<li> Hjul: \u00d85 cm<\/li>\n<\/ul>\n<p>Leverans inneh\u00e5ller:<\/p>\n<ul>\n<li> 1 x f\u00e5gelbord<\/li>\n<li> 1 x handbok<\/li>\n<\/ul>\n","protected":false},"excerpt":{"rendered":"<p>Ge din f\u00e5gel en plats att leka och vila med TRUUSK f\u00e5gelbord. Utrustad med fyra hjul, varav tv\u00e5 har bromsar,&#8230;<\/p>\n","protected":false},"featured_media":87169,"template":"","meta":[],"product_brand":[],"product_cat":[878,1072,601],"product_tag":[],"class_list":{"0":"post-87178","1":"product","2":"type-product","3":"status-publish","4":"has-post-thumbnail","6":"product_cat-djurbehov","7":"product_cat-fagelhus","8":"product_cat-fageltillbehor","10":"first","11":"instock","12":"sale","13":"taxable","14":"shipping-taxable","15":"purchasable","16":"product-type-simple"},"yoast_head":"<!-- This site is optimized with the Yoast SEO plugin v25.4 - https:\/\/yoast.com\/wordpress\/plugins\/seo\/ -->\n<title>TRUUSK Frist\u00e5ende Papegoj Sittst\u00e5ng - 1 Stege, 1 Gunga - Matkoppar - 60 x 60 x 138 cm - Vit\/Natur - TRUUSK - Hem, Tr\u00e4dg\u00e5rd &amp; Fritid<\/title>\n<meta name=\"robots\" content=\"index, follow, max-snippet:-1, max-image-preview:large, max-video-preview:-1\" \/>\n<link rel=\"canonical\" href=\"https:\/\/truusk.store\/sv\/produkt\/truusk-fristaende-papegoj-sittstang-1-stege-1-gunga-matkoppar-60-x-60-x-138-cm-vit-natur\/\" \/>\n<meta property=\"og:locale\" content=\"sv_SE\" \/>\n<meta property=\"og:type\" content=\"article\" \/>\n<meta property=\"og:title\" content=\"TRUUSK Frist\u00e5ende Papegoj Sittst\u00e5ng - 1 Stege, 1 Gunga - Matkoppar - 60 x 60 x 138 cm - Vit\/Natur - TRUUSK - Hem, Tr\u00e4dg\u00e5rd &amp; Fritid\" \/>\n<meta property=\"og:description\" content=\"Ge din f\u00e5gel en plats att leka och vila med TRUUSK f\u00e5gelbord. Utrustad med fyra hjul, varav tv\u00e5 har bromsar,...\" \/>\n<meta property=\"og:url\" content=\"https:\/\/truusk.store\/sv\/produkt\/truusk-fristaende-papegoj-sittstang-1-stege-1-gunga-matkoppar-60-x-60-x-138-cm-vit-natur\/\" \/>\n<meta property=\"og:site_name\" content=\"TRUUSK - Hem, Tr\u00e4dg\u00e5rd &amp; Fritid\" \/>\n<meta property=\"article:modified_time\" content=\"2026-03-12T08:37:28+00:00\" \/>\n<meta property=\"og:image\" content=\"https:\/\/i0.wp.com\/truusk.se\/wp-content\/uploads\/2025\/08\/landningsstang-fristaende-sittstang-for-papegojor-1-stege-1-gunga-matkoppar-60-x-60-x-138-cm-vit-natur-1.webp?fit=2000%2C2000&ssl=1\" \/>\n\t<meta property=\"og:image:width\" content=\"2000\" \/>\n\t<meta property=\"og:image:height\" content=\"2000\" \/>\n\t<meta property=\"og:image:type\" content=\"image\/webp\" \/>\n<meta name=\"twitter:card\" content=\"summary_large_image\" \/>\n<meta name=\"twitter:label1\" content=\"Ber\u00e4knad l\u00e4stid\" \/>\n\t<meta name=\"twitter:data1\" content=\"1 minut\" \/>\n<!-- \/ Yoast SEO plugin. -->","yoast_head_json":{"title":"TRUUSK Frist\u00e5ende Papegoj Sittst\u00e5ng - 1 Stege, 1 Gunga - Matkoppar - 60 x 60 x 138 cm - Vit\/Natur - TRUUSK - Hem, Tr\u00e4dg\u00e5rd &amp; Fritid","robots":{"index":"index","follow":"follow","max-snippet":"max-snippet:-1","max-image-preview":"max-image-preview:large","max-video-preview":"max-video-preview:-1"},"canonical":"https:\/\/truusk.store\/sv\/produkt\/truusk-fristaende-papegoj-sittstang-1-stege-1-gunga-matkoppar-60-x-60-x-138-cm-vit-natur\/","og_locale":"sv_SE","og_type":"article","og_title":"TRUUSK Frist\u00e5ende Papegoj Sittst\u00e5ng - 1 Stege, 1 Gunga - Matkoppar - 60 x 60 x 138 cm - Vit\/Natur - TRUUSK - Hem, Tr\u00e4dg\u00e5rd &amp; Fritid","og_description":"Ge din f\u00e5gel en plats att leka och vila med TRUUSK f\u00e5gelbord. Utrustad med fyra hjul, varav tv\u00e5 har bromsar,...","og_url":"https:\/\/truusk.store\/sv\/produkt\/truusk-fristaende-papegoj-sittstang-1-stege-1-gunga-matkoppar-60-x-60-x-138-cm-vit-natur\/","og_site_name":"TRUUSK - Hem, Tr\u00e4dg\u00e5rd &amp; Fritid","article_modified_time":"2026-03-12T08:37:28+00:00","og_image":[{"width":2000,"height":2000,"url":"https:\/\/i0.wp.com\/truusk.se\/wp-content\/uploads\/2025\/08\/landningsstang-fristaende-sittstang-for-papegojor-1-stege-1-gunga-matkoppar-60-x-60-x-138-cm-vit-natur-1.webp?fit=2000%2C2000&ssl=1","type":"image\/webp"}],"twitter_card":"summary_large_image","twitter_misc":{"Ber\u00e4knad l\u00e4stid":"1 minut"},"schema":{"@context":"https:\/\/schema.org","@graph":[{"@type":"WebPage","@id":"https:\/\/truusk.store\/sv\/produkt\/truusk-fristaende-papegoj-sittstang-1-stege-1-gunga-matkoppar-60-x-60-x-138-cm-vit-natur\/","url":"https:\/\/truusk.store\/sv\/produkt\/truusk-fristaende-papegoj-sittstang-1-stege-1-gunga-matkoppar-60-x-60-x-138-cm-vit-natur\/","name":"TRUUSK Frist\u00e5ende Papegoj Sittst\u00e5ng - 1 Stege, 1 Gunga - Matkoppar - 60 x 60 x 138 cm - Vit\/Natur - TRUUSK - Hem, Tr\u00e4dg\u00e5rd &amp; Fritid","isPartOf":{"@id":"https:\/\/truusk.store\/sv\/#website"},"primaryImageOfPage":{"@id":"https:\/\/truusk.store\/sv\/produkt\/truusk-fristaende-papegoj-sittstang-1-stege-1-gunga-matkoppar-60-x-60-x-138-cm-vit-natur\/#primaryimage"},"image":{"@id":"https:\/\/truusk.store\/sv\/produkt\/truusk-fristaende-papegoj-sittstang-1-stege-1-gunga-matkoppar-60-x-60-x-138-cm-vit-natur\/#primaryimage"},"thumbnailUrl":"https:\/\/i0.wp.com\/truusk.store\/wp-content\/uploads\/2025\/08\/landningsstang-fristaende-sittstang-for-papegojor-1-stege-1-gunga-matkoppar-60-x-60-x-138-cm-vit-natur-1.webp?fit=2000%2C2000&ssl=1","datePublished":"2025-08-20T04:54:33+00:00","dateModified":"2026-03-12T08:37:28+00:00","breadcrumb":{"@id":"https:\/\/truusk.store\/sv\/produkt\/truusk-fristaende-papegoj-sittstang-1-stege-1-gunga-matkoppar-60-x-60-x-138-cm-vit-natur\/#breadcrumb"},"inLanguage":"sv-SE","potentialAction":[{"@type":"ReadAction","target":["https:\/\/truusk.store\/sv\/produkt\/truusk-fristaende-papegoj-sittstang-1-stege-1-gunga-matkoppar-60-x-60-x-138-cm-vit-natur\/"]}]},{"@type":"ImageObject","inLanguage":"sv-SE","@id":"https:\/\/truusk.store\/sv\/produkt\/truusk-fristaende-papegoj-sittstang-1-stege-1-gunga-matkoppar-60-x-60-x-138-cm-vit-natur\/#primaryimage","url":"https:\/\/i0.wp.com\/truusk.store\/wp-content\/uploads\/2025\/08\/landningsstang-fristaende-sittstang-for-papegojor-1-stege-1-gunga-matkoppar-60-x-60-x-138-cm-vit-natur-1.webp?fit=2000%2C2000&ssl=1","contentUrl":"https:\/\/i0.wp.com\/truusk.store\/wp-content\/uploads\/2025\/08\/landningsstang-fristaende-sittstang-for-papegojor-1-stege-1-gunga-matkoppar-60-x-60-x-138-cm-vit-natur-1.webp?fit=2000%2C2000&ssl=1","width":2000,"height":2000},{"@type":"BreadcrumbList","@id":"https:\/\/truusk.store\/sv\/produkt\/truusk-fristaende-papegoj-sittstang-1-stege-1-gunga-matkoppar-60-x-60-x-138-cm-vit-natur\/#breadcrumb","itemListElement":[{"@type":"ListItem","position":1,"name":"Home","item":"https:\/\/truusk.store\/sv\/"},{"@type":"ListItem","position":2,"name":"Shop","item":"https:\/\/truusk.store\/shop\/"},{"@type":"ListItem","position":3,"name":"TRUUSK Frist\u00e5ende Papegoj Sittst\u00e5ng &#8211; 1 Stege, 1 Gunga &#8211; Matkoppar &#8211; 60 x 60 x 138 cm &#8211; Vit\/Natur"}]},{"@type":"WebSite","@id":"https:\/\/truusk.store\/sv\/#website","url":"https:\/\/truusk.store\/sv\/","name":"TRUUSK - Hem, Tr\u00e4dg\u00e5rd & Fritid","description":"","publisher":{"@id":"https:\/\/truusk.store\/sv\/#organization"},"potentialAction":[{"@type":"SearchAction","target":{"@type":"EntryPoint","urlTemplate":"https:\/\/truusk.store\/sv\/?s={search_term_string}"},"query-input":{"@type":"PropertyValueSpecification","valueRequired":true,"valueName":"search_term_string"}}],"inLanguage":"sv-SE"},{"@type":"Organization","@id":"https:\/\/truusk.store\/sv\/#organization","name":"TRUUSK - Hem, Tr\u00e4dg\u00e5rd & Fritid","url":"https:\/\/truusk.store\/sv\/","logo":{"@type":"ImageObject","inLanguage":"sv-SE","@id":"https:\/\/truusk.store\/sv\/#\/schema\/logo\/image\/","url":"https:\/\/i0.wp.com\/truusk.store\/wp-content\/uploads\/2026\/03\/cropped-TRUUSK.png?fit=2032%2C917&ssl=1","contentUrl":"https:\/\/i0.wp.com\/truusk.store\/wp-content\/uploads\/2026\/03\/cropped-TRUUSK.png?fit=2032%2C917&ssl=1","width":2032,"height":917,"caption":"TRUUSK - Hem, Tr\u00e4dg\u00e5rd & Fritid"},"image":{"@id":"https:\/\/truusk.store\/sv\/#\/schema\/logo\/image\/"}}]}},"jetpack_sharing_enabled":true,"_links":{"self":[{"href":"https:\/\/truusk.store\/sv\/wp-json\/wp\/v2\/product\/87178","targetHints":{"allow":["GET"]}}],"collection":[{"href":"https:\/\/truusk.store\/sv\/wp-json\/wp\/v2\/product"}],"about":[{"href":"https:\/\/truusk.store\/sv\/wp-json\/wp\/v2\/types\/product"}],"wp:featuredmedia":[{"embeddable":true,"href":"https:\/\/truusk.store\/sv\/wp-json\/wp\/v2\/media\/87169"}],"wp:attachment":[{"href":"https:\/\/truusk.store\/sv\/wp-json\/wp\/v2\/media?parent=87178"}],"wp:term":[{"taxonomy":"product_brand","embeddable":true,"href":"https:\/\/truusk.store\/sv\/wp-json\/wp\/v2\/product_brand?post=87178"},{"taxonomy":"product_cat","embeddable":true,"href":"https:\/\/truusk.store\/sv\/wp-json\/wp\/v2\/product_cat?post=87178"},{"taxonomy":"product_tag","embeddable":true,"href":"https:\/\/truusk.store\/sv\/wp-json\/wp\/v2\/product_tag?post=87178"}],"curies":[{"name":"wp","href":"https:\/\/api.w.org\/{rel}","templated":true}]}}