{"id":87218,"date":"2025-08-20T05:58:38","date_gmt":"2025-08-20T04:58:38","guid":{"rendered":"https:\/\/truusk.store\/product\/lekstangsel-for-husdjur-hopfallbart-med-forvaringsvaska-for-valpar-och-kattungar-inomhus-och-utomhus-gra\/"},"modified":"2026-03-12T09:39:34","modified_gmt":"2026-03-12T08:39:34","slug":"truusk-lekstangsel-for-husdjur-hopfallbart-med-forvaringsvaska-for-valpar-och-kattungar-gra","status":"publish","type":"product","link":"https:\/\/truusk.store\/sv\/produkt\/truusk-lekstangsel-for-husdjur-hopfallbart-med-forvaringsvaska-for-valpar-och-kattungar-gra\/","title":{"rendered":"TRUUSK Lekst\u00e4ngsel f\u00f6r Husdjur &#8211; Hopf\u00e4llbart &#8211; Med F\u00f6rvaringsv\u00e4ska &#8211; F\u00f6r Valpar och Kattungar &#8211; Gr\u00e5"},"content":{"rendered":"<p>TRUUSK frig\u00e5ende inh\u00e4gnad \u00e4r idealisk f\u00f6r vila och lek. Valphagen har tre n\u00e4tverksf\u00f6nster och d\u00f6rrar och erbjuder god ventilation. Oavsett om du s\u00e4tter upp det inomhus eller utomhus, st\u00e5r denna lekhage stabilt med de fyra markspikarna. S\u00e5 kan du \u00e4gna dig \u00e5t andra uppgifter medan dina husdjur \u00e4r s\u00e4kert inrymda. Den perfekta platsen f\u00f6r dina sm\u00e5 \u00e4lsklingar.<\/p>\n<p>Beskrivning:<\/p>\n<ul>\n<li> N\u00e4tverksf\u00f6nster i valphagen f\u00f6r ventilation<\/li>\n<li> N\u00e4tverksd\u00f6rrar i valphagen f\u00f6r enkel \u00e5tkomst<\/li>\n<li> F\u00e4ll ihop husdjurslekhagen f\u00f6r enkel f\u00f6rvaring och resor<\/li>\n<li> En f\u00f6rvaringsp\u00e5se f\u00f6r lekhagen ing\u00e5r<\/li>\n<li> Tv\u00e5 f\u00f6rvaringsfickor p\u00e5 f\u00f6nstren, f\u00f6r leksaker och andra saker<\/li>\n<li> Fyra markspikar i lekhagen ger stabilitet &#8211; l\u00e4mplig f\u00f6r inomhus och utomhus<\/li>\n<li> F\u00f6r sm\u00e5 djur under 10 kg<\/li>\n<li> Montering kr\u00e4vs<\/li>\n<\/ul>\n<p>Tekniska data:<\/p>\n<ul>\n<li> F\u00e4rg: Gr\u00e5+Bl\u00e5+Svart<\/li>\n<li> Material: Oxford-tyg, n\u00e4t av nylon, glasfiber<\/li>\n<li> Totala dimensioner: 94L x 74B x 60H cm.<\/li>\n<li> Hopf\u00e4lld: 45L x 45B x 8H cm<\/li>\n<li> Fram-\/v\u00e4nsterd\u00f6rr: 30B x 40H cm<\/li>\n<li> F\u00f6nster: 25B x 22H cm\/35B x 14H cm\/19B x 22H cm<\/li>\n<li> \u00d6verd\u00f6rr: 65L x 45B cm<\/li>\n<\/ul>\n<p>Leveransinneh\u00e5ll:<\/p>\n<ul>\n<li> 1 x Husdjurslekhage<\/li>\n<li> 4 x Markspikar<\/li>\n<li> 1 x Bruksanvisning<\/li>\n<\/ul>\n","protected":false},"excerpt":{"rendered":"<p>TRUUSK frig\u00e5ende inh\u00e4gnad \u00e4r idealisk f\u00f6r vila och lek. Valphagen har tre n\u00e4tverksf\u00f6nster och d\u00f6rrar och erbjuder god ventilation. Oavsett&#8230;<\/p>\n","protected":false},"featured_media":87209,"template":"","meta":[],"product_brand":[],"product_cat":[878,574,1004],"product_tag":[],"class_list":{"0":"post-87218","1":"product","2":"type-product","3":"status-publish","4":"has-post-thumbnail","6":"product_cat-djurbehov","7":"product_cat-hundtillbehor","8":"product_cat-hundvaskor","10":"first","11":"instock","12":"sale","13":"taxable","14":"shipping-taxable","15":"purchasable","16":"product-type-simple"},"yoast_head":"<!-- This site is optimized with the Yoast SEO plugin v25.4 - https:\/\/yoast.com\/wordpress\/plugins\/seo\/ -->\n<title>TRUUSK Lekst\u00e4ngsel f\u00f6r Husdjur - Hopf\u00e4llbart - Med F\u00f6rvaringsv\u00e4ska - F\u00f6r Valpar och Kattungar - Gr\u00e5 - TRUUSK - Hem, Tr\u00e4dg\u00e5rd &amp; Fritid<\/title>\n<meta name=\"robots\" content=\"index, follow, max-snippet:-1, max-image-preview:large, max-video-preview:-1\" \/>\n<link rel=\"canonical\" href=\"https:\/\/truusk.store\/sv\/produkt\/truusk-lekstangsel-for-husdjur-hopfallbart-med-forvaringsvaska-for-valpar-och-kattungar-gra\/\" \/>\n<meta property=\"og:locale\" content=\"sv_SE\" \/>\n<meta property=\"og:type\" content=\"article\" \/>\n<meta property=\"og:title\" content=\"TRUUSK Lekst\u00e4ngsel f\u00f6r Husdjur - Hopf\u00e4llbart - Med F\u00f6rvaringsv\u00e4ska - F\u00f6r Valpar och Kattungar - Gr\u00e5 - TRUUSK - Hem, Tr\u00e4dg\u00e5rd &amp; Fritid\" \/>\n<meta property=\"og:description\" content=\"TRUUSK frig\u00e5ende inh\u00e4gnad \u00e4r idealisk f\u00f6r vila och lek. Valphagen har tre n\u00e4tverksf\u00f6nster och d\u00f6rrar och erbjuder god ventilation. Oavsett...\" \/>\n<meta property=\"og:url\" content=\"https:\/\/truusk.store\/sv\/produkt\/truusk-lekstangsel-for-husdjur-hopfallbart-med-forvaringsvaska-for-valpar-och-kattungar-gra\/\" \/>\n<meta property=\"og:site_name\" content=\"TRUUSK - Hem, Tr\u00e4dg\u00e5rd &amp; Fritid\" \/>\n<meta property=\"article:modified_time\" content=\"2026-03-12T08:39:34+00:00\" \/>\n<meta property=\"og:image\" content=\"https:\/\/i0.wp.com\/truusk.se\/wp-content\/uploads\/2025\/08\/lekstangsel-for-husdjur-hopfallbart-med-forvaringsvaska-for-valpar-och-kattungar-inomhus-och-utomhus-gra-1.webp?fit=2000%2C2000&ssl=1\" \/>\n\t<meta property=\"og:image:width\" content=\"2000\" \/>\n\t<meta property=\"og:image:height\" content=\"2000\" \/>\n\t<meta property=\"og:image:type\" content=\"image\/webp\" \/>\n<meta name=\"twitter:card\" content=\"summary_large_image\" \/>\n<meta name=\"twitter:label1\" content=\"Ber\u00e4knad l\u00e4stid\" \/>\n\t<meta name=\"twitter:data1\" content=\"1 minut\" \/>\n<!-- \/ Yoast SEO plugin. -->","yoast_head_json":{"title":"TRUUSK Lekst\u00e4ngsel f\u00f6r Husdjur - Hopf\u00e4llbart - Med F\u00f6rvaringsv\u00e4ska - F\u00f6r Valpar och Kattungar - Gr\u00e5 - TRUUSK - Hem, Tr\u00e4dg\u00e5rd &amp; Fritid","robots":{"index":"index","follow":"follow","max-snippet":"max-snippet:-1","max-image-preview":"max-image-preview:large","max-video-preview":"max-video-preview:-1"},"canonical":"https:\/\/truusk.store\/sv\/produkt\/truusk-lekstangsel-for-husdjur-hopfallbart-med-forvaringsvaska-for-valpar-och-kattungar-gra\/","og_locale":"sv_SE","og_type":"article","og_title":"TRUUSK Lekst\u00e4ngsel f\u00f6r Husdjur - Hopf\u00e4llbart - Med F\u00f6rvaringsv\u00e4ska - F\u00f6r Valpar och Kattungar - Gr\u00e5 - TRUUSK - Hem, Tr\u00e4dg\u00e5rd &amp; Fritid","og_description":"TRUUSK frig\u00e5ende inh\u00e4gnad \u00e4r idealisk f\u00f6r vila och lek. Valphagen har tre n\u00e4tverksf\u00f6nster och d\u00f6rrar och erbjuder god ventilation. Oavsett...","og_url":"https:\/\/truusk.store\/sv\/produkt\/truusk-lekstangsel-for-husdjur-hopfallbart-med-forvaringsvaska-for-valpar-och-kattungar-gra\/","og_site_name":"TRUUSK - Hem, Tr\u00e4dg\u00e5rd &amp; Fritid","article_modified_time":"2026-03-12T08:39:34+00:00","og_image":[{"width":2000,"height":2000,"url":"https:\/\/i0.wp.com\/truusk.se\/wp-content\/uploads\/2025\/08\/lekstangsel-for-husdjur-hopfallbart-med-forvaringsvaska-for-valpar-och-kattungar-inomhus-och-utomhus-gra-1.webp?fit=2000%2C2000&ssl=1","type":"image\/webp"}],"twitter_card":"summary_large_image","twitter_misc":{"Ber\u00e4knad l\u00e4stid":"1 minut"},"schema":{"@context":"https:\/\/schema.org","@graph":[{"@type":"WebPage","@id":"https:\/\/truusk.store\/sv\/produkt\/truusk-lekstangsel-for-husdjur-hopfallbart-med-forvaringsvaska-for-valpar-och-kattungar-gra\/","url":"https:\/\/truusk.store\/sv\/produkt\/truusk-lekstangsel-for-husdjur-hopfallbart-med-forvaringsvaska-for-valpar-och-kattungar-gra\/","name":"TRUUSK Lekst\u00e4ngsel f\u00f6r Husdjur - Hopf\u00e4llbart - Med F\u00f6rvaringsv\u00e4ska - F\u00f6r Valpar och Kattungar - Gr\u00e5 - TRUUSK - Hem, Tr\u00e4dg\u00e5rd &amp; Fritid","isPartOf":{"@id":"https:\/\/truusk.store\/sv\/#website"},"primaryImageOfPage":{"@id":"https:\/\/truusk.store\/sv\/produkt\/truusk-lekstangsel-for-husdjur-hopfallbart-med-forvaringsvaska-for-valpar-och-kattungar-gra\/#primaryimage"},"image":{"@id":"https:\/\/truusk.store\/sv\/produkt\/truusk-lekstangsel-for-husdjur-hopfallbart-med-forvaringsvaska-for-valpar-och-kattungar-gra\/#primaryimage"},"thumbnailUrl":"https:\/\/i0.wp.com\/truusk.store\/wp-content\/uploads\/2025\/08\/lekstangsel-for-husdjur-hopfallbart-med-forvaringsvaska-for-valpar-och-kattungar-inomhus-och-utomhus-gra-1.webp?fit=2000%2C2000&ssl=1","datePublished":"2025-08-20T04:58:38+00:00","dateModified":"2026-03-12T08:39:34+00:00","breadcrumb":{"@id":"https:\/\/truusk.store\/sv\/produkt\/truusk-lekstangsel-for-husdjur-hopfallbart-med-forvaringsvaska-for-valpar-och-kattungar-gra\/#breadcrumb"},"inLanguage":"sv-SE","potentialAction":[{"@type":"ReadAction","target":["https:\/\/truusk.store\/sv\/produkt\/truusk-lekstangsel-for-husdjur-hopfallbart-med-forvaringsvaska-for-valpar-och-kattungar-gra\/"]}]},{"@type":"ImageObject","inLanguage":"sv-SE","@id":"https:\/\/truusk.store\/sv\/produkt\/truusk-lekstangsel-for-husdjur-hopfallbart-med-forvaringsvaska-for-valpar-och-kattungar-gra\/#primaryimage","url":"https:\/\/i0.wp.com\/truusk.store\/wp-content\/uploads\/2025\/08\/lekstangsel-for-husdjur-hopfallbart-med-forvaringsvaska-for-valpar-och-kattungar-inomhus-och-utomhus-gra-1.webp?fit=2000%2C2000&ssl=1","contentUrl":"https:\/\/i0.wp.com\/truusk.store\/wp-content\/uploads\/2025\/08\/lekstangsel-for-husdjur-hopfallbart-med-forvaringsvaska-for-valpar-och-kattungar-inomhus-och-utomhus-gra-1.webp?fit=2000%2C2000&ssl=1","width":2000,"height":2000},{"@type":"BreadcrumbList","@id":"https:\/\/truusk.store\/sv\/produkt\/truusk-lekstangsel-for-husdjur-hopfallbart-med-forvaringsvaska-for-valpar-och-kattungar-gra\/#breadcrumb","itemListElement":[{"@type":"ListItem","position":1,"name":"Home","item":"https:\/\/truusk.store\/sv\/"},{"@type":"ListItem","position":2,"name":"Shop","item":"https:\/\/truusk.store\/shop\/"},{"@type":"ListItem","position":3,"name":"TRUUSK Lekst\u00e4ngsel f\u00f6r Husdjur &#8211; Hopf\u00e4llbart &#8211; Med F\u00f6rvaringsv\u00e4ska &#8211; F\u00f6r Valpar och Kattungar &#8211; Gr\u00e5"}]},{"@type":"WebSite","@id":"https:\/\/truusk.store\/sv\/#website","url":"https:\/\/truusk.store\/sv\/","name":"TRUUSK - Hem, Tr\u00e4dg\u00e5rd & Fritid","description":"","publisher":{"@id":"https:\/\/truusk.store\/sv\/#organization"},"potentialAction":[{"@type":"SearchAction","target":{"@type":"EntryPoint","urlTemplate":"https:\/\/truusk.store\/sv\/?s={search_term_string}"},"query-input":{"@type":"PropertyValueSpecification","valueRequired":true,"valueName":"search_term_string"}}],"inLanguage":"sv-SE"},{"@type":"Organization","@id":"https:\/\/truusk.store\/sv\/#organization","name":"TRUUSK - Hem, Tr\u00e4dg\u00e5rd & Fritid","url":"https:\/\/truusk.store\/sv\/","logo":{"@type":"ImageObject","inLanguage":"sv-SE","@id":"https:\/\/truusk.store\/sv\/#\/schema\/logo\/image\/","url":"https:\/\/i0.wp.com\/truusk.store\/wp-content\/uploads\/2026\/03\/cropped-TRUUSK.png?fit=2032%2C917&ssl=1","contentUrl":"https:\/\/i0.wp.com\/truusk.store\/wp-content\/uploads\/2026\/03\/cropped-TRUUSK.png?fit=2032%2C917&ssl=1","width":2032,"height":917,"caption":"TRUUSK - Hem, Tr\u00e4dg\u00e5rd & Fritid"},"image":{"@id":"https:\/\/truusk.store\/sv\/#\/schema\/logo\/image\/"}}]}},"jetpack_sharing_enabled":true,"_links":{"self":[{"href":"https:\/\/truusk.store\/sv\/wp-json\/wp\/v2\/product\/87218","targetHints":{"allow":["GET"]}}],"collection":[{"href":"https:\/\/truusk.store\/sv\/wp-json\/wp\/v2\/product"}],"about":[{"href":"https:\/\/truusk.store\/sv\/wp-json\/wp\/v2\/types\/product"}],"wp:featuredmedia":[{"embeddable":true,"href":"https:\/\/truusk.store\/sv\/wp-json\/wp\/v2\/media\/87209"}],"wp:attachment":[{"href":"https:\/\/truusk.store\/sv\/wp-json\/wp\/v2\/media?parent=87218"}],"wp:term":[{"taxonomy":"product_brand","embeddable":true,"href":"https:\/\/truusk.store\/sv\/wp-json\/wp\/v2\/product_brand?post=87218"},{"taxonomy":"product_cat","embeddable":true,"href":"https:\/\/truusk.store\/sv\/wp-json\/wp\/v2\/product_cat?post=87218"},{"taxonomy":"product_tag","embeddable":true,"href":"https:\/\/truusk.store\/sv\/wp-json\/wp\/v2\/product_tag?post=87218"}],"curies":[{"name":"wp","href":"https:\/\/api.w.org\/{rel}","templated":true}]}}