{"id":87238,"date":"2025-08-20T06:00:31","date_gmt":"2025-08-20T05:00:31","guid":{"rendered":"https:\/\/truusk.store\/product\/badrumshylla-med-tvattkorg-3-hyllplan-bamburam-44x33x160cm-natur\/"},"modified":"2026-03-12T09:39:35","modified_gmt":"2026-03-12T08:39:35","slug":"truusk-badrumshylla-med-tvattkorg-3-hyllplan-bamburam-44x33x160cm-natur","status":"publish","type":"product","link":"https:\/\/truusk.store\/sv\/produkt\/truusk-badrumshylla-med-tvattkorg-3-hyllplan-bamburam-44x33x160cm-natur\/","title":{"rendered":"TRUUSK Badrumshylla &#8211; Med Tv\u00e4ttkorg &#8211; 3 Hyllplan &#8211; Bamburam &#8211; 44x33x160cm &#8211; Natur"},"content":{"rendered":"<p>Uppt\u00e4ck den eleganta TRUUSK badrumssk\u00e5pet f\u00f6r ditt badrum, en perfekt kombination av stil och funktionalitet. Detta smala badrumshylla erbjuder med tre hyllor gott om utrymme f\u00f6r dina badrumsartiklar. Ett innovativt lutande sk\u00e5p med tygp\u00e5se f\u00f6r tv\u00e4tten ger ordning och \u00f6verblick. Tillverkad av naturligt bambu, den imponerar med en smal, h\u00f6g design med eleganta lamell d\u00f6rrar och en upph\u00f6jd sockel, avrundad med en sl\u00e4t lackering.<\/p>\n<p>Beskrivning:<\/p>\n<ul>\n<li> Integrerad tv\u00e4ttkorg med lutningsfunktion d\u00f6ljer tv\u00e4tt och inneh\u00e5ller en avtagbar tyginsats<\/li>\n<li> Tre \u00f6ppna hyllfack erbjuder \u00f6verblickbart f\u00f6rvaringsutrymme f\u00f6r toalettartiklar och handdukar<\/li>\n<li> Smal och h\u00f6g, passar enkelt in i tr\u00e5nga utrymmen<\/li>\n<li> Lamell d\u00f6rrarna p\u00e5 badrumshyllan ger en visuellt tilltalande, andningsbar design<\/li>\n<li> Tillverkad av naturligt bambu, med en robust lackering<\/li>\n<li> Kipp skydd \u00f6kar s\u00e4kerheten, idealisk f\u00f6r familjer<\/li>\n<li> Upph\u00f6jd sockel p\u00e5 badrumshyllan skyddar mot vattenskador och garanterar h\u00e5llbarhet<\/li>\n<li> Montering kr\u00e4vs<\/li>\n<\/ul>\n<p>Tekniska data:<\/p>\n<ul>\n<li> F\u00e4rg: Natur<\/li>\n<li> Material: Bambu, Polyester<\/li>\n<li> Totala dimensioner: 44B x 33T x 160H cm<\/li>\n<li> M\u00e5tt \u00f6ppet fack: 40,5B x 33T x 30H cm<\/li>\n<li> Inre m\u00e5tt tv\u00e4ttkorg: 31B x 29T x 48H cm<\/li>\n<li> Avst\u00e5nd till golvet: 9 cm<\/li>\n<li> B\u00e4rkapacitet: 20 kg (totalt), 4 kg (per fack)<\/li>\n<\/ul>\n<p>Leverans inneh\u00e5ller:<\/p>\n<ul>\n<li> 1 x Badrumshylla<\/li>\n<li> 1 x Bruksanvisning<\/li>\n<\/ul>\n","protected":false},"excerpt":{"rendered":"<p>Uppt\u00e4ck den eleganta TRUUSK badrumssk\u00e5pet f\u00f6r ditt badrum, en perfekt kombination av stil och funktionalitet. Detta smala badrumshylla erbjuder med&#8230;<\/p>\n","protected":false},"featured_media":87229,"template":"","meta":[],"product_brand":[],"product_cat":[915,549,871],"product_tag":[],"class_list":{"0":"post-87238","1":"product","2":"type-product","3":"status-publish","4":"has-post-thumbnail","6":"product_cat-badrum","7":"product_cat-badrumshyllor","8":"product_cat-hus-hem","10":"first","11":"instock","12":"sale","13":"taxable","14":"shipping-taxable","15":"purchasable","16":"product-type-simple"},"yoast_head":"<!-- This site is optimized with the Yoast SEO plugin v25.4 - https:\/\/yoast.com\/wordpress\/plugins\/seo\/ -->\n<title>TRUUSK Badrumshylla - Med Tv\u00e4ttkorg - 3 Hyllplan - Bamburam - 44x33x160cm - Natur - TRUUSK - Hem, Tr\u00e4dg\u00e5rd &amp; Fritid<\/title>\n<meta name=\"robots\" content=\"index, follow, max-snippet:-1, max-image-preview:large, max-video-preview:-1\" \/>\n<link rel=\"canonical\" href=\"https:\/\/truusk.store\/sv\/produkt\/truusk-badrumshylla-med-tvattkorg-3-hyllplan-bamburam-44x33x160cm-natur\/\" \/>\n<meta property=\"og:locale\" content=\"sv_SE\" \/>\n<meta property=\"og:type\" content=\"article\" \/>\n<meta property=\"og:title\" content=\"TRUUSK Badrumshylla - Med Tv\u00e4ttkorg - 3 Hyllplan - Bamburam - 44x33x160cm - Natur - TRUUSK - Hem, Tr\u00e4dg\u00e5rd &amp; Fritid\" \/>\n<meta property=\"og:description\" content=\"Uppt\u00e4ck den eleganta TRUUSK badrumssk\u00e5pet f\u00f6r ditt badrum, en perfekt kombination av stil och funktionalitet. Detta smala badrumshylla erbjuder med...\" \/>\n<meta property=\"og:url\" content=\"https:\/\/truusk.store\/sv\/produkt\/truusk-badrumshylla-med-tvattkorg-3-hyllplan-bamburam-44x33x160cm-natur\/\" \/>\n<meta property=\"og:site_name\" content=\"TRUUSK - Hem, Tr\u00e4dg\u00e5rd &amp; Fritid\" \/>\n<meta property=\"article:modified_time\" content=\"2026-03-12T08:39:35+00:00\" \/>\n<meta property=\"og:image\" content=\"https:\/\/i0.wp.com\/truusk.se\/wp-content\/uploads\/2025\/08\/badrumshylla-med-tvattkorg-3-hyllplan-bamburam-44x33x160cm-natur-1.webp?fit=2000%2C2000&ssl=1\" \/>\n\t<meta property=\"og:image:width\" content=\"2000\" \/>\n\t<meta property=\"og:image:height\" content=\"2000\" \/>\n\t<meta property=\"og:image:type\" content=\"image\/webp\" \/>\n<meta name=\"twitter:card\" content=\"summary_large_image\" \/>\n<meta name=\"twitter:label1\" content=\"Ber\u00e4knad l\u00e4stid\" \/>\n\t<meta name=\"twitter:data1\" content=\"1 minut\" \/>\n<!-- \/ Yoast SEO plugin. -->","yoast_head_json":{"title":"TRUUSK Badrumshylla - Med Tv\u00e4ttkorg - 3 Hyllplan - Bamburam - 44x33x160cm - Natur - TRUUSK - Hem, Tr\u00e4dg\u00e5rd &amp; Fritid","robots":{"index":"index","follow":"follow","max-snippet":"max-snippet:-1","max-image-preview":"max-image-preview:large","max-video-preview":"max-video-preview:-1"},"canonical":"https:\/\/truusk.store\/sv\/produkt\/truusk-badrumshylla-med-tvattkorg-3-hyllplan-bamburam-44x33x160cm-natur\/","og_locale":"sv_SE","og_type":"article","og_title":"TRUUSK Badrumshylla - Med Tv\u00e4ttkorg - 3 Hyllplan - Bamburam - 44x33x160cm - Natur - TRUUSK - Hem, Tr\u00e4dg\u00e5rd &amp; Fritid","og_description":"Uppt\u00e4ck den eleganta TRUUSK badrumssk\u00e5pet f\u00f6r ditt badrum, en perfekt kombination av stil och funktionalitet. Detta smala badrumshylla erbjuder med...","og_url":"https:\/\/truusk.store\/sv\/produkt\/truusk-badrumshylla-med-tvattkorg-3-hyllplan-bamburam-44x33x160cm-natur\/","og_site_name":"TRUUSK - Hem, Tr\u00e4dg\u00e5rd &amp; Fritid","article_modified_time":"2026-03-12T08:39:35+00:00","og_image":[{"width":2000,"height":2000,"url":"https:\/\/i0.wp.com\/truusk.se\/wp-content\/uploads\/2025\/08\/badrumshylla-med-tvattkorg-3-hyllplan-bamburam-44x33x160cm-natur-1.webp?fit=2000%2C2000&ssl=1","type":"image\/webp"}],"twitter_card":"summary_large_image","twitter_misc":{"Ber\u00e4knad l\u00e4stid":"1 minut"},"schema":{"@context":"https:\/\/schema.org","@graph":[{"@type":"WebPage","@id":"https:\/\/truusk.store\/sv\/produkt\/truusk-badrumshylla-med-tvattkorg-3-hyllplan-bamburam-44x33x160cm-natur\/","url":"https:\/\/truusk.store\/sv\/produkt\/truusk-badrumshylla-med-tvattkorg-3-hyllplan-bamburam-44x33x160cm-natur\/","name":"TRUUSK Badrumshylla - Med Tv\u00e4ttkorg - 3 Hyllplan - Bamburam - 44x33x160cm - Natur - TRUUSK - Hem, Tr\u00e4dg\u00e5rd &amp; Fritid","isPartOf":{"@id":"https:\/\/truusk.store\/sv\/#website"},"primaryImageOfPage":{"@id":"https:\/\/truusk.store\/sv\/produkt\/truusk-badrumshylla-med-tvattkorg-3-hyllplan-bamburam-44x33x160cm-natur\/#primaryimage"},"image":{"@id":"https:\/\/truusk.store\/sv\/produkt\/truusk-badrumshylla-med-tvattkorg-3-hyllplan-bamburam-44x33x160cm-natur\/#primaryimage"},"thumbnailUrl":"https:\/\/i0.wp.com\/truusk.store\/wp-content\/uploads\/2025\/08\/badrumshylla-med-tvattkorg-3-hyllplan-bamburam-44x33x160cm-natur-1.webp?fit=2000%2C2000&ssl=1","datePublished":"2025-08-20T05:00:31+00:00","dateModified":"2026-03-12T08:39:35+00:00","breadcrumb":{"@id":"https:\/\/truusk.store\/sv\/produkt\/truusk-badrumshylla-med-tvattkorg-3-hyllplan-bamburam-44x33x160cm-natur\/#breadcrumb"},"inLanguage":"sv-SE","potentialAction":[{"@type":"ReadAction","target":["https:\/\/truusk.store\/sv\/produkt\/truusk-badrumshylla-med-tvattkorg-3-hyllplan-bamburam-44x33x160cm-natur\/"]}]},{"@type":"ImageObject","inLanguage":"sv-SE","@id":"https:\/\/truusk.store\/sv\/produkt\/truusk-badrumshylla-med-tvattkorg-3-hyllplan-bamburam-44x33x160cm-natur\/#primaryimage","url":"https:\/\/i0.wp.com\/truusk.store\/wp-content\/uploads\/2025\/08\/badrumshylla-med-tvattkorg-3-hyllplan-bamburam-44x33x160cm-natur-1.webp?fit=2000%2C2000&ssl=1","contentUrl":"https:\/\/i0.wp.com\/truusk.store\/wp-content\/uploads\/2025\/08\/badrumshylla-med-tvattkorg-3-hyllplan-bamburam-44x33x160cm-natur-1.webp?fit=2000%2C2000&ssl=1","width":2000,"height":2000},{"@type":"BreadcrumbList","@id":"https:\/\/truusk.store\/sv\/produkt\/truusk-badrumshylla-med-tvattkorg-3-hyllplan-bamburam-44x33x160cm-natur\/#breadcrumb","itemListElement":[{"@type":"ListItem","position":1,"name":"Home","item":"https:\/\/truusk.store\/sv\/"},{"@type":"ListItem","position":2,"name":"Shop","item":"https:\/\/truusk.store\/shop\/"},{"@type":"ListItem","position":3,"name":"TRUUSK Badrumshylla &#8211; Med Tv\u00e4ttkorg &#8211; 3 Hyllplan &#8211; Bamburam &#8211; 44x33x160cm &#8211; Natur"}]},{"@type":"WebSite","@id":"https:\/\/truusk.store\/sv\/#website","url":"https:\/\/truusk.store\/sv\/","name":"TRUUSK - Hem, Tr\u00e4dg\u00e5rd & Fritid","description":"","publisher":{"@id":"https:\/\/truusk.store\/sv\/#organization"},"potentialAction":[{"@type":"SearchAction","target":{"@type":"EntryPoint","urlTemplate":"https:\/\/truusk.store\/sv\/?s={search_term_string}"},"query-input":{"@type":"PropertyValueSpecification","valueRequired":true,"valueName":"search_term_string"}}],"inLanguage":"sv-SE"},{"@type":"Organization","@id":"https:\/\/truusk.store\/sv\/#organization","name":"TRUUSK - Hem, Tr\u00e4dg\u00e5rd & Fritid","url":"https:\/\/truusk.store\/sv\/","logo":{"@type":"ImageObject","inLanguage":"sv-SE","@id":"https:\/\/truusk.store\/sv\/#\/schema\/logo\/image\/","url":"https:\/\/i0.wp.com\/truusk.store\/wp-content\/uploads\/2026\/03\/cropped-TRUUSK.png?fit=2032%2C917&ssl=1","contentUrl":"https:\/\/i0.wp.com\/truusk.store\/wp-content\/uploads\/2026\/03\/cropped-TRUUSK.png?fit=2032%2C917&ssl=1","width":2032,"height":917,"caption":"TRUUSK - Hem, Tr\u00e4dg\u00e5rd & Fritid"},"image":{"@id":"https:\/\/truusk.store\/sv\/#\/schema\/logo\/image\/"}}]}},"jetpack_sharing_enabled":true,"_links":{"self":[{"href":"https:\/\/truusk.store\/sv\/wp-json\/wp\/v2\/product\/87238","targetHints":{"allow":["GET"]}}],"collection":[{"href":"https:\/\/truusk.store\/sv\/wp-json\/wp\/v2\/product"}],"about":[{"href":"https:\/\/truusk.store\/sv\/wp-json\/wp\/v2\/types\/product"}],"wp:featuredmedia":[{"embeddable":true,"href":"https:\/\/truusk.store\/sv\/wp-json\/wp\/v2\/media\/87229"}],"wp:attachment":[{"href":"https:\/\/truusk.store\/sv\/wp-json\/wp\/v2\/media?parent=87238"}],"wp:term":[{"taxonomy":"product_brand","embeddable":true,"href":"https:\/\/truusk.store\/sv\/wp-json\/wp\/v2\/product_brand?post=87238"},{"taxonomy":"product_cat","embeddable":true,"href":"https:\/\/truusk.store\/sv\/wp-json\/wp\/v2\/product_cat?post=87238"},{"taxonomy":"product_tag","embeddable":true,"href":"https:\/\/truusk.store\/sv\/wp-json\/wp\/v2\/product_tag?post=87238"}],"curies":[{"name":"wp","href":"https:\/\/api.w.org\/{rel}","templated":true}]}}