{"id":87245,"date":"2025-08-20T06:01:36","date_gmt":"2025-08-20T05:01:36","guid":{"rendered":"https:\/\/truusk.store\/product\/sittkista-sittbank-med-forvaringsutrymme-upp-till-120kg-sammet-utseende-95x38x45cm-gra\/"},"modified":"2026-03-12T09:39:35","modified_gmt":"2026-03-12T08:39:35","slug":"truusk-sittkista-och-sittbank-med-forvaringsutrymme-upp-till-120kg-sammet-utseende-95x38x45cm-gra","status":"publish","type":"product","link":"https:\/\/truusk.store\/sv\/produkt\/truusk-sittkista-och-sittbank-med-forvaringsutrymme-upp-till-120kg-sammet-utseende-95x38x45cm-gra\/","title":{"rendered":"TRUUSK Sittkista och Sittb\u00e4nk &#8211; Med F\u00f6rvaringsutrymme &#8211; Upp Till 120kg &#8211; Sammet Utseende &#8211; 95x38x45cm &#8211; Gr\u00e5"},"content":{"rendered":"<p>Ge ditt hem b\u00e5de extra f\u00f6rvaringsutrymme och en dekorativ accent med den stilfulla TRUUSK b\u00e4nken. Denna eleganta m\u00f6bel passar med olika inredningsstilar och erbjuder en bekv\u00e4m sittplats f\u00f6r dig och dina g\u00e4ster. Under sittytan finns ett praktiskt f\u00f6rvaringsutrymme f\u00f6r alla de saker som annars inte hittar en plats, som extra filtar eller handdukar. Med TRUUSK stoppade b\u00e4nk f\u00f6rvandlar du ditt hem till ett riktigt hem.<\/p>\n<p>Beskrivning:<\/p>\n<ul>\n<li> Anv\u00e4nd sittpallen som skob\u00e4nk, s\u00e4ngb\u00e4nk eller helt enkelt som extra sittplats<\/li>\n<li> Denna eleganta s\u00e4ngb\u00e4nk ger varje rum en tilltalande accent<\/li>\n<li> G\u00f6m diskret vardagsf\u00f6rem\u00e5l under sittytan och skapa ordning i ditt hem<\/li>\n<li> Njut av h\u00f6g sittkomfort tack vare tjock stoppning och elegant kl\u00e4dsel i kashmirlook<\/li>\n<li> Benen p\u00e5 den stoppade b\u00e4nken av massivt gummitr\u00e4 garanterar h\u00f6g stabilitet och h\u00e5llbarhet<\/li>\n<li> Integrerade golvskydd f\u00f6rhindrar repor p\u00e5 k\u00e4nsliga underlag<\/li>\n<li> Enkel montering<\/li>\n<\/ul>\n<p>Tekniska data:<\/p>\n<ul>\n<li> F\u00e4rg: Gr\u00e5<\/li>\n<li> Material: Polyester, skumgummi, gummitr\u00e4<\/li>\n<li> Totala dimensioner: 95B x 38T x 45H cm<\/li>\n<li> Hyllplan: 85B x 28T x 20H cm<\/li>\n<li> Benh\u00f6jd: 20 cm<\/li>\n<li> B\u00e4rkapacitet: 120 kg<\/li>\n<\/ul>\n<p>Leveransinneh\u00e5ll:<\/p>\n<ul>\n<li> 1 x Sittb\u00e4nk<\/li>\n<li> 1 x Handbok<\/li>\n<\/ul>\n","protected":false},"excerpt":{"rendered":"<p>Ge ditt hem b\u00e5de extra f\u00f6rvaringsutrymme och en dekorativ accent med den stilfulla TRUUSK b\u00e4nken. Denna eleganta m\u00f6bel passar med&#8230;<\/p>\n","protected":false},"featured_media":87239,"template":"","meta":[],"product_brand":[],"product_cat":[893,871,979],"product_tag":[],"class_list":{"0":"post-87245","1":"product","2":"type-product","3":"status-publish","4":"has-post-thumbnail","6":"product_cat-garderob-hall","7":"product_cat-hus-hem","8":"product_cat-sittbankar","10":"first","11":"instock","12":"sale","13":"taxable","14":"shipping-taxable","15":"purchasable","16":"product-type-simple"},"yoast_head":"<!-- This site is optimized with the Yoast SEO plugin v25.4 - https:\/\/yoast.com\/wordpress\/plugins\/seo\/ -->\n<title>TRUUSK Sittkista och Sittb\u00e4nk - Med F\u00f6rvaringsutrymme - Upp Till 120kg - Sammet Utseende - 95x38x45cm - Gr\u00e5 - TRUUSK - Hem, Tr\u00e4dg\u00e5rd &amp; Fritid<\/title>\n<meta name=\"robots\" content=\"index, follow, max-snippet:-1, max-image-preview:large, max-video-preview:-1\" \/>\n<link rel=\"canonical\" href=\"https:\/\/truusk.store\/sv\/produkt\/truusk-sittkista-och-sittbank-med-forvaringsutrymme-upp-till-120kg-sammet-utseende-95x38x45cm-gra\/\" \/>\n<meta property=\"og:locale\" content=\"sv_SE\" \/>\n<meta property=\"og:type\" content=\"article\" \/>\n<meta property=\"og:title\" content=\"TRUUSK Sittkista och Sittb\u00e4nk - Med F\u00f6rvaringsutrymme - Upp Till 120kg - Sammet Utseende - 95x38x45cm - Gr\u00e5 - TRUUSK - Hem, Tr\u00e4dg\u00e5rd &amp; Fritid\" \/>\n<meta property=\"og:description\" content=\"Ge ditt hem b\u00e5de extra f\u00f6rvaringsutrymme och en dekorativ accent med den stilfulla TRUUSK b\u00e4nken. Denna eleganta m\u00f6bel passar med...\" \/>\n<meta property=\"og:url\" content=\"https:\/\/truusk.store\/sv\/produkt\/truusk-sittkista-och-sittbank-med-forvaringsutrymme-upp-till-120kg-sammet-utseende-95x38x45cm-gra\/\" \/>\n<meta property=\"og:site_name\" content=\"TRUUSK - Hem, Tr\u00e4dg\u00e5rd &amp; Fritid\" \/>\n<meta property=\"article:modified_time\" content=\"2026-03-12T08:39:35+00:00\" \/>\n<meta property=\"og:image\" content=\"https:\/\/i0.wp.com\/truusk.se\/wp-content\/uploads\/2025\/08\/sittkista-sittbank-med-forvaringsutrymme-upp-till-120kg-sammet-utseende-95x38x45cm-gra-1.webp?fit=2000%2C2000&ssl=1\" \/>\n\t<meta property=\"og:image:width\" content=\"2000\" \/>\n\t<meta property=\"og:image:height\" content=\"2000\" \/>\n\t<meta property=\"og:image:type\" content=\"image\/webp\" \/>\n<meta name=\"twitter:card\" content=\"summary_large_image\" \/>\n<meta name=\"twitter:label1\" content=\"Ber\u00e4knad l\u00e4stid\" \/>\n\t<meta name=\"twitter:data1\" content=\"1 minut\" \/>\n<!-- \/ Yoast SEO plugin. -->","yoast_head_json":{"title":"TRUUSK Sittkista och Sittb\u00e4nk - Med F\u00f6rvaringsutrymme - Upp Till 120kg - Sammet Utseende - 95x38x45cm - Gr\u00e5 - TRUUSK - Hem, Tr\u00e4dg\u00e5rd &amp; Fritid","robots":{"index":"index","follow":"follow","max-snippet":"max-snippet:-1","max-image-preview":"max-image-preview:large","max-video-preview":"max-video-preview:-1"},"canonical":"https:\/\/truusk.store\/sv\/produkt\/truusk-sittkista-och-sittbank-med-forvaringsutrymme-upp-till-120kg-sammet-utseende-95x38x45cm-gra\/","og_locale":"sv_SE","og_type":"article","og_title":"TRUUSK Sittkista och Sittb\u00e4nk - Med F\u00f6rvaringsutrymme - Upp Till 120kg - Sammet Utseende - 95x38x45cm - Gr\u00e5 - TRUUSK - Hem, Tr\u00e4dg\u00e5rd &amp; Fritid","og_description":"Ge ditt hem b\u00e5de extra f\u00f6rvaringsutrymme och en dekorativ accent med den stilfulla TRUUSK b\u00e4nken. Denna eleganta m\u00f6bel passar med...","og_url":"https:\/\/truusk.store\/sv\/produkt\/truusk-sittkista-och-sittbank-med-forvaringsutrymme-upp-till-120kg-sammet-utseende-95x38x45cm-gra\/","og_site_name":"TRUUSK - Hem, Tr\u00e4dg\u00e5rd &amp; Fritid","article_modified_time":"2026-03-12T08:39:35+00:00","og_image":[{"width":2000,"height":2000,"url":"https:\/\/i0.wp.com\/truusk.se\/wp-content\/uploads\/2025\/08\/sittkista-sittbank-med-forvaringsutrymme-upp-till-120kg-sammet-utseende-95x38x45cm-gra-1.webp?fit=2000%2C2000&ssl=1","type":"image\/webp"}],"twitter_card":"summary_large_image","twitter_misc":{"Ber\u00e4knad l\u00e4stid":"1 minut"},"schema":{"@context":"https:\/\/schema.org","@graph":[{"@type":"WebPage","@id":"https:\/\/truusk.store\/sv\/produkt\/truusk-sittkista-och-sittbank-med-forvaringsutrymme-upp-till-120kg-sammet-utseende-95x38x45cm-gra\/","url":"https:\/\/truusk.store\/sv\/produkt\/truusk-sittkista-och-sittbank-med-forvaringsutrymme-upp-till-120kg-sammet-utseende-95x38x45cm-gra\/","name":"TRUUSK Sittkista och Sittb\u00e4nk - Med F\u00f6rvaringsutrymme - Upp Till 120kg - Sammet Utseende - 95x38x45cm - Gr\u00e5 - TRUUSK - Hem, Tr\u00e4dg\u00e5rd &amp; Fritid","isPartOf":{"@id":"https:\/\/truusk.store\/sv\/#website"},"primaryImageOfPage":{"@id":"https:\/\/truusk.store\/sv\/produkt\/truusk-sittkista-och-sittbank-med-forvaringsutrymme-upp-till-120kg-sammet-utseende-95x38x45cm-gra\/#primaryimage"},"image":{"@id":"https:\/\/truusk.store\/sv\/produkt\/truusk-sittkista-och-sittbank-med-forvaringsutrymme-upp-till-120kg-sammet-utseende-95x38x45cm-gra\/#primaryimage"},"thumbnailUrl":"https:\/\/i0.wp.com\/truusk.store\/wp-content\/uploads\/2025\/08\/sittkista-sittbank-med-forvaringsutrymme-upp-till-120kg-sammet-utseende-95x38x45cm-gra-1.webp?fit=2000%2C2000&ssl=1","datePublished":"2025-08-20T05:01:36+00:00","dateModified":"2026-03-12T08:39:35+00:00","breadcrumb":{"@id":"https:\/\/truusk.store\/sv\/produkt\/truusk-sittkista-och-sittbank-med-forvaringsutrymme-upp-till-120kg-sammet-utseende-95x38x45cm-gra\/#breadcrumb"},"inLanguage":"sv-SE","potentialAction":[{"@type":"ReadAction","target":["https:\/\/truusk.store\/sv\/produkt\/truusk-sittkista-och-sittbank-med-forvaringsutrymme-upp-till-120kg-sammet-utseende-95x38x45cm-gra\/"]}]},{"@type":"ImageObject","inLanguage":"sv-SE","@id":"https:\/\/truusk.store\/sv\/produkt\/truusk-sittkista-och-sittbank-med-forvaringsutrymme-upp-till-120kg-sammet-utseende-95x38x45cm-gra\/#primaryimage","url":"https:\/\/i0.wp.com\/truusk.store\/wp-content\/uploads\/2025\/08\/sittkista-sittbank-med-forvaringsutrymme-upp-till-120kg-sammet-utseende-95x38x45cm-gra-1.webp?fit=2000%2C2000&ssl=1","contentUrl":"https:\/\/i0.wp.com\/truusk.store\/wp-content\/uploads\/2025\/08\/sittkista-sittbank-med-forvaringsutrymme-upp-till-120kg-sammet-utseende-95x38x45cm-gra-1.webp?fit=2000%2C2000&ssl=1","width":2000,"height":2000},{"@type":"BreadcrumbList","@id":"https:\/\/truusk.store\/sv\/produkt\/truusk-sittkista-och-sittbank-med-forvaringsutrymme-upp-till-120kg-sammet-utseende-95x38x45cm-gra\/#breadcrumb","itemListElement":[{"@type":"ListItem","position":1,"name":"Home","item":"https:\/\/truusk.store\/sv\/"},{"@type":"ListItem","position":2,"name":"Shop","item":"https:\/\/truusk.store\/shop\/"},{"@type":"ListItem","position":3,"name":"TRUUSK Sittkista och Sittb\u00e4nk &#8211; Med F\u00f6rvaringsutrymme &#8211; Upp Till 120kg &#8211; Sammet Utseende &#8211; 95x38x45cm &#8211; Gr\u00e5"}]},{"@type":"WebSite","@id":"https:\/\/truusk.store\/sv\/#website","url":"https:\/\/truusk.store\/sv\/","name":"TRUUSK - Hem, Tr\u00e4dg\u00e5rd & Fritid","description":"","publisher":{"@id":"https:\/\/truusk.store\/sv\/#organization"},"potentialAction":[{"@type":"SearchAction","target":{"@type":"EntryPoint","urlTemplate":"https:\/\/truusk.store\/sv\/?s={search_term_string}"},"query-input":{"@type":"PropertyValueSpecification","valueRequired":true,"valueName":"search_term_string"}}],"inLanguage":"sv-SE"},{"@type":"Organization","@id":"https:\/\/truusk.store\/sv\/#organization","name":"TRUUSK - Hem, Tr\u00e4dg\u00e5rd & Fritid","url":"https:\/\/truusk.store\/sv\/","logo":{"@type":"ImageObject","inLanguage":"sv-SE","@id":"https:\/\/truusk.store\/sv\/#\/schema\/logo\/image\/","url":"https:\/\/i0.wp.com\/truusk.store\/wp-content\/uploads\/2026\/03\/cropped-TRUUSK.png?fit=2032%2C917&ssl=1","contentUrl":"https:\/\/i0.wp.com\/truusk.store\/wp-content\/uploads\/2026\/03\/cropped-TRUUSK.png?fit=2032%2C917&ssl=1","width":2032,"height":917,"caption":"TRUUSK - Hem, Tr\u00e4dg\u00e5rd & Fritid"},"image":{"@id":"https:\/\/truusk.store\/sv\/#\/schema\/logo\/image\/"}}]}},"jetpack_sharing_enabled":true,"_links":{"self":[{"href":"https:\/\/truusk.store\/sv\/wp-json\/wp\/v2\/product\/87245","targetHints":{"allow":["GET"]}}],"collection":[{"href":"https:\/\/truusk.store\/sv\/wp-json\/wp\/v2\/product"}],"about":[{"href":"https:\/\/truusk.store\/sv\/wp-json\/wp\/v2\/types\/product"}],"wp:featuredmedia":[{"embeddable":true,"href":"https:\/\/truusk.store\/sv\/wp-json\/wp\/v2\/media\/87239"}],"wp:attachment":[{"href":"https:\/\/truusk.store\/sv\/wp-json\/wp\/v2\/media?parent=87245"}],"wp:term":[{"taxonomy":"product_brand","embeddable":true,"href":"https:\/\/truusk.store\/sv\/wp-json\/wp\/v2\/product_brand?post=87245"},{"taxonomy":"product_cat","embeddable":true,"href":"https:\/\/truusk.store\/sv\/wp-json\/wp\/v2\/product_cat?post=87245"},{"taxonomy":"product_tag","embeddable":true,"href":"https:\/\/truusk.store\/sv\/wp-json\/wp\/v2\/product_tag?post=87245"}],"curies":[{"name":"wp","href":"https:\/\/api.w.org\/{rel}","templated":true}]}}